{"id":1004,"date":"2011-08-02T20:59:37","date_gmt":"2011-08-02T18:59:37","guid":{"rendered":"http:\/\/www.komedija.hr\/web\/?page_id=1004"},"modified":"2025-06-11T12:18:03","modified_gmt":"2025-06-11T10:18:03","slug":"loncar-damir","status":"publish","type":"page","link":"https:\/\/www.komedija.hr\/www\/ansambl-2\/glumci\/loncar-damir\/","title":{"rendered":"Damir Lon\u010dar"},"content":{"rendered":"<table border=\"0\" width=\"100%\">\n<tbody>\n<tr>\n<td><a href=\"http:\/\/www.komedija.hr\/www\/wp-content\/uploads\/2011\/08\/damir_loncar.jpg\" target=\"_blank\" rel=\"noopener noreferrer\"><img decoding=\"async\" class=\"alignnone wp-image-7223 size-medium\" src=\"http:\/\/www.komedija.hr\/www\/wp-content\/uploads\/2011\/08\/damir_loncar-200x300.jpg\" alt=\"damir_loncar\" width=\"200\" height=\"300\" srcset=\"https:\/\/www.komedija.hr\/www\/wp-content\/uploads\/2011\/08\/damir_loncar-200x300.jpg 200w, https:\/\/www.komedija.hr\/www\/wp-content\/uploads\/2011\/08\/damir_loncar.jpg 533w\" sizes=\"(max-width: 200px) 100vw, 200px\" \/><\/a><\/td>\n<td>Glumac<\/td>\n<\/tr>\n<tr valign=\"top\">\n<td colspan=\"2\" height=\"20\">&nbsp;<\/td>\n<\/tr>\n<tr>\n<td valign=\"top\" width=\"18%\" height=\"25\"><strong>GODINA I MJESTO RO\u0110ENJA <\/strong><\/td>\n<td valign=\"top\" width=\"82%\" height=\"25\">\n<div align=\"left\">1961., Osijek<\/div>\n<\/td>\n<\/tr>\n<tr>\n<td valign=\"top\" width=\"18%\"><strong>ansambl<\/strong><\/td>\n<td valign=\"top\" width=\"82%\">Kazali\u0161te &#8220;Komedija&#8221;, p.p. 428, Zagreb<br \/>\ntel.: +385 (0)1 48 13 200; fax: +385 (0)1 48 12 179<br \/>\ne-mail: <a href=\"mailto:propaganda@komedija.hr\">propaganda@komedija.hr<\/a><\/td>\n<\/tr>\n<tr>\n<td valign=\"top\" width=\"18%\" height=\"25\"><strong>OBRAZOVANJE<\/strong><\/td>\n<td valign=\"top\" width=\"82%\" height=\"25\">Akademija dramske umjetnosti Sveu\u010dili\u0161ta u Zagrebu<\/td>\n<\/tr>\n<tr>\n<td colspan=\"2\" valign=\"top\">&nbsp;<\/td>\n<\/tr>\n<tr>\n<td valign=\"top\" width=\"18%\" height=\"117\"><strong>KAZALI\u0160TE<\/strong><\/td>\n<td valign=\"top\" width=\"82%\" height=\"117\">HNK Osijek: <strong>Glorija, Bljesak zlatnog zuba,<\/strong> <strong>Kaligula, Samoubojica,<\/strong> <strong>Hamlet,<\/strong> <strong>Kro\u0107enje goropadnosti,<\/strong> <strong>Pri\u010de iz be\u010dke \u0161ume,<\/strong> <strong>\u010caruga,<\/strong> <strong>Pustolov pred vratima,<\/strong> <strong>U logoru<\/strong>;Dubrova\u010dke ljetne igre:<strong> Skup, Dundo Maroje, Posjet stare dame<\/strong>; GD Histrion; Fine strine s Opatovine, Stoka sitnog zuba, Svoga tela gospodar (re\u017eija i uloga) ZGK &#8220;Komedija&#8221;: <strong>Barun Trenk, Luda no\u0107 u hotelu President,<\/strong> <strong>\u0160trudl od tre\u0161anja,<\/strong> <strong>Luda lova,<\/strong> <strong>Od kreveta do kreveta <\/strong>(i koredatelj)<strong>, Na tri kralja ili kako ho\u0107ete, Buba u uhu <\/strong>(i asistent redatelja)<strong>, Gostioni\u010darka, Opera za tri gro\u0161a, Kneginja \u010darda\u0161a, Svoga tela gospodar <\/strong>(i pomo\u0107nik redatelja)<strong>, Mali du\u0107an strave <\/strong>(i koredatelj), <strong>\u010caruga <\/strong>(i redatelj)<strong>, Budala za ve\u010deru, Mala Floramye, San ivanjske no\u0107i <\/strong>(i pomo\u0107nik redatelja)<strong>, Klupko, Nemo\u0107nik u pameti, Narodil se mladi kralj, Gubec-beg <\/strong>(koredatelj)<strong>, Patnje gospodina Mockinpotta, Skidajte se do kraja, Uhva\u0107en u mre\u017eu, Cigle svete Elizabete <\/strong>(i redatelj), <strong>Odlazak, Dundo Maroje 008, Da, ministre!, Terapija, terapija! <\/strong>(redatelj),&nbsp;<strong>\u010cisto ludilo, Operetni Express 2 013 <\/strong>(i redatelj),&nbsp;<strong>Broadway u Komediji &#8211; Inventura <\/strong>(glas), <strong><span style=\"color: #000000;\">Ukro\u0107ena goropadnica, Monty Python&#8217;s Spamalot <\/span><\/strong><span style=\"color: #000000;\">(i suradnik redatelja); <strong>Mala kavana <\/strong>(i redatelj)<strong>, Skup, Bljesak zlatnog zuba, Vanja i Sonja i Ma\u0161a i Picko, Talijanski slamnati \u0161e\u0161ir, Revizor, Legenda o svetom Muhli, Jesus Christ Superstar <\/strong>(redatelj), <strong>Grofica Marica, Ludnica s tenorima, Velo misto; Krava na granici <\/strong>(i redatelj)<strong>; Moma\u010dka ve\u010der; Ponos i predrasude;<\/strong><\/span><\/td>\n<\/tr>\n<tr>\n<td valign=\"top\" width=\"18%\"><strong>FILM<\/strong><\/td>\n<td valign=\"top\" width=\"82%\"><strong>Luka<\/strong> (Radi\u0107), <strong>Bo\u017ei\u0107 u Be\u010du<\/strong> (Schmidt), <strong>Srce nije u modi<\/strong> (Schmidt), <strong>Duga mra\u010dna no\u0107<\/strong> (Vrdoljak)<\/td>\n<\/tr>\n<tr>\n<td valign=\"top\" width=\"18%\"><strong>TELEVIZIJA<\/strong><\/td>\n<td valign=\"top\" width=\"82%\"><strong>Moja ku\u0107ica, moja slobodica<\/strong> (HTV), <strong>Ma\u0161a mala klinika <\/strong>(Nova)<\/td>\n<\/tr>\n<tr>\n<td valign=\"top\" width=\"18%\"><strong>OSTALO<\/strong><\/td>\n<td valign=\"top\" width=\"82%\">radio kao nastavnik glume na podru\u010dnom odjeljenju zagreba\u010dke Akademije u Osijeku i na akademiji u Zagrebu<\/td>\n<\/tr>\n<tr>\n<td colspan=\"2\" valign=\"top\">&nbsp;<\/td>\n<\/tr>\n<tr>\n<td valign=\"top\" width=\"18%\" height=\"85\"><strong>NAGRADE I PRIZNANJA<\/strong><\/td>\n<td valign=\"top\" width=\"82%\" height=\"85\"><strong>Nagrada za gluma\u010dko ostvarenje<\/strong> za ulogu Georga Pidgeona (Luda no\u0107 u hotelu President) godine 1994., <strong>Nagrada na &#8220;Marulovim danima&#8221;<\/strong> za ulogu Stipe (Bljesak) 1995. godine, <strong>Nagrada na &#8220;Marulovim danima&#8221;<\/strong> za ulogu don Zane (Gloria), <strong>Zlatna arena za sporednu ulogu<\/strong> na Filmskom festivalu u Puli (&#8220;Luka&#8221; T. Radi\u0107a); <strong>Nagrada hrvatskoga glumi\u0161ta<\/strong> 2009. za ulogu Feldkurata Otta Katza (Dobri vojak \u0160vejk);&nbsp;<strong>Nagrada hrvatskoga glumi\u0161ta<\/strong> 2014. za ulogu Kralja Arthura (Monty Python&#8217;s Spamalot); <strong>Nagrada na 11. Bobijevim danima<\/strong> <strong>smijeha<\/strong> 2022. za najbolju mu\u0161ku ulogu &#8211; Tita Merellija \/ Poslu\u017eitelja Beppa (Ludnica s tenorima); <strong>Nagrada hrvatskoga glumi\u0161ta<\/strong> 2022. za najbolju mu\u0161ku ulogu &#8211; Tita Merellija \/ Poslu\u017eitelja Beppa (Ludnica s tenorima)<\/td>\n<\/tr>\n<tr>\n<td colspan=\"2\" valign=\"top\" height=\"23\">&nbsp;<\/td>\n<\/tr>\n<tr>\n<td valign=\"top\" width=\"18%\" height=\"24\"><strong>STATUSI U &#8220;KOMEDIJI&#8221;<\/strong><\/td>\n<td valign=\"top\" width=\"82%\" height=\"24\">prva premijera 16. lipnja 1992. (Kneginja \u010darda\u0161a), zaposlen od 1. velja\u010de 1994.; glumac, redatelj<\/td>\n<\/tr>\n<\/tbody>\n<\/table>\n","protected":false},"excerpt":{"rendered":"<p>Glumac &nbsp; GODINA I MJESTO RO\u0110ENJA 1961., Osijek ansambl Kazali\u0161te &#8220;Komedija&#8221;, p.p. 428, Zagreb tel.: +385 (0)1 48 13 200; fax: +385 (0)1 48 12 179 e-mail: propaganda@komedija.hr OBRAZOVANJE Akademija dramske umjetnosti Sveu\u010dili\u0161ta u Zagrebu &nbsp; KAZALI\u0160TE HNK Osijek: Glorija, Bljesak zlatnog zuba, Kaligula, Samoubojica, Hamlet, Kro\u0107enje goropadnosti, Pri\u010de iz be\u010dke \u0161ume, \u010caruga, Pustolov pred [&hellip;]<\/p>\n","protected":false},"author":4,"featured_media":0,"parent":6992,"menu_order":0,"comment_status":"closed","ping_status":"closed","template":"","meta":{"ngg_post_thumbnail":0,"footnotes":""},"class_list":["post-1004","page","type-page","status-publish","hentry"],"yoast_head":"<!-- This site is optimized with the Yoast SEO plugin v27.6 - https:\/\/yoast.com\/product\/yoast-seo-wordpress\/ -->\n<title>Damir Lon\u010dar - Kazali\u0161te Komedija<\/title>\n<meta name=\"robots\" content=\"index, follow, max-snippet:-1, max-image-preview:large, max-video-preview:-1\" \/>\n<link rel=\"canonical\" href=\"https:\/\/www.komedija.hr\/www\/ansambl-2\/glumci\/loncar-damir\/\" \/>\n<meta property=\"og:locale\" content=\"hr_HR\" \/>\n<meta property=\"og:type\" content=\"article\" \/>\n<meta property=\"og:title\" content=\"Damir Lon\u010dar - Kazali\u0161te Komedija\" \/>\n<meta property=\"og:description\" content=\"Glumac &nbsp; GODINA I MJESTO RO\u0110ENJA 1961., Osijek ansambl Kazali\u0161te &#8220;Komedija&#8221;, p.p. 428, Zagreb tel.: +385 (0)1 48 13 200; fax: +385 (0)1 48 12 179 e-mail: propaganda@komedija.hr OBRAZOVANJE Akademija dramske umjetnosti Sveu\u010dili\u0161ta u Zagrebu &nbsp; KAZALI\u0160TE HNK Osijek: Glorija, Bljesak zlatnog zuba, Kaligula, Samoubojica, Hamlet, Kro\u0107enje goropadnosti, Pri\u010de iz be\u010dke \u0161ume, \u010caruga, Pustolov pred [&hellip;]\" \/>\n<meta property=\"og:url\" content=\"https:\/\/www.komedija.hr\/www\/ansambl-2\/glumci\/loncar-damir\/\" \/>\n<meta property=\"og:site_name\" content=\"Kazali\u0161te Komedija\" \/>\n<meta property=\"article:publisher\" content=\"https:\/\/www.facebook.com\/kazaliste.komedija\/\" \/>\n<meta property=\"article:modified_time\" content=\"2025-06-11T10:18:03+00:00\" \/>\n<meta property=\"og:image\" content=\"https:\/\/www.komedija.hr\/www\/wp-content\/uploads\/2011\/08\/damir_loncar.jpg\" \/>\n\t<meta property=\"og:image:width\" content=\"533\" \/>\n\t<meta property=\"og:image:height\" content=\"800\" \/>\n\t<meta property=\"og:image:type\" content=\"image\/jpeg\" \/>\n<meta name=\"twitter:card\" content=\"summary_large_image\" \/>\n<meta name=\"twitter:site\" content=\"@KKomedija\" \/>\n<meta name=\"twitter:label1\" content=\"Procijenjeno vrijeme \u010ditanja\" \/>\n\t<meta name=\"twitter:data1\" content=\"3 minute\" \/>\n<script type=\"application\/ld+json\" class=\"yoast-schema-graph\">{\"@context\":\"https:\\\/\\\/schema.org\",\"@graph\":[{\"@type\":\"WebPage\",\"@id\":\"https:\\\/\\\/www.komedija.hr\\\/www\\\/ansambl-2\\\/glumci\\\/loncar-damir\\\/\",\"url\":\"https:\\\/\\\/www.komedija.hr\\\/www\\\/ansambl-2\\\/glumci\\\/loncar-damir\\\/\",\"name\":\"Damir Lon\u010dar - Kazali\u0161te Komedija\",\"isPartOf\":{\"@id\":\"http:\\\/\\\/www.komedija.hr\\\/www\\\/#website\"},\"primaryImageOfPage\":{\"@id\":\"https:\\\/\\\/www.komedija.hr\\\/www\\\/ansambl-2\\\/glumci\\\/loncar-damir\\\/#primaryimage\"},\"image\":{\"@id\":\"https:\\\/\\\/www.komedija.hr\\\/www\\\/ansambl-2\\\/glumci\\\/loncar-damir\\\/#primaryimage\"},\"thumbnailUrl\":\"http:\\\/\\\/www.komedija.hr\\\/www\\\/wp-content\\\/uploads\\\/2011\\\/08\\\/damir_loncar-200x300.jpg\",\"datePublished\":\"2011-08-02T18:59:37+00:00\",\"dateModified\":\"2025-06-11T10:18:03+00:00\",\"breadcrumb\":{\"@id\":\"https:\\\/\\\/www.komedija.hr\\\/www\\\/ansambl-2\\\/glumci\\\/loncar-damir\\\/#breadcrumb\"},\"inLanguage\":\"hr\",\"potentialAction\":[{\"@type\":\"ReadAction\",\"target\":[\"https:\\\/\\\/www.komedija.hr\\\/www\\\/ansambl-2\\\/glumci\\\/loncar-damir\\\/\"]}]},{\"@type\":\"ImageObject\",\"inLanguage\":\"hr\",\"@id\":\"https:\\\/\\\/www.komedija.hr\\\/www\\\/ansambl-2\\\/glumci\\\/loncar-damir\\\/#primaryimage\",\"url\":\"https:\\\/\\\/www.komedija.hr\\\/www\\\/wp-content\\\/uploads\\\/2011\\\/08\\\/damir_loncar.jpg\",\"contentUrl\":\"https:\\\/\\\/www.komedija.hr\\\/www\\\/wp-content\\\/uploads\\\/2011\\\/08\\\/damir_loncar.jpg\",\"width\":533,\"height\":800},{\"@type\":\"BreadcrumbList\",\"@id\":\"https:\\\/\\\/www.komedija.hr\\\/www\\\/ansambl-2\\\/glumci\\\/loncar-damir\\\/#breadcrumb\",\"itemListElement\":[{\"@type\":\"ListItem\",\"position\":1,\"name\":\"Po\u010detna stranica\",\"item\":\"http:\\\/\\\/www.komedija.hr\\\/www\\\/\"},{\"@type\":\"ListItem\",\"position\":2,\"name\":\"Ansambl\",\"item\":\"https:\\\/\\\/www.komedija.hr\\\/www\\\/ansambl-2\\\/\"},{\"@type\":\"ListItem\",\"position\":3,\"name\":\"Glumci\",\"item\":\"https:\\\/\\\/www.komedija.hr\\\/www\\\/ansambl-2\\\/glumci\\\/\"},{\"@type\":\"ListItem\",\"position\":4,\"name\":\"Damir Lon\u010dar\"}]},{\"@type\":\"WebSite\",\"@id\":\"http:\\\/\\\/www.komedija.hr\\\/www\\\/#website\",\"url\":\"http:\\\/\\\/www.komedija.hr\\\/www\\\/\",\"name\":\"Kazali\u0161te Komedija\",\"description\":\"\",\"publisher\":{\"@id\":\"http:\\\/\\\/www.komedija.hr\\\/www\\\/#organization\"},\"potentialAction\":[{\"@type\":\"SearchAction\",\"target\":{\"@type\":\"EntryPoint\",\"urlTemplate\":\"http:\\\/\\\/www.komedija.hr\\\/www\\\/?s={search_term_string}\"},\"query-input\":{\"@type\":\"PropertyValueSpecification\",\"valueRequired\":true,\"valueName\":\"search_term_string\"}}],\"inLanguage\":\"hr\"},{\"@type\":\"Organization\",\"@id\":\"http:\\\/\\\/www.komedija.hr\\\/www\\\/#organization\",\"name\":\"Zagreba\u010dko gradsko Kazali\u0161ta Komedija\",\"url\":\"http:\\\/\\\/www.komedija.hr\\\/www\\\/\",\"logo\":{\"@type\":\"ImageObject\",\"inLanguage\":\"hr\",\"@id\":\"http:\\\/\\\/www.komedija.hr\\\/www\\\/#\\\/schema\\\/logo\\\/image\\\/\",\"url\":\"https:\\\/\\\/www.komedija.hr\\\/www\\\/wp-content\\\/uploads\\\/2020\\\/02\\\/cropped-Kazaliste_Komedija_logo_2.png\",\"contentUrl\":\"https:\\\/\\\/www.komedija.hr\\\/www\\\/wp-content\\\/uploads\\\/2020\\\/02\\\/cropped-Kazaliste_Komedija_logo_2.png\",\"width\":512,\"height\":512,\"caption\":\"Zagreba\u010dko gradsko Kazali\u0161ta Komedija\"},\"image\":{\"@id\":\"http:\\\/\\\/www.komedija.hr\\\/www\\\/#\\\/schema\\\/logo\\\/image\\\/\"},\"sameAs\":[\"https:\\\/\\\/www.facebook.com\\\/kazaliste.komedija\\\/\",\"https:\\\/\\\/x.com\\\/KKomedija\",\"https:\\\/\\\/www.instagram.com\\\/kazaliste_komedija\\\/\",\"https:\\\/\\\/www.youtube.com\\\/channel\\\/UC1NcapMYUXJW3miW_oPxT5w\\\/videos\"]}]}<\/script>\n<!-- \/ Yoast SEO plugin. -->","yoast_head_json":{"title":"Damir Lon\u010dar - Kazali\u0161te Komedija","robots":{"index":"index","follow":"follow","max-snippet":"max-snippet:-1","max-image-preview":"max-image-preview:large","max-video-preview":"max-video-preview:-1"},"canonical":"https:\/\/www.komedija.hr\/www\/ansambl-2\/glumci\/loncar-damir\/","og_locale":"hr_HR","og_type":"article","og_title":"Damir Lon\u010dar - Kazali\u0161te Komedija","og_description":"Glumac &nbsp; GODINA I MJESTO RO\u0110ENJA 1961., Osijek ansambl Kazali\u0161te &#8220;Komedija&#8221;, p.p. 428, Zagreb tel.: +385 (0)1 48 13 200; fax: +385 (0)1 48 12 179 e-mail: propaganda@komedija.hr OBRAZOVANJE Akademija dramske umjetnosti Sveu\u010dili\u0161ta u Zagrebu &nbsp; KAZALI\u0160TE HNK Osijek: Glorija, Bljesak zlatnog zuba, Kaligula, Samoubojica, Hamlet, Kro\u0107enje goropadnosti, Pri\u010de iz be\u010dke \u0161ume, \u010caruga, Pustolov pred [&hellip;]","og_url":"https:\/\/www.komedija.hr\/www\/ansambl-2\/glumci\/loncar-damir\/","og_site_name":"Kazali\u0161te Komedija","article_publisher":"https:\/\/www.facebook.com\/kazaliste.komedija\/","article_modified_time":"2025-06-11T10:18:03+00:00","og_image":[{"width":533,"height":800,"url":"https:\/\/www.komedija.hr\/www\/wp-content\/uploads\/2011\/08\/damir_loncar.jpg","type":"image\/jpeg"}],"twitter_card":"summary_large_image","twitter_site":"@KKomedija","twitter_misc":{"Procijenjeno vrijeme \u010ditanja":"3 minute"},"schema":{"@context":"https:\/\/schema.org","@graph":[{"@type":"WebPage","@id":"https:\/\/www.komedija.hr\/www\/ansambl-2\/glumci\/loncar-damir\/","url":"https:\/\/www.komedija.hr\/www\/ansambl-2\/glumci\/loncar-damir\/","name":"Damir Lon\u010dar - Kazali\u0161te Komedija","isPartOf":{"@id":"http:\/\/www.komedija.hr\/www\/#website"},"primaryImageOfPage":{"@id":"https:\/\/www.komedija.hr\/www\/ansambl-2\/glumci\/loncar-damir\/#primaryimage"},"image":{"@id":"https:\/\/www.komedija.hr\/www\/ansambl-2\/glumci\/loncar-damir\/#primaryimage"},"thumbnailUrl":"http:\/\/www.komedija.hr\/www\/wp-content\/uploads\/2011\/08\/damir_loncar-200x300.jpg","datePublished":"2011-08-02T18:59:37+00:00","dateModified":"2025-06-11T10:18:03+00:00","breadcrumb":{"@id":"https:\/\/www.komedija.hr\/www\/ansambl-2\/glumci\/loncar-damir\/#breadcrumb"},"inLanguage":"hr","potentialAction":[{"@type":"ReadAction","target":["https:\/\/www.komedija.hr\/www\/ansambl-2\/glumci\/loncar-damir\/"]}]},{"@type":"ImageObject","inLanguage":"hr","@id":"https:\/\/www.komedija.hr\/www\/ansambl-2\/glumci\/loncar-damir\/#primaryimage","url":"https:\/\/www.komedija.hr\/www\/wp-content\/uploads\/2011\/08\/damir_loncar.jpg","contentUrl":"https:\/\/www.komedija.hr\/www\/wp-content\/uploads\/2011\/08\/damir_loncar.jpg","width":533,"height":800},{"@type":"BreadcrumbList","@id":"https:\/\/www.komedija.hr\/www\/ansambl-2\/glumci\/loncar-damir\/#breadcrumb","itemListElement":[{"@type":"ListItem","position":1,"name":"Po\u010detna stranica","item":"http:\/\/www.komedija.hr\/www\/"},{"@type":"ListItem","position":2,"name":"Ansambl","item":"https:\/\/www.komedija.hr\/www\/ansambl-2\/"},{"@type":"ListItem","position":3,"name":"Glumci","item":"https:\/\/www.komedija.hr\/www\/ansambl-2\/glumci\/"},{"@type":"ListItem","position":4,"name":"Damir Lon\u010dar"}]},{"@type":"WebSite","@id":"http:\/\/www.komedija.hr\/www\/#website","url":"http:\/\/www.komedija.hr\/www\/","name":"Kazali\u0161te Komedija","description":"","publisher":{"@id":"http:\/\/www.komedija.hr\/www\/#organization"},"potentialAction":[{"@type":"SearchAction","target":{"@type":"EntryPoint","urlTemplate":"http:\/\/www.komedija.hr\/www\/?s={search_term_string}"},"query-input":{"@type":"PropertyValueSpecification","valueRequired":true,"valueName":"search_term_string"}}],"inLanguage":"hr"},{"@type":"Organization","@id":"http:\/\/www.komedija.hr\/www\/#organization","name":"Zagreba\u010dko gradsko Kazali\u0161ta Komedija","url":"http:\/\/www.komedija.hr\/www\/","logo":{"@type":"ImageObject","inLanguage":"hr","@id":"http:\/\/www.komedija.hr\/www\/#\/schema\/logo\/image\/","url":"https:\/\/www.komedija.hr\/www\/wp-content\/uploads\/2020\/02\/cropped-Kazaliste_Komedija_logo_2.png","contentUrl":"https:\/\/www.komedija.hr\/www\/wp-content\/uploads\/2020\/02\/cropped-Kazaliste_Komedija_logo_2.png","width":512,"height":512,"caption":"Zagreba\u010dko gradsko Kazali\u0161ta Komedija"},"image":{"@id":"http:\/\/www.komedija.hr\/www\/#\/schema\/logo\/image\/"},"sameAs":["https:\/\/www.facebook.com\/kazaliste.komedija\/","https:\/\/x.com\/KKomedija","https:\/\/www.instagram.com\/kazaliste_komedija\/","https:\/\/www.youtube.com\/channel\/UC1NcapMYUXJW3miW_oPxT5w\/videos"]}]}},"_links":{"self":[{"href":"https:\/\/www.komedija.hr\/www\/wp-json\/wp\/v2\/pages\/1004","targetHints":{"allow":["GET"]}}],"collection":[{"href":"https:\/\/www.komedija.hr\/www\/wp-json\/wp\/v2\/pages"}],"about":[{"href":"https:\/\/www.komedija.hr\/www\/wp-json\/wp\/v2\/types\/page"}],"author":[{"embeddable":true,"href":"https:\/\/www.komedija.hr\/www\/wp-json\/wp\/v2\/users\/4"}],"replies":[{"embeddable":true,"href":"https:\/\/www.komedija.hr\/www\/wp-json\/wp\/v2\/comments?post=1004"}],"version-history":[{"count":4,"href":"https:\/\/www.komedija.hr\/www\/wp-json\/wp\/v2\/pages\/1004\/revisions"}],"predecessor-version":[{"id":20874,"href":"https:\/\/www.komedija.hr\/www\/wp-json\/wp\/v2\/pages\/1004\/revisions\/20874"}],"up":[{"embeddable":true,"href":"https:\/\/www.komedija.hr\/www\/wp-json\/wp\/v2\/pages\/6992"}],"wp:attachment":[{"href":"https:\/\/www.komedija.hr\/www\/wp-json\/wp\/v2\/media?parent=1004"}],"curies":[{"name":"wp","href":"https:\/\/api.w.org\/{rel}","templated":true}]}}