{"id":10730,"date":"2018-06-13T12:54:01","date_gmt":"2018-06-13T10:54:01","guid":{"rendered":"http:\/\/www.komedija.hr\/www\/?page_id=10730"},"modified":"2022-07-14T14:38:18","modified_gmt":"2022-07-14T12:38:18","slug":"39-stepenica","status":"publish","type":"page","link":"https:\/\/www.komedija.hr\/www\/arhiva-predstava\/39-stepenica\/","title":{"rendered":"39 STEPENICA"},"content":{"rendered":"<p>Prema dogovoru s Edwardom Snapeom za Fiery Angel Limited<\/p>\n<p>John Buchan i Alfred Hitchcock:<\/p>\n<p><strong>39 STEPENICA<br \/>\n<\/strong>Adaptirao: Patrick Barlow<br \/>\nPrema originalnom konceptu Simona Corblea i Nobbyja Dimona<\/p>\n<blockquote><p>ubojita komedija<\/p><\/blockquote>\n<p>Redatelj: <strong>MARKO JURAGA<br \/>\n<\/strong>Scenograf: <strong>TOMISLAV RUSZKOWSKI<br \/>\n<\/strong>Kostimografkinja: <strong>ELVIRA ULIP<br \/>\n<\/strong>Oblikovatelj svjetla:<strong> AN\u0110ELKO KOS<br \/>\n<\/strong>Autor projekcija: <strong>DALIBOR TALAJI\u0106<br \/>\n<\/strong>Autorica glazbe: <strong>ANITA ANDREIS<br \/>\n<\/strong>Asistentica redatelja: <strong>DORA BALOG<\/strong><\/p>\n<p>Uloge:<br \/>\n<strong>RICHARD HANNAY<em>:<\/em><\/strong><strong> <a href=\"http:\/\/www.komedija.hr\/www\/ansambl-2\/glumci\/goran-malus\/\">Goran Malus<\/a><br \/>\n<\/strong><strong>ANNABELLA SCHMIDT \/ PAMELA \/ MARGARE<\/strong><strong>T:<\/strong> <a href=\"http:\/\/www.komedija.hr\/www\/ansambl-2\/glumci\/palic-picukaric-jasna\/\"><strong>Jasna Pali\u0107 Picukari\u0107<\/strong><\/a><br \/>\n<strong>TIP 1: <a href=\"http:\/\/www.komedija.hr\/www\/ansambl-2\/glumci\/davor-svedruzic\/\">Davor Svedru\u017ei\u0107<\/a><br \/>\n<\/strong><strong>TIP 2: <a href=\"http:\/\/www.komedija.hr\/www\/ansambl-2\/glumci\/buneta-sasa\/\">Sa\u0161a Buneta<\/a><\/strong><\/p>\n<p>[supsystic-gallery id=41]<\/p>\n<p>Melodramatska pri\u010da koju je za film adaptirao Alfred Hitchkock prema romanu Johna Buchana iz prve polovice pro\u0161log stolje\u0107a premijerno \u0107e za\u017eivjeti na novoj Komedijinoj \u201eno\u0107noj\u201c sceni ispod sredi\u0161njeg zagreba\u010dkog trga. Izvorno \u0161pijunski triler s mno\u0161tvom romantike i strasti ovdje je pretvoren u duhovitu igru s naglaskom na komi\u010dnim situacijama, farsi i parodiji koja se posti\u017ee prvenstveno kazali\u0161nim sredstvima i iznimnom gluma\u010dkom vje\u0161tinom. Adaptacija pro\u0161lostoljetnog klasika postala je jednom od najuspje\u0161nijih dramskih predstava posljednjih deset godina na Broadwayju.<\/p>\n<p><strong>Premijera: 11. i 12. 10. 2018.<\/strong><\/p>\n<p><span style=\"color: #ff0000;\"><strong>NAPOMENA:<\/strong> <\/span><strong>Od listopada 2020. predstava \u0107e igrati u kazali\u0161tu &#8220;Komedija&#8221;!<br \/>\nCijena ulaznica: 70,00 i 50,00 kn<\/strong><\/p>\n<p>Godine 1935. Alfred Hitchcock snimio je film \u201c39 stepenica\u201d prema istoimenoj noveli Johna Buchana iz 1915. godine. Hitchcockov film postigao je veliki uspjeh i postao kultni triler noir-filma. Godine 2005. Patrick Barlow adaptirao je filmski scenarij za samo \u010detiri glumca, te je time klasi\u010dni detektivski triler pretvorio u dinami\u010dnu krimi \u2013 komediju. Predstava je postigla izuzetan uspjeh na West Endu i Broadwayju u svim podjelama koje su je do sada igrale. Izuzetna dinamika igre i humor, koji podsje\u0107a na Monty Python, osigurale su izuzetan \u017eivot ove komedije neovisno od kultnog Hitchcockovog trilera.<\/p>\n<p>Sredovje\u010dni Richard Hannay nakon du\u017eeg boravka u Kanadi vra\u0107a se u London i &#8220;dozlaboga se engleski dosa\u0111uje&#8221;. U poku\u0161aju da se zabavi posjeti londonski <em>Palladium<\/em> gdje se tijekom to\u010dke &#8220;nezaboravljivog&#8221; gospodina Memoryja dogodi susret s Annabelom Schmit &#8211; predivnom, izazovnom i opasnom \u0161pijunkom. Njih dvoje, Richard i Annabela, ubrzo zavr\u0161e u Richardovom stanu, no umjesto romanse dogodi se ubojstvo koje \u0107e Richardov ina\u010de dokoni \u017eivot pretvoriti u \u0161pijunski triler. U potrazi za stanovitim Profesorom i bijegu od policije koja ga sumnji\u010di za ubojstvo susre\u0107e vrlo \u0161aroliko dru\u0161tvo: seljake koji \u0107e ga naganjati vilama, policiju koja \u0107e ga loviti po jure\u0107em vlaku, izborni odbor u malom \u0161kotskom selu, pa \u010dak i dva britanska pilota&#8230;<\/p>\n<p>Kuriozitet ove predstave je da samo jedan glumac tuma\u010di jedan lik &#8211; \u201cjunaka\u201d, Richarda Hannayja (Goran Malus). Jedina glumica u predstavi &#8211; Jasna Pali\u0107 Picukari\u0107 &#8211; tuma\u010di tri \u201cheroine\u201d, a Sa\u0161a Buneta i Davor Svedru\u017ei\u0107 tuma\u010di su \u010dak skoro 30 (slovima: trideset!) likova, u pojedinim scenama i po tri istovremeno!<\/p>\n<p>Upravo u toj igri i duhovitim komentarima noir-\u017eanra ova triler &#8211; komedija postaje urnebesna zabava- ubojita komedija.<\/p>\n<p><strong>Nagrade:<\/strong><\/p>\n<p>Nagrade na Festivalu smijeha &#8220;Gola mese\u010dina&#8221; u Skop\u010dju 2019. za najbolju predstavu u cjelini, za najboljeg redatelja (Marko Juraga), za najbolju glumicu (Jasna Pali\u0107 Picukari\u0107) i za najboljeg glumca (Sa\u0161a Buneta)<\/p>\n<p>Godi\u0161nje nagrade Kazali\u0161ta Komedija za 2018. godinu Goranu Malusu, Jasni Pali\u0107 Picukari\u0107, Davoru Svedru\u017ei\u0107u i Sa\u0161i Buneti<\/p>\n","protected":false},"excerpt":{"rendered":"<p>Prema dogovoru s Edwardom Snapeom za Fiery Angel Limited John Buchan i Alfred Hitchcock: 39 STEPENICA Adaptirao: Patrick Barlow Prema originalnom konceptu Simona Corblea i Nobbyja Dimona ubojita komedija Redatelj: MARKO JURAGA Scenograf: TOMISLAV RUSZKOWSKI Kostimografkinja: ELVIRA ULIP Oblikovatelj svjetla: AN\u0110ELKO KOS Autor projekcija: DALIBOR TALAJI\u0106 Autorica glazbe: ANITA ANDREIS Asistentica redatelja: DORA BALOG Uloge: [&hellip;]<\/p>\n","protected":false},"author":5,"featured_media":10896,"parent":1659,"menu_order":0,"comment_status":"closed","ping_status":"closed","template":"","meta":{"ngg_post_thumbnail":0,"footnotes":""},"class_list":["post-10730","page","type-page","status-publish","has-post-thumbnail","hentry"],"yoast_head":"<!-- This site is optimized with the Yoast SEO plugin v27.5 - https:\/\/yoast.com\/product\/yoast-seo-wordpress\/ -->\n<title>39 STEPENICA - Kazali\u0161te Komedija<\/title>\n<meta name=\"robots\" content=\"index, follow, max-snippet:-1, max-image-preview:large, max-video-preview:-1\" \/>\n<link rel=\"canonical\" href=\"https:\/\/www.komedija.hr\/www\/arhiva-predstava\/39-stepenica\/\" \/>\n<meta property=\"og:locale\" content=\"hr_HR\" \/>\n<meta property=\"og:type\" content=\"article\" \/>\n<meta property=\"og:title\" content=\"39 STEPENICA - Kazali\u0161te Komedija\" \/>\n<meta property=\"og:description\" content=\"Prema dogovoru s Edwardom Snapeom za Fiery Angel Limited John Buchan i Alfred Hitchcock: 39 STEPENICA Adaptirao: Patrick Barlow Prema originalnom konceptu Simona Corblea i Nobbyja Dimona ubojita komedija Redatelj: MARKO JURAGA Scenograf: TOMISLAV RUSZKOWSKI Kostimografkinja: ELVIRA ULIP Oblikovatelj svjetla: AN\u0110ELKO KOS Autor projekcija: DALIBOR TALAJI\u0106 Autorica glazbe: ANITA ANDREIS Asistentica redatelja: DORA BALOG Uloge: [&hellip;]\" \/>\n<meta property=\"og:url\" content=\"https:\/\/www.komedija.hr\/www\/arhiva-predstava\/39-stepenica\/\" \/>\n<meta property=\"og:site_name\" content=\"Kazali\u0161te Komedija\" \/>\n<meta property=\"article:publisher\" content=\"https:\/\/www.facebook.com\/kazaliste.komedija\/\" \/>\n<meta property=\"article:modified_time\" content=\"2022-07-14T12:38:18+00:00\" \/>\n<meta property=\"og:image\" content=\"https:\/\/www.komedija.hr\/www\/wp-content\/uploads\/2018\/09\/39_stepenica-m-e1553240756319.jpg\" \/>\n\t<meta property=\"og:image:width\" content=\"452\" \/>\n\t<meta property=\"og:image:height\" content=\"600\" \/>\n\t<meta property=\"og:image:type\" content=\"image\/jpeg\" \/>\n<meta name=\"twitter:card\" content=\"summary_large_image\" \/>\n<meta name=\"twitter:site\" content=\"@KKomedija\" \/>\n<meta name=\"twitter:label1\" content=\"Procijenjeno vrijeme \u010ditanja\" \/>\n\t<meta name=\"twitter:data1\" content=\"3 minute\" \/>\n<script type=\"application\/ld+json\" class=\"yoast-schema-graph\">{\"@context\":\"https:\\\/\\\/schema.org\",\"@graph\":[{\"@type\":\"WebPage\",\"@id\":\"https:\\\/\\\/www.komedija.hr\\\/www\\\/arhiva-predstava\\\/39-stepenica\\\/\",\"url\":\"https:\\\/\\\/www.komedija.hr\\\/www\\\/arhiva-predstava\\\/39-stepenica\\\/\",\"name\":\"39 STEPENICA - Kazali\u0161te Komedija\",\"isPartOf\":{\"@id\":\"http:\\\/\\\/www.komedija.hr\\\/www\\\/#website\"},\"primaryImageOfPage\":{\"@id\":\"https:\\\/\\\/www.komedija.hr\\\/www\\\/arhiva-predstava\\\/39-stepenica\\\/#primaryimage\"},\"image\":{\"@id\":\"https:\\\/\\\/www.komedija.hr\\\/www\\\/arhiva-predstava\\\/39-stepenica\\\/#primaryimage\"},\"thumbnailUrl\":\"https:\\\/\\\/www.komedija.hr\\\/www\\\/wp-content\\\/uploads\\\/2018\\\/09\\\/39_stepenica-m-e1553240756319.jpg\",\"datePublished\":\"2018-06-13T10:54:01+00:00\",\"dateModified\":\"2022-07-14T12:38:18+00:00\",\"breadcrumb\":{\"@id\":\"https:\\\/\\\/www.komedija.hr\\\/www\\\/arhiva-predstava\\\/39-stepenica\\\/#breadcrumb\"},\"inLanguage\":\"hr\",\"potentialAction\":[{\"@type\":\"ReadAction\",\"target\":[\"https:\\\/\\\/www.komedija.hr\\\/www\\\/arhiva-predstava\\\/39-stepenica\\\/\"]}]},{\"@type\":\"ImageObject\",\"inLanguage\":\"hr\",\"@id\":\"https:\\\/\\\/www.komedija.hr\\\/www\\\/arhiva-predstava\\\/39-stepenica\\\/#primaryimage\",\"url\":\"https:\\\/\\\/www.komedija.hr\\\/www\\\/wp-content\\\/uploads\\\/2018\\\/09\\\/39_stepenica-m-e1553240756319.jpg\",\"contentUrl\":\"https:\\\/\\\/www.komedija.hr\\\/www\\\/wp-content\\\/uploads\\\/2018\\\/09\\\/39_stepenica-m-e1553240756319.jpg\",\"width\":452,\"height\":600},{\"@type\":\"BreadcrumbList\",\"@id\":\"https:\\\/\\\/www.komedija.hr\\\/www\\\/arhiva-predstava\\\/39-stepenica\\\/#breadcrumb\",\"itemListElement\":[{\"@type\":\"ListItem\",\"position\":1,\"name\":\"Po\u010detna stranica\",\"item\":\"http:\\\/\\\/www.komedija.hr\\\/www\\\/\"},{\"@type\":\"ListItem\",\"position\":2,\"name\":\"Arhiva predstava\",\"item\":\"https:\\\/\\\/www.komedija.hr\\\/www\\\/arhiva-predstava\\\/\"},{\"@type\":\"ListItem\",\"position\":3,\"name\":\"39 STEPENICA\"}]},{\"@type\":\"WebSite\",\"@id\":\"http:\\\/\\\/www.komedija.hr\\\/www\\\/#website\",\"url\":\"http:\\\/\\\/www.komedija.hr\\\/www\\\/\",\"name\":\"Kazali\u0161te Komedija\",\"description\":\"\",\"publisher\":{\"@id\":\"http:\\\/\\\/www.komedija.hr\\\/www\\\/#organization\"},\"potentialAction\":[{\"@type\":\"SearchAction\",\"target\":{\"@type\":\"EntryPoint\",\"urlTemplate\":\"http:\\\/\\\/www.komedija.hr\\\/www\\\/?s={search_term_string}\"},\"query-input\":{\"@type\":\"PropertyValueSpecification\",\"valueRequired\":true,\"valueName\":\"search_term_string\"}}],\"inLanguage\":\"hr\"},{\"@type\":\"Organization\",\"@id\":\"http:\\\/\\\/www.komedija.hr\\\/www\\\/#organization\",\"name\":\"Zagreba\u010dko gradsko Kazali\u0161ta Komedija\",\"url\":\"http:\\\/\\\/www.komedija.hr\\\/www\\\/\",\"logo\":{\"@type\":\"ImageObject\",\"inLanguage\":\"hr\",\"@id\":\"http:\\\/\\\/www.komedija.hr\\\/www\\\/#\\\/schema\\\/logo\\\/image\\\/\",\"url\":\"https:\\\/\\\/www.komedija.hr\\\/www\\\/wp-content\\\/uploads\\\/2020\\\/02\\\/cropped-Kazaliste_Komedija_logo_2.png\",\"contentUrl\":\"https:\\\/\\\/www.komedija.hr\\\/www\\\/wp-content\\\/uploads\\\/2020\\\/02\\\/cropped-Kazaliste_Komedija_logo_2.png\",\"width\":512,\"height\":512,\"caption\":\"Zagreba\u010dko gradsko Kazali\u0161ta Komedija\"},\"image\":{\"@id\":\"http:\\\/\\\/www.komedija.hr\\\/www\\\/#\\\/schema\\\/logo\\\/image\\\/\"},\"sameAs\":[\"https:\\\/\\\/www.facebook.com\\\/kazaliste.komedija\\\/\",\"https:\\\/\\\/x.com\\\/KKomedija\",\"https:\\\/\\\/www.instagram.com\\\/kazaliste_komedija\\\/\",\"https:\\\/\\\/www.youtube.com\\\/channel\\\/UC1NcapMYUXJW3miW_oPxT5w\\\/videos\"]}]}<\/script>\n<!-- \/ Yoast SEO plugin. -->","yoast_head_json":{"title":"39 STEPENICA - Kazali\u0161te Komedija","robots":{"index":"index","follow":"follow","max-snippet":"max-snippet:-1","max-image-preview":"max-image-preview:large","max-video-preview":"max-video-preview:-1"},"canonical":"https:\/\/www.komedija.hr\/www\/arhiva-predstava\/39-stepenica\/","og_locale":"hr_HR","og_type":"article","og_title":"39 STEPENICA - Kazali\u0161te Komedija","og_description":"Prema dogovoru s Edwardom Snapeom za Fiery Angel Limited John Buchan i Alfred Hitchcock: 39 STEPENICA Adaptirao: Patrick Barlow Prema originalnom konceptu Simona Corblea i Nobbyja Dimona ubojita komedija Redatelj: MARKO JURAGA Scenograf: TOMISLAV RUSZKOWSKI Kostimografkinja: ELVIRA ULIP Oblikovatelj svjetla: AN\u0110ELKO KOS Autor projekcija: DALIBOR TALAJI\u0106 Autorica glazbe: ANITA ANDREIS Asistentica redatelja: DORA BALOG Uloge: [&hellip;]","og_url":"https:\/\/www.komedija.hr\/www\/arhiva-predstava\/39-stepenica\/","og_site_name":"Kazali\u0161te Komedija","article_publisher":"https:\/\/www.facebook.com\/kazaliste.komedija\/","article_modified_time":"2022-07-14T12:38:18+00:00","og_image":[{"width":452,"height":600,"url":"https:\/\/www.komedija.hr\/www\/wp-content\/uploads\/2018\/09\/39_stepenica-m-e1553240756319.jpg","type":"image\/jpeg"}],"twitter_card":"summary_large_image","twitter_site":"@KKomedija","twitter_misc":{"Procijenjeno vrijeme \u010ditanja":"3 minute"},"schema":{"@context":"https:\/\/schema.org","@graph":[{"@type":"WebPage","@id":"https:\/\/www.komedija.hr\/www\/arhiva-predstava\/39-stepenica\/","url":"https:\/\/www.komedija.hr\/www\/arhiva-predstava\/39-stepenica\/","name":"39 STEPENICA - Kazali\u0161te Komedija","isPartOf":{"@id":"http:\/\/www.komedija.hr\/www\/#website"},"primaryImageOfPage":{"@id":"https:\/\/www.komedija.hr\/www\/arhiva-predstava\/39-stepenica\/#primaryimage"},"image":{"@id":"https:\/\/www.komedija.hr\/www\/arhiva-predstava\/39-stepenica\/#primaryimage"},"thumbnailUrl":"https:\/\/www.komedija.hr\/www\/wp-content\/uploads\/2018\/09\/39_stepenica-m-e1553240756319.jpg","datePublished":"2018-06-13T10:54:01+00:00","dateModified":"2022-07-14T12:38:18+00:00","breadcrumb":{"@id":"https:\/\/www.komedija.hr\/www\/arhiva-predstava\/39-stepenica\/#breadcrumb"},"inLanguage":"hr","potentialAction":[{"@type":"ReadAction","target":["https:\/\/www.komedija.hr\/www\/arhiva-predstava\/39-stepenica\/"]}]},{"@type":"ImageObject","inLanguage":"hr","@id":"https:\/\/www.komedija.hr\/www\/arhiva-predstava\/39-stepenica\/#primaryimage","url":"https:\/\/www.komedija.hr\/www\/wp-content\/uploads\/2018\/09\/39_stepenica-m-e1553240756319.jpg","contentUrl":"https:\/\/www.komedija.hr\/www\/wp-content\/uploads\/2018\/09\/39_stepenica-m-e1553240756319.jpg","width":452,"height":600},{"@type":"BreadcrumbList","@id":"https:\/\/www.komedija.hr\/www\/arhiva-predstava\/39-stepenica\/#breadcrumb","itemListElement":[{"@type":"ListItem","position":1,"name":"Po\u010detna stranica","item":"http:\/\/www.komedija.hr\/www\/"},{"@type":"ListItem","position":2,"name":"Arhiva predstava","item":"https:\/\/www.komedija.hr\/www\/arhiva-predstava\/"},{"@type":"ListItem","position":3,"name":"39 STEPENICA"}]},{"@type":"WebSite","@id":"http:\/\/www.komedija.hr\/www\/#website","url":"http:\/\/www.komedija.hr\/www\/","name":"Kazali\u0161te Komedija","description":"","publisher":{"@id":"http:\/\/www.komedija.hr\/www\/#organization"},"potentialAction":[{"@type":"SearchAction","target":{"@type":"EntryPoint","urlTemplate":"http:\/\/www.komedija.hr\/www\/?s={search_term_string}"},"query-input":{"@type":"PropertyValueSpecification","valueRequired":true,"valueName":"search_term_string"}}],"inLanguage":"hr"},{"@type":"Organization","@id":"http:\/\/www.komedija.hr\/www\/#organization","name":"Zagreba\u010dko gradsko Kazali\u0161ta Komedija","url":"http:\/\/www.komedija.hr\/www\/","logo":{"@type":"ImageObject","inLanguage":"hr","@id":"http:\/\/www.komedija.hr\/www\/#\/schema\/logo\/image\/","url":"https:\/\/www.komedija.hr\/www\/wp-content\/uploads\/2020\/02\/cropped-Kazaliste_Komedija_logo_2.png","contentUrl":"https:\/\/www.komedija.hr\/www\/wp-content\/uploads\/2020\/02\/cropped-Kazaliste_Komedija_logo_2.png","width":512,"height":512,"caption":"Zagreba\u010dko gradsko Kazali\u0161ta Komedija"},"image":{"@id":"http:\/\/www.komedija.hr\/www\/#\/schema\/logo\/image\/"},"sameAs":["https:\/\/www.facebook.com\/kazaliste.komedija\/","https:\/\/x.com\/KKomedija","https:\/\/www.instagram.com\/kazaliste_komedija\/","https:\/\/www.youtube.com\/channel\/UC1NcapMYUXJW3miW_oPxT5w\/videos"]}]}},"_links":{"self":[{"href":"https:\/\/www.komedija.hr\/www\/wp-json\/wp\/v2\/pages\/10730","targetHints":{"allow":["GET"]}}],"collection":[{"href":"https:\/\/www.komedija.hr\/www\/wp-json\/wp\/v2\/pages"}],"about":[{"href":"https:\/\/www.komedija.hr\/www\/wp-json\/wp\/v2\/types\/page"}],"author":[{"embeddable":true,"href":"https:\/\/www.komedija.hr\/www\/wp-json\/wp\/v2\/users\/5"}],"replies":[{"embeddable":true,"href":"https:\/\/www.komedija.hr\/www\/wp-json\/wp\/v2\/comments?post=10730"}],"version-history":[{"count":0,"href":"https:\/\/www.komedija.hr\/www\/wp-json\/wp\/v2\/pages\/10730\/revisions"}],"up":[{"embeddable":true,"href":"https:\/\/www.komedija.hr\/www\/wp-json\/wp\/v2\/pages\/1659"}],"wp:featuredmedia":[{"embeddable":true,"href":"https:\/\/www.komedija.hr\/www\/wp-json\/wp\/v2\/media\/10896"}],"wp:attachment":[{"href":"https:\/\/www.komedija.hr\/www\/wp-json\/wp\/v2\/media?parent=10730"}],"curies":[{"name":"wp","href":"https:\/\/api.w.org\/{rel}","templated":true}]}}