{"id":10789,"date":"2018-07-04T09:34:55","date_gmt":"2018-07-04T07:34:55","guid":{"rendered":"http:\/\/www.komedija.hr\/www\/?page_id=10789"},"modified":"2025-06-11T12:25:53","modified_gmt":"2025-06-11T10:25:53","slug":"ivona-kundert","status":"publish","type":"page","link":"https:\/\/www.komedija.hr\/www\/ansambl-2\/glumci\/ivona-kundert\/","title":{"rendered":"Ivona Kundert"},"content":{"rendered":"<table border=\"0\" width=\"100%\">\n<tbody>\n<tr>\n<td><a href=\"http:\/\/www.komedija.hr\/www\/wp-content\/uploads\/2018\/07\/Ivona-Kundert1.jpg\"><img decoding=\"async\" class=\"alignnone size-medium wp-image-10776\" src=\"http:\/\/www.komedija.hr\/www\/wp-content\/uploads\/2018\/07\/Ivona-Kundert1-203x300.jpg\" alt=\"\" width=\"203\" height=\"300\" srcset=\"https:\/\/www.komedija.hr\/www\/wp-content\/uploads\/2018\/07\/Ivona-Kundert1-203x300.jpg 203w, https:\/\/www.komedija.hr\/www\/wp-content\/uploads\/2018\/07\/Ivona-Kundert1.jpg 541w\" sizes=\"(max-width: 203px) 100vw, 203px\" \/><\/a><\/td>\n<td>Glumica<\/td>\n<\/tr>\n<tr>\n<td width=\"18%\" height=\"25\"><strong>DATUM I MJESTO RO\u0110ENJA <\/strong><\/td>\n<td width=\"82%\" height=\"25\">21. listopad 1987.,Osijek<\/td>\n<\/tr>\n<tr>\n<td valign=\"top\" width=\"18%\" height=\"55\"><strong>kontakt<\/strong><\/td>\n<td valign=\"top\" width=\"82%\" height=\"55\"><a href=\"mailto:propaganda@komedija.hr\">propaganda@komedija.hr<\/a><\/td>\n<\/tr>\n<tr>\n<td valign=\"top\" width=\"18%\" height=\"25\"><strong>OBRAZOVANJE<\/strong><\/td>\n<td valign=\"top\" width=\"82%\" height=\"25\">III. gimnazija Osijek<br \/>\nAkademija dramske umjetnosti, Zagreb<\/td>\n<\/tr>\n<tr>\n<td valign=\"top\" width=\"18%\" height=\"18\"><strong>KAZALI\u0160TE<\/strong><\/td>\n<td valign=\"top\" width=\"82%\" height=\"18\">Kazali\u0161te Komedija:<br \/>\n<strong>Faraon iz Ilice je mrtav, Zaljubljeni Shakespeare, Cabaret Zagrep\u010danke i stati\u010dar, Mnogo vike niza\u0161to; Peripetije sa psihijatrije; Juha bra\u0107e Marx; Ponos i predrasude<br \/>\n<\/strong>Izvan Komedije:<br \/>\n\u201e<strong>Unterstadt<\/strong>\u201c HNK Osijek, re\u017eija Zlatko Sviben<br \/>\n\u201e<strong>Zlo\u010din na kozjem otoku<\/strong>\u201c Kazali\u0161te Marina Dr\u017ei\u0107a Dubrovnik, re\u017eija Georgije Paro<br \/>\n\u201e<strong>Zlo\u010din i kazna<\/strong>\u201c Dramsko kazali\u0161te Gavella, Zagreb, re\u017eija Zlatko Sviben<\/td>\n<\/tr>\n<tr>\n<td valign=\"top\" width=\"18%\" height=\"14\"><strong>FILM<\/strong><\/td>\n<td valign=\"top\" width=\"82%\" height=\"14\">\u201e<strong>Korak po korak<\/strong>\u201c Biljana \u010caki\u0107 Veseli\u0107<\/td>\n<\/tr>\n<tr>\n<td valign=\"top\" width=\"18%\" height=\"14\"><strong>TELEVIZIJA<\/strong><\/td>\n<td valign=\"top\" width=\"82%\" height=\"14\">Serija \u201e<strong>Larin izbor<\/strong>\u201c, NovaTV<br \/>\nSerija \u201e<strong>Borgija<\/strong>\u201c, produkcija Tom Fontana<br \/>\nSerija \u201e<strong>Zlatni dvori<\/strong>\u201c, Nova TV<br \/>\nSerija \u201e<strong>\u010cista ljubav<\/strong>\u201c, Nova TV<br \/>\nSerija \u201e<strong>Crno bijeli svijet<\/strong>\u201c, Goran Kulenovi\u0107, HRT, 1.2.3.sezona<\/td>\n<\/tr>\n<tr>\n<td valign=\"top\" width=\"18%\"><strong>OSTALO<\/strong><\/td>\n<td valign=\"top\" width=\"82%\">sinkronizacije crtanih filmova, voditeljica prigodnih programa<\/td>\n<\/tr>\n<tr>\n<td valign=\"top\" width=\"18%\"><strong>STATUS<\/strong><\/td>\n<td valign=\"top\" width=\"82%\">Zaposlena od 15.svibnja 2018.<\/td>\n<\/tr>\n<\/tbody>\n<\/table>\n","protected":false},"excerpt":{"rendered":"<p>Glumica DATUM I MJESTO RO\u0110ENJA 21. listopad 1987.,Osijek kontakt propaganda@komedija.hr OBRAZOVANJE III. gimnazija Osijek Akademija dramske umjetnosti, Zagreb KAZALI\u0160TE Kazali\u0161te Komedija: Faraon iz Ilice je mrtav, Zaljubljeni Shakespeare, Cabaret Zagrep\u010danke i stati\u010dar, Mnogo vike niza\u0161to; Peripetije sa psihijatrije; Juha bra\u0107e Marx; Ponos i predrasude Izvan Komedije: \u201eUnterstadt\u201c HNK Osijek, re\u017eija Zlatko Sviben \u201eZlo\u010din na kozjem [&hellip;]<\/p>\n","protected":false},"author":4,"featured_media":0,"parent":6992,"menu_order":0,"comment_status":"closed","ping_status":"closed","template":"","meta":{"ngg_post_thumbnail":0,"footnotes":""},"class_list":["post-10789","page","type-page","status-publish","hentry"],"yoast_head":"<!-- This site is optimized with the Yoast SEO plugin v27.4 - https:\/\/yoast.com\/product\/yoast-seo-wordpress\/ -->\n<title>Ivona Kundert - Kazali\u0161te Komedija<\/title>\n<meta name=\"robots\" content=\"index, follow, max-snippet:-1, max-image-preview:large, max-video-preview:-1\" \/>\n<link rel=\"canonical\" href=\"https:\/\/www.komedija.hr\/www\/ansambl-2\/glumci\/ivona-kundert\/\" \/>\n<meta property=\"og:locale\" content=\"hr_HR\" \/>\n<meta property=\"og:type\" content=\"article\" \/>\n<meta property=\"og:title\" content=\"Ivona Kundert - Kazali\u0161te Komedija\" \/>\n<meta property=\"og:description\" content=\"Glumica DATUM I MJESTO RO\u0110ENJA 21. listopad 1987.,Osijek kontakt propaganda@komedija.hr OBRAZOVANJE III. gimnazija Osijek Akademija dramske umjetnosti, Zagreb KAZALI\u0160TE Kazali\u0161te Komedija: Faraon iz Ilice je mrtav, Zaljubljeni Shakespeare, Cabaret Zagrep\u010danke i stati\u010dar, Mnogo vike niza\u0161to; Peripetije sa psihijatrije; Juha bra\u0107e Marx; Ponos i predrasude Izvan Komedije: \u201eUnterstadt\u201c HNK Osijek, re\u017eija Zlatko Sviben \u201eZlo\u010din na kozjem [&hellip;]\" \/>\n<meta property=\"og:url\" content=\"https:\/\/www.komedija.hr\/www\/ansambl-2\/glumci\/ivona-kundert\/\" \/>\n<meta property=\"og:site_name\" content=\"Kazali\u0161te Komedija\" \/>\n<meta property=\"article:publisher\" content=\"https:\/\/www.facebook.com\/kazaliste.komedija\/\" \/>\n<meta property=\"article:modified_time\" content=\"2025-06-11T10:25:53+00:00\" \/>\n<meta property=\"og:image\" content=\"https:\/\/www.komedija.hr\/www\/wp-content\/uploads\/2018\/07\/Ivona-Kundert1.jpg\" \/>\n\t<meta property=\"og:image:width\" content=\"541\" \/>\n\t<meta property=\"og:image:height\" content=\"800\" \/>\n\t<meta property=\"og:image:type\" content=\"image\/jpeg\" \/>\n<meta name=\"twitter:card\" content=\"summary_large_image\" \/>\n<meta name=\"twitter:site\" content=\"@KKomedija\" \/>\n<meta name=\"twitter:label1\" content=\"Procijenjeno vrijeme \u010ditanja\" \/>\n\t<meta name=\"twitter:data1\" content=\"1 minuta\" \/>\n<script type=\"application\/ld+json\" class=\"yoast-schema-graph\">{\"@context\":\"https:\\\/\\\/schema.org\",\"@graph\":[{\"@type\":\"WebPage\",\"@id\":\"https:\\\/\\\/www.komedija.hr\\\/www\\\/ansambl-2\\\/glumci\\\/ivona-kundert\\\/\",\"url\":\"https:\\\/\\\/www.komedija.hr\\\/www\\\/ansambl-2\\\/glumci\\\/ivona-kundert\\\/\",\"name\":\"Ivona Kundert - Kazali\u0161te Komedija\",\"isPartOf\":{\"@id\":\"http:\\\/\\\/www.komedija.hr\\\/www\\\/#website\"},\"primaryImageOfPage\":{\"@id\":\"https:\\\/\\\/www.komedija.hr\\\/www\\\/ansambl-2\\\/glumci\\\/ivona-kundert\\\/#primaryimage\"},\"image\":{\"@id\":\"https:\\\/\\\/www.komedija.hr\\\/www\\\/ansambl-2\\\/glumci\\\/ivona-kundert\\\/#primaryimage\"},\"thumbnailUrl\":\"http:\\\/\\\/www.komedija.hr\\\/www\\\/wp-content\\\/uploads\\\/2018\\\/07\\\/Ivona-Kundert1-203x300.jpg\",\"datePublished\":\"2018-07-04T07:34:55+00:00\",\"dateModified\":\"2025-06-11T10:25:53+00:00\",\"breadcrumb\":{\"@id\":\"https:\\\/\\\/www.komedija.hr\\\/www\\\/ansambl-2\\\/glumci\\\/ivona-kundert\\\/#breadcrumb\"},\"inLanguage\":\"hr\",\"potentialAction\":[{\"@type\":\"ReadAction\",\"target\":[\"https:\\\/\\\/www.komedija.hr\\\/www\\\/ansambl-2\\\/glumci\\\/ivona-kundert\\\/\"]}]},{\"@type\":\"ImageObject\",\"inLanguage\":\"hr\",\"@id\":\"https:\\\/\\\/www.komedija.hr\\\/www\\\/ansambl-2\\\/glumci\\\/ivona-kundert\\\/#primaryimage\",\"url\":\"https:\\\/\\\/www.komedija.hr\\\/www\\\/wp-content\\\/uploads\\\/2018\\\/07\\\/Ivona-Kundert1.jpg\",\"contentUrl\":\"https:\\\/\\\/www.komedija.hr\\\/www\\\/wp-content\\\/uploads\\\/2018\\\/07\\\/Ivona-Kundert1.jpg\",\"width\":541,\"height\":800},{\"@type\":\"BreadcrumbList\",\"@id\":\"https:\\\/\\\/www.komedija.hr\\\/www\\\/ansambl-2\\\/glumci\\\/ivona-kundert\\\/#breadcrumb\",\"itemListElement\":[{\"@type\":\"ListItem\",\"position\":1,\"name\":\"Po\u010detna stranica\",\"item\":\"http:\\\/\\\/www.komedija.hr\\\/www\\\/\"},{\"@type\":\"ListItem\",\"position\":2,\"name\":\"Ansambl\",\"item\":\"https:\\\/\\\/www.komedija.hr\\\/www\\\/ansambl-2\\\/\"},{\"@type\":\"ListItem\",\"position\":3,\"name\":\"Glumci\",\"item\":\"https:\\\/\\\/www.komedija.hr\\\/www\\\/ansambl-2\\\/glumci\\\/\"},{\"@type\":\"ListItem\",\"position\":4,\"name\":\"Ivona Kundert\"}]},{\"@type\":\"WebSite\",\"@id\":\"http:\\\/\\\/www.komedija.hr\\\/www\\\/#website\",\"url\":\"http:\\\/\\\/www.komedija.hr\\\/www\\\/\",\"name\":\"Kazali\u0161te Komedija\",\"description\":\"\",\"publisher\":{\"@id\":\"http:\\\/\\\/www.komedija.hr\\\/www\\\/#organization\"},\"potentialAction\":[{\"@type\":\"SearchAction\",\"target\":{\"@type\":\"EntryPoint\",\"urlTemplate\":\"http:\\\/\\\/www.komedija.hr\\\/www\\\/?s={search_term_string}\"},\"query-input\":{\"@type\":\"PropertyValueSpecification\",\"valueRequired\":true,\"valueName\":\"search_term_string\"}}],\"inLanguage\":\"hr\"},{\"@type\":\"Organization\",\"@id\":\"http:\\\/\\\/www.komedija.hr\\\/www\\\/#organization\",\"name\":\"Zagreba\u010dko gradsko Kazali\u0161ta Komedija\",\"url\":\"http:\\\/\\\/www.komedija.hr\\\/www\\\/\",\"logo\":{\"@type\":\"ImageObject\",\"inLanguage\":\"hr\",\"@id\":\"http:\\\/\\\/www.komedija.hr\\\/www\\\/#\\\/schema\\\/logo\\\/image\\\/\",\"url\":\"https:\\\/\\\/www.komedija.hr\\\/www\\\/wp-content\\\/uploads\\\/2020\\\/02\\\/cropped-Kazaliste_Komedija_logo_2.png\",\"contentUrl\":\"https:\\\/\\\/www.komedija.hr\\\/www\\\/wp-content\\\/uploads\\\/2020\\\/02\\\/cropped-Kazaliste_Komedija_logo_2.png\",\"width\":512,\"height\":512,\"caption\":\"Zagreba\u010dko gradsko Kazali\u0161ta Komedija\"},\"image\":{\"@id\":\"http:\\\/\\\/www.komedija.hr\\\/www\\\/#\\\/schema\\\/logo\\\/image\\\/\"},\"sameAs\":[\"https:\\\/\\\/www.facebook.com\\\/kazaliste.komedija\\\/\",\"https:\\\/\\\/x.com\\\/KKomedija\",\"https:\\\/\\\/www.instagram.com\\\/kazaliste_komedija\\\/\",\"https:\\\/\\\/www.youtube.com\\\/channel\\\/UC1NcapMYUXJW3miW_oPxT5w\\\/videos\"]}]}<\/script>\n<!-- \/ Yoast SEO plugin. -->","yoast_head_json":{"title":"Ivona Kundert - Kazali\u0161te Komedija","robots":{"index":"index","follow":"follow","max-snippet":"max-snippet:-1","max-image-preview":"max-image-preview:large","max-video-preview":"max-video-preview:-1"},"canonical":"https:\/\/www.komedija.hr\/www\/ansambl-2\/glumci\/ivona-kundert\/","og_locale":"hr_HR","og_type":"article","og_title":"Ivona Kundert - Kazali\u0161te Komedija","og_description":"Glumica DATUM I MJESTO RO\u0110ENJA 21. listopad 1987.,Osijek kontakt propaganda@komedija.hr OBRAZOVANJE III. gimnazija Osijek Akademija dramske umjetnosti, Zagreb KAZALI\u0160TE Kazali\u0161te Komedija: Faraon iz Ilice je mrtav, Zaljubljeni Shakespeare, Cabaret Zagrep\u010danke i stati\u010dar, Mnogo vike niza\u0161to; Peripetije sa psihijatrije; Juha bra\u0107e Marx; Ponos i predrasude Izvan Komedije: \u201eUnterstadt\u201c HNK Osijek, re\u017eija Zlatko Sviben \u201eZlo\u010din na kozjem [&hellip;]","og_url":"https:\/\/www.komedija.hr\/www\/ansambl-2\/glumci\/ivona-kundert\/","og_site_name":"Kazali\u0161te Komedija","article_publisher":"https:\/\/www.facebook.com\/kazaliste.komedija\/","article_modified_time":"2025-06-11T10:25:53+00:00","og_image":[{"width":541,"height":800,"url":"https:\/\/www.komedija.hr\/www\/wp-content\/uploads\/2018\/07\/Ivona-Kundert1.jpg","type":"image\/jpeg"}],"twitter_card":"summary_large_image","twitter_site":"@KKomedija","twitter_misc":{"Procijenjeno vrijeme \u010ditanja":"1 minuta"},"schema":{"@context":"https:\/\/schema.org","@graph":[{"@type":"WebPage","@id":"https:\/\/www.komedija.hr\/www\/ansambl-2\/glumci\/ivona-kundert\/","url":"https:\/\/www.komedija.hr\/www\/ansambl-2\/glumci\/ivona-kundert\/","name":"Ivona Kundert - Kazali\u0161te Komedija","isPartOf":{"@id":"http:\/\/www.komedija.hr\/www\/#website"},"primaryImageOfPage":{"@id":"https:\/\/www.komedija.hr\/www\/ansambl-2\/glumci\/ivona-kundert\/#primaryimage"},"image":{"@id":"https:\/\/www.komedija.hr\/www\/ansambl-2\/glumci\/ivona-kundert\/#primaryimage"},"thumbnailUrl":"http:\/\/www.komedija.hr\/www\/wp-content\/uploads\/2018\/07\/Ivona-Kundert1-203x300.jpg","datePublished":"2018-07-04T07:34:55+00:00","dateModified":"2025-06-11T10:25:53+00:00","breadcrumb":{"@id":"https:\/\/www.komedija.hr\/www\/ansambl-2\/glumci\/ivona-kundert\/#breadcrumb"},"inLanguage":"hr","potentialAction":[{"@type":"ReadAction","target":["https:\/\/www.komedija.hr\/www\/ansambl-2\/glumci\/ivona-kundert\/"]}]},{"@type":"ImageObject","inLanguage":"hr","@id":"https:\/\/www.komedija.hr\/www\/ansambl-2\/glumci\/ivona-kundert\/#primaryimage","url":"https:\/\/www.komedija.hr\/www\/wp-content\/uploads\/2018\/07\/Ivona-Kundert1.jpg","contentUrl":"https:\/\/www.komedija.hr\/www\/wp-content\/uploads\/2018\/07\/Ivona-Kundert1.jpg","width":541,"height":800},{"@type":"BreadcrumbList","@id":"https:\/\/www.komedija.hr\/www\/ansambl-2\/glumci\/ivona-kundert\/#breadcrumb","itemListElement":[{"@type":"ListItem","position":1,"name":"Po\u010detna stranica","item":"http:\/\/www.komedija.hr\/www\/"},{"@type":"ListItem","position":2,"name":"Ansambl","item":"https:\/\/www.komedija.hr\/www\/ansambl-2\/"},{"@type":"ListItem","position":3,"name":"Glumci","item":"https:\/\/www.komedija.hr\/www\/ansambl-2\/glumci\/"},{"@type":"ListItem","position":4,"name":"Ivona Kundert"}]},{"@type":"WebSite","@id":"http:\/\/www.komedija.hr\/www\/#website","url":"http:\/\/www.komedija.hr\/www\/","name":"Kazali\u0161te Komedija","description":"","publisher":{"@id":"http:\/\/www.komedija.hr\/www\/#organization"},"potentialAction":[{"@type":"SearchAction","target":{"@type":"EntryPoint","urlTemplate":"http:\/\/www.komedija.hr\/www\/?s={search_term_string}"},"query-input":{"@type":"PropertyValueSpecification","valueRequired":true,"valueName":"search_term_string"}}],"inLanguage":"hr"},{"@type":"Organization","@id":"http:\/\/www.komedija.hr\/www\/#organization","name":"Zagreba\u010dko gradsko Kazali\u0161ta Komedija","url":"http:\/\/www.komedija.hr\/www\/","logo":{"@type":"ImageObject","inLanguage":"hr","@id":"http:\/\/www.komedija.hr\/www\/#\/schema\/logo\/image\/","url":"https:\/\/www.komedija.hr\/www\/wp-content\/uploads\/2020\/02\/cropped-Kazaliste_Komedija_logo_2.png","contentUrl":"https:\/\/www.komedija.hr\/www\/wp-content\/uploads\/2020\/02\/cropped-Kazaliste_Komedija_logo_2.png","width":512,"height":512,"caption":"Zagreba\u010dko gradsko Kazali\u0161ta Komedija"},"image":{"@id":"http:\/\/www.komedija.hr\/www\/#\/schema\/logo\/image\/"},"sameAs":["https:\/\/www.facebook.com\/kazaliste.komedija\/","https:\/\/x.com\/KKomedija","https:\/\/www.instagram.com\/kazaliste_komedija\/","https:\/\/www.youtube.com\/channel\/UC1NcapMYUXJW3miW_oPxT5w\/videos"]}]}},"_links":{"self":[{"href":"https:\/\/www.komedija.hr\/www\/wp-json\/wp\/v2\/pages\/10789","targetHints":{"allow":["GET"]}}],"collection":[{"href":"https:\/\/www.komedija.hr\/www\/wp-json\/wp\/v2\/pages"}],"about":[{"href":"https:\/\/www.komedija.hr\/www\/wp-json\/wp\/v2\/types\/page"}],"author":[{"embeddable":true,"href":"https:\/\/www.komedija.hr\/www\/wp-json\/wp\/v2\/users\/4"}],"replies":[{"embeddable":true,"href":"https:\/\/www.komedija.hr\/www\/wp-json\/wp\/v2\/comments?post=10789"}],"version-history":[{"count":1,"href":"https:\/\/www.komedija.hr\/www\/wp-json\/wp\/v2\/pages\/10789\/revisions"}],"predecessor-version":[{"id":20883,"href":"https:\/\/www.komedija.hr\/www\/wp-json\/wp\/v2\/pages\/10789\/revisions\/20883"}],"up":[{"embeddable":true,"href":"https:\/\/www.komedija.hr\/www\/wp-json\/wp\/v2\/pages\/6992"}],"wp:attachment":[{"href":"https:\/\/www.komedija.hr\/www\/wp-json\/wp\/v2\/media?parent=10789"}],"curies":[{"name":"wp","href":"https:\/\/api.w.org\/{rel}","templated":true}]}}