{"id":10995,"date":"2018-10-18T13:02:51","date_gmt":"2018-10-18T11:02:51","guid":{"rendered":"http:\/\/www.komedija.hr\/www\/?page_id=10995"},"modified":"2020-09-17T12:58:23","modified_gmt":"2020-09-17T10:58:23","slug":"narodil-se-mladi-kralj-2","status":"publish","type":"page","link":"https:\/\/www.komedija.hr\/www\/arhiva-predstava\/narodil-se-mladi-kralj-2\/","title":{"rendered":"NARODIL SE MLADI KRALJ (2018.)"},"content":{"rendered":"<p>Vid Balog \u2013 Tomislav Uhlik: <strong>NARODIL SE MLADI KRALJ<br \/>\n<\/strong>(veselo bo\u017ei\u0107no prikazanje s pjevanjem i kolom)<\/p>\n<p>Redatelj: <a href=\"http:\/\/www.komedija.hr\/www\/ansambl-2\/glumci\/balog-vid\/\"><strong>Vid Balog<\/strong><\/a><br \/>\nSkladatelj: <strong>Tomislav Uhlik<\/strong><br \/>\nGlazbeni voditelj &#8211; dirigent: <strong>Bojan Pogrmilovi\u0107<\/strong><\/p>\n<p>Oblikovatelji scenografije: <strong>Tomislav Ruszkowski<\/strong>, <strong>Romeo Beifuss<\/strong><br \/>\nVoditelj orkestra: <strong>Alan Kanski<\/strong><br \/>\nScenski pokret: <strong>Verica Radi\u0107<\/strong><\/p>\n<p>Igraju\u010di<\/p>\n<p>Vl\u010d. Juraj pl. Benekovi\u0107: <strong><a href=\"http:\/\/www.komedija.hr\/www\/ansambl-2\/glumci\/loncar-damir\/\">Damir Lon\u010dar<\/a><\/strong><br \/>\nGa\u0161par: <a href=\"http:\/\/Ivica Zadro\"><strong>Ivica Zadro<\/strong><\/a><br \/>\nBolti\u017ear alias Boltek: <strong><a href=\"http:\/\/www.komedija.hr\/www\/ansambl-2\/glumci\/ljubo-zecevic\/\">Ljubo Ze\u010devi\u0107<\/a> \/ <a href=\"http:\/\/www.komedija.hr\/www\/ansambl-2\/pjevaci\/adalbert-turner\/\">Adalbert Turner<\/a><\/strong><br \/>\nTeca, Herodijada: <a href=\"http:\/\/www.komedija.hr\/www\/ansambl-2\/glumci\/ostojic-dubravka\/\"><strong>Dubravka Ostoji\u0107<\/strong><\/a><br \/>\nTetec, Herode\u017e: <a href=\"http:\/\/www.komedija.hr\/www\/ansambl-2\/glumci\/balog-vid\/\"><strong>Vid Balog\u00a0<\/strong><\/a><br \/>\nNe\u010dak Ivek: <a href=\"http:\/\/www.komedija.hr\/www\/ansambl-2\/glumci\/ivan-magud\/\"><strong>Ivan Magud<\/strong><\/a><br \/>\nPobo\u017ena pastirica: <strong><a href=\"http:\/\/www.komedija.hr\/www\/ansambl-2\/glumci\/palic-picukaric-jasna\/\">Jasna Pali\u0107 Picukari\u0107<\/a><\/strong><br \/>\nPobo\u017eni pastir I: <a href=\"http:\/\/www.komedija.hr\/www\/ansambl-2\/glumci\/buneta-sasa\/\"><strong>Sa\u0161a Buneta<\/strong><\/a><br \/>\nPobo\u017eni pastir II: <a href=\"http:\/\/www.komedija.hr\/www\/ansambl-2\/glumci\/davor-svedruzic\/\"><strong>Davor Svedru\u017ei\u0107<\/strong> <\/a>\/\u00a0<a href=\"http:\/\/www.komedija.hr\/www\/ansambl-2\/glumci\/adnan-prohic\/\"><strong>Adnan Prohi\u0107<\/strong><\/a><br \/>\nZvezda Repa\u010da: <a href=\"http:\/\/www.komedija.hr\/www\/ansambl-2\/glumci\/koncic-adam\/\"><strong>Adam Kon\u010di\u0107<\/strong><\/a><br \/>\nPripoveda\u010d: <a href=\"http:\/\/Goran Malus\"><strong>Goran Malus<\/strong><\/a><\/p>\n<p>ter<\/p>\n<p><strong><a href=\"http:\/\/www.lado.hr\/\">Ansambl narodnih plesova i pjesama LADO<\/a><\/strong><\/p>\n<p>Umjetni\u010dki voditelj: Andrija Ivan\u010dan<\/p>\n<p>Solisti<\/p>\n<p>Marija: <strong>Kristina Opa\u010di\u0107 Vru\u0107ina \/ Ana Drobina<\/strong>\u00a0soprani<br \/>\nJo\u017eef: <strong>Dubravko Radi\u0107<\/strong> \/ <strong>Pavo Begovac<\/strong>, tenori<br \/>\nPosel: <strong>Dijana Banek<\/strong> \/ <strong>Anita Hu\u0111ek<\/strong>, soprani<\/p>\n<p>Umjetnici Ansambla LADO<\/p>\n<p><strong>Plesa\u010di pjeva\u010di-prvaci: <\/strong>Dijana Banek, Tamara Horvat, Bojan Kaved\u017eija,\u00a0 Dubravko Radi\u0107<\/p>\n<p><strong>Plesa\u010di pjeva\u010di-solisti: <\/strong>Pavo Begovac, Zrinka Bogat-Malus, Nata\u0161a Glui\u0107, Boris Harfman, Vlatka Hli\u0161\u0107, Igor Horvat, Snje\u017eana Hulina, \u017deljko Kve\u0161tak, Nenad Mali\u0107, Adrijana Mamula, Irena Matica, Petra Matutinovi\u0107, Kristina Opa\u010di\u0107 Vru\u0107ina, Dejan Pilatu\u0161, Goran Sekula, Iva Sekula, Helena \u0160trbac, Goran Va\u0161arevi\u0107, Dra\u017een Zovko<\/p>\n<p><strong>Plesa\u010di pjeva\u010di-srednje uloge: <\/strong>Ana Drobina, Matej Glu\u0161\u010di\u0107, Antun Leinveber, Iva Piler, Ivana Prokop, Maja Putak<\/p>\n<p><strong>Plesa\u010di pjeva\u010di: <\/strong>Fin Hrva\u0107anin, Anita Hu\u0111ek, Doroteja Juratovi\u0107, Klara Ka\u0161nar,\u00a0 Mateja Kova\u010devi\u0107, Filip Lon\u010dari\u0107, Ina Mila\u010di\u0107, Filip Martini\u0107, Jana Radi\u0107, Lovro Ve\u0161liga<\/p>\n<p><strong>Glazbenici solisti: <\/strong>Sa\u0161a Dosti\u010di\u0107, Goran Hlebec, Mladen Kosovec, \u017deljko Kravar\u0161\u010dan, Josip Kri\u017eani\u0107, \u017deljko Luka\u010din, Dalibor Pauri\u0107, Branimir Ranogajec, Stjepan Ve\u010dkovi\u0107<\/p>\n<p><strong>Glazbenici voditelji dionica: <\/strong>Marko First, Branimir Gr\u0111an, Mario Hajsok, Mladen Tr\u010dak<\/p>\n<p><strong>Ostali sudionici u programu: <\/strong>Tea Stani\u0161ak<\/p>\n<p>Praizvedba: 13. 12. 2000.<\/p>\n<p>Cijene: <strong>70,00 i 50,00 kn<\/strong><\/p>\n<p>&nbsp;<\/p>\n<p>U selu Mu\u010dnome Potoku vlada velika u\u017eurbanost i posvema\u0161nja briga koje je uzrok ne tako davno izna\u0161astje staroga Bo\u017ei\u0107noga prikazanja o kojem se svojedobno pisalo u listu \u201eZvon\u010deg horvatskoga glasa\u201c, a koje je potom zagubljeno. Da bi se staroslavna starina obnovila, \u017eupnik Juraj pl. Banekovi\u0107, otev\u0161i prikazanje mi\u0161evimah, potjera svoje ov\u010dice kulturnu uzdignu\u0107u i seljane prisili k u\u010denju teksta i oku\u0161avanju gluma\u010dkih vje\u0161tina \u0161to su Oni vite\u017eki podnijeli i glavni pokus samo \u0161to nije po\u010deo&#8230; Veselje i diku cielom ubavom Mu\u010dnomu Potoku dobavi\u0161e i vesele viesti u kojimah se se doznalo da LADO svojim nastupom \u017eeli uveli\u010dati cieli taj nemali doga\u0111aj obnavljanja ponosne starine&#8230;<\/p>\n<p>******<\/p>\n<p>Najdra\u017ei doga\u0111aj kr\u0161\u0107anskoga svijeta \u2013 Kristovo ro\u0111enje, siroma\u0161ni me\u0111imurski seljak opjevao je na sebi svojstven melankoli\u010dan, gdjekad i duhovit na\u010din. Neumorni sakuplja\u010d narodnih napjeva dr. Vinko \u017dganec prikupio je tu jednostavnu a toliko osebujnu i neposrednu poeziju u zbirci \u201eHrvatske pu\u010dke popijevke iz Me\u0111imurja\u201c. Premda je to zapravo melografska zbirka, skladatelj Tomislav Uhlik nije se slu\u017eio notnim zapisima, ve\u0107 je njima pridru\u017een tekst uglazbio po vlastitoj volji i nadahnu\u0107u. Predstava je praizvedena 13. prosinca 2000. u suradnji s Ansamblom narodnih plesova i pjesama \u201eLado\u201c i uspje\u0161no je igrala do 2012. godine. Godine 2016. predstava je obnovljena u suradnji s SKUD-om &#8220;Ivan Goran Kova\u010di\u0107&#8221;, a 2018. &#8220;Komedija&#8221; i LADO obnavljaju suradnju i predstava nastavlja svoj \u017eivot u izvornoj koprodukciji ovih dviju kulturnih institucija. Kroz pet stavaka, koji \u010dine krajnje slobodnu stilizaciju me\u0111imursko-podravskoga glazbenog izri\u010daja, pjeva\u010di i glazbenici Ansambla LADO te glumci Kazali\u0161ta \u201eKomedija\u201c vode nas od Navje\u0161tenja, preko Marijina i Josipova lutanja u potrazi za prikladnim mjestom za porod, do Tri mudraca koji, slijede\u0107i zvijezde, nalaze malog Isusa, od uspavanke koju Marija nje\u017eno pjeva svome djete\u0161cu do velikoga zavr\u0161nog veselja u Betlehemu koji gori u svjetlosti.<\/p>\n<p>******<\/p>\n<p>Oslanjaju\u0107i se na bogatu tradiciju kajkavskih bo\u017ei\u0107nih prikazanja, koje je jo\u0161 prvi biskup zagreba\u010dki \u010ceh Duch donio u Zagreb u 11. stolje\u0107u (Tractus stelae) na latinskom izvorniku, \u201eKomedija\u201c nastavlja taj sjajni niz s ovom bo\u017ei\u0107nom predstavom. Radost Bo\u017ei\u0107a potaknulo nas je na humoristi\u010dan prikaz \u017eivljenja Isusova ro\u0111enja u na\u0161im selima. Naivnost i oporost sjeverozapadne Hrvatske omogu\u0107avaju i takav pogled na prikazbe koje su se o Bo\u017ei\u0107u \u201espelavale\u201c unatrag nekoliko stolje\u0107a po mnogim na\u0161im crkvama.<\/p>\n<p>Potreba kako je i humor potreban upravo u ove blagdanske dane jest srednjoeuropska tradicija \u010de\u0161ke i poljske \u201evesele pri\u010de\u201c, a i nama bli\u017ei uzor \u2013 Isusova\u010dko kazali\u0161te; naime, i dandanas sjemeni\u0161tarci upravo o Bo\u017ei\u0107u izvode razne komedije kao obvezni dio \u0161kolovanja, a o Uskrsu se izvodi \u201eozbiljan\u201c moralno \u2013 didakti\u010dki komad iz bogate crkvene dramske pro\u0161losti.<\/p>\n<p>Nadamo se da \u0107e ovakva bo\u017ei\u0107na \u010destitka, u duhu \u201eKomedije\u201c, razveseliti svakoga koji je spreman otvorena srca primiti duh Bo\u017ei\u0107a.<\/p>\n<p>\u201eNa tom Mladom letu<br \/>\nZdravi i veseli,<br \/>\nTusti i debeli<br \/>\nKak jeni jeleni!<br \/>\nDej Vam Bog<br \/>\nGo\u0161i\u010d, ra\u010di\u010d, puri\u010d, teli\u010d,<br \/>\nKonjov i volov,<br \/>\nPune lagve vina,<br \/>\nPune hombare \u017eita,<br \/>\nA Bo\u017ejega mira i zdu\u0161nega zveli\u010denja najvi\u0161e!<br \/>\nBog pomori na\u0161e Vede da nadladajo!<br \/>\nFalen bodi Jezu\u0161 Kristu\u0161!<\/p>\n<p><em>(Bo\u017ei\u0107na \u010destitka iz Gotalova, Podravina)<\/em><\/p>\n<p>&nbsp;<\/p>\n","protected":false},"excerpt":{"rendered":"<p>Vid Balog \u2013 Tomislav Uhlik: NARODIL SE MLADI KRALJ (veselo bo\u017ei\u0107no prikazanje s pjevanjem i kolom) Redatelj: Vid Balog Skladatelj: Tomislav Uhlik Glazbeni voditelj &#8211; dirigent: Bojan Pogrmilovi\u0107 Oblikovatelji scenografije: Tomislav Ruszkowski, Romeo Beifuss Voditelj orkestra: Alan Kanski Scenski pokret: Verica Radi\u0107 Igraju\u010di Vl\u010d. Juraj pl. Benekovi\u0107: Damir Lon\u010dar Ga\u0161par: Ivica Zadro Bolti\u017ear alias Boltek: [&hellip;]<\/p>\n","protected":false},"author":5,"featured_media":12694,"parent":1659,"menu_order":0,"comment_status":"closed","ping_status":"closed","template":"","meta":{"ngg_post_thumbnail":0,"footnotes":""},"class_list":["post-10995","page","type-page","status-publish","has-post-thumbnail","hentry"],"yoast_head":"<!-- This site is optimized with the Yoast SEO plugin v27.4 - https:\/\/yoast.com\/product\/yoast-seo-wordpress\/ -->\n<title>NARODIL SE MLADI KRALJ (2018.) - Kazali\u0161te Komedija<\/title>\n<meta name=\"robots\" content=\"index, follow, max-snippet:-1, max-image-preview:large, max-video-preview:-1\" \/>\n<link rel=\"canonical\" href=\"https:\/\/www.komedija.hr\/www\/arhiva-predstava\/narodil-se-mladi-kralj-2\/\" \/>\n<meta property=\"og:locale\" content=\"hr_HR\" \/>\n<meta property=\"og:type\" content=\"article\" \/>\n<meta property=\"og:title\" content=\"NARODIL SE MLADI KRALJ (2018.) - Kazali\u0161te Komedija\" \/>\n<meta property=\"og:description\" content=\"Vid Balog \u2013 Tomislav Uhlik: NARODIL SE MLADI KRALJ (veselo bo\u017ei\u0107no prikazanje s pjevanjem i kolom) Redatelj: Vid Balog Skladatelj: Tomislav Uhlik Glazbeni voditelj &#8211; dirigent: Bojan Pogrmilovi\u0107 Oblikovatelji scenografije: Tomislav Ruszkowski, Romeo Beifuss Voditelj orkestra: Alan Kanski Scenski pokret: Verica Radi\u0107 Igraju\u010di Vl\u010d. Juraj pl. Benekovi\u0107: Damir Lon\u010dar Ga\u0161par: Ivica Zadro Bolti\u017ear alias Boltek: [&hellip;]\" \/>\n<meta property=\"og:url\" content=\"https:\/\/www.komedija.hr\/www\/arhiva-predstava\/narodil-se-mladi-kralj-2\/\" \/>\n<meta property=\"og:site_name\" content=\"Kazali\u0161te Komedija\" \/>\n<meta property=\"article:publisher\" content=\"https:\/\/www.facebook.com\/kazaliste.komedija\/\" \/>\n<meta property=\"article:modified_time\" content=\"2020-09-17T10:58:23+00:00\" \/>\n<meta property=\"og:image\" content=\"https:\/\/www.komedija.hr\/www\/wp-content\/uploads\/2019\/12\/NARODIL-FACEBOOK-HEADER.jpg\" \/>\n\t<meta property=\"og:image:width\" content=\"2500\" \/>\n\t<meta property=\"og:image:height\" content=\"1308\" \/>\n\t<meta property=\"og:image:type\" content=\"image\/jpeg\" \/>\n<meta name=\"twitter:card\" content=\"summary_large_image\" \/>\n<meta name=\"twitter:site\" content=\"@KKomedija\" \/>\n<meta name=\"twitter:label1\" content=\"Procijenjeno vrijeme \u010ditanja\" \/>\n\t<meta name=\"twitter:data1\" content=\"4 minute\" \/>\n<script type=\"application\/ld+json\" class=\"yoast-schema-graph\">{\"@context\":\"https:\\\/\\\/schema.org\",\"@graph\":[{\"@type\":\"WebPage\",\"@id\":\"https:\\\/\\\/www.komedija.hr\\\/www\\\/arhiva-predstava\\\/narodil-se-mladi-kralj-2\\\/\",\"url\":\"https:\\\/\\\/www.komedija.hr\\\/www\\\/arhiva-predstava\\\/narodil-se-mladi-kralj-2\\\/\",\"name\":\"NARODIL SE MLADI KRALJ (2018.) - Kazali\u0161te Komedija\",\"isPartOf\":{\"@id\":\"http:\\\/\\\/www.komedija.hr\\\/www\\\/#website\"},\"primaryImageOfPage\":{\"@id\":\"https:\\\/\\\/www.komedija.hr\\\/www\\\/arhiva-predstava\\\/narodil-se-mladi-kralj-2\\\/#primaryimage\"},\"image\":{\"@id\":\"https:\\\/\\\/www.komedija.hr\\\/www\\\/arhiva-predstava\\\/narodil-se-mladi-kralj-2\\\/#primaryimage\"},\"thumbnailUrl\":\"https:\\\/\\\/www.komedija.hr\\\/www\\\/wp-content\\\/uploads\\\/2019\\\/12\\\/NARODIL-FACEBOOK-HEADER.jpg\",\"datePublished\":\"2018-10-18T11:02:51+00:00\",\"dateModified\":\"2020-09-17T10:58:23+00:00\",\"breadcrumb\":{\"@id\":\"https:\\\/\\\/www.komedija.hr\\\/www\\\/arhiva-predstava\\\/narodil-se-mladi-kralj-2\\\/#breadcrumb\"},\"inLanguage\":\"hr\",\"potentialAction\":[{\"@type\":\"ReadAction\",\"target\":[\"https:\\\/\\\/www.komedija.hr\\\/www\\\/arhiva-predstava\\\/narodil-se-mladi-kralj-2\\\/\"]}]},{\"@type\":\"ImageObject\",\"inLanguage\":\"hr\",\"@id\":\"https:\\\/\\\/www.komedija.hr\\\/www\\\/arhiva-predstava\\\/narodil-se-mladi-kralj-2\\\/#primaryimage\",\"url\":\"https:\\\/\\\/www.komedija.hr\\\/www\\\/wp-content\\\/uploads\\\/2019\\\/12\\\/NARODIL-FACEBOOK-HEADER.jpg\",\"contentUrl\":\"https:\\\/\\\/www.komedija.hr\\\/www\\\/wp-content\\\/uploads\\\/2019\\\/12\\\/NARODIL-FACEBOOK-HEADER.jpg\",\"width\":2500,\"height\":1308},{\"@type\":\"BreadcrumbList\",\"@id\":\"https:\\\/\\\/www.komedija.hr\\\/www\\\/arhiva-predstava\\\/narodil-se-mladi-kralj-2\\\/#breadcrumb\",\"itemListElement\":[{\"@type\":\"ListItem\",\"position\":1,\"name\":\"Po\u010detna stranica\",\"item\":\"http:\\\/\\\/www.komedija.hr\\\/www\\\/\"},{\"@type\":\"ListItem\",\"position\":2,\"name\":\"Arhiva predstava\",\"item\":\"https:\\\/\\\/www.komedija.hr\\\/www\\\/arhiva-predstava\\\/\"},{\"@type\":\"ListItem\",\"position\":3,\"name\":\"NARODIL SE MLADI KRALJ (2018.)\"}]},{\"@type\":\"WebSite\",\"@id\":\"http:\\\/\\\/www.komedija.hr\\\/www\\\/#website\",\"url\":\"http:\\\/\\\/www.komedija.hr\\\/www\\\/\",\"name\":\"Kazali\u0161te Komedija\",\"description\":\"\",\"publisher\":{\"@id\":\"http:\\\/\\\/www.komedija.hr\\\/www\\\/#organization\"},\"potentialAction\":[{\"@type\":\"SearchAction\",\"target\":{\"@type\":\"EntryPoint\",\"urlTemplate\":\"http:\\\/\\\/www.komedija.hr\\\/www\\\/?s={search_term_string}\"},\"query-input\":{\"@type\":\"PropertyValueSpecification\",\"valueRequired\":true,\"valueName\":\"search_term_string\"}}],\"inLanguage\":\"hr\"},{\"@type\":\"Organization\",\"@id\":\"http:\\\/\\\/www.komedija.hr\\\/www\\\/#organization\",\"name\":\"Zagreba\u010dko gradsko Kazali\u0161ta Komedija\",\"url\":\"http:\\\/\\\/www.komedija.hr\\\/www\\\/\",\"logo\":{\"@type\":\"ImageObject\",\"inLanguage\":\"hr\",\"@id\":\"http:\\\/\\\/www.komedija.hr\\\/www\\\/#\\\/schema\\\/logo\\\/image\\\/\",\"url\":\"https:\\\/\\\/www.komedija.hr\\\/www\\\/wp-content\\\/uploads\\\/2020\\\/02\\\/cropped-Kazaliste_Komedija_logo_2.png\",\"contentUrl\":\"https:\\\/\\\/www.komedija.hr\\\/www\\\/wp-content\\\/uploads\\\/2020\\\/02\\\/cropped-Kazaliste_Komedija_logo_2.png\",\"width\":512,\"height\":512,\"caption\":\"Zagreba\u010dko gradsko Kazali\u0161ta Komedija\"},\"image\":{\"@id\":\"http:\\\/\\\/www.komedija.hr\\\/www\\\/#\\\/schema\\\/logo\\\/image\\\/\"},\"sameAs\":[\"https:\\\/\\\/www.facebook.com\\\/kazaliste.komedija\\\/\",\"https:\\\/\\\/x.com\\\/KKomedija\",\"https:\\\/\\\/www.instagram.com\\\/kazaliste_komedija\\\/\",\"https:\\\/\\\/www.youtube.com\\\/channel\\\/UC1NcapMYUXJW3miW_oPxT5w\\\/videos\"]}]}<\/script>\n<!-- \/ Yoast SEO plugin. -->","yoast_head_json":{"title":"NARODIL SE MLADI KRALJ (2018.) - Kazali\u0161te Komedija","robots":{"index":"index","follow":"follow","max-snippet":"max-snippet:-1","max-image-preview":"max-image-preview:large","max-video-preview":"max-video-preview:-1"},"canonical":"https:\/\/www.komedija.hr\/www\/arhiva-predstava\/narodil-se-mladi-kralj-2\/","og_locale":"hr_HR","og_type":"article","og_title":"NARODIL SE MLADI KRALJ (2018.) - Kazali\u0161te Komedija","og_description":"Vid Balog \u2013 Tomislav Uhlik: NARODIL SE MLADI KRALJ (veselo bo\u017ei\u0107no prikazanje s pjevanjem i kolom) Redatelj: Vid Balog Skladatelj: Tomislav Uhlik Glazbeni voditelj &#8211; dirigent: Bojan Pogrmilovi\u0107 Oblikovatelji scenografije: Tomislav Ruszkowski, Romeo Beifuss Voditelj orkestra: Alan Kanski Scenski pokret: Verica Radi\u0107 Igraju\u010di Vl\u010d. Juraj pl. Benekovi\u0107: Damir Lon\u010dar Ga\u0161par: Ivica Zadro Bolti\u017ear alias Boltek: [&hellip;]","og_url":"https:\/\/www.komedija.hr\/www\/arhiva-predstava\/narodil-se-mladi-kralj-2\/","og_site_name":"Kazali\u0161te Komedija","article_publisher":"https:\/\/www.facebook.com\/kazaliste.komedija\/","article_modified_time":"2020-09-17T10:58:23+00:00","og_image":[{"width":2500,"height":1308,"url":"https:\/\/www.komedija.hr\/www\/wp-content\/uploads\/2019\/12\/NARODIL-FACEBOOK-HEADER.jpg","type":"image\/jpeg"}],"twitter_card":"summary_large_image","twitter_site":"@KKomedija","twitter_misc":{"Procijenjeno vrijeme \u010ditanja":"4 minute"},"schema":{"@context":"https:\/\/schema.org","@graph":[{"@type":"WebPage","@id":"https:\/\/www.komedija.hr\/www\/arhiva-predstava\/narodil-se-mladi-kralj-2\/","url":"https:\/\/www.komedija.hr\/www\/arhiva-predstava\/narodil-se-mladi-kralj-2\/","name":"NARODIL SE MLADI KRALJ (2018.) - Kazali\u0161te Komedija","isPartOf":{"@id":"http:\/\/www.komedija.hr\/www\/#website"},"primaryImageOfPage":{"@id":"https:\/\/www.komedija.hr\/www\/arhiva-predstava\/narodil-se-mladi-kralj-2\/#primaryimage"},"image":{"@id":"https:\/\/www.komedija.hr\/www\/arhiva-predstava\/narodil-se-mladi-kralj-2\/#primaryimage"},"thumbnailUrl":"https:\/\/www.komedija.hr\/www\/wp-content\/uploads\/2019\/12\/NARODIL-FACEBOOK-HEADER.jpg","datePublished":"2018-10-18T11:02:51+00:00","dateModified":"2020-09-17T10:58:23+00:00","breadcrumb":{"@id":"https:\/\/www.komedija.hr\/www\/arhiva-predstava\/narodil-se-mladi-kralj-2\/#breadcrumb"},"inLanguage":"hr","potentialAction":[{"@type":"ReadAction","target":["https:\/\/www.komedija.hr\/www\/arhiva-predstava\/narodil-se-mladi-kralj-2\/"]}]},{"@type":"ImageObject","inLanguage":"hr","@id":"https:\/\/www.komedija.hr\/www\/arhiva-predstava\/narodil-se-mladi-kralj-2\/#primaryimage","url":"https:\/\/www.komedija.hr\/www\/wp-content\/uploads\/2019\/12\/NARODIL-FACEBOOK-HEADER.jpg","contentUrl":"https:\/\/www.komedija.hr\/www\/wp-content\/uploads\/2019\/12\/NARODIL-FACEBOOK-HEADER.jpg","width":2500,"height":1308},{"@type":"BreadcrumbList","@id":"https:\/\/www.komedija.hr\/www\/arhiva-predstava\/narodil-se-mladi-kralj-2\/#breadcrumb","itemListElement":[{"@type":"ListItem","position":1,"name":"Po\u010detna stranica","item":"http:\/\/www.komedija.hr\/www\/"},{"@type":"ListItem","position":2,"name":"Arhiva predstava","item":"https:\/\/www.komedija.hr\/www\/arhiva-predstava\/"},{"@type":"ListItem","position":3,"name":"NARODIL SE MLADI KRALJ (2018.)"}]},{"@type":"WebSite","@id":"http:\/\/www.komedija.hr\/www\/#website","url":"http:\/\/www.komedija.hr\/www\/","name":"Kazali\u0161te Komedija","description":"","publisher":{"@id":"http:\/\/www.komedija.hr\/www\/#organization"},"potentialAction":[{"@type":"SearchAction","target":{"@type":"EntryPoint","urlTemplate":"http:\/\/www.komedija.hr\/www\/?s={search_term_string}"},"query-input":{"@type":"PropertyValueSpecification","valueRequired":true,"valueName":"search_term_string"}}],"inLanguage":"hr"},{"@type":"Organization","@id":"http:\/\/www.komedija.hr\/www\/#organization","name":"Zagreba\u010dko gradsko Kazali\u0161ta Komedija","url":"http:\/\/www.komedija.hr\/www\/","logo":{"@type":"ImageObject","inLanguage":"hr","@id":"http:\/\/www.komedija.hr\/www\/#\/schema\/logo\/image\/","url":"https:\/\/www.komedija.hr\/www\/wp-content\/uploads\/2020\/02\/cropped-Kazaliste_Komedija_logo_2.png","contentUrl":"https:\/\/www.komedija.hr\/www\/wp-content\/uploads\/2020\/02\/cropped-Kazaliste_Komedija_logo_2.png","width":512,"height":512,"caption":"Zagreba\u010dko gradsko Kazali\u0161ta Komedija"},"image":{"@id":"http:\/\/www.komedija.hr\/www\/#\/schema\/logo\/image\/"},"sameAs":["https:\/\/www.facebook.com\/kazaliste.komedija\/","https:\/\/x.com\/KKomedija","https:\/\/www.instagram.com\/kazaliste_komedija\/","https:\/\/www.youtube.com\/channel\/UC1NcapMYUXJW3miW_oPxT5w\/videos"]}]}},"_links":{"self":[{"href":"https:\/\/www.komedija.hr\/www\/wp-json\/wp\/v2\/pages\/10995","targetHints":{"allow":["GET"]}}],"collection":[{"href":"https:\/\/www.komedija.hr\/www\/wp-json\/wp\/v2\/pages"}],"about":[{"href":"https:\/\/www.komedija.hr\/www\/wp-json\/wp\/v2\/types\/page"}],"author":[{"embeddable":true,"href":"https:\/\/www.komedija.hr\/www\/wp-json\/wp\/v2\/users\/5"}],"replies":[{"embeddable":true,"href":"https:\/\/www.komedija.hr\/www\/wp-json\/wp\/v2\/comments?post=10995"}],"version-history":[{"count":0,"href":"https:\/\/www.komedija.hr\/www\/wp-json\/wp\/v2\/pages\/10995\/revisions"}],"up":[{"embeddable":true,"href":"https:\/\/www.komedija.hr\/www\/wp-json\/wp\/v2\/pages\/1659"}],"wp:featuredmedia":[{"embeddable":true,"href":"https:\/\/www.komedija.hr\/www\/wp-json\/wp\/v2\/media\/12694"}],"wp:attachment":[{"href":"https:\/\/www.komedija.hr\/www\/wp-json\/wp\/v2\/media?parent=10995"}],"curies":[{"name":"wp","href":"https:\/\/api.w.org\/{rel}","templated":true}]}}