{"id":11269,"date":"2018-11-30T11:23:04","date_gmt":"2018-11-30T10:23:04","guid":{"rendered":"http:\/\/www.komedija.hr\/www\/?page_id=11269"},"modified":"2020-09-17T12:56:57","modified_gmt":"2020-09-17T10:56:57","slug":"bozicni-koncert","status":"publish","type":"page","link":"https:\/\/www.komedija.hr\/www\/arhiva-predstava\/bozicni-koncert\/","title":{"rendered":"BO\u017dI\u0106NI KONCERT"},"content":{"rendered":"<p><strong>Kazali\u0161te &#8220;Komedija&#8221;<\/strong> i <strong>Husar&amp;Tom\u010di\u0107<\/strong> \u0161kola pjevanja udru\u017eile su snage i za adventsko vrijeme pripremaju pravu glazbenu poslasticu: <strong>Bo\u017ei\u0107ni koncert<\/strong>!<\/p>\n<p>Sudjeluju polaznici Husar&amp;Tom\u010di\u0107 \u0161kole pjevanja i solisti Kazali\u0161ta Komedija\u00a0 <a href=\"http:\/\/www.komedija.hr\/www\/ansambl-2\/pjevaci\/bagaric-sandra\/\"><strong>Sandra Bagari\u0107<\/strong><\/a>, <a href=\"http:\/\/www.komedija.hr\/www\/ansambl-2\/pjevaci\/pintaric-danijela\/\"><strong>Danijela Pintari\u0107<\/strong><\/a>, <a href=\"http:\/\/www.komedija.hr\/www\/ansambl-2\/glumci\/vanda-winter\/\"><strong>Vanda Winter<\/strong><\/a> i <a href=\"http:\/\/www.komedija.hr\/www\/ansambl-2\/glumci\/drazen-bratulic\/\"><strong>Dra\u017een Bratuli\u0107<\/strong><\/a> te Orkestar Kazali\u0161ta Komedija pod ravnanjem maestra <a href=\"#cmp-12404\"><strong>Davora Keli\u0107a<\/strong><\/a>.<\/p>\n<p>Koncerti su na programu <strong>11. i 12. prosinca 2019.<\/strong><\/p>\n<p>Program su osmislile osniva\u010dice \u0161kole pjevanja, mentorice te ujedno i umjetni\u010dke ravnateljice svih programa i projekata <strong>Ivana Husar<\/strong> i <strong>Martina Tom\u010di\u0107<\/strong>. Suradnice na projektu su su <strong>Djordjija Pali\u0107<\/strong>, <strong>Ines Mileti\u0107<\/strong> i <strong>Maja \u0160ivak<\/strong> kao vokalne mentorice te koreografkinja <strong>Tihana Strme\u010dki<\/strong> uz <strong>Andreu Grani\u0107<\/strong>. Ovogodi\u0161nji Bo\u017ei\u0107ni koncert vizualno-re\u017eijski potpisuje <strong>Petra Radin<\/strong>.<\/p>\n<p>Cijena ulaznica: <strong>100,00<\/strong> i <strong>150,00 kn<\/strong><\/p>\n<p>&nbsp;<\/p>\n<p>Kako je bilo pro\u0161le godine:<\/p>\n<div style=\"text-algn:left\"><span style=\"display:inline-block;text-align:center;\"><iframe allow=\"autoplay\" class=\"youtube_embed_iframe\"    allowFullScreen=\"true\" style=\"width:640px; height:360px\" src=\"https:\/\/www.youtube.com\/embed\/tZkcVHNv0qA?autoplay=0&theme=dark&loop=0&fs=1&showinfo=1&modestbranding=0&iv_load_policy=3&color=red&autohide=1&disablekb=0&enablejsapi=1&version=3\"><\/iframe><\/span><\/div>\n<p>&nbsp;<\/p>\n","protected":false},"excerpt":{"rendered":"<p>Kazali\u0161te &#8220;Komedija&#8221; i Husar&amp;Tom\u010di\u0107 \u0161kola pjevanja udru\u017eile su snage i za adventsko vrijeme pripremaju pravu glazbenu poslasticu: Bo\u017ei\u0107ni koncert! Sudjeluju polaznici Husar&amp;Tom\u010di\u0107 \u0161kole pjevanja i solisti Kazali\u0161ta Komedija\u00a0 Sandra Bagari\u0107, Danijela Pintari\u0107, Vanda Winter i Dra\u017een Bratuli\u0107 te Orkestar Kazali\u0161ta Komedija pod ravnanjem maestra Davora Keli\u0107a. Koncerti su na programu 11. i 12. prosinca 2019. [&hellip;]<\/p>\n","protected":false},"author":5,"featured_media":12678,"parent":1659,"menu_order":0,"comment_status":"closed","ping_status":"closed","template":"","meta":{"ngg_post_thumbnail":0,"footnotes":""},"class_list":["post-11269","page","type-page","status-publish","has-post-thumbnail","hentry"],"yoast_head":"<!-- This site is optimized with the Yoast SEO plugin v27.4 - https:\/\/yoast.com\/product\/yoast-seo-wordpress\/ -->\n<title>BO\u017dI\u0106NI KONCERT - Kazali\u0161te Komedija<\/title>\n<meta name=\"robots\" content=\"index, follow, max-snippet:-1, max-image-preview:large, max-video-preview:-1\" \/>\n<link rel=\"canonical\" href=\"https:\/\/www.komedija.hr\/www\/arhiva-predstava\/bozicni-koncert\/\" \/>\n<meta property=\"og:locale\" content=\"hr_HR\" \/>\n<meta property=\"og:type\" content=\"article\" \/>\n<meta property=\"og:title\" content=\"BO\u017dI\u0106NI KONCERT - Kazali\u0161te Komedija\" \/>\n<meta property=\"og:description\" content=\"Kazali\u0161te &#8220;Komedija&#8221; i Husar&amp;Tom\u010di\u0107 \u0161kola pjevanja udru\u017eile su snage i za adventsko vrijeme pripremaju pravu glazbenu poslasticu: Bo\u017ei\u0107ni koncert! Sudjeluju polaznici Husar&amp;Tom\u010di\u0107 \u0161kole pjevanja i solisti Kazali\u0161ta Komedija\u00a0 Sandra Bagari\u0107, Danijela Pintari\u0107, Vanda Winter i Dra\u017een Bratuli\u0107 te Orkestar Kazali\u0161ta Komedija pod ravnanjem maestra Davora Keli\u0107a. Koncerti su na programu 11. i 12. prosinca 2019. [&hellip;]\" \/>\n<meta property=\"og:url\" content=\"https:\/\/www.komedija.hr\/www\/arhiva-predstava\/bozicni-koncert\/\" \/>\n<meta property=\"og:site_name\" content=\"Kazali\u0161te Komedija\" \/>\n<meta property=\"article:publisher\" content=\"https:\/\/www.facebook.com\/kazaliste.komedija\/\" \/>\n<meta property=\"article:modified_time\" content=\"2020-09-17T10:56:57+00:00\" \/>\n<meta property=\"og:image\" content=\"https:\/\/www.komedija.hr\/www\/wp-content\/uploads\/2019\/11\/Bozicni_Facebook_post.jpg\" \/>\n\t<meta property=\"og:image:width\" content=\"1200\" \/>\n\t<meta property=\"og:image:height\" content=\"628\" \/>\n\t<meta property=\"og:image:type\" content=\"image\/jpeg\" \/>\n<meta name=\"twitter:card\" content=\"summary_large_image\" \/>\n<meta name=\"twitter:site\" content=\"@KKomedija\" \/>\n<meta name=\"twitter:label1\" content=\"Procijenjeno vrijeme \u010ditanja\" \/>\n\t<meta name=\"twitter:data1\" content=\"1 minuta\" \/>\n<script type=\"application\/ld+json\" class=\"yoast-schema-graph\">{\"@context\":\"https:\\\/\\\/schema.org\",\"@graph\":[{\"@type\":\"WebPage\",\"@id\":\"https:\\\/\\\/www.komedija.hr\\\/www\\\/arhiva-predstava\\\/bozicni-koncert\\\/\",\"url\":\"https:\\\/\\\/www.komedija.hr\\\/www\\\/arhiva-predstava\\\/bozicni-koncert\\\/\",\"name\":\"BO\u017dI\u0106NI KONCERT - Kazali\u0161te Komedija\",\"isPartOf\":{\"@id\":\"http:\\\/\\\/www.komedija.hr\\\/www\\\/#website\"},\"primaryImageOfPage\":{\"@id\":\"https:\\\/\\\/www.komedija.hr\\\/www\\\/arhiva-predstava\\\/bozicni-koncert\\\/#primaryimage\"},\"image\":{\"@id\":\"https:\\\/\\\/www.komedija.hr\\\/www\\\/arhiva-predstava\\\/bozicni-koncert\\\/#primaryimage\"},\"thumbnailUrl\":\"https:\\\/\\\/www.komedija.hr\\\/www\\\/wp-content\\\/uploads\\\/2019\\\/11\\\/Bozicni_Facebook_post.jpg\",\"datePublished\":\"2018-11-30T10:23:04+00:00\",\"dateModified\":\"2020-09-17T10:56:57+00:00\",\"breadcrumb\":{\"@id\":\"https:\\\/\\\/www.komedija.hr\\\/www\\\/arhiva-predstava\\\/bozicni-koncert\\\/#breadcrumb\"},\"inLanguage\":\"hr\",\"potentialAction\":[{\"@type\":\"ReadAction\",\"target\":[\"https:\\\/\\\/www.komedija.hr\\\/www\\\/arhiva-predstava\\\/bozicni-koncert\\\/\"]}]},{\"@type\":\"ImageObject\",\"inLanguage\":\"hr\",\"@id\":\"https:\\\/\\\/www.komedija.hr\\\/www\\\/arhiva-predstava\\\/bozicni-koncert\\\/#primaryimage\",\"url\":\"https:\\\/\\\/www.komedija.hr\\\/www\\\/wp-content\\\/uploads\\\/2019\\\/11\\\/Bozicni_Facebook_post.jpg\",\"contentUrl\":\"https:\\\/\\\/www.komedija.hr\\\/www\\\/wp-content\\\/uploads\\\/2019\\\/11\\\/Bozicni_Facebook_post.jpg\",\"width\":1200,\"height\":628},{\"@type\":\"BreadcrumbList\",\"@id\":\"https:\\\/\\\/www.komedija.hr\\\/www\\\/arhiva-predstava\\\/bozicni-koncert\\\/#breadcrumb\",\"itemListElement\":[{\"@type\":\"ListItem\",\"position\":1,\"name\":\"Po\u010detna stranica\",\"item\":\"http:\\\/\\\/www.komedija.hr\\\/www\\\/\"},{\"@type\":\"ListItem\",\"position\":2,\"name\":\"Arhiva predstava\",\"item\":\"https:\\\/\\\/www.komedija.hr\\\/www\\\/arhiva-predstava\\\/\"},{\"@type\":\"ListItem\",\"position\":3,\"name\":\"BO\u017dI\u0106NI KONCERT\"}]},{\"@type\":\"WebSite\",\"@id\":\"http:\\\/\\\/www.komedija.hr\\\/www\\\/#website\",\"url\":\"http:\\\/\\\/www.komedija.hr\\\/www\\\/\",\"name\":\"Kazali\u0161te Komedija\",\"description\":\"\",\"publisher\":{\"@id\":\"http:\\\/\\\/www.komedija.hr\\\/www\\\/#organization\"},\"potentialAction\":[{\"@type\":\"SearchAction\",\"target\":{\"@type\":\"EntryPoint\",\"urlTemplate\":\"http:\\\/\\\/www.komedija.hr\\\/www\\\/?s={search_term_string}\"},\"query-input\":{\"@type\":\"PropertyValueSpecification\",\"valueRequired\":true,\"valueName\":\"search_term_string\"}}],\"inLanguage\":\"hr\"},{\"@type\":\"Organization\",\"@id\":\"http:\\\/\\\/www.komedija.hr\\\/www\\\/#organization\",\"name\":\"Zagreba\u010dko gradsko Kazali\u0161ta Komedija\",\"url\":\"http:\\\/\\\/www.komedija.hr\\\/www\\\/\",\"logo\":{\"@type\":\"ImageObject\",\"inLanguage\":\"hr\",\"@id\":\"http:\\\/\\\/www.komedija.hr\\\/www\\\/#\\\/schema\\\/logo\\\/image\\\/\",\"url\":\"https:\\\/\\\/www.komedija.hr\\\/www\\\/wp-content\\\/uploads\\\/2020\\\/02\\\/cropped-Kazaliste_Komedija_logo_2.png\",\"contentUrl\":\"https:\\\/\\\/www.komedija.hr\\\/www\\\/wp-content\\\/uploads\\\/2020\\\/02\\\/cropped-Kazaliste_Komedija_logo_2.png\",\"width\":512,\"height\":512,\"caption\":\"Zagreba\u010dko gradsko Kazali\u0161ta Komedija\"},\"image\":{\"@id\":\"http:\\\/\\\/www.komedija.hr\\\/www\\\/#\\\/schema\\\/logo\\\/image\\\/\"},\"sameAs\":[\"https:\\\/\\\/www.facebook.com\\\/kazaliste.komedija\\\/\",\"https:\\\/\\\/x.com\\\/KKomedija\",\"https:\\\/\\\/www.instagram.com\\\/kazaliste_komedija\\\/\",\"https:\\\/\\\/www.youtube.com\\\/channel\\\/UC1NcapMYUXJW3miW_oPxT5w\\\/videos\"]}]}<\/script>\n<!-- \/ Yoast SEO plugin. -->","yoast_head_json":{"title":"BO\u017dI\u0106NI KONCERT - Kazali\u0161te Komedija","robots":{"index":"index","follow":"follow","max-snippet":"max-snippet:-1","max-image-preview":"max-image-preview:large","max-video-preview":"max-video-preview:-1"},"canonical":"https:\/\/www.komedija.hr\/www\/arhiva-predstava\/bozicni-koncert\/","og_locale":"hr_HR","og_type":"article","og_title":"BO\u017dI\u0106NI KONCERT - Kazali\u0161te Komedija","og_description":"Kazali\u0161te &#8220;Komedija&#8221; i Husar&amp;Tom\u010di\u0107 \u0161kola pjevanja udru\u017eile su snage i za adventsko vrijeme pripremaju pravu glazbenu poslasticu: Bo\u017ei\u0107ni koncert! Sudjeluju polaznici Husar&amp;Tom\u010di\u0107 \u0161kole pjevanja i solisti Kazali\u0161ta Komedija\u00a0 Sandra Bagari\u0107, Danijela Pintari\u0107, Vanda Winter i Dra\u017een Bratuli\u0107 te Orkestar Kazali\u0161ta Komedija pod ravnanjem maestra Davora Keli\u0107a. Koncerti su na programu 11. i 12. prosinca 2019. [&hellip;]","og_url":"https:\/\/www.komedija.hr\/www\/arhiva-predstava\/bozicni-koncert\/","og_site_name":"Kazali\u0161te Komedija","article_publisher":"https:\/\/www.facebook.com\/kazaliste.komedija\/","article_modified_time":"2020-09-17T10:56:57+00:00","og_image":[{"width":1200,"height":628,"url":"https:\/\/www.komedija.hr\/www\/wp-content\/uploads\/2019\/11\/Bozicni_Facebook_post.jpg","type":"image\/jpeg"}],"twitter_card":"summary_large_image","twitter_site":"@KKomedija","twitter_misc":{"Procijenjeno vrijeme \u010ditanja":"1 minuta"},"schema":{"@context":"https:\/\/schema.org","@graph":[{"@type":"WebPage","@id":"https:\/\/www.komedija.hr\/www\/arhiva-predstava\/bozicni-koncert\/","url":"https:\/\/www.komedija.hr\/www\/arhiva-predstava\/bozicni-koncert\/","name":"BO\u017dI\u0106NI KONCERT - Kazali\u0161te Komedija","isPartOf":{"@id":"http:\/\/www.komedija.hr\/www\/#website"},"primaryImageOfPage":{"@id":"https:\/\/www.komedija.hr\/www\/arhiva-predstava\/bozicni-koncert\/#primaryimage"},"image":{"@id":"https:\/\/www.komedija.hr\/www\/arhiva-predstava\/bozicni-koncert\/#primaryimage"},"thumbnailUrl":"https:\/\/www.komedija.hr\/www\/wp-content\/uploads\/2019\/11\/Bozicni_Facebook_post.jpg","datePublished":"2018-11-30T10:23:04+00:00","dateModified":"2020-09-17T10:56:57+00:00","breadcrumb":{"@id":"https:\/\/www.komedija.hr\/www\/arhiva-predstava\/bozicni-koncert\/#breadcrumb"},"inLanguage":"hr","potentialAction":[{"@type":"ReadAction","target":["https:\/\/www.komedija.hr\/www\/arhiva-predstava\/bozicni-koncert\/"]}]},{"@type":"ImageObject","inLanguage":"hr","@id":"https:\/\/www.komedija.hr\/www\/arhiva-predstava\/bozicni-koncert\/#primaryimage","url":"https:\/\/www.komedija.hr\/www\/wp-content\/uploads\/2019\/11\/Bozicni_Facebook_post.jpg","contentUrl":"https:\/\/www.komedija.hr\/www\/wp-content\/uploads\/2019\/11\/Bozicni_Facebook_post.jpg","width":1200,"height":628},{"@type":"BreadcrumbList","@id":"https:\/\/www.komedija.hr\/www\/arhiva-predstava\/bozicni-koncert\/#breadcrumb","itemListElement":[{"@type":"ListItem","position":1,"name":"Po\u010detna stranica","item":"http:\/\/www.komedija.hr\/www\/"},{"@type":"ListItem","position":2,"name":"Arhiva predstava","item":"https:\/\/www.komedija.hr\/www\/arhiva-predstava\/"},{"@type":"ListItem","position":3,"name":"BO\u017dI\u0106NI KONCERT"}]},{"@type":"WebSite","@id":"http:\/\/www.komedija.hr\/www\/#website","url":"http:\/\/www.komedija.hr\/www\/","name":"Kazali\u0161te Komedija","description":"","publisher":{"@id":"http:\/\/www.komedija.hr\/www\/#organization"},"potentialAction":[{"@type":"SearchAction","target":{"@type":"EntryPoint","urlTemplate":"http:\/\/www.komedija.hr\/www\/?s={search_term_string}"},"query-input":{"@type":"PropertyValueSpecification","valueRequired":true,"valueName":"search_term_string"}}],"inLanguage":"hr"},{"@type":"Organization","@id":"http:\/\/www.komedija.hr\/www\/#organization","name":"Zagreba\u010dko gradsko Kazali\u0161ta Komedija","url":"http:\/\/www.komedija.hr\/www\/","logo":{"@type":"ImageObject","inLanguage":"hr","@id":"http:\/\/www.komedija.hr\/www\/#\/schema\/logo\/image\/","url":"https:\/\/www.komedija.hr\/www\/wp-content\/uploads\/2020\/02\/cropped-Kazaliste_Komedija_logo_2.png","contentUrl":"https:\/\/www.komedija.hr\/www\/wp-content\/uploads\/2020\/02\/cropped-Kazaliste_Komedija_logo_2.png","width":512,"height":512,"caption":"Zagreba\u010dko gradsko Kazali\u0161ta Komedija"},"image":{"@id":"http:\/\/www.komedija.hr\/www\/#\/schema\/logo\/image\/"},"sameAs":["https:\/\/www.facebook.com\/kazaliste.komedija\/","https:\/\/x.com\/KKomedija","https:\/\/www.instagram.com\/kazaliste_komedija\/","https:\/\/www.youtube.com\/channel\/UC1NcapMYUXJW3miW_oPxT5w\/videos"]}]}},"_links":{"self":[{"href":"https:\/\/www.komedija.hr\/www\/wp-json\/wp\/v2\/pages\/11269","targetHints":{"allow":["GET"]}}],"collection":[{"href":"https:\/\/www.komedija.hr\/www\/wp-json\/wp\/v2\/pages"}],"about":[{"href":"https:\/\/www.komedija.hr\/www\/wp-json\/wp\/v2\/types\/page"}],"author":[{"embeddable":true,"href":"https:\/\/www.komedija.hr\/www\/wp-json\/wp\/v2\/users\/5"}],"replies":[{"embeddable":true,"href":"https:\/\/www.komedija.hr\/www\/wp-json\/wp\/v2\/comments?post=11269"}],"version-history":[{"count":0,"href":"https:\/\/www.komedija.hr\/www\/wp-json\/wp\/v2\/pages\/11269\/revisions"}],"up":[{"embeddable":true,"href":"https:\/\/www.komedija.hr\/www\/wp-json\/wp\/v2\/pages\/1659"}],"wp:featuredmedia":[{"embeddable":true,"href":"https:\/\/www.komedija.hr\/www\/wp-json\/wp\/v2\/media\/12678"}],"wp:attachment":[{"href":"https:\/\/www.komedija.hr\/www\/wp-json\/wp\/v2\/media?parent=11269"}],"curies":[{"name":"wp","href":"https:\/\/api.w.org\/{rel}","templated":true}]}}