{"id":12,"date":"2011-07-27T06:55:52","date_gmt":"2011-07-27T06:55:52","guid":{"rendered":"http:\/\/www.komedija.hr\/web\/?page_id=12"},"modified":"2026-02-04T12:17:08","modified_gmt":"2026-02-04T11:17:08","slug":"ulaznice","status":"publish","type":"page","link":"https:\/\/www.komedija.hr\/www\/ulaznice\/","title":{"rendered":"Ulaznice"},"content":{"rendered":"<p><a href=\"https:\/\/www.ulaznice.hr\/web\/regular\/31442422\"><img decoding=\"async\" class=\"aligncenter wp-image-7613 size-full\" src=\"https:\/\/www.komedija.hr\/www\/wp-content\/uploads\/2011\/07\/banner-2.jpg\" alt=\"banner\" width=\"468\" height=\"60\" srcset=\"https:\/\/www.komedija.hr\/www\/wp-content\/uploads\/2011\/07\/banner-2.jpg 468w, https:\/\/www.komedija.hr\/www\/wp-content\/uploads\/2011\/07\/banner-2-300x38.jpg 300w\" sizes=\"(max-width: 468px) 100vw, 468px\" \/><\/a><\/p>\n<p>&nbsp;<\/p>\n<p><strong>BLAGAJNA OKTOGON, <\/strong>Ilica 5 i <strong>BLAGAJNA KAPTOL, <\/strong>Kaptol 9 <strong>DO DALJNJEGA SU ZATVORENE.<\/strong><\/p>\n<p><strong>Ulaznice je mogu\u0107e kupiti on-line na linku<\/strong><strong>&nbsp;<a href=\"https:\/\/www.ulaznice.hr\/web\/regular\/31442422\">www.ulaznice.hr&nbsp;<\/a><\/strong><\/p>\n<p><strong>Blagajna KLUBA KAZALI\u0160TA KOMEDIJA<\/strong>, Cesar\u010deva 2, otvorena je od 18:30 isklju\u010divo u dane kad se u Klubu odr\u017eava program.&nbsp;<\/p>\n<p><strong>On-line prodaja ulaznica (sve): <a href=\"https:\/\/www.ulaznice.hr\/web\/regular\/31442422\" target=\"_blank\" rel=\"noopener noreferrer\">www.ulaznice.hr<\/a><\/strong><\/p>\n<p><strong>REZERVACIJA ULAZNICA ZA KOLEKTIVE (vi\u0161e od 20 ulaznica, uz narud\u017ebenicu): 01\/64 07 971<\/strong><\/p>\n<p><strong>**********************************************************************************************<\/strong><\/p>\n<p><strong>CJENIK ULAZNICA U SEZONI 2025.\/2026.<\/strong><\/p>\n<p><strong><br \/>\nDRAMSKE PREDSTAVE: 15,00 \u20ac i 20,00 \u20ac<\/strong><\/p>\n<p><strong>GLAZBENE PREDSTAVE: <\/strong><strong>20,00 \u20ac <\/strong>i <strong>25,00 \u20ac*<\/strong><\/p>\n<p><em>*<\/em><strong>JADNICI<\/strong><em>: <\/em><strong>30,00 \u20ac i 40,00 \u20ac<\/strong><\/p>\n<p><strong>*LJEPOTICA I ZVIJER: 16,00 \u20ac, 24,00 \u20ac i 30,00 \u20ac<\/strong> (izvodi se u KD Vatroslava Lisinskog; ulaznice se prodaju online na ulaznice.hr i na blagajnama kazali\u0161ta Komedija i KD Vatroslava Lisinskog);<\/p>\n<p><strong>&nbsp;*PONOS I PREDRASUDE &#8211; UVERTIRA: <\/strong>(izvodi se u Pala\u010di Dverce): <strong>40 \u20ac<\/strong><\/p>\n<p><strong>PREDSTAVE U KLUBU KAZALI\u0160TA KOMEDIJA<\/strong> (izvode se u Klubu Kazali\u0161ta Komedija, Cesar\u010deva 2)<strong>:<\/strong><\/p>\n<p><em>Cabaret Zagrep\u010danke i stati\u010dar, Kaj je ljubav i Balade: <\/em><strong>15,00 \u20ac<\/strong><\/p>\n<p><em>Cabaret \u201eEsprit de Paris\u201c by Miro Ungar: <\/em><strong>16,00 \u20ac i 23,00 \u20ac<\/strong><\/p>\n<p><em>Cabaret &#8220;Orient Express&#8221; by Miro Ungar<\/em>: <strong>20,00 i 30,00 \u20ac<\/strong><\/p>\n<p>&nbsp;<\/p>\n<p><strong>POPUSTI (vrijede isklju\u010divo na blagajnama Komedije):<\/strong><\/p>\n<p><strong>Popusti za grupe:<\/strong><\/p>\n<ul>\n<li><strong>Kolektivi:<\/strong> <strong>20%<\/strong> (uz narud\u017ebenicu, za 20 i vi\u0161e ulaznica);<\/li>\n<li><strong>Udruge umirovljenika, \u0161kole i fakulteti: 30% <\/strong>(uz narud\u017ebenicu, za 20 i vi\u0161e ulaznica); (osim: <strong>Ljepotica i Zvijer \u2013 20 %<\/strong>)<\/li>\n<li><strong>Kolektivi \u2013 uz potpisan ugovor i pla\u0107anje unaprijed dogovorenog iznosa<\/strong>: <strong>20%<\/strong> (vrijedi samo za predstave u kazali\u0161tu Komedija)<\/li>\n<\/ul>\n<p><strong>Popusti za pojedince (uz <u>obavezno<\/u> predo\u010denje dokaza o statusu):<\/strong><\/p>\n<ul>\n<li><strong>Umirovljenici, studenti, u\u010denici, branitelji, osobe sa invaliditetom:<\/strong> <strong>20%<\/strong> na DVIJE ulaznice;<\/li>\n<li><strong>Osoba u invalidskim kolicima: <\/strong>JEDNA besplatna ulaznica i JEDNA ulaznica sa 20% popusta za pratnju (uz prethodnu najavu \u2013 broj mjesta ograni\u010den)<\/li>\n<li><strong>Popust za gra\u0111anstvo: 10% <\/strong>na \u0160EST ili vi\u0161e ulaznica<\/li>\n<li><strong>Obiteljski popust<\/strong>: Za dijete do 15 godina, u pratnji odrasle osobe (uz jednu ulaznicu kupljenu po punoj cijeni): <strong>30%<\/strong> po djetetu (ukoliko dijete uzrasta do 3 godine sjedi roditelju u krilu, ne mora kupovati ulaznicu);<\/li>\n<li><strong>Ostali popusti<\/strong> (uz potpisan ugovor): <strong>10%<\/strong> na DVIJE ulaznice (prema postoje\u0107im ugovorima s kolektivima)<\/li>\n<\/ul>\n<p>&nbsp;<\/p>\n<p><strong>CIJENE ZAKUPA PREDSTAVE:<br \/>\n<\/strong>Za sve informacije o zakupu predstava na raspolaganju je Promid\u017ebeno\u2013prodajna slu\u017eba (tel. 01\/64 07 971).<\/p>\n<p><strong>POSEBNE NAPOMENE:<br \/>\nPopusti <u>ne vrijede<\/u> za predstave u Klubu Kazali\u0161ta Komedija, za premijerne izvedbe, te za silvestarsku izvedbu predstave <em>Jadnici i za predstavu Ponos i predrasude &#8211; uvertira<\/em>.<br \/>\n<\/strong>Sve vrste popusta vrijede za SVE kategorije cijena.<br \/>\nPopust se mo\u017ee koristiti samo po jednoj osnovi.<br \/>\nKazali\u0161te zadr\u017eava pravo promjene cijena i popusta tijekom sezone.<\/p>\n<p>U Zagrebu, 6. studenoga 2025.&nbsp; &nbsp; &nbsp; &nbsp; &nbsp; &nbsp; &nbsp; &nbsp; &nbsp; &nbsp; &nbsp; &nbsp; &nbsp; &nbsp; &nbsp; &nbsp; &nbsp; &nbsp; &nbsp; &nbsp; &nbsp; &nbsp; &nbsp; &nbsp; &nbsp; &nbsp; &nbsp;<\/p>\n<p>&nbsp; &nbsp; &nbsp; &nbsp; &nbsp; &nbsp; &nbsp; &nbsp; &nbsp; &nbsp; &nbsp; &nbsp; &nbsp; &nbsp; &nbsp; &nbsp; &nbsp; &nbsp; &nbsp; &nbsp;<\/p>\n<hr>\n<h3><strong>VA\u017dNE NAPOMENE U SLU\u010cAJU OTKAZIVANJA PREDSTAVE:<\/strong><\/h3>\n<ol>\n<li>U slu\u010daju otkazane predstave <strong>povrat novca za ulaznice kupljene na nekoj od blagajni &#8220;Komedije&#8221; (Oktogon ili Kaptol) mogu\u0107 je isklju\u010divo na blagajni Oktogon radnim danom od 8:00 do 17:30, subotom od 8:00 do 13:00 sati te na blagajni Kaptol na dan kad je otkazana predstava trebala biti odr\u017eana te na na\u010din na koji je kupljena (vrijedi samo za predstave koje su se trebale odr\u017eati u Kazali\u0161tu Komedija). Nakon tog dana povrat se vr\u0161i isklju\u010divo na blagajni &#8220;Oktogon&#8221;.<\/strong><br \/>\n<strong>Za predstave koju se se trebale odr\u017eati u Klubu Kazali\u0161ta Komedija, povrat se vr\u0161i isklju\u010divo na blagajni &#8220;Oktogon&#8221;.<\/strong><br \/>\n<strong>a) PLA\u0106ANJE GOTOVINOM NA BLAGAJNI<\/strong>: Povrat gotovine bit \u0107e izvr\u0161en jedino ukoliko je ulaznica kupljena gotovinom.<br \/>\n<strong>b) PLA\u0106ANJE KARTICOM NA BLAGAJNI:<\/strong> U slu\u010daju karti\u010dnog pla\u0107anja (bilo na blagajni, u agenciji, ili putem interneta), novac u iznosu kupljene ulaznice <strong>bit \u0107e upla\u0107en na ra\u010dun od strane karti\u010darske Ku\u0107e<\/strong>.<br \/>\n<strong>Ni u kojem slu\u010daju nije mogu\u0107 povrat gotovine ukoliko je ulaznica pla\u0107ena karticom.<br \/>\nc) KUPNJA ULAZNICA ON-LINE<\/strong>: povrat \u0107e biti izvr\u0161en automatski na ra\u010dun kupca<\/li>\n<li>U slu\u010daju otkazivanja predstave nije mogu\u0107e zamijeniti ulaznice za neki drugi datum ili za drugu predstavu.<\/li>\n<li>Rok za vra\u0107anje ulaznica u slu\u010daju otkazivanja predstave je 30 (trideset) dana.<\/li>\n<li>U slu\u010daju otkazivanja predstave nakon 11 sati na dan predstave, povrat gotovine bit \u0107e mogu\u0107 tek idu\u0107i dan, zbog \u010dega se unaprijed ispri\u010davamo.<\/li>\n<\/ol>\n<p>Kupnjom ulaznice Kupac prihva\u0107a sve gore navedene uvjete.<\/p>\n","protected":false},"excerpt":{"rendered":"<p>&nbsp; BLAGAJNA OKTOGON, Ilica 5 i BLAGAJNA KAPTOL, Kaptol 9 DO DALJNJEGA SU ZATVORENE. Ulaznice je mogu\u0107e kupiti on-line na linku&nbsp;www.ulaznice.hr&nbsp; Blagajna KLUBA KAZALI\u0160TA KOMEDIJA, Cesar\u010deva 2, otvorena je od 18:30 isklju\u010divo u dane kad se u Klubu odr\u017eava program.&nbsp; On-line prodaja ulaznica (sve): www.ulaznice.hr REZERVACIJA ULAZNICA ZA KOLEKTIVE (vi\u0161e od 20 ulaznica, uz narud\u017ebenicu): [&hellip;]<\/p>\n","protected":false},"author":4,"featured_media":0,"parent":0,"menu_order":0,"comment_status":"closed","ping_status":"closed","template":"","meta":{"ngg_post_thumbnail":0,"footnotes":""},"class_list":["post-12","page","type-page","status-publish","hentry"],"yoast_head":"<!-- This site is optimized with the Yoast SEO plugin v27.4 - https:\/\/yoast.com\/product\/yoast-seo-wordpress\/ -->\n<title>Ulaznice - Kazali\u0161te Komedija<\/title>\n<meta name=\"robots\" content=\"index, follow, max-snippet:-1, max-image-preview:large, max-video-preview:-1\" \/>\n<link rel=\"canonical\" href=\"https:\/\/www.komedija.hr\/www\/ulaznice\/\" \/>\n<meta property=\"og:locale\" content=\"hr_HR\" \/>\n<meta property=\"og:type\" content=\"article\" \/>\n<meta property=\"og:title\" content=\"Ulaznice - Kazali\u0161te Komedija\" \/>\n<meta property=\"og:description\" content=\"&nbsp; BLAGAJNA OKTOGON, Ilica 5 i BLAGAJNA KAPTOL, Kaptol 9 DO DALJNJEGA SU ZATVORENE. Ulaznice je mogu\u0107e kupiti on-line na linku&nbsp;www.ulaznice.hr&nbsp; Blagajna KLUBA KAZALI\u0160TA KOMEDIJA, Cesar\u010deva 2, otvorena je od 18:30 isklju\u010divo u dane kad se u Klubu odr\u017eava program.&nbsp; On-line prodaja ulaznica (sve): www.ulaznice.hr REZERVACIJA ULAZNICA ZA KOLEKTIVE (vi\u0161e od 20 ulaznica, uz narud\u017ebenicu): [&hellip;]\" \/>\n<meta property=\"og:url\" content=\"https:\/\/www.komedija.hr\/www\/ulaznice\/\" \/>\n<meta property=\"og:site_name\" content=\"Kazali\u0161te Komedija\" \/>\n<meta property=\"article:publisher\" content=\"https:\/\/www.facebook.com\/kazaliste.komedija\/\" \/>\n<meta property=\"article:modified_time\" content=\"2026-02-04T11:17:08+00:00\" \/>\n<meta property=\"og:image\" content=\"https:\/\/www.komedija.hr\/www\/wp-content\/uploads\/2011\/07\/banner-2.jpg\" \/>\n\t<meta property=\"og:image:width\" content=\"468\" \/>\n\t<meta property=\"og:image:height\" content=\"60\" \/>\n\t<meta property=\"og:image:type\" content=\"image\/jpeg\" \/>\n<meta name=\"twitter:card\" content=\"summary_large_image\" \/>\n<meta name=\"twitter:site\" content=\"@KKomedija\" \/>\n<meta name=\"twitter:label1\" content=\"Procijenjeno vrijeme \u010ditanja\" \/>\n\t<meta name=\"twitter:data1\" content=\"4 minute\" \/>\n<script type=\"application\/ld+json\" class=\"yoast-schema-graph\">{\"@context\":\"https:\\\/\\\/schema.org\",\"@graph\":[{\"@type\":\"WebPage\",\"@id\":\"https:\\\/\\\/www.komedija.hr\\\/www\\\/ulaznice\\\/\",\"url\":\"https:\\\/\\\/www.komedija.hr\\\/www\\\/ulaznice\\\/\",\"name\":\"Ulaznice - Kazali\u0161te Komedija\",\"isPartOf\":{\"@id\":\"http:\\\/\\\/www.komedija.hr\\\/www\\\/#website\"},\"primaryImageOfPage\":{\"@id\":\"https:\\\/\\\/www.komedija.hr\\\/www\\\/ulaznice\\\/#primaryimage\"},\"image\":{\"@id\":\"https:\\\/\\\/www.komedija.hr\\\/www\\\/ulaznice\\\/#primaryimage\"},\"thumbnailUrl\":\"https:\\\/\\\/www.komedija.hr\\\/www\\\/wp-content\\\/uploads\\\/2011\\\/07\\\/banner-2.jpg\",\"datePublished\":\"2011-07-27T06:55:52+00:00\",\"dateModified\":\"2026-02-04T11:17:08+00:00\",\"breadcrumb\":{\"@id\":\"https:\\\/\\\/www.komedija.hr\\\/www\\\/ulaznice\\\/#breadcrumb\"},\"inLanguage\":\"hr\",\"potentialAction\":[{\"@type\":\"ReadAction\",\"target\":[\"https:\\\/\\\/www.komedija.hr\\\/www\\\/ulaznice\\\/\"]}]},{\"@type\":\"ImageObject\",\"inLanguage\":\"hr\",\"@id\":\"https:\\\/\\\/www.komedija.hr\\\/www\\\/ulaznice\\\/#primaryimage\",\"url\":\"https:\\\/\\\/www.komedija.hr\\\/www\\\/wp-content\\\/uploads\\\/2011\\\/07\\\/banner-2.jpg\",\"contentUrl\":\"https:\\\/\\\/www.komedija.hr\\\/www\\\/wp-content\\\/uploads\\\/2011\\\/07\\\/banner-2.jpg\",\"width\":468,\"height\":60},{\"@type\":\"BreadcrumbList\",\"@id\":\"https:\\\/\\\/www.komedija.hr\\\/www\\\/ulaznice\\\/#breadcrumb\",\"itemListElement\":[{\"@type\":\"ListItem\",\"position\":1,\"name\":\"Po\u010detna stranica\",\"item\":\"http:\\\/\\\/www.komedija.hr\\\/www\\\/\"},{\"@type\":\"ListItem\",\"position\":2,\"name\":\"Ulaznice\"}]},{\"@type\":\"WebSite\",\"@id\":\"http:\\\/\\\/www.komedija.hr\\\/www\\\/#website\",\"url\":\"http:\\\/\\\/www.komedija.hr\\\/www\\\/\",\"name\":\"Kazali\u0161te Komedija\",\"description\":\"\",\"publisher\":{\"@id\":\"http:\\\/\\\/www.komedija.hr\\\/www\\\/#organization\"},\"potentialAction\":[{\"@type\":\"SearchAction\",\"target\":{\"@type\":\"EntryPoint\",\"urlTemplate\":\"http:\\\/\\\/www.komedija.hr\\\/www\\\/?s={search_term_string}\"},\"query-input\":{\"@type\":\"PropertyValueSpecification\",\"valueRequired\":true,\"valueName\":\"search_term_string\"}}],\"inLanguage\":\"hr\"},{\"@type\":\"Organization\",\"@id\":\"http:\\\/\\\/www.komedija.hr\\\/www\\\/#organization\",\"name\":\"Zagreba\u010dko gradsko Kazali\u0161ta Komedija\",\"url\":\"http:\\\/\\\/www.komedija.hr\\\/www\\\/\",\"logo\":{\"@type\":\"ImageObject\",\"inLanguage\":\"hr\",\"@id\":\"http:\\\/\\\/www.komedija.hr\\\/www\\\/#\\\/schema\\\/logo\\\/image\\\/\",\"url\":\"https:\\\/\\\/www.komedija.hr\\\/www\\\/wp-content\\\/uploads\\\/2020\\\/02\\\/cropped-Kazaliste_Komedija_logo_2.png\",\"contentUrl\":\"https:\\\/\\\/www.komedija.hr\\\/www\\\/wp-content\\\/uploads\\\/2020\\\/02\\\/cropped-Kazaliste_Komedija_logo_2.png\",\"width\":512,\"height\":512,\"caption\":\"Zagreba\u010dko gradsko Kazali\u0161ta Komedija\"},\"image\":{\"@id\":\"http:\\\/\\\/www.komedija.hr\\\/www\\\/#\\\/schema\\\/logo\\\/image\\\/\"},\"sameAs\":[\"https:\\\/\\\/www.facebook.com\\\/kazaliste.komedija\\\/\",\"https:\\\/\\\/x.com\\\/KKomedija\",\"https:\\\/\\\/www.instagram.com\\\/kazaliste_komedija\\\/\",\"https:\\\/\\\/www.youtube.com\\\/channel\\\/UC1NcapMYUXJW3miW_oPxT5w\\\/videos\"]}]}<\/script>\n<!-- \/ Yoast SEO plugin. -->","yoast_head_json":{"title":"Ulaznice - Kazali\u0161te Komedija","robots":{"index":"index","follow":"follow","max-snippet":"max-snippet:-1","max-image-preview":"max-image-preview:large","max-video-preview":"max-video-preview:-1"},"canonical":"https:\/\/www.komedija.hr\/www\/ulaznice\/","og_locale":"hr_HR","og_type":"article","og_title":"Ulaznice - Kazali\u0161te Komedija","og_description":"&nbsp; BLAGAJNA OKTOGON, Ilica 5 i BLAGAJNA KAPTOL, Kaptol 9 DO DALJNJEGA SU ZATVORENE. Ulaznice je mogu\u0107e kupiti on-line na linku&nbsp;www.ulaznice.hr&nbsp; Blagajna KLUBA KAZALI\u0160TA KOMEDIJA, Cesar\u010deva 2, otvorena je od 18:30 isklju\u010divo u dane kad se u Klubu odr\u017eava program.&nbsp; On-line prodaja ulaznica (sve): www.ulaznice.hr REZERVACIJA ULAZNICA ZA KOLEKTIVE (vi\u0161e od 20 ulaznica, uz narud\u017ebenicu): [&hellip;]","og_url":"https:\/\/www.komedija.hr\/www\/ulaznice\/","og_site_name":"Kazali\u0161te Komedija","article_publisher":"https:\/\/www.facebook.com\/kazaliste.komedija\/","article_modified_time":"2026-02-04T11:17:08+00:00","og_image":[{"width":468,"height":60,"url":"https:\/\/www.komedija.hr\/www\/wp-content\/uploads\/2011\/07\/banner-2.jpg","type":"image\/jpeg"}],"twitter_card":"summary_large_image","twitter_site":"@KKomedija","twitter_misc":{"Procijenjeno vrijeme \u010ditanja":"4 minute"},"schema":{"@context":"https:\/\/schema.org","@graph":[{"@type":"WebPage","@id":"https:\/\/www.komedija.hr\/www\/ulaznice\/","url":"https:\/\/www.komedija.hr\/www\/ulaznice\/","name":"Ulaznice - Kazali\u0161te Komedija","isPartOf":{"@id":"http:\/\/www.komedija.hr\/www\/#website"},"primaryImageOfPage":{"@id":"https:\/\/www.komedija.hr\/www\/ulaznice\/#primaryimage"},"image":{"@id":"https:\/\/www.komedija.hr\/www\/ulaznice\/#primaryimage"},"thumbnailUrl":"https:\/\/www.komedija.hr\/www\/wp-content\/uploads\/2011\/07\/banner-2.jpg","datePublished":"2011-07-27T06:55:52+00:00","dateModified":"2026-02-04T11:17:08+00:00","breadcrumb":{"@id":"https:\/\/www.komedija.hr\/www\/ulaznice\/#breadcrumb"},"inLanguage":"hr","potentialAction":[{"@type":"ReadAction","target":["https:\/\/www.komedija.hr\/www\/ulaznice\/"]}]},{"@type":"ImageObject","inLanguage":"hr","@id":"https:\/\/www.komedija.hr\/www\/ulaznice\/#primaryimage","url":"https:\/\/www.komedija.hr\/www\/wp-content\/uploads\/2011\/07\/banner-2.jpg","contentUrl":"https:\/\/www.komedija.hr\/www\/wp-content\/uploads\/2011\/07\/banner-2.jpg","width":468,"height":60},{"@type":"BreadcrumbList","@id":"https:\/\/www.komedija.hr\/www\/ulaznice\/#breadcrumb","itemListElement":[{"@type":"ListItem","position":1,"name":"Po\u010detna stranica","item":"http:\/\/www.komedija.hr\/www\/"},{"@type":"ListItem","position":2,"name":"Ulaznice"}]},{"@type":"WebSite","@id":"http:\/\/www.komedija.hr\/www\/#website","url":"http:\/\/www.komedija.hr\/www\/","name":"Kazali\u0161te Komedija","description":"","publisher":{"@id":"http:\/\/www.komedija.hr\/www\/#organization"},"potentialAction":[{"@type":"SearchAction","target":{"@type":"EntryPoint","urlTemplate":"http:\/\/www.komedija.hr\/www\/?s={search_term_string}"},"query-input":{"@type":"PropertyValueSpecification","valueRequired":true,"valueName":"search_term_string"}}],"inLanguage":"hr"},{"@type":"Organization","@id":"http:\/\/www.komedija.hr\/www\/#organization","name":"Zagreba\u010dko gradsko Kazali\u0161ta Komedija","url":"http:\/\/www.komedija.hr\/www\/","logo":{"@type":"ImageObject","inLanguage":"hr","@id":"http:\/\/www.komedija.hr\/www\/#\/schema\/logo\/image\/","url":"https:\/\/www.komedija.hr\/www\/wp-content\/uploads\/2020\/02\/cropped-Kazaliste_Komedija_logo_2.png","contentUrl":"https:\/\/www.komedija.hr\/www\/wp-content\/uploads\/2020\/02\/cropped-Kazaliste_Komedija_logo_2.png","width":512,"height":512,"caption":"Zagreba\u010dko gradsko Kazali\u0161ta Komedija"},"image":{"@id":"http:\/\/www.komedija.hr\/www\/#\/schema\/logo\/image\/"},"sameAs":["https:\/\/www.facebook.com\/kazaliste.komedija\/","https:\/\/x.com\/KKomedija","https:\/\/www.instagram.com\/kazaliste_komedija\/","https:\/\/www.youtube.com\/channel\/UC1NcapMYUXJW3miW_oPxT5w\/videos"]}]}},"_links":{"self":[{"href":"https:\/\/www.komedija.hr\/www\/wp-json\/wp\/v2\/pages\/12","targetHints":{"allow":["GET"]}}],"collection":[{"href":"https:\/\/www.komedija.hr\/www\/wp-json\/wp\/v2\/pages"}],"about":[{"href":"https:\/\/www.komedija.hr\/www\/wp-json\/wp\/v2\/types\/page"}],"author":[{"embeddable":true,"href":"https:\/\/www.komedija.hr\/www\/wp-json\/wp\/v2\/users\/4"}],"replies":[{"embeddable":true,"href":"https:\/\/www.komedija.hr\/www\/wp-json\/wp\/v2\/comments?post=12"}],"version-history":[{"count":23,"href":"https:\/\/www.komedija.hr\/www\/wp-json\/wp\/v2\/pages\/12\/revisions"}],"predecessor-version":[{"id":21586,"href":"https:\/\/www.komedija.hr\/www\/wp-json\/wp\/v2\/pages\/12\/revisions\/21586"}],"wp:attachment":[{"href":"https:\/\/www.komedija.hr\/www\/wp-json\/wp\/v2\/media?parent=12"}],"curies":[{"name":"wp","href":"https:\/\/api.w.org\/{rel}","templated":true}]}}