{"id":12041,"date":"2019-06-17T11:24:54","date_gmt":"2019-06-17T09:24:54","guid":{"rendered":"http:\/\/www.komedija.hr\/www\/?page_id=12041"},"modified":"2025-11-05T10:21:43","modified_gmt":"2025-11-05T09:21:43","slug":"ljepotica-i-zvijer","status":"publish","type":"page","link":"https:\/\/www.komedija.hr\/www\/repertoar\/ljepotica-i-zvijer\/","title":{"rendered":"LJEPOTICA I ZVIJER"},"content":{"rendered":"<h3>Ljepotica i zvijer<\/h3>\n<p>&nbsp;<\/p>\n<p>Glazba: Alan Menken<br \/>\nStihovi: Howard Ashman i Tim Rice<br \/>\nAutor knjige: Linda Woolverton<br \/>\nOriginal re\u017eirao: Robert Jess Roth<br \/>\nOriginal producirao: Disney Theatrical Productions<br \/>\nPrijevod dijaloga: Ivanka Ani\u010di\u0107<br \/>\nPrijevod stihova: Vanda Vuji\u010di\u0107 \u0160u\u0161njar i Dra\u017een Bratuli\u0107<br \/>\n&nbsp;<\/p>\n<p>Dirigenti: <a href=\"https:\/\/www.komedija.hr\/www\/ansambl-2\/dirigenti\/kresimir-batinic\/\"><strong>Kre\u0161imir Batini\u0107<\/strong><\/a> \/ <a href=\"#cmp-15237\"><strong>Davor Keli\u0107<\/strong><\/a><br \/>\nRedatelj i koreograf: <a href=\"#cmp-15238\"><strong>Leo Muji\u0107<\/strong><\/a><br \/>\nAsistent redatelja i dramaturg: <strong>Balint Rauscher<\/strong><br \/>\nScenograf: <a href=\"#cmp-15240\"><strong>Stefano Katunar<\/strong><\/a><br \/>\nKostimografkinja: <a href=\"#cmp-15368\"><strong>Manuela Paladin \u0160abanovi\u0107<\/strong><\/a><br \/>\nOblikovatelj svjetla: <strong>Aleksandar \u010cavlek<br \/>\n<\/strong><br \/>\nOblikovatelj zvuka: <strong>Mario Romi\u0107<\/strong><br \/>\nZborovo\u0111a:&nbsp;<a href=\"#cmp-15237\"><strong>Davor Keli\u0107<\/strong><\/a><br \/>\nKoncert majstorica: <strong>Melita \u0160afran<\/strong><br \/>\nKorepetitor: <strong>Tomislav Parma\u0107<\/strong><br \/>\n&nbsp;<\/p>\n<p>Glazbeni producent: <strong>Josip Cvitanovi\u0107<\/strong><br \/>\nAsistentica scenografa: <strong>Paola Lugari\u0107<\/strong><br \/>\nAsistentice kostimografkinje: <strong>Eva Karaka\u0161 Bedrina<\/strong>, <strong>Tihana Cizelj<\/strong><br \/>\nAsistentica koreografa za balet i balet-majstorica:&nbsp;<strong>Tina Vrtar Stipi\u0107<\/strong><br \/>\nAsistent koreografa za soliste i balet-majstor:&nbsp;<strong>Mladen Mordej-Vu\u010dkovi\u0107<\/strong><br \/>\nAsistent koreografa za zbor i balet-majstor:&nbsp;<strong>Dejan Jakovljevi\u0107<\/strong><br \/>\n&nbsp;<\/p>\n<p><strong>ULOGE:<\/strong><\/p>\n<p>BELLE &#8211; <a href=\"https:\/\/www.komedija.hr\/www\/ansambl-2\/glumci\/vanda-winter\/\"><strong>Vanda Winter<\/strong><\/a> \/ <strong><a href=\"#cmp-15222\">Buga Marija \u0160imi\u0107<\/a> \/ <a href=\"https:\/\/www.komedija.hr\/www\/ansambl-2\/glumci\/sabljak-renata\/\">Renata Sabljak&nbsp;<\/a><\/strong>(od rujna 2024.)<br \/>\nZVIJER &#8211; <strong><a href=\"#cmp-15223\">Igor Drvenkar<\/a> <\/strong><strong>\/ <\/strong><strong><a href=\"https:\/\/www.komedija.hr\/www\/ansambl-2\/glumci\/ivan-glowatzky\/\">Ivan Glowatzky<\/a> <\/strong>\/ <a href=\"#cmp-15224\"><strong>Neven Stip\u010di\u0107<\/strong><\/a> (studijska uloga)<br \/>\nGASTON &#8211; <a href=\"https:\/\/www.komedija.hr\/www\/ansambl-2\/glumci\/fabijan-pavao-medvesek\/\"><strong>Fabijan Pavao Medve\u0161ek<\/strong><\/a> \/ <a href=\"#cmp-15225\"><strong>Matko Kne\u0161aurek<\/strong><\/a><br \/>\nLUMI\u00c8RE &#8211; <a href=\"https:\/\/www.komedija.hr\/www\/ansambl-2\/glumci\/drazen-bratulic\/\"><strong>Dra\u017een Bratuli\u0107<\/strong><\/a> \/ <a href=\"https:\/\/www.komedija.hr\/www\/ansambl-2\/pjevaci\/stipanicev-dani\/\"><strong>\u0110ani Stipani\u010dev<\/strong><\/a><br \/>\nDIN DON &#8211; <a href=\"https:\/\/www.komedija.hr\/www\/ansambl-2\/glumci\/goran-malus\/\"><strong>Goran Malus<\/strong><\/a> \/ <a href=\"https:\/\/www.komedija.hr\/www\/ansambl-2\/glumci\/mesin-igor\/\"><strong>Igor Me\u0161in<\/strong><\/a><br \/>\nGOSPO\u0110A KAMILICA &#8211; <a href=\"https:\/\/www.komedija.hr\/www\/ansambl-2\/glumci\/sabljak-renata\/\"><strong>Renata Sabljak<\/strong><\/a> \/ <a href=\"https:\/\/www.komedija.hr\/www\/ansambl-2\/glumci\/bilusic-jasna\/\"><strong>Jasna Bilu\u0161i\u0107<\/strong><\/a><br \/>\nLEFOU &#8211; <a href=\"https:\/\/www.komedija.hr\/www\/ansambl-2\/glumci\/ognjen-milovanovic\/\"><strong>Ognjen Milovanovi\u0107<\/strong><\/a> \/ <a href=\"#cmp-15227\"><strong>Jan Kova\u010di\u0107<\/strong><\/a><br \/>\nMAURICE &#8211; <a href=\"https:\/\/www.komedija.hr\/www\/ansambl-2\/pjevaci\/adalbert-turner\/\"><strong>Adalbert Turner<\/strong><\/a>&nbsp;\/ <strong><a href=\"https:\/\/www.komedija.hr\/www\/ansambl-2\/pjevaci\/ervin-baucic\/\">Ervin Bau\u010di\u0107<\/a><\/strong>&nbsp;\/ <a href=\"https:\/\/www.komedija.hr\/www\/ansambl-2\/glumci\/koncic-adam\/\"><strong>Adam Kon\u010di\u0107<\/strong><\/a><br \/>\nBABETTE &#8211; <a href=\"https:\/\/www.komedija.hr\/www\/ansambl-2\/glumci\/elegovic-mila\/\"><strong>Mila Elegovi\u0107<\/strong><\/a> \/ <a href=\"https:\/\/www.komedija.hr\/www\/ansambl-2\/pjevaci\/pintaric-danijela\/\"><strong>Danijela Pintari\u0107<\/strong><\/a><br \/>\nPRIMADONNA GRANDE BOCCA &#8211; <a href=\"https:\/\/www.komedija.hr\/www\/ansambl-2\/pjevaci\/buric-vlatka\/\"><strong>Vlatka Buri\u0107 Dujmovi\u0107<\/strong><\/a> \/ <strong><a href=\"https:\/\/www.komedija.hr\/www\/ansambl-2\/pjevaci\/bagaric-sandra\/\">Sandra Bagari\u0107<\/a><\/strong><br \/>\nMRVICA &#8211; <strong>David Novosel \/ Leonora Herceg&nbsp;<\/strong>(od sije\u010dnja 2026.) |&nbsp;<a href=\"#cmp-15230\">Ruben Carovi\u0107<\/a> \/ <a href=\"#cmp-15228\">Vatroslav Hrelec<\/a> \/ <a href=\"#cmp-15231\">Mihael Kokot<\/a> \/<a href=\"#cmp-15229\"> Adriana Kla\u010dar<\/a>&nbsp;<br \/>\nMONSIEUR D&#8217;ARQUE &#8211; <a href=\"https:\/\/www.komedija.hr\/www\/ansambl-2\/pjevaci\/filip-hozjak\/\"><strong>Filip Hozjak<\/strong><\/a> \/&nbsp;<a href=\"#cmp-15224\"><strong>Neven Stip\u010di\u0107<\/strong><\/a><br \/>\nBUDALASTE DJEVOJKE &#8211; <a href=\"#cmp-15232\"><strong>Lana Bla\u0107e,<\/strong><\/a> <a href=\"#cmp-15233\"><strong>Kristina Habu\u0161,<\/strong><\/a> <a href=\"#cmp-15234\"><strong>Irena Raduka<\/strong><\/a><br \/>\nBLIZANKA 1 \/ SOL &#8211;&nbsp;<a href=\"#cmp-15235\"><strong>Marta Simiki\u0107<\/strong><\/a><br \/>\nBLIZANKA 2 \/ PAPAR &#8211; <a href=\"#cmp-15236\"><strong>Hana Samard\u017ei\u0107<\/strong><\/a><br \/>\n&nbsp;<\/p>\n<p><strong>BALET:<br \/>\n<\/strong>Tanya Ariana Bendi\u0161, Stela Gajski, Ana Hani\u0107, Mateja Kuzminski, Tamara Masnjak, Ivana Mesec, Morana Pa\u0161kievi\u0107, Petra Rado\u0161evi\u0107, Kristina \u0160kori\u0107, Ivan Bedalov, Eugen Mihai Dobrescu, Mario Juki\u0107, &nbsp;Emil Kuzminski, Filip Liki\u0107, Roman Vran\u010di\u0107, Vid Vugrinec<\/p>\n<p><strong>ZBOR:<\/strong><br \/>\nSoprani &#8211; Kristina Habu\u0161, Dora Masle, Lana Bla\u0107e, Jadranka Gospodneti\u0107<br \/>\nAlti &#8211; Irena Raduka, Aleta Arbanas, Franciska Kri\u017enjak, Rajka Grabar<br \/>\nTenori &#8211; Dragan Peka, Dino Antoni\u0107, Dario \u0160tuli\u0107, Neven Stip\u010di\u0107<br \/>\nBasi &#8211; Matija \u0160kvorc, Zoran Simiki\u0107, Dario Do\u0161li\u0107<\/p>\n<p><strong>ORKESTAR: <\/strong><br \/>\n1. violine: Melita \u0160afran (koncertmajstor), Dean Melki, Petar Haluza, Gorjana Jurilj \u0160ipu\u0161, Ljiljana \u0160o\u0161tari\u0107 Reber\u0161ak, Vanja \u017dingerlin<br \/>\n2. violine: Ivan Zovko, Mirta Balog, Vlasta Vanje\u010dek, Kristina Tripalo<br \/>\nviolon\u010dela: Vinko Grube\u0161i\u0107, Matej Milo\u0161ev<br \/>\nkontrabas: Sa\u0161a \u0160poljar Bo\u017ei\u0107<br \/>\nharfa: Doris Karamati\u0107<br \/>\n1. flauta: Ivana Vukojevi\u0107<br \/>\n2. flauta: Katarina Horvat Dobri\u0107<br \/>\nklarinet: Luko Stanovi\u0107<br \/>\noboa: Ivana Divi\u0107<br \/>\nfagot: Ivan Androi\u0107<br \/>\n1. truba: Ramon Reber\u0161ak<br \/>\n2. truba: Igor Mrnjav\u010di\u0107<br \/>\ntrombon: Juraj Janji\u0107 \/ Andrija Bosanac Schroetter<br \/>\n1. horna: Miro Marku\u0161<br \/>\n2. horna: Bruno Gro\u0161i\u0107<br \/>\n3. horna: Petar K\u0161enek \/ Antonio Pirotta<br \/>\nklavir: Berislav Arlavi<br \/>\nklavijature: Mateo \u017dmak, Berislav Antica, Tomislav Parma\u0107<br \/>\nudaraljke: Hrvoje Rup\u010di\u0107<br \/>\nbubnjevi: Borna \u0160ercar \/ Ivan Luk\u0161i\u0107<\/p>\n<p>&nbsp;<\/p>\n<p>Inspicijentica: Iva Oluji\u0107<\/p>\n<p>Sve\u010dana premijera: 24. 9. 2022. u Koncertnoj dvorani Vatroslava Lisinskog<\/p>\n<p>trajanje: 150 minuta \/ 1 stanka<\/p>\n<p>ngg_shortcode_0_placeholder\u010cuvena ljubavna bajka o mladoj Belle, djevojci iz provincijskog gradi\u0107a, i Zvijeri \u2013 vladara obli\u017enjega dvorca, \u010darolijom preobli\u010dena princa koji, \u017eeli li povratiti svoje ljudsko obli\u010dje, mora nau\u010diti voljeti i biti voljenim prije no \u0161to bude prekasno&#8230; Mjuzikl je adaptacija istoimenog Disneyjeva filmskog hita iz 1991., ujedno i prvog animiranog filma nominiranog za nagradu Oscar za najbolji cjelove\u010denji film, ravnopravno ostalim igranim ostvarenjima. Svoj kazali\u0161ni \u017eivot zapo\u010dinje tri godine kasnije na Broadwayu, kada je isti autorski tim poja\u010dan libretistom Timom Riceom (<em>Jesus Christ Superstar<\/em>, <em>Aida<\/em>, <em>Kralj lavova<\/em>, <em>Aladdin<\/em>) koji je sa skladateljem Alanom Menkenom (<em>Mali du\u0107an strave<\/em>, <em>Mala sirena<\/em>, <em>Aladdin<\/em>, <em>Pocahontas<\/em>) napravio jo\u0161 \u0161est novih skladbi, uz izvornih osam koje su u cijelosti preuzete iz filma, dok je autorica scenarija Linda Woolverton pri\u010du adaptirala pro\u0161iriv\u0161i je jo\u0161 slojevitijom karakterizacijom Zvijeri i sporednih likova. Mjuzikl je do\u017eivio izniman uspjeh, igrao je u kontinuitetu punih 13 godina sakupiv\u0161i oko 5500 izvedbi i postao desetom najdugovje\u010dnijom brodvejskom produkcijom svih vremena.<\/p>\n<p><strong>KRITIKE:<br \/>\n<\/strong><\/p>\n<p class=\"item__title\"><a href=\"https:\/\/www.jutarnji.hr\/kultura\/glazba\/jagoda-martincevic-ne-sjecam-kad-sam-zadnji-put-gledala-takav-spektakl-u-zagrebu-poput-ljepotice-i-zvijeri-15252942\"><strong>Ne sje\u0107am kad sam zadnji put gledala takav spektakl u Zagrebu, poput &#8220;Ljepotice i zvijeri&#8221;<\/strong><\/a> (Jutarnji list, Jagoda Martin\u010devi\u0107)<\/p>\n<p class=\"title-big word-break wcount\"><a href=\"https:\/\/glazba.hr\/citaj\/izvjestaj\/ljepotica-i-zvijer-izvjestaj\/\"><strong>Ljepotica i Zvijer: tra\u010dak Broadwaya na doma\u0107oj pozornici<\/strong> <\/a>(Glazba.hr, Ivana Luli\u0107)<\/p>\n<p class=\"head\"><strong><a href=\"https:\/\/www.kazaliste.hr\/index.php?p=article&amp;id=3162\">Razigrana, dinami\u010dna i duhovita interpretacija Disneyjeva klasika <\/a><\/strong>(Kazaliste.hr, Katarina Kolega)<\/p>\n<p><strong><a href=\"https:\/\/www.ziher.hr\/ljepotica-i-zvijer-kazaliste-komedija-kritika\/\">Ljepotica i Zvijer: Zvijerski lijep spektakl<\/a>!<\/strong> (Ziher.hr, Nika Pulig)<\/p>\n<p class=\"title\"><a href=\"https:\/\/www.tportal.hr\/kultura\/clanak\/komedijina-ljepotica-i-zvijer-trijumf-umjetnicke-vizije-u-lisinskom-foto-20220926\"><strong>Komedijina &#8216;Ljepotica i zvijer&#8217;: Trijumf umjetni\u010dke vizije u Lisinskom <\/strong><\/a>(HINA \/ Tportal)<\/p>\n<p>&nbsp;<\/p>\n<p><strong>NAGRADE:<\/strong><br \/>\nNagrada Hrvatskoga glumi\u0161ta 2023. Leu Muji\u0107u za re\u017eiju u kategoriji mjuzikl \/ opereta<br \/>\nNominacija za Nagradu hrvatskoga glumi\u0161ta 2023. za najbolju predstavu u cjelini u kategoriji mjuzikl \/ opereta<\/p>\n","protected":false},"excerpt":{"rendered":"<p>Ljepotica i zvijer &nbsp; Glazba: Alan Menken Stihovi: Howard Ashman i Tim Rice Autor knjige: Linda Woolverton Original re\u017eirao: Robert Jess Roth Original producirao: Disney Theatrical Productions Prijevod dijaloga: Ivanka Ani\u010di\u0107 Prijevod stihova: Vanda Vuji\u010di\u0107 \u0160u\u0161njar i Dra\u017een Bratuli\u0107 &nbsp; Dirigenti: Kre\u0161imir Batini\u0107 \/ Davor Keli\u0107 Redatelj i koreograf: Leo Muji\u0107 Asistent redatelja i dramaturg: [&hellip;]<\/p>\n","protected":false},"author":5,"featured_media":15258,"parent":10,"menu_order":0,"comment_status":"closed","ping_status":"closed","template":"","meta":{"ngg_post_thumbnail":0,"footnotes":""},"class_list":["post-12041","page","type-page","status-publish","has-post-thumbnail","hentry"],"yoast_head":"<!-- This site is optimized with the Yoast SEO plugin v27.4 - https:\/\/yoast.com\/product\/yoast-seo-wordpress\/ -->\n<title>LJEPOTICA I ZVIJER - Kazali\u0161te Komedija<\/title>\n<meta name=\"robots\" content=\"index, follow, max-snippet:-1, max-image-preview:large, max-video-preview:-1\" \/>\n<link rel=\"canonical\" href=\"https:\/\/www.komedija.hr\/www\/repertoar\/ljepotica-i-zvijer\/\" \/>\n<meta property=\"og:locale\" content=\"hr_HR\" \/>\n<meta property=\"og:type\" content=\"article\" \/>\n<meta property=\"og:title\" content=\"LJEPOTICA I ZVIJER - Kazali\u0161te Komedija\" \/>\n<meta property=\"og:description\" content=\"Ljepotica i zvijer &nbsp; Glazba: Alan Menken Stihovi: Howard Ashman i Tim Rice Autor knjige: Linda Woolverton Original re\u017eirao: Robert Jess Roth Original producirao: Disney Theatrical Productions Prijevod dijaloga: Ivanka Ani\u010di\u0107 Prijevod stihova: Vanda Vuji\u010di\u0107 \u0160u\u0161njar i Dra\u017een Bratuli\u0107 &nbsp; Dirigenti: Kre\u0161imir Batini\u0107 \/ Davor Keli\u0107 Redatelj i koreograf: Leo Muji\u0107 Asistent redatelja i dramaturg: [&hellip;]\" \/>\n<meta property=\"og:url\" content=\"https:\/\/www.komedija.hr\/www\/repertoar\/ljepotica-i-zvijer\/\" \/>\n<meta property=\"og:site_name\" content=\"Kazali\u0161te Komedija\" \/>\n<meta property=\"article:publisher\" content=\"https:\/\/www.facebook.com\/kazaliste.komedija\/\" \/>\n<meta property=\"article:modified_time\" content=\"2025-11-05T09:21:43+00:00\" \/>\n<meta property=\"og:image\" content=\"https:\/\/www.komedija.hr\/www\/wp-content\/uploads\/2022\/09\/Ljepotica_i_zvijer_IG-story_1080x1920-e1701416679369.jpg\" \/>\n\t<meta property=\"og:image:width\" content=\"560\" \/>\n\t<meta property=\"og:image:height\" content=\"648\" \/>\n\t<meta property=\"og:image:type\" content=\"image\/jpeg\" \/>\n<meta name=\"twitter:card\" content=\"summary_large_image\" \/>\n<meta name=\"twitter:site\" content=\"@KKomedija\" \/>\n<meta name=\"twitter:label1\" content=\"Procijenjeno vrijeme \u010ditanja\" \/>\n\t<meta name=\"twitter:data1\" content=\"5 minuta\" \/>\n<script type=\"application\/ld+json\" class=\"yoast-schema-graph\">{\"@context\":\"https:\\\/\\\/schema.org\",\"@graph\":[{\"@type\":\"WebPage\",\"@id\":\"https:\\\/\\\/www.komedija.hr\\\/www\\\/repertoar\\\/ljepotica-i-zvijer\\\/\",\"url\":\"https:\\\/\\\/www.komedija.hr\\\/www\\\/repertoar\\\/ljepotica-i-zvijer\\\/\",\"name\":\"LJEPOTICA I ZVIJER - Kazali\u0161te Komedija\",\"isPartOf\":{\"@id\":\"http:\\\/\\\/www.komedija.hr\\\/www\\\/#website\"},\"primaryImageOfPage\":{\"@id\":\"https:\\\/\\\/www.komedija.hr\\\/www\\\/repertoar\\\/ljepotica-i-zvijer\\\/#primaryimage\"},\"image\":{\"@id\":\"https:\\\/\\\/www.komedija.hr\\\/www\\\/repertoar\\\/ljepotica-i-zvijer\\\/#primaryimage\"},\"thumbnailUrl\":\"https:\\\/\\\/www.komedija.hr\\\/www\\\/wp-content\\\/uploads\\\/2022\\\/09\\\/Ljepotica_i_zvijer_IG-story_1080x1920-e1701416679369.jpg\",\"datePublished\":\"2019-06-17T09:24:54+00:00\",\"dateModified\":\"2025-11-05T09:21:43+00:00\",\"breadcrumb\":{\"@id\":\"https:\\\/\\\/www.komedija.hr\\\/www\\\/repertoar\\\/ljepotica-i-zvijer\\\/#breadcrumb\"},\"inLanguage\":\"hr\",\"potentialAction\":[{\"@type\":\"ReadAction\",\"target\":[\"https:\\\/\\\/www.komedija.hr\\\/www\\\/repertoar\\\/ljepotica-i-zvijer\\\/\"]}]},{\"@type\":\"ImageObject\",\"inLanguage\":\"hr\",\"@id\":\"https:\\\/\\\/www.komedija.hr\\\/www\\\/repertoar\\\/ljepotica-i-zvijer\\\/#primaryimage\",\"url\":\"https:\\\/\\\/www.komedija.hr\\\/www\\\/wp-content\\\/uploads\\\/2022\\\/09\\\/Ljepotica_i_zvijer_IG-story_1080x1920-e1701416679369.jpg\",\"contentUrl\":\"https:\\\/\\\/www.komedija.hr\\\/www\\\/wp-content\\\/uploads\\\/2022\\\/09\\\/Ljepotica_i_zvijer_IG-story_1080x1920-e1701416679369.jpg\",\"width\":560,\"height\":648},{\"@type\":\"BreadcrumbList\",\"@id\":\"https:\\\/\\\/www.komedija.hr\\\/www\\\/repertoar\\\/ljepotica-i-zvijer\\\/#breadcrumb\",\"itemListElement\":[{\"@type\":\"ListItem\",\"position\":1,\"name\":\"Po\u010detna stranica\",\"item\":\"http:\\\/\\\/www.komedija.hr\\\/www\\\/\"},{\"@type\":\"ListItem\",\"position\":2,\"name\":\"Repertoar\",\"item\":\"https:\\\/\\\/www.komedija.hr\\\/www\\\/repertoar\\\/\"},{\"@type\":\"ListItem\",\"position\":3,\"name\":\"LJEPOTICA I ZVIJER\"}]},{\"@type\":\"WebSite\",\"@id\":\"http:\\\/\\\/www.komedija.hr\\\/www\\\/#website\",\"url\":\"http:\\\/\\\/www.komedija.hr\\\/www\\\/\",\"name\":\"Kazali\u0161te Komedija\",\"description\":\"\",\"publisher\":{\"@id\":\"http:\\\/\\\/www.komedija.hr\\\/www\\\/#organization\"},\"potentialAction\":[{\"@type\":\"SearchAction\",\"target\":{\"@type\":\"EntryPoint\",\"urlTemplate\":\"http:\\\/\\\/www.komedija.hr\\\/www\\\/?s={search_term_string}\"},\"query-input\":{\"@type\":\"PropertyValueSpecification\",\"valueRequired\":true,\"valueName\":\"search_term_string\"}}],\"inLanguage\":\"hr\"},{\"@type\":\"Organization\",\"@id\":\"http:\\\/\\\/www.komedija.hr\\\/www\\\/#organization\",\"name\":\"Zagreba\u010dko gradsko Kazali\u0161ta Komedija\",\"url\":\"http:\\\/\\\/www.komedija.hr\\\/www\\\/\",\"logo\":{\"@type\":\"ImageObject\",\"inLanguage\":\"hr\",\"@id\":\"http:\\\/\\\/www.komedija.hr\\\/www\\\/#\\\/schema\\\/logo\\\/image\\\/\",\"url\":\"https:\\\/\\\/www.komedija.hr\\\/www\\\/wp-content\\\/uploads\\\/2020\\\/02\\\/cropped-Kazaliste_Komedija_logo_2.png\",\"contentUrl\":\"https:\\\/\\\/www.komedija.hr\\\/www\\\/wp-content\\\/uploads\\\/2020\\\/02\\\/cropped-Kazaliste_Komedija_logo_2.png\",\"width\":512,\"height\":512,\"caption\":\"Zagreba\u010dko gradsko Kazali\u0161ta Komedija\"},\"image\":{\"@id\":\"http:\\\/\\\/www.komedija.hr\\\/www\\\/#\\\/schema\\\/logo\\\/image\\\/\"},\"sameAs\":[\"https:\\\/\\\/www.facebook.com\\\/kazaliste.komedija\\\/\",\"https:\\\/\\\/x.com\\\/KKomedija\",\"https:\\\/\\\/www.instagram.com\\\/kazaliste_komedija\\\/\",\"https:\\\/\\\/www.youtube.com\\\/channel\\\/UC1NcapMYUXJW3miW_oPxT5w\\\/videos\"]}]}<\/script>\n<!-- \/ Yoast SEO plugin. -->","yoast_head_json":{"title":"LJEPOTICA I ZVIJER - Kazali\u0161te Komedija","robots":{"index":"index","follow":"follow","max-snippet":"max-snippet:-1","max-image-preview":"max-image-preview:large","max-video-preview":"max-video-preview:-1"},"canonical":"https:\/\/www.komedija.hr\/www\/repertoar\/ljepotica-i-zvijer\/","og_locale":"hr_HR","og_type":"article","og_title":"LJEPOTICA I ZVIJER - Kazali\u0161te Komedija","og_description":"Ljepotica i zvijer &nbsp; Glazba: Alan Menken Stihovi: Howard Ashman i Tim Rice Autor knjige: Linda Woolverton Original re\u017eirao: Robert Jess Roth Original producirao: Disney Theatrical Productions Prijevod dijaloga: Ivanka Ani\u010di\u0107 Prijevod stihova: Vanda Vuji\u010di\u0107 \u0160u\u0161njar i Dra\u017een Bratuli\u0107 &nbsp; Dirigenti: Kre\u0161imir Batini\u0107 \/ Davor Keli\u0107 Redatelj i koreograf: Leo Muji\u0107 Asistent redatelja i dramaturg: [&hellip;]","og_url":"https:\/\/www.komedija.hr\/www\/repertoar\/ljepotica-i-zvijer\/","og_site_name":"Kazali\u0161te Komedija","article_publisher":"https:\/\/www.facebook.com\/kazaliste.komedija\/","article_modified_time":"2025-11-05T09:21:43+00:00","og_image":[{"width":560,"height":648,"url":"https:\/\/www.komedija.hr\/www\/wp-content\/uploads\/2022\/09\/Ljepotica_i_zvijer_IG-story_1080x1920-e1701416679369.jpg","type":"image\/jpeg"}],"twitter_card":"summary_large_image","twitter_site":"@KKomedija","twitter_misc":{"Procijenjeno vrijeme \u010ditanja":"5 minuta"},"schema":{"@context":"https:\/\/schema.org","@graph":[{"@type":"WebPage","@id":"https:\/\/www.komedija.hr\/www\/repertoar\/ljepotica-i-zvijer\/","url":"https:\/\/www.komedija.hr\/www\/repertoar\/ljepotica-i-zvijer\/","name":"LJEPOTICA I ZVIJER - Kazali\u0161te Komedija","isPartOf":{"@id":"http:\/\/www.komedija.hr\/www\/#website"},"primaryImageOfPage":{"@id":"https:\/\/www.komedija.hr\/www\/repertoar\/ljepotica-i-zvijer\/#primaryimage"},"image":{"@id":"https:\/\/www.komedija.hr\/www\/repertoar\/ljepotica-i-zvijer\/#primaryimage"},"thumbnailUrl":"https:\/\/www.komedija.hr\/www\/wp-content\/uploads\/2022\/09\/Ljepotica_i_zvijer_IG-story_1080x1920-e1701416679369.jpg","datePublished":"2019-06-17T09:24:54+00:00","dateModified":"2025-11-05T09:21:43+00:00","breadcrumb":{"@id":"https:\/\/www.komedija.hr\/www\/repertoar\/ljepotica-i-zvijer\/#breadcrumb"},"inLanguage":"hr","potentialAction":[{"@type":"ReadAction","target":["https:\/\/www.komedija.hr\/www\/repertoar\/ljepotica-i-zvijer\/"]}]},{"@type":"ImageObject","inLanguage":"hr","@id":"https:\/\/www.komedija.hr\/www\/repertoar\/ljepotica-i-zvijer\/#primaryimage","url":"https:\/\/www.komedija.hr\/www\/wp-content\/uploads\/2022\/09\/Ljepotica_i_zvijer_IG-story_1080x1920-e1701416679369.jpg","contentUrl":"https:\/\/www.komedija.hr\/www\/wp-content\/uploads\/2022\/09\/Ljepotica_i_zvijer_IG-story_1080x1920-e1701416679369.jpg","width":560,"height":648},{"@type":"BreadcrumbList","@id":"https:\/\/www.komedija.hr\/www\/repertoar\/ljepotica-i-zvijer\/#breadcrumb","itemListElement":[{"@type":"ListItem","position":1,"name":"Po\u010detna stranica","item":"http:\/\/www.komedija.hr\/www\/"},{"@type":"ListItem","position":2,"name":"Repertoar","item":"https:\/\/www.komedija.hr\/www\/repertoar\/"},{"@type":"ListItem","position":3,"name":"LJEPOTICA I ZVIJER"}]},{"@type":"WebSite","@id":"http:\/\/www.komedija.hr\/www\/#website","url":"http:\/\/www.komedija.hr\/www\/","name":"Kazali\u0161te Komedija","description":"","publisher":{"@id":"http:\/\/www.komedija.hr\/www\/#organization"},"potentialAction":[{"@type":"SearchAction","target":{"@type":"EntryPoint","urlTemplate":"http:\/\/www.komedija.hr\/www\/?s={search_term_string}"},"query-input":{"@type":"PropertyValueSpecification","valueRequired":true,"valueName":"search_term_string"}}],"inLanguage":"hr"},{"@type":"Organization","@id":"http:\/\/www.komedija.hr\/www\/#organization","name":"Zagreba\u010dko gradsko Kazali\u0161ta Komedija","url":"http:\/\/www.komedija.hr\/www\/","logo":{"@type":"ImageObject","inLanguage":"hr","@id":"http:\/\/www.komedija.hr\/www\/#\/schema\/logo\/image\/","url":"https:\/\/www.komedija.hr\/www\/wp-content\/uploads\/2020\/02\/cropped-Kazaliste_Komedija_logo_2.png","contentUrl":"https:\/\/www.komedija.hr\/www\/wp-content\/uploads\/2020\/02\/cropped-Kazaliste_Komedija_logo_2.png","width":512,"height":512,"caption":"Zagreba\u010dko gradsko Kazali\u0161ta Komedija"},"image":{"@id":"http:\/\/www.komedija.hr\/www\/#\/schema\/logo\/image\/"},"sameAs":["https:\/\/www.facebook.com\/kazaliste.komedija\/","https:\/\/x.com\/KKomedija","https:\/\/www.instagram.com\/kazaliste_komedija\/","https:\/\/www.youtube.com\/channel\/UC1NcapMYUXJW3miW_oPxT5w\/videos"]}]}},"_links":{"self":[{"href":"https:\/\/www.komedija.hr\/www\/wp-json\/wp\/v2\/pages\/12041","targetHints":{"allow":["GET"]}}],"collection":[{"href":"https:\/\/www.komedija.hr\/www\/wp-json\/wp\/v2\/pages"}],"about":[{"href":"https:\/\/www.komedija.hr\/www\/wp-json\/wp\/v2\/types\/page"}],"author":[{"embeddable":true,"href":"https:\/\/www.komedija.hr\/www\/wp-json\/wp\/v2\/users\/5"}],"replies":[{"embeddable":true,"href":"https:\/\/www.komedija.hr\/www\/wp-json\/wp\/v2\/comments?post=12041"}],"version-history":[{"count":4,"href":"https:\/\/www.komedija.hr\/www\/wp-json\/wp\/v2\/pages\/12041\/revisions"}],"predecessor-version":[{"id":21310,"href":"https:\/\/www.komedija.hr\/www\/wp-json\/wp\/v2\/pages\/12041\/revisions\/21310"}],"up":[{"embeddable":true,"href":"https:\/\/www.komedija.hr\/www\/wp-json\/wp\/v2\/pages\/10"}],"wp:featuredmedia":[{"embeddable":true,"href":"https:\/\/www.komedija.hr\/www\/wp-json\/wp\/v2\/media\/15258"}],"wp:attachment":[{"href":"https:\/\/www.komedija.hr\/www\/wp-json\/wp\/v2\/media?parent=12041"}],"curies":[{"name":"wp","href":"https:\/\/api.w.org\/{rel}","templated":true}]}}