{"id":1217,"date":"2011-08-25T11:06:04","date_gmt":"2011-08-25T11:06:04","guid":{"rendered":"http:\/\/www.komedija.hr\/web\/?page_id=1217"},"modified":"2016-09-12T15:36:59","modified_gmt":"2016-09-12T13:36:59","slug":"podijeli-uloge-pa-ces-mirno-spavati","status":"publish","type":"page","link":"https:\/\/www.komedija.hr\/www\/o-kazalistu\/najljepsi-posao-na-svijetu\/podijeli-uloge-pa-ces-mirno-spavati\/","title":{"rendered":"2. Je li \u017eandarska sabljetina bila oru\u017eje starih Hrvata"},"content":{"rendered":"<p>U vrijeme prvih \u010dita\u0107ih proba redatelj se sastaje sa scenografom i kostimografom svoje predstave. (Scenograf treba ne\u010dim ispuniti prostor u kome \u0107e glumci igrati; to ne\u0161to mogu biti: namje\u0161taj, stupovi ili, naprosto stolice; jer prazna i pusta scena djeluje naprosto jezivo. Kostimograf \u0107e glumce obu\u0107i, odnosno napravit \u0107e skice za kostime koje \u0107e glumci nositi na predstavi.) Na prvi pogled to se \u010dini jednostavno da jednostavnije i ne mo\u017ee biti. Dogovore se, na primjer, redatelj i scenograf da \u0107e scenu izraditi u modernom stilu: i ode scenograf u neku prodavaonicu namje\u0161taja pa kupi moderne polukau\u010de i doda k tome dva moderna naslonja\u010da od livena \u017eeljeza, u kut sobe \u0107e staviti imitaciju starogr\u010dke amfore, a u drugi kut staja\u0107u svjetiljku sa zaslonom od \u017eutog polivinila. I, evo ti moderne sobe. Oprostite, zaboravio sam televizor &#8211; njega treba staviti na vidno mjesto. \u0160to se ti\u010de kostima, sve \u0107e se na op\u0107e zadovoljstvo srediti u prvoj prodavaonici konfekcijskih odijela i haljina; ondje \u0107emo na kredit kupiti sve, uklju\u010duju\u0107i i ko\u0161ulje, kravate i rup\u010di\u0107e za vanjski, gornji d\u017eep na odijelu.<\/p>\n<p>Me\u0111utim, \u0161to da se radi kad nesretni pisac napi\u0161e komad koji se doga\u0111a u petnaestom stolje\u0107u? Namje\u0161taj iz te epohe zaista ne mo\u017eete kupiti ni u jednoj prodavaonici namje\u0161taja, kostime pogotovo. Osim svega, netko treba i znati kakvi su se to stolci, stolovi i svjetiljke upotrebljavali u tom davnom i simpati\u010dnom stolje\u0107u; kakvim su se ma\u010devima borili hrabri vitezovi (jer, zaista ne mo\u017eete glavnom junaku dati u ruku neku \u017eandarsku sabljetinu, koju je na svom tavanu prona\u0161ao rekviziter kao posljednji zemni ostatak svog pradjeda, pa da onda tvrdite da je to srednjovjekovno oru\u017eje starih Hrvata, kad i svaki srednjo\u0161kolac zna da su se junaci tog vremena me\u0111usobno uni\u0161tavali ma\u010dem s duga\u010dkim bal\u010dakom, koji su morali dr\u017eati objema rukama); i je li ljepotica iz tre\u0107eg prizora drugog \u010dina nosila u ruci samo bijeli rup\u010di\u0107, lepezu, molitvenik ili mo\u017eda torbicu?<\/p>\n<p>Na kraju, re\u0107i \u0107e netko &#8211; meni je najva\u017enije da komad nije ba\u0161 suvi\u0161e dosadan, a glumci da se ne vuku pozornicom kao da su tek ju\u010der preboljeli gripu. Sve ostalo mi nije va\u017eno. U redu. Ali ima i ljudi &#8211; jer, zaista nas ima svakakvih &#8211; koji dolaze u teatar i ne\u0161to nau\u010diti, koji bi se neobi\u010dno uvrijedili i ozlojedili kad biste im poku\u0161ali podvaliti naslonja\u010d iz XIX. stolje\u0107a pod stil Luja XIV. ili ne\u0161to sli\u010dno.<\/p>\n<p>Du\u017ean sam vam sada re\u0107i \u0161to se to na svom sastanku dogovaraju redatelj, scenograf i kostimograf. Poku\u0161ajmo to re\u0107i ovako: dobili ste za doma\u0107u zada\u0107u vrlo neugodnu temu iz hrvatskog jezika. Vi sami o tome ne znate napisati ama ba\u0161 ni\u0161ta, zato ste pozvali u pomo\u0107 tatu, stariju sestru i mamu. Svatko je od njih ne\u0161to napisao: sestra vam je po sje\u0107anju napisala jednu svoju staru doma\u0107u zada\u0107u na istu temu, tata je dodao nekoliko lijepih re\u010denica koje je ju\u010der \u010duo na radiju ili pro\u010ditao u novinama, a mama je sve to ukrasila s nekoliko pjesni\u010dkih misli i &#8211; dakako &#8211; pobrinula se za pravopisne i gramati\u010dke gre\u0161ke kojih je bilo sva sila (naro\u010dito u tatinim re\u010denicama). Biste li vi onda zada\u0107u odnijeli u \u0161kolu? Ni govora. Vi sjednete i prepi\u0161ete je svojim rukopisom &#8211; i sad se barem naoko \u010dini da je zada\u0107u i smislila i napisala ista osoba i ista ruka. Evo, to je svrha sastanka o kojem vam govorim: premda tu zajedni\u010dki radi vi\u0161e ljudi razli\u010ditim &#8220;rukopisom&#8221;, na kraju, kad je predstava gotova i kad gledaoci u\u0111u u dvoranu, svima se mora \u010diniti da ju je &#8220;napisala jedna jedina ruka&#8221;.<\/p>\n<p><em>&gt;&gt;<strong> <a title=\"Neprilike s kov\u010degom kojeg nema\" href=\"http:\/\/www.komedija.hr\/www\/?page_id=1223\">3. <\/a><\/strong><\/em><strong><a title=\"Neprilike s kov\u010degom kojeg nema\" href=\"http:\/\/www.komedija.hr\/www\/?page_id=1223\">Neprilike s kov\u010degom kojeg nema<\/a><\/strong><\/p>\n","protected":false},"excerpt":{"rendered":"<p>U vrijeme prvih \u010dita\u0107ih proba redatelj se sastaje sa scenografom i kostimografom svoje predstave. (Scenograf treba ne\u010dim ispuniti prostor u kome \u0107e glumci igrati; to ne\u0161to mogu biti: namje\u0161taj, stupovi ili, naprosto stolice; jer prazna i pusta scena djeluje naprosto jezivo. Kostimograf \u0107e glumce obu\u0107i, odnosno napravit \u0107e skice za kostime koje \u0107e glumci nositi [&hellip;]<\/p>\n","protected":false},"author":4,"featured_media":0,"parent":1209,"menu_order":0,"comment_status":"closed","ping_status":"closed","template":"","meta":{"ngg_post_thumbnail":0,"footnotes":""},"class_list":["post-1217","page","type-page","status-publish","hentry"],"yoast_head":"<!-- This site is optimized with the Yoast SEO plugin v27.5 - https:\/\/yoast.com\/product\/yoast-seo-wordpress\/ -->\n<title>2. Je li \u017eandarska sabljetina bila oru\u017eje starih Hrvata - Kazali\u0161te Komedija<\/title>\n<meta name=\"robots\" content=\"index, follow, max-snippet:-1, max-image-preview:large, max-video-preview:-1\" \/>\n<link rel=\"canonical\" href=\"https:\/\/www.komedija.hr\/www\/o-kazalistu\/najljepsi-posao-na-svijetu\/podijeli-uloge-pa-ces-mirno-spavati\/\" \/>\n<meta property=\"og:locale\" content=\"hr_HR\" \/>\n<meta property=\"og:type\" content=\"article\" \/>\n<meta property=\"og:title\" content=\"2. Je li \u017eandarska sabljetina bila oru\u017eje starih Hrvata - Kazali\u0161te Komedija\" \/>\n<meta property=\"og:description\" content=\"U vrijeme prvih \u010dita\u0107ih proba redatelj se sastaje sa scenografom i kostimografom svoje predstave. (Scenograf treba ne\u010dim ispuniti prostor u kome \u0107e glumci igrati; to ne\u0161to mogu biti: namje\u0161taj, stupovi ili, naprosto stolice; jer prazna i pusta scena djeluje naprosto jezivo. Kostimograf \u0107e glumce obu\u0107i, odnosno napravit \u0107e skice za kostime koje \u0107e glumci nositi [&hellip;]\" \/>\n<meta property=\"og:url\" content=\"https:\/\/www.komedija.hr\/www\/o-kazalistu\/najljepsi-posao-na-svijetu\/podijeli-uloge-pa-ces-mirno-spavati\/\" \/>\n<meta property=\"og:site_name\" content=\"Kazali\u0161te Komedija\" \/>\n<meta property=\"article:publisher\" content=\"https:\/\/www.facebook.com\/kazaliste.komedija\/\" \/>\n<meta property=\"article:modified_time\" content=\"2016-09-12T13:36:59+00:00\" \/>\n<meta name=\"twitter:card\" content=\"summary_large_image\" \/>\n<meta name=\"twitter:site\" content=\"@KKomedija\" \/>\n<meta name=\"twitter:label1\" content=\"Procijenjeno vrijeme \u010ditanja\" \/>\n\t<meta name=\"twitter:data1\" content=\"3 minute\" \/>\n<script type=\"application\/ld+json\" class=\"yoast-schema-graph\">{\"@context\":\"https:\\\/\\\/schema.org\",\"@graph\":[{\"@type\":\"WebPage\",\"@id\":\"https:\\\/\\\/www.komedija.hr\\\/www\\\/o-kazalistu\\\/najljepsi-posao-na-svijetu\\\/podijeli-uloge-pa-ces-mirno-spavati\\\/\",\"url\":\"https:\\\/\\\/www.komedija.hr\\\/www\\\/o-kazalistu\\\/najljepsi-posao-na-svijetu\\\/podijeli-uloge-pa-ces-mirno-spavati\\\/\",\"name\":\"2. Je li \u017eandarska sabljetina bila oru\u017eje starih Hrvata - Kazali\u0161te Komedija\",\"isPartOf\":{\"@id\":\"http:\\\/\\\/www.komedija.hr\\\/www\\\/#website\"},\"datePublished\":\"2011-08-25T11:06:04+00:00\",\"dateModified\":\"2016-09-12T13:36:59+00:00\",\"breadcrumb\":{\"@id\":\"https:\\\/\\\/www.komedija.hr\\\/www\\\/o-kazalistu\\\/najljepsi-posao-na-svijetu\\\/podijeli-uloge-pa-ces-mirno-spavati\\\/#breadcrumb\"},\"inLanguage\":\"hr\",\"potentialAction\":[{\"@type\":\"ReadAction\",\"target\":[\"https:\\\/\\\/www.komedija.hr\\\/www\\\/o-kazalistu\\\/najljepsi-posao-na-svijetu\\\/podijeli-uloge-pa-ces-mirno-spavati\\\/\"]}]},{\"@type\":\"BreadcrumbList\",\"@id\":\"https:\\\/\\\/www.komedija.hr\\\/www\\\/o-kazalistu\\\/najljepsi-posao-na-svijetu\\\/podijeli-uloge-pa-ces-mirno-spavati\\\/#breadcrumb\",\"itemListElement\":[{\"@type\":\"ListItem\",\"position\":1,\"name\":\"Po\u010detna stranica\",\"item\":\"http:\\\/\\\/www.komedija.hr\\\/www\\\/\"},{\"@type\":\"ListItem\",\"position\":2,\"name\":\"O kazali\u0161tu\",\"item\":\"https:\\\/\\\/www.komedija.hr\\\/www\\\/o-kazalistu\\\/\"},{\"@type\":\"ListItem\",\"position\":3,\"name\":\"Najljep\u0161i posao na svijetu\",\"item\":\"https:\\\/\\\/www.komedija.hr\\\/www\\\/o-kazalistu\\\/najljepsi-posao-na-svijetu\\\/\"},{\"@type\":\"ListItem\",\"position\":4,\"name\":\"2. Je li \u017eandarska sabljetina bila oru\u017eje starih Hrvata\"}]},{\"@type\":\"WebSite\",\"@id\":\"http:\\\/\\\/www.komedija.hr\\\/www\\\/#website\",\"url\":\"http:\\\/\\\/www.komedija.hr\\\/www\\\/\",\"name\":\"Kazali\u0161te Komedija\",\"description\":\"\",\"publisher\":{\"@id\":\"http:\\\/\\\/www.komedija.hr\\\/www\\\/#organization\"},\"potentialAction\":[{\"@type\":\"SearchAction\",\"target\":{\"@type\":\"EntryPoint\",\"urlTemplate\":\"http:\\\/\\\/www.komedija.hr\\\/www\\\/?s={search_term_string}\"},\"query-input\":{\"@type\":\"PropertyValueSpecification\",\"valueRequired\":true,\"valueName\":\"search_term_string\"}}],\"inLanguage\":\"hr\"},{\"@type\":\"Organization\",\"@id\":\"http:\\\/\\\/www.komedija.hr\\\/www\\\/#organization\",\"name\":\"Zagreba\u010dko gradsko Kazali\u0161ta Komedija\",\"url\":\"http:\\\/\\\/www.komedija.hr\\\/www\\\/\",\"logo\":{\"@type\":\"ImageObject\",\"inLanguage\":\"hr\",\"@id\":\"http:\\\/\\\/www.komedija.hr\\\/www\\\/#\\\/schema\\\/logo\\\/image\\\/\",\"url\":\"https:\\\/\\\/www.komedija.hr\\\/www\\\/wp-content\\\/uploads\\\/2020\\\/02\\\/cropped-Kazaliste_Komedija_logo_2.png\",\"contentUrl\":\"https:\\\/\\\/www.komedija.hr\\\/www\\\/wp-content\\\/uploads\\\/2020\\\/02\\\/cropped-Kazaliste_Komedija_logo_2.png\",\"width\":512,\"height\":512,\"caption\":\"Zagreba\u010dko gradsko Kazali\u0161ta Komedija\"},\"image\":{\"@id\":\"http:\\\/\\\/www.komedija.hr\\\/www\\\/#\\\/schema\\\/logo\\\/image\\\/\"},\"sameAs\":[\"https:\\\/\\\/www.facebook.com\\\/kazaliste.komedija\\\/\",\"https:\\\/\\\/x.com\\\/KKomedija\",\"https:\\\/\\\/www.instagram.com\\\/kazaliste_komedija\\\/\",\"https:\\\/\\\/www.youtube.com\\\/channel\\\/UC1NcapMYUXJW3miW_oPxT5w\\\/videos\"]}]}<\/script>\n<!-- \/ Yoast SEO plugin. -->","yoast_head_json":{"title":"2. Je li \u017eandarska sabljetina bila oru\u017eje starih Hrvata - Kazali\u0161te Komedija","robots":{"index":"index","follow":"follow","max-snippet":"max-snippet:-1","max-image-preview":"max-image-preview:large","max-video-preview":"max-video-preview:-1"},"canonical":"https:\/\/www.komedija.hr\/www\/o-kazalistu\/najljepsi-posao-na-svijetu\/podijeli-uloge-pa-ces-mirno-spavati\/","og_locale":"hr_HR","og_type":"article","og_title":"2. Je li \u017eandarska sabljetina bila oru\u017eje starih Hrvata - Kazali\u0161te Komedija","og_description":"U vrijeme prvih \u010dita\u0107ih proba redatelj se sastaje sa scenografom i kostimografom svoje predstave. (Scenograf treba ne\u010dim ispuniti prostor u kome \u0107e glumci igrati; to ne\u0161to mogu biti: namje\u0161taj, stupovi ili, naprosto stolice; jer prazna i pusta scena djeluje naprosto jezivo. Kostimograf \u0107e glumce obu\u0107i, odnosno napravit \u0107e skice za kostime koje \u0107e glumci nositi [&hellip;]","og_url":"https:\/\/www.komedija.hr\/www\/o-kazalistu\/najljepsi-posao-na-svijetu\/podijeli-uloge-pa-ces-mirno-spavati\/","og_site_name":"Kazali\u0161te Komedija","article_publisher":"https:\/\/www.facebook.com\/kazaliste.komedija\/","article_modified_time":"2016-09-12T13:36:59+00:00","twitter_card":"summary_large_image","twitter_site":"@KKomedija","twitter_misc":{"Procijenjeno vrijeme \u010ditanja":"3 minute"},"schema":{"@context":"https:\/\/schema.org","@graph":[{"@type":"WebPage","@id":"https:\/\/www.komedija.hr\/www\/o-kazalistu\/najljepsi-posao-na-svijetu\/podijeli-uloge-pa-ces-mirno-spavati\/","url":"https:\/\/www.komedija.hr\/www\/o-kazalistu\/najljepsi-posao-na-svijetu\/podijeli-uloge-pa-ces-mirno-spavati\/","name":"2. Je li \u017eandarska sabljetina bila oru\u017eje starih Hrvata - Kazali\u0161te Komedija","isPartOf":{"@id":"http:\/\/www.komedija.hr\/www\/#website"},"datePublished":"2011-08-25T11:06:04+00:00","dateModified":"2016-09-12T13:36:59+00:00","breadcrumb":{"@id":"https:\/\/www.komedija.hr\/www\/o-kazalistu\/najljepsi-posao-na-svijetu\/podijeli-uloge-pa-ces-mirno-spavati\/#breadcrumb"},"inLanguage":"hr","potentialAction":[{"@type":"ReadAction","target":["https:\/\/www.komedija.hr\/www\/o-kazalistu\/najljepsi-posao-na-svijetu\/podijeli-uloge-pa-ces-mirno-spavati\/"]}]},{"@type":"BreadcrumbList","@id":"https:\/\/www.komedija.hr\/www\/o-kazalistu\/najljepsi-posao-na-svijetu\/podijeli-uloge-pa-ces-mirno-spavati\/#breadcrumb","itemListElement":[{"@type":"ListItem","position":1,"name":"Po\u010detna stranica","item":"http:\/\/www.komedija.hr\/www\/"},{"@type":"ListItem","position":2,"name":"O kazali\u0161tu","item":"https:\/\/www.komedija.hr\/www\/o-kazalistu\/"},{"@type":"ListItem","position":3,"name":"Najljep\u0161i posao na svijetu","item":"https:\/\/www.komedija.hr\/www\/o-kazalistu\/najljepsi-posao-na-svijetu\/"},{"@type":"ListItem","position":4,"name":"2. Je li \u017eandarska sabljetina bila oru\u017eje starih Hrvata"}]},{"@type":"WebSite","@id":"http:\/\/www.komedija.hr\/www\/#website","url":"http:\/\/www.komedija.hr\/www\/","name":"Kazali\u0161te Komedija","description":"","publisher":{"@id":"http:\/\/www.komedija.hr\/www\/#organization"},"potentialAction":[{"@type":"SearchAction","target":{"@type":"EntryPoint","urlTemplate":"http:\/\/www.komedija.hr\/www\/?s={search_term_string}"},"query-input":{"@type":"PropertyValueSpecification","valueRequired":true,"valueName":"search_term_string"}}],"inLanguage":"hr"},{"@type":"Organization","@id":"http:\/\/www.komedija.hr\/www\/#organization","name":"Zagreba\u010dko gradsko Kazali\u0161ta Komedija","url":"http:\/\/www.komedija.hr\/www\/","logo":{"@type":"ImageObject","inLanguage":"hr","@id":"http:\/\/www.komedija.hr\/www\/#\/schema\/logo\/image\/","url":"https:\/\/www.komedija.hr\/www\/wp-content\/uploads\/2020\/02\/cropped-Kazaliste_Komedija_logo_2.png","contentUrl":"https:\/\/www.komedija.hr\/www\/wp-content\/uploads\/2020\/02\/cropped-Kazaliste_Komedija_logo_2.png","width":512,"height":512,"caption":"Zagreba\u010dko gradsko Kazali\u0161ta Komedija"},"image":{"@id":"http:\/\/www.komedija.hr\/www\/#\/schema\/logo\/image\/"},"sameAs":["https:\/\/www.facebook.com\/kazaliste.komedija\/","https:\/\/x.com\/KKomedija","https:\/\/www.instagram.com\/kazaliste_komedija\/","https:\/\/www.youtube.com\/channel\/UC1NcapMYUXJW3miW_oPxT5w\/videos"]}]}},"_links":{"self":[{"href":"https:\/\/www.komedija.hr\/www\/wp-json\/wp\/v2\/pages\/1217","targetHints":{"allow":["GET"]}}],"collection":[{"href":"https:\/\/www.komedija.hr\/www\/wp-json\/wp\/v2\/pages"}],"about":[{"href":"https:\/\/www.komedija.hr\/www\/wp-json\/wp\/v2\/types\/page"}],"author":[{"embeddable":true,"href":"https:\/\/www.komedija.hr\/www\/wp-json\/wp\/v2\/users\/4"}],"replies":[{"embeddable":true,"href":"https:\/\/www.komedija.hr\/www\/wp-json\/wp\/v2\/comments?post=1217"}],"version-history":[{"count":0,"href":"https:\/\/www.komedija.hr\/www\/wp-json\/wp\/v2\/pages\/1217\/revisions"}],"up":[{"embeddable":true,"href":"https:\/\/www.komedija.hr\/www\/wp-json\/wp\/v2\/pages\/1209"}],"wp:attachment":[{"href":"https:\/\/www.komedija.hr\/www\/wp-json\/wp\/v2\/media?parent=1217"}],"curies":[{"name":"wp","href":"https:\/\/api.w.org\/{rel}","templated":true}]}}