{"id":1223,"date":"2011-08-25T11:10:53","date_gmt":"2011-08-25T11:10:53","guid":{"rendered":"http:\/\/www.komedija.hr\/web\/?page_id=1223"},"modified":"2016-09-12T15:37:24","modified_gmt":"2016-09-12T13:37:24","slug":"neprilike-s-kovcegom-kojeg-nema","status":"publish","type":"page","link":"https:\/\/www.komedija.hr\/www\/o-kazalistu\/najljepsi-posao-na-svijetu\/neprilike-s-kovcegom-kojeg-nema\/","title":{"rendered":"3. Neprilike s kov\u010degom kojeg nema"},"content":{"rendered":"<p>U\u0111imo u pokusnu dvoranu!<\/p>\n<p>Kraj prozora su stolice i limene pepeljare; u kutu je klavir iz kojeg vi\u0161e ni jednom majstoru ne bi uspjelo izvu\u0107i dva \u010dista tona, ali se zato po njegovoj klavijaturi mo\u017ee sasvim mirno lupati bez straha da \u0107e itko prigovoriti; uza zidove su stalci za note naslagani kao cjepanice; jedan bubanj i nekoliko vje\u0161alica. Mutno osvjetljenje, ustajao miris plijesni, pra\u0161ine, starih stvari.<\/p>\n<p>Proba je u toku. Na sredini prostorije \u010dudno razmje\u0161teni stolci, uredske vje\u0161alice, po koji stalak: to su &#8220;vrata&#8221;, &#8220;prozori&#8221;, &#8220;hodnik&#8221;, &#8220;bojno polje&#8221; ili &#8220;pro\u010delje katedrale&#8221;. Uokolo glumci s tekstovima u ruci. Jedino redatelj nema teksta jer on ve\u0107 odavno zna \u010ditav tekst napamet.<\/p>\n<p>&#8211; Ti, Zoa, ulazi\u0161 u svoj novi stan. Na devetom katu. Ti si sretna, uzbu\u0111ena, prvi put u \u017eivotu ima\u0161 svoj stan&#8230; Zna\u0161 ve\u0107 kako je to!<\/p>\n<p>Odgovor glumice Zoe je hladan i miran: &#8211; Nemam pojma kako je to.<\/p>\n<p>Redatelj je ve\u0107 malo sti\u0161ao uzbu\u0111enje: &#8211; No, dobro, uglavnom, ulazi\u0161 u jednu prostoriju koju nikad prije nisi vidjela. Ogledava\u0161 se radoznalo&#8230;<\/p>\n<p>&#8211; A gdje ostavljam kov\u010deg?<\/p>\n<p>Redatelj ne\u0161to proguta i mirno nastavlja: &#8211; Kov\u010deg nije sad bitan&#8230; Bitno je da se na tvom licu vidi&#8230;<\/p>\n<p>Na Zoinom licu se ne vidi gotovo ni\u0161ta, osim krajnje mrzovolje.<\/p>\n<p>&#8211; No, dobro, molim, u\u0111i&#8230;<\/p>\n<p>Zoa ulazi. Redatelj: &#8211; Ma ne kroz prozor!<\/p>\n<p>&#8211; A ovo je prozor?<\/p>\n<p>&#8211; Ondje su ti vrata.<\/p>\n<p>Zoa ulazi kroz &#8220;vrata&#8221;. U ruci dr\u017ei svoj tekst, on predstavlja &#8220;kov\u010deg&#8221;. Napravi nekoliko koraka, stane&#8230;<\/p>\n<p>&#8211; Izvrsno, Zoa, sad jo\u0161 samo malo \u010du\u0111enja&#8230;<\/p>\n<p>&#8211; Da, ali \u0161to \u0107u s kov\u010degom?<\/p>\n<p>&#8211; Tu ga ostavi&#8230;<\/p>\n<p>Javlja se glumac Vlado: &#8211; Oprostite, ali ja moram, tako je barem dogovoreno, ja moram uletjeti unutra i odmah po\u010deti razgledavati strop.<\/p>\n<p>&#8211; Da, pa?<\/p>\n<p>&#8211; Popiknut \u0107u se, blago re\u010deno, o taj kov\u010deg ako ga Zoa ostavi ovdje&#8230;<\/p>\n<p>Da bi smirio \u017eivce, redatelj daje pet minuta odmora. &#8220;\u010cik-pauza&#8221; s napomenom da se nitko ne udaljava. Dok ostali nezainteresirano pu\u0161e, redatelj i glumac Vlado razmatraju kako se sve mo\u017ee u\u0107i na scenu, a da se pritom nitko ne spotakne o taj, recimo otvoreno, &#8220;prokleti kov\u010deg&#8221;.<\/p>\n<p>Sve je dogovoreno. Mo\u017eemo dalje.<\/p>\n<p>&#8211; Dakle, Zoa&#8230; Pa gdje je Zoa?<\/p>\n<p>&#8211; Oti\u0161la je dolje popiti kavu.<\/p>\n<p>Po Zou odlazi glumac Vlado. Nakon (otprilike) pet minuta dolazi Zoa, \u0161iroko se osmjehuju\u0107i, i postavlja sasvim prirodno pitanje:<\/p>\n<p>&#8211; Mene netko treba? Ve\u0107?<\/p>\n<p>&#8211; Mi bismo nastavili probu.<\/p>\n<p>&#8211; No, dobro, \u0161to jo\u0161 \u010dekamo?<\/p>\n<p>Redatelj je u dilemi bi li pojeo zapaljenu cigaretu ili bi ljupku Zou izbacio kroz prozor. Ali on ne\u0107e u\u010diniti ni\u0161ta od toga. Naoko sasvim mirno on predla\u017ee:<\/p>\n<p>&#8211; Zoa, ti ulazi\u0161, a Vlado&#8230; Gdje je Vlado?<\/p>\n<p>&#8211; Kako gdje je Vlado?! Pa Vlado je dolje! Ne? Vi ste ga poslali&#8230;<\/p>\n<p>Od straha da mu i idu\u0107i ne ostane &#8220;dolje&#8221; (a to \u0107e re\u0107i u teatarskom bifeu), redatelj odlu\u010di presko\u010diti tu scenu. Na svu sre\u0107u, u svakom komadu ima toliko scena koje se jo\u0161 moraju isprobati, da s tim nema nikakvih problema. Ali problem po\u010dinje od trenutka kad redatelj ka\u017ee:<\/p>\n<p>&#8211; Dobro, prije\u0111imo na tre\u0107u scenu drugog \u010dina. Marija, Edo i Bo\u017eo&#8230;<\/p>\n<p>Iz udaljenog kuta pokusne dvorane dolazi Bo\u017eo; istina, nije mu ba\u0161 potpuno pravo \u0161to ga upravo u ovom trenutku uznemiruju, jer on sastavlja kombinaciju za Sportsku prognozu, ali kad se ve\u0107 mora&#8230;<\/p>\n<p>&#8211; A Marija, gdje je Marija?<\/p>\n<p>Mariju nitko nije vidio jo\u0161 od prekju\u010der kad je imala predstavu.<\/p>\n<p>&#8211; A Edo, gdje je Edo?<\/p>\n<p>Edo je u teatarskom bifeu. Pije kavu i igra \u0161ah. Ima zlobnika koji tvrde da on bolje igra \u0161ah nego \u0161to glumi, ali to su zlobnici i njihove tvrdnje.<\/p>\n<p>Redatelju ne preostaje drugo nego&#8230;<\/p>\n<p>&#8211; Dakle, Zoa, kad ste ve\u0107 ovdje u\u0111ite i&#8230; od va\u0161eg ulaska&#8230;<\/p>\n<p>U idu\u0107ih desetak minuta Zoa ulazi i izlazi, izlazi i ulazi, \u010dudi se, divi, uzbu\u0111ena je, nervozna. Tako obi\u010dno nastanu \u010dudesne scene, koje \u0107e kasnije svi pohvaliti kao uzor savjesnog i preciznog rada.<\/p>\n<p>&gt;&gt; <strong><a title=\"Spasimo \u0161to se jo\u0161 mo\u017ee spasiti, ili generalne probe\" href=\"http:\/\/www.komedija.hr\/www\/?page_id=1225\">4. Spasimo \u0161to se jo\u0161 mo\u017ee spasiti, ili generalne probe<\/a><\/strong><\/p>\n","protected":false},"excerpt":{"rendered":"<p>U\u0111imo u pokusnu dvoranu! Kraj prozora su stolice i limene pepeljare; u kutu je klavir iz kojeg vi\u0161e ni jednom majstoru ne bi uspjelo izvu\u0107i dva \u010dista tona, ali se zato po njegovoj klavijaturi mo\u017ee sasvim mirno lupati bez straha da \u0107e itko prigovoriti; uza zidove su stalci za note naslagani kao cjepanice; jedan bubanj [&hellip;]<\/p>\n","protected":false},"author":4,"featured_media":0,"parent":1209,"menu_order":0,"comment_status":"closed","ping_status":"closed","template":"","meta":{"ngg_post_thumbnail":0,"footnotes":""},"class_list":["post-1223","page","type-page","status-publish","hentry"],"yoast_head":"<!-- This site is optimized with the Yoast SEO plugin v27.6 - https:\/\/yoast.com\/product\/yoast-seo-wordpress\/ -->\n<title>3. Neprilike s kov\u010degom kojeg nema - Kazali\u0161te Komedija<\/title>\n<meta name=\"robots\" content=\"index, follow, max-snippet:-1, max-image-preview:large, max-video-preview:-1\" \/>\n<link rel=\"canonical\" href=\"https:\/\/www.komedija.hr\/www\/o-kazalistu\/najljepsi-posao-na-svijetu\/neprilike-s-kovcegom-kojeg-nema\/\" \/>\n<meta property=\"og:locale\" content=\"hr_HR\" \/>\n<meta property=\"og:type\" content=\"article\" \/>\n<meta property=\"og:title\" content=\"3. Neprilike s kov\u010degom kojeg nema - Kazali\u0161te Komedija\" \/>\n<meta property=\"og:description\" content=\"U\u0111imo u pokusnu dvoranu! Kraj prozora su stolice i limene pepeljare; u kutu je klavir iz kojeg vi\u0161e ni jednom majstoru ne bi uspjelo izvu\u0107i dva \u010dista tona, ali se zato po njegovoj klavijaturi mo\u017ee sasvim mirno lupati bez straha da \u0107e itko prigovoriti; uza zidove su stalci za note naslagani kao cjepanice; jedan bubanj [&hellip;]\" \/>\n<meta property=\"og:url\" content=\"https:\/\/www.komedija.hr\/www\/o-kazalistu\/najljepsi-posao-na-svijetu\/neprilike-s-kovcegom-kojeg-nema\/\" \/>\n<meta property=\"og:site_name\" content=\"Kazali\u0161te Komedija\" \/>\n<meta property=\"article:publisher\" content=\"https:\/\/www.facebook.com\/kazaliste.komedija\/\" \/>\n<meta property=\"article:modified_time\" content=\"2016-09-12T13:37:24+00:00\" \/>\n<meta name=\"twitter:card\" content=\"summary_large_image\" \/>\n<meta name=\"twitter:site\" content=\"@KKomedija\" \/>\n<meta name=\"twitter:label1\" content=\"Procijenjeno vrijeme \u010ditanja\" \/>\n\t<meta name=\"twitter:data1\" content=\"4 minute\" \/>\n<script type=\"application\/ld+json\" class=\"yoast-schema-graph\">{\"@context\":\"https:\\\/\\\/schema.org\",\"@graph\":[{\"@type\":\"WebPage\",\"@id\":\"https:\\\/\\\/www.komedija.hr\\\/www\\\/o-kazalistu\\\/najljepsi-posao-na-svijetu\\\/neprilike-s-kovcegom-kojeg-nema\\\/\",\"url\":\"https:\\\/\\\/www.komedija.hr\\\/www\\\/o-kazalistu\\\/najljepsi-posao-na-svijetu\\\/neprilike-s-kovcegom-kojeg-nema\\\/\",\"name\":\"3. Neprilike s kov\u010degom kojeg nema - Kazali\u0161te Komedija\",\"isPartOf\":{\"@id\":\"http:\\\/\\\/www.komedija.hr\\\/www\\\/#website\"},\"datePublished\":\"2011-08-25T11:10:53+00:00\",\"dateModified\":\"2016-09-12T13:37:24+00:00\",\"breadcrumb\":{\"@id\":\"https:\\\/\\\/www.komedija.hr\\\/www\\\/o-kazalistu\\\/najljepsi-posao-na-svijetu\\\/neprilike-s-kovcegom-kojeg-nema\\\/#breadcrumb\"},\"inLanguage\":\"hr\",\"potentialAction\":[{\"@type\":\"ReadAction\",\"target\":[\"https:\\\/\\\/www.komedija.hr\\\/www\\\/o-kazalistu\\\/najljepsi-posao-na-svijetu\\\/neprilike-s-kovcegom-kojeg-nema\\\/\"]}]},{\"@type\":\"BreadcrumbList\",\"@id\":\"https:\\\/\\\/www.komedija.hr\\\/www\\\/o-kazalistu\\\/najljepsi-posao-na-svijetu\\\/neprilike-s-kovcegom-kojeg-nema\\\/#breadcrumb\",\"itemListElement\":[{\"@type\":\"ListItem\",\"position\":1,\"name\":\"Po\u010detna stranica\",\"item\":\"http:\\\/\\\/www.komedija.hr\\\/www\\\/\"},{\"@type\":\"ListItem\",\"position\":2,\"name\":\"O kazali\u0161tu\",\"item\":\"https:\\\/\\\/www.komedija.hr\\\/www\\\/o-kazalistu\\\/\"},{\"@type\":\"ListItem\",\"position\":3,\"name\":\"Najljep\u0161i posao na svijetu\",\"item\":\"https:\\\/\\\/www.komedija.hr\\\/www\\\/o-kazalistu\\\/najljepsi-posao-na-svijetu\\\/\"},{\"@type\":\"ListItem\",\"position\":4,\"name\":\"3. Neprilike s kov\u010degom kojeg nema\"}]},{\"@type\":\"WebSite\",\"@id\":\"http:\\\/\\\/www.komedija.hr\\\/www\\\/#website\",\"url\":\"http:\\\/\\\/www.komedija.hr\\\/www\\\/\",\"name\":\"Kazali\u0161te Komedija\",\"description\":\"\",\"publisher\":{\"@id\":\"http:\\\/\\\/www.komedija.hr\\\/www\\\/#organization\"},\"potentialAction\":[{\"@type\":\"SearchAction\",\"target\":{\"@type\":\"EntryPoint\",\"urlTemplate\":\"http:\\\/\\\/www.komedija.hr\\\/www\\\/?s={search_term_string}\"},\"query-input\":{\"@type\":\"PropertyValueSpecification\",\"valueRequired\":true,\"valueName\":\"search_term_string\"}}],\"inLanguage\":\"hr\"},{\"@type\":\"Organization\",\"@id\":\"http:\\\/\\\/www.komedija.hr\\\/www\\\/#organization\",\"name\":\"Zagreba\u010dko gradsko Kazali\u0161ta Komedija\",\"url\":\"http:\\\/\\\/www.komedija.hr\\\/www\\\/\",\"logo\":{\"@type\":\"ImageObject\",\"inLanguage\":\"hr\",\"@id\":\"http:\\\/\\\/www.komedija.hr\\\/www\\\/#\\\/schema\\\/logo\\\/image\\\/\",\"url\":\"https:\\\/\\\/www.komedija.hr\\\/www\\\/wp-content\\\/uploads\\\/2020\\\/02\\\/cropped-Kazaliste_Komedija_logo_2.png\",\"contentUrl\":\"https:\\\/\\\/www.komedija.hr\\\/www\\\/wp-content\\\/uploads\\\/2020\\\/02\\\/cropped-Kazaliste_Komedija_logo_2.png\",\"width\":512,\"height\":512,\"caption\":\"Zagreba\u010dko gradsko Kazali\u0161ta Komedija\"},\"image\":{\"@id\":\"http:\\\/\\\/www.komedija.hr\\\/www\\\/#\\\/schema\\\/logo\\\/image\\\/\"},\"sameAs\":[\"https:\\\/\\\/www.facebook.com\\\/kazaliste.komedija\\\/\",\"https:\\\/\\\/x.com\\\/KKomedija\",\"https:\\\/\\\/www.instagram.com\\\/kazaliste_komedija\\\/\",\"https:\\\/\\\/www.youtube.com\\\/channel\\\/UC1NcapMYUXJW3miW_oPxT5w\\\/videos\"]}]}<\/script>\n<!-- \/ Yoast SEO plugin. -->","yoast_head_json":{"title":"3. Neprilike s kov\u010degom kojeg nema - Kazali\u0161te Komedija","robots":{"index":"index","follow":"follow","max-snippet":"max-snippet:-1","max-image-preview":"max-image-preview:large","max-video-preview":"max-video-preview:-1"},"canonical":"https:\/\/www.komedija.hr\/www\/o-kazalistu\/najljepsi-posao-na-svijetu\/neprilike-s-kovcegom-kojeg-nema\/","og_locale":"hr_HR","og_type":"article","og_title":"3. Neprilike s kov\u010degom kojeg nema - Kazali\u0161te Komedija","og_description":"U\u0111imo u pokusnu dvoranu! Kraj prozora su stolice i limene pepeljare; u kutu je klavir iz kojeg vi\u0161e ni jednom majstoru ne bi uspjelo izvu\u0107i dva \u010dista tona, ali se zato po njegovoj klavijaturi mo\u017ee sasvim mirno lupati bez straha da \u0107e itko prigovoriti; uza zidove su stalci za note naslagani kao cjepanice; jedan bubanj [&hellip;]","og_url":"https:\/\/www.komedija.hr\/www\/o-kazalistu\/najljepsi-posao-na-svijetu\/neprilike-s-kovcegom-kojeg-nema\/","og_site_name":"Kazali\u0161te Komedija","article_publisher":"https:\/\/www.facebook.com\/kazaliste.komedija\/","article_modified_time":"2016-09-12T13:37:24+00:00","twitter_card":"summary_large_image","twitter_site":"@KKomedija","twitter_misc":{"Procijenjeno vrijeme \u010ditanja":"4 minute"},"schema":{"@context":"https:\/\/schema.org","@graph":[{"@type":"WebPage","@id":"https:\/\/www.komedija.hr\/www\/o-kazalistu\/najljepsi-posao-na-svijetu\/neprilike-s-kovcegom-kojeg-nema\/","url":"https:\/\/www.komedija.hr\/www\/o-kazalistu\/najljepsi-posao-na-svijetu\/neprilike-s-kovcegom-kojeg-nema\/","name":"3. Neprilike s kov\u010degom kojeg nema - Kazali\u0161te Komedija","isPartOf":{"@id":"http:\/\/www.komedija.hr\/www\/#website"},"datePublished":"2011-08-25T11:10:53+00:00","dateModified":"2016-09-12T13:37:24+00:00","breadcrumb":{"@id":"https:\/\/www.komedija.hr\/www\/o-kazalistu\/najljepsi-posao-na-svijetu\/neprilike-s-kovcegom-kojeg-nema\/#breadcrumb"},"inLanguage":"hr","potentialAction":[{"@type":"ReadAction","target":["https:\/\/www.komedija.hr\/www\/o-kazalistu\/najljepsi-posao-na-svijetu\/neprilike-s-kovcegom-kojeg-nema\/"]}]},{"@type":"BreadcrumbList","@id":"https:\/\/www.komedija.hr\/www\/o-kazalistu\/najljepsi-posao-na-svijetu\/neprilike-s-kovcegom-kojeg-nema\/#breadcrumb","itemListElement":[{"@type":"ListItem","position":1,"name":"Po\u010detna stranica","item":"http:\/\/www.komedija.hr\/www\/"},{"@type":"ListItem","position":2,"name":"O kazali\u0161tu","item":"https:\/\/www.komedija.hr\/www\/o-kazalistu\/"},{"@type":"ListItem","position":3,"name":"Najljep\u0161i posao na svijetu","item":"https:\/\/www.komedija.hr\/www\/o-kazalistu\/najljepsi-posao-na-svijetu\/"},{"@type":"ListItem","position":4,"name":"3. Neprilike s kov\u010degom kojeg nema"}]},{"@type":"WebSite","@id":"http:\/\/www.komedija.hr\/www\/#website","url":"http:\/\/www.komedija.hr\/www\/","name":"Kazali\u0161te Komedija","description":"","publisher":{"@id":"http:\/\/www.komedija.hr\/www\/#organization"},"potentialAction":[{"@type":"SearchAction","target":{"@type":"EntryPoint","urlTemplate":"http:\/\/www.komedija.hr\/www\/?s={search_term_string}"},"query-input":{"@type":"PropertyValueSpecification","valueRequired":true,"valueName":"search_term_string"}}],"inLanguage":"hr"},{"@type":"Organization","@id":"http:\/\/www.komedija.hr\/www\/#organization","name":"Zagreba\u010dko gradsko Kazali\u0161ta Komedija","url":"http:\/\/www.komedija.hr\/www\/","logo":{"@type":"ImageObject","inLanguage":"hr","@id":"http:\/\/www.komedija.hr\/www\/#\/schema\/logo\/image\/","url":"https:\/\/www.komedija.hr\/www\/wp-content\/uploads\/2020\/02\/cropped-Kazaliste_Komedija_logo_2.png","contentUrl":"https:\/\/www.komedija.hr\/www\/wp-content\/uploads\/2020\/02\/cropped-Kazaliste_Komedija_logo_2.png","width":512,"height":512,"caption":"Zagreba\u010dko gradsko Kazali\u0161ta Komedija"},"image":{"@id":"http:\/\/www.komedija.hr\/www\/#\/schema\/logo\/image\/"},"sameAs":["https:\/\/www.facebook.com\/kazaliste.komedija\/","https:\/\/x.com\/KKomedija","https:\/\/www.instagram.com\/kazaliste_komedija\/","https:\/\/www.youtube.com\/channel\/UC1NcapMYUXJW3miW_oPxT5w\/videos"]}]}},"_links":{"self":[{"href":"https:\/\/www.komedija.hr\/www\/wp-json\/wp\/v2\/pages\/1223","targetHints":{"allow":["GET"]}}],"collection":[{"href":"https:\/\/www.komedija.hr\/www\/wp-json\/wp\/v2\/pages"}],"about":[{"href":"https:\/\/www.komedija.hr\/www\/wp-json\/wp\/v2\/types\/page"}],"author":[{"embeddable":true,"href":"https:\/\/www.komedija.hr\/www\/wp-json\/wp\/v2\/users\/4"}],"replies":[{"embeddable":true,"href":"https:\/\/www.komedija.hr\/www\/wp-json\/wp\/v2\/comments?post=1223"}],"version-history":[{"count":0,"href":"https:\/\/www.komedija.hr\/www\/wp-json\/wp\/v2\/pages\/1223\/revisions"}],"up":[{"embeddable":true,"href":"https:\/\/www.komedija.hr\/www\/wp-json\/wp\/v2\/pages\/1209"}],"wp:attachment":[{"href":"https:\/\/www.komedija.hr\/www\/wp-json\/wp\/v2\/media?parent=1223"}],"curies":[{"name":"wp","href":"https:\/\/api.w.org\/{rel}","templated":true}]}}