{"id":1229,"date":"2011-08-25T11:13:28","date_gmt":"2011-08-25T11:13:28","guid":{"rendered":"http:\/\/www.komedija.hr\/web\/?page_id=1229"},"modified":"2011-08-25T11:17:15","modified_gmt":"2011-08-25T11:17:15","slug":"je-li-shakespeare-mislio-na-premijeru-kad-je-napisao-biti-ili-ne-biti","status":"publish","type":"page","link":"https:\/\/www.komedija.hr\/www\/o-kazalistu\/najljepsi-posao-na-svijetu\/je-li-shakespeare-mislio-na-premijeru-kad-je-napisao-biti-ili-ne-biti\/","title":{"rendered":"6. Je li Shakespeare mislio na premijeru kad je napisao: &#8220;Biti ili ne biti!&#8221;"},"content":{"rendered":"<p>Vi koji sjedite u dvorani &#8211; za\u010dujete napokon zvonce i svjetla se u gledali\u0161tu gase, zastor se polako otvara. Po\u010delo je. I dok slu\u0161ate i gledate glumca osvijetljenog sa svih strana, lijepo obu\u010denog, kako se kre\u0107e me\u0111u lijepim stvarima &#8211; vi zaboravljate da ste u teatru i \u010dini vam se da ste zavirili u ne\u010diji stan kroz neku rupicu i da se sa\u017eivljujete s tu\u0111im \u017eivotom, tu\u0111im radostima i \u017ealostima, patnjama i poletima. \u010cini vam se da ste sami s tim glumcem. Dakako, vi i ne morate znati da se u isto vrijeme svuda oko pozornice \u0161uljaju tamne sjene, \u010duje \u0161apat ili bijesan uzvik, netko ne\u0161to nosi, predaje, postavlja, odnosi. Inspicijent, nalik na pravu koko\u0161ku, neprekidno vrluda uokolo skupljaju\u0107i svoje &#8220;pili\u0107e&#8221;, daju\u0107i im znak da u\u0111u, da budu spremni, obavje\u0161tavaju\u0107i sve \u0161to se u ovom trenu doga\u0111a na sceni (<em>Ide druga scena prvog \u010dina, Ivo, \u0160ovo, Ivka, spremite se, garderoba, pla\u0161t za Kadi\u0107a<\/em>). Teatarski tehni\u010dar trese se od straha jer od dva ili tri magnetofona koje teatar ima nijedan nije pouzdan. <em>&#8220;Bo\u017ee, jo\u0161 samo ovaj put neka se vrti, sutra mo\u017ee sve kvragu&#8221;<\/em>, misli on; elektri\u010dar u svojoj kabini brine se jedino za svjetlo i, \u0161to se njega ti\u010de, glumci mogu umjesto teksta \u010ditati ve\u010dernje izdanje nekih sportskih novina, njegovo je da iz onih stotinjak reflektora \u010dije se svjetlo ukr\u0161tava, rasplinjuje, uvla\u010di i raspr\u0161uje, dobije onu pravu boju koju su dogovorili na &#8220;postavi rasvjete&#8221;. Kroja\u010d stoji negdje u kutu i divi se hla\u010dama koje nosi Zvonko Strmac i pritom i ne primje\u0107uje da je Strmac gotovo glasno odahnuo jer je bez gre\u0161ke izgovorio svoj duga\u010dki monolog, a prije predstave je bio spreman na okladu da \u0107e stati na pola puta &#8211; i ni makac dalje.<\/p>\n<p>Malo koji redatelj i autor sjede u gledali\u0161tu i prate premijeru kao drugi gledaoci. Ako su ipak sjeli u dvoranu, vjerojatno su se nakon pet minuta pokajali. Za vas i svakog drugog gledaoca sasvim je normalno \u0161to u dvorani ne vlada potpuna ti\u0161ina, \u0161to se ljudi premje\u0161taju pa onda stolice \u0161kripe, \u0161to netko ka\u0161lje&#8230; Za autora i redatelja to je, s jedne strane, osobna uvreda (oh, kad bi mogli takva gledaoca izbaciti iz dvorane i zabraniti mu za sva vremena pristup u kazali\u0161te) i, s druge strane, o\u010diti dokaz da je predstava dosadna, neuspjela, da se, ukratko, dogodila savr\u0161ena katastrofa. Da bi sebi u\u0161tedjeli takva uzbu\u0111enja, mnogi redatelji i autori sjede ili u nekom od kazali\u0161nih salona ili u uredu tehni\u010dkog \u0161efa kazali\u0161ta gdje preko zvu\u010dnika, montiranog negdje pod stropom prostorije, prate kako se odvija predstava.<\/p>\n<p>&#8211; Kraj prvog \u010dina. Molim za promjenu &#8211; \u010duje se inspicijentov glas&#8230; Jo\u0161 koji trenutak \u010duje se i kako netko &#8211; jedan ili dva \u010dovjeka &#8211; stidljivo plje\u0161\u0107u, da bi i oni prestali. Pauza. Gledaocima se \u010dini da tih nekoliko minuta traje i dvostruko dugo. Onima iza zastora to je manje od pet sekundi, a priznajte i sami da pet sekundi ba\u0161 i nije bogzna \u0161to. Inspicijent juri s binskim radnicima: skida se dekor, odvla\u010di se u stranu, sa strane se donosi dekor za drugi \u010din, odozgo se beskona\u010dno polagano spu\u0161ta ostali dio dekora, unose se stolice i stolovi, naslonja\u010di, ukucavaju se \u010davli, rekviziter svima smeta sa svojom ogromnom ko\u0161arom u koju trpa &#8220;rekvizite&#8221; koji vi\u0161e &#8220;ne igraju&#8221; i iz koje vu\u010de nove. Sve je gotovo. Inspicijent baca jo\u0161 jedan pogled&#8230; Sti\u017ee jo\u0161 jedan stolac&#8230; Idemo&#8230; Rekviziter je zaboravio staviti no\u017e za rezanje papira&#8230; Gotovo&#8230; Redatelj utr\u010di i pomakne jedan stolac &#8220;malo ukoso&#8221;&#8230; Mo\u017eemo&#8230; Ne jo\u0161, ljudi!! Glumac koji se presvla\u010di jo\u0161 nije zakop\u010dan&#8230; Uzgred mrmlja po\u010detne rije\u010di svog prizora i tupo gleda, a ne vidi mete\u017e oko sebe. Idemo li? No? Idemo! Zvonce! &#8230; &#8220;Idemo, propadnite svi, slomite noge i razbijte glave.&#8221; U teatru je &#8220;zabranjeno&#8221; za\u017eeljeti bilo kome sre\u0107u uo\u010di premijere ili na samoj premijeri.<\/p>\n<p>I predstava te\u010de. Sve je u najboljem redu. Istina, autor je pomalo nesretan: s toliko je pa\u017enje pisao te re\u010denice, i on, dakako, to\u010dno zna za\u0161to je neku rije\u010d stavio na po\u010detak, a onu drugu na kraj re\u010denice; mu\u010dio se oko toga, sjedio nad jednom re\u010denicom i po nekoliko dana dok, napokon, nije bio zadovoljan, a sad \u010duje tu istu re\u010denicu tako ispreturanu, izmije\u0161anu da je jedva prepoznaje; sve je tu, ali ipak nije isto; a onaj &#8220;je li&#8221;, koji je stavio na kraj re\u010denice, koji u sebi nosi porugu i prkos, koji je najzna\u010dajniji dio re\u010denice, to je glumac naprosto izostavio&#8230; Pa ipak, glavno da nekako ide&#8230;<\/p>\n<p>Slavna je ona re\u010denica inspicijenta, koja ozna\u010dava da smo svi do\u0161li na kraj puta: &#8220;Predstava je zavr\u0161ena. Hvala svima na suradnji.&#8221; Sa strane se skupljaju teatarski trudbenici da bi \u010destitali teatarskim ratnicima koji su upravo zavr\u0161ili jo\u0161 jedan ljut boj. Sve je gotovo. Jedan put, ne ba\u0161 posut ru\u017eama, kao \u0161to ste to i sami mogli pro\u010ditati, zavr\u0161en je. Nastat \u0107e ljubljenje i grljenje &#8211; otuda i izraz &#8220;teatralni zagrljaj&#8221; i &#8220;teatralni poljubac&#8221; &#8211; a neki \u0107e nastaviti slaviti premijeru i do kasno u no\u0107.<\/p>\n","protected":false},"excerpt":{"rendered":"<p>Vi koji sjedite u dvorani &#8211; za\u010dujete napokon zvonce i svjetla se u gledali\u0161tu gase, zastor se polako otvara. Po\u010delo je. I dok slu\u0161ate i gledate glumca osvijetljenog sa svih strana, lijepo obu\u010denog, kako se kre\u0107e me\u0111u lijepim stvarima &#8211; vi zaboravljate da ste u teatru i \u010dini vam se da ste zavirili u ne\u010diji [&hellip;]<\/p>\n","protected":false},"author":4,"featured_media":0,"parent":1209,"menu_order":0,"comment_status":"closed","ping_status":"closed","template":"","meta":{"ngg_post_thumbnail":0,"footnotes":""},"class_list":["post-1229","page","type-page","status-publish","hentry"],"yoast_head":"<!-- This site is optimized with the Yoast SEO plugin v27.4 - https:\/\/yoast.com\/product\/yoast-seo-wordpress\/ -->\n<title>6. Je li Shakespeare mislio na premijeru kad je napisao: &quot;Biti ili ne biti!&quot; - Kazali\u0161te Komedija<\/title>\n<meta name=\"robots\" content=\"index, follow, max-snippet:-1, max-image-preview:large, max-video-preview:-1\" \/>\n<link rel=\"canonical\" href=\"https:\/\/www.komedija.hr\/www\/o-kazalistu\/najljepsi-posao-na-svijetu\/je-li-shakespeare-mislio-na-premijeru-kad-je-napisao-biti-ili-ne-biti\/\" \/>\n<meta property=\"og:locale\" content=\"hr_HR\" \/>\n<meta property=\"og:type\" content=\"article\" \/>\n<meta property=\"og:title\" content=\"6. Je li Shakespeare mislio na premijeru kad je napisao: &quot;Biti ili ne biti!&quot; - Kazali\u0161te Komedija\" \/>\n<meta property=\"og:description\" content=\"Vi koji sjedite u dvorani &#8211; za\u010dujete napokon zvonce i svjetla se u gledali\u0161tu gase, zastor se polako otvara. Po\u010delo je. I dok slu\u0161ate i gledate glumca osvijetljenog sa svih strana, lijepo obu\u010denog, kako se kre\u0107e me\u0111u lijepim stvarima &#8211; vi zaboravljate da ste u teatru i \u010dini vam se da ste zavirili u ne\u010diji [&hellip;]\" \/>\n<meta property=\"og:url\" content=\"https:\/\/www.komedija.hr\/www\/o-kazalistu\/najljepsi-posao-na-svijetu\/je-li-shakespeare-mislio-na-premijeru-kad-je-napisao-biti-ili-ne-biti\/\" \/>\n<meta property=\"og:site_name\" content=\"Kazali\u0161te Komedija\" \/>\n<meta property=\"article:publisher\" content=\"https:\/\/www.facebook.com\/kazaliste.komedija\/\" \/>\n<meta property=\"article:modified_time\" content=\"2011-08-25T11:17:15+00:00\" \/>\n<meta name=\"twitter:card\" content=\"summary_large_image\" \/>\n<meta name=\"twitter:site\" content=\"@KKomedija\" \/>\n<meta name=\"twitter:label1\" content=\"Procijenjeno vrijeme \u010ditanja\" \/>\n\t<meta name=\"twitter:data1\" content=\"5 minuta\" \/>\n<script type=\"application\/ld+json\" class=\"yoast-schema-graph\">{\"@context\":\"https:\\\/\\\/schema.org\",\"@graph\":[{\"@type\":\"WebPage\",\"@id\":\"https:\\\/\\\/www.komedija.hr\\\/www\\\/o-kazalistu\\\/najljepsi-posao-na-svijetu\\\/je-li-shakespeare-mislio-na-premijeru-kad-je-napisao-biti-ili-ne-biti\\\/\",\"url\":\"https:\\\/\\\/www.komedija.hr\\\/www\\\/o-kazalistu\\\/najljepsi-posao-na-svijetu\\\/je-li-shakespeare-mislio-na-premijeru-kad-je-napisao-biti-ili-ne-biti\\\/\",\"name\":\"6. Je li Shakespeare mislio na premijeru kad je napisao: \\\"Biti ili ne biti!\\\" - Kazali\u0161te Komedija\",\"isPartOf\":{\"@id\":\"http:\\\/\\\/www.komedija.hr\\\/www\\\/#website\"},\"datePublished\":\"2011-08-25T11:13:28+00:00\",\"dateModified\":\"2011-08-25T11:17:15+00:00\",\"breadcrumb\":{\"@id\":\"https:\\\/\\\/www.komedija.hr\\\/www\\\/o-kazalistu\\\/najljepsi-posao-na-svijetu\\\/je-li-shakespeare-mislio-na-premijeru-kad-je-napisao-biti-ili-ne-biti\\\/#breadcrumb\"},\"inLanguage\":\"hr\",\"potentialAction\":[{\"@type\":\"ReadAction\",\"target\":[\"https:\\\/\\\/www.komedija.hr\\\/www\\\/o-kazalistu\\\/najljepsi-posao-na-svijetu\\\/je-li-shakespeare-mislio-na-premijeru-kad-je-napisao-biti-ili-ne-biti\\\/\"]}]},{\"@type\":\"BreadcrumbList\",\"@id\":\"https:\\\/\\\/www.komedija.hr\\\/www\\\/o-kazalistu\\\/najljepsi-posao-na-svijetu\\\/je-li-shakespeare-mislio-na-premijeru-kad-je-napisao-biti-ili-ne-biti\\\/#breadcrumb\",\"itemListElement\":[{\"@type\":\"ListItem\",\"position\":1,\"name\":\"Po\u010detna stranica\",\"item\":\"http:\\\/\\\/www.komedija.hr\\\/www\\\/\"},{\"@type\":\"ListItem\",\"position\":2,\"name\":\"O kazali\u0161tu\",\"item\":\"https:\\\/\\\/www.komedija.hr\\\/www\\\/o-kazalistu\\\/\"},{\"@type\":\"ListItem\",\"position\":3,\"name\":\"Najljep\u0161i posao na svijetu\",\"item\":\"https:\\\/\\\/www.komedija.hr\\\/www\\\/o-kazalistu\\\/najljepsi-posao-na-svijetu\\\/\"},{\"@type\":\"ListItem\",\"position\":4,\"name\":\"6. Je li Shakespeare mislio na premijeru kad je napisao: &#8220;Biti ili ne biti!&#8221;\"}]},{\"@type\":\"WebSite\",\"@id\":\"http:\\\/\\\/www.komedija.hr\\\/www\\\/#website\",\"url\":\"http:\\\/\\\/www.komedija.hr\\\/www\\\/\",\"name\":\"Kazali\u0161te Komedija\",\"description\":\"\",\"publisher\":{\"@id\":\"http:\\\/\\\/www.komedija.hr\\\/www\\\/#organization\"},\"potentialAction\":[{\"@type\":\"SearchAction\",\"target\":{\"@type\":\"EntryPoint\",\"urlTemplate\":\"http:\\\/\\\/www.komedija.hr\\\/www\\\/?s={search_term_string}\"},\"query-input\":{\"@type\":\"PropertyValueSpecification\",\"valueRequired\":true,\"valueName\":\"search_term_string\"}}],\"inLanguage\":\"hr\"},{\"@type\":\"Organization\",\"@id\":\"http:\\\/\\\/www.komedija.hr\\\/www\\\/#organization\",\"name\":\"Zagreba\u010dko gradsko Kazali\u0161ta Komedija\",\"url\":\"http:\\\/\\\/www.komedija.hr\\\/www\\\/\",\"logo\":{\"@type\":\"ImageObject\",\"inLanguage\":\"hr\",\"@id\":\"http:\\\/\\\/www.komedija.hr\\\/www\\\/#\\\/schema\\\/logo\\\/image\\\/\",\"url\":\"https:\\\/\\\/www.komedija.hr\\\/www\\\/wp-content\\\/uploads\\\/2020\\\/02\\\/cropped-Kazaliste_Komedija_logo_2.png\",\"contentUrl\":\"https:\\\/\\\/www.komedija.hr\\\/www\\\/wp-content\\\/uploads\\\/2020\\\/02\\\/cropped-Kazaliste_Komedija_logo_2.png\",\"width\":512,\"height\":512,\"caption\":\"Zagreba\u010dko gradsko Kazali\u0161ta Komedija\"},\"image\":{\"@id\":\"http:\\\/\\\/www.komedija.hr\\\/www\\\/#\\\/schema\\\/logo\\\/image\\\/\"},\"sameAs\":[\"https:\\\/\\\/www.facebook.com\\\/kazaliste.komedija\\\/\",\"https:\\\/\\\/x.com\\\/KKomedija\",\"https:\\\/\\\/www.instagram.com\\\/kazaliste_komedija\\\/\",\"https:\\\/\\\/www.youtube.com\\\/channel\\\/UC1NcapMYUXJW3miW_oPxT5w\\\/videos\"]}]}<\/script>\n<!-- \/ Yoast SEO plugin. -->","yoast_head_json":{"title":"6. Je li Shakespeare mislio na premijeru kad je napisao: \"Biti ili ne biti!\" - Kazali\u0161te Komedija","robots":{"index":"index","follow":"follow","max-snippet":"max-snippet:-1","max-image-preview":"max-image-preview:large","max-video-preview":"max-video-preview:-1"},"canonical":"https:\/\/www.komedija.hr\/www\/o-kazalistu\/najljepsi-posao-na-svijetu\/je-li-shakespeare-mislio-na-premijeru-kad-je-napisao-biti-ili-ne-biti\/","og_locale":"hr_HR","og_type":"article","og_title":"6. Je li Shakespeare mislio na premijeru kad je napisao: \"Biti ili ne biti!\" - Kazali\u0161te Komedija","og_description":"Vi koji sjedite u dvorani &#8211; za\u010dujete napokon zvonce i svjetla se u gledali\u0161tu gase, zastor se polako otvara. Po\u010delo je. I dok slu\u0161ate i gledate glumca osvijetljenog sa svih strana, lijepo obu\u010denog, kako se kre\u0107e me\u0111u lijepim stvarima &#8211; vi zaboravljate da ste u teatru i \u010dini vam se da ste zavirili u ne\u010diji [&hellip;]","og_url":"https:\/\/www.komedija.hr\/www\/o-kazalistu\/najljepsi-posao-na-svijetu\/je-li-shakespeare-mislio-na-premijeru-kad-je-napisao-biti-ili-ne-biti\/","og_site_name":"Kazali\u0161te Komedija","article_publisher":"https:\/\/www.facebook.com\/kazaliste.komedija\/","article_modified_time":"2011-08-25T11:17:15+00:00","twitter_card":"summary_large_image","twitter_site":"@KKomedija","twitter_misc":{"Procijenjeno vrijeme \u010ditanja":"5 minuta"},"schema":{"@context":"https:\/\/schema.org","@graph":[{"@type":"WebPage","@id":"https:\/\/www.komedija.hr\/www\/o-kazalistu\/najljepsi-posao-na-svijetu\/je-li-shakespeare-mislio-na-premijeru-kad-je-napisao-biti-ili-ne-biti\/","url":"https:\/\/www.komedija.hr\/www\/o-kazalistu\/najljepsi-posao-na-svijetu\/je-li-shakespeare-mislio-na-premijeru-kad-je-napisao-biti-ili-ne-biti\/","name":"6. Je li Shakespeare mislio na premijeru kad je napisao: \"Biti ili ne biti!\" - Kazali\u0161te Komedija","isPartOf":{"@id":"http:\/\/www.komedija.hr\/www\/#website"},"datePublished":"2011-08-25T11:13:28+00:00","dateModified":"2011-08-25T11:17:15+00:00","breadcrumb":{"@id":"https:\/\/www.komedija.hr\/www\/o-kazalistu\/najljepsi-posao-na-svijetu\/je-li-shakespeare-mislio-na-premijeru-kad-je-napisao-biti-ili-ne-biti\/#breadcrumb"},"inLanguage":"hr","potentialAction":[{"@type":"ReadAction","target":["https:\/\/www.komedija.hr\/www\/o-kazalistu\/najljepsi-posao-na-svijetu\/je-li-shakespeare-mislio-na-premijeru-kad-je-napisao-biti-ili-ne-biti\/"]}]},{"@type":"BreadcrumbList","@id":"https:\/\/www.komedija.hr\/www\/o-kazalistu\/najljepsi-posao-na-svijetu\/je-li-shakespeare-mislio-na-premijeru-kad-je-napisao-biti-ili-ne-biti\/#breadcrumb","itemListElement":[{"@type":"ListItem","position":1,"name":"Po\u010detna stranica","item":"http:\/\/www.komedija.hr\/www\/"},{"@type":"ListItem","position":2,"name":"O kazali\u0161tu","item":"https:\/\/www.komedija.hr\/www\/o-kazalistu\/"},{"@type":"ListItem","position":3,"name":"Najljep\u0161i posao na svijetu","item":"https:\/\/www.komedija.hr\/www\/o-kazalistu\/najljepsi-posao-na-svijetu\/"},{"@type":"ListItem","position":4,"name":"6. Je li Shakespeare mislio na premijeru kad je napisao: &#8220;Biti ili ne biti!&#8221;"}]},{"@type":"WebSite","@id":"http:\/\/www.komedija.hr\/www\/#website","url":"http:\/\/www.komedija.hr\/www\/","name":"Kazali\u0161te Komedija","description":"","publisher":{"@id":"http:\/\/www.komedija.hr\/www\/#organization"},"potentialAction":[{"@type":"SearchAction","target":{"@type":"EntryPoint","urlTemplate":"http:\/\/www.komedija.hr\/www\/?s={search_term_string}"},"query-input":{"@type":"PropertyValueSpecification","valueRequired":true,"valueName":"search_term_string"}}],"inLanguage":"hr"},{"@type":"Organization","@id":"http:\/\/www.komedija.hr\/www\/#organization","name":"Zagreba\u010dko gradsko Kazali\u0161ta Komedija","url":"http:\/\/www.komedija.hr\/www\/","logo":{"@type":"ImageObject","inLanguage":"hr","@id":"http:\/\/www.komedija.hr\/www\/#\/schema\/logo\/image\/","url":"https:\/\/www.komedija.hr\/www\/wp-content\/uploads\/2020\/02\/cropped-Kazaliste_Komedija_logo_2.png","contentUrl":"https:\/\/www.komedija.hr\/www\/wp-content\/uploads\/2020\/02\/cropped-Kazaliste_Komedija_logo_2.png","width":512,"height":512,"caption":"Zagreba\u010dko gradsko Kazali\u0161ta Komedija"},"image":{"@id":"http:\/\/www.komedija.hr\/www\/#\/schema\/logo\/image\/"},"sameAs":["https:\/\/www.facebook.com\/kazaliste.komedija\/","https:\/\/x.com\/KKomedija","https:\/\/www.instagram.com\/kazaliste_komedija\/","https:\/\/www.youtube.com\/channel\/UC1NcapMYUXJW3miW_oPxT5w\/videos"]}]}},"_links":{"self":[{"href":"https:\/\/www.komedija.hr\/www\/wp-json\/wp\/v2\/pages\/1229","targetHints":{"allow":["GET"]}}],"collection":[{"href":"https:\/\/www.komedija.hr\/www\/wp-json\/wp\/v2\/pages"}],"about":[{"href":"https:\/\/www.komedija.hr\/www\/wp-json\/wp\/v2\/types\/page"}],"author":[{"embeddable":true,"href":"https:\/\/www.komedija.hr\/www\/wp-json\/wp\/v2\/users\/4"}],"replies":[{"embeddable":true,"href":"https:\/\/www.komedija.hr\/www\/wp-json\/wp\/v2\/comments?post=1229"}],"version-history":[{"count":0,"href":"https:\/\/www.komedija.hr\/www\/wp-json\/wp\/v2\/pages\/1229\/revisions"}],"up":[{"embeddable":true,"href":"https:\/\/www.komedija.hr\/www\/wp-json\/wp\/v2\/pages\/1209"}],"wp:attachment":[{"href":"https:\/\/www.komedija.hr\/www\/wp-json\/wp\/v2\/media?parent=1229"}],"curies":[{"name":"wp","href":"https:\/\/api.w.org\/{rel}","templated":true}]}}