{"id":13448,"date":"2020-11-04T17:54:09","date_gmt":"2020-11-04T16:54:09","guid":{"rendered":"http:\/\/www.komedija.hr\/www\/?page_id=13448"},"modified":"2022-07-14T14:35:04","modified_gmt":"2022-07-14T12:35:04","slug":"mandragola","status":"publish","type":"page","link":"https:\/\/www.komedija.hr\/www\/arhiva-predstava\/mandragola\/","title":{"rendered":"MANDRAGOLA"},"content":{"rendered":"<p><span class=\"aCOpRe\">Niccol\u00f2 Machiavelli: <strong>MANDRAGOLA<\/strong>, komedija<br \/>\n<\/span><\/p>\n<p>Prema prijevodu Ive Frange\u0161a<\/p>\n<p>Redatelj: <strong>Zoran Mu\u017ei\u0107<br \/>\n<\/strong>Dramaturginja: <strong>Petra Mrdulja\u0161<br \/>\n<\/strong>Scenograf: <strong>Tomislav Ruszkowski<br \/>\n<\/strong>Kostimografkinje: <strong>Elvira Ulip<\/strong> i <strong>Eva Karaka\u0161 Bedrina<br \/>\n<\/strong>Autor glazbe: <strong>Mate Mati\u0161i\u0107<\/strong><\/p>\n<p><strong>Uloge:<br \/>\n<\/strong><strong>CALLIMACO: <\/strong><a href=\"http:\/\/www.komedija.hr\/www\/ansambl-2\/glumci\/fabijan-pavao-medvesek\/\"><strong>Fabijan Pavao Medve\u0161ek<\/strong><\/a><br \/>\n<strong>SIRO, njegov sluga: <\/strong><a href=\"http:\/\/www.komedija.hr\/www\/ansambl-2\/glumci\/ronald-zlabur\/\"><strong>Ronald \u017dlabur<\/strong><\/a><br \/>\n<strong>MESSER NICIA: <a href=\"http:\/\/www.komedija.hr\/www\/ansambl-2\/glumci\/davor-svedruzic\/\">Davor Svedru\u017ei\u0107<\/a><br \/>\n<\/strong><strong>LIGURIO: <a href=\"http:\/\/www.komedija.hr\/www\/ansambl-2\/glumci\/ivan-magud\/\">Ivan Magud<\/a><br \/>\n<\/strong><strong>SOSTRATA: <a href=\"http:\/\/www.komedija.hr\/www\/ansambl-2\/glumci\/ostojic-dubravka\/\">Dubravka Ostoji\u0107<\/a><br \/>\n<\/strong><strong>FRA TIMOTEO: <a href=\"http:\/\/www.komedija.hr\/www\/ansambl-2\/glumci\/goran-malus\/\">Goran Malus<\/a><br \/>\n<\/strong><strong>LUCREZIA: <a href=\"http:\/\/www.komedija.hr\/www\/ansambl-2\/glumci\/dajana-culjak\/\">Dajana \u010culjak<\/a><\/strong><\/p>\n<p><strong>Inspicijentica:<\/strong> Dijana Daj\u010di\u0107<br \/>\n<strong>\u0160apta\u010dica:<\/strong> Stela \u017dingerlin<\/p>\n<p><strong>Premijera: 12. o\u017eujka 2021.<\/strong><\/p>\n<p>Trajanje: oko sat i pol, bez stanke<\/p>\n<p>[supsystic-gallery id=48]<\/p>\n<p><strong>Niccol\u00f2 Machiavelli: Mandragola<\/strong><\/p>\n<p>Isklju\u010den iz politi\u010dkoga \u017eivota, Machiavelli je napisao svoju jedinu komediju po\u010detkom \u0161esnaestoga stolje\u0107a u Firenci. Machiavellijeva <em>Mandragola<\/em> smatra se prvom modernom komedijom u razdoblju renesanse, jer se autor odri\u010de tada uobi\u010dajenih anti\u010dkih predlo\u017eaka i na pozornicu izvodi svoje sugra\u0111ane i suvremenike. Mladi Callimaco \u017eudi za prelijepom Lucrezijom, kreposnom suprugom bogatoga i staroga Niccije. Niccia, pak, najvi\u0161e od svega \u010dezne za sinom i nasljednikom te je za to spreman u\u010diniti ama ba\u0161 sve. Gramzljivi dodvorica Ligurio pomo\u0107i \u0107e Callimacu da zavara Nicciju kako bi se mladi zaljubljenik uspio zavu\u0107i u Lucrezijin krevet, a Ligurio spremiti koji nov\u010di\u0107 u d\u017eep. Svi likovi uprijet \u0107e se da poljuljaju Lucrezijinu naizgled nesalomljivu krijepost, koja \u0107e se pokazati itekako slomljivom.<\/p>\n<p>Machiavelli se u ovoj cini\u010dnoj komediji obra\u010dunava sa svojim sugra\u0111anima izvrgavaju\u0107i ruglu njihovu gramzljivost, la\u017eljivost i pohotljivost. Autoru ni\u0161ta ljudsko nije strano pa tako ni ovi ovozemaljski porivi koji pokre\u0107u njegove likove, ali mu je zato itekako stalo da raskrinka licemjerje kojim ih prikrivaju. U tome nitko nije po\u0161te\u0111en &#8211; ni ugledni pravnici, ni sve\u0107enici, ni mladi zaljubljenici.<\/p>\n<p>Premda nas \u010dak pola tisu\u0107lje\u0107a dijeli od Machiavellijeve Firence, svje\u017eina i britkost ove komedije nije nimalo izblijedjela tako da \u0107e jama\u010dno i zagreba\u010dka publika na po\u010detku tre\u0107eg tisu\u0107lje\u0107a prepoznati u njoj vje\u010dne mra\u010dne tajne ljudske du\u0161e i postaviti si pravo makjavelijansko pitanje &#8211; opravdava li cilj doista sva sredstva?<\/p>\n<p>&nbsp;<\/p>\n<p>KRITIKE \/ IZ MEDIJA:<\/p>\n<p>Bojana Radovi\u0107 (Ve\u010dernji list): Intervju s redateljem Zoranom Mu\u017ei\u0107em &#8211; <a href=\"https:\/\/www.vecernji.hr\/kultura\/covjek-se-mora-smijati-okolnostima-u-kojima-zivi-da-bi-promijenio-svijet-nabolje-1474949\"><strong>\u010covjek se mora smijati okolnostima u kojima \u017eivi da bi promijenio svijet nabolje<\/strong><\/a><\/p>\n<p>Gea Vlahovi\u0107 (HINA): <strong><a href=\"https:\/\/magazin.hrt.hr\/kultura\/u-komediji-premijerno-izvedena-mandragola-1065368?fbclid=IwAR3LyYNyRlD_DhszfryeR3AamuKD6zevAIGGaaFf6fwjzVrTaOdFEeG54Cw\">U Komediji premijerno izvedena &#8220;Mandragola&#8221;<\/a><\/strong><\/p>\n","protected":false},"excerpt":{"rendered":"<p>Niccol\u00f2 Machiavelli: MANDRAGOLA, komedija Prema prijevodu Ive Frange\u0161a Redatelj: Zoran Mu\u017ei\u0107 Dramaturginja: Petra Mrdulja\u0161 Scenograf: Tomislav Ruszkowski Kostimografkinje: Elvira Ulip i Eva Karaka\u0161 Bedrina Autor glazbe: Mate Mati\u0161i\u0107 Uloge: CALLIMACO: Fabijan Pavao Medve\u0161ek SIRO, njegov sluga: Ronald \u017dlabur MESSER NICIA: Davor Svedru\u017ei\u0107 LIGURIO: Ivan Magud SOSTRATA: Dubravka Ostoji\u0107 FRA TIMOTEO: Goran Malus LUCREZIA: Dajana \u010culjak [&hellip;]<\/p>\n","protected":false},"author":5,"featured_media":13716,"parent":1659,"menu_order":0,"comment_status":"closed","ping_status":"closed","template":"","meta":{"ngg_post_thumbnail":0,"footnotes":""},"class_list":["post-13448","page","type-page","status-publish","has-post-thumbnail","hentry"],"yoast_head":"<!-- This site is optimized with the Yoast SEO plugin v27.4 - https:\/\/yoast.com\/product\/yoast-seo-wordpress\/ -->\n<title>MANDRAGOLA - Kazali\u0161te Komedija<\/title>\n<meta name=\"robots\" content=\"index, follow, max-snippet:-1, max-image-preview:large, max-video-preview:-1\" \/>\n<link rel=\"canonical\" href=\"https:\/\/www.komedija.hr\/www\/arhiva-predstava\/mandragola\/\" \/>\n<meta property=\"og:locale\" content=\"hr_HR\" \/>\n<meta property=\"og:type\" content=\"article\" \/>\n<meta property=\"og:title\" content=\"MANDRAGOLA - Kazali\u0161te Komedija\" \/>\n<meta property=\"og:description\" content=\"Niccol\u00f2 Machiavelli: MANDRAGOLA, komedija Prema prijevodu Ive Frange\u0161a Redatelj: Zoran Mu\u017ei\u0107 Dramaturginja: Petra Mrdulja\u0161 Scenograf: Tomislav Ruszkowski Kostimografkinje: Elvira Ulip i Eva Karaka\u0161 Bedrina Autor glazbe: Mate Mati\u0161i\u0107 Uloge: CALLIMACO: Fabijan Pavao Medve\u0161ek SIRO, njegov sluga: Ronald \u017dlabur MESSER NICIA: Davor Svedru\u017ei\u0107 LIGURIO: Ivan Magud SOSTRATA: Dubravka Ostoji\u0107 FRA TIMOTEO: Goran Malus LUCREZIA: Dajana \u010culjak [&hellip;]\" \/>\n<meta property=\"og:url\" content=\"https:\/\/www.komedija.hr\/www\/arhiva-predstava\/mandragola\/\" \/>\n<meta property=\"og:site_name\" content=\"Kazali\u0161te Komedija\" \/>\n<meta property=\"article:publisher\" content=\"https:\/\/www.facebook.com\/kazaliste.komedija\/\" \/>\n<meta property=\"article:modified_time\" content=\"2022-07-14T12:35:04+00:00\" \/>\n<meta property=\"og:image\" content=\"https:\/\/www.komedija.hr\/www\/wp-content\/uploads\/2021\/03\/mandragola-poster-scaled.jpg\" \/>\n\t<meta property=\"og:image:width\" content=\"1756\" \/>\n\t<meta property=\"og:image:height\" content=\"2560\" \/>\n\t<meta property=\"og:image:type\" content=\"image\/jpeg\" \/>\n<meta name=\"twitter:card\" content=\"summary_large_image\" \/>\n<meta name=\"twitter:site\" content=\"@KKomedija\" \/>\n<meta name=\"twitter:label1\" content=\"Procijenjeno vrijeme \u010ditanja\" \/>\n\t<meta name=\"twitter:data1\" content=\"2 minute\" \/>\n<script type=\"application\/ld+json\" class=\"yoast-schema-graph\">{\"@context\":\"https:\\\/\\\/schema.org\",\"@graph\":[{\"@type\":\"WebPage\",\"@id\":\"https:\\\/\\\/www.komedija.hr\\\/www\\\/arhiva-predstava\\\/mandragola\\\/\",\"url\":\"https:\\\/\\\/www.komedija.hr\\\/www\\\/arhiva-predstava\\\/mandragola\\\/\",\"name\":\"MANDRAGOLA - Kazali\u0161te Komedija\",\"isPartOf\":{\"@id\":\"http:\\\/\\\/www.komedija.hr\\\/www\\\/#website\"},\"primaryImageOfPage\":{\"@id\":\"https:\\\/\\\/www.komedija.hr\\\/www\\\/arhiva-predstava\\\/mandragola\\\/#primaryimage\"},\"image\":{\"@id\":\"https:\\\/\\\/www.komedija.hr\\\/www\\\/arhiva-predstava\\\/mandragola\\\/#primaryimage\"},\"thumbnailUrl\":\"https:\\\/\\\/www.komedija.hr\\\/www\\\/wp-content\\\/uploads\\\/2021\\\/03\\\/mandragola-poster-scaled.jpg\",\"datePublished\":\"2020-11-04T16:54:09+00:00\",\"dateModified\":\"2022-07-14T12:35:04+00:00\",\"breadcrumb\":{\"@id\":\"https:\\\/\\\/www.komedija.hr\\\/www\\\/arhiva-predstava\\\/mandragola\\\/#breadcrumb\"},\"inLanguage\":\"hr\",\"potentialAction\":[{\"@type\":\"ReadAction\",\"target\":[\"https:\\\/\\\/www.komedija.hr\\\/www\\\/arhiva-predstava\\\/mandragola\\\/\"]}]},{\"@type\":\"ImageObject\",\"inLanguage\":\"hr\",\"@id\":\"https:\\\/\\\/www.komedija.hr\\\/www\\\/arhiva-predstava\\\/mandragola\\\/#primaryimage\",\"url\":\"https:\\\/\\\/www.komedija.hr\\\/www\\\/wp-content\\\/uploads\\\/2021\\\/03\\\/mandragola-poster-scaled.jpg\",\"contentUrl\":\"https:\\\/\\\/www.komedija.hr\\\/www\\\/wp-content\\\/uploads\\\/2021\\\/03\\\/mandragola-poster-scaled.jpg\",\"width\":1756,\"height\":2560},{\"@type\":\"BreadcrumbList\",\"@id\":\"https:\\\/\\\/www.komedija.hr\\\/www\\\/arhiva-predstava\\\/mandragola\\\/#breadcrumb\",\"itemListElement\":[{\"@type\":\"ListItem\",\"position\":1,\"name\":\"Po\u010detna stranica\",\"item\":\"http:\\\/\\\/www.komedija.hr\\\/www\\\/\"},{\"@type\":\"ListItem\",\"position\":2,\"name\":\"Arhiva predstava\",\"item\":\"https:\\\/\\\/www.komedija.hr\\\/www\\\/arhiva-predstava\\\/\"},{\"@type\":\"ListItem\",\"position\":3,\"name\":\"MANDRAGOLA\"}]},{\"@type\":\"WebSite\",\"@id\":\"http:\\\/\\\/www.komedija.hr\\\/www\\\/#website\",\"url\":\"http:\\\/\\\/www.komedija.hr\\\/www\\\/\",\"name\":\"Kazali\u0161te Komedija\",\"description\":\"\",\"publisher\":{\"@id\":\"http:\\\/\\\/www.komedija.hr\\\/www\\\/#organization\"},\"potentialAction\":[{\"@type\":\"SearchAction\",\"target\":{\"@type\":\"EntryPoint\",\"urlTemplate\":\"http:\\\/\\\/www.komedija.hr\\\/www\\\/?s={search_term_string}\"},\"query-input\":{\"@type\":\"PropertyValueSpecification\",\"valueRequired\":true,\"valueName\":\"search_term_string\"}}],\"inLanguage\":\"hr\"},{\"@type\":\"Organization\",\"@id\":\"http:\\\/\\\/www.komedija.hr\\\/www\\\/#organization\",\"name\":\"Zagreba\u010dko gradsko Kazali\u0161ta Komedija\",\"url\":\"http:\\\/\\\/www.komedija.hr\\\/www\\\/\",\"logo\":{\"@type\":\"ImageObject\",\"inLanguage\":\"hr\",\"@id\":\"http:\\\/\\\/www.komedija.hr\\\/www\\\/#\\\/schema\\\/logo\\\/image\\\/\",\"url\":\"https:\\\/\\\/www.komedija.hr\\\/www\\\/wp-content\\\/uploads\\\/2020\\\/02\\\/cropped-Kazaliste_Komedija_logo_2.png\",\"contentUrl\":\"https:\\\/\\\/www.komedija.hr\\\/www\\\/wp-content\\\/uploads\\\/2020\\\/02\\\/cropped-Kazaliste_Komedija_logo_2.png\",\"width\":512,\"height\":512,\"caption\":\"Zagreba\u010dko gradsko Kazali\u0161ta Komedija\"},\"image\":{\"@id\":\"http:\\\/\\\/www.komedija.hr\\\/www\\\/#\\\/schema\\\/logo\\\/image\\\/\"},\"sameAs\":[\"https:\\\/\\\/www.facebook.com\\\/kazaliste.komedija\\\/\",\"https:\\\/\\\/x.com\\\/KKomedija\",\"https:\\\/\\\/www.instagram.com\\\/kazaliste_komedija\\\/\",\"https:\\\/\\\/www.youtube.com\\\/channel\\\/UC1NcapMYUXJW3miW_oPxT5w\\\/videos\"]}]}<\/script>\n<!-- \/ Yoast SEO plugin. -->","yoast_head_json":{"title":"MANDRAGOLA - Kazali\u0161te Komedija","robots":{"index":"index","follow":"follow","max-snippet":"max-snippet:-1","max-image-preview":"max-image-preview:large","max-video-preview":"max-video-preview:-1"},"canonical":"https:\/\/www.komedija.hr\/www\/arhiva-predstava\/mandragola\/","og_locale":"hr_HR","og_type":"article","og_title":"MANDRAGOLA - Kazali\u0161te Komedija","og_description":"Niccol\u00f2 Machiavelli: MANDRAGOLA, komedija Prema prijevodu Ive Frange\u0161a Redatelj: Zoran Mu\u017ei\u0107 Dramaturginja: Petra Mrdulja\u0161 Scenograf: Tomislav Ruszkowski Kostimografkinje: Elvira Ulip i Eva Karaka\u0161 Bedrina Autor glazbe: Mate Mati\u0161i\u0107 Uloge: CALLIMACO: Fabijan Pavao Medve\u0161ek SIRO, njegov sluga: Ronald \u017dlabur MESSER NICIA: Davor Svedru\u017ei\u0107 LIGURIO: Ivan Magud SOSTRATA: Dubravka Ostoji\u0107 FRA TIMOTEO: Goran Malus LUCREZIA: Dajana \u010culjak [&hellip;]","og_url":"https:\/\/www.komedija.hr\/www\/arhiva-predstava\/mandragola\/","og_site_name":"Kazali\u0161te Komedija","article_publisher":"https:\/\/www.facebook.com\/kazaliste.komedija\/","article_modified_time":"2022-07-14T12:35:04+00:00","og_image":[{"width":1756,"height":2560,"url":"https:\/\/www.komedija.hr\/www\/wp-content\/uploads\/2021\/03\/mandragola-poster-scaled.jpg","type":"image\/jpeg"}],"twitter_card":"summary_large_image","twitter_site":"@KKomedija","twitter_misc":{"Procijenjeno vrijeme \u010ditanja":"2 minute"},"schema":{"@context":"https:\/\/schema.org","@graph":[{"@type":"WebPage","@id":"https:\/\/www.komedija.hr\/www\/arhiva-predstava\/mandragola\/","url":"https:\/\/www.komedija.hr\/www\/arhiva-predstava\/mandragola\/","name":"MANDRAGOLA - Kazali\u0161te Komedija","isPartOf":{"@id":"http:\/\/www.komedija.hr\/www\/#website"},"primaryImageOfPage":{"@id":"https:\/\/www.komedija.hr\/www\/arhiva-predstava\/mandragola\/#primaryimage"},"image":{"@id":"https:\/\/www.komedija.hr\/www\/arhiva-predstava\/mandragola\/#primaryimage"},"thumbnailUrl":"https:\/\/www.komedija.hr\/www\/wp-content\/uploads\/2021\/03\/mandragola-poster-scaled.jpg","datePublished":"2020-11-04T16:54:09+00:00","dateModified":"2022-07-14T12:35:04+00:00","breadcrumb":{"@id":"https:\/\/www.komedija.hr\/www\/arhiva-predstava\/mandragola\/#breadcrumb"},"inLanguage":"hr","potentialAction":[{"@type":"ReadAction","target":["https:\/\/www.komedija.hr\/www\/arhiva-predstava\/mandragola\/"]}]},{"@type":"ImageObject","inLanguage":"hr","@id":"https:\/\/www.komedija.hr\/www\/arhiva-predstava\/mandragola\/#primaryimage","url":"https:\/\/www.komedija.hr\/www\/wp-content\/uploads\/2021\/03\/mandragola-poster-scaled.jpg","contentUrl":"https:\/\/www.komedija.hr\/www\/wp-content\/uploads\/2021\/03\/mandragola-poster-scaled.jpg","width":1756,"height":2560},{"@type":"BreadcrumbList","@id":"https:\/\/www.komedija.hr\/www\/arhiva-predstava\/mandragola\/#breadcrumb","itemListElement":[{"@type":"ListItem","position":1,"name":"Po\u010detna stranica","item":"http:\/\/www.komedija.hr\/www\/"},{"@type":"ListItem","position":2,"name":"Arhiva predstava","item":"https:\/\/www.komedija.hr\/www\/arhiva-predstava\/"},{"@type":"ListItem","position":3,"name":"MANDRAGOLA"}]},{"@type":"WebSite","@id":"http:\/\/www.komedija.hr\/www\/#website","url":"http:\/\/www.komedija.hr\/www\/","name":"Kazali\u0161te Komedija","description":"","publisher":{"@id":"http:\/\/www.komedija.hr\/www\/#organization"},"potentialAction":[{"@type":"SearchAction","target":{"@type":"EntryPoint","urlTemplate":"http:\/\/www.komedija.hr\/www\/?s={search_term_string}"},"query-input":{"@type":"PropertyValueSpecification","valueRequired":true,"valueName":"search_term_string"}}],"inLanguage":"hr"},{"@type":"Organization","@id":"http:\/\/www.komedija.hr\/www\/#organization","name":"Zagreba\u010dko gradsko Kazali\u0161ta Komedija","url":"http:\/\/www.komedija.hr\/www\/","logo":{"@type":"ImageObject","inLanguage":"hr","@id":"http:\/\/www.komedija.hr\/www\/#\/schema\/logo\/image\/","url":"https:\/\/www.komedija.hr\/www\/wp-content\/uploads\/2020\/02\/cropped-Kazaliste_Komedija_logo_2.png","contentUrl":"https:\/\/www.komedija.hr\/www\/wp-content\/uploads\/2020\/02\/cropped-Kazaliste_Komedija_logo_2.png","width":512,"height":512,"caption":"Zagreba\u010dko gradsko Kazali\u0161ta Komedija"},"image":{"@id":"http:\/\/www.komedija.hr\/www\/#\/schema\/logo\/image\/"},"sameAs":["https:\/\/www.facebook.com\/kazaliste.komedija\/","https:\/\/x.com\/KKomedija","https:\/\/www.instagram.com\/kazaliste_komedija\/","https:\/\/www.youtube.com\/channel\/UC1NcapMYUXJW3miW_oPxT5w\/videos"]}]}},"_links":{"self":[{"href":"https:\/\/www.komedija.hr\/www\/wp-json\/wp\/v2\/pages\/13448","targetHints":{"allow":["GET"]}}],"collection":[{"href":"https:\/\/www.komedija.hr\/www\/wp-json\/wp\/v2\/pages"}],"about":[{"href":"https:\/\/www.komedija.hr\/www\/wp-json\/wp\/v2\/types\/page"}],"author":[{"embeddable":true,"href":"https:\/\/www.komedija.hr\/www\/wp-json\/wp\/v2\/users\/5"}],"replies":[{"embeddable":true,"href":"https:\/\/www.komedija.hr\/www\/wp-json\/wp\/v2\/comments?post=13448"}],"version-history":[{"count":0,"href":"https:\/\/www.komedija.hr\/www\/wp-json\/wp\/v2\/pages\/13448\/revisions"}],"up":[{"embeddable":true,"href":"https:\/\/www.komedija.hr\/www\/wp-json\/wp\/v2\/pages\/1659"}],"wp:featuredmedia":[{"embeddable":true,"href":"https:\/\/www.komedija.hr\/www\/wp-json\/wp\/v2\/media\/13716"}],"wp:attachment":[{"href":"https:\/\/www.komedija.hr\/www\/wp-json\/wp\/v2\/media?parent=13448"}],"curies":[{"name":"wp","href":"https:\/\/api.w.org\/{rel}","templated":true}]}}