{"id":1381,"date":"2011-09-26T08:53:16","date_gmt":"2011-09-26T06:53:16","guid":{"rendered":"http:\/\/www.komedija.hr\/web\/?page_id=1381"},"modified":"2025-06-11T12:42:27","modified_gmt":"2025-06-11T10:42:27","slug":"sanja-marin-ozbolt","status":"publish","type":"page","link":"https:\/\/www.komedija.hr\/www\/ansambl-2\/glumci\/sanja-marin-ozbolt\/","title":{"rendered":"Sanja Marin"},"content":{"rendered":"<table border=\"0\" width=\"100%\">\n<tbody>\n<tr>\n<td><a href=\"http:\/\/www.komedija.hr\/www\/wp-content\/uploads\/2011\/09\/sanja_marin.jpg\" target=\"_blank\" rel=\"noopener\"><img decoding=\"async\" class=\"alignnone wp-image-7270 size-medium\" src=\"http:\/\/www.komedija.hr\/www\/wp-content\/uploads\/2011\/09\/sanja_marin-200x300.jpg\" alt=\"sanja_marin\" width=\"200\" height=\"300\" srcset=\"https:\/\/www.komedija.hr\/www\/wp-content\/uploads\/2011\/09\/sanja_marin-200x300.jpg 200w, https:\/\/www.komedija.hr\/www\/wp-content\/uploads\/2011\/09\/sanja_marin.jpg 533w\" sizes=\"(max-width: 200px) 100vw, 200px\" \/><\/a><\/td>\n<td>Glumica<\/td>\n<\/tr>\n<tr>\n<td valign=\"top\" width=\"18%\" height=\"25\"><strong>DATUM I MJESTO RO\u0110ENJA <\/strong><\/td>\n<td valign=\"top\" width=\"82%\" height=\"25\">\n<div align=\"left\">21. rujna 1966., Zagreb<\/div>\n<\/td>\n<\/tr>\n<tr>\n<td valign=\"top\" width=\"18%\" height=\"55\"><strong>ansambl<\/strong><\/td>\n<td valign=\"top\" width=\"82%\" height=\"55\">Kazali\u0161te &#8220;Komedija&#8221;, p.p. 428, Zagreb<br \/>\ntel.: +385 (0)1 48 13 200; fax: +385 (0)1 48 12 179<br \/>\ne-mail: <a href=\"mailto:propaganda@komedija.hr\">propaganda@komedija.hr<\/a><\/td>\n<\/tr>\n<tr>\n<td valign=\"top\" width=\"18%\" height=\"25\"><strong>OBRAZOVANJE<\/strong><\/td>\n<td valign=\"top\" width=\"82%\" height=\"25\">Akademija dramske umjetnosti Sveu\u010dili\u0161ta u Zagrebu<\/td>\n<\/tr>\n<tr>\n<td colspan=\"2\" valign=\"top\">&nbsp;<\/td>\n<\/tr>\n<tr>\n<td valign=\"top\" width=\"18%\" height=\"181\"><strong>KAZALI\u0160TE<\/strong><\/td>\n<td valign=\"top\" width=\"82%\" height=\"181\">ZGK &#8220;Komedija&#8221;: <strong>Gusla\u010d na grovu, Lady \u0160ram, Stranka ljubavi, Colombe, \u0110erdan, Komedija zabuna, Luda no\u0107 u hotelu President, \u0160trudl od tre\u0161anja, Pri\u010da s ju\u017ene strane, Isus &#8211; sin \u010dovje\u010dji, Gospodsko dijete, Gostioni\u010darka, Buba u uhu, Gubec-beg, Chicago, Nemo\u0107nik u pameti, Budala za ve\u010deru, Mali du\u0107an strave, Svoga tela gospodar, Skidajte se do kraja<\/strong>, <strong>Cigle svete Elizabete, Zeleni kakadu, Cabaret<\/strong>; <strong>Diplomac, Dobra du\u0161a iz Se\u010duana, Opet on, Tulum u samostanu; Krava na granici<\/strong><br \/>\nHNK Zagreb: <strong>Dragulj u sablasnoj no\u0107i, Strogo kontrolirani vlakovi, Mjesec dana na selu<\/strong>; ZKM: <strong>Mi\u0161ko Predobri<\/strong>; Akademsko kazali\u0161te: <strong>Gri\u017eula<\/strong>; Teatar &#8220;\u017dar ptica&#8221;: <strong>Tulum na kvadrat<\/strong>; GD &#8220;Histrion&#8221;: <strong>K\u0107i Lotr\u0161\u010daka, Vitez slavonske ravni, Gri\u010dka vje\u0161tica, Kavana Torzo, Krle\u017eijada, Domagojada, Zagreb kak Zagreb<\/strong><\/td>\n<\/tr>\n<tr>\n<td valign=\"top\" width=\"18%\" height=\"22\"><strong>FILM<\/strong><\/td>\n<td valign=\"top\" width=\"82%\" height=\"22\"><strong>Vrijeme ratnika<\/strong> (\u0160orak), <strong>Vukovar se vra\u0107a ku\u0107i <\/strong>(Schmidt)<\/td>\n<\/tr>\n<tr>\n<td valign=\"top\" width=\"18%\" height=\"14\"><strong>TELEVIZIJA<\/strong><\/td>\n<td valign=\"top\" width=\"82%\" height=\"14\">TV drame <strong>Irinina udaja<\/strong> (HTV), <strong>Ljubovnik od oka<\/strong> (HTV), <strong>Rekvijem za Borisa<\/strong> (HTV); TV igra za djecu <strong>E-pe-peljuga<\/strong> (HTV); TV film <strong>Usprkos svemu<\/strong> (HTV\/BBC), serija <strong>Tri dana za uspjeh <\/strong>(HTV\/BBC); emisije zabavnog programa HTV-a (npr. <strong>Volim \u0161ou, Iz stare \u0161krinje<\/strong>); brojni reklamni spotovi i sinkronizacije animiranih filmova<\/td>\n<\/tr>\n<tr>\n<td valign=\"top\" width=\"18%\" height=\"15\"><strong>RADIO<\/strong><\/td>\n<td valign=\"top\" width=\"82%\" height=\"15\">brojne uloge u radio dramama (Dramski program HR), interpretacije proze i poezije<\/td>\n<\/tr>\n<tr>\n<td valign=\"top\" width=\"18%\" height=\"19\"><strong>OSTALO<\/strong><\/td>\n<td valign=\"top\" width=\"82%\" height=\"19\">voditeljica mnogih prigodnih programa i proslava (npr. dodjele &#8220;Nagrade hrvatskog glumi\u0161ta&#8221;, sve\u010danosti Dana KD Vatroslava Lisinskog)<\/td>\n<\/tr>\n<tr>\n<td colspan=\"2\" valign=\"top\" height=\"33\">&nbsp;<\/td>\n<\/tr>\n<tr>\n<td valign=\"top\" width=\"18%\" height=\"72\"><strong>NAGRADE I PRIZNANJA<\/strong><\/td>\n<td valign=\"top\" width=\"82%\" height=\"72\"><strong>Priznanje na Festivalu smijeha<\/strong> u Puli godine 1993. za ulogu Luciane (Komedija zabuna); <strong>odlikovana Redom Danice Hrvatske s likom Marka Maruli\u0107a za zasluge u kulturi<\/strong> godine 1996.<\/td>\n<\/tr>\n<tr>\n<td colspan=\"2\" valign=\"top\" height=\"33\">&nbsp;<\/td>\n<\/tr>\n<tr>\n<td valign=\"top\" width=\"18%\" height=\"33\"><strong>STATUSI U &#8220;KOMEDIJI&#8221;<\/strong><\/td>\n<td valign=\"top\" width=\"82%\" height=\"33\">prva premijera 16. o\u017eujka 1990. (Gusla\u010d na krovu), zaposlena od 1. svibnja 1990.<\/td>\n<\/tr>\n<\/tbody>\n<\/table>\n","protected":false},"excerpt":{"rendered":"<p>Glumica DATUM I MJESTO RO\u0110ENJA 21. rujna 1966., Zagreb ansambl Kazali\u0161te &#8220;Komedija&#8221;, p.p. 428, Zagreb tel.: +385 (0)1 48 13 200; fax: +385 (0)1 48 12 179 e-mail: propaganda@komedija.hr OBRAZOVANJE Akademija dramske umjetnosti Sveu\u010dili\u0161ta u Zagrebu &nbsp; KAZALI\u0160TE ZGK &#8220;Komedija&#8221;: Gusla\u010d na grovu, Lady \u0160ram, Stranka ljubavi, Colombe, \u0110erdan, Komedija zabuna, Luda no\u0107 u hotelu [&hellip;]<\/p>\n","protected":false},"author":4,"featured_media":0,"parent":6992,"menu_order":0,"comment_status":"closed","ping_status":"closed","template":"","meta":{"ngg_post_thumbnail":0,"footnotes":""},"class_list":["post-1381","page","type-page","status-publish","hentry"],"yoast_head":"<!-- This site is optimized with the Yoast SEO plugin v27.4 - https:\/\/yoast.com\/product\/yoast-seo-wordpress\/ -->\n<title>Sanja Marin - Kazali\u0161te Komedija<\/title>\n<meta name=\"robots\" content=\"index, follow, max-snippet:-1, max-image-preview:large, max-video-preview:-1\" \/>\n<link rel=\"canonical\" href=\"https:\/\/www.komedija.hr\/www\/ansambl-2\/glumci\/sanja-marin-ozbolt\/\" \/>\n<meta property=\"og:locale\" content=\"hr_HR\" \/>\n<meta property=\"og:type\" content=\"article\" \/>\n<meta property=\"og:title\" content=\"Sanja Marin - Kazali\u0161te Komedija\" \/>\n<meta property=\"og:description\" content=\"Glumica DATUM I MJESTO RO\u0110ENJA 21. rujna 1966., Zagreb ansambl Kazali\u0161te &#8220;Komedija&#8221;, p.p. 428, Zagreb tel.: +385 (0)1 48 13 200; fax: +385 (0)1 48 12 179 e-mail: propaganda@komedija.hr OBRAZOVANJE Akademija dramske umjetnosti Sveu\u010dili\u0161ta u Zagrebu &nbsp; KAZALI\u0160TE ZGK &#8220;Komedija&#8221;: Gusla\u010d na grovu, Lady \u0160ram, Stranka ljubavi, Colombe, \u0110erdan, Komedija zabuna, Luda no\u0107 u hotelu [&hellip;]\" \/>\n<meta property=\"og:url\" content=\"https:\/\/www.komedija.hr\/www\/ansambl-2\/glumci\/sanja-marin-ozbolt\/\" \/>\n<meta property=\"og:site_name\" content=\"Kazali\u0161te Komedija\" \/>\n<meta property=\"article:publisher\" content=\"https:\/\/www.facebook.com\/kazaliste.komedija\/\" \/>\n<meta property=\"article:modified_time\" content=\"2025-06-11T10:42:27+00:00\" \/>\n<meta property=\"og:image\" content=\"https:\/\/www.komedija.hr\/www\/wp-content\/uploads\/2011\/09\/sanja_marin.jpg\" \/>\n\t<meta property=\"og:image:width\" content=\"533\" \/>\n\t<meta property=\"og:image:height\" content=\"800\" \/>\n\t<meta property=\"og:image:type\" content=\"image\/jpeg\" \/>\n<meta name=\"twitter:card\" content=\"summary_large_image\" \/>\n<meta name=\"twitter:site\" content=\"@KKomedija\" \/>\n<meta name=\"twitter:label1\" content=\"Procijenjeno vrijeme \u010ditanja\" \/>\n\t<meta name=\"twitter:data1\" content=\"2 minute\" \/>\n<script type=\"application\/ld+json\" class=\"yoast-schema-graph\">{\"@context\":\"https:\\\/\\\/schema.org\",\"@graph\":[{\"@type\":\"WebPage\",\"@id\":\"https:\\\/\\\/www.komedija.hr\\\/www\\\/ansambl-2\\\/glumci\\\/sanja-marin-ozbolt\\\/\",\"url\":\"https:\\\/\\\/www.komedija.hr\\\/www\\\/ansambl-2\\\/glumci\\\/sanja-marin-ozbolt\\\/\",\"name\":\"Sanja Marin - Kazali\u0161te Komedija\",\"isPartOf\":{\"@id\":\"http:\\\/\\\/www.komedija.hr\\\/www\\\/#website\"},\"primaryImageOfPage\":{\"@id\":\"https:\\\/\\\/www.komedija.hr\\\/www\\\/ansambl-2\\\/glumci\\\/sanja-marin-ozbolt\\\/#primaryimage\"},\"image\":{\"@id\":\"https:\\\/\\\/www.komedija.hr\\\/www\\\/ansambl-2\\\/glumci\\\/sanja-marin-ozbolt\\\/#primaryimage\"},\"thumbnailUrl\":\"http:\\\/\\\/www.komedija.hr\\\/www\\\/wp-content\\\/uploads\\\/2011\\\/09\\\/sanja_marin-200x300.jpg\",\"datePublished\":\"2011-09-26T06:53:16+00:00\",\"dateModified\":\"2025-06-11T10:42:27+00:00\",\"breadcrumb\":{\"@id\":\"https:\\\/\\\/www.komedija.hr\\\/www\\\/ansambl-2\\\/glumci\\\/sanja-marin-ozbolt\\\/#breadcrumb\"},\"inLanguage\":\"hr\",\"potentialAction\":[{\"@type\":\"ReadAction\",\"target\":[\"https:\\\/\\\/www.komedija.hr\\\/www\\\/ansambl-2\\\/glumci\\\/sanja-marin-ozbolt\\\/\"]}]},{\"@type\":\"ImageObject\",\"inLanguage\":\"hr\",\"@id\":\"https:\\\/\\\/www.komedija.hr\\\/www\\\/ansambl-2\\\/glumci\\\/sanja-marin-ozbolt\\\/#primaryimage\",\"url\":\"https:\\\/\\\/www.komedija.hr\\\/www\\\/wp-content\\\/uploads\\\/2011\\\/09\\\/sanja_marin.jpg\",\"contentUrl\":\"https:\\\/\\\/www.komedija.hr\\\/www\\\/wp-content\\\/uploads\\\/2011\\\/09\\\/sanja_marin.jpg\",\"width\":533,\"height\":800},{\"@type\":\"BreadcrumbList\",\"@id\":\"https:\\\/\\\/www.komedija.hr\\\/www\\\/ansambl-2\\\/glumci\\\/sanja-marin-ozbolt\\\/#breadcrumb\",\"itemListElement\":[{\"@type\":\"ListItem\",\"position\":1,\"name\":\"Po\u010detna stranica\",\"item\":\"http:\\\/\\\/www.komedija.hr\\\/www\\\/\"},{\"@type\":\"ListItem\",\"position\":2,\"name\":\"Ansambl\",\"item\":\"https:\\\/\\\/www.komedija.hr\\\/www\\\/ansambl-2\\\/\"},{\"@type\":\"ListItem\",\"position\":3,\"name\":\"Glumci\",\"item\":\"https:\\\/\\\/www.komedija.hr\\\/www\\\/ansambl-2\\\/glumci\\\/\"},{\"@type\":\"ListItem\",\"position\":4,\"name\":\"Sanja Marin\"}]},{\"@type\":\"WebSite\",\"@id\":\"http:\\\/\\\/www.komedija.hr\\\/www\\\/#website\",\"url\":\"http:\\\/\\\/www.komedija.hr\\\/www\\\/\",\"name\":\"Kazali\u0161te Komedija\",\"description\":\"\",\"publisher\":{\"@id\":\"http:\\\/\\\/www.komedija.hr\\\/www\\\/#organization\"},\"potentialAction\":[{\"@type\":\"SearchAction\",\"target\":{\"@type\":\"EntryPoint\",\"urlTemplate\":\"http:\\\/\\\/www.komedija.hr\\\/www\\\/?s={search_term_string}\"},\"query-input\":{\"@type\":\"PropertyValueSpecification\",\"valueRequired\":true,\"valueName\":\"search_term_string\"}}],\"inLanguage\":\"hr\"},{\"@type\":\"Organization\",\"@id\":\"http:\\\/\\\/www.komedija.hr\\\/www\\\/#organization\",\"name\":\"Zagreba\u010dko gradsko Kazali\u0161ta Komedija\",\"url\":\"http:\\\/\\\/www.komedija.hr\\\/www\\\/\",\"logo\":{\"@type\":\"ImageObject\",\"inLanguage\":\"hr\",\"@id\":\"http:\\\/\\\/www.komedija.hr\\\/www\\\/#\\\/schema\\\/logo\\\/image\\\/\",\"url\":\"https:\\\/\\\/www.komedija.hr\\\/www\\\/wp-content\\\/uploads\\\/2020\\\/02\\\/cropped-Kazaliste_Komedija_logo_2.png\",\"contentUrl\":\"https:\\\/\\\/www.komedija.hr\\\/www\\\/wp-content\\\/uploads\\\/2020\\\/02\\\/cropped-Kazaliste_Komedija_logo_2.png\",\"width\":512,\"height\":512,\"caption\":\"Zagreba\u010dko gradsko Kazali\u0161ta Komedija\"},\"image\":{\"@id\":\"http:\\\/\\\/www.komedija.hr\\\/www\\\/#\\\/schema\\\/logo\\\/image\\\/\"},\"sameAs\":[\"https:\\\/\\\/www.facebook.com\\\/kazaliste.komedija\\\/\",\"https:\\\/\\\/x.com\\\/KKomedija\",\"https:\\\/\\\/www.instagram.com\\\/kazaliste_komedija\\\/\",\"https:\\\/\\\/www.youtube.com\\\/channel\\\/UC1NcapMYUXJW3miW_oPxT5w\\\/videos\"]}]}<\/script>\n<!-- \/ Yoast SEO plugin. -->","yoast_head_json":{"title":"Sanja Marin - Kazali\u0161te Komedija","robots":{"index":"index","follow":"follow","max-snippet":"max-snippet:-1","max-image-preview":"max-image-preview:large","max-video-preview":"max-video-preview:-1"},"canonical":"https:\/\/www.komedija.hr\/www\/ansambl-2\/glumci\/sanja-marin-ozbolt\/","og_locale":"hr_HR","og_type":"article","og_title":"Sanja Marin - Kazali\u0161te Komedija","og_description":"Glumica DATUM I MJESTO RO\u0110ENJA 21. rujna 1966., Zagreb ansambl Kazali\u0161te &#8220;Komedija&#8221;, p.p. 428, Zagreb tel.: +385 (0)1 48 13 200; fax: +385 (0)1 48 12 179 e-mail: propaganda@komedija.hr OBRAZOVANJE Akademija dramske umjetnosti Sveu\u010dili\u0161ta u Zagrebu &nbsp; KAZALI\u0160TE ZGK &#8220;Komedija&#8221;: Gusla\u010d na grovu, Lady \u0160ram, Stranka ljubavi, Colombe, \u0110erdan, Komedija zabuna, Luda no\u0107 u hotelu [&hellip;]","og_url":"https:\/\/www.komedija.hr\/www\/ansambl-2\/glumci\/sanja-marin-ozbolt\/","og_site_name":"Kazali\u0161te Komedija","article_publisher":"https:\/\/www.facebook.com\/kazaliste.komedija\/","article_modified_time":"2025-06-11T10:42:27+00:00","og_image":[{"width":533,"height":800,"url":"https:\/\/www.komedija.hr\/www\/wp-content\/uploads\/2011\/09\/sanja_marin.jpg","type":"image\/jpeg"}],"twitter_card":"summary_large_image","twitter_site":"@KKomedija","twitter_misc":{"Procijenjeno vrijeme \u010ditanja":"2 minute"},"schema":{"@context":"https:\/\/schema.org","@graph":[{"@type":"WebPage","@id":"https:\/\/www.komedija.hr\/www\/ansambl-2\/glumci\/sanja-marin-ozbolt\/","url":"https:\/\/www.komedija.hr\/www\/ansambl-2\/glumci\/sanja-marin-ozbolt\/","name":"Sanja Marin - Kazali\u0161te Komedija","isPartOf":{"@id":"http:\/\/www.komedija.hr\/www\/#website"},"primaryImageOfPage":{"@id":"https:\/\/www.komedija.hr\/www\/ansambl-2\/glumci\/sanja-marin-ozbolt\/#primaryimage"},"image":{"@id":"https:\/\/www.komedija.hr\/www\/ansambl-2\/glumci\/sanja-marin-ozbolt\/#primaryimage"},"thumbnailUrl":"http:\/\/www.komedija.hr\/www\/wp-content\/uploads\/2011\/09\/sanja_marin-200x300.jpg","datePublished":"2011-09-26T06:53:16+00:00","dateModified":"2025-06-11T10:42:27+00:00","breadcrumb":{"@id":"https:\/\/www.komedija.hr\/www\/ansambl-2\/glumci\/sanja-marin-ozbolt\/#breadcrumb"},"inLanguage":"hr","potentialAction":[{"@type":"ReadAction","target":["https:\/\/www.komedija.hr\/www\/ansambl-2\/glumci\/sanja-marin-ozbolt\/"]}]},{"@type":"ImageObject","inLanguage":"hr","@id":"https:\/\/www.komedija.hr\/www\/ansambl-2\/glumci\/sanja-marin-ozbolt\/#primaryimage","url":"https:\/\/www.komedija.hr\/www\/wp-content\/uploads\/2011\/09\/sanja_marin.jpg","contentUrl":"https:\/\/www.komedija.hr\/www\/wp-content\/uploads\/2011\/09\/sanja_marin.jpg","width":533,"height":800},{"@type":"BreadcrumbList","@id":"https:\/\/www.komedija.hr\/www\/ansambl-2\/glumci\/sanja-marin-ozbolt\/#breadcrumb","itemListElement":[{"@type":"ListItem","position":1,"name":"Po\u010detna stranica","item":"http:\/\/www.komedija.hr\/www\/"},{"@type":"ListItem","position":2,"name":"Ansambl","item":"https:\/\/www.komedija.hr\/www\/ansambl-2\/"},{"@type":"ListItem","position":3,"name":"Glumci","item":"https:\/\/www.komedija.hr\/www\/ansambl-2\/glumci\/"},{"@type":"ListItem","position":4,"name":"Sanja Marin"}]},{"@type":"WebSite","@id":"http:\/\/www.komedija.hr\/www\/#website","url":"http:\/\/www.komedija.hr\/www\/","name":"Kazali\u0161te Komedija","description":"","publisher":{"@id":"http:\/\/www.komedija.hr\/www\/#organization"},"potentialAction":[{"@type":"SearchAction","target":{"@type":"EntryPoint","urlTemplate":"http:\/\/www.komedija.hr\/www\/?s={search_term_string}"},"query-input":{"@type":"PropertyValueSpecification","valueRequired":true,"valueName":"search_term_string"}}],"inLanguage":"hr"},{"@type":"Organization","@id":"http:\/\/www.komedija.hr\/www\/#organization","name":"Zagreba\u010dko gradsko Kazali\u0161ta Komedija","url":"http:\/\/www.komedija.hr\/www\/","logo":{"@type":"ImageObject","inLanguage":"hr","@id":"http:\/\/www.komedija.hr\/www\/#\/schema\/logo\/image\/","url":"https:\/\/www.komedija.hr\/www\/wp-content\/uploads\/2020\/02\/cropped-Kazaliste_Komedija_logo_2.png","contentUrl":"https:\/\/www.komedija.hr\/www\/wp-content\/uploads\/2020\/02\/cropped-Kazaliste_Komedija_logo_2.png","width":512,"height":512,"caption":"Zagreba\u010dko gradsko Kazali\u0161ta Komedija"},"image":{"@id":"http:\/\/www.komedija.hr\/www\/#\/schema\/logo\/image\/"},"sameAs":["https:\/\/www.facebook.com\/kazaliste.komedija\/","https:\/\/x.com\/KKomedija","https:\/\/www.instagram.com\/kazaliste_komedija\/","https:\/\/www.youtube.com\/channel\/UC1NcapMYUXJW3miW_oPxT5w\/videos"]}]}},"_links":{"self":[{"href":"https:\/\/www.komedija.hr\/www\/wp-json\/wp\/v2\/pages\/1381","targetHints":{"allow":["GET"]}}],"collection":[{"href":"https:\/\/www.komedija.hr\/www\/wp-json\/wp\/v2\/pages"}],"about":[{"href":"https:\/\/www.komedija.hr\/www\/wp-json\/wp\/v2\/types\/page"}],"author":[{"embeddable":true,"href":"https:\/\/www.komedija.hr\/www\/wp-json\/wp\/v2\/users\/4"}],"replies":[{"embeddable":true,"href":"https:\/\/www.komedija.hr\/www\/wp-json\/wp\/v2\/comments?post=1381"}],"version-history":[{"count":1,"href":"https:\/\/www.komedija.hr\/www\/wp-json\/wp\/v2\/pages\/1381\/revisions"}],"predecessor-version":[{"id":20896,"href":"https:\/\/www.komedija.hr\/www\/wp-json\/wp\/v2\/pages\/1381\/revisions\/20896"}],"up":[{"embeddable":true,"href":"https:\/\/www.komedija.hr\/www\/wp-json\/wp\/v2\/pages\/6992"}],"wp:attachment":[{"href":"https:\/\/www.komedija.hr\/www\/wp-json\/wp\/v2\/media?parent=1381"}],"curies":[{"name":"wp","href":"https:\/\/api.w.org\/{rel}","templated":true}]}}