{"id":1393,"date":"2011-09-26T09:00:37","date_gmt":"2011-09-26T07:00:37","guid":{"rendered":"http:\/\/www.komedija.hr\/web\/?page_id=1393"},"modified":"2021-09-22T09:33:14","modified_gmt":"2021-09-22T07:33:14","slug":"ivica-zadro","status":"publish","type":"page","link":"https:\/\/www.komedija.hr\/www\/umirovljeni-i-bivsi-clanovi-ansambla\/ivica-zadro\/","title":{"rendered":"Ivica Zadro"},"content":{"rendered":"<table border=\"0\" width=\"100%\">\n<tbody>\n<tr>\n<td><a href=\"http:\/\/www.komedija.hr\/www\/wp-content\/uploads\/2011\/09\/ivica_zadro.jpg\" target=\"_blank\" rel=\"noopener noreferrer\"><img decoding=\"async\" class=\"alignnone wp-image-7254 size-medium\" src=\"http:\/\/www.komedija.hr\/www\/wp-content\/uploads\/2011\/09\/ivica_zadro-200x300.jpg\" alt=\"ivica_zadro\" width=\"200\" height=\"300\" srcset=\"https:\/\/www.komedija.hr\/www\/wp-content\/uploads\/2011\/09\/ivica_zadro-200x300.jpg 200w, https:\/\/www.komedija.hr\/www\/wp-content\/uploads\/2011\/09\/ivica_zadro.jpg 533w\" sizes=\"(max-width: 200px) 100vw, 200px\" \/><\/a><\/td>\n<td>Glumac<\/td>\n<\/tr>\n<tr valign=\"top\">\n<td colspan=\"2\" height=\"20\"><\/td>\n<\/tr>\n<tr>\n<td valign=\"top\" width=\"18%\" height=\"25\"><strong>DATUM I MJESTO RO\u0110ENJA <\/strong><\/td>\n<td valign=\"top\" width=\"82%\" height=\"25\">\n<div align=\"left\">13. kolovoza 1954., Zagreb<\/div>\n<\/td>\n<\/tr>\n<tr>\n<td valign=\"top\" width=\"18%\"><strong>ansambl<\/strong><\/td>\n<td valign=\"top\" width=\"82%\">Ra\u0161ka 8, 10000 Zagreb<br \/>\ntel.: +385 (0)1 30 79 554; fax (Komedija) +385 (0)1 48 12 179<br \/>\nGSM: +385 (0)91 25 32 352<br \/>\ne-mail: <a href=\"mailto:ivan.zadro1@zg.hinet.hr\">ivan.zadro1@zg.hinet.hr<\/a><\/td>\n<\/tr>\n<tr>\n<td valign=\"top\" width=\"18%\" height=\"25\"><strong>OBRAZOVANJE<\/strong><\/td>\n<td valign=\"top\" width=\"82%\" height=\"25\">Akademija dramske umjetnosti Sveu\u010dili\u0161ta u Zagrebu<\/td>\n<\/tr>\n<tr>\n<td colspan=\"2\" valign=\"top\"><\/td>\n<\/tr>\n<tr>\n<td valign=\"top\" width=\"18%\" height=\"271\"><strong>KAZALI\u0160TE<\/strong><\/td>\n<td valign=\"top\" width=\"82%\" height=\"271\">ZKM: <strong>Ma\u010dak D\u017eingiskan i Miki Trasi,<\/strong> <strong>Koko u Parizu, Zeko Naduvenko, Ne\u0107ko Svojeglave\u010dko<\/strong>; SKUC: <strong>Leda<\/strong>; DK &#8220;Gavella&#8221;: <strong>Henry IV.,<\/strong> <strong>Richard II.<\/strong>; &amp;TD: <strong>Kralj Gardogan<\/strong>; SK &#8220;Kerempuh&#8221;, Gong: <strong>Policajci<\/strong>; GD &#8220;Histrion&#8221;: <strong>Domagojada,<\/strong> <strong>Krnjeval, Panoptiku\u0161, Glumijada, Oluja, Arheolo\u0161ka iskapanja kod sela Dilj,<\/strong> <strong>Histrijada, Faust, Predstava Hamleta u selu Mrdu\u0161a Donja, <\/strong><strong>Hidrocentrala u Suhom Dolu,<\/strong> <strong>Diogene\u0161, Kavana Torzo, Mjehur od sapunice, Idu svati, mlade ni<\/strong>; TUG: <strong>Crna komedija, Zlatni de\u010dki<\/strong>; Mala scena: <strong>Bajka, Pierrot ili tajne no\u0107i, Dokaz, \u017divot x3, Od\u0161teta, Nevidljivi Leonard<\/strong>; Teatar Move: <strong>Daj gol, Mrzli<\/strong>; HNK Ivana pl. Zajca Rijeka:<strong> Duhi<\/strong>; Dubrova\u010dke ljetne igre: <strong>Posjet stare dame, Amfitrion, Orestija, Don Quijote<\/strong>; mjuzikl <strong>Za dobra, stara vremena<\/strong>; Knap: <strong>Grupa<\/strong>; ZGK &#8220;Komedija&#8221;: <strong>\u0110erdan, Orden,<\/strong> <strong>Moj tata socijalisti\u010dki kulak, Opera za tri pare, Kaj20,<\/strong> <strong>Dubravka,<\/strong> <strong>Probudi se Kato, Kidaj od svoje \u017eene, Lova\u010dko dru\u0161tvo, \u0160trudl od tre\u0161anja, Car Franjo Josip u Zagrebu, Na tri kralja ili kako ho\u0107ete, Veliki manevri u tijesnim ulicama, Buba u uhu, \u010caruga, Mali du\u0107an strave, Budala za ve\u010deru, Nemo\u0107nik u pameti, Tko pjeva zlo ne misli, Narodil se mladi kralj, Cigle svete Elizabete, Mjuzikl Dundo Maroje 008, Dobri vojak \u0160vejk, Diplomac,\u00a0<strong>Monty Python&#8217;s Spamalot, Dobra du\u0161a iz Se\u010duana, Bljesak zlatnog zuba, Revizor, Legenda o svetom Muhli, Zaljubljeni Shakespeare<br \/>\n<\/strong><\/strong>redatelji: Habunek, Radojevi\u0107, Kun\u010devi\u0107, Me\u0111imurec, Geri\u0107, Paro, Mesari\u0107, Mu\u017ei\u0107, Cari\u0107, Vitez, Juvan\u010di\u0107, Kica, Menzel<\/td>\n<\/tr>\n<tr>\n<td valign=\"top\" width=\"18%\" height=\"56\"><strong>FILM<\/strong><\/td>\n<td valign=\"top\" width=\"82%\" height=\"56\"><strong>Kad mrtvi zapjevaju<\/strong> (Papi\u0107), <strong>Medeni mjesec<\/strong> (Babi\u0107), <strong>Akcija Stadion <\/strong>(Vukoti\u0107),<strong> Povratak<\/strong> (Vrdoljak), <strong>Garcia<\/strong> (\u0160orak), <strong>Horvatov izbor<\/strong> (Gali\u0107), <strong>Holding<\/strong> (Radi\u0107), <strong>Cvjetni trg<\/strong> (Papi\u0107), <strong>Parada<\/strong> (Dragojevi\u0107)<\/td>\n<\/tr>\n<tr>\n<td valign=\"top\" width=\"18%\" height=\"106\"><strong>TELEVIZIJA<\/strong><\/td>\n<td valign=\"top\" width=\"82%\" height=\"106\"><strong>Povratak u Vu\u010djak<\/strong> (HTV), <strong>Ma\u010dak pod \u0161ljemom<\/strong> (HTV), <strong>Nepokoreni grad <\/strong>(HTV),<strong> Pijanist <\/strong>(HTV), <strong>\u0160enoa <\/strong>(HTV),<strong> Smogovci<\/strong> (HTV), <strong>Lima\u010dijada<\/strong> (Z3), <strong>Malavizija<\/strong> (HTV), <strong>Pozitivna nula<\/strong> (HTV), <strong>Ptice nebeske<\/strong> (HTV), <strong>Kontesa Dora <\/strong>(HTV), <strong>Je l&#8217; me tko tra\u017eio <\/strong>(HTV), <strong>Dobro jutro, Hrvatska <\/strong>(HTV), <strong>Dobar dan <\/strong>(HTV), <strong>Uvijek nedjeljom <\/strong>(HTV); <strong>Odmori se, zaslu\u017eio si<\/strong> (HTV), <strong>Bitange i princeze<\/strong> (HTV), <strong>Stipe u gostima<\/strong> (HTV); <strong>Nad lipom 35<\/strong> (Nova TV); autor, voditelj, producent<\/td>\n<\/tr>\n<tr>\n<td valign=\"top\" width=\"18%\" height=\"24\"><strong>RADIO <\/strong><\/td>\n<td valign=\"top\" width=\"82%\" height=\"24\">radio drame (Dramski program HR)<\/td>\n<\/tr>\n<tr>\n<td colspan=\"2\" valign=\"top\"><\/td>\n<\/tr>\n<tr>\n<td valign=\"top\" width=\"18%\" height=\"103\"><strong>NAGRADE I PRIZNANJA<\/strong><\/td>\n<td valign=\"top\" width=\"82%\" height=\"103\"><strong>Nagrada &#8220;Gavellinih ve\u010deri&#8221;<\/strong> godine 1980. za ulogu Francisa (Henry IV., DK &#8220;Gavella&#8221;), <strong>Nagrada &#8220;Zlatni smijeh&#8221;<\/strong> na Danima satire godine 1989. za ulogu Sebirada (Diogene\u0161, GD &#8220;Histrion&#8221;), <strong>nominacija za Nagradu hrvatskog glumi\u0161ta<\/strong> 1997. godine za ulogu Pierrota (Pierrot ili tajne no\u0107i, Mala scena); <strong>odlikovan Redom Danice Hrvatske s likom Marka Maruli\u0107a<\/strong> godine 1996.<\/td>\n<\/tr>\n<tr>\n<td colspan=\"2\" valign=\"top\" height=\"33\"><\/td>\n<\/tr>\n<tr>\n<td valign=\"top\" width=\"18%\" height=\"33\"><strong>STATUSI U &#8220;KOMEDIJI&#8221;<\/strong><\/td>\n<td valign=\"top\" width=\"82%\" height=\"33\">prva premijera 27. travnja 1984. (\u0110erdan), zaposlen od 1. velja\u010de 1984.<\/td>\n<\/tr>\n<\/tbody>\n<\/table>\n","protected":false},"excerpt":{"rendered":"<p>Glumac DATUM I MJESTO RO\u0110ENJA 13. kolovoza 1954., Zagreb ansambl Ra\u0161ka 8, 10000 Zagreb tel.: +385 (0)1 30 79 554; fax (Komedija) +385 (0)1 48 12 179 GSM: +385 (0)91 25 32 352 e-mail: ivan.zadro1@zg.hinet.hr OBRAZOVANJE Akademija dramske umjetnosti Sveu\u010dili\u0161ta u Zagrebu KAZALI\u0160TE ZKM: Ma\u010dak D\u017eingiskan i Miki Trasi, Koko u Parizu, Zeko Naduvenko, Ne\u0107ko [&hellip;]<\/p>\n","protected":false},"author":4,"featured_media":0,"parent":8592,"menu_order":0,"comment_status":"closed","ping_status":"closed","template":"","meta":{"ngg_post_thumbnail":0,"footnotes":""},"class_list":["post-1393","page","type-page","status-publish","hentry"],"yoast_head":"<!-- This site is optimized with the Yoast SEO plugin v27.4 - https:\/\/yoast.com\/product\/yoast-seo-wordpress\/ -->\n<title>Ivica Zadro - Kazali\u0161te Komedija<\/title>\n<meta name=\"robots\" content=\"index, follow, max-snippet:-1, max-image-preview:large, max-video-preview:-1\" \/>\n<link rel=\"canonical\" href=\"https:\/\/www.komedija.hr\/www\/umirovljeni-i-bivsi-clanovi-ansambla\/ivica-zadro\/\" \/>\n<meta property=\"og:locale\" content=\"hr_HR\" \/>\n<meta property=\"og:type\" content=\"article\" \/>\n<meta property=\"og:title\" content=\"Ivica Zadro - Kazali\u0161te Komedija\" \/>\n<meta property=\"og:description\" content=\"Glumac DATUM I MJESTO RO\u0110ENJA 13. kolovoza 1954., Zagreb ansambl Ra\u0161ka 8, 10000 Zagreb tel.: +385 (0)1 30 79 554; fax (Komedija) +385 (0)1 48 12 179 GSM: +385 (0)91 25 32 352 e-mail: ivan.zadro1@zg.hinet.hr OBRAZOVANJE Akademija dramske umjetnosti Sveu\u010dili\u0161ta u Zagrebu KAZALI\u0160TE ZKM: Ma\u010dak D\u017eingiskan i Miki Trasi, Koko u Parizu, Zeko Naduvenko, Ne\u0107ko [&hellip;]\" \/>\n<meta property=\"og:url\" content=\"https:\/\/www.komedija.hr\/www\/umirovljeni-i-bivsi-clanovi-ansambla\/ivica-zadro\/\" \/>\n<meta property=\"og:site_name\" content=\"Kazali\u0161te Komedija\" \/>\n<meta property=\"article:publisher\" content=\"https:\/\/www.facebook.com\/kazaliste.komedija\/\" \/>\n<meta property=\"article:modified_time\" content=\"2021-09-22T07:33:14+00:00\" \/>\n<meta property=\"og:image\" content=\"http:\/\/www.komedija.hr\/www\/wp-content\/uploads\/2011\/09\/ivica_zadro-200x300.jpg\" \/>\n<meta name=\"twitter:card\" content=\"summary_large_image\" \/>\n<meta name=\"twitter:site\" content=\"@KKomedija\" \/>\n<meta name=\"twitter:label1\" content=\"Procijenjeno vrijeme \u010ditanja\" \/>\n\t<meta name=\"twitter:data1\" content=\"2 minute\" \/>\n<script type=\"application\/ld+json\" class=\"yoast-schema-graph\">{\"@context\":\"https:\\\/\\\/schema.org\",\"@graph\":[{\"@type\":\"WebPage\",\"@id\":\"https:\\\/\\\/www.komedija.hr\\\/www\\\/umirovljeni-i-bivsi-clanovi-ansambla\\\/ivica-zadro\\\/\",\"url\":\"https:\\\/\\\/www.komedija.hr\\\/www\\\/umirovljeni-i-bivsi-clanovi-ansambla\\\/ivica-zadro\\\/\",\"name\":\"Ivica Zadro - Kazali\u0161te Komedija\",\"isPartOf\":{\"@id\":\"http:\\\/\\\/www.komedija.hr\\\/www\\\/#website\"},\"primaryImageOfPage\":{\"@id\":\"https:\\\/\\\/www.komedija.hr\\\/www\\\/umirovljeni-i-bivsi-clanovi-ansambla\\\/ivica-zadro\\\/#primaryimage\"},\"image\":{\"@id\":\"https:\\\/\\\/www.komedija.hr\\\/www\\\/umirovljeni-i-bivsi-clanovi-ansambla\\\/ivica-zadro\\\/#primaryimage\"},\"thumbnailUrl\":\"http:\\\/\\\/www.komedija.hr\\\/www\\\/wp-content\\\/uploads\\\/2011\\\/09\\\/ivica_zadro-200x300.jpg\",\"datePublished\":\"2011-09-26T07:00:37+00:00\",\"dateModified\":\"2021-09-22T07:33:14+00:00\",\"breadcrumb\":{\"@id\":\"https:\\\/\\\/www.komedija.hr\\\/www\\\/umirovljeni-i-bivsi-clanovi-ansambla\\\/ivica-zadro\\\/#breadcrumb\"},\"inLanguage\":\"hr\",\"potentialAction\":[{\"@type\":\"ReadAction\",\"target\":[\"https:\\\/\\\/www.komedija.hr\\\/www\\\/umirovljeni-i-bivsi-clanovi-ansambla\\\/ivica-zadro\\\/\"]}]},{\"@type\":\"ImageObject\",\"inLanguage\":\"hr\",\"@id\":\"https:\\\/\\\/www.komedija.hr\\\/www\\\/umirovljeni-i-bivsi-clanovi-ansambla\\\/ivica-zadro\\\/#primaryimage\",\"url\":\"https:\\\/\\\/www.komedija.hr\\\/www\\\/wp-content\\\/uploads\\\/2011\\\/09\\\/ivica_zadro.jpg\",\"contentUrl\":\"https:\\\/\\\/www.komedija.hr\\\/www\\\/wp-content\\\/uploads\\\/2011\\\/09\\\/ivica_zadro.jpg\",\"width\":533,\"height\":800},{\"@type\":\"BreadcrumbList\",\"@id\":\"https:\\\/\\\/www.komedija.hr\\\/www\\\/umirovljeni-i-bivsi-clanovi-ansambla\\\/ivica-zadro\\\/#breadcrumb\",\"itemListElement\":[{\"@type\":\"ListItem\",\"position\":1,\"name\":\"Po\u010detna stranica\",\"item\":\"http:\\\/\\\/www.komedija.hr\\\/www\\\/\"},{\"@type\":\"ListItem\",\"position\":2,\"name\":\"Umirovljeni i biv\u0161i \u010dlanovi ansambla\",\"item\":\"https:\\\/\\\/www.komedija.hr\\\/www\\\/umirovljeni-i-bivsi-clanovi-ansambla\\\/\"},{\"@type\":\"ListItem\",\"position\":3,\"name\":\"Ivica Zadro\"}]},{\"@type\":\"WebSite\",\"@id\":\"http:\\\/\\\/www.komedija.hr\\\/www\\\/#website\",\"url\":\"http:\\\/\\\/www.komedija.hr\\\/www\\\/\",\"name\":\"Kazali\u0161te Komedija\",\"description\":\"\",\"publisher\":{\"@id\":\"http:\\\/\\\/www.komedija.hr\\\/www\\\/#organization\"},\"potentialAction\":[{\"@type\":\"SearchAction\",\"target\":{\"@type\":\"EntryPoint\",\"urlTemplate\":\"http:\\\/\\\/www.komedija.hr\\\/www\\\/?s={search_term_string}\"},\"query-input\":{\"@type\":\"PropertyValueSpecification\",\"valueRequired\":true,\"valueName\":\"search_term_string\"}}],\"inLanguage\":\"hr\"},{\"@type\":\"Organization\",\"@id\":\"http:\\\/\\\/www.komedija.hr\\\/www\\\/#organization\",\"name\":\"Zagreba\u010dko gradsko Kazali\u0161ta Komedija\",\"url\":\"http:\\\/\\\/www.komedija.hr\\\/www\\\/\",\"logo\":{\"@type\":\"ImageObject\",\"inLanguage\":\"hr\",\"@id\":\"http:\\\/\\\/www.komedija.hr\\\/www\\\/#\\\/schema\\\/logo\\\/image\\\/\",\"url\":\"https:\\\/\\\/www.komedija.hr\\\/www\\\/wp-content\\\/uploads\\\/2020\\\/02\\\/cropped-Kazaliste_Komedija_logo_2.png\",\"contentUrl\":\"https:\\\/\\\/www.komedija.hr\\\/www\\\/wp-content\\\/uploads\\\/2020\\\/02\\\/cropped-Kazaliste_Komedija_logo_2.png\",\"width\":512,\"height\":512,\"caption\":\"Zagreba\u010dko gradsko Kazali\u0161ta Komedija\"},\"image\":{\"@id\":\"http:\\\/\\\/www.komedija.hr\\\/www\\\/#\\\/schema\\\/logo\\\/image\\\/\"},\"sameAs\":[\"https:\\\/\\\/www.facebook.com\\\/kazaliste.komedija\\\/\",\"https:\\\/\\\/x.com\\\/KKomedija\",\"https:\\\/\\\/www.instagram.com\\\/kazaliste_komedija\\\/\",\"https:\\\/\\\/www.youtube.com\\\/channel\\\/UC1NcapMYUXJW3miW_oPxT5w\\\/videos\"]}]}<\/script>\n<!-- \/ Yoast SEO plugin. -->","yoast_head_json":{"title":"Ivica Zadro - Kazali\u0161te Komedija","robots":{"index":"index","follow":"follow","max-snippet":"max-snippet:-1","max-image-preview":"max-image-preview:large","max-video-preview":"max-video-preview:-1"},"canonical":"https:\/\/www.komedija.hr\/www\/umirovljeni-i-bivsi-clanovi-ansambla\/ivica-zadro\/","og_locale":"hr_HR","og_type":"article","og_title":"Ivica Zadro - Kazali\u0161te Komedija","og_description":"Glumac DATUM I MJESTO RO\u0110ENJA 13. kolovoza 1954., Zagreb ansambl Ra\u0161ka 8, 10000 Zagreb tel.: +385 (0)1 30 79 554; fax (Komedija) +385 (0)1 48 12 179 GSM: +385 (0)91 25 32 352 e-mail: ivan.zadro1@zg.hinet.hr OBRAZOVANJE Akademija dramske umjetnosti Sveu\u010dili\u0161ta u Zagrebu KAZALI\u0160TE ZKM: Ma\u010dak D\u017eingiskan i Miki Trasi, Koko u Parizu, Zeko Naduvenko, Ne\u0107ko [&hellip;]","og_url":"https:\/\/www.komedija.hr\/www\/umirovljeni-i-bivsi-clanovi-ansambla\/ivica-zadro\/","og_site_name":"Kazali\u0161te Komedija","article_publisher":"https:\/\/www.facebook.com\/kazaliste.komedija\/","article_modified_time":"2021-09-22T07:33:14+00:00","og_image":[{"url":"http:\/\/www.komedija.hr\/www\/wp-content\/uploads\/2011\/09\/ivica_zadro-200x300.jpg","type":"","width":"","height":""}],"twitter_card":"summary_large_image","twitter_site":"@KKomedija","twitter_misc":{"Procijenjeno vrijeme \u010ditanja":"2 minute"},"schema":{"@context":"https:\/\/schema.org","@graph":[{"@type":"WebPage","@id":"https:\/\/www.komedija.hr\/www\/umirovljeni-i-bivsi-clanovi-ansambla\/ivica-zadro\/","url":"https:\/\/www.komedija.hr\/www\/umirovljeni-i-bivsi-clanovi-ansambla\/ivica-zadro\/","name":"Ivica Zadro - Kazali\u0161te Komedija","isPartOf":{"@id":"http:\/\/www.komedija.hr\/www\/#website"},"primaryImageOfPage":{"@id":"https:\/\/www.komedija.hr\/www\/umirovljeni-i-bivsi-clanovi-ansambla\/ivica-zadro\/#primaryimage"},"image":{"@id":"https:\/\/www.komedija.hr\/www\/umirovljeni-i-bivsi-clanovi-ansambla\/ivica-zadro\/#primaryimage"},"thumbnailUrl":"http:\/\/www.komedija.hr\/www\/wp-content\/uploads\/2011\/09\/ivica_zadro-200x300.jpg","datePublished":"2011-09-26T07:00:37+00:00","dateModified":"2021-09-22T07:33:14+00:00","breadcrumb":{"@id":"https:\/\/www.komedija.hr\/www\/umirovljeni-i-bivsi-clanovi-ansambla\/ivica-zadro\/#breadcrumb"},"inLanguage":"hr","potentialAction":[{"@type":"ReadAction","target":["https:\/\/www.komedija.hr\/www\/umirovljeni-i-bivsi-clanovi-ansambla\/ivica-zadro\/"]}]},{"@type":"ImageObject","inLanguage":"hr","@id":"https:\/\/www.komedija.hr\/www\/umirovljeni-i-bivsi-clanovi-ansambla\/ivica-zadro\/#primaryimage","url":"https:\/\/www.komedija.hr\/www\/wp-content\/uploads\/2011\/09\/ivica_zadro.jpg","contentUrl":"https:\/\/www.komedija.hr\/www\/wp-content\/uploads\/2011\/09\/ivica_zadro.jpg","width":533,"height":800},{"@type":"BreadcrumbList","@id":"https:\/\/www.komedija.hr\/www\/umirovljeni-i-bivsi-clanovi-ansambla\/ivica-zadro\/#breadcrumb","itemListElement":[{"@type":"ListItem","position":1,"name":"Po\u010detna stranica","item":"http:\/\/www.komedija.hr\/www\/"},{"@type":"ListItem","position":2,"name":"Umirovljeni i biv\u0161i \u010dlanovi ansambla","item":"https:\/\/www.komedija.hr\/www\/umirovljeni-i-bivsi-clanovi-ansambla\/"},{"@type":"ListItem","position":3,"name":"Ivica Zadro"}]},{"@type":"WebSite","@id":"http:\/\/www.komedija.hr\/www\/#website","url":"http:\/\/www.komedija.hr\/www\/","name":"Kazali\u0161te Komedija","description":"","publisher":{"@id":"http:\/\/www.komedija.hr\/www\/#organization"},"potentialAction":[{"@type":"SearchAction","target":{"@type":"EntryPoint","urlTemplate":"http:\/\/www.komedija.hr\/www\/?s={search_term_string}"},"query-input":{"@type":"PropertyValueSpecification","valueRequired":true,"valueName":"search_term_string"}}],"inLanguage":"hr"},{"@type":"Organization","@id":"http:\/\/www.komedija.hr\/www\/#organization","name":"Zagreba\u010dko gradsko Kazali\u0161ta Komedija","url":"http:\/\/www.komedija.hr\/www\/","logo":{"@type":"ImageObject","inLanguage":"hr","@id":"http:\/\/www.komedija.hr\/www\/#\/schema\/logo\/image\/","url":"https:\/\/www.komedija.hr\/www\/wp-content\/uploads\/2020\/02\/cropped-Kazaliste_Komedija_logo_2.png","contentUrl":"https:\/\/www.komedija.hr\/www\/wp-content\/uploads\/2020\/02\/cropped-Kazaliste_Komedija_logo_2.png","width":512,"height":512,"caption":"Zagreba\u010dko gradsko Kazali\u0161ta Komedija"},"image":{"@id":"http:\/\/www.komedija.hr\/www\/#\/schema\/logo\/image\/"},"sameAs":["https:\/\/www.facebook.com\/kazaliste.komedija\/","https:\/\/x.com\/KKomedija","https:\/\/www.instagram.com\/kazaliste_komedija\/","https:\/\/www.youtube.com\/channel\/UC1NcapMYUXJW3miW_oPxT5w\/videos"]}]}},"_links":{"self":[{"href":"https:\/\/www.komedija.hr\/www\/wp-json\/wp\/v2\/pages\/1393","targetHints":{"allow":["GET"]}}],"collection":[{"href":"https:\/\/www.komedija.hr\/www\/wp-json\/wp\/v2\/pages"}],"about":[{"href":"https:\/\/www.komedija.hr\/www\/wp-json\/wp\/v2\/types\/page"}],"author":[{"embeddable":true,"href":"https:\/\/www.komedija.hr\/www\/wp-json\/wp\/v2\/users\/4"}],"replies":[{"embeddable":true,"href":"https:\/\/www.komedija.hr\/www\/wp-json\/wp\/v2\/comments?post=1393"}],"version-history":[{"count":0,"href":"https:\/\/www.komedija.hr\/www\/wp-json\/wp\/v2\/pages\/1393\/revisions"}],"up":[{"embeddable":true,"href":"https:\/\/www.komedija.hr\/www\/wp-json\/wp\/v2\/pages\/8592"}],"wp:attachment":[{"href":"https:\/\/www.komedija.hr\/www\/wp-json\/wp\/v2\/media?parent=1393"}],"curies":[{"name":"wp","href":"https:\/\/api.w.org\/{rel}","templated":true}]}}