{"id":1395,"date":"2011-09-26T09:01:20","date_gmt":"2011-09-26T07:01:20","guid":{"rendered":"http:\/\/www.komedija.hr\/web\/?page_id=1395"},"modified":"2024-01-02T18:18:49","modified_gmt":"2024-01-02T17:18:49","slug":"ljubo-zecevic","status":"publish","type":"page","link":"https:\/\/www.komedija.hr\/www\/umirovljeni-i-bivsi-clanovi-ansambla\/ljubo-zecevic\/","title":{"rendered":"Ljubo Ze\u010devi\u0107"},"content":{"rendered":"<table border=\"0\" width=\"100%\">\n<tbody>\n<tr>\n<td><a href=\"http:\/\/www.komedija.hr\/www\/wp-content\/uploads\/2011\/09\/ljubo_zecevic-1.jpg\" target=\"_blank\" rel=\"noopener\"><img decoding=\"async\" class=\"alignnone wp-image-7245 size-medium\" src=\"http:\/\/www.komedija.hr\/www\/wp-content\/uploads\/2011\/09\/ljubo_zecevic-1-200x300.jpg\" alt=\"ljubo_zecevic\" width=\"200\" height=\"300\" srcset=\"https:\/\/www.komedija.hr\/www\/wp-content\/uploads\/2011\/09\/ljubo_zecevic-1-200x300.jpg 200w, https:\/\/www.komedija.hr\/www\/wp-content\/uploads\/2011\/09\/ljubo_zecevic-1.jpg 533w\" sizes=\"(max-width: 200px) 100vw, 200px\" \/><\/a><\/td>\n<td>Ljubo Ze\u010devi\u0107, glumac<\/td>\n<\/tr>\n<tr valign=\"top\">\n<td colspan=\"2\" height=\"20\">&nbsp;<\/td>\n<\/tr>\n<tr>\n<td valign=\"top\" width=\"18%\" height=\"25\"><strong>DATUM I MJESTO RO\u0110ENJA <\/strong><\/td>\n<td valign=\"top\" width=\"82%\" height=\"25\">\n<div align=\"left\">27. srpnja 1958., Zadar<\/div>\n<\/td>\n<\/tr>\n<tr>\n<td valign=\"top\" width=\"18%\"><strong>ansambl<\/strong><\/td>\n<td valign=\"top\" width=\"82%\">Ilica 48, Zagreb<br \/>\ntel.: +385 (0)1 48 47 448; fax (Komedija): +385 (0)1 48 12 179<\/td>\n<\/tr>\n<tr>\n<td valign=\"top\" width=\"18%\" height=\"18\"><strong>OBRAZOVANJE<\/strong><\/td>\n<td valign=\"top\" width=\"82%\" height=\"18\">Akademija dramske umjetnosti Sveu\u010dili\u0161ta u Zagrebu<\/td>\n<\/tr>\n<tr>\n<td colspan=\"2\" valign=\"top\">&nbsp;<\/td>\n<\/tr>\n<tr>\n<td valign=\"top\" width=\"18%\" height=\"134\"><strong>KAZALI\u0160TE<\/strong><\/td>\n<td valign=\"top\" width=\"82%\" height=\"134\">ZGK &#8220;Komedija&#8221;: <strong>Sve je dobro \u0161to se dobro svr\u0161i,<\/strong> <strong>Skup, Sloboda u sra\u010dincima, Kaj20,<\/strong> <strong>Aplauz,<\/strong> <strong>Trenk,<\/strong> <strong>Lova\u010dko dru\u0161tvo, Car Franjo Josip u Zagrebu, Dubravka,<\/strong> <strong>Jalta Jalta,<\/strong> <strong>Lady \u0160ram, Muka i uskrsnu\u0107e spasitelja na\u0161ega,<\/strong> <strong>\u0110erdan,<\/strong> <strong>Barun Trenk,<\/strong> <strong>Komedija zabuna,<\/strong> <strong>Luda no\u0107 u hotelu President, Kralj je gol, Na tri kralja ili kako ho\u0107ete, Isus &#8211; sin \u010dovje\u010dji, Buba u uhu, Veliki manevri u tijesnim ulicama, Chicago, Grubijani, Mali du\u0107an strave, Piaf, San ivanjske no\u0107i, Mala Floramye, Nemo\u0107nik u pameti, Narodil se mladi kralj, Patnje gospodina Mockinpotta, Aida, Dobri vojak \u0160vejk, Cigle svete Elizabete, <strong>Monty Python&#8217;s Spamalot<\/strong>; Dobra du\u0161a iz Se\u010duana, Bljesak zlatnog zuba, Revizor<br \/>\n<\/strong>Dubrova\u010dke ljetne igre: <strong>Hekuba, <\/strong><strong>Posjet stare dame<\/strong>; vlastita produkcija:<strong> Moskva-Petu\u0161ki <\/strong><\/td>\n<\/tr>\n<tr>\n<td valign=\"top\" width=\"18%\"><strong>FILM<\/strong><\/td>\n<td valign=\"top\" width=\"82%\"><strong>San o ru\u017ei<\/strong> (Tadi\u0107), <strong>Stepinac<\/strong> (Maru\u0161i\u0107), <strong>Bogorodica<\/strong> (Hitrec), <strong>Rozenkrantz i Guildenstern su mrtvi<\/strong> (Stoppard), <strong>Je li jasno, prijatelju<\/strong> (A\u0107imovi\u0107)<\/td>\n<\/tr>\n<tr>\n<td valign=\"top\" width=\"18%\"><strong>TELEVIZIJA<\/strong><\/td>\n<td valign=\"top\" width=\"82%\"><strong>Olujne ti\u0161ine<\/strong> (HTV), <strong>Vjetrovi rata<\/strong> (HTV), <strong>Na\u0161a stvar<\/strong> (HTV), <strong>Da mi je biti morski pas<\/strong> (HTV), <strong>Luda ku\u0107a <\/strong>(HTV); brojne sinkronizacije animiranih filmova<\/td>\n<\/tr>\n<tr>\n<td valign=\"top\" width=\"18%\" height=\"34\"><strong>RADIO <\/strong><\/td>\n<td valign=\"top\" width=\"82%\" height=\"34\">brojne uloge u radio dramama (Dramski program HR) i radio igrama za djecu (Dje\u010dji program HR)<\/td>\n<\/tr>\n<tr>\n<td colspan=\"2\" valign=\"top\">&nbsp;<\/td>\n<\/tr>\n<tr>\n<td valign=\"top\" width=\"18%\" height=\"33\"><strong>NAGRADE I PRIZNANJA<\/strong><\/td>\n<td valign=\"top\" width=\"82%\" height=\"33\"><strong>Nagrada za najsmje\u0161niji prizor festivala<\/strong> na Festivalu smijeha 1993. godine za scenu \u010dekanja vjen\u010danja sa Dubravkom Ostoji\u0107 (Veliki manevri u tijesnim ulicama)<\/td>\n<\/tr>\n<tr>\n<td colspan=\"2\" valign=\"top\" height=\"33\">&nbsp;<\/td>\n<\/tr>\n<tr>\n<td valign=\"top\" width=\"18%\" height=\"34\"><strong>STATUSI U &#8220;KOMEDIJI&#8221;<\/strong><\/td>\n<td valign=\"top\" width=\"82%\" height=\"34\">prva premijera 11. studenoga 1982. (Sve je dobro \u0161to se dobro svr\u0161i), zaposlen od 15. prosinca 1984.<\/td>\n<\/tr>\n<\/tbody>\n<\/table>\n","protected":false},"excerpt":{"rendered":"<p>Ljubo Ze\u010devi\u0107, glumac &nbsp; DATUM I MJESTO RO\u0110ENJA 27. srpnja 1958., Zadar ansambl Ilica 48, Zagreb tel.: +385 (0)1 48 47 448; fax (Komedija): +385 (0)1 48 12 179 OBRAZOVANJE Akademija dramske umjetnosti Sveu\u010dili\u0161ta u Zagrebu &nbsp; KAZALI\u0160TE ZGK &#8220;Komedija&#8221;: Sve je dobro \u0161to se dobro svr\u0161i, Skup, Sloboda u sra\u010dincima, Kaj20, Aplauz, Trenk, Lova\u010dko [&hellip;]<\/p>\n","protected":false},"author":4,"featured_media":0,"parent":8592,"menu_order":0,"comment_status":"closed","ping_status":"closed","template":"","meta":{"ngg_post_thumbnail":0,"footnotes":""},"class_list":["post-1395","page","type-page","status-publish","hentry"],"yoast_head":"<!-- This site is optimized with the Yoast SEO plugin v27.4 - https:\/\/yoast.com\/product\/yoast-seo-wordpress\/ -->\n<title>Ljubo Ze\u010devi\u0107 - Kazali\u0161te Komedija<\/title>\n<meta name=\"robots\" content=\"index, follow, max-snippet:-1, max-image-preview:large, max-video-preview:-1\" \/>\n<link rel=\"canonical\" href=\"https:\/\/www.komedija.hr\/www\/umirovljeni-i-bivsi-clanovi-ansambla\/ljubo-zecevic\/\" \/>\n<meta property=\"og:locale\" content=\"hr_HR\" \/>\n<meta property=\"og:type\" content=\"article\" \/>\n<meta property=\"og:title\" content=\"Ljubo Ze\u010devi\u0107 - Kazali\u0161te Komedija\" \/>\n<meta property=\"og:description\" content=\"Ljubo Ze\u010devi\u0107, glumac &nbsp; DATUM I MJESTO RO\u0110ENJA 27. srpnja 1958., Zadar ansambl Ilica 48, Zagreb tel.: +385 (0)1 48 47 448; fax (Komedija): +385 (0)1 48 12 179 OBRAZOVANJE Akademija dramske umjetnosti Sveu\u010dili\u0161ta u Zagrebu &nbsp; KAZALI\u0160TE ZGK &#8220;Komedija&#8221;: Sve je dobro \u0161to se dobro svr\u0161i, Skup, Sloboda u sra\u010dincima, Kaj20, Aplauz, Trenk, Lova\u010dko [&hellip;]\" \/>\n<meta property=\"og:url\" content=\"https:\/\/www.komedija.hr\/www\/umirovljeni-i-bivsi-clanovi-ansambla\/ljubo-zecevic\/\" \/>\n<meta property=\"og:site_name\" content=\"Kazali\u0161te Komedija\" \/>\n<meta property=\"article:publisher\" content=\"https:\/\/www.facebook.com\/kazaliste.komedija\/\" \/>\n<meta property=\"article:modified_time\" content=\"2024-01-02T17:18:49+00:00\" \/>\n<meta property=\"og:image\" content=\"http:\/\/www.komedija.hr\/www\/wp-content\/uploads\/2011\/09\/ljubo_zecevic-1-200x300.jpg\" \/>\n<meta name=\"twitter:card\" content=\"summary_large_image\" \/>\n<meta name=\"twitter:site\" content=\"@KKomedija\" \/>\n<meta name=\"twitter:label1\" content=\"Procijenjeno vrijeme \u010ditanja\" \/>\n\t<meta name=\"twitter:data1\" content=\"2 minute\" \/>\n<script type=\"application\/ld+json\" class=\"yoast-schema-graph\">{\"@context\":\"https:\\\/\\\/schema.org\",\"@graph\":[{\"@type\":\"WebPage\",\"@id\":\"https:\\\/\\\/www.komedija.hr\\\/www\\\/umirovljeni-i-bivsi-clanovi-ansambla\\\/ljubo-zecevic\\\/\",\"url\":\"https:\\\/\\\/www.komedija.hr\\\/www\\\/umirovljeni-i-bivsi-clanovi-ansambla\\\/ljubo-zecevic\\\/\",\"name\":\"Ljubo Ze\u010devi\u0107 - Kazali\u0161te Komedija\",\"isPartOf\":{\"@id\":\"http:\\\/\\\/www.komedija.hr\\\/www\\\/#website\"},\"primaryImageOfPage\":{\"@id\":\"https:\\\/\\\/www.komedija.hr\\\/www\\\/umirovljeni-i-bivsi-clanovi-ansambla\\\/ljubo-zecevic\\\/#primaryimage\"},\"image\":{\"@id\":\"https:\\\/\\\/www.komedija.hr\\\/www\\\/umirovljeni-i-bivsi-clanovi-ansambla\\\/ljubo-zecevic\\\/#primaryimage\"},\"thumbnailUrl\":\"http:\\\/\\\/www.komedija.hr\\\/www\\\/wp-content\\\/uploads\\\/2011\\\/09\\\/ljubo_zecevic-1-200x300.jpg\",\"datePublished\":\"2011-09-26T07:01:20+00:00\",\"dateModified\":\"2024-01-02T17:18:49+00:00\",\"breadcrumb\":{\"@id\":\"https:\\\/\\\/www.komedija.hr\\\/www\\\/umirovljeni-i-bivsi-clanovi-ansambla\\\/ljubo-zecevic\\\/#breadcrumb\"},\"inLanguage\":\"hr\",\"potentialAction\":[{\"@type\":\"ReadAction\",\"target\":[\"https:\\\/\\\/www.komedija.hr\\\/www\\\/umirovljeni-i-bivsi-clanovi-ansambla\\\/ljubo-zecevic\\\/\"]}]},{\"@type\":\"ImageObject\",\"inLanguage\":\"hr\",\"@id\":\"https:\\\/\\\/www.komedija.hr\\\/www\\\/umirovljeni-i-bivsi-clanovi-ansambla\\\/ljubo-zecevic\\\/#primaryimage\",\"url\":\"https:\\\/\\\/www.komedija.hr\\\/www\\\/wp-content\\\/uploads\\\/2011\\\/09\\\/ljubo_zecevic-1.jpg\",\"contentUrl\":\"https:\\\/\\\/www.komedija.hr\\\/www\\\/wp-content\\\/uploads\\\/2011\\\/09\\\/ljubo_zecevic-1.jpg\",\"width\":533,\"height\":800},{\"@type\":\"BreadcrumbList\",\"@id\":\"https:\\\/\\\/www.komedija.hr\\\/www\\\/umirovljeni-i-bivsi-clanovi-ansambla\\\/ljubo-zecevic\\\/#breadcrumb\",\"itemListElement\":[{\"@type\":\"ListItem\",\"position\":1,\"name\":\"Po\u010detna stranica\",\"item\":\"http:\\\/\\\/www.komedija.hr\\\/www\\\/\"},{\"@type\":\"ListItem\",\"position\":2,\"name\":\"Umirovljeni i biv\u0161i \u010dlanovi ansambla\",\"item\":\"https:\\\/\\\/www.komedija.hr\\\/www\\\/umirovljeni-i-bivsi-clanovi-ansambla\\\/\"},{\"@type\":\"ListItem\",\"position\":3,\"name\":\"Ljubo Ze\u010devi\u0107\"}]},{\"@type\":\"WebSite\",\"@id\":\"http:\\\/\\\/www.komedija.hr\\\/www\\\/#website\",\"url\":\"http:\\\/\\\/www.komedija.hr\\\/www\\\/\",\"name\":\"Kazali\u0161te Komedija\",\"description\":\"\",\"publisher\":{\"@id\":\"http:\\\/\\\/www.komedija.hr\\\/www\\\/#organization\"},\"potentialAction\":[{\"@type\":\"SearchAction\",\"target\":{\"@type\":\"EntryPoint\",\"urlTemplate\":\"http:\\\/\\\/www.komedija.hr\\\/www\\\/?s={search_term_string}\"},\"query-input\":{\"@type\":\"PropertyValueSpecification\",\"valueRequired\":true,\"valueName\":\"search_term_string\"}}],\"inLanguage\":\"hr\"},{\"@type\":\"Organization\",\"@id\":\"http:\\\/\\\/www.komedija.hr\\\/www\\\/#organization\",\"name\":\"Zagreba\u010dko gradsko Kazali\u0161ta Komedija\",\"url\":\"http:\\\/\\\/www.komedija.hr\\\/www\\\/\",\"logo\":{\"@type\":\"ImageObject\",\"inLanguage\":\"hr\",\"@id\":\"http:\\\/\\\/www.komedija.hr\\\/www\\\/#\\\/schema\\\/logo\\\/image\\\/\",\"url\":\"https:\\\/\\\/www.komedija.hr\\\/www\\\/wp-content\\\/uploads\\\/2020\\\/02\\\/cropped-Kazaliste_Komedija_logo_2.png\",\"contentUrl\":\"https:\\\/\\\/www.komedija.hr\\\/www\\\/wp-content\\\/uploads\\\/2020\\\/02\\\/cropped-Kazaliste_Komedija_logo_2.png\",\"width\":512,\"height\":512,\"caption\":\"Zagreba\u010dko gradsko Kazali\u0161ta Komedija\"},\"image\":{\"@id\":\"http:\\\/\\\/www.komedija.hr\\\/www\\\/#\\\/schema\\\/logo\\\/image\\\/\"},\"sameAs\":[\"https:\\\/\\\/www.facebook.com\\\/kazaliste.komedija\\\/\",\"https:\\\/\\\/x.com\\\/KKomedija\",\"https:\\\/\\\/www.instagram.com\\\/kazaliste_komedija\\\/\",\"https:\\\/\\\/www.youtube.com\\\/channel\\\/UC1NcapMYUXJW3miW_oPxT5w\\\/videos\"]}]}<\/script>\n<!-- \/ Yoast SEO plugin. -->","yoast_head_json":{"title":"Ljubo Ze\u010devi\u0107 - Kazali\u0161te Komedija","robots":{"index":"index","follow":"follow","max-snippet":"max-snippet:-1","max-image-preview":"max-image-preview:large","max-video-preview":"max-video-preview:-1"},"canonical":"https:\/\/www.komedija.hr\/www\/umirovljeni-i-bivsi-clanovi-ansambla\/ljubo-zecevic\/","og_locale":"hr_HR","og_type":"article","og_title":"Ljubo Ze\u010devi\u0107 - Kazali\u0161te Komedija","og_description":"Ljubo Ze\u010devi\u0107, glumac &nbsp; DATUM I MJESTO RO\u0110ENJA 27. srpnja 1958., Zadar ansambl Ilica 48, Zagreb tel.: +385 (0)1 48 47 448; fax (Komedija): +385 (0)1 48 12 179 OBRAZOVANJE Akademija dramske umjetnosti Sveu\u010dili\u0161ta u Zagrebu &nbsp; KAZALI\u0160TE ZGK &#8220;Komedija&#8221;: Sve je dobro \u0161to se dobro svr\u0161i, Skup, Sloboda u sra\u010dincima, Kaj20, Aplauz, Trenk, Lova\u010dko [&hellip;]","og_url":"https:\/\/www.komedija.hr\/www\/umirovljeni-i-bivsi-clanovi-ansambla\/ljubo-zecevic\/","og_site_name":"Kazali\u0161te Komedija","article_publisher":"https:\/\/www.facebook.com\/kazaliste.komedija\/","article_modified_time":"2024-01-02T17:18:49+00:00","og_image":[{"url":"http:\/\/www.komedija.hr\/www\/wp-content\/uploads\/2011\/09\/ljubo_zecevic-1-200x300.jpg","type":"","width":"","height":""}],"twitter_card":"summary_large_image","twitter_site":"@KKomedija","twitter_misc":{"Procijenjeno vrijeme \u010ditanja":"2 minute"},"schema":{"@context":"https:\/\/schema.org","@graph":[{"@type":"WebPage","@id":"https:\/\/www.komedija.hr\/www\/umirovljeni-i-bivsi-clanovi-ansambla\/ljubo-zecevic\/","url":"https:\/\/www.komedija.hr\/www\/umirovljeni-i-bivsi-clanovi-ansambla\/ljubo-zecevic\/","name":"Ljubo Ze\u010devi\u0107 - Kazali\u0161te Komedija","isPartOf":{"@id":"http:\/\/www.komedija.hr\/www\/#website"},"primaryImageOfPage":{"@id":"https:\/\/www.komedija.hr\/www\/umirovljeni-i-bivsi-clanovi-ansambla\/ljubo-zecevic\/#primaryimage"},"image":{"@id":"https:\/\/www.komedija.hr\/www\/umirovljeni-i-bivsi-clanovi-ansambla\/ljubo-zecevic\/#primaryimage"},"thumbnailUrl":"http:\/\/www.komedija.hr\/www\/wp-content\/uploads\/2011\/09\/ljubo_zecevic-1-200x300.jpg","datePublished":"2011-09-26T07:01:20+00:00","dateModified":"2024-01-02T17:18:49+00:00","breadcrumb":{"@id":"https:\/\/www.komedija.hr\/www\/umirovljeni-i-bivsi-clanovi-ansambla\/ljubo-zecevic\/#breadcrumb"},"inLanguage":"hr","potentialAction":[{"@type":"ReadAction","target":["https:\/\/www.komedija.hr\/www\/umirovljeni-i-bivsi-clanovi-ansambla\/ljubo-zecevic\/"]}]},{"@type":"ImageObject","inLanguage":"hr","@id":"https:\/\/www.komedija.hr\/www\/umirovljeni-i-bivsi-clanovi-ansambla\/ljubo-zecevic\/#primaryimage","url":"https:\/\/www.komedija.hr\/www\/wp-content\/uploads\/2011\/09\/ljubo_zecevic-1.jpg","contentUrl":"https:\/\/www.komedija.hr\/www\/wp-content\/uploads\/2011\/09\/ljubo_zecevic-1.jpg","width":533,"height":800},{"@type":"BreadcrumbList","@id":"https:\/\/www.komedija.hr\/www\/umirovljeni-i-bivsi-clanovi-ansambla\/ljubo-zecevic\/#breadcrumb","itemListElement":[{"@type":"ListItem","position":1,"name":"Po\u010detna stranica","item":"http:\/\/www.komedija.hr\/www\/"},{"@type":"ListItem","position":2,"name":"Umirovljeni i biv\u0161i \u010dlanovi ansambla","item":"https:\/\/www.komedija.hr\/www\/umirovljeni-i-bivsi-clanovi-ansambla\/"},{"@type":"ListItem","position":3,"name":"Ljubo Ze\u010devi\u0107"}]},{"@type":"WebSite","@id":"http:\/\/www.komedija.hr\/www\/#website","url":"http:\/\/www.komedija.hr\/www\/","name":"Kazali\u0161te Komedija","description":"","publisher":{"@id":"http:\/\/www.komedija.hr\/www\/#organization"},"potentialAction":[{"@type":"SearchAction","target":{"@type":"EntryPoint","urlTemplate":"http:\/\/www.komedija.hr\/www\/?s={search_term_string}"},"query-input":{"@type":"PropertyValueSpecification","valueRequired":true,"valueName":"search_term_string"}}],"inLanguage":"hr"},{"@type":"Organization","@id":"http:\/\/www.komedija.hr\/www\/#organization","name":"Zagreba\u010dko gradsko Kazali\u0161ta Komedija","url":"http:\/\/www.komedija.hr\/www\/","logo":{"@type":"ImageObject","inLanguage":"hr","@id":"http:\/\/www.komedija.hr\/www\/#\/schema\/logo\/image\/","url":"https:\/\/www.komedija.hr\/www\/wp-content\/uploads\/2020\/02\/cropped-Kazaliste_Komedija_logo_2.png","contentUrl":"https:\/\/www.komedija.hr\/www\/wp-content\/uploads\/2020\/02\/cropped-Kazaliste_Komedija_logo_2.png","width":512,"height":512,"caption":"Zagreba\u010dko gradsko Kazali\u0161ta Komedija"},"image":{"@id":"http:\/\/www.komedija.hr\/www\/#\/schema\/logo\/image\/"},"sameAs":["https:\/\/www.facebook.com\/kazaliste.komedija\/","https:\/\/x.com\/KKomedija","https:\/\/www.instagram.com\/kazaliste_komedija\/","https:\/\/www.youtube.com\/channel\/UC1NcapMYUXJW3miW_oPxT5w\/videos"]}]}},"_links":{"self":[{"href":"https:\/\/www.komedija.hr\/www\/wp-json\/wp\/v2\/pages\/1395","targetHints":{"allow":["GET"]}}],"collection":[{"href":"https:\/\/www.komedija.hr\/www\/wp-json\/wp\/v2\/pages"}],"about":[{"href":"https:\/\/www.komedija.hr\/www\/wp-json\/wp\/v2\/types\/page"}],"author":[{"embeddable":true,"href":"https:\/\/www.komedija.hr\/www\/wp-json\/wp\/v2\/users\/4"}],"replies":[{"embeddable":true,"href":"https:\/\/www.komedija.hr\/www\/wp-json\/wp\/v2\/comments?post=1395"}],"version-history":[{"count":1,"href":"https:\/\/www.komedija.hr\/www\/wp-json\/wp\/v2\/pages\/1395\/revisions"}],"predecessor-version":[{"id":17981,"href":"https:\/\/www.komedija.hr\/www\/wp-json\/wp\/v2\/pages\/1395\/revisions\/17981"}],"up":[{"embeddable":true,"href":"https:\/\/www.komedija.hr\/www\/wp-json\/wp\/v2\/pages\/8592"}],"wp:attachment":[{"href":"https:\/\/www.komedija.hr\/www\/wp-json\/wp\/v2\/media?parent=1395"}],"curies":[{"name":"wp","href":"https:\/\/api.w.org\/{rel}","templated":true}]}}