{"id":13968,"date":"2021-06-02T12:10:24","date_gmt":"2021-06-02T10:10:24","guid":{"rendered":"http:\/\/www.komedija.hr\/www\/?page_id=13968"},"modified":"2025-06-11T12:23:52","modified_gmt":"2025-06-11T10:23:52","slug":"ivan-glowatzky","status":"publish","type":"page","link":"https:\/\/www.komedija.hr\/www\/ansambl-2\/glumci\/ivan-glowatzky\/","title":{"rendered":"Ivan Glowatzky"},"content":{"rendered":"<table border=\"0\" width=\"100%\">\n<tbody>\n<tr>\n<td><img decoding=\"async\" class=\"alignnone size-full wp-image-13969\" src=\"http:\/\/www.komedija.hr\/www\/wp-content\/uploads\/2021\/06\/Glowatzky-scaled.jpg\" alt=\"\" width=\"1707\" height=\"2560\" srcset=\"https:\/\/www.komedija.hr\/www\/wp-content\/uploads\/2021\/06\/Glowatzky-scaled.jpg 1707w, https:\/\/www.komedija.hr\/www\/wp-content\/uploads\/2021\/06\/Glowatzky-200x300.jpg 200w, https:\/\/www.komedija.hr\/www\/wp-content\/uploads\/2021\/06\/Glowatzky-683x1024.jpg 683w, https:\/\/www.komedija.hr\/www\/wp-content\/uploads\/2021\/06\/Glowatzky-768x1152.jpg 768w, https:\/\/www.komedija.hr\/www\/wp-content\/uploads\/2021\/06\/Glowatzky-600x900.jpg 600w, https:\/\/www.komedija.hr\/www\/wp-content\/uploads\/2021\/06\/Glowatzky-1024x1536.jpg 1024w, https:\/\/www.komedija.hr\/www\/wp-content\/uploads\/2021\/06\/Glowatzky-1365x2048.jpg 1365w\" sizes=\"(max-width: 1707px) 100vw, 1707px\" \/><\/td>\n<td>Glumac<\/td>\n<\/tr>\n<tr>\n<td width=\"18%\" height=\"25\"><strong>DATUM I MJESTO RO\u0110ENJA <\/strong><\/td>\n<td width=\"82%\" height=\"25\">11.7.1976., \u010cakovec<\/td>\n<\/tr>\n<tr>\n<td valign=\"top\" width=\"18%\" height=\"55\"><strong>KONTAKT<\/strong><\/td>\n<td valign=\"top\" width=\"82%\" height=\"55\"><a href=\"mailto:propaganda@komedija.hr\">propaganda@komedija.hr<\/a><\/td>\n<\/tr>\n<tr>\n<td valign=\"top\" width=\"18%\" height=\"25\"><strong>OBRAZOVANJE<\/strong><\/td>\n<td valign=\"top\" width=\"82%\" height=\"25\">Akademija dramske umjetnosti, Zagreb<\/td>\n<\/tr>\n<tr>\n<td valign=\"top\" width=\"18%\" height=\"18\"><strong>KAZALI\u0160TE<\/strong><\/td>\n<td valign=\"top\" width=\"82%\" height=\"18\">HNK Osijek, HNK Vara\u017edin, HNK Zagreb, ZKM, Mala scena, GK Po\u017eega<br \/>\n<strong>ZGK Komedija<\/strong>: Faraon iz Ilice je mrtav!<strong>&nbsp;<\/strong>(od 20.1.2020.); Zaljubljeni Shakespeare; Brat bratu; Treba se znati pona\u0161ati; Ljepotica i zvijer, Velo misto, Krava na granici; Juha bra\u0107e Marx; Ponos i predrasude<\/td>\n<\/tr>\n<tr>\n<td valign=\"top\" width=\"18%\" height=\"14\"><strong>FILM<\/strong><\/td>\n<td valign=\"top\" width=\"82%\" height=\"14\"><em>Snivaj, zlato moje<\/em> (N. Hitrec); <em>Zagorski specijalitet<\/em> (D. Kapac \/ A. Marde\u0161i\u0107); <em>Pjevajte ne\u0161to ljubavno<\/em> (G. Kulenovi\u0107)<\/td>\n<\/tr>\n<tr>\n<td valign=\"top\" width=\"18%\" height=\"14\"><strong>TELEVIZIJA<\/strong><\/td>\n<td valign=\"top\" width=\"82%\" height=\"14\"><em>Stela; Luda ku\u0107a<\/em>; <em>Bibin svijet<\/em>; <em>&#8216;Ko te \u0161i\u0161a<\/em><\/td>\n<\/tr>\n<tr>\n<td valign=\"top\" width=\"18%\"><strong>STATUSI U &#8220;KOMEDIJI&#8221;<\/strong><\/td>\n<td valign=\"top\" width=\"82%\">zaposlen od 1. sije\u010dnja 2020.<\/td>\n<\/tr>\n<\/tbody>\n<\/table>\n","protected":false},"excerpt":{"rendered":"<p>Glumac DATUM I MJESTO RO\u0110ENJA 11.7.1976., \u010cakovec KONTAKT propaganda@komedija.hr OBRAZOVANJE Akademija dramske umjetnosti, Zagreb KAZALI\u0160TE HNK Osijek, HNK Vara\u017edin, HNK Zagreb, ZKM, Mala scena, GK Po\u017eega ZGK Komedija: Faraon iz Ilice je mrtav!&nbsp;(od 20.1.2020.); Zaljubljeni Shakespeare; Brat bratu; Treba se znati pona\u0161ati; Ljepotica i zvijer, Velo misto, Krava na granici; Juha bra\u0107e Marx; Ponos i [&hellip;]<\/p>\n","protected":false},"author":3,"featured_media":0,"parent":6992,"menu_order":0,"comment_status":"closed","ping_status":"closed","template":"","meta":{"ngg_post_thumbnail":0,"footnotes":""},"class_list":["post-13968","page","type-page","status-publish","hentry"],"yoast_head":"<!-- This site is optimized with the Yoast SEO plugin v27.6 - https:\/\/yoast.com\/product\/yoast-seo-wordpress\/ -->\n<title>Ivan Glowatzky - Kazali\u0161te Komedija<\/title>\n<meta name=\"robots\" content=\"index, follow, max-snippet:-1, max-image-preview:large, max-video-preview:-1\" \/>\n<link rel=\"canonical\" href=\"https:\/\/www.komedija.hr\/www\/ansambl-2\/glumci\/ivan-glowatzky\/\" \/>\n<meta property=\"og:locale\" content=\"hr_HR\" \/>\n<meta property=\"og:type\" content=\"article\" \/>\n<meta property=\"og:title\" content=\"Ivan Glowatzky - Kazali\u0161te Komedija\" \/>\n<meta property=\"og:description\" content=\"Glumac DATUM I MJESTO RO\u0110ENJA 11.7.1976., \u010cakovec KONTAKT propaganda@komedija.hr OBRAZOVANJE Akademija dramske umjetnosti, Zagreb KAZALI\u0160TE HNK Osijek, HNK Vara\u017edin, HNK Zagreb, ZKM, Mala scena, GK Po\u017eega ZGK Komedija: Faraon iz Ilice je mrtav!&nbsp;(od 20.1.2020.); Zaljubljeni Shakespeare; Brat bratu; Treba se znati pona\u0161ati; Ljepotica i zvijer, Velo misto, Krava na granici; Juha bra\u0107e Marx; Ponos i [&hellip;]\" \/>\n<meta property=\"og:url\" content=\"https:\/\/www.komedija.hr\/www\/ansambl-2\/glumci\/ivan-glowatzky\/\" \/>\n<meta property=\"og:site_name\" content=\"Kazali\u0161te Komedija\" \/>\n<meta property=\"article:publisher\" content=\"https:\/\/www.facebook.com\/kazaliste.komedija\/\" \/>\n<meta property=\"article:modified_time\" content=\"2025-06-11T10:23:52+00:00\" \/>\n<meta property=\"og:image\" content=\"https:\/\/www.komedija.hr\/www\/wp-content\/uploads\/2021\/06\/Glowatzky-scaled.jpg\" \/>\n\t<meta property=\"og:image:width\" content=\"1707\" \/>\n\t<meta property=\"og:image:height\" content=\"2560\" \/>\n\t<meta property=\"og:image:type\" content=\"image\/jpeg\" \/>\n<meta name=\"twitter:card\" content=\"summary_large_image\" \/>\n<meta name=\"twitter:site\" content=\"@KKomedija\" \/>\n<meta name=\"twitter:label1\" content=\"Procijenjeno vrijeme \u010ditanja\" \/>\n\t<meta name=\"twitter:data1\" content=\"1 minuta\" \/>\n<script type=\"application\/ld+json\" class=\"yoast-schema-graph\">{\"@context\":\"https:\\\/\\\/schema.org\",\"@graph\":[{\"@type\":\"WebPage\",\"@id\":\"https:\\\/\\\/www.komedija.hr\\\/www\\\/ansambl-2\\\/glumci\\\/ivan-glowatzky\\\/\",\"url\":\"https:\\\/\\\/www.komedija.hr\\\/www\\\/ansambl-2\\\/glumci\\\/ivan-glowatzky\\\/\",\"name\":\"Ivan Glowatzky - Kazali\u0161te Komedija\",\"isPartOf\":{\"@id\":\"http:\\\/\\\/www.komedija.hr\\\/www\\\/#website\"},\"primaryImageOfPage\":{\"@id\":\"https:\\\/\\\/www.komedija.hr\\\/www\\\/ansambl-2\\\/glumci\\\/ivan-glowatzky\\\/#primaryimage\"},\"image\":{\"@id\":\"https:\\\/\\\/www.komedija.hr\\\/www\\\/ansambl-2\\\/glumci\\\/ivan-glowatzky\\\/#primaryimage\"},\"thumbnailUrl\":\"http:\\\/\\\/www.komedija.hr\\\/www\\\/wp-content\\\/uploads\\\/2021\\\/06\\\/Glowatzky-scaled.jpg\",\"datePublished\":\"2021-06-02T10:10:24+00:00\",\"dateModified\":\"2025-06-11T10:23:52+00:00\",\"breadcrumb\":{\"@id\":\"https:\\\/\\\/www.komedija.hr\\\/www\\\/ansambl-2\\\/glumci\\\/ivan-glowatzky\\\/#breadcrumb\"},\"inLanguage\":\"hr\",\"potentialAction\":[{\"@type\":\"ReadAction\",\"target\":[\"https:\\\/\\\/www.komedija.hr\\\/www\\\/ansambl-2\\\/glumci\\\/ivan-glowatzky\\\/\"]}]},{\"@type\":\"ImageObject\",\"inLanguage\":\"hr\",\"@id\":\"https:\\\/\\\/www.komedija.hr\\\/www\\\/ansambl-2\\\/glumci\\\/ivan-glowatzky\\\/#primaryimage\",\"url\":\"https:\\\/\\\/www.komedija.hr\\\/www\\\/wp-content\\\/uploads\\\/2021\\\/06\\\/Glowatzky-scaled.jpg\",\"contentUrl\":\"https:\\\/\\\/www.komedija.hr\\\/www\\\/wp-content\\\/uploads\\\/2021\\\/06\\\/Glowatzky-scaled.jpg\",\"width\":1707,\"height\":2560},{\"@type\":\"BreadcrumbList\",\"@id\":\"https:\\\/\\\/www.komedija.hr\\\/www\\\/ansambl-2\\\/glumci\\\/ivan-glowatzky\\\/#breadcrumb\",\"itemListElement\":[{\"@type\":\"ListItem\",\"position\":1,\"name\":\"Po\u010detna stranica\",\"item\":\"http:\\\/\\\/www.komedija.hr\\\/www\\\/\"},{\"@type\":\"ListItem\",\"position\":2,\"name\":\"Ansambl\",\"item\":\"https:\\\/\\\/www.komedija.hr\\\/www\\\/ansambl-2\\\/\"},{\"@type\":\"ListItem\",\"position\":3,\"name\":\"Glumci\",\"item\":\"https:\\\/\\\/www.komedija.hr\\\/www\\\/ansambl-2\\\/glumci\\\/\"},{\"@type\":\"ListItem\",\"position\":4,\"name\":\"Ivan Glowatzky\"}]},{\"@type\":\"WebSite\",\"@id\":\"http:\\\/\\\/www.komedija.hr\\\/www\\\/#website\",\"url\":\"http:\\\/\\\/www.komedija.hr\\\/www\\\/\",\"name\":\"Kazali\u0161te Komedija\",\"description\":\"\",\"publisher\":{\"@id\":\"http:\\\/\\\/www.komedija.hr\\\/www\\\/#organization\"},\"potentialAction\":[{\"@type\":\"SearchAction\",\"target\":{\"@type\":\"EntryPoint\",\"urlTemplate\":\"http:\\\/\\\/www.komedija.hr\\\/www\\\/?s={search_term_string}\"},\"query-input\":{\"@type\":\"PropertyValueSpecification\",\"valueRequired\":true,\"valueName\":\"search_term_string\"}}],\"inLanguage\":\"hr\"},{\"@type\":\"Organization\",\"@id\":\"http:\\\/\\\/www.komedija.hr\\\/www\\\/#organization\",\"name\":\"Zagreba\u010dko gradsko Kazali\u0161ta Komedija\",\"url\":\"http:\\\/\\\/www.komedija.hr\\\/www\\\/\",\"logo\":{\"@type\":\"ImageObject\",\"inLanguage\":\"hr\",\"@id\":\"http:\\\/\\\/www.komedija.hr\\\/www\\\/#\\\/schema\\\/logo\\\/image\\\/\",\"url\":\"https:\\\/\\\/www.komedija.hr\\\/www\\\/wp-content\\\/uploads\\\/2020\\\/02\\\/cropped-Kazaliste_Komedija_logo_2.png\",\"contentUrl\":\"https:\\\/\\\/www.komedija.hr\\\/www\\\/wp-content\\\/uploads\\\/2020\\\/02\\\/cropped-Kazaliste_Komedija_logo_2.png\",\"width\":512,\"height\":512,\"caption\":\"Zagreba\u010dko gradsko Kazali\u0161ta Komedija\"},\"image\":{\"@id\":\"http:\\\/\\\/www.komedija.hr\\\/www\\\/#\\\/schema\\\/logo\\\/image\\\/\"},\"sameAs\":[\"https:\\\/\\\/www.facebook.com\\\/kazaliste.komedija\\\/\",\"https:\\\/\\\/x.com\\\/KKomedija\",\"https:\\\/\\\/www.instagram.com\\\/kazaliste_komedija\\\/\",\"https:\\\/\\\/www.youtube.com\\\/channel\\\/UC1NcapMYUXJW3miW_oPxT5w\\\/videos\"]}]}<\/script>\n<!-- \/ Yoast SEO plugin. -->","yoast_head_json":{"title":"Ivan Glowatzky - Kazali\u0161te Komedija","robots":{"index":"index","follow":"follow","max-snippet":"max-snippet:-1","max-image-preview":"max-image-preview:large","max-video-preview":"max-video-preview:-1"},"canonical":"https:\/\/www.komedija.hr\/www\/ansambl-2\/glumci\/ivan-glowatzky\/","og_locale":"hr_HR","og_type":"article","og_title":"Ivan Glowatzky - Kazali\u0161te Komedija","og_description":"Glumac DATUM I MJESTO RO\u0110ENJA 11.7.1976., \u010cakovec KONTAKT propaganda@komedija.hr OBRAZOVANJE Akademija dramske umjetnosti, Zagreb KAZALI\u0160TE HNK Osijek, HNK Vara\u017edin, HNK Zagreb, ZKM, Mala scena, GK Po\u017eega ZGK Komedija: Faraon iz Ilice je mrtav!&nbsp;(od 20.1.2020.); Zaljubljeni Shakespeare; Brat bratu; Treba se znati pona\u0161ati; Ljepotica i zvijer, Velo misto, Krava na granici; Juha bra\u0107e Marx; Ponos i [&hellip;]","og_url":"https:\/\/www.komedija.hr\/www\/ansambl-2\/glumci\/ivan-glowatzky\/","og_site_name":"Kazali\u0161te Komedija","article_publisher":"https:\/\/www.facebook.com\/kazaliste.komedija\/","article_modified_time":"2025-06-11T10:23:52+00:00","og_image":[{"width":1707,"height":2560,"url":"https:\/\/www.komedija.hr\/www\/wp-content\/uploads\/2021\/06\/Glowatzky-scaled.jpg","type":"image\/jpeg"}],"twitter_card":"summary_large_image","twitter_site":"@KKomedija","twitter_misc":{"Procijenjeno vrijeme \u010ditanja":"1 minuta"},"schema":{"@context":"https:\/\/schema.org","@graph":[{"@type":"WebPage","@id":"https:\/\/www.komedija.hr\/www\/ansambl-2\/glumci\/ivan-glowatzky\/","url":"https:\/\/www.komedija.hr\/www\/ansambl-2\/glumci\/ivan-glowatzky\/","name":"Ivan Glowatzky - Kazali\u0161te Komedija","isPartOf":{"@id":"http:\/\/www.komedija.hr\/www\/#website"},"primaryImageOfPage":{"@id":"https:\/\/www.komedija.hr\/www\/ansambl-2\/glumci\/ivan-glowatzky\/#primaryimage"},"image":{"@id":"https:\/\/www.komedija.hr\/www\/ansambl-2\/glumci\/ivan-glowatzky\/#primaryimage"},"thumbnailUrl":"http:\/\/www.komedija.hr\/www\/wp-content\/uploads\/2021\/06\/Glowatzky-scaled.jpg","datePublished":"2021-06-02T10:10:24+00:00","dateModified":"2025-06-11T10:23:52+00:00","breadcrumb":{"@id":"https:\/\/www.komedija.hr\/www\/ansambl-2\/glumci\/ivan-glowatzky\/#breadcrumb"},"inLanguage":"hr","potentialAction":[{"@type":"ReadAction","target":["https:\/\/www.komedija.hr\/www\/ansambl-2\/glumci\/ivan-glowatzky\/"]}]},{"@type":"ImageObject","inLanguage":"hr","@id":"https:\/\/www.komedija.hr\/www\/ansambl-2\/glumci\/ivan-glowatzky\/#primaryimage","url":"https:\/\/www.komedija.hr\/www\/wp-content\/uploads\/2021\/06\/Glowatzky-scaled.jpg","contentUrl":"https:\/\/www.komedija.hr\/www\/wp-content\/uploads\/2021\/06\/Glowatzky-scaled.jpg","width":1707,"height":2560},{"@type":"BreadcrumbList","@id":"https:\/\/www.komedija.hr\/www\/ansambl-2\/glumci\/ivan-glowatzky\/#breadcrumb","itemListElement":[{"@type":"ListItem","position":1,"name":"Po\u010detna stranica","item":"http:\/\/www.komedija.hr\/www\/"},{"@type":"ListItem","position":2,"name":"Ansambl","item":"https:\/\/www.komedija.hr\/www\/ansambl-2\/"},{"@type":"ListItem","position":3,"name":"Glumci","item":"https:\/\/www.komedija.hr\/www\/ansambl-2\/glumci\/"},{"@type":"ListItem","position":4,"name":"Ivan Glowatzky"}]},{"@type":"WebSite","@id":"http:\/\/www.komedija.hr\/www\/#website","url":"http:\/\/www.komedija.hr\/www\/","name":"Kazali\u0161te Komedija","description":"","publisher":{"@id":"http:\/\/www.komedija.hr\/www\/#organization"},"potentialAction":[{"@type":"SearchAction","target":{"@type":"EntryPoint","urlTemplate":"http:\/\/www.komedija.hr\/www\/?s={search_term_string}"},"query-input":{"@type":"PropertyValueSpecification","valueRequired":true,"valueName":"search_term_string"}}],"inLanguage":"hr"},{"@type":"Organization","@id":"http:\/\/www.komedija.hr\/www\/#organization","name":"Zagreba\u010dko gradsko Kazali\u0161ta Komedija","url":"http:\/\/www.komedija.hr\/www\/","logo":{"@type":"ImageObject","inLanguage":"hr","@id":"http:\/\/www.komedija.hr\/www\/#\/schema\/logo\/image\/","url":"https:\/\/www.komedija.hr\/www\/wp-content\/uploads\/2020\/02\/cropped-Kazaliste_Komedija_logo_2.png","contentUrl":"https:\/\/www.komedija.hr\/www\/wp-content\/uploads\/2020\/02\/cropped-Kazaliste_Komedija_logo_2.png","width":512,"height":512,"caption":"Zagreba\u010dko gradsko Kazali\u0161ta Komedija"},"image":{"@id":"http:\/\/www.komedija.hr\/www\/#\/schema\/logo\/image\/"},"sameAs":["https:\/\/www.facebook.com\/kazaliste.komedija\/","https:\/\/x.com\/KKomedija","https:\/\/www.instagram.com\/kazaliste_komedija\/","https:\/\/www.youtube.com\/channel\/UC1NcapMYUXJW3miW_oPxT5w\/videos"]}]}},"_links":{"self":[{"href":"https:\/\/www.komedija.hr\/www\/wp-json\/wp\/v2\/pages\/13968","targetHints":{"allow":["GET"]}}],"collection":[{"href":"https:\/\/www.komedija.hr\/www\/wp-json\/wp\/v2\/pages"}],"about":[{"href":"https:\/\/www.komedija.hr\/www\/wp-json\/wp\/v2\/types\/page"}],"author":[{"embeddable":true,"href":"https:\/\/www.komedija.hr\/www\/wp-json\/wp\/v2\/users\/3"}],"replies":[{"embeddable":true,"href":"https:\/\/www.komedija.hr\/www\/wp-json\/wp\/v2\/comments?post=13968"}],"version-history":[{"count":3,"href":"https:\/\/www.komedija.hr\/www\/wp-json\/wp\/v2\/pages\/13968\/revisions"}],"predecessor-version":[{"id":20881,"href":"https:\/\/www.komedija.hr\/www\/wp-json\/wp\/v2\/pages\/13968\/revisions\/20881"}],"up":[{"embeddable":true,"href":"https:\/\/www.komedija.hr\/www\/wp-json\/wp\/v2\/pages\/6992"}],"wp:attachment":[{"href":"https:\/\/www.komedija.hr\/www\/wp-json\/wp\/v2\/media?parent=13968"}],"curies":[{"name":"wp","href":"https:\/\/api.w.org\/{rel}","templated":true}]}}