{"id":1397,"date":"2011-09-26T09:02:04","date_gmt":"2011-09-26T07:02:04","guid":{"rendered":"http:\/\/www.komedija.hr\/web\/?page_id=1397"},"modified":"2025-06-11T12:38:40","modified_gmt":"2025-06-11T10:38:40","slug":"ronald-zlabur","status":"publish","type":"page","link":"https:\/\/www.komedija.hr\/www\/ansambl-2\/glumci\/ronald-zlabur\/","title":{"rendered":"Ronald \u017dlabur"},"content":{"rendered":"<table border=\"0\" width=\"100%\">\n<tbody>\n<tr>\n<td><a href=\"http:\/\/www.komedija.hr\/www\/wp-content\/uploads\/2011\/09\/roni_zlabur.jpg\" target=\"_blank\" rel=\"noopener noreferrer\"><img decoding=\"async\" class=\"alignnone wp-image-7274 size-medium\" src=\"http:\/\/www.komedija.hr\/www\/wp-content\/uploads\/2011\/09\/roni_zlabur-200x300.jpg\" alt=\"roni_zlabur\" width=\"200\" height=\"300\" srcset=\"https:\/\/www.komedija.hr\/www\/wp-content\/uploads\/2011\/09\/roni_zlabur-200x300.jpg 200w, https:\/\/www.komedija.hr\/www\/wp-content\/uploads\/2011\/09\/roni_zlabur.jpg 533w\" sizes=\"(max-width: 200px) 100vw, 200px\" \/><\/a><\/td>\n<td>Glumac<\/td>\n<\/tr>\n<tr>\n<td valign=\"top\" width=\"18%\" height=\"67\"><strong>ansambl<\/strong><\/td>\n<td valign=\"top\" width=\"82%\" height=\"67\">Kazali\u0161te &#8220;Komedija&#8221;, p.p. 428, Zagreb<br \/>\ntel.: +385 (0)1 48 13 200; fax: +385 (0)1 48 12 179<br \/>\nGSM: +385 (0)91 503 51 03<br \/>\ne-mail: <a href=\"mailto:zlabur@gmail.com\">zlabur@gmail.com<\/a><\/td>\n<\/tr>\n<tr>\n<td valign=\"top\" width=\"18%\" height=\"25\"><strong>OBRAZOVANJE<\/strong><\/td>\n<td valign=\"top\" width=\"82%\" height=\"25\"><strong>Akademija dramske umjetnosti Sveu\u010dili\u0161ta u Zagrebu <\/strong><\/td>\n<\/tr>\n<tr>\n<td colspan=\"2\" valign=\"top\">&nbsp;<\/td>\n<\/tr>\n<tr>\n<td valign=\"top\" width=\"18%\" height=\"118\"><strong>KAZALI\u0160TE<\/strong><\/td>\n<td valign=\"top\" width=\"82%\" height=\"118\">ZGK Komedija: <strong>Gubec-beg, Svoga tela gospodar, Mali du\u0107an strave, Majka Hrabrost i njezina djeca, Skidajte se do kraja, Uhva\u0107en u mre\u017eu, Sluga dvaju gospodara, Jalta, Jalta, Cabaret,&nbsp;<strong>Broadway u Komediji &#8211; Inventura,&nbsp;<strong>Monty Python&#8217;s Spamalot,<\/strong><\/strong><\/strong>&nbsp;<strong>Dobra du\u0161a iz Se\u010duana, Mamma Mia!, Bljesak zlatnog zuba, Gospo\u0111ica iz Maksima, Byron, Talijanski slamnati \u0161e\u0161ir, Opet on, Tulum u samostanu, Zaljubljeni Shakespeare, Brat bratu, Mandragola<span style=\"color: #333333;\">, Ludnica s tenorima; Va\u017eno je zvati se Ernest; Jadnici; Moma\u010dka ve\u010der;&nbsp;<\/span><\/strong><br \/>\nDK Gavella: <strong>Ah Nora Nora, Zlatno tele, Zima jednog lava<\/strong>; Mala scena: <strong>Tajne za\u010darane \u0161ume, Bizon i sinovi, Ljepotica iz Leenanea, \u0160u\u0107-mu\u0107 pri\u010da, Stvar je u obliku, Henrik V, Vagon prvog razreda, Ifigenija<\/strong>; GD &#8220;Histrion&#8221;: <strong>Ljubica, Fritz i pjeva\u010dica<\/strong><\/td>\n<\/tr>\n<tr>\n<td colspan=\"2\" valign=\"top\">&nbsp;<\/td>\n<\/tr>\n<tr>\n<td valign=\"top\" width=\"18%\" height=\"117\"><strong>NAGRADE I PRIZNANJA<\/strong><\/td>\n<td valign=\"top\" width=\"82%\" height=\"117\"><strong>Nagrada hrvatskoga glumi\u0161ta <\/strong>godine 2001. za najbolju mu\u0161ku ulogu u predstavama za djecu i mlade (&#8220;Tajne za\u010darane \u0161ume&#8221;, Mala scena); <strong>Marul <\/strong>godine 2005. (&#8220;Svoga tela gospodar&#8221;, ZGK Komedija); <strong>Ivo Serdar <\/strong>na Danima satire 2005. za ulogu najbolje prihva\u0107enu od publike (&#8220;Ljubica&#8221;, GD Histrion); <strong>Najhistrion 2006.<\/strong>; nominacije za Nagradu hrvatskoga glumi\u0161ta za najboljeg mladog glumca (&#8220;Henrik V&#8221;, Mala scena 2003., &#8220;Ljubica&#8221;, GD Histrion i &#8220;Svoga tela gospodar&#8221;, ZGK Komedija 2004., &#8220;Mali du\u0107an strave&#8221;, ZGK Komedija, 2004.); <strong>Nagrada &#8220;Fabijan \u0160ovagovi\u0107&#8221;<\/strong> za najbolje gluma\u010dko ostvarenje (glumac) na Festivalu glumca 2021.&nbsp; (Brat Bratu, ZGK Komedija);<\/td>\n<\/tr>\n<tr>\n<td colspan=\"2\" valign=\"top\" height=\"33\">&nbsp;<\/td>\n<\/tr>\n<tr>\n<td valign=\"top\" width=\"18%\" height=\"35\"><strong>STATUSI U &#8220;KOMEDIJI&#8221;<\/strong><\/td>\n<td valign=\"top\" width=\"82%\" height=\"35\">prva premijera 15. velja\u010de 2003. (Mali du\u0107an strave), zaposlen od prosinca 2003.<\/td>\n<\/tr>\n<\/tbody>\n<\/table>\n","protected":false},"excerpt":{"rendered":"<p>Glumac ansambl Kazali\u0161te &#8220;Komedija&#8221;, p.p. 428, Zagreb tel.: +385 (0)1 48 13 200; fax: +385 (0)1 48 12 179 GSM: +385 (0)91 503 51 03 e-mail: zlabur@gmail.com OBRAZOVANJE Akademija dramske umjetnosti Sveu\u010dili\u0161ta u Zagrebu &nbsp; KAZALI\u0160TE ZGK Komedija: Gubec-beg, Svoga tela gospodar, Mali du\u0107an strave, Majka Hrabrost i njezina djeca, Skidajte se do kraja, Uhva\u0107en [&hellip;]<\/p>\n","protected":false},"author":4,"featured_media":0,"parent":6992,"menu_order":0,"comment_status":"closed","ping_status":"closed","template":"","meta":{"ngg_post_thumbnail":0,"footnotes":""},"class_list":["post-1397","page","type-page","status-publish","hentry"],"yoast_head":"<!-- This site is optimized with the Yoast SEO plugin v27.4 - https:\/\/yoast.com\/product\/yoast-seo-wordpress\/ -->\n<title>Ronald \u017dlabur - Kazali\u0161te Komedija<\/title>\n<meta name=\"robots\" content=\"index, follow, max-snippet:-1, max-image-preview:large, max-video-preview:-1\" \/>\n<link rel=\"canonical\" href=\"https:\/\/www.komedija.hr\/www\/ansambl-2\/glumci\/ronald-zlabur\/\" \/>\n<meta property=\"og:locale\" content=\"hr_HR\" \/>\n<meta property=\"og:type\" content=\"article\" \/>\n<meta property=\"og:title\" content=\"Ronald \u017dlabur - Kazali\u0161te Komedija\" \/>\n<meta property=\"og:description\" content=\"Glumac ansambl Kazali\u0161te &#8220;Komedija&#8221;, p.p. 428, Zagreb tel.: +385 (0)1 48 13 200; fax: +385 (0)1 48 12 179 GSM: +385 (0)91 503 51 03 e-mail: zlabur@gmail.com OBRAZOVANJE Akademija dramske umjetnosti Sveu\u010dili\u0161ta u Zagrebu &nbsp; KAZALI\u0160TE ZGK Komedija: Gubec-beg, Svoga tela gospodar, Mali du\u0107an strave, Majka Hrabrost i njezina djeca, Skidajte se do kraja, Uhva\u0107en [&hellip;]\" \/>\n<meta property=\"og:url\" content=\"https:\/\/www.komedija.hr\/www\/ansambl-2\/glumci\/ronald-zlabur\/\" \/>\n<meta property=\"og:site_name\" content=\"Kazali\u0161te Komedija\" \/>\n<meta property=\"article:publisher\" content=\"https:\/\/www.facebook.com\/kazaliste.komedija\/\" \/>\n<meta property=\"article:modified_time\" content=\"2025-06-11T10:38:40+00:00\" \/>\n<meta property=\"og:image\" content=\"https:\/\/www.komedija.hr\/www\/wp-content\/uploads\/2011\/09\/roni_zlabur.jpg\" \/>\n\t<meta property=\"og:image:width\" content=\"533\" \/>\n\t<meta property=\"og:image:height\" content=\"800\" \/>\n\t<meta property=\"og:image:type\" content=\"image\/jpeg\" \/>\n<meta name=\"twitter:card\" content=\"summary_large_image\" \/>\n<meta name=\"twitter:site\" content=\"@KKomedija\" \/>\n<meta name=\"twitter:label1\" content=\"Procijenjeno vrijeme \u010ditanja\" \/>\n\t<meta name=\"twitter:data1\" content=\"2 minute\" \/>\n<script type=\"application\/ld+json\" class=\"yoast-schema-graph\">{\"@context\":\"https:\\\/\\\/schema.org\",\"@graph\":[{\"@type\":\"WebPage\",\"@id\":\"https:\\\/\\\/www.komedija.hr\\\/www\\\/ansambl-2\\\/glumci\\\/ronald-zlabur\\\/\",\"url\":\"https:\\\/\\\/www.komedija.hr\\\/www\\\/ansambl-2\\\/glumci\\\/ronald-zlabur\\\/\",\"name\":\"Ronald \u017dlabur - Kazali\u0161te Komedija\",\"isPartOf\":{\"@id\":\"http:\\\/\\\/www.komedija.hr\\\/www\\\/#website\"},\"primaryImageOfPage\":{\"@id\":\"https:\\\/\\\/www.komedija.hr\\\/www\\\/ansambl-2\\\/glumci\\\/ronald-zlabur\\\/#primaryimage\"},\"image\":{\"@id\":\"https:\\\/\\\/www.komedija.hr\\\/www\\\/ansambl-2\\\/glumci\\\/ronald-zlabur\\\/#primaryimage\"},\"thumbnailUrl\":\"http:\\\/\\\/www.komedija.hr\\\/www\\\/wp-content\\\/uploads\\\/2011\\\/09\\\/roni_zlabur-200x300.jpg\",\"datePublished\":\"2011-09-26T07:02:04+00:00\",\"dateModified\":\"2025-06-11T10:38:40+00:00\",\"breadcrumb\":{\"@id\":\"https:\\\/\\\/www.komedija.hr\\\/www\\\/ansambl-2\\\/glumci\\\/ronald-zlabur\\\/#breadcrumb\"},\"inLanguage\":\"hr\",\"potentialAction\":[{\"@type\":\"ReadAction\",\"target\":[\"https:\\\/\\\/www.komedija.hr\\\/www\\\/ansambl-2\\\/glumci\\\/ronald-zlabur\\\/\"]}]},{\"@type\":\"ImageObject\",\"inLanguage\":\"hr\",\"@id\":\"https:\\\/\\\/www.komedija.hr\\\/www\\\/ansambl-2\\\/glumci\\\/ronald-zlabur\\\/#primaryimage\",\"url\":\"https:\\\/\\\/www.komedija.hr\\\/www\\\/wp-content\\\/uploads\\\/2011\\\/09\\\/roni_zlabur.jpg\",\"contentUrl\":\"https:\\\/\\\/www.komedija.hr\\\/www\\\/wp-content\\\/uploads\\\/2011\\\/09\\\/roni_zlabur.jpg\",\"width\":533,\"height\":800},{\"@type\":\"BreadcrumbList\",\"@id\":\"https:\\\/\\\/www.komedija.hr\\\/www\\\/ansambl-2\\\/glumci\\\/ronald-zlabur\\\/#breadcrumb\",\"itemListElement\":[{\"@type\":\"ListItem\",\"position\":1,\"name\":\"Po\u010detna stranica\",\"item\":\"http:\\\/\\\/www.komedija.hr\\\/www\\\/\"},{\"@type\":\"ListItem\",\"position\":2,\"name\":\"Ansambl\",\"item\":\"https:\\\/\\\/www.komedija.hr\\\/www\\\/ansambl-2\\\/\"},{\"@type\":\"ListItem\",\"position\":3,\"name\":\"Glumci\",\"item\":\"https:\\\/\\\/www.komedija.hr\\\/www\\\/ansambl-2\\\/glumci\\\/\"},{\"@type\":\"ListItem\",\"position\":4,\"name\":\"Ronald \u017dlabur\"}]},{\"@type\":\"WebSite\",\"@id\":\"http:\\\/\\\/www.komedija.hr\\\/www\\\/#website\",\"url\":\"http:\\\/\\\/www.komedija.hr\\\/www\\\/\",\"name\":\"Kazali\u0161te Komedija\",\"description\":\"\",\"publisher\":{\"@id\":\"http:\\\/\\\/www.komedija.hr\\\/www\\\/#organization\"},\"potentialAction\":[{\"@type\":\"SearchAction\",\"target\":{\"@type\":\"EntryPoint\",\"urlTemplate\":\"http:\\\/\\\/www.komedija.hr\\\/www\\\/?s={search_term_string}\"},\"query-input\":{\"@type\":\"PropertyValueSpecification\",\"valueRequired\":true,\"valueName\":\"search_term_string\"}}],\"inLanguage\":\"hr\"},{\"@type\":\"Organization\",\"@id\":\"http:\\\/\\\/www.komedija.hr\\\/www\\\/#organization\",\"name\":\"Zagreba\u010dko gradsko Kazali\u0161ta Komedija\",\"url\":\"http:\\\/\\\/www.komedija.hr\\\/www\\\/\",\"logo\":{\"@type\":\"ImageObject\",\"inLanguage\":\"hr\",\"@id\":\"http:\\\/\\\/www.komedija.hr\\\/www\\\/#\\\/schema\\\/logo\\\/image\\\/\",\"url\":\"https:\\\/\\\/www.komedija.hr\\\/www\\\/wp-content\\\/uploads\\\/2020\\\/02\\\/cropped-Kazaliste_Komedija_logo_2.png\",\"contentUrl\":\"https:\\\/\\\/www.komedija.hr\\\/www\\\/wp-content\\\/uploads\\\/2020\\\/02\\\/cropped-Kazaliste_Komedija_logo_2.png\",\"width\":512,\"height\":512,\"caption\":\"Zagreba\u010dko gradsko Kazali\u0161ta Komedija\"},\"image\":{\"@id\":\"http:\\\/\\\/www.komedija.hr\\\/www\\\/#\\\/schema\\\/logo\\\/image\\\/\"},\"sameAs\":[\"https:\\\/\\\/www.facebook.com\\\/kazaliste.komedija\\\/\",\"https:\\\/\\\/x.com\\\/KKomedija\",\"https:\\\/\\\/www.instagram.com\\\/kazaliste_komedija\\\/\",\"https:\\\/\\\/www.youtube.com\\\/channel\\\/UC1NcapMYUXJW3miW_oPxT5w\\\/videos\"]}]}<\/script>\n<!-- \/ Yoast SEO plugin. -->","yoast_head_json":{"title":"Ronald \u017dlabur - Kazali\u0161te Komedija","robots":{"index":"index","follow":"follow","max-snippet":"max-snippet:-1","max-image-preview":"max-image-preview:large","max-video-preview":"max-video-preview:-1"},"canonical":"https:\/\/www.komedija.hr\/www\/ansambl-2\/glumci\/ronald-zlabur\/","og_locale":"hr_HR","og_type":"article","og_title":"Ronald \u017dlabur - Kazali\u0161te Komedija","og_description":"Glumac ansambl Kazali\u0161te &#8220;Komedija&#8221;, p.p. 428, Zagreb tel.: +385 (0)1 48 13 200; fax: +385 (0)1 48 12 179 GSM: +385 (0)91 503 51 03 e-mail: zlabur@gmail.com OBRAZOVANJE Akademija dramske umjetnosti Sveu\u010dili\u0161ta u Zagrebu &nbsp; KAZALI\u0160TE ZGK Komedija: Gubec-beg, Svoga tela gospodar, Mali du\u0107an strave, Majka Hrabrost i njezina djeca, Skidajte se do kraja, Uhva\u0107en [&hellip;]","og_url":"https:\/\/www.komedija.hr\/www\/ansambl-2\/glumci\/ronald-zlabur\/","og_site_name":"Kazali\u0161te Komedija","article_publisher":"https:\/\/www.facebook.com\/kazaliste.komedija\/","article_modified_time":"2025-06-11T10:38:40+00:00","og_image":[{"width":533,"height":800,"url":"https:\/\/www.komedija.hr\/www\/wp-content\/uploads\/2011\/09\/roni_zlabur.jpg","type":"image\/jpeg"}],"twitter_card":"summary_large_image","twitter_site":"@KKomedija","twitter_misc":{"Procijenjeno vrijeme \u010ditanja":"2 minute"},"schema":{"@context":"https:\/\/schema.org","@graph":[{"@type":"WebPage","@id":"https:\/\/www.komedija.hr\/www\/ansambl-2\/glumci\/ronald-zlabur\/","url":"https:\/\/www.komedija.hr\/www\/ansambl-2\/glumci\/ronald-zlabur\/","name":"Ronald \u017dlabur - Kazali\u0161te Komedija","isPartOf":{"@id":"http:\/\/www.komedija.hr\/www\/#website"},"primaryImageOfPage":{"@id":"https:\/\/www.komedija.hr\/www\/ansambl-2\/glumci\/ronald-zlabur\/#primaryimage"},"image":{"@id":"https:\/\/www.komedija.hr\/www\/ansambl-2\/glumci\/ronald-zlabur\/#primaryimage"},"thumbnailUrl":"http:\/\/www.komedija.hr\/www\/wp-content\/uploads\/2011\/09\/roni_zlabur-200x300.jpg","datePublished":"2011-09-26T07:02:04+00:00","dateModified":"2025-06-11T10:38:40+00:00","breadcrumb":{"@id":"https:\/\/www.komedija.hr\/www\/ansambl-2\/glumci\/ronald-zlabur\/#breadcrumb"},"inLanguage":"hr","potentialAction":[{"@type":"ReadAction","target":["https:\/\/www.komedija.hr\/www\/ansambl-2\/glumci\/ronald-zlabur\/"]}]},{"@type":"ImageObject","inLanguage":"hr","@id":"https:\/\/www.komedija.hr\/www\/ansambl-2\/glumci\/ronald-zlabur\/#primaryimage","url":"https:\/\/www.komedija.hr\/www\/wp-content\/uploads\/2011\/09\/roni_zlabur.jpg","contentUrl":"https:\/\/www.komedija.hr\/www\/wp-content\/uploads\/2011\/09\/roni_zlabur.jpg","width":533,"height":800},{"@type":"BreadcrumbList","@id":"https:\/\/www.komedija.hr\/www\/ansambl-2\/glumci\/ronald-zlabur\/#breadcrumb","itemListElement":[{"@type":"ListItem","position":1,"name":"Po\u010detna stranica","item":"http:\/\/www.komedija.hr\/www\/"},{"@type":"ListItem","position":2,"name":"Ansambl","item":"https:\/\/www.komedija.hr\/www\/ansambl-2\/"},{"@type":"ListItem","position":3,"name":"Glumci","item":"https:\/\/www.komedija.hr\/www\/ansambl-2\/glumci\/"},{"@type":"ListItem","position":4,"name":"Ronald \u017dlabur"}]},{"@type":"WebSite","@id":"http:\/\/www.komedija.hr\/www\/#website","url":"http:\/\/www.komedija.hr\/www\/","name":"Kazali\u0161te Komedija","description":"","publisher":{"@id":"http:\/\/www.komedija.hr\/www\/#organization"},"potentialAction":[{"@type":"SearchAction","target":{"@type":"EntryPoint","urlTemplate":"http:\/\/www.komedija.hr\/www\/?s={search_term_string}"},"query-input":{"@type":"PropertyValueSpecification","valueRequired":true,"valueName":"search_term_string"}}],"inLanguage":"hr"},{"@type":"Organization","@id":"http:\/\/www.komedija.hr\/www\/#organization","name":"Zagreba\u010dko gradsko Kazali\u0161ta Komedija","url":"http:\/\/www.komedija.hr\/www\/","logo":{"@type":"ImageObject","inLanguage":"hr","@id":"http:\/\/www.komedija.hr\/www\/#\/schema\/logo\/image\/","url":"https:\/\/www.komedija.hr\/www\/wp-content\/uploads\/2020\/02\/cropped-Kazaliste_Komedija_logo_2.png","contentUrl":"https:\/\/www.komedija.hr\/www\/wp-content\/uploads\/2020\/02\/cropped-Kazaliste_Komedija_logo_2.png","width":512,"height":512,"caption":"Zagreba\u010dko gradsko Kazali\u0161ta Komedija"},"image":{"@id":"http:\/\/www.komedija.hr\/www\/#\/schema\/logo\/image\/"},"sameAs":["https:\/\/www.facebook.com\/kazaliste.komedija\/","https:\/\/x.com\/KKomedija","https:\/\/www.instagram.com\/kazaliste_komedija\/","https:\/\/www.youtube.com\/channel\/UC1NcapMYUXJW3miW_oPxT5w\/videos"]}]}},"_links":{"self":[{"href":"https:\/\/www.komedija.hr\/www\/wp-json\/wp\/v2\/pages\/1397","targetHints":{"allow":["GET"]}}],"collection":[{"href":"https:\/\/www.komedija.hr\/www\/wp-json\/wp\/v2\/pages"}],"about":[{"href":"https:\/\/www.komedija.hr\/www\/wp-json\/wp\/v2\/types\/page"}],"author":[{"embeddable":true,"href":"https:\/\/www.komedija.hr\/www\/wp-json\/wp\/v2\/users\/4"}],"replies":[{"embeddable":true,"href":"https:\/\/www.komedija.hr\/www\/wp-json\/wp\/v2\/comments?post=1397"}],"version-history":[{"count":1,"href":"https:\/\/www.komedija.hr\/www\/wp-json\/wp\/v2\/pages\/1397\/revisions"}],"predecessor-version":[{"id":20894,"href":"https:\/\/www.komedija.hr\/www\/wp-json\/wp\/v2\/pages\/1397\/revisions\/20894"}],"up":[{"embeddable":true,"href":"https:\/\/www.komedija.hr\/www\/wp-json\/wp\/v2\/pages\/6992"}],"wp:attachment":[{"href":"https:\/\/www.komedija.hr\/www\/wp-json\/wp\/v2\/media?parent=1397"}],"curies":[{"name":"wp","href":"https:\/\/api.w.org\/{rel}","templated":true}]}}