{"id":14068,"date":"2021-07-01T13:18:04","date_gmt":"2021-07-01T11:18:04","guid":{"rendered":"http:\/\/www.komedija.hr\/www\/?page_id=14068"},"modified":"2025-06-11T12:50:27","modified_gmt":"2025-06-11T10:50:27","slug":"filip-hozjak","status":"publish","type":"page","link":"https:\/\/www.komedija.hr\/www\/ansambl-2\/pjevaci\/filip-hozjak\/","title":{"rendered":"Filip Hozjak"},"content":{"rendered":"<table border=\"0\" width=\"100%\">\n<tbody>\n<tr>\n<td><img decoding=\"async\" class=\"alignnone size-medium wp-image-14173\" src=\"http:\/\/www.komedija.hr\/www\/wp-content\/uploads\/2021\/09\/Hozjak-200x300.jpg\" alt=\"\" width=\"200\" height=\"300\" srcset=\"https:\/\/www.komedija.hr\/www\/wp-content\/uploads\/2021\/09\/Hozjak-200x300.jpg 200w, https:\/\/www.komedija.hr\/www\/wp-content\/uploads\/2021\/09\/Hozjak-683x1024.jpg 683w, https:\/\/www.komedija.hr\/www\/wp-content\/uploads\/2021\/09\/Hozjak-768x1152.jpg 768w, https:\/\/www.komedija.hr\/www\/wp-content\/uploads\/2021\/09\/Hozjak-600x900.jpg 600w, https:\/\/www.komedija.hr\/www\/wp-content\/uploads\/2021\/09\/Hozjak-1024x1536.jpg 1024w, https:\/\/www.komedija.hr\/www\/wp-content\/uploads\/2021\/09\/Hozjak-1365x2048.jpg 1365w, https:\/\/www.komedija.hr\/www\/wp-content\/uploads\/2021\/09\/Hozjak-scaled.jpg 1707w\" sizes=\"(max-width: 200px) 100vw, 200px\" \/><\/td>\n<td>Pjeva\u010d<\/td>\n<\/tr>\n<tr valign=\"top\">\n<td colspan=\"2\" height=\"20\">&nbsp;<\/td>\n<\/tr>\n<tr>\n<td valign=\"top\" width=\"18%\" height=\"25\"><strong>DATUM I MJESTO RO\u0110ENJA <\/strong><\/td>\n<td valign=\"top\" width=\"82%\" height=\"25\">\n<div align=\"left\">27.12.1990., \u010cakovec<\/div>\n<\/td>\n<\/tr>\n<tr>\n<td valign=\"top\" width=\"18%\"><strong>KONTAKT<\/strong><\/td>\n<td valign=\"top\" width=\"82%\">e-mail: <a href=\"mailto:propaganda@komedija.hr\">propaganda@komedija.hr<\/a><\/td>\n<\/tr>\n<tr>\n<td valign=\"top\" width=\"18%\" height=\"19\"><strong>OBRAZOVANJE<\/strong><\/td>\n<td valign=\"top\" width=\"82%\" height=\"19\">magistar muzike, Akademija za umjetnost i kulturu Osijek<\/td>\n<\/tr>\n<tr>\n<td valign=\"top\" width=\"18%\"><strong>GLAS, KLASA <\/strong><\/td>\n<td valign=\"top\" width=\"82%\">tenor<\/td>\n<\/tr>\n<tr>\n<td valign=\"top\" width=\"18%\" height=\"53\"><strong>KAZALI\u0160TE<\/strong><\/td>\n<td valign=\"top\" width=\"82%\" height=\"53\"><strong>ZGK Komedija<\/strong>: Jesus Christ Superstar; Grofica Marica; Alfi Kabiljo: Moji mjuzikli #2; Ludnica s tenorima; Ljepotica i Zvijer; Jadnici<\/p>\n<p><strong>HNK u Osijeku<\/strong>: Bajadera; Kod bijelog konja; Trubadur<\/td>\n<\/tr>\n<tr>\n<td valign=\"top\" width=\"18%\"><strong>KONCERTI<\/strong><\/td>\n<td valign=\"top\" width=\"82%\">Lipanjska operna no\u0107 (Osijek), solisti\u010dki koncerti sa Hrvatskim komornim orkestrom, 40-ak koncerata godi\u0161nje sa \u201c4 Tenora\u201d<\/td>\n<\/tr>\n<tr>\n<td valign=\"top\" width=\"18%\" height=\"33\"><strong>NAGRADE I PRIZNANJA<\/strong><\/td>\n<td valign=\"top\" width=\"82%\" height=\"33\">Krajem 2012. sudjelovao na natjecanju Lazar Jovanovi\u0107 u Beogradu gdje je osvojio 1. nagradu. Godine 2013. na Me\u0111unarodnom natjecanju Lav Mirski u Osijeku osvojio je 1. nagradu te posebnu nagradu kao apsolutni pobjednik 3. kategorije. U svibnju 2014. na istom natjecanju osvojio je 1. nagradu u solisti\u010dkom natjecanju, kao i 1. te posebnu nagradu za apsolutnog pobjednika u kategoriji opernih ansambala (s baritonom Borisom \u0160ilijem). Iste godine primio je Rektorovu nagradu Sveu\u010dili\u0161ta J. J. Strossmayera u Osijeku. 2015. godine osvaja 1. nagradu te ujedno i posebnu nagradu kao apsolutni pobjednik u kategoriji mjuzikla na natjecanju \u201eLav Mirski\u201c u Osijeku.<\/td>\n<\/tr>\n<tr>\n<td valign=\"top\" width=\"18%\" height=\"33\"><strong>STATUSI U &#8220;KOMEDIJI&#8221;<\/strong><\/td>\n<td valign=\"top\" width=\"82%\" height=\"33\">Jesus u rock-operi \u201cJesus Christ Superstar\u201d (o\u017eujak, 2019. godine).<br \/>\nZaposlen od 1. srpnja 2021. godine<\/td>\n<\/tr>\n<\/tbody>\n<\/table>\n","protected":false},"excerpt":{"rendered":"<p>Pjeva\u010d &nbsp; DATUM I MJESTO RO\u0110ENJA 27.12.1990., \u010cakovec KONTAKT e-mail: propaganda@komedija.hr OBRAZOVANJE magistar muzike, Akademija za umjetnost i kulturu Osijek GLAS, KLASA tenor KAZALI\u0160TE ZGK Komedija: Jesus Christ Superstar; Grofica Marica; Alfi Kabiljo: Moji mjuzikli #2; Ludnica s tenorima; Ljepotica i Zvijer; Jadnici HNK u Osijeku: Bajadera; Kod bijelog konja; Trubadur KONCERTI Lipanjska operna no\u0107 [&hellip;]<\/p>\n","protected":false},"author":3,"featured_media":0,"parent":7017,"menu_order":0,"comment_status":"closed","ping_status":"closed","template":"","meta":{"ngg_post_thumbnail":0,"footnotes":""},"class_list":["post-14068","page","type-page","status-publish","hentry"],"yoast_head":"<!-- This site is optimized with the Yoast SEO plugin v27.4 - https:\/\/yoast.com\/product\/yoast-seo-wordpress\/ -->\n<title>Filip Hozjak - Kazali\u0161te Komedija<\/title>\n<meta name=\"robots\" content=\"index, follow, max-snippet:-1, max-image-preview:large, max-video-preview:-1\" \/>\n<link rel=\"canonical\" href=\"https:\/\/www.komedija.hr\/www\/ansambl-2\/pjevaci\/filip-hozjak\/\" \/>\n<meta property=\"og:locale\" content=\"hr_HR\" \/>\n<meta property=\"og:type\" content=\"article\" \/>\n<meta property=\"og:title\" content=\"Filip Hozjak - Kazali\u0161te Komedija\" \/>\n<meta property=\"og:description\" content=\"Pjeva\u010d &nbsp; DATUM I MJESTO RO\u0110ENJA 27.12.1990., \u010cakovec KONTAKT e-mail: propaganda@komedija.hr OBRAZOVANJE magistar muzike, Akademija za umjetnost i kulturu Osijek GLAS, KLASA tenor KAZALI\u0160TE ZGK Komedija: Jesus Christ Superstar; Grofica Marica; Alfi Kabiljo: Moji mjuzikli #2; Ludnica s tenorima; Ljepotica i Zvijer; Jadnici HNK u Osijeku: Bajadera; Kod bijelog konja; Trubadur KONCERTI Lipanjska operna no\u0107 [&hellip;]\" \/>\n<meta property=\"og:url\" content=\"https:\/\/www.komedija.hr\/www\/ansambl-2\/pjevaci\/filip-hozjak\/\" \/>\n<meta property=\"og:site_name\" content=\"Kazali\u0161te Komedija\" \/>\n<meta property=\"article:publisher\" content=\"https:\/\/www.facebook.com\/kazaliste.komedija\/\" \/>\n<meta property=\"article:modified_time\" content=\"2025-06-11T10:50:27+00:00\" \/>\n<meta property=\"og:image\" content=\"https:\/\/www.komedija.hr\/www\/wp-content\/uploads\/2021\/09\/Hozjak-scaled.jpg\" \/>\n\t<meta property=\"og:image:width\" content=\"1707\" \/>\n\t<meta property=\"og:image:height\" content=\"2560\" \/>\n\t<meta property=\"og:image:type\" content=\"image\/jpeg\" \/>\n<meta name=\"twitter:card\" content=\"summary_large_image\" \/>\n<meta name=\"twitter:site\" content=\"@KKomedija\" \/>\n<meta name=\"twitter:label1\" content=\"Procijenjeno vrijeme \u010ditanja\" \/>\n\t<meta name=\"twitter:data1\" content=\"2 minute\" \/>\n<script type=\"application\/ld+json\" class=\"yoast-schema-graph\">{\"@context\":\"https:\\\/\\\/schema.org\",\"@graph\":[{\"@type\":\"WebPage\",\"@id\":\"https:\\\/\\\/www.komedija.hr\\\/www\\\/ansambl-2\\\/pjevaci\\\/filip-hozjak\\\/\",\"url\":\"https:\\\/\\\/www.komedija.hr\\\/www\\\/ansambl-2\\\/pjevaci\\\/filip-hozjak\\\/\",\"name\":\"Filip Hozjak - Kazali\u0161te Komedija\",\"isPartOf\":{\"@id\":\"http:\\\/\\\/www.komedija.hr\\\/www\\\/#website\"},\"primaryImageOfPage\":{\"@id\":\"https:\\\/\\\/www.komedija.hr\\\/www\\\/ansambl-2\\\/pjevaci\\\/filip-hozjak\\\/#primaryimage\"},\"image\":{\"@id\":\"https:\\\/\\\/www.komedija.hr\\\/www\\\/ansambl-2\\\/pjevaci\\\/filip-hozjak\\\/#primaryimage\"},\"thumbnailUrl\":\"http:\\\/\\\/www.komedija.hr\\\/www\\\/wp-content\\\/uploads\\\/2021\\\/09\\\/Hozjak-200x300.jpg\",\"datePublished\":\"2021-07-01T11:18:04+00:00\",\"dateModified\":\"2025-06-11T10:50:27+00:00\",\"breadcrumb\":{\"@id\":\"https:\\\/\\\/www.komedija.hr\\\/www\\\/ansambl-2\\\/pjevaci\\\/filip-hozjak\\\/#breadcrumb\"},\"inLanguage\":\"hr\",\"potentialAction\":[{\"@type\":\"ReadAction\",\"target\":[\"https:\\\/\\\/www.komedija.hr\\\/www\\\/ansambl-2\\\/pjevaci\\\/filip-hozjak\\\/\"]}]},{\"@type\":\"ImageObject\",\"inLanguage\":\"hr\",\"@id\":\"https:\\\/\\\/www.komedija.hr\\\/www\\\/ansambl-2\\\/pjevaci\\\/filip-hozjak\\\/#primaryimage\",\"url\":\"http:\\\/\\\/www.komedija.hr\\\/www\\\/wp-content\\\/uploads\\\/2021\\\/09\\\/Hozjak-200x300.jpg\",\"contentUrl\":\"http:\\\/\\\/www.komedija.hr\\\/www\\\/wp-content\\\/uploads\\\/2021\\\/09\\\/Hozjak-200x300.jpg\"},{\"@type\":\"BreadcrumbList\",\"@id\":\"https:\\\/\\\/www.komedija.hr\\\/www\\\/ansambl-2\\\/pjevaci\\\/filip-hozjak\\\/#breadcrumb\",\"itemListElement\":[{\"@type\":\"ListItem\",\"position\":1,\"name\":\"Po\u010detna stranica\",\"item\":\"http:\\\/\\\/www.komedija.hr\\\/www\\\/\"},{\"@type\":\"ListItem\",\"position\":2,\"name\":\"Ansambl\",\"item\":\"https:\\\/\\\/www.komedija.hr\\\/www\\\/ansambl-2\\\/\"},{\"@type\":\"ListItem\",\"position\":3,\"name\":\"Pjeva\u010di\",\"item\":\"https:\\\/\\\/www.komedija.hr\\\/www\\\/ansambl-2\\\/pjevaci\\\/\"},{\"@type\":\"ListItem\",\"position\":4,\"name\":\"Filip Hozjak\"}]},{\"@type\":\"WebSite\",\"@id\":\"http:\\\/\\\/www.komedija.hr\\\/www\\\/#website\",\"url\":\"http:\\\/\\\/www.komedija.hr\\\/www\\\/\",\"name\":\"Kazali\u0161te Komedija\",\"description\":\"\",\"publisher\":{\"@id\":\"http:\\\/\\\/www.komedija.hr\\\/www\\\/#organization\"},\"potentialAction\":[{\"@type\":\"SearchAction\",\"target\":{\"@type\":\"EntryPoint\",\"urlTemplate\":\"http:\\\/\\\/www.komedija.hr\\\/www\\\/?s={search_term_string}\"},\"query-input\":{\"@type\":\"PropertyValueSpecification\",\"valueRequired\":true,\"valueName\":\"search_term_string\"}}],\"inLanguage\":\"hr\"},{\"@type\":\"Organization\",\"@id\":\"http:\\\/\\\/www.komedija.hr\\\/www\\\/#organization\",\"name\":\"Zagreba\u010dko gradsko Kazali\u0161ta Komedija\",\"url\":\"http:\\\/\\\/www.komedija.hr\\\/www\\\/\",\"logo\":{\"@type\":\"ImageObject\",\"inLanguage\":\"hr\",\"@id\":\"http:\\\/\\\/www.komedija.hr\\\/www\\\/#\\\/schema\\\/logo\\\/image\\\/\",\"url\":\"https:\\\/\\\/www.komedija.hr\\\/www\\\/wp-content\\\/uploads\\\/2020\\\/02\\\/cropped-Kazaliste_Komedija_logo_2.png\",\"contentUrl\":\"https:\\\/\\\/www.komedija.hr\\\/www\\\/wp-content\\\/uploads\\\/2020\\\/02\\\/cropped-Kazaliste_Komedija_logo_2.png\",\"width\":512,\"height\":512,\"caption\":\"Zagreba\u010dko gradsko Kazali\u0161ta Komedija\"},\"image\":{\"@id\":\"http:\\\/\\\/www.komedija.hr\\\/www\\\/#\\\/schema\\\/logo\\\/image\\\/\"},\"sameAs\":[\"https:\\\/\\\/www.facebook.com\\\/kazaliste.komedija\\\/\",\"https:\\\/\\\/x.com\\\/KKomedija\",\"https:\\\/\\\/www.instagram.com\\\/kazaliste_komedija\\\/\",\"https:\\\/\\\/www.youtube.com\\\/channel\\\/UC1NcapMYUXJW3miW_oPxT5w\\\/videos\"]}]}<\/script>\n<!-- \/ Yoast SEO plugin. -->","yoast_head_json":{"title":"Filip Hozjak - Kazali\u0161te Komedija","robots":{"index":"index","follow":"follow","max-snippet":"max-snippet:-1","max-image-preview":"max-image-preview:large","max-video-preview":"max-video-preview:-1"},"canonical":"https:\/\/www.komedija.hr\/www\/ansambl-2\/pjevaci\/filip-hozjak\/","og_locale":"hr_HR","og_type":"article","og_title":"Filip Hozjak - Kazali\u0161te Komedija","og_description":"Pjeva\u010d &nbsp; DATUM I MJESTO RO\u0110ENJA 27.12.1990., \u010cakovec KONTAKT e-mail: propaganda@komedija.hr OBRAZOVANJE magistar muzike, Akademija za umjetnost i kulturu Osijek GLAS, KLASA tenor KAZALI\u0160TE ZGK Komedija: Jesus Christ Superstar; Grofica Marica; Alfi Kabiljo: Moji mjuzikli #2; Ludnica s tenorima; Ljepotica i Zvijer; Jadnici HNK u Osijeku: Bajadera; Kod bijelog konja; Trubadur KONCERTI Lipanjska operna no\u0107 [&hellip;]","og_url":"https:\/\/www.komedija.hr\/www\/ansambl-2\/pjevaci\/filip-hozjak\/","og_site_name":"Kazali\u0161te Komedija","article_publisher":"https:\/\/www.facebook.com\/kazaliste.komedija\/","article_modified_time":"2025-06-11T10:50:27+00:00","og_image":[{"width":1707,"height":2560,"url":"https:\/\/www.komedija.hr\/www\/wp-content\/uploads\/2021\/09\/Hozjak-scaled.jpg","type":"image\/jpeg"}],"twitter_card":"summary_large_image","twitter_site":"@KKomedija","twitter_misc":{"Procijenjeno vrijeme \u010ditanja":"2 minute"},"schema":{"@context":"https:\/\/schema.org","@graph":[{"@type":"WebPage","@id":"https:\/\/www.komedija.hr\/www\/ansambl-2\/pjevaci\/filip-hozjak\/","url":"https:\/\/www.komedija.hr\/www\/ansambl-2\/pjevaci\/filip-hozjak\/","name":"Filip Hozjak - Kazali\u0161te Komedija","isPartOf":{"@id":"http:\/\/www.komedija.hr\/www\/#website"},"primaryImageOfPage":{"@id":"https:\/\/www.komedija.hr\/www\/ansambl-2\/pjevaci\/filip-hozjak\/#primaryimage"},"image":{"@id":"https:\/\/www.komedija.hr\/www\/ansambl-2\/pjevaci\/filip-hozjak\/#primaryimage"},"thumbnailUrl":"http:\/\/www.komedija.hr\/www\/wp-content\/uploads\/2021\/09\/Hozjak-200x300.jpg","datePublished":"2021-07-01T11:18:04+00:00","dateModified":"2025-06-11T10:50:27+00:00","breadcrumb":{"@id":"https:\/\/www.komedija.hr\/www\/ansambl-2\/pjevaci\/filip-hozjak\/#breadcrumb"},"inLanguage":"hr","potentialAction":[{"@type":"ReadAction","target":["https:\/\/www.komedija.hr\/www\/ansambl-2\/pjevaci\/filip-hozjak\/"]}]},{"@type":"ImageObject","inLanguage":"hr","@id":"https:\/\/www.komedija.hr\/www\/ansambl-2\/pjevaci\/filip-hozjak\/#primaryimage","url":"http:\/\/www.komedija.hr\/www\/wp-content\/uploads\/2021\/09\/Hozjak-200x300.jpg","contentUrl":"http:\/\/www.komedija.hr\/www\/wp-content\/uploads\/2021\/09\/Hozjak-200x300.jpg"},{"@type":"BreadcrumbList","@id":"https:\/\/www.komedija.hr\/www\/ansambl-2\/pjevaci\/filip-hozjak\/#breadcrumb","itemListElement":[{"@type":"ListItem","position":1,"name":"Po\u010detna stranica","item":"http:\/\/www.komedija.hr\/www\/"},{"@type":"ListItem","position":2,"name":"Ansambl","item":"https:\/\/www.komedija.hr\/www\/ansambl-2\/"},{"@type":"ListItem","position":3,"name":"Pjeva\u010di","item":"https:\/\/www.komedija.hr\/www\/ansambl-2\/pjevaci\/"},{"@type":"ListItem","position":4,"name":"Filip Hozjak"}]},{"@type":"WebSite","@id":"http:\/\/www.komedija.hr\/www\/#website","url":"http:\/\/www.komedija.hr\/www\/","name":"Kazali\u0161te Komedija","description":"","publisher":{"@id":"http:\/\/www.komedija.hr\/www\/#organization"},"potentialAction":[{"@type":"SearchAction","target":{"@type":"EntryPoint","urlTemplate":"http:\/\/www.komedija.hr\/www\/?s={search_term_string}"},"query-input":{"@type":"PropertyValueSpecification","valueRequired":true,"valueName":"search_term_string"}}],"inLanguage":"hr"},{"@type":"Organization","@id":"http:\/\/www.komedija.hr\/www\/#organization","name":"Zagreba\u010dko gradsko Kazali\u0161ta Komedija","url":"http:\/\/www.komedija.hr\/www\/","logo":{"@type":"ImageObject","inLanguage":"hr","@id":"http:\/\/www.komedija.hr\/www\/#\/schema\/logo\/image\/","url":"https:\/\/www.komedija.hr\/www\/wp-content\/uploads\/2020\/02\/cropped-Kazaliste_Komedija_logo_2.png","contentUrl":"https:\/\/www.komedija.hr\/www\/wp-content\/uploads\/2020\/02\/cropped-Kazaliste_Komedija_logo_2.png","width":512,"height":512,"caption":"Zagreba\u010dko gradsko Kazali\u0161ta Komedija"},"image":{"@id":"http:\/\/www.komedija.hr\/www\/#\/schema\/logo\/image\/"},"sameAs":["https:\/\/www.facebook.com\/kazaliste.komedija\/","https:\/\/x.com\/KKomedija","https:\/\/www.instagram.com\/kazaliste_komedija\/","https:\/\/www.youtube.com\/channel\/UC1NcapMYUXJW3miW_oPxT5w\/videos"]}]}},"_links":{"self":[{"href":"https:\/\/www.komedija.hr\/www\/wp-json\/wp\/v2\/pages\/14068","targetHints":{"allow":["GET"]}}],"collection":[{"href":"https:\/\/www.komedija.hr\/www\/wp-json\/wp\/v2\/pages"}],"about":[{"href":"https:\/\/www.komedija.hr\/www\/wp-json\/wp\/v2\/types\/page"}],"author":[{"embeddable":true,"href":"https:\/\/www.komedija.hr\/www\/wp-json\/wp\/v2\/users\/3"}],"replies":[{"embeddable":true,"href":"https:\/\/www.komedija.hr\/www\/wp-json\/wp\/v2\/comments?post=14068"}],"version-history":[{"count":1,"href":"https:\/\/www.komedija.hr\/www\/wp-json\/wp\/v2\/pages\/14068\/revisions"}],"predecessor-version":[{"id":20903,"href":"https:\/\/www.komedija.hr\/www\/wp-json\/wp\/v2\/pages\/14068\/revisions\/20903"}],"up":[{"embeddable":true,"href":"https:\/\/www.komedija.hr\/www\/wp-json\/wp\/v2\/pages\/7017"}],"wp:attachment":[{"href":"https:\/\/www.komedija.hr\/www\/wp-json\/wp\/v2\/media?parent=14068"}],"curies":[{"name":"wp","href":"https:\/\/api.w.org\/{rel}","templated":true}]}}