{"id":14338,"date":"2021-11-13T17:51:32","date_gmt":"2021-11-13T16:51:32","guid":{"rendered":"http:\/\/www.komedija.hr\/www\/?page_id=14338"},"modified":"2024-06-07T14:34:14","modified_gmt":"2024-06-07T12:34:14","slug":"cvit-samoce","status":"publish","type":"page","link":"https:\/\/www.komedija.hr\/www\/arhiva-predstava\/cvit-samoce\/","title":{"rendered":"CVIT SAMO\u0106E"},"content":{"rendered":"<h3><strong>CVIT SAMO\u0106E<\/strong>, koncertna predstava<\/h3>\n<p>Glazba \/ Poezija: Freeda Nera Immortelle<br \/>\nGlazba: Vadim Eruda\u00e7i<br \/>\nRe\u017eija \/ Dramaturgija: Mia Melcher<\/p>\n<p><strong>Izvo\u0111a\u010di:<\/strong><br \/>\nFreeda Nera Immortelle<br \/>\nVadim Eruda\u00e7i (gitara)<br \/>\nTomislav Parma\u0107 (piano)<br \/>\nHrvoje Rup\u010di\u0107 \/ Borna \u0160ercar (perkusije)<br \/>\nMatej Milo\u0161ev (\u010delo)<\/p>\n<p>Kostimografkinja: Eva Karaka\u0161 Bedrina<br \/>\nGrafi\u010dki dizajn plakata: Studio Cuculi\u0107<br \/>\nPhoto (plakat): Maja Kljaji\u0107<\/p>\n<p>Premijera: 11. studenoga 2021., Klub Kazali\u0161ta Komedija<\/p>\n<p>Predstava igra u Klubu Kazali\u0161ta Komedija, Cesar\u010deva 2<\/p>\n<p>Trajanje: 55 minuta<\/p>\n<div style=\"text-algn:left\"><span style=\"display:inline-block;text-align:center;\"><iframe allow=\"autoplay\" class=\"youtube_embed_iframe\"    allowFullScreen=\"true\" style=\"width:640px; height:360px\" src=\"https:\/\/www.youtube.com\/embed\/Hx2eXhC0Uj8?autoplay=0&theme=dark&loop=0&fs=1&showinfo=1&modestbranding=0&iv_load_policy=3&color=red&autohide=1&disablekb=0&enablejsapi=1&version=3\"><\/iframe><\/span><\/div>\n<p><strong>Koncertna predstava \u201cCvit Samoc\u0301e\u201d <\/strong>kazalis\u030cni je segment dugogodis\u030cnjeg umjetnic\u030ckog istraz\u030civac\u030ckog procesa umjetnice Nere Stipic\u030cevic\u0301, na temu suoc\u030cavanja pojedinca s osobnim strahovima i vaz\u030cnosti otkrivanja vlastite autentic\u030cnosti kao univerzalnog odgovora na pitanje: \u201cKako do srec\u0301e?\u201d. Koncertna predstava prekretnica je njezinog autorskog rada te umjetnica mijenja svoje ime Nera Stipic\u030cevic\u0301 u umjetnic\u030cko <strong><em>Freeda Nera Immortelle (dalje F.N.I.)&nbsp;<\/em><\/strong><\/p>\n<p>Prvi segment ovog procesa bio je multiartistic\u030cki projekt \u201cFreeDA\u201d \/ 2015&nbsp; koji kreira sa kolegicom glumicom\/redateljicom Miom Melcher<em>, <\/em>a koncertna predstava \u201cCvit samoc\u0301e\u201d&nbsp; prirodni je&nbsp; nastavak u istra\u017eivanju njihove uspje\u0161ne suradnje. Glavna struktura materijala za novu predstavu nastaje <em>me\u0111unarodnom suradnjom <\/em>umjetnice F.N.I. i francuskog glazbenika\/producenta <strong><em>Vadima Eruda\u00e7ija, <\/em><\/strong>a <strong><em>Mia Melcher <\/em><\/strong>ga konceptualno i re\u017eijski uobli\u010duje u formu KONCERTNE PREDSTAVE \u201cCVIT SAMO\u0106E\u201d. U projektu sudjeluju glazbenici <strong>Tomislav Parma\u0107<\/strong> (piano), <strong>Hrvoje Rup\u010di\u0107<\/strong> \/ <strong>Borna \u0160ercar<\/strong> (perkusije), <strong>Vadim <em>Eruda\u00e7i<\/em> <\/strong>(gitara), <strong>Matej Milo\u0161ev<\/strong> (\u010delo). Kostimografkinja je Eva Karaka\u0161 Bedrina.<\/p>\n<p>Gdje se nazire po\u010detak, a gdje kraj pjesme ili poezije? Koja je razlika izme\u0111u uglazbljene i&nbsp; izgovorene poezije ili otpjevane pjesme? To je pitanje koje si postavljaju umjetnice u istra\u017eivanju koda ove predstave.<\/p>\n<p>Glavno polazi\u0161te je audio do\u017eivljaj u kazali\u0161tu. Zaboravili smo slu\u0161ati, sve vi\u0161e gledamo, a i to \u0161to vidimo toliko je brzo da rijetko mo\u017eemo opisati \u0161to smo vidjeli, a kamoli \u010duli. Stoga ova predstava u osnovnoj ideji \u017eeli pru\u017eit <strong>odmor<\/strong> od svih te\u0161kih pitanja koje si svakodnevno postavljamo o poslu, odnosima i dono\u0161enju \u201eva\u017enih \u201codluka. Na koji na\u010din? Tako da ih direktno postavlja. Ne predstava, nego izvo\u0111a\u010dica sama sebi. U introspekciji koja gledaoca neposredno uvla\u010di u vlastiti svijet, preko glazbe, ona gotovo meditativno pru\u017ea tra\u010dak svjetla u moru te\u017eine koju \u017eivimo.<\/p>\n<p>Klju\u010dno polazi\u0161te za strukturiranje materijala izazvati je u gledatelju osje\u0107aj kao da je bio&nbsp; na nekom mirnom i sigurnom mjestu, gdje ga je netko grlio du\u017ee vrijeme i da sve \u0161to se doga\u0111a, bez obzira koliko te\u0161ko bilo, ipak&nbsp; ima smisla.<\/p>\n<p>Na kraju predstave kad se upale svjetla, gledatelji \u0107e na kratko pro\u017eivjeti neugodni osje\u0107aj rano-jutarnjeg roditeljevog bu\u0111enja za \u0161kolu i trenutak u kojem bi se odrekli svega za samo 10 minuta sna. Takvo razdra\u017euju\u0107e iskustvo osvijestiti \u0107e svim svjedocima na\u0161e glazbene pri\u010de da su upravo bili na nekom samo njima poznatom mjestu ali da tamo nisu bili dugo, jako dugo, predugo. Pjevu\u0161e\u0107i neku od pjesama sa osje\u0107ajem lako\u0107e i rastere\u0107enja odlazi se ku\u0107i. To je ideja s kojom umjetnice \u017eele zavr\u0161iti ovaj proces i zapo\u010deti novi.<\/p>\n<p>Razvoj projekta podrz\u030can je od Ministarstva kulture i medija Republike Hrvatske te dodjelom stipendije i rezidencije <em>Centre Recollets International <\/em>(2013, 2018), ureda za kulturu Grada Pariza. U studenom 2018. umjetnica sudjeluje i u nastupnom programu \u201cEXPOESIE\u201d navedenog centra u Parizu koji sjedinjuje rad internacionalnih umjetnika razlic\u030citih umjetnic\u030ckih podruc\u030cja i njeguje interkulturalni dijalog. Dio programa projekta \u201cCVIT SAMOC\u0301E\u201d je izveden u prostorijama hrvatskog veleposlanstva u Parizu 2013. godine.<\/p>\n<p><strong><em>Njegovanjem individualnih i kolektivnih poetika&nbsp;<\/em><\/strong>kao osnove stabilnog razvoja autentic\u030cnog drus\u030ctva koje podr\u017eava kulturne raznolikosti,<i>&nbsp;<\/i>koncertna predstava CVIT SAMO\u0106E ima za cilj&nbsp;ostvariti uspjes\u030can <b><i>interkulturalni dijalog<\/i><\/b> te inovativnim pristupom,&nbsp;emitirajuc\u0301i i popularizirajuc\u0301i sadrz\u030caj predstave putem trenutno najaktualnijih medija na online digitalnim platformama, interdisciplinarno\u0161\u0107u izvedbenih umjetnosti&nbsp;<strong><em>razviti i pridobiti novu kazalis\u030cnu publiku.<\/em><\/strong><\/p>\n<p>Kao javna osoba\/celebrity, umjetnica svojim primjerom nastoji <strong><em>inspirirati z\u030cene<\/em><\/strong>, naroc\u030cito mlade djevojke, na bu\u0111enje individualne kreativnosti kako bi na osoban nac\u030cin nastavile <strong><em>motivirati kulturni napredak pojedinca <\/em><\/strong>u svojoj okolini, a time i drus\u030ctva u cjelini.<\/p>\n<p><strong>IZ MEDIJA:<\/strong><br \/>\n<a href=\"https:\/\/glazba.hr\/citaj\/kolumne\/glazbeni-hibridi-koji-privlace-pozornost\/\">GLAZBA.HR&nbsp;<\/a><br \/>\n<a href=\"https:\/\/ravnododna.com\/tag\/cvit-samoce\/\">RAVNODODNA.HR<\/a><br \/>\n<a href=\"https:\/\/www.journal.hr\/native\/journal-impact\/freeda-nera-immortelle-cvijet-samoce-podcast\/\">JOURNAL.HR<\/a><br \/>\n<a href=\"https:\/\/bljesak.info\/kultura\/slikarstvo\/nera-stipicevic-za-bljesak-mnogi-brkaju-usamljenost-sa-samocom\/395250\">BLJESAK.INFO&nbsp;<\/a><\/p>\n<p>&nbsp;<\/p>\n","protected":false},"excerpt":{"rendered":"<p>CVIT SAMO\u0106E, koncertna predstava Glazba \/ Poezija: Freeda Nera Immortelle Glazba: Vadim Eruda\u00e7i Re\u017eija \/ Dramaturgija: Mia Melcher Izvo\u0111a\u010di: Freeda Nera Immortelle Vadim Eruda\u00e7i (gitara) Tomislav Parma\u0107 (piano) Hrvoje Rup\u010di\u0107 \/ Borna \u0160ercar (perkusije) Matej Milo\u0161ev (\u010delo) Kostimografkinja: Eva Karaka\u0161 Bedrina Grafi\u010dki dizajn plakata: Studio Cuculi\u0107 Photo (plakat): Maja Kljaji\u0107 Premijera: 11. studenoga 2021., Klub [&hellip;]<\/p>\n","protected":false},"author":5,"featured_media":14314,"parent":1659,"menu_order":0,"comment_status":"closed","ping_status":"closed","template":"","meta":{"ngg_post_thumbnail":0,"footnotes":""},"class_list":["post-14338","page","type-page","status-publish","has-post-thumbnail","hentry"],"yoast_head":"<!-- This site is optimized with the Yoast SEO plugin v27.5 - https:\/\/yoast.com\/product\/yoast-seo-wordpress\/ -->\n<title>CVIT SAMO\u0106E - Kazali\u0161te Komedija<\/title>\n<meta name=\"robots\" content=\"index, follow, max-snippet:-1, max-image-preview:large, max-video-preview:-1\" \/>\n<link rel=\"canonical\" href=\"https:\/\/www.komedija.hr\/www\/arhiva-predstava\/cvit-samoce\/\" \/>\n<meta property=\"og:locale\" content=\"hr_HR\" \/>\n<meta property=\"og:type\" content=\"article\" \/>\n<meta property=\"og:title\" content=\"CVIT SAMO\u0106E - Kazali\u0161te Komedija\" \/>\n<meta property=\"og:description\" content=\"CVIT SAMO\u0106E, koncertna predstava Glazba \/ Poezija: Freeda Nera Immortelle Glazba: Vadim Eruda\u00e7i Re\u017eija \/ Dramaturgija: Mia Melcher Izvo\u0111a\u010di: Freeda Nera Immortelle Vadim Eruda\u00e7i (gitara) Tomislav Parma\u0107 (piano) Hrvoje Rup\u010di\u0107 \/ Borna \u0160ercar (perkusije) Matej Milo\u0161ev (\u010delo) Kostimografkinja: Eva Karaka\u0161 Bedrina Grafi\u010dki dizajn plakata: Studio Cuculi\u0107 Photo (plakat): Maja Kljaji\u0107 Premijera: 11. studenoga 2021., Klub [&hellip;]\" \/>\n<meta property=\"og:url\" content=\"https:\/\/www.komedija.hr\/www\/arhiva-predstava\/cvit-samoce\/\" \/>\n<meta property=\"og:site_name\" content=\"Kazali\u0161te Komedija\" \/>\n<meta property=\"article:publisher\" content=\"https:\/\/www.facebook.com\/kazaliste.komedija\/\" \/>\n<meta property=\"article:modified_time\" content=\"2024-06-07T12:34:14+00:00\" \/>\n<meta property=\"og:image\" content=\"https:\/\/www.komedija.hr\/www\/wp-content\/uploads\/2021\/11\/Cvit_samoce_web-1.jpg\" \/>\n\t<meta property=\"og:image:width\" content=\"698\" \/>\n\t<meta property=\"og:image:height\" content=\"1000\" \/>\n\t<meta property=\"og:image:type\" content=\"image\/jpeg\" \/>\n<meta name=\"twitter:card\" content=\"summary_large_image\" \/>\n<meta name=\"twitter:site\" content=\"@KKomedija\" \/>\n<meta name=\"twitter:label1\" content=\"Procijenjeno vrijeme \u010ditanja\" \/>\n\t<meta name=\"twitter:data1\" content=\"4 minute\" \/>\n<script type=\"application\/ld+json\" class=\"yoast-schema-graph\">{\"@context\":\"https:\\\/\\\/schema.org\",\"@graph\":[{\"@type\":\"WebPage\",\"@id\":\"https:\\\/\\\/www.komedija.hr\\\/www\\\/arhiva-predstava\\\/cvit-samoce\\\/\",\"url\":\"https:\\\/\\\/www.komedija.hr\\\/www\\\/arhiva-predstava\\\/cvit-samoce\\\/\",\"name\":\"CVIT SAMO\u0106E - Kazali\u0161te Komedija\",\"isPartOf\":{\"@id\":\"http:\\\/\\\/www.komedija.hr\\\/www\\\/#website\"},\"primaryImageOfPage\":{\"@id\":\"https:\\\/\\\/www.komedija.hr\\\/www\\\/arhiva-predstava\\\/cvit-samoce\\\/#primaryimage\"},\"image\":{\"@id\":\"https:\\\/\\\/www.komedija.hr\\\/www\\\/arhiva-predstava\\\/cvit-samoce\\\/#primaryimage\"},\"thumbnailUrl\":\"https:\\\/\\\/www.komedija.hr\\\/www\\\/wp-content\\\/uploads\\\/2021\\\/11\\\/Cvit_samoce_web-1.jpg\",\"datePublished\":\"2021-11-13T16:51:32+00:00\",\"dateModified\":\"2024-06-07T12:34:14+00:00\",\"breadcrumb\":{\"@id\":\"https:\\\/\\\/www.komedija.hr\\\/www\\\/arhiva-predstava\\\/cvit-samoce\\\/#breadcrumb\"},\"inLanguage\":\"hr\",\"potentialAction\":[{\"@type\":\"ReadAction\",\"target\":[\"https:\\\/\\\/www.komedija.hr\\\/www\\\/arhiva-predstava\\\/cvit-samoce\\\/\"]}]},{\"@type\":\"ImageObject\",\"inLanguage\":\"hr\",\"@id\":\"https:\\\/\\\/www.komedija.hr\\\/www\\\/arhiva-predstava\\\/cvit-samoce\\\/#primaryimage\",\"url\":\"https:\\\/\\\/www.komedija.hr\\\/www\\\/wp-content\\\/uploads\\\/2021\\\/11\\\/Cvit_samoce_web-1.jpg\",\"contentUrl\":\"https:\\\/\\\/www.komedija.hr\\\/www\\\/wp-content\\\/uploads\\\/2021\\\/11\\\/Cvit_samoce_web-1.jpg\",\"width\":698,\"height\":1000},{\"@type\":\"BreadcrumbList\",\"@id\":\"https:\\\/\\\/www.komedija.hr\\\/www\\\/arhiva-predstava\\\/cvit-samoce\\\/#breadcrumb\",\"itemListElement\":[{\"@type\":\"ListItem\",\"position\":1,\"name\":\"Po\u010detna stranica\",\"item\":\"http:\\\/\\\/www.komedija.hr\\\/www\\\/\"},{\"@type\":\"ListItem\",\"position\":2,\"name\":\"Arhiva predstava\",\"item\":\"https:\\\/\\\/www.komedija.hr\\\/www\\\/arhiva-predstava\\\/\"},{\"@type\":\"ListItem\",\"position\":3,\"name\":\"CVIT SAMO\u0106E\"}]},{\"@type\":\"WebSite\",\"@id\":\"http:\\\/\\\/www.komedija.hr\\\/www\\\/#website\",\"url\":\"http:\\\/\\\/www.komedija.hr\\\/www\\\/\",\"name\":\"Kazali\u0161te Komedija\",\"description\":\"\",\"publisher\":{\"@id\":\"http:\\\/\\\/www.komedija.hr\\\/www\\\/#organization\"},\"potentialAction\":[{\"@type\":\"SearchAction\",\"target\":{\"@type\":\"EntryPoint\",\"urlTemplate\":\"http:\\\/\\\/www.komedija.hr\\\/www\\\/?s={search_term_string}\"},\"query-input\":{\"@type\":\"PropertyValueSpecification\",\"valueRequired\":true,\"valueName\":\"search_term_string\"}}],\"inLanguage\":\"hr\"},{\"@type\":\"Organization\",\"@id\":\"http:\\\/\\\/www.komedija.hr\\\/www\\\/#organization\",\"name\":\"Zagreba\u010dko gradsko Kazali\u0161ta Komedija\",\"url\":\"http:\\\/\\\/www.komedija.hr\\\/www\\\/\",\"logo\":{\"@type\":\"ImageObject\",\"inLanguage\":\"hr\",\"@id\":\"http:\\\/\\\/www.komedija.hr\\\/www\\\/#\\\/schema\\\/logo\\\/image\\\/\",\"url\":\"https:\\\/\\\/www.komedija.hr\\\/www\\\/wp-content\\\/uploads\\\/2020\\\/02\\\/cropped-Kazaliste_Komedija_logo_2.png\",\"contentUrl\":\"https:\\\/\\\/www.komedija.hr\\\/www\\\/wp-content\\\/uploads\\\/2020\\\/02\\\/cropped-Kazaliste_Komedija_logo_2.png\",\"width\":512,\"height\":512,\"caption\":\"Zagreba\u010dko gradsko Kazali\u0161ta Komedija\"},\"image\":{\"@id\":\"http:\\\/\\\/www.komedija.hr\\\/www\\\/#\\\/schema\\\/logo\\\/image\\\/\"},\"sameAs\":[\"https:\\\/\\\/www.facebook.com\\\/kazaliste.komedija\\\/\",\"https:\\\/\\\/x.com\\\/KKomedija\",\"https:\\\/\\\/www.instagram.com\\\/kazaliste_komedija\\\/\",\"https:\\\/\\\/www.youtube.com\\\/channel\\\/UC1NcapMYUXJW3miW_oPxT5w\\\/videos\"]}]}<\/script>\n<!-- \/ Yoast SEO plugin. -->","yoast_head_json":{"title":"CVIT SAMO\u0106E - Kazali\u0161te Komedija","robots":{"index":"index","follow":"follow","max-snippet":"max-snippet:-1","max-image-preview":"max-image-preview:large","max-video-preview":"max-video-preview:-1"},"canonical":"https:\/\/www.komedija.hr\/www\/arhiva-predstava\/cvit-samoce\/","og_locale":"hr_HR","og_type":"article","og_title":"CVIT SAMO\u0106E - Kazali\u0161te Komedija","og_description":"CVIT SAMO\u0106E, koncertna predstava Glazba \/ Poezija: Freeda Nera Immortelle Glazba: Vadim Eruda\u00e7i Re\u017eija \/ Dramaturgija: Mia Melcher Izvo\u0111a\u010di: Freeda Nera Immortelle Vadim Eruda\u00e7i (gitara) Tomislav Parma\u0107 (piano) Hrvoje Rup\u010di\u0107 \/ Borna \u0160ercar (perkusije) Matej Milo\u0161ev (\u010delo) Kostimografkinja: Eva Karaka\u0161 Bedrina Grafi\u010dki dizajn plakata: Studio Cuculi\u0107 Photo (plakat): Maja Kljaji\u0107 Premijera: 11. studenoga 2021., Klub [&hellip;]","og_url":"https:\/\/www.komedija.hr\/www\/arhiva-predstava\/cvit-samoce\/","og_site_name":"Kazali\u0161te Komedija","article_publisher":"https:\/\/www.facebook.com\/kazaliste.komedija\/","article_modified_time":"2024-06-07T12:34:14+00:00","og_image":[{"width":698,"height":1000,"url":"https:\/\/www.komedija.hr\/www\/wp-content\/uploads\/2021\/11\/Cvit_samoce_web-1.jpg","type":"image\/jpeg"}],"twitter_card":"summary_large_image","twitter_site":"@KKomedija","twitter_misc":{"Procijenjeno vrijeme \u010ditanja":"4 minute"},"schema":{"@context":"https:\/\/schema.org","@graph":[{"@type":"WebPage","@id":"https:\/\/www.komedija.hr\/www\/arhiva-predstava\/cvit-samoce\/","url":"https:\/\/www.komedija.hr\/www\/arhiva-predstava\/cvit-samoce\/","name":"CVIT SAMO\u0106E - Kazali\u0161te Komedija","isPartOf":{"@id":"http:\/\/www.komedija.hr\/www\/#website"},"primaryImageOfPage":{"@id":"https:\/\/www.komedija.hr\/www\/arhiva-predstava\/cvit-samoce\/#primaryimage"},"image":{"@id":"https:\/\/www.komedija.hr\/www\/arhiva-predstava\/cvit-samoce\/#primaryimage"},"thumbnailUrl":"https:\/\/www.komedija.hr\/www\/wp-content\/uploads\/2021\/11\/Cvit_samoce_web-1.jpg","datePublished":"2021-11-13T16:51:32+00:00","dateModified":"2024-06-07T12:34:14+00:00","breadcrumb":{"@id":"https:\/\/www.komedija.hr\/www\/arhiva-predstava\/cvit-samoce\/#breadcrumb"},"inLanguage":"hr","potentialAction":[{"@type":"ReadAction","target":["https:\/\/www.komedija.hr\/www\/arhiva-predstava\/cvit-samoce\/"]}]},{"@type":"ImageObject","inLanguage":"hr","@id":"https:\/\/www.komedija.hr\/www\/arhiva-predstava\/cvit-samoce\/#primaryimage","url":"https:\/\/www.komedija.hr\/www\/wp-content\/uploads\/2021\/11\/Cvit_samoce_web-1.jpg","contentUrl":"https:\/\/www.komedija.hr\/www\/wp-content\/uploads\/2021\/11\/Cvit_samoce_web-1.jpg","width":698,"height":1000},{"@type":"BreadcrumbList","@id":"https:\/\/www.komedija.hr\/www\/arhiva-predstava\/cvit-samoce\/#breadcrumb","itemListElement":[{"@type":"ListItem","position":1,"name":"Po\u010detna stranica","item":"http:\/\/www.komedija.hr\/www\/"},{"@type":"ListItem","position":2,"name":"Arhiva predstava","item":"https:\/\/www.komedija.hr\/www\/arhiva-predstava\/"},{"@type":"ListItem","position":3,"name":"CVIT SAMO\u0106E"}]},{"@type":"WebSite","@id":"http:\/\/www.komedija.hr\/www\/#website","url":"http:\/\/www.komedija.hr\/www\/","name":"Kazali\u0161te Komedija","description":"","publisher":{"@id":"http:\/\/www.komedija.hr\/www\/#organization"},"potentialAction":[{"@type":"SearchAction","target":{"@type":"EntryPoint","urlTemplate":"http:\/\/www.komedija.hr\/www\/?s={search_term_string}"},"query-input":{"@type":"PropertyValueSpecification","valueRequired":true,"valueName":"search_term_string"}}],"inLanguage":"hr"},{"@type":"Organization","@id":"http:\/\/www.komedija.hr\/www\/#organization","name":"Zagreba\u010dko gradsko Kazali\u0161ta Komedija","url":"http:\/\/www.komedija.hr\/www\/","logo":{"@type":"ImageObject","inLanguage":"hr","@id":"http:\/\/www.komedija.hr\/www\/#\/schema\/logo\/image\/","url":"https:\/\/www.komedija.hr\/www\/wp-content\/uploads\/2020\/02\/cropped-Kazaliste_Komedija_logo_2.png","contentUrl":"https:\/\/www.komedija.hr\/www\/wp-content\/uploads\/2020\/02\/cropped-Kazaliste_Komedija_logo_2.png","width":512,"height":512,"caption":"Zagreba\u010dko gradsko Kazali\u0161ta Komedija"},"image":{"@id":"http:\/\/www.komedija.hr\/www\/#\/schema\/logo\/image\/"},"sameAs":["https:\/\/www.facebook.com\/kazaliste.komedija\/","https:\/\/x.com\/KKomedija","https:\/\/www.instagram.com\/kazaliste_komedija\/","https:\/\/www.youtube.com\/channel\/UC1NcapMYUXJW3miW_oPxT5w\/videos"]}]}},"_links":{"self":[{"href":"https:\/\/www.komedija.hr\/www\/wp-json\/wp\/v2\/pages\/14338","targetHints":{"allow":["GET"]}}],"collection":[{"href":"https:\/\/www.komedija.hr\/www\/wp-json\/wp\/v2\/pages"}],"about":[{"href":"https:\/\/www.komedija.hr\/www\/wp-json\/wp\/v2\/types\/page"}],"author":[{"embeddable":true,"href":"https:\/\/www.komedija.hr\/www\/wp-json\/wp\/v2\/users\/5"}],"replies":[{"embeddable":true,"href":"https:\/\/www.komedija.hr\/www\/wp-json\/wp\/v2\/comments?post=14338"}],"version-history":[{"count":1,"href":"https:\/\/www.komedija.hr\/www\/wp-json\/wp\/v2\/pages\/14338\/revisions"}],"predecessor-version":[{"id":19000,"href":"https:\/\/www.komedija.hr\/www\/wp-json\/wp\/v2\/pages\/14338\/revisions\/19000"}],"up":[{"embeddable":true,"href":"https:\/\/www.komedija.hr\/www\/wp-json\/wp\/v2\/pages\/1659"}],"wp:featuredmedia":[{"embeddable":true,"href":"https:\/\/www.komedija.hr\/www\/wp-json\/wp\/v2\/media\/14314"}],"wp:attachment":[{"href":"https:\/\/www.komedija.hr\/www\/wp-json\/wp\/v2\/media?parent=14338"}],"curies":[{"name":"wp","href":"https:\/\/api.w.org\/{rel}","templated":true}]}}