{"id":14418,"date":"2021-12-06T13:09:03","date_gmt":"2021-12-06T12:09:03","guid":{"rendered":"http:\/\/www.komedija.hr\/www\/?page_id=14418"},"modified":"2024-06-07T14:35:34","modified_gmt":"2024-06-07T12:35:34","slug":"korak-po-korak","status":"publish","type":"page","link":"https:\/\/www.komedija.hr\/www\/arhiva-predstava\/korak-po-korak\/","title":{"rendered":"KORAK PO KORAK"},"content":{"rendered":"<p>Peter Quilter:<strong> KORAK PO KORAK<\/strong><\/p>\n<p class=\"p2\">ili<\/p>\n<p class=\"p2\"><strong>\u017dENE NA RUBU PROVALIJE<\/strong><\/p>\n<p>Koprodukcija Kazali\u0161ta Komedija i Kazali\u0161ta Planet Art<\/p>\n<p class=\"p2\" style=\"margin: 0cm; font-stretch: normal; -webkit-text-size-adjust: auto;\"><span class=\"s2\">Prijevod, adaptacija, re\u017eija i scenografija:&nbsp;<\/span><span class=\"s2\">Marko Torjanac<\/span><\/p>\n<p class=\"p2\" style=\"margin: 0cm; font-stretch: normal; -webkit-text-size-adjust: auto;\"><span class=\"s2\">Kostimografija: \u0110ur\u0111a Jane\u0161<\/span><\/p>\n<p class=\"p2\" style=\"margin: 0cm; font-stretch: normal; -webkit-text-size-adjust: auto;\"><span class=\"s2\">Oblikovanje svjetla i zvuka: Darko Crn\u010devi\u0107<br \/>\nSkladatelj: Milorad Strani\u0107<br \/>\n<\/span><\/p>\n<p class=\"p2\" style=\"margin: 0cm; font-stretch: normal; -webkit-text-size-adjust: auto;\"><span class=\"s2\">Fotografkinja: Ines Novkovi\u0107<\/span><\/p>\n<p class=\"p2\" style=\"margin: 0cm; font-stretch: normal; -webkit-text-size-adjust: auto;\"><span class=\"s2\">Dizajn: Axis dizajn&nbsp;<\/span><\/p>\n<p>&nbsp;<\/p>\n<p><strong>Uloge:<\/strong><br \/>\nMonika: <a href=\"http:\/\/www.komedija.hr\/www\/ansambl-2\/glumci\/vanda-winter\/\">Vanda Winter<\/a><br \/>\nSofija: <a href=\"http:\/\/www.komedija.hr\/www\/ansambl-2\/glumci\/bilusic-jasna\/\">Jasna Bilu\u0161i\u0107<\/a><br \/>\nPaula: <a href=\"http:\/\/www.komedija.hr\/www\/ansambl-2\/glumci\/marija-boric\/\">Marija Jernei\u0107<\/a><\/p>\n<p>Premijerne izvedbe: 19., 20. i 21. prosinca 2021. u Klubu Kazali\u0161ta Komedija<\/p>\n<p>[supsystic-gallery id=51]<\/p>\n<p><strong>RIJE\u010c REDATELJA<\/strong><\/p>\n<p>&#8221;La\u017eima nije mjesto u planinama. Maske obmane razbijaju se svojom kamenom prirodom.&#8221;<\/p>\n<p>Svaki uspon predstavlja izazov. Osvajanje planinskih vrhunaca zbog toga je uvijek metafora \u017eivotnih izazova, izbora, vlastitih snova kao i neizvjesnosti \u017eivota samog. U podno\u017eju planine koju \u017eelimo osvojiti, na samom po\u010detku puta, ba\u0161 kao i u mladosti, zajedno se sa svojim prijateljima, nalazimo na manje vi\u0161e istim startnim pozicijama; sve su nam mogu\u0107nosti jo\u0161 otvorene, svi snovi ostvarivi, a prije svega sve nas krasi isti entuzijazam, optimizam kao i velika o\u010dekivanja. Svi se nadamo da \u0107emo uspon \u0161to uspje\u0161nije savladati, osvojiti vrhunce kojima stremimo i zadovoljni s vrha pogledati prema putu koji smo pre\u0161li&#8230;<\/p>\n<p>No, kad jednom krenemo, bez obzira izaberemo li svoj put sami ili nam je on na bilo koji na\u010din nametnut, uspon nam donosi lak\u0161e ili te\u017ee prepreke. U skladu sa svojim procjenama, uvjerenjima i okolnostima kre\u0107emo se putevima, stazama ili pre\u010dicama pri \u010demu se nerijetko dogodi i da zalutamo, odlutamo ili se \u010dak izgubimo pa se zatim poku\u0161avamo vratiti na izgubljeni put ili prona\u0107i novi za koji vjerujemo da nas vodi u smjeru koji \u0107e nam donijeti ispunjenje.<\/p>\n<p>Uspon nu\u017eno sa sobom donosi i zamor, a kad dobrano odmaknemo od podno\u017eja po\u010dinju se pojavljivati i prva pitanja koja donose sumnje i dvojbe: jesmo li mogli izabrati bolji, druga\u010diji, lak\u0161i, br\u017ei, manje zahtjevan put koji bi nas u\u010dinio sretnijima, zadovoljnijima, mirnijima, manje iscrpljenima kao i \u0161to bi taj druga\u010diji put zahtijevao od nas, je li on uop\u0107e (bio) mogu\u0107, imamo li sad vremena i mogu\u0107nosti krenuti ispo\u010detka, mo\u017eemo li taj drugi put uop\u0107e na\u0107i ili se trebamo pomiriti s donesenim izborom i na odabranom putu ustrajati ili&#8230; \u010dak odustati&#8230; doga\u0111a se i to&#8230;<\/p>\n<p>Kako se pribli\u017eavamo vrhu planine kao i vrhuncu \u017eivota ta su pitanja i preispitivanja sve intenzivnija, a uz njih se pojavljuju i nova: \u0161to kad osvojimo taj vrh i kada vi\u0161e nema uspona, kada nema vi\u0161e &#8216;dalje&#8217;, ve\u0107 samo dolje&#8230;kad slijedi povratak, silazak&#8230;<\/p>\n<p>Tako se Monika, Sofija i Paula, tri prijateljice iz mladosti, susre\u0107u nakon dugo vremena, u trenutku kada su ve\u0107 odabrale svoje puteve i kada su ih iskustva prikupljena vlastitim usponima oblikovala, promijenila i odredila zbog \u010dega su jedne drugima postale neprepoznatljivima u odnosu na doba kada su zajedno kretale u \u017eivot, svaka sa svojim o\u010dekivanjima.<\/p>\n<p>Mo\u017ee li njihovo prijateljstvo biti ja\u010de od puteva koji su ih oblikovali? Je li mogu\u0107e ponovno na\u0107i povjerenje, bliskost i otvorenost koje su ih nekada davno povezale? Strmi putevi planine ogoljuju. Vladimir Vysotsky ka\u017ee &#8221;La\u017eima nije mjesto u planinama. Maske obmane razbijaju se svojom kamenom prirodom.&#8221;.<\/p>\n<p>Ova duboka i ozbiljna pitanja iza kojih po\u010desto vrebaju provalije, Peter Quilter nam donosi kroz obilje humora i zabave u ovoj \u0161armantnoj pri\u010di o tri prijateljice razli\u010ditih \u017eivotnih puteva i sudbina koje se neo\u010dekivanim povodom sastaju u namjeri da savladaju dugo odga\u0111ani uspon na planinu koja \u0107e ih suo\u010diti sa samima sobom i me\u0111usobno. Na tom \u0107e putovanju svatko mo\u0107i prepoznati i svoje \u017eivotne dvojbe te prona\u0107i mo\u017eda i poneki odgovor. Pripremite se! Uspon je velik, a put urnebesan! Pazite da ne ostanete bez daha! Zato \u2013 korak po korak&#8230;<\/p>\n<p>&nbsp;<\/p>\n<p><strong>O AUTORU<\/strong><\/p>\n<p>Britanski pisac Peter Quilter jedan je od najizvo\u0111enijih dramati\u010dara na svijetu. Autor je vi\u0161e desetaka dramskih tekstova, a njegova su djela izvo\u0111ena u trideset i \u0161est zemalja i prevedena na dvadeset i tri jezika.<\/p>\n<p>Karijeru je zapo\u010deo kao televizijski voditelj na BBC-u, a pojavljivao se i kao glumac u nizu TV serija.<\/p>\n<p>Njegov prvi dramski tekst bio je komedija <em>Respecting Your Piers<\/em>, a slijedila ju je glazbena adaptacija filma prema kratkoj pri\u010di Oscara Wildea <em>The Canterville Ghost<\/em>.<\/p>\n<p>Svoj debi na West Endu imao je s mjuziklom <em>BoyBand<\/em> koji je zatim svoje uprizorenje do\u017eivio u destak zemalja.<\/p>\n<p>Njegova komedija <em>Florence,<\/em> koja govori o najgoroj pjeva\u010dici na svijetu, nominirana je kao Najbolja nova komedija za presti\u017enu nagradu<em> Laurence Olivier Award<\/em> te za tri kazali\u0161ne nagrade <em>Tony.<\/em><\/p>\n<p>Njegovo najpoznatije djelo je&nbsp; <em>Over the rainbow<\/em> koje je potom adaptirano za Oscarom nagra\u0111eni film <em>Judy<\/em>&nbsp; iz 2019. godine u kojem pratimo \u017eivotnu pri\u010du legendarne glumice Judy Garland. Ta je predstava&nbsp; osvojila i \u010detiri nominacije za nagradu <em>Laurence Olivier Award<\/em>, me\u0111u kojima i onu za Najbolju novu komediju, a za istu nagradu nominirana je i njegova hit komedija <em>Glorious<\/em>.<\/p>\n<p>Jedna od njegovih najnovijih komedija je <em>Step by step<\/em> &nbsp;(Korak po korak) koja govori o tri prijateljice koje se nenadanim povodom susre\u0107u nakon dugo vremena, a taj susret stavlja na ku\u0161nju njihovo dugogodi\u0161nje prijateljstvo.<\/p>\n<p>&nbsp;<\/p>\n","protected":false},"excerpt":{"rendered":"<p>Peter Quilter: KORAK PO KORAK ili \u017dENE NA RUBU PROVALIJE Koprodukcija Kazali\u0161ta Komedija i Kazali\u0161ta Planet Art Prijevod, adaptacija, re\u017eija i scenografija:&nbsp;Marko Torjanac Kostimografija: \u0110ur\u0111a Jane\u0161 Oblikovanje svjetla i zvuka: Darko Crn\u010devi\u0107 Skladatelj: Milorad Strani\u0107 Fotografkinja: Ines Novkovi\u0107 Dizajn: Axis dizajn&nbsp; &nbsp; Uloge: Monika: Vanda Winter Sofija: Jasna Bilu\u0161i\u0107 Paula: Marija Jernei\u0107 Premijerne izvedbe: 19., [&hellip;]<\/p>\n","protected":false},"author":5,"featured_media":14443,"parent":1659,"menu_order":0,"comment_status":"closed","ping_status":"closed","template":"","meta":{"ngg_post_thumbnail":0,"footnotes":""},"class_list":["post-14418","page","type-page","status-publish","has-post-thumbnail","hentry"],"yoast_head":"<!-- This site is optimized with the Yoast SEO plugin v27.6 - https:\/\/yoast.com\/product\/yoast-seo-wordpress\/ -->\n<title>KORAK PO KORAK - Kazali\u0161te Komedija<\/title>\n<meta name=\"robots\" content=\"index, follow, max-snippet:-1, max-image-preview:large, max-video-preview:-1\" \/>\n<link rel=\"canonical\" href=\"https:\/\/www.komedija.hr\/www\/arhiva-predstava\/korak-po-korak\/\" \/>\n<meta property=\"og:locale\" content=\"hr_HR\" \/>\n<meta property=\"og:type\" content=\"article\" \/>\n<meta property=\"og:title\" content=\"KORAK PO KORAK - Kazali\u0161te Komedija\" \/>\n<meta property=\"og:description\" content=\"Peter Quilter: KORAK PO KORAK ili \u017dENE NA RUBU PROVALIJE Koprodukcija Kazali\u0161ta Komedija i Kazali\u0161ta Planet Art Prijevod, adaptacija, re\u017eija i scenografija:&nbsp;Marko Torjanac Kostimografija: \u0110ur\u0111a Jane\u0161 Oblikovanje svjetla i zvuka: Darko Crn\u010devi\u0107 Skladatelj: Milorad Strani\u0107 Fotografkinja: Ines Novkovi\u0107 Dizajn: Axis dizajn&nbsp; &nbsp; Uloge: Monika: Vanda Winter Sofija: Jasna Bilu\u0161i\u0107 Paula: Marija Jernei\u0107 Premijerne izvedbe: 19., [&hellip;]\" \/>\n<meta property=\"og:url\" content=\"https:\/\/www.komedija.hr\/www\/arhiva-predstava\/korak-po-korak\/\" \/>\n<meta property=\"og:site_name\" content=\"Kazali\u0161te Komedija\" \/>\n<meta property=\"article:publisher\" content=\"https:\/\/www.facebook.com\/kazaliste.komedija\/\" \/>\n<meta property=\"article:modified_time\" content=\"2024-06-07T12:35:34+00:00\" \/>\n<meta property=\"og:image\" content=\"https:\/\/www.komedija.hr\/www\/wp-content\/uploads\/2021\/12\/B2-jpg.jpg\" \/>\n\t<meta property=\"og:image:width\" content=\"1063\" \/>\n\t<meta property=\"og:image:height\" content=\"1490\" \/>\n\t<meta property=\"og:image:type\" content=\"image\/jpeg\" \/>\n<meta name=\"twitter:card\" content=\"summary_large_image\" \/>\n<meta name=\"twitter:site\" content=\"@KKomedija\" \/>\n<meta name=\"twitter:label1\" content=\"Procijenjeno vrijeme \u010ditanja\" \/>\n\t<meta name=\"twitter:data1\" content=\"5 minuta\" \/>\n<script type=\"application\/ld+json\" class=\"yoast-schema-graph\">{\"@context\":\"https:\\\/\\\/schema.org\",\"@graph\":[{\"@type\":\"WebPage\",\"@id\":\"https:\\\/\\\/www.komedija.hr\\\/www\\\/arhiva-predstava\\\/korak-po-korak\\\/\",\"url\":\"https:\\\/\\\/www.komedija.hr\\\/www\\\/arhiva-predstava\\\/korak-po-korak\\\/\",\"name\":\"KORAK PO KORAK - Kazali\u0161te Komedija\",\"isPartOf\":{\"@id\":\"http:\\\/\\\/www.komedija.hr\\\/www\\\/#website\"},\"primaryImageOfPage\":{\"@id\":\"https:\\\/\\\/www.komedija.hr\\\/www\\\/arhiva-predstava\\\/korak-po-korak\\\/#primaryimage\"},\"image\":{\"@id\":\"https:\\\/\\\/www.komedija.hr\\\/www\\\/arhiva-predstava\\\/korak-po-korak\\\/#primaryimage\"},\"thumbnailUrl\":\"https:\\\/\\\/www.komedija.hr\\\/www\\\/wp-content\\\/uploads\\\/2021\\\/12\\\/B2-jpg.jpg\",\"datePublished\":\"2021-12-06T12:09:03+00:00\",\"dateModified\":\"2024-06-07T12:35:34+00:00\",\"breadcrumb\":{\"@id\":\"https:\\\/\\\/www.komedija.hr\\\/www\\\/arhiva-predstava\\\/korak-po-korak\\\/#breadcrumb\"},\"inLanguage\":\"hr\",\"potentialAction\":[{\"@type\":\"ReadAction\",\"target\":[\"https:\\\/\\\/www.komedija.hr\\\/www\\\/arhiva-predstava\\\/korak-po-korak\\\/\"]}]},{\"@type\":\"ImageObject\",\"inLanguage\":\"hr\",\"@id\":\"https:\\\/\\\/www.komedija.hr\\\/www\\\/arhiva-predstava\\\/korak-po-korak\\\/#primaryimage\",\"url\":\"https:\\\/\\\/www.komedija.hr\\\/www\\\/wp-content\\\/uploads\\\/2021\\\/12\\\/B2-jpg.jpg\",\"contentUrl\":\"https:\\\/\\\/www.komedija.hr\\\/www\\\/wp-content\\\/uploads\\\/2021\\\/12\\\/B2-jpg.jpg\",\"width\":1063,\"height\":1490},{\"@type\":\"BreadcrumbList\",\"@id\":\"https:\\\/\\\/www.komedija.hr\\\/www\\\/arhiva-predstava\\\/korak-po-korak\\\/#breadcrumb\",\"itemListElement\":[{\"@type\":\"ListItem\",\"position\":1,\"name\":\"Po\u010detna stranica\",\"item\":\"http:\\\/\\\/www.komedija.hr\\\/www\\\/\"},{\"@type\":\"ListItem\",\"position\":2,\"name\":\"Arhiva predstava\",\"item\":\"https:\\\/\\\/www.komedija.hr\\\/www\\\/arhiva-predstava\\\/\"},{\"@type\":\"ListItem\",\"position\":3,\"name\":\"KORAK PO KORAK\"}]},{\"@type\":\"WebSite\",\"@id\":\"http:\\\/\\\/www.komedija.hr\\\/www\\\/#website\",\"url\":\"http:\\\/\\\/www.komedija.hr\\\/www\\\/\",\"name\":\"Kazali\u0161te Komedija\",\"description\":\"\",\"publisher\":{\"@id\":\"http:\\\/\\\/www.komedija.hr\\\/www\\\/#organization\"},\"potentialAction\":[{\"@type\":\"SearchAction\",\"target\":{\"@type\":\"EntryPoint\",\"urlTemplate\":\"http:\\\/\\\/www.komedija.hr\\\/www\\\/?s={search_term_string}\"},\"query-input\":{\"@type\":\"PropertyValueSpecification\",\"valueRequired\":true,\"valueName\":\"search_term_string\"}}],\"inLanguage\":\"hr\"},{\"@type\":\"Organization\",\"@id\":\"http:\\\/\\\/www.komedija.hr\\\/www\\\/#organization\",\"name\":\"Zagreba\u010dko gradsko Kazali\u0161ta Komedija\",\"url\":\"http:\\\/\\\/www.komedija.hr\\\/www\\\/\",\"logo\":{\"@type\":\"ImageObject\",\"inLanguage\":\"hr\",\"@id\":\"http:\\\/\\\/www.komedija.hr\\\/www\\\/#\\\/schema\\\/logo\\\/image\\\/\",\"url\":\"https:\\\/\\\/www.komedija.hr\\\/www\\\/wp-content\\\/uploads\\\/2020\\\/02\\\/cropped-Kazaliste_Komedija_logo_2.png\",\"contentUrl\":\"https:\\\/\\\/www.komedija.hr\\\/www\\\/wp-content\\\/uploads\\\/2020\\\/02\\\/cropped-Kazaliste_Komedija_logo_2.png\",\"width\":512,\"height\":512,\"caption\":\"Zagreba\u010dko gradsko Kazali\u0161ta Komedija\"},\"image\":{\"@id\":\"http:\\\/\\\/www.komedija.hr\\\/www\\\/#\\\/schema\\\/logo\\\/image\\\/\"},\"sameAs\":[\"https:\\\/\\\/www.facebook.com\\\/kazaliste.komedija\\\/\",\"https:\\\/\\\/x.com\\\/KKomedija\",\"https:\\\/\\\/www.instagram.com\\\/kazaliste_komedija\\\/\",\"https:\\\/\\\/www.youtube.com\\\/channel\\\/UC1NcapMYUXJW3miW_oPxT5w\\\/videos\"]}]}<\/script>\n<!-- \/ Yoast SEO plugin. -->","yoast_head_json":{"title":"KORAK PO KORAK - Kazali\u0161te Komedija","robots":{"index":"index","follow":"follow","max-snippet":"max-snippet:-1","max-image-preview":"max-image-preview:large","max-video-preview":"max-video-preview:-1"},"canonical":"https:\/\/www.komedija.hr\/www\/arhiva-predstava\/korak-po-korak\/","og_locale":"hr_HR","og_type":"article","og_title":"KORAK PO KORAK - Kazali\u0161te Komedija","og_description":"Peter Quilter: KORAK PO KORAK ili \u017dENE NA RUBU PROVALIJE Koprodukcija Kazali\u0161ta Komedija i Kazali\u0161ta Planet Art Prijevod, adaptacija, re\u017eija i scenografija:&nbsp;Marko Torjanac Kostimografija: \u0110ur\u0111a Jane\u0161 Oblikovanje svjetla i zvuka: Darko Crn\u010devi\u0107 Skladatelj: Milorad Strani\u0107 Fotografkinja: Ines Novkovi\u0107 Dizajn: Axis dizajn&nbsp; &nbsp; Uloge: Monika: Vanda Winter Sofija: Jasna Bilu\u0161i\u0107 Paula: Marija Jernei\u0107 Premijerne izvedbe: 19., [&hellip;]","og_url":"https:\/\/www.komedija.hr\/www\/arhiva-predstava\/korak-po-korak\/","og_site_name":"Kazali\u0161te Komedija","article_publisher":"https:\/\/www.facebook.com\/kazaliste.komedija\/","article_modified_time":"2024-06-07T12:35:34+00:00","og_image":[{"width":1063,"height":1490,"url":"https:\/\/www.komedija.hr\/www\/wp-content\/uploads\/2021\/12\/B2-jpg.jpg","type":"image\/jpeg"}],"twitter_card":"summary_large_image","twitter_site":"@KKomedija","twitter_misc":{"Procijenjeno vrijeme \u010ditanja":"5 minuta"},"schema":{"@context":"https:\/\/schema.org","@graph":[{"@type":"WebPage","@id":"https:\/\/www.komedija.hr\/www\/arhiva-predstava\/korak-po-korak\/","url":"https:\/\/www.komedija.hr\/www\/arhiva-predstava\/korak-po-korak\/","name":"KORAK PO KORAK - Kazali\u0161te Komedija","isPartOf":{"@id":"http:\/\/www.komedija.hr\/www\/#website"},"primaryImageOfPage":{"@id":"https:\/\/www.komedija.hr\/www\/arhiva-predstava\/korak-po-korak\/#primaryimage"},"image":{"@id":"https:\/\/www.komedija.hr\/www\/arhiva-predstava\/korak-po-korak\/#primaryimage"},"thumbnailUrl":"https:\/\/www.komedija.hr\/www\/wp-content\/uploads\/2021\/12\/B2-jpg.jpg","datePublished":"2021-12-06T12:09:03+00:00","dateModified":"2024-06-07T12:35:34+00:00","breadcrumb":{"@id":"https:\/\/www.komedija.hr\/www\/arhiva-predstava\/korak-po-korak\/#breadcrumb"},"inLanguage":"hr","potentialAction":[{"@type":"ReadAction","target":["https:\/\/www.komedija.hr\/www\/arhiva-predstava\/korak-po-korak\/"]}]},{"@type":"ImageObject","inLanguage":"hr","@id":"https:\/\/www.komedija.hr\/www\/arhiva-predstava\/korak-po-korak\/#primaryimage","url":"https:\/\/www.komedija.hr\/www\/wp-content\/uploads\/2021\/12\/B2-jpg.jpg","contentUrl":"https:\/\/www.komedija.hr\/www\/wp-content\/uploads\/2021\/12\/B2-jpg.jpg","width":1063,"height":1490},{"@type":"BreadcrumbList","@id":"https:\/\/www.komedija.hr\/www\/arhiva-predstava\/korak-po-korak\/#breadcrumb","itemListElement":[{"@type":"ListItem","position":1,"name":"Po\u010detna stranica","item":"http:\/\/www.komedija.hr\/www\/"},{"@type":"ListItem","position":2,"name":"Arhiva predstava","item":"https:\/\/www.komedija.hr\/www\/arhiva-predstava\/"},{"@type":"ListItem","position":3,"name":"KORAK PO KORAK"}]},{"@type":"WebSite","@id":"http:\/\/www.komedija.hr\/www\/#website","url":"http:\/\/www.komedija.hr\/www\/","name":"Kazali\u0161te Komedija","description":"","publisher":{"@id":"http:\/\/www.komedija.hr\/www\/#organization"},"potentialAction":[{"@type":"SearchAction","target":{"@type":"EntryPoint","urlTemplate":"http:\/\/www.komedija.hr\/www\/?s={search_term_string}"},"query-input":{"@type":"PropertyValueSpecification","valueRequired":true,"valueName":"search_term_string"}}],"inLanguage":"hr"},{"@type":"Organization","@id":"http:\/\/www.komedija.hr\/www\/#organization","name":"Zagreba\u010dko gradsko Kazali\u0161ta Komedija","url":"http:\/\/www.komedija.hr\/www\/","logo":{"@type":"ImageObject","inLanguage":"hr","@id":"http:\/\/www.komedija.hr\/www\/#\/schema\/logo\/image\/","url":"https:\/\/www.komedija.hr\/www\/wp-content\/uploads\/2020\/02\/cropped-Kazaliste_Komedija_logo_2.png","contentUrl":"https:\/\/www.komedija.hr\/www\/wp-content\/uploads\/2020\/02\/cropped-Kazaliste_Komedija_logo_2.png","width":512,"height":512,"caption":"Zagreba\u010dko gradsko Kazali\u0161ta Komedija"},"image":{"@id":"http:\/\/www.komedija.hr\/www\/#\/schema\/logo\/image\/"},"sameAs":["https:\/\/www.facebook.com\/kazaliste.komedija\/","https:\/\/x.com\/KKomedija","https:\/\/www.instagram.com\/kazaliste_komedija\/","https:\/\/www.youtube.com\/channel\/UC1NcapMYUXJW3miW_oPxT5w\/videos"]}]}},"_links":{"self":[{"href":"https:\/\/www.komedija.hr\/www\/wp-json\/wp\/v2\/pages\/14418","targetHints":{"allow":["GET"]}}],"collection":[{"href":"https:\/\/www.komedija.hr\/www\/wp-json\/wp\/v2\/pages"}],"about":[{"href":"https:\/\/www.komedija.hr\/www\/wp-json\/wp\/v2\/types\/page"}],"author":[{"embeddable":true,"href":"https:\/\/www.komedija.hr\/www\/wp-json\/wp\/v2\/users\/5"}],"replies":[{"embeddable":true,"href":"https:\/\/www.komedija.hr\/www\/wp-json\/wp\/v2\/comments?post=14418"}],"version-history":[{"count":1,"href":"https:\/\/www.komedija.hr\/www\/wp-json\/wp\/v2\/pages\/14418\/revisions"}],"predecessor-version":[{"id":19001,"href":"https:\/\/www.komedija.hr\/www\/wp-json\/wp\/v2\/pages\/14418\/revisions\/19001"}],"up":[{"embeddable":true,"href":"https:\/\/www.komedija.hr\/www\/wp-json\/wp\/v2\/pages\/1659"}],"wp:featuredmedia":[{"embeddable":true,"href":"https:\/\/www.komedija.hr\/www\/wp-json\/wp\/v2\/media\/14443"}],"wp:attachment":[{"href":"https:\/\/www.komedija.hr\/www\/wp-json\/wp\/v2\/media?parent=14418"}],"curies":[{"name":"wp","href":"https:\/\/api.w.org\/{rel}","templated":true}]}}