{"id":17921,"date":"2023-12-12T21:57:01","date_gmt":"2023-12-12T20:57:01","guid":{"rendered":"https:\/\/www.komedija.hr\/www\/?page_id=17921"},"modified":"2024-10-27T19:16:30","modified_gmt":"2024-10-27T18:16:30","slug":"krava-na-granici","status":"publish","type":"page","link":"https:\/\/www.komedija.hr\/www\/repertoar\/krava-na-granici\/","title":{"rendered":"KRAVA NA GRANICI"},"content":{"rendered":"<p>Autor: <strong>Vid Balog<\/strong><br \/>\nDramatur\u0161ki obradio: <strong>Damir Lon\u010dar<\/strong><\/p>\n<p>Redatelj: <strong>Damir Lon\u010dar<\/strong><br \/>\nScenograf: <strong>Miljenko Sekuli\u0107<\/strong><br \/>\nKostimografkinja: <strong>Petra Pavi\u010di\u0107<\/strong><br \/>\nSkladatelj: <strong>Tomislav Babi\u0107<\/strong><br \/>\nKorepetitor: <strong>Tomislav Parma\u0107<\/strong><br \/>\nOblikovatelj svjetla: <strong>An\u0111elko Kos<\/strong><br \/>\nSavjetnik za ma\u0111arski jezik: <strong>Pi\u0161ta Filakovi\u0107<\/strong><\/p>\n<p>&nbsp;<\/p>\n<p><strong>OSOBE:<\/strong><\/p>\n<p>Ivo Lon\u010dar, dona\u010delnik sela: <a href=\"https:\/\/www.komedija.hr\/www\/ansambl-2\/glumci\/loncar-damir\/\"><strong>Damir Lon\u010dar<\/strong><\/a><\/p>\n<p>\u017dofa Balog: <a href=\"https:\/\/www.komedija.hr\/www\/ansambl-2\/glumci\/palic-picukaric-jasna\/\"><strong>Jasna Pali\u0107 Picukari\u0107<\/strong><\/a><\/p>\n<p>Ildika Lon\u010dar: <a href=\"https:\/\/www.komedija.hr\/www\/ansambl-2\/glumci\/sanja-marin-ozbolt\/\"><strong>Sanja Marin<\/strong><\/a><\/p>\n<p>Nad\u0161umar \u0160tef: <a href=\"https:\/\/www.komedija.hr\/www\/ansambl-2\/glumci\/davor-svedruzic\/\"><strong>Davor Svedru\u017ei\u0107<\/strong><\/a><\/p>\n<p>Pepa Kefa: <a href=\"https:\/\/www.komedija.hr\/www\/ansambl-2\/glumci\/ciric-vanja\/\"><strong>Vanja \u0106iri\u0107<\/strong><\/a><\/p>\n<p>Goldi: <strong>Igor Jurini\u0107 \/ <a href=\"https:\/\/www.komedija.hr\/www\/ansambl-2\/glumci\/jan-kovacic\/\">Jan Kova\u010di\u0107<\/a><\/strong> (od 24. 10. 2024.)<strong><br \/>\n<\/strong><\/p>\n<p>Ilona, pipni\u010darka: <a href=\"https:\/\/www.komedija.hr\/www\/ansambl-2\/glumci\/vanda-winter\/\"><strong>Vanda Winter<\/strong><\/a><\/p>\n<p>Vladek, vatrogasac: <a href=\"https:\/\/www.komedija.hr\/www\/ansambl-2\/glumci\/mesin-igor\/\"><strong>Igor Me\u0161in<\/strong><\/a><\/p>\n<p>Jo\u017ea, veterinar: <a href=\"https:\/\/www.komedija.hr\/www\/ansambl-2\/glumci\/goran-malus\/\"><strong>Goran Malus<\/strong><\/a><\/p>\n<p>Stanko, ribi\u010d: <a href=\"https:\/\/www.komedija.hr\/www\/ansambl-2\/glumci\/buneta-sasa\/\"><strong>Sa\u0161a Buneta<\/strong><\/a><\/p>\n<p>Go\u0161k, Juraj: <a href=\"https:\/\/www.komedija.hr\/www\/ansambl-2\/glumci\/ivan-glowatzky\/\"><strong>Ivan Glowatzky<\/strong><\/a><\/p>\n<p>Luka, lovac: <a href=\"https:\/\/www.komedija.hr\/www\/ansambl-2\/glumci\/ognjen-milovanovic\/\"><strong>Ognjen Milovanovi\u0107<\/strong><\/a><\/p>\n<p>I\u0161tvan, na\u010delnik Gyekenyesa: <a href=\"https:\/\/www.komedija.hr\/www\/ansambl-2\/glumci\/duvnjak-zeljko\/\"><strong>\u017deljko Duvnjak<\/strong><\/a><\/p>\n<p>&nbsp;<\/p>\n<p>Inspicijentica: <strong>Dijana Daj\u010di\u0107<\/strong><\/p>\n<p>\u0160apta\u010dica: <strong>Stela \u017dingerlin<\/strong><\/p>\n<p>Premijera: 24. velja\u010de 2024.<\/p>\n<p>Trajanje: oko 2 h i 15 min; predstava ima jednu stanku<\/p>\n<p>&nbsp;<\/p>\n<p>ngg_shortcode_0_placeholderU svojoj novoj komediji Vid Balog nastavlja s veselim i smije\u0161nim doga\u0111ajima iz Podravine, opisuju\u0107i ih kroz \u017eivopisne karaktere i humorne situacije kakve je publika voljela i poznavala i u njegovoj prethodnoj uspje\u0161nici <strong><a href=\"https:\/\/www.komedija.hr\/www\/arhiva-predstava\/cigle-svete-elizabete\/\">Cigle svete Elizabete<\/a><\/strong>.<\/p>\n<p>Lokalni fakin Goldi iz Zagreba, to\u010dnije iz \u0160panskog, na\u0111e se igrom slu\u010daja na meti opasnih mafija\u0161a \u010diju torbu s novcem odjednom ima u posjedu. Da bi se spasio, bje\u017ei u selo Gotalovo, tamo ga primaju seljani koji, na\u017ealost, imaju i svojih briga. Poku\u0161avaju uloviti odbjeglu ma\u0111arsku kravu, \u0161ampionku svih natjecanja, koja je po nekoj nesre\u0107i odlutala preko granice na njihov teritorij. Kako se predsjednik Ma\u0111arske&nbsp; slikao upravo s tom kravom, njeno hvatanje je od dr\u017eavne va\u017enosti, usprkos svim pote\u0161ko\u0107ama. Lokalni i dr\u017eavni politi\u010dari su u panici za svoje fotelje, a lov na kravu na granici postaje \u017eivotno pitanje.<\/p>\n<p>Naravno, tu su i ljubavne intrige: paralelno pratimo ljubavnu pri\u010du Pepe Kefe i Nad\u0161umara kao i Goldija i pipni\u010darke Ilone. Sve zavr\u0161ava sretno, uz obilje novca iz mafija\u0161ke torbe.<\/p>\n<p>Vid Balog, iako glumac, izvrstan je pisac i komediograf koji neobi\u010dno talentirano pi\u0161e mentalitetne komedije. On izvrsno portretira likove, njegovi su karakteri \u017eivi, dinami\u010dni, bolno prepoznatljivi. Izvrstan je satiri\u010dar, pa sjajno izvla\u010di duhovite bravure kojima hrabro ironizira politi\u010dke malverzacije i sitne igre lokalnih mo\u0107nika.<\/p>\n<p>U opreci ruralnog i urbanog autor duhovito isti\u010de prednosti i slabosti obaju sredina, a mikro svijet sela Gotalovo predstavlja ogledalo dru\u0161tva u cjelini.<\/p>\n<p>Krava na granici je tekst koji je kazali\u0161te Komedija naru\u010dilo od ovog autora, posebice jer je njegova pro\u0161la komedija \u00abCigle svete Elizabete\u00bb bila izuzetno omiljena kod publike i jedna od najuspje\u0161nijih dramskih predstava posljednjih godina.<\/p>\n<p>Vid Balog kao \u010dlan Komedijinog ansambla dobro poznaje glumce za koje pi\u0161e, pa je tako odre\u0111ene karaktere ve\u0107 u samoj ideji prilagodio glumcima koji \u0107e ih igrati.<\/p>\n<p>Dramaturg i redatelj ovog projekta je Damir Lon\u010dar (tako\u0111er i glumi jednu od glavnih uloga) koji dugi niz godina sura\u0111uje s Balogom, a njihova se suradnja na relaciji redatelj \u2013 pisac pokazala izuzetno uspje\u0161nom.<\/p>\n<p>Komedijini glumci s veseljem razigravaju nove dogodov\u0161tine iz Gotalova na radost kazali\u0161ta i publike.<\/p>\n<p>&nbsp;<\/p>\n","protected":false},"excerpt":{"rendered":"<p>Autor: Vid Balog Dramatur\u0161ki obradio: Damir Lon\u010dar Redatelj: Damir Lon\u010dar Scenograf: Miljenko Sekuli\u0107 Kostimografkinja: Petra Pavi\u010di\u0107 Skladatelj: Tomislav Babi\u0107 Korepetitor: Tomislav Parma\u0107 Oblikovatelj svjetla: An\u0111elko Kos Savjetnik za ma\u0111arski jezik: Pi\u0161ta Filakovi\u0107 &nbsp; OSOBE: Ivo Lon\u010dar, dona\u010delnik sela: Damir Lon\u010dar \u017dofa Balog: Jasna Pali\u0107 Picukari\u0107 Ildika Lon\u010dar: Sanja Marin Nad\u0161umar \u0160tef: Davor Svedru\u017ei\u0107 Pepa Kefa: [&hellip;]<\/p>\n","protected":false},"author":5,"featured_media":18493,"parent":10,"menu_order":0,"comment_status":"closed","ping_status":"closed","template":"","meta":{"ngg_post_thumbnail":0,"footnotes":""},"class_list":["post-17921","page","type-page","status-publish","has-post-thumbnail","hentry"],"yoast_head":"<!-- This site is optimized with the Yoast SEO plugin v27.4 - https:\/\/yoast.com\/product\/yoast-seo-wordpress\/ -->\n<title>KRAVA NA GRANICI - Kazali\u0161te Komedija<\/title>\n<meta name=\"robots\" content=\"index, follow, max-snippet:-1, max-image-preview:large, max-video-preview:-1\" \/>\n<link rel=\"canonical\" href=\"https:\/\/www.komedija.hr\/www\/repertoar\/krava-na-granici\/\" \/>\n<meta property=\"og:locale\" content=\"hr_HR\" \/>\n<meta property=\"og:type\" content=\"article\" \/>\n<meta property=\"og:title\" content=\"KRAVA NA GRANICI - Kazali\u0161te Komedija\" \/>\n<meta property=\"og:description\" content=\"Autor: Vid Balog Dramatur\u0161ki obradio: Damir Lon\u010dar Redatelj: Damir Lon\u010dar Scenograf: Miljenko Sekuli\u0107 Kostimografkinja: Petra Pavi\u010di\u0107 Skladatelj: Tomislav Babi\u0107 Korepetitor: Tomislav Parma\u0107 Oblikovatelj svjetla: An\u0111elko Kos Savjetnik za ma\u0111arski jezik: Pi\u0161ta Filakovi\u0107 &nbsp; OSOBE: Ivo Lon\u010dar, dona\u010delnik sela: Damir Lon\u010dar \u017dofa Balog: Jasna Pali\u0107 Picukari\u0107 Ildika Lon\u010dar: Sanja Marin Nad\u0161umar \u0160tef: Davor Svedru\u017ei\u0107 Pepa Kefa: [&hellip;]\" \/>\n<meta property=\"og:url\" content=\"https:\/\/www.komedija.hr\/www\/repertoar\/krava-na-granici\/\" \/>\n<meta property=\"og:site_name\" content=\"Kazali\u0161te Komedija\" \/>\n<meta property=\"article:publisher\" content=\"https:\/\/www.facebook.com\/kazaliste.komedija\/\" \/>\n<meta property=\"article:modified_time\" content=\"2024-10-27T18:16:30+00:00\" \/>\n<meta property=\"og:image\" content=\"https:\/\/www.komedija.hr\/www\/wp-content\/uploads\/2024\/02\/krava-na-granici_clanak_predstava_700x490-1.png\" \/>\n\t<meta property=\"og:image:width\" content=\"700\" \/>\n\t<meta property=\"og:image:height\" content=\"490\" \/>\n\t<meta property=\"og:image:type\" content=\"image\/png\" \/>\n<meta name=\"twitter:card\" content=\"summary_large_image\" \/>\n<meta name=\"twitter:site\" content=\"@KKomedija\" \/>\n<meta name=\"twitter:label1\" content=\"Procijenjeno vrijeme \u010ditanja\" \/>\n\t<meta name=\"twitter:data1\" content=\"3 minute\" \/>\n<script type=\"application\/ld+json\" class=\"yoast-schema-graph\">{\"@context\":\"https:\\\/\\\/schema.org\",\"@graph\":[{\"@type\":\"WebPage\",\"@id\":\"https:\\\/\\\/www.komedija.hr\\\/www\\\/repertoar\\\/krava-na-granici\\\/\",\"url\":\"https:\\\/\\\/www.komedija.hr\\\/www\\\/repertoar\\\/krava-na-granici\\\/\",\"name\":\"KRAVA NA GRANICI - Kazali\u0161te Komedija\",\"isPartOf\":{\"@id\":\"http:\\\/\\\/www.komedija.hr\\\/www\\\/#website\"},\"primaryImageOfPage\":{\"@id\":\"https:\\\/\\\/www.komedija.hr\\\/www\\\/repertoar\\\/krava-na-granici\\\/#primaryimage\"},\"image\":{\"@id\":\"https:\\\/\\\/www.komedija.hr\\\/www\\\/repertoar\\\/krava-na-granici\\\/#primaryimage\"},\"thumbnailUrl\":\"https:\\\/\\\/www.komedija.hr\\\/www\\\/wp-content\\\/uploads\\\/2024\\\/02\\\/krava-na-granici_clanak_predstava_700x490-1.png\",\"datePublished\":\"2023-12-12T20:57:01+00:00\",\"dateModified\":\"2024-10-27T18:16:30+00:00\",\"breadcrumb\":{\"@id\":\"https:\\\/\\\/www.komedija.hr\\\/www\\\/repertoar\\\/krava-na-granici\\\/#breadcrumb\"},\"inLanguage\":\"hr\",\"potentialAction\":[{\"@type\":\"ReadAction\",\"target\":[\"https:\\\/\\\/www.komedija.hr\\\/www\\\/repertoar\\\/krava-na-granici\\\/\"]}]},{\"@type\":\"ImageObject\",\"inLanguage\":\"hr\",\"@id\":\"https:\\\/\\\/www.komedija.hr\\\/www\\\/repertoar\\\/krava-na-granici\\\/#primaryimage\",\"url\":\"https:\\\/\\\/www.komedija.hr\\\/www\\\/wp-content\\\/uploads\\\/2024\\\/02\\\/krava-na-granici_clanak_predstava_700x490-1.png\",\"contentUrl\":\"https:\\\/\\\/www.komedija.hr\\\/www\\\/wp-content\\\/uploads\\\/2024\\\/02\\\/krava-na-granici_clanak_predstava_700x490-1.png\",\"width\":700,\"height\":490},{\"@type\":\"BreadcrumbList\",\"@id\":\"https:\\\/\\\/www.komedija.hr\\\/www\\\/repertoar\\\/krava-na-granici\\\/#breadcrumb\",\"itemListElement\":[{\"@type\":\"ListItem\",\"position\":1,\"name\":\"Po\u010detna stranica\",\"item\":\"http:\\\/\\\/www.komedija.hr\\\/www\\\/\"},{\"@type\":\"ListItem\",\"position\":2,\"name\":\"Repertoar\",\"item\":\"https:\\\/\\\/www.komedija.hr\\\/www\\\/repertoar\\\/\"},{\"@type\":\"ListItem\",\"position\":3,\"name\":\"KRAVA NA GRANICI\"}]},{\"@type\":\"WebSite\",\"@id\":\"http:\\\/\\\/www.komedija.hr\\\/www\\\/#website\",\"url\":\"http:\\\/\\\/www.komedija.hr\\\/www\\\/\",\"name\":\"Kazali\u0161te Komedija\",\"description\":\"\",\"publisher\":{\"@id\":\"http:\\\/\\\/www.komedija.hr\\\/www\\\/#organization\"},\"potentialAction\":[{\"@type\":\"SearchAction\",\"target\":{\"@type\":\"EntryPoint\",\"urlTemplate\":\"http:\\\/\\\/www.komedija.hr\\\/www\\\/?s={search_term_string}\"},\"query-input\":{\"@type\":\"PropertyValueSpecification\",\"valueRequired\":true,\"valueName\":\"search_term_string\"}}],\"inLanguage\":\"hr\"},{\"@type\":\"Organization\",\"@id\":\"http:\\\/\\\/www.komedija.hr\\\/www\\\/#organization\",\"name\":\"Zagreba\u010dko gradsko Kazali\u0161ta Komedija\",\"url\":\"http:\\\/\\\/www.komedija.hr\\\/www\\\/\",\"logo\":{\"@type\":\"ImageObject\",\"inLanguage\":\"hr\",\"@id\":\"http:\\\/\\\/www.komedija.hr\\\/www\\\/#\\\/schema\\\/logo\\\/image\\\/\",\"url\":\"https:\\\/\\\/www.komedija.hr\\\/www\\\/wp-content\\\/uploads\\\/2020\\\/02\\\/cropped-Kazaliste_Komedija_logo_2.png\",\"contentUrl\":\"https:\\\/\\\/www.komedija.hr\\\/www\\\/wp-content\\\/uploads\\\/2020\\\/02\\\/cropped-Kazaliste_Komedija_logo_2.png\",\"width\":512,\"height\":512,\"caption\":\"Zagreba\u010dko gradsko Kazali\u0161ta Komedija\"},\"image\":{\"@id\":\"http:\\\/\\\/www.komedija.hr\\\/www\\\/#\\\/schema\\\/logo\\\/image\\\/\"},\"sameAs\":[\"https:\\\/\\\/www.facebook.com\\\/kazaliste.komedija\\\/\",\"https:\\\/\\\/x.com\\\/KKomedija\",\"https:\\\/\\\/www.instagram.com\\\/kazaliste_komedija\\\/\",\"https:\\\/\\\/www.youtube.com\\\/channel\\\/UC1NcapMYUXJW3miW_oPxT5w\\\/videos\"]}]}<\/script>\n<!-- \/ Yoast SEO plugin. -->","yoast_head_json":{"title":"KRAVA NA GRANICI - Kazali\u0161te Komedija","robots":{"index":"index","follow":"follow","max-snippet":"max-snippet:-1","max-image-preview":"max-image-preview:large","max-video-preview":"max-video-preview:-1"},"canonical":"https:\/\/www.komedija.hr\/www\/repertoar\/krava-na-granici\/","og_locale":"hr_HR","og_type":"article","og_title":"KRAVA NA GRANICI - Kazali\u0161te Komedija","og_description":"Autor: Vid Balog Dramatur\u0161ki obradio: Damir Lon\u010dar Redatelj: Damir Lon\u010dar Scenograf: Miljenko Sekuli\u0107 Kostimografkinja: Petra Pavi\u010di\u0107 Skladatelj: Tomislav Babi\u0107 Korepetitor: Tomislav Parma\u0107 Oblikovatelj svjetla: An\u0111elko Kos Savjetnik za ma\u0111arski jezik: Pi\u0161ta Filakovi\u0107 &nbsp; OSOBE: Ivo Lon\u010dar, dona\u010delnik sela: Damir Lon\u010dar \u017dofa Balog: Jasna Pali\u0107 Picukari\u0107 Ildika Lon\u010dar: Sanja Marin Nad\u0161umar \u0160tef: Davor Svedru\u017ei\u0107 Pepa Kefa: [&hellip;]","og_url":"https:\/\/www.komedija.hr\/www\/repertoar\/krava-na-granici\/","og_site_name":"Kazali\u0161te Komedija","article_publisher":"https:\/\/www.facebook.com\/kazaliste.komedija\/","article_modified_time":"2024-10-27T18:16:30+00:00","og_image":[{"width":700,"height":490,"url":"https:\/\/www.komedija.hr\/www\/wp-content\/uploads\/2024\/02\/krava-na-granici_clanak_predstava_700x490-1.png","type":"image\/png"}],"twitter_card":"summary_large_image","twitter_site":"@KKomedija","twitter_misc":{"Procijenjeno vrijeme \u010ditanja":"3 minute"},"schema":{"@context":"https:\/\/schema.org","@graph":[{"@type":"WebPage","@id":"https:\/\/www.komedija.hr\/www\/repertoar\/krava-na-granici\/","url":"https:\/\/www.komedija.hr\/www\/repertoar\/krava-na-granici\/","name":"KRAVA NA GRANICI - Kazali\u0161te Komedija","isPartOf":{"@id":"http:\/\/www.komedija.hr\/www\/#website"},"primaryImageOfPage":{"@id":"https:\/\/www.komedija.hr\/www\/repertoar\/krava-na-granici\/#primaryimage"},"image":{"@id":"https:\/\/www.komedija.hr\/www\/repertoar\/krava-na-granici\/#primaryimage"},"thumbnailUrl":"https:\/\/www.komedija.hr\/www\/wp-content\/uploads\/2024\/02\/krava-na-granici_clanak_predstava_700x490-1.png","datePublished":"2023-12-12T20:57:01+00:00","dateModified":"2024-10-27T18:16:30+00:00","breadcrumb":{"@id":"https:\/\/www.komedija.hr\/www\/repertoar\/krava-na-granici\/#breadcrumb"},"inLanguage":"hr","potentialAction":[{"@type":"ReadAction","target":["https:\/\/www.komedija.hr\/www\/repertoar\/krava-na-granici\/"]}]},{"@type":"ImageObject","inLanguage":"hr","@id":"https:\/\/www.komedija.hr\/www\/repertoar\/krava-na-granici\/#primaryimage","url":"https:\/\/www.komedija.hr\/www\/wp-content\/uploads\/2024\/02\/krava-na-granici_clanak_predstava_700x490-1.png","contentUrl":"https:\/\/www.komedija.hr\/www\/wp-content\/uploads\/2024\/02\/krava-na-granici_clanak_predstava_700x490-1.png","width":700,"height":490},{"@type":"BreadcrumbList","@id":"https:\/\/www.komedija.hr\/www\/repertoar\/krava-na-granici\/#breadcrumb","itemListElement":[{"@type":"ListItem","position":1,"name":"Po\u010detna stranica","item":"http:\/\/www.komedija.hr\/www\/"},{"@type":"ListItem","position":2,"name":"Repertoar","item":"https:\/\/www.komedija.hr\/www\/repertoar\/"},{"@type":"ListItem","position":3,"name":"KRAVA NA GRANICI"}]},{"@type":"WebSite","@id":"http:\/\/www.komedija.hr\/www\/#website","url":"http:\/\/www.komedija.hr\/www\/","name":"Kazali\u0161te Komedija","description":"","publisher":{"@id":"http:\/\/www.komedija.hr\/www\/#organization"},"potentialAction":[{"@type":"SearchAction","target":{"@type":"EntryPoint","urlTemplate":"http:\/\/www.komedija.hr\/www\/?s={search_term_string}"},"query-input":{"@type":"PropertyValueSpecification","valueRequired":true,"valueName":"search_term_string"}}],"inLanguage":"hr"},{"@type":"Organization","@id":"http:\/\/www.komedija.hr\/www\/#organization","name":"Zagreba\u010dko gradsko Kazali\u0161ta Komedija","url":"http:\/\/www.komedija.hr\/www\/","logo":{"@type":"ImageObject","inLanguage":"hr","@id":"http:\/\/www.komedija.hr\/www\/#\/schema\/logo\/image\/","url":"https:\/\/www.komedija.hr\/www\/wp-content\/uploads\/2020\/02\/cropped-Kazaliste_Komedija_logo_2.png","contentUrl":"https:\/\/www.komedija.hr\/www\/wp-content\/uploads\/2020\/02\/cropped-Kazaliste_Komedija_logo_2.png","width":512,"height":512,"caption":"Zagreba\u010dko gradsko Kazali\u0161ta Komedija"},"image":{"@id":"http:\/\/www.komedija.hr\/www\/#\/schema\/logo\/image\/"},"sameAs":["https:\/\/www.facebook.com\/kazaliste.komedija\/","https:\/\/x.com\/KKomedija","https:\/\/www.instagram.com\/kazaliste_komedija\/","https:\/\/www.youtube.com\/channel\/UC1NcapMYUXJW3miW_oPxT5w\/videos"]}]}},"_links":{"self":[{"href":"https:\/\/www.komedija.hr\/www\/wp-json\/wp\/v2\/pages\/17921","targetHints":{"allow":["GET"]}}],"collection":[{"href":"https:\/\/www.komedija.hr\/www\/wp-json\/wp\/v2\/pages"}],"about":[{"href":"https:\/\/www.komedija.hr\/www\/wp-json\/wp\/v2\/types\/page"}],"author":[{"embeddable":true,"href":"https:\/\/www.komedija.hr\/www\/wp-json\/wp\/v2\/users\/5"}],"replies":[{"embeddable":true,"href":"https:\/\/www.komedija.hr\/www\/wp-json\/wp\/v2\/comments?post=17921"}],"version-history":[{"count":34,"href":"https:\/\/www.komedija.hr\/www\/wp-json\/wp\/v2\/pages\/17921\/revisions"}],"predecessor-version":[{"id":19519,"href":"https:\/\/www.komedija.hr\/www\/wp-json\/wp\/v2\/pages\/17921\/revisions\/19519"}],"up":[{"embeddable":true,"href":"https:\/\/www.komedija.hr\/www\/wp-json\/wp\/v2\/pages\/10"}],"wp:featuredmedia":[{"embeddable":true,"href":"https:\/\/www.komedija.hr\/www\/wp-json\/wp\/v2\/media\/18493"}],"wp:attachment":[{"href":"https:\/\/www.komedija.hr\/www\/wp-json\/wp\/v2\/media?parent=17921"}],"curies":[{"name":"wp","href":"https:\/\/api.w.org\/{rel}","templated":true}]}}