{"id":19590,"date":"2024-11-08T13:51:27","date_gmt":"2024-11-08T12:51:27","guid":{"rendered":"https:\/\/www.komedija.hr\/www\/?page_id=19590"},"modified":"2024-12-16T15:20:30","modified_gmt":"2024-12-16T14:20:30","slug":"jadnici","status":"publish","type":"page","link":"https:\/\/www.komedija.hr\/www\/jadnici\/","title":{"rendered":"JADNICI"},"content":{"rendered":"<p>Zagreba\u010dko gradsko Kazali\u0161te Komedija prema dogovoru s CAMERONOM MACKINTOSHEM predstavlja novu produkciju BOUBLILA I SCH\u00d6NBERGA &#8211; LES MIS\u00c9RABLES \/ JADNICI,<br \/>\nmjuzikl prema romanu VIKTORA HUGOA<\/p>\n<p>Glazba CLAUDE-MICHEL SCH\u00d6NBERG<br \/>\nStihovi HERBERT KRETZMER<br \/>\nOriginalan libretto na francuskom ALAIN BOUBLIL i JEAN-MARC NATEL<\/p>\n<p>Dodatni materijali JAMES FENTON<br \/>\nAdaptacija \/ Prilagodba TREVOR NUNN I JOHN CAIRD<\/p>\n<p>Orkestracije STEPHEN METCALFE<br \/>\nCHRISTOPHER JAHNKE i STEPHEN BROOKER<br \/>\nOriginalne orkestracije JOHN CAMERON<\/p>\n<p>Prevoditelj <a href=\"https:\/\/www.komedija.hr\/www\/ansambl-2\/glumci\/drazen-bratulic\/\">DRA\u017dEN BRATULI\u0106<\/a><\/p>\n<p>Dirigent <a href=\"https:\/\/www.komedija.hr\/www\/ansambl-2\/dirigenti\/appelt-dinko\/\">DINKO APPELT<\/a><br \/>\nRedatelj <a href=\"#cmp-19814\">STANISLAV MO\u0160A<\/a><\/p>\n<p>Koreografkinja TIHANA STRME\u010cKI<strong><br \/>\n<\/strong>Scenograf PETR HLOUSEK&nbsp;<br \/>\nKostimografkinja ANDREA KU\u010cEROVA<br \/>\nMaska IRENA RU\u017dI\u0106<br \/>\nOblikovatelj svjetla DAVID KACHLIR<br \/>\nOblikovatelj zvuka IGOR PAUK<\/p>\n<p>Pomo\u0107nica redatelja NINA KLEFLIN<br \/>\nKorepetitor: TOMISLAV PARMA\u0106<br \/>\nZborovo\u0111a: DAVOR KELI\u0106<br \/>\nPlesna voditeljica TINA VRTAR STIPI\u0106<br \/>\nPomo\u0107nici kostimografkinje: EVA KARAKA\u0160 BEDRINA i JOSIP \u0110EREK<\/p>\n<p>Prema licenci koju podr\u017eava Music Theatre International Europe Ltd i CAMERON MACKINTOSH LTD<\/p>\n<p>ULOGE:<\/p>\n<p>Jean Valjean: <a href=\"https:\/\/www.komedija.hr\/www\/ansambl-2\/pjevaci\/ervin-baucic\/\">Ervin Bau\u010di\u0107<\/a> \/ <a href=\"https:\/\/www.komedija.hr\/www\/ansambl-2\/glumci\/drazen-bratulic\/\">Dra\u017een Bratuli\u0107<\/a><br \/>\nJavert: Igor Drvenkar \/ <a href=\"https:\/\/www.komedija.hr\/www\/ansambl-2\/pjevaci\/stipanicev-dani\/\">\u0110ani Stipani\u010dev<\/a><br \/>\nFantine: <a href=\"https:\/\/www.komedija.hr\/www\/ansambl-2\/glumci\/sabljak-renata\/\">Renata Sabljak<\/a> \/ <a href=\"https:\/\/www.komedija.hr\/www\/ansambl-2\/glumci\/vanda-winter\/\">Vanda Winter<\/a><br \/>\nMarius: <a href=\"https:\/\/www.komedija.hr\/www\/ansambl-2\/pjevaci\/filip-hozjak\/\">Filip Hozjak<\/a> \/ Neven Stip\u010di\u0107<br \/>\nCosette: Gita Haydar \/ Katarina Margareti\u0107 \/ Gabriela Mijatovi\u0107&nbsp;<br \/>\nTh\u00e9nardier: <a href=\"https:\/\/www.komedija.hr\/www\/ansambl-2\/glumci\/jan-kovacic\/\">Jan Kova\u010di\u0107<\/a> \/ <a href=\"https:\/\/www.komedija.hr\/www\/ansambl-2\/glumci\/ronald-zlabur\/\">Ronald \u017dlabur<\/a><br \/>\nMme. Th\u00e9nardier: Nika Ivan\u010di\u0107 \/ Zrinka Ku\u0161evi\u0107<br \/>\nEnjolras: Devin Juraj \/ <a href=\"https:\/\/www.komedija.hr\/www\/ansambl-2\/glumci\/fabijan-pavao-medvesek\/\">Fabijan Pavao Medve\u0161ek<\/a><br \/>\nEponine: Dora Trogrli\u0107 \/ Sara Voji\u010di\u0107 \/ Nikolina Vuji\u0107<br \/>\nDijete Cosette: Lejla Hajdarevi\u0107 \/ Leonora Herceg \/ Emili Rogina<br \/>\nGavroche: Josip Makar \/ David Novosel \/ Lovro \u017du\u017eul<br \/>\nDijete Eponine: Rita Pali\u0107 \/ Una \u0160ili\u0107 Dragoljevi\u0107<\/p>\n<p>Ansambl:<\/p>\n<p>Aleta Arbanas Renduli\u0107, Iva Bor\u0161i\u0107, Jadranka Gospodneti\u0107, Rajka Grabar, Mia Gregori\u0107, Kristina Habu\u0161, Vlatka Kladari\u0107, Katarina Margareti\u0107, Dora Masle, Irena Raduka, Tara Thaller, Katarina Toma\u0161<\/p>\n<p>Dino Antoni\u0107, Boris Barberi\u0107, Miran Belai\u0107, Dario Do\u0161li\u0107, Rajnard Hra\u0161\u010danec, Luka Mati\u0107, Dragan Peka, Sven Pocrni\u0107, Jura Ru\u017ea, Zoran Simiki\u0107, Dorian Stip\u010di\u0107, Neven Stip\u010di\u0107, Stefano Surian, Matija \u0160kvorc, Karlo Topolovec, Roman Vran\u010di\u0107<\/p>\n<p>Orkestar:<\/p>\n<p>Violine: Melita \u0160afran (koncert majstor); Dean Melki (zamjenik koncert majstora), Petar Haluza<br \/>\nGorjana Jurilj \u0160ipu\u0161, Vanja \u017dingerlin, Ljiljana \u0160o\u0161tari\u0107 Reber\u0161ak, Ivan Zovko, Mirta Balog, Vlasta Vanje\u010dek<br \/>\nViole: Terezija Grilec Ne\u017emahen, Daniela Zmazek Jankovi\u0107<br \/>\nCella: Vinko Grube\u0161i\u0107, Matej Milo\u0161ev<br \/>\nKontrabas: Sa\u0161a Bo\u017ei\u0107 \u0160poljar<br \/>\nOboa i engleski rog: Ivana Divi\u0107<br \/>\nFlauta: Ivana Vukojevi\u0107<br \/>\nAlt flauta i piccolo: Katarina Horvat Dobri\u0107<br \/>\nEs klarinet: Luko Stanovi\u0107<br \/>\nKlarinet: Tomislav Babi\u0107<br \/>\nKlavijature: Berislav Arlavi, Mateo \u017dmak. Berislav Antica<br \/>\nTruba: Ramon Reber\u0161ak \/ Igor Mrnjav\u010di\u0107<br \/>\nTrombon: Marin Cvitanovi\u0107<br \/>\nHorne: Miro Marku\u0161, Bruno Gro\u0161i\u0107<br \/>\nUdaraljke: Borna \u0160ercar \/ Ivan Luk\u0161i\u0107 \/ Hrvoje Rup\u010di\u0107<\/p>\n<p>Organizator orkestra: Tomislav Babi\u0107<\/p>\n<p>Programiranje klavijatura: Dinko Appelt<\/p>\n<p>Inspicijentica: Iva Oluji\u0107<\/p>\n<p>Producent: Bojan Valenti\u0107<\/p>\n<p>Sve\u010dana premijera: 30. studenoga 2024.<br \/>\nTrajanje: cca 2 sata i 45 minuta; predstava ima jednu stanku<\/p>\n<p>&nbsp;<\/p>\n<p>Mjuzikl Jadnici (Les Miserables) inspiriran romanom Victora Hugoa iz 1862., jedno je od najpoznatijih kazali\u0161nih djela u povijesti, adaptirano za brojne pozornice diljem svijeta. Pri\u010da mjuzikla prati likove u Francuskoj tijekom ranog 19. stolje\u0107a, prikazuju\u0107i dru\u0161tvene nepravde, politi\u010dke borbe i tra\u017eenje otkupljena kroz moralni rast pojedinca.<\/p>\n<p>Mjuzikl, zadr\u017eavaju\u0107i sredi\u0161nje teme romana, dodatno nagla\u0161ava osobne i emotivne borbe glavnih likova, daju\u0107i publici sna\u017ean umjetni\u010dki naboj.<\/p>\n<p>Glavni lik, Jean Valjean, biv\u0161i robija\u0161 koji je u trajnoj potrazi za vlastitim moralnim identitetom , sukobljava se s moralno rigidnim policajcem Javertom, \u0161to simbolizira sukob izme\u0111u krutih zakona i osobne promjene. Mjuzikl tako\u0111er istra\u017euje temu revolucije kroz likove mladih studenata koji se bore za pravdu u pobuni koja kulminira u neuspje\u0161noj lipanjskoj revoluciji 1832. godine.<\/p>\n<p>Adaptacija mjuzikla &nbsp;preuzima likove iz romana, ali ih dodatno produbljuje kroz glazbene brojeve koji slu\u017ee kao unutarnji monolozi. Glazba kao dramatur\u0161ki alat<\/p>\n<p>&nbsp;u Jadnicima koristi raznolike glazbene teme i motive kako bi istaknula emocionalnu kompleksnost pri\u010de i karakterizaciju likova. Kroz glazbu publika prati razvoj likova i njihove emotivne prijelaze. Kompozitor Claude-Michel Sch\u00f6nberg osmislio je niz mo\u0107nih glazbenih brojeva koje publiku uvode u unutarnje svjetove likova, dok libreto Alaina Boublila povezuje ove scene u koherentnu narativnu cjelinu.<\/p>\n<p>Mjuzikl &nbsp;Jadnici kao i Hugov roman, nije samo pri\u010da o osobnim tragedijama, ve\u0107 i o dru\u0161tvenim promjenama. Mjuzikl oslikava patnju obi\u010dnih ljudi, nagla\u0161avaju\u0107i njihove snove i razo\u010daranja, \u0161to reflektira Hugovu kritiku klasne nepravde i institucionalne opresije. Scene pobune i smrt mladih revolucionara podsje\u0107aju publiku na cijenu dru\u0161tvenih promjena i te\u017einu \u017ertve. Istodobno, prikaz Jean Valjeana kao biv\u0161eg osu\u0111enika koji unato\u010d svemu postaje moralno sna\u017ean lik, pokazuje da se ljudski duh mo\u017ee obnoviti, \u010dime mjuzikl prenosi poruku vjere i nade.<\/p>\n<p>Ovaj mjuzikl nadma\u0161uje obi\u010dnu adaptaciju romana jer uspijeva Hugoovu epsku pri\u010du prenijeti kroz univerzalni jezik glazbe, omogu\u0107uju\u0107i publici da duboko pro\u017eivi emocije likova i dramu njihovih \u017eivota. Kroz svoje sredi\u0161nje likove i bogatu glazbenu podlogu, mjuzikl ostavlja sna\u017ean dojam o borbi za slobodu, pravdu i otkupljenje. Jadnici tako ostaju suvremeni i nakon vi\u0161e od tri desetlje\u0107a izvo\u0111enja, dokazuju\u0107i da tematska snaga i kvaliteta pri\u010de nadilaze vrijeme u kojem je djelo nastalo i stavljaju ga u univerzalni prostor ljudskosti. <em>(<\/em><em>Nina Kleflin)<\/em><\/p>\n<p>&nbsp;<\/p>\n","protected":false},"excerpt":{"rendered":"<p>Zagreba\u010dko gradsko Kazali\u0161te Komedija prema dogovoru s CAMERONOM MACKINTOSHEM predstavlja novu produkciju BOUBLILA I SCH\u00d6NBERGA &#8211; LES MIS\u00c9RABLES \/ JADNICI, mjuzikl prema romanu VIKTORA HUGOA Glazba CLAUDE-MICHEL SCH\u00d6NBERG Stihovi HERBERT KRETZMER Originalan libretto na francuskom ALAIN BOUBLIL i JEAN-MARC NATEL Dodatni materijali JAMES FENTON Adaptacija \/ Prilagodba TREVOR NUNN I JOHN CAIRD Orkestracije STEPHEN METCALFE [&hellip;]<\/p>\n","protected":false},"author":5,"featured_media":19666,"parent":0,"menu_order":0,"comment_status":"closed","ping_status":"closed","template":"","meta":{"ngg_post_thumbnail":0,"footnotes":""},"class_list":["post-19590","page","type-page","status-publish","has-post-thumbnail","hentry"],"yoast_head":"<!-- This site is optimized with the Yoast SEO plugin v27.4 - https:\/\/yoast.com\/product\/yoast-seo-wordpress\/ -->\n<title>JADNICI - Kazali\u0161te Komedija<\/title>\n<meta name=\"robots\" content=\"index, follow, max-snippet:-1, max-image-preview:large, max-video-preview:-1\" \/>\n<link rel=\"canonical\" href=\"https:\/\/www.komedija.hr\/www\/jadnici\/\" \/>\n<meta property=\"og:locale\" content=\"hr_HR\" \/>\n<meta property=\"og:type\" content=\"article\" \/>\n<meta property=\"og:title\" content=\"JADNICI - Kazali\u0161te Komedija\" \/>\n<meta property=\"og:description\" content=\"Zagreba\u010dko gradsko Kazali\u0161te Komedija prema dogovoru s CAMERONOM MACKINTOSHEM predstavlja novu produkciju BOUBLILA I SCH\u00d6NBERGA &#8211; LES MIS\u00c9RABLES \/ JADNICI, mjuzikl prema romanu VIKTORA HUGOA Glazba CLAUDE-MICHEL SCH\u00d6NBERG Stihovi HERBERT KRETZMER Originalan libretto na francuskom ALAIN BOUBLIL i JEAN-MARC NATEL Dodatni materijali JAMES FENTON Adaptacija \/ Prilagodba TREVOR NUNN I JOHN CAIRD Orkestracije STEPHEN METCALFE [&hellip;]\" \/>\n<meta property=\"og:url\" content=\"https:\/\/www.komedija.hr\/www\/jadnici\/\" \/>\n<meta property=\"og:site_name\" content=\"Kazali\u0161te Komedija\" \/>\n<meta property=\"article:publisher\" content=\"https:\/\/www.facebook.com\/kazaliste.komedija\/\" \/>\n<meta property=\"article:modified_time\" content=\"2024-12-16T14:20:30+00:00\" \/>\n<meta property=\"og:image\" content=\"https:\/\/www.komedija.hr\/www\/wp-content\/uploads\/2024\/11\/JADNICI_WEB_350x245-1.jpg\" \/>\n\t<meta property=\"og:image:width\" content=\"700\" \/>\n\t<meta property=\"og:image:height\" content=\"490\" \/>\n\t<meta property=\"og:image:type\" content=\"image\/jpeg\" \/>\n<meta name=\"twitter:card\" content=\"summary_large_image\" \/>\n<meta name=\"twitter:site\" content=\"@KKomedija\" \/>\n<meta name=\"twitter:label1\" content=\"Procijenjeno vrijeme \u010ditanja\" \/>\n\t<meta name=\"twitter:data1\" content=\"5 minuta\" \/>\n<script type=\"application\/ld+json\" class=\"yoast-schema-graph\">{\"@context\":\"https:\\\/\\\/schema.org\",\"@graph\":[{\"@type\":\"WebPage\",\"@id\":\"https:\\\/\\\/www.komedija.hr\\\/www\\\/jadnici\\\/\",\"url\":\"https:\\\/\\\/www.komedija.hr\\\/www\\\/jadnici\\\/\",\"name\":\"JADNICI - Kazali\u0161te Komedija\",\"isPartOf\":{\"@id\":\"http:\\\/\\\/www.komedija.hr\\\/www\\\/#website\"},\"primaryImageOfPage\":{\"@id\":\"https:\\\/\\\/www.komedija.hr\\\/www\\\/jadnici\\\/#primaryimage\"},\"image\":{\"@id\":\"https:\\\/\\\/www.komedija.hr\\\/www\\\/jadnici\\\/#primaryimage\"},\"thumbnailUrl\":\"https:\\\/\\\/www.komedija.hr\\\/www\\\/wp-content\\\/uploads\\\/2024\\\/11\\\/JADNICI_WEB_350x245-1.jpg\",\"datePublished\":\"2024-11-08T12:51:27+00:00\",\"dateModified\":\"2024-12-16T14:20:30+00:00\",\"breadcrumb\":{\"@id\":\"https:\\\/\\\/www.komedija.hr\\\/www\\\/jadnici\\\/#breadcrumb\"},\"inLanguage\":\"hr\",\"potentialAction\":[{\"@type\":\"ReadAction\",\"target\":[\"https:\\\/\\\/www.komedija.hr\\\/www\\\/jadnici\\\/\"]}]},{\"@type\":\"ImageObject\",\"inLanguage\":\"hr\",\"@id\":\"https:\\\/\\\/www.komedija.hr\\\/www\\\/jadnici\\\/#primaryimage\",\"url\":\"https:\\\/\\\/www.komedija.hr\\\/www\\\/wp-content\\\/uploads\\\/2024\\\/11\\\/JADNICI_WEB_350x245-1.jpg\",\"contentUrl\":\"https:\\\/\\\/www.komedija.hr\\\/www\\\/wp-content\\\/uploads\\\/2024\\\/11\\\/JADNICI_WEB_350x245-1.jpg\",\"width\":700,\"height\":490},{\"@type\":\"BreadcrumbList\",\"@id\":\"https:\\\/\\\/www.komedija.hr\\\/www\\\/jadnici\\\/#breadcrumb\",\"itemListElement\":[{\"@type\":\"ListItem\",\"position\":1,\"name\":\"Po\u010detna stranica\",\"item\":\"http:\\\/\\\/www.komedija.hr\\\/www\\\/\"},{\"@type\":\"ListItem\",\"position\":2,\"name\":\"JADNICI\"}]},{\"@type\":\"WebSite\",\"@id\":\"http:\\\/\\\/www.komedija.hr\\\/www\\\/#website\",\"url\":\"http:\\\/\\\/www.komedija.hr\\\/www\\\/\",\"name\":\"Kazali\u0161te Komedija\",\"description\":\"\",\"publisher\":{\"@id\":\"http:\\\/\\\/www.komedija.hr\\\/www\\\/#organization\"},\"potentialAction\":[{\"@type\":\"SearchAction\",\"target\":{\"@type\":\"EntryPoint\",\"urlTemplate\":\"http:\\\/\\\/www.komedija.hr\\\/www\\\/?s={search_term_string}\"},\"query-input\":{\"@type\":\"PropertyValueSpecification\",\"valueRequired\":true,\"valueName\":\"search_term_string\"}}],\"inLanguage\":\"hr\"},{\"@type\":\"Organization\",\"@id\":\"http:\\\/\\\/www.komedija.hr\\\/www\\\/#organization\",\"name\":\"Zagreba\u010dko gradsko Kazali\u0161ta Komedija\",\"url\":\"http:\\\/\\\/www.komedija.hr\\\/www\\\/\",\"logo\":{\"@type\":\"ImageObject\",\"inLanguage\":\"hr\",\"@id\":\"http:\\\/\\\/www.komedija.hr\\\/www\\\/#\\\/schema\\\/logo\\\/image\\\/\",\"url\":\"https:\\\/\\\/www.komedija.hr\\\/www\\\/wp-content\\\/uploads\\\/2020\\\/02\\\/cropped-Kazaliste_Komedija_logo_2.png\",\"contentUrl\":\"https:\\\/\\\/www.komedija.hr\\\/www\\\/wp-content\\\/uploads\\\/2020\\\/02\\\/cropped-Kazaliste_Komedija_logo_2.png\",\"width\":512,\"height\":512,\"caption\":\"Zagreba\u010dko gradsko Kazali\u0161ta Komedija\"},\"image\":{\"@id\":\"http:\\\/\\\/www.komedija.hr\\\/www\\\/#\\\/schema\\\/logo\\\/image\\\/\"},\"sameAs\":[\"https:\\\/\\\/www.facebook.com\\\/kazaliste.komedija\\\/\",\"https:\\\/\\\/x.com\\\/KKomedija\",\"https:\\\/\\\/www.instagram.com\\\/kazaliste_komedija\\\/\",\"https:\\\/\\\/www.youtube.com\\\/channel\\\/UC1NcapMYUXJW3miW_oPxT5w\\\/videos\"]}]}<\/script>\n<!-- \/ Yoast SEO plugin. -->","yoast_head_json":{"title":"JADNICI - Kazali\u0161te Komedija","robots":{"index":"index","follow":"follow","max-snippet":"max-snippet:-1","max-image-preview":"max-image-preview:large","max-video-preview":"max-video-preview:-1"},"canonical":"https:\/\/www.komedija.hr\/www\/jadnici\/","og_locale":"hr_HR","og_type":"article","og_title":"JADNICI - Kazali\u0161te Komedija","og_description":"Zagreba\u010dko gradsko Kazali\u0161te Komedija prema dogovoru s CAMERONOM MACKINTOSHEM predstavlja novu produkciju BOUBLILA I SCH\u00d6NBERGA &#8211; LES MIS\u00c9RABLES \/ JADNICI, mjuzikl prema romanu VIKTORA HUGOA Glazba CLAUDE-MICHEL SCH\u00d6NBERG Stihovi HERBERT KRETZMER Originalan libretto na francuskom ALAIN BOUBLIL i JEAN-MARC NATEL Dodatni materijali JAMES FENTON Adaptacija \/ Prilagodba TREVOR NUNN I JOHN CAIRD Orkestracije STEPHEN METCALFE [&hellip;]","og_url":"https:\/\/www.komedija.hr\/www\/jadnici\/","og_site_name":"Kazali\u0161te Komedija","article_publisher":"https:\/\/www.facebook.com\/kazaliste.komedija\/","article_modified_time":"2024-12-16T14:20:30+00:00","og_image":[{"width":700,"height":490,"url":"https:\/\/www.komedija.hr\/www\/wp-content\/uploads\/2024\/11\/JADNICI_WEB_350x245-1.jpg","type":"image\/jpeg"}],"twitter_card":"summary_large_image","twitter_site":"@KKomedija","twitter_misc":{"Procijenjeno vrijeme \u010ditanja":"5 minuta"},"schema":{"@context":"https:\/\/schema.org","@graph":[{"@type":"WebPage","@id":"https:\/\/www.komedija.hr\/www\/jadnici\/","url":"https:\/\/www.komedija.hr\/www\/jadnici\/","name":"JADNICI - Kazali\u0161te Komedija","isPartOf":{"@id":"http:\/\/www.komedija.hr\/www\/#website"},"primaryImageOfPage":{"@id":"https:\/\/www.komedija.hr\/www\/jadnici\/#primaryimage"},"image":{"@id":"https:\/\/www.komedija.hr\/www\/jadnici\/#primaryimage"},"thumbnailUrl":"https:\/\/www.komedija.hr\/www\/wp-content\/uploads\/2024\/11\/JADNICI_WEB_350x245-1.jpg","datePublished":"2024-11-08T12:51:27+00:00","dateModified":"2024-12-16T14:20:30+00:00","breadcrumb":{"@id":"https:\/\/www.komedija.hr\/www\/jadnici\/#breadcrumb"},"inLanguage":"hr","potentialAction":[{"@type":"ReadAction","target":["https:\/\/www.komedija.hr\/www\/jadnici\/"]}]},{"@type":"ImageObject","inLanguage":"hr","@id":"https:\/\/www.komedija.hr\/www\/jadnici\/#primaryimage","url":"https:\/\/www.komedija.hr\/www\/wp-content\/uploads\/2024\/11\/JADNICI_WEB_350x245-1.jpg","contentUrl":"https:\/\/www.komedija.hr\/www\/wp-content\/uploads\/2024\/11\/JADNICI_WEB_350x245-1.jpg","width":700,"height":490},{"@type":"BreadcrumbList","@id":"https:\/\/www.komedija.hr\/www\/jadnici\/#breadcrumb","itemListElement":[{"@type":"ListItem","position":1,"name":"Po\u010detna stranica","item":"http:\/\/www.komedija.hr\/www\/"},{"@type":"ListItem","position":2,"name":"JADNICI"}]},{"@type":"WebSite","@id":"http:\/\/www.komedija.hr\/www\/#website","url":"http:\/\/www.komedija.hr\/www\/","name":"Kazali\u0161te Komedija","description":"","publisher":{"@id":"http:\/\/www.komedija.hr\/www\/#organization"},"potentialAction":[{"@type":"SearchAction","target":{"@type":"EntryPoint","urlTemplate":"http:\/\/www.komedija.hr\/www\/?s={search_term_string}"},"query-input":{"@type":"PropertyValueSpecification","valueRequired":true,"valueName":"search_term_string"}}],"inLanguage":"hr"},{"@type":"Organization","@id":"http:\/\/www.komedija.hr\/www\/#organization","name":"Zagreba\u010dko gradsko Kazali\u0161ta Komedija","url":"http:\/\/www.komedija.hr\/www\/","logo":{"@type":"ImageObject","inLanguage":"hr","@id":"http:\/\/www.komedija.hr\/www\/#\/schema\/logo\/image\/","url":"https:\/\/www.komedija.hr\/www\/wp-content\/uploads\/2020\/02\/cropped-Kazaliste_Komedija_logo_2.png","contentUrl":"https:\/\/www.komedija.hr\/www\/wp-content\/uploads\/2020\/02\/cropped-Kazaliste_Komedija_logo_2.png","width":512,"height":512,"caption":"Zagreba\u010dko gradsko Kazali\u0161ta Komedija"},"image":{"@id":"http:\/\/www.komedija.hr\/www\/#\/schema\/logo\/image\/"},"sameAs":["https:\/\/www.facebook.com\/kazaliste.komedija\/","https:\/\/x.com\/KKomedija","https:\/\/www.instagram.com\/kazaliste_komedija\/","https:\/\/www.youtube.com\/channel\/UC1NcapMYUXJW3miW_oPxT5w\/videos"]}]}},"_links":{"self":[{"href":"https:\/\/www.komedija.hr\/www\/wp-json\/wp\/v2\/pages\/19590","targetHints":{"allow":["GET"]}}],"collection":[{"href":"https:\/\/www.komedija.hr\/www\/wp-json\/wp\/v2\/pages"}],"about":[{"href":"https:\/\/www.komedija.hr\/www\/wp-json\/wp\/v2\/types\/page"}],"author":[{"embeddable":true,"href":"https:\/\/www.komedija.hr\/www\/wp-json\/wp\/v2\/users\/5"}],"replies":[{"embeddable":true,"href":"https:\/\/www.komedija.hr\/www\/wp-json\/wp\/v2\/comments?post=19590"}],"version-history":[{"count":17,"href":"https:\/\/www.komedija.hr\/www\/wp-json\/wp\/v2\/pages\/19590\/revisions"}],"predecessor-version":[{"id":19815,"href":"https:\/\/www.komedija.hr\/www\/wp-json\/wp\/v2\/pages\/19590\/revisions\/19815"}],"wp:featuredmedia":[{"embeddable":true,"href":"https:\/\/www.komedija.hr\/www\/wp-json\/wp\/v2\/media\/19666"}],"wp:attachment":[{"href":"https:\/\/www.komedija.hr\/www\/wp-json\/wp\/v2\/media?parent=19590"}],"curies":[{"name":"wp","href":"https:\/\/api.w.org\/{rel}","templated":true}]}}