{"id":1988,"date":"2012-03-21T07:06:45","date_gmt":"2012-03-21T07:06:45","guid":{"rendered":"http:\/\/www.komedija.hr\/web\/?page_id=1988"},"modified":"2021-04-16T13:42:08","modified_gmt":"2021-04-16T11:42:08","slug":"blazenka-blazinic","status":"publish","type":"page","link":"https:\/\/www.komedija.hr\/www\/umirovljeni-i-bivsi-clanovi-ansambla\/blazenka-blazinic\/","title":{"rendered":"Bla\u017eenka Bla\u017eini\u0107"},"content":{"rendered":"<table border=\"0\" width=\"100%\">\n<tbody>\n<tr>\n<td><a href=\"http:\/\/www.komedija.hr\/www\/wp-content\/uploads\/2012\/03\/blazenka_blazinic2.jpg\" target=\"_blank\" rel=\"noopener\"><img decoding=\"async\" class=\"alignnone wp-image-7292 size-medium\" src=\"http:\/\/www.komedija.hr\/www\/wp-content\/uploads\/2012\/03\/blazenka_blazinic2-200x300.jpg\" alt=\"blazenka_blazinic2\" width=\"200\" height=\"300\" srcset=\"https:\/\/www.komedija.hr\/www\/wp-content\/uploads\/2012\/03\/blazenka_blazinic2-200x300.jpg 200w, https:\/\/www.komedija.hr\/www\/wp-content\/uploads\/2012\/03\/blazenka_blazinic2.jpg 533w\" sizes=\"(max-width: 200px) 100vw, 200px\" \/><\/a><\/td>\n<td>Operna pjeva\u010dica<\/td>\n<\/tr>\n<tr>\n<td valign=\"top\" width=\"18%\" height=\"25\"><strong>DATUM I MJESTO RO\u0110ENJA <\/strong><\/td>\n<td valign=\"top\" width=\"82%\" height=\"25\">\n<div align=\"left\">\u00a022.3.1956.,\u00a0Zagreb<\/div>\n<\/td>\n<\/tr>\n<tr>\n<td valign=\"top\" width=\"18%\"><strong>ansambl<\/strong><\/td>\n<td valign=\"top\" width=\"82%\">Kazali\u0161te &#8220;Komedija&#8221;, p.p. 428, Zagreb<br \/>\ntel.: +385 (0)1 48 13 200; fax: +385 (0)1 48 12 179<br \/>\nGSM: +385 (0)91 25 48 692<br \/>\ne-mail: <a href=\"mailto:komedija@komedija.hr\">komedija@komedija.hr<\/a><\/td>\n<\/tr>\n<tr>\n<td colspan=\"2\" valign=\"top\"><\/td>\n<\/tr>\n<tr>\n<td valign=\"top\" width=\"18%\" height=\"20\"><strong>OBRAZOVANJE<\/strong><\/td>\n<td valign=\"top\" width=\"82%\" height=\"20\">Glazbom se po\u010dela baviti jo\u0161 kao dijete pjevaju\u0107i u Dje\u010djem zboru tada\u0161nje Radio-televizije Zagreb, pod ravnanjem Dinka Fija. Studij solo pjevanja zavr\u0161ava 1985. u klasi Nade Puttar-Gold na Muzi\u010dkoj akademiji u Zagrebu.<\/td>\n<\/tr>\n<tr>\n<td valign=\"top\" width=\"18%\"><strong>GLAS, KLASA <\/strong><\/td>\n<td valign=\"top\" width=\"82%\"><\/td>\n<\/tr>\n<tr>\n<td valign=\"top\" width=\"18%\"><strong>SEMINARI, TE\u010cAJEVI&#8230; <\/strong><\/td>\n<td valign=\"top\" width=\"82%\"><\/td>\n<\/tr>\n<tr>\n<td colspan=\"2\" valign=\"top\"><\/td>\n<\/tr>\n<tr>\n<td valign=\"top\" width=\"18%\"><strong>KAZALI\u0160TE<\/strong><\/td>\n<td valign=\"top\" width=\"82%\">Predstave: Ho-ruk, Weekend u Gruntovcu, Jadnici, \u0110erdan (1984., 1992.), <em>Lulin, Zemlja smije\u0161ka, \u0110erdan, Car Franjo Josip u Zagrebu, Orfej u podzemlju, Gusla\u010d na krovu, Barun Trenk, Kneginja \u010darda\u0161a, Lady \u0160ram, Kralj je gol, \u0160i\u0161mi\u0161, Mala Floramye, Kneginja \u010darda\u0161a (2016.)<\/em><\/td>\n<\/tr>\n<tr>\n<td valign=\"top\" width=\"18%\"><strong>KONCERTI<\/strong><\/td>\n<td valign=\"top\" width=\"82%\"><\/td>\n<\/tr>\n<tr>\n<td colspan=\"2\" valign=\"top\" height=\"33\"><\/td>\n<\/tr>\n<tr>\n<td valign=\"top\" width=\"18%\" height=\"33\"><strong>STATUSI U &#8220;KOMEDIJI&#8221;<\/strong><\/td>\n<td valign=\"top\" width=\"82%\" height=\"33\">Od 1976. \u010dlanica je ansambla Zagreba\u010dkoga gradskog kazali\u0161ta Komedija.<\/td>\n<\/tr>\n<\/tbody>\n<\/table>\n","protected":false},"excerpt":{"rendered":"<p>Operna pjeva\u010dica DATUM I MJESTO RO\u0110ENJA \u00a022.3.1956.,\u00a0Zagreb ansambl Kazali\u0161te &#8220;Komedija&#8221;, p.p. 428, Zagreb tel.: +385 (0)1 48 13 200; fax: +385 (0)1 48 12 179 GSM: +385 (0)91 25 48 692 e-mail: komedija@komedija.hr OBRAZOVANJE Glazbom se po\u010dela baviti jo\u0161 kao dijete pjevaju\u0107i u Dje\u010djem zboru tada\u0161nje Radio-televizije Zagreb, pod ravnanjem Dinka Fija. Studij solo pjevanja [&hellip;]<\/p>\n","protected":false},"author":4,"featured_media":0,"parent":8592,"menu_order":0,"comment_status":"closed","ping_status":"closed","template":"","meta":{"ngg_post_thumbnail":0,"footnotes":""},"class_list":["post-1988","page","type-page","status-publish","hentry"],"yoast_head":"<!-- This site is optimized with the Yoast SEO plugin v27.5 - https:\/\/yoast.com\/product\/yoast-seo-wordpress\/ -->\n<title>Bla\u017eenka Bla\u017eini\u0107 - Kazali\u0161te Komedija<\/title>\n<meta name=\"robots\" content=\"index, follow, max-snippet:-1, max-image-preview:large, max-video-preview:-1\" \/>\n<link rel=\"canonical\" href=\"https:\/\/www.komedija.hr\/www\/umirovljeni-i-bivsi-clanovi-ansambla\/blazenka-blazinic\/\" \/>\n<meta property=\"og:locale\" content=\"hr_HR\" \/>\n<meta property=\"og:type\" content=\"article\" \/>\n<meta property=\"og:title\" content=\"Bla\u017eenka Bla\u017eini\u0107 - Kazali\u0161te Komedija\" \/>\n<meta property=\"og:description\" content=\"Operna pjeva\u010dica DATUM I MJESTO RO\u0110ENJA \u00a022.3.1956.,\u00a0Zagreb ansambl Kazali\u0161te &#8220;Komedija&#8221;, p.p. 428, Zagreb tel.: +385 (0)1 48 13 200; fax: +385 (0)1 48 12 179 GSM: +385 (0)91 25 48 692 e-mail: komedija@komedija.hr OBRAZOVANJE Glazbom se po\u010dela baviti jo\u0161 kao dijete pjevaju\u0107i u Dje\u010djem zboru tada\u0161nje Radio-televizije Zagreb, pod ravnanjem Dinka Fija. Studij solo pjevanja [&hellip;]\" \/>\n<meta property=\"og:url\" content=\"https:\/\/www.komedija.hr\/www\/umirovljeni-i-bivsi-clanovi-ansambla\/blazenka-blazinic\/\" \/>\n<meta property=\"og:site_name\" content=\"Kazali\u0161te Komedija\" \/>\n<meta property=\"article:publisher\" content=\"https:\/\/www.facebook.com\/kazaliste.komedija\/\" \/>\n<meta property=\"article:modified_time\" content=\"2021-04-16T11:42:08+00:00\" \/>\n<meta property=\"og:image\" content=\"http:\/\/www.komedija.hr\/www\/wp-content\/uploads\/2012\/03\/blazenka_blazinic2-200x300.jpg\" \/>\n<meta name=\"twitter:card\" content=\"summary_large_image\" \/>\n<meta name=\"twitter:site\" content=\"@KKomedija\" \/>\n<meta name=\"twitter:label1\" content=\"Procijenjeno vrijeme \u010ditanja\" \/>\n\t<meta name=\"twitter:data1\" content=\"1 minuta\" \/>\n<script type=\"application\/ld+json\" class=\"yoast-schema-graph\">{\"@context\":\"https:\\\/\\\/schema.org\",\"@graph\":[{\"@type\":\"WebPage\",\"@id\":\"https:\\\/\\\/www.komedija.hr\\\/www\\\/umirovljeni-i-bivsi-clanovi-ansambla\\\/blazenka-blazinic\\\/\",\"url\":\"https:\\\/\\\/www.komedija.hr\\\/www\\\/umirovljeni-i-bivsi-clanovi-ansambla\\\/blazenka-blazinic\\\/\",\"name\":\"Bla\u017eenka Bla\u017eini\u0107 - Kazali\u0161te Komedija\",\"isPartOf\":{\"@id\":\"http:\\\/\\\/www.komedija.hr\\\/www\\\/#website\"},\"primaryImageOfPage\":{\"@id\":\"https:\\\/\\\/www.komedija.hr\\\/www\\\/umirovljeni-i-bivsi-clanovi-ansambla\\\/blazenka-blazinic\\\/#primaryimage\"},\"image\":{\"@id\":\"https:\\\/\\\/www.komedija.hr\\\/www\\\/umirovljeni-i-bivsi-clanovi-ansambla\\\/blazenka-blazinic\\\/#primaryimage\"},\"thumbnailUrl\":\"http:\\\/\\\/www.komedija.hr\\\/www\\\/wp-content\\\/uploads\\\/2012\\\/03\\\/blazenka_blazinic2-200x300.jpg\",\"datePublished\":\"2012-03-21T07:06:45+00:00\",\"dateModified\":\"2021-04-16T11:42:08+00:00\",\"breadcrumb\":{\"@id\":\"https:\\\/\\\/www.komedija.hr\\\/www\\\/umirovljeni-i-bivsi-clanovi-ansambla\\\/blazenka-blazinic\\\/#breadcrumb\"},\"inLanguage\":\"hr\",\"potentialAction\":[{\"@type\":\"ReadAction\",\"target\":[\"https:\\\/\\\/www.komedija.hr\\\/www\\\/umirovljeni-i-bivsi-clanovi-ansambla\\\/blazenka-blazinic\\\/\"]}]},{\"@type\":\"ImageObject\",\"inLanguage\":\"hr\",\"@id\":\"https:\\\/\\\/www.komedija.hr\\\/www\\\/umirovljeni-i-bivsi-clanovi-ansambla\\\/blazenka-blazinic\\\/#primaryimage\",\"url\":\"https:\\\/\\\/www.komedija.hr\\\/www\\\/wp-content\\\/uploads\\\/2012\\\/03\\\/blazenka_blazinic2.jpg\",\"contentUrl\":\"https:\\\/\\\/www.komedija.hr\\\/www\\\/wp-content\\\/uploads\\\/2012\\\/03\\\/blazenka_blazinic2.jpg\",\"width\":533,\"height\":800},{\"@type\":\"BreadcrumbList\",\"@id\":\"https:\\\/\\\/www.komedija.hr\\\/www\\\/umirovljeni-i-bivsi-clanovi-ansambla\\\/blazenka-blazinic\\\/#breadcrumb\",\"itemListElement\":[{\"@type\":\"ListItem\",\"position\":1,\"name\":\"Po\u010detna stranica\",\"item\":\"http:\\\/\\\/www.komedija.hr\\\/www\\\/\"},{\"@type\":\"ListItem\",\"position\":2,\"name\":\"Umirovljeni i biv\u0161i \u010dlanovi ansambla\",\"item\":\"https:\\\/\\\/www.komedija.hr\\\/www\\\/umirovljeni-i-bivsi-clanovi-ansambla\\\/\"},{\"@type\":\"ListItem\",\"position\":3,\"name\":\"Bla\u017eenka Bla\u017eini\u0107\"}]},{\"@type\":\"WebSite\",\"@id\":\"http:\\\/\\\/www.komedija.hr\\\/www\\\/#website\",\"url\":\"http:\\\/\\\/www.komedija.hr\\\/www\\\/\",\"name\":\"Kazali\u0161te Komedija\",\"description\":\"\",\"publisher\":{\"@id\":\"http:\\\/\\\/www.komedija.hr\\\/www\\\/#organization\"},\"potentialAction\":[{\"@type\":\"SearchAction\",\"target\":{\"@type\":\"EntryPoint\",\"urlTemplate\":\"http:\\\/\\\/www.komedija.hr\\\/www\\\/?s={search_term_string}\"},\"query-input\":{\"@type\":\"PropertyValueSpecification\",\"valueRequired\":true,\"valueName\":\"search_term_string\"}}],\"inLanguage\":\"hr\"},{\"@type\":\"Organization\",\"@id\":\"http:\\\/\\\/www.komedija.hr\\\/www\\\/#organization\",\"name\":\"Zagreba\u010dko gradsko Kazali\u0161ta Komedija\",\"url\":\"http:\\\/\\\/www.komedija.hr\\\/www\\\/\",\"logo\":{\"@type\":\"ImageObject\",\"inLanguage\":\"hr\",\"@id\":\"http:\\\/\\\/www.komedija.hr\\\/www\\\/#\\\/schema\\\/logo\\\/image\\\/\",\"url\":\"https:\\\/\\\/www.komedija.hr\\\/www\\\/wp-content\\\/uploads\\\/2020\\\/02\\\/cropped-Kazaliste_Komedija_logo_2.png\",\"contentUrl\":\"https:\\\/\\\/www.komedija.hr\\\/www\\\/wp-content\\\/uploads\\\/2020\\\/02\\\/cropped-Kazaliste_Komedija_logo_2.png\",\"width\":512,\"height\":512,\"caption\":\"Zagreba\u010dko gradsko Kazali\u0161ta Komedija\"},\"image\":{\"@id\":\"http:\\\/\\\/www.komedija.hr\\\/www\\\/#\\\/schema\\\/logo\\\/image\\\/\"},\"sameAs\":[\"https:\\\/\\\/www.facebook.com\\\/kazaliste.komedija\\\/\",\"https:\\\/\\\/x.com\\\/KKomedija\",\"https:\\\/\\\/www.instagram.com\\\/kazaliste_komedija\\\/\",\"https:\\\/\\\/www.youtube.com\\\/channel\\\/UC1NcapMYUXJW3miW_oPxT5w\\\/videos\"]}]}<\/script>\n<!-- \/ Yoast SEO plugin. -->","yoast_head_json":{"title":"Bla\u017eenka Bla\u017eini\u0107 - Kazali\u0161te Komedija","robots":{"index":"index","follow":"follow","max-snippet":"max-snippet:-1","max-image-preview":"max-image-preview:large","max-video-preview":"max-video-preview:-1"},"canonical":"https:\/\/www.komedija.hr\/www\/umirovljeni-i-bivsi-clanovi-ansambla\/blazenka-blazinic\/","og_locale":"hr_HR","og_type":"article","og_title":"Bla\u017eenka Bla\u017eini\u0107 - Kazali\u0161te Komedija","og_description":"Operna pjeva\u010dica DATUM I MJESTO RO\u0110ENJA \u00a022.3.1956.,\u00a0Zagreb ansambl Kazali\u0161te &#8220;Komedija&#8221;, p.p. 428, Zagreb tel.: +385 (0)1 48 13 200; fax: +385 (0)1 48 12 179 GSM: +385 (0)91 25 48 692 e-mail: komedija@komedija.hr OBRAZOVANJE Glazbom se po\u010dela baviti jo\u0161 kao dijete pjevaju\u0107i u Dje\u010djem zboru tada\u0161nje Radio-televizije Zagreb, pod ravnanjem Dinka Fija. Studij solo pjevanja [&hellip;]","og_url":"https:\/\/www.komedija.hr\/www\/umirovljeni-i-bivsi-clanovi-ansambla\/blazenka-blazinic\/","og_site_name":"Kazali\u0161te Komedija","article_publisher":"https:\/\/www.facebook.com\/kazaliste.komedija\/","article_modified_time":"2021-04-16T11:42:08+00:00","og_image":[{"url":"http:\/\/www.komedija.hr\/www\/wp-content\/uploads\/2012\/03\/blazenka_blazinic2-200x300.jpg","type":"","width":"","height":""}],"twitter_card":"summary_large_image","twitter_site":"@KKomedija","twitter_misc":{"Procijenjeno vrijeme \u010ditanja":"1 minuta"},"schema":{"@context":"https:\/\/schema.org","@graph":[{"@type":"WebPage","@id":"https:\/\/www.komedija.hr\/www\/umirovljeni-i-bivsi-clanovi-ansambla\/blazenka-blazinic\/","url":"https:\/\/www.komedija.hr\/www\/umirovljeni-i-bivsi-clanovi-ansambla\/blazenka-blazinic\/","name":"Bla\u017eenka Bla\u017eini\u0107 - Kazali\u0161te Komedija","isPartOf":{"@id":"http:\/\/www.komedija.hr\/www\/#website"},"primaryImageOfPage":{"@id":"https:\/\/www.komedija.hr\/www\/umirovljeni-i-bivsi-clanovi-ansambla\/blazenka-blazinic\/#primaryimage"},"image":{"@id":"https:\/\/www.komedija.hr\/www\/umirovljeni-i-bivsi-clanovi-ansambla\/blazenka-blazinic\/#primaryimage"},"thumbnailUrl":"http:\/\/www.komedija.hr\/www\/wp-content\/uploads\/2012\/03\/blazenka_blazinic2-200x300.jpg","datePublished":"2012-03-21T07:06:45+00:00","dateModified":"2021-04-16T11:42:08+00:00","breadcrumb":{"@id":"https:\/\/www.komedija.hr\/www\/umirovljeni-i-bivsi-clanovi-ansambla\/blazenka-blazinic\/#breadcrumb"},"inLanguage":"hr","potentialAction":[{"@type":"ReadAction","target":["https:\/\/www.komedija.hr\/www\/umirovljeni-i-bivsi-clanovi-ansambla\/blazenka-blazinic\/"]}]},{"@type":"ImageObject","inLanguage":"hr","@id":"https:\/\/www.komedija.hr\/www\/umirovljeni-i-bivsi-clanovi-ansambla\/blazenka-blazinic\/#primaryimage","url":"https:\/\/www.komedija.hr\/www\/wp-content\/uploads\/2012\/03\/blazenka_blazinic2.jpg","contentUrl":"https:\/\/www.komedija.hr\/www\/wp-content\/uploads\/2012\/03\/blazenka_blazinic2.jpg","width":533,"height":800},{"@type":"BreadcrumbList","@id":"https:\/\/www.komedija.hr\/www\/umirovljeni-i-bivsi-clanovi-ansambla\/blazenka-blazinic\/#breadcrumb","itemListElement":[{"@type":"ListItem","position":1,"name":"Po\u010detna stranica","item":"http:\/\/www.komedija.hr\/www\/"},{"@type":"ListItem","position":2,"name":"Umirovljeni i biv\u0161i \u010dlanovi ansambla","item":"https:\/\/www.komedija.hr\/www\/umirovljeni-i-bivsi-clanovi-ansambla\/"},{"@type":"ListItem","position":3,"name":"Bla\u017eenka Bla\u017eini\u0107"}]},{"@type":"WebSite","@id":"http:\/\/www.komedija.hr\/www\/#website","url":"http:\/\/www.komedija.hr\/www\/","name":"Kazali\u0161te Komedija","description":"","publisher":{"@id":"http:\/\/www.komedija.hr\/www\/#organization"},"potentialAction":[{"@type":"SearchAction","target":{"@type":"EntryPoint","urlTemplate":"http:\/\/www.komedija.hr\/www\/?s={search_term_string}"},"query-input":{"@type":"PropertyValueSpecification","valueRequired":true,"valueName":"search_term_string"}}],"inLanguage":"hr"},{"@type":"Organization","@id":"http:\/\/www.komedija.hr\/www\/#organization","name":"Zagreba\u010dko gradsko Kazali\u0161ta Komedija","url":"http:\/\/www.komedija.hr\/www\/","logo":{"@type":"ImageObject","inLanguage":"hr","@id":"http:\/\/www.komedija.hr\/www\/#\/schema\/logo\/image\/","url":"https:\/\/www.komedija.hr\/www\/wp-content\/uploads\/2020\/02\/cropped-Kazaliste_Komedija_logo_2.png","contentUrl":"https:\/\/www.komedija.hr\/www\/wp-content\/uploads\/2020\/02\/cropped-Kazaliste_Komedija_logo_2.png","width":512,"height":512,"caption":"Zagreba\u010dko gradsko Kazali\u0161ta Komedija"},"image":{"@id":"http:\/\/www.komedija.hr\/www\/#\/schema\/logo\/image\/"},"sameAs":["https:\/\/www.facebook.com\/kazaliste.komedija\/","https:\/\/x.com\/KKomedija","https:\/\/www.instagram.com\/kazaliste_komedija\/","https:\/\/www.youtube.com\/channel\/UC1NcapMYUXJW3miW_oPxT5w\/videos"]}]}},"_links":{"self":[{"href":"https:\/\/www.komedija.hr\/www\/wp-json\/wp\/v2\/pages\/1988","targetHints":{"allow":["GET"]}}],"collection":[{"href":"https:\/\/www.komedija.hr\/www\/wp-json\/wp\/v2\/pages"}],"about":[{"href":"https:\/\/www.komedija.hr\/www\/wp-json\/wp\/v2\/types\/page"}],"author":[{"embeddable":true,"href":"https:\/\/www.komedija.hr\/www\/wp-json\/wp\/v2\/users\/4"}],"replies":[{"embeddable":true,"href":"https:\/\/www.komedija.hr\/www\/wp-json\/wp\/v2\/comments?post=1988"}],"version-history":[{"count":0,"href":"https:\/\/www.komedija.hr\/www\/wp-json\/wp\/v2\/pages\/1988\/revisions"}],"up":[{"embeddable":true,"href":"https:\/\/www.komedija.hr\/www\/wp-json\/wp\/v2\/pages\/8592"}],"wp:attachment":[{"href":"https:\/\/www.komedija.hr\/www\/wp-json\/wp\/v2\/media?parent=1988"}],"curies":[{"name":"wp","href":"https:\/\/api.w.org\/{rel}","templated":true}]}}