{"id":2005,"date":"2012-03-21T07:30:46","date_gmt":"2012-03-21T07:30:46","guid":{"rendered":"http:\/\/www.komedija.hr\/web\/?page_id=2005"},"modified":"2013-05-16T09:13:09","modified_gmt":"2013-05-16T07:13:09","slug":"bajadera","status":"publish","type":"page","link":"https:\/\/www.komedija.hr\/www\/arhiva-predstava\/bajadera\/","title":{"rendered":"Bajadera"},"content":{"rendered":"<blockquote>\n<p style=\"text-align: left;\" align=\"left\">Operetna bombonijera<\/p>\n<\/blockquote>\n<p style=\"text-align: left;\" align=\"left\">Neobi\u010dan naslov za operetu? Da, i to ne slu\u010dajno. Pomalo slatkast s blagim okusom ironije. No, kad otvorite tu glazbenu kutiju i skinete celofan zablistat \u0107e krune kraljeva operete.<\/p>\n<p style=\"text-align: left;\" align=\"center\">Velika trojka po prvi puta u istoj opereti, libretu i partituri.<\/p>\n<p style=\"text-align: left;\" align=\"center\">Tu su njihove grofice, Kontese, Kneginje, Baruni, Cigani, Pjesnici, \u010carda\u0161 kavaliri, Primadone Bajadere, Subrete, Grizette, \u0160pil-tenori, Tanc-komikeri&#8230;<br \/>\nStraussov Princ Orlofsky ple\u0161e s Kalmanovom Groficom Maricom. Leharov princ Sou-Chong o\u010darava Kneginju \u010darda\u0161a, Vesela udovica bez znanja Lehara prelazi Straussu i postaje Grofica Hedmeserva\u0161arhej, a Bajadera osvaja sve&#8230;<br \/>\nTeku potoci \u0161ampanjca, Tokajca smijeha i suza.<br \/>\n\u0160areno dru\u0161tvo nalazi smiraj i bratimstvo u Straussovom \u0160i\u0161mi\u0161u, pjesmi Bruderlein.<\/p>\n<p style=\"text-align: left;\" align=\"center\">A vje\u010dno mlada, raspjevana, elegantna i luckasta opereta tra\u017ei svoje mjesto u XXI. stolje\u0107u?!<br \/>\nIz \u010diste umjetni\u010dke znati\u017eelje udahnuli smo joj novi \u017eivot, sistemom usta na usta.<br \/>\nU ovom trenu, u ovom teatru, mo\u017eda jedini dobar na\u010din.<\/p>\n<p style=\"text-align: left;\" align=\"center\">No, budite oprezni, ta raspjevana koketa \u0161armira, zavodi i osvaja.<br \/>\nNekom \u010darolijom poku\u0161at \u0107e zaustaviti vrijeme i ne dopustiti mu da se pretvori u pro\u0161lost.<br \/>\nUostalom, svejedno je li to \u010darolija ili karneval.<br \/>\nU\u017eivajmo u glazbi Straussa, Lehara i Kalmana.<\/p>\n<p style=\"text-align: left;\" align=\"center\">Tako se zaboravljaju brige.<br \/>\nTako se bri\u0161u bore s lica.<br \/>\nTako se postaje ljep\u0161i.<br \/>\nI plemenitiji.<\/p>\n<hr noshade=\"noshade\" size=\"1\" \/>\n<p style=\"text-align: left;\" align=\"center\">U bombonijeri su:<\/p>\n<p style=\"text-align: left;\" align=\"center\"><span>(1) \u0160i\u0161mi\u0161 &#8211; uvertira, (2) najbolje od Straussa, (3) Zemlja smije\u0161ka, (4) <a title=\"Kneginja \u010darda\u0161a\" href=\"http:\/\/www.komedija.hr\/web\/?page_id=2353\">Kneginja \u010darda\u0161a<\/a>, (5) <a title=\"\u0160i\u0161mi\u0161\" href=\"http:\/\/www.komedija.hr\/web\/?page_id=2299\">\u0160i\u0161mi\u0161<\/a>, (6) Bajadera, (7) \u0160i\u0161mi\u0161 &#8211; finale, (8) <a title=\"No\u0107 u Veneciji\" href=\"http:\/\/www.komedija.hr\/web\/?page_id=2504\">No\u0107 u Veneciji<\/a>, (9) <a title=\"Grofica Marica\" href=\"http:\/\/www.komedija.hr\/web\/?page_id=2537\">Grofica Marica<\/a>, (10) Vesela udovica, (11) Veliko finale<\/span><\/p>\n<p style=\"text-align: left;\" align=\"center\">(stanka nakon br. 7)<\/p>\n<blockquote>\n<p style=\"text-align: left;\" align=\"center\">glazba: Johann Strauss, Franz Lehar i Imre Kalman\u00a0<br \/>\nscenarist i redatelj: <a title=\"Portret umjetnika: Vlado \u0160tefan\u010di\u0107\" href=\"http:\/\/www.komedija.hr\/web\/?page_id=1177\">Vlado \u0160tefan\u010di\u0107\u00a0<\/a><br \/>\ndirigent: Veseljko Bare\u0161i\u0107\u00a0<br \/>\nscenografkinja: Latica Ivani\u0161evi\u0107\u00a0<br \/>\nkostimografkinja: Elvira Ulip\u00a0<br \/>\nkoreografkinja: Sonja Kastl\u00a0<br \/>\nnastupaju: <a title=\"Sandra Bagari\u0107\" href=\"http:\/\/www.komedija.hr\/web\/?page_id=917\">Sandra Bagari\u0107<\/a>, <a title=\"Zorica Antoni\u0107\" href=\"http:\/\/www.komedija.hr\/web\/?page_id=903\">Zorica Antoni\u0107<\/a>, <a title=\"Larisa Marak\" href=\"http:\/\/www.komedija.hr\/web\/?page_id=1074\">Larisa Marak<\/a>, Lukrecija Bre\u0161kovi\u0107, Miljenko \u0110uran, Tvrtko Stipi\u0107, <a title=\"\u0110ani Stipani\u010dev\" href=\"http:\/\/www.komedija.hr\/web\/?page_id=1126\">\u0110ani Stipani\u010dev<\/a>, Boris Pavleni\u0107, <a title=\"Vid Balog\" href=\"http:\/\/www.komedija.hr\/web\/?page_id=921\">Vid Balog\u00a0 <\/a><\/p>\n<p style=\"text-align: left;\" align=\"center\">Predstava je primjerena za sve uzraste. Premijera: 9. prosinca 2005.<br \/>\nPune cijene ulaznica: 100, 80, 40 kuna.<br \/>\nTrajanje: oko 120 minuta (stanka uklju\u010dena).<\/p>\n<\/blockquote>\n<hr noshade=\"noshade\" size=\"1\" \/>\n<p><span style=\"font-family: Arial, Helvetica, sans-serif; color: #808080; font-size: x-small;\">NAPOMENA: Stranice ove predstave pripadaju arhivi &#8211; podaci su zadnji put a\u017eurirani kad je predstava bila na repertoaru Kazali\u0161ta. (Iznimka su linkovi na biografije trenutno aktivnih \u010dlanova Komedijinog ansambla.) Molimo da nas obavijestite ako primijetite neki neispravni link. Hvala! <\/span><\/p>\n<p>&nbsp;<\/p>\n","protected":false},"excerpt":{"rendered":"<p>Operetna bombonijera Neobi\u010dan naslov za operetu? Da, i to ne slu\u010dajno. Pomalo slatkast s blagim okusom ironije. No, kad otvorite tu glazbenu kutiju i skinete celofan zablistat \u0107e krune kraljeva operete. Velika trojka po prvi puta u istoj opereti, libretu i partituri. Tu su njihove grofice, Kontese, Kneginje, Baruni, Cigani, Pjesnici, \u010carda\u0161 kavaliri, Primadone Bajadere, [&hellip;]<\/p>\n","protected":false},"author":4,"featured_media":0,"parent":1659,"menu_order":0,"comment_status":"closed","ping_status":"closed","template":"","meta":{"ngg_post_thumbnail":0,"footnotes":""},"class_list":["post-2005","page","type-page","status-publish","hentry"],"yoast_head":"<!-- This site is optimized with the Yoast SEO plugin v27.4 - https:\/\/yoast.com\/product\/yoast-seo-wordpress\/ -->\n<title>Bajadera - Kazali\u0161te Komedija<\/title>\n<meta name=\"robots\" content=\"index, follow, max-snippet:-1, max-image-preview:large, max-video-preview:-1\" \/>\n<link rel=\"canonical\" href=\"https:\/\/www.komedija.hr\/www\/arhiva-predstava\/bajadera\/\" \/>\n<meta property=\"og:locale\" content=\"hr_HR\" \/>\n<meta property=\"og:type\" content=\"article\" \/>\n<meta property=\"og:title\" content=\"Bajadera - Kazali\u0161te Komedija\" \/>\n<meta property=\"og:description\" content=\"Operetna bombonijera Neobi\u010dan naslov za operetu? Da, i to ne slu\u010dajno. Pomalo slatkast s blagim okusom ironije. No, kad otvorite tu glazbenu kutiju i skinete celofan zablistat \u0107e krune kraljeva operete. Velika trojka po prvi puta u istoj opereti, libretu i partituri. Tu su njihove grofice, Kontese, Kneginje, Baruni, Cigani, Pjesnici, \u010carda\u0161 kavaliri, Primadone Bajadere, [&hellip;]\" \/>\n<meta property=\"og:url\" content=\"https:\/\/www.komedija.hr\/www\/arhiva-predstava\/bajadera\/\" \/>\n<meta property=\"og:site_name\" content=\"Kazali\u0161te Komedija\" \/>\n<meta property=\"article:publisher\" content=\"https:\/\/www.facebook.com\/kazaliste.komedija\/\" \/>\n<meta property=\"article:modified_time\" content=\"2013-05-16T07:13:09+00:00\" \/>\n<meta name=\"twitter:card\" content=\"summary_large_image\" \/>\n<meta name=\"twitter:site\" content=\"@KKomedija\" \/>\n<meta name=\"twitter:label1\" content=\"Procijenjeno vrijeme \u010ditanja\" \/>\n\t<meta name=\"twitter:data1\" content=\"2 minute\" \/>\n<script type=\"application\/ld+json\" class=\"yoast-schema-graph\">{\"@context\":\"https:\\\/\\\/schema.org\",\"@graph\":[{\"@type\":\"WebPage\",\"@id\":\"https:\\\/\\\/www.komedija.hr\\\/www\\\/arhiva-predstava\\\/bajadera\\\/\",\"url\":\"https:\\\/\\\/www.komedija.hr\\\/www\\\/arhiva-predstava\\\/bajadera\\\/\",\"name\":\"Bajadera - Kazali\u0161te Komedija\",\"isPartOf\":{\"@id\":\"http:\\\/\\\/www.komedija.hr\\\/www\\\/#website\"},\"datePublished\":\"2012-03-21T07:30:46+00:00\",\"dateModified\":\"2013-05-16T07:13:09+00:00\",\"breadcrumb\":{\"@id\":\"https:\\\/\\\/www.komedija.hr\\\/www\\\/arhiva-predstava\\\/bajadera\\\/#breadcrumb\"},\"inLanguage\":\"hr\",\"potentialAction\":[{\"@type\":\"ReadAction\",\"target\":[\"https:\\\/\\\/www.komedija.hr\\\/www\\\/arhiva-predstava\\\/bajadera\\\/\"]}]},{\"@type\":\"BreadcrumbList\",\"@id\":\"https:\\\/\\\/www.komedija.hr\\\/www\\\/arhiva-predstava\\\/bajadera\\\/#breadcrumb\",\"itemListElement\":[{\"@type\":\"ListItem\",\"position\":1,\"name\":\"Po\u010detna stranica\",\"item\":\"http:\\\/\\\/www.komedija.hr\\\/www\\\/\"},{\"@type\":\"ListItem\",\"position\":2,\"name\":\"Arhiva predstava\",\"item\":\"https:\\\/\\\/www.komedija.hr\\\/www\\\/arhiva-predstava\\\/\"},{\"@type\":\"ListItem\",\"position\":3,\"name\":\"Bajadera\"}]},{\"@type\":\"WebSite\",\"@id\":\"http:\\\/\\\/www.komedija.hr\\\/www\\\/#website\",\"url\":\"http:\\\/\\\/www.komedija.hr\\\/www\\\/\",\"name\":\"Kazali\u0161te Komedija\",\"description\":\"\",\"publisher\":{\"@id\":\"http:\\\/\\\/www.komedija.hr\\\/www\\\/#organization\"},\"potentialAction\":[{\"@type\":\"SearchAction\",\"target\":{\"@type\":\"EntryPoint\",\"urlTemplate\":\"http:\\\/\\\/www.komedija.hr\\\/www\\\/?s={search_term_string}\"},\"query-input\":{\"@type\":\"PropertyValueSpecification\",\"valueRequired\":true,\"valueName\":\"search_term_string\"}}],\"inLanguage\":\"hr\"},{\"@type\":\"Organization\",\"@id\":\"http:\\\/\\\/www.komedija.hr\\\/www\\\/#organization\",\"name\":\"Zagreba\u010dko gradsko Kazali\u0161ta Komedija\",\"url\":\"http:\\\/\\\/www.komedija.hr\\\/www\\\/\",\"logo\":{\"@type\":\"ImageObject\",\"inLanguage\":\"hr\",\"@id\":\"http:\\\/\\\/www.komedija.hr\\\/www\\\/#\\\/schema\\\/logo\\\/image\\\/\",\"url\":\"https:\\\/\\\/www.komedija.hr\\\/www\\\/wp-content\\\/uploads\\\/2020\\\/02\\\/cropped-Kazaliste_Komedija_logo_2.png\",\"contentUrl\":\"https:\\\/\\\/www.komedija.hr\\\/www\\\/wp-content\\\/uploads\\\/2020\\\/02\\\/cropped-Kazaliste_Komedija_logo_2.png\",\"width\":512,\"height\":512,\"caption\":\"Zagreba\u010dko gradsko Kazali\u0161ta Komedija\"},\"image\":{\"@id\":\"http:\\\/\\\/www.komedija.hr\\\/www\\\/#\\\/schema\\\/logo\\\/image\\\/\"},\"sameAs\":[\"https:\\\/\\\/www.facebook.com\\\/kazaliste.komedija\\\/\",\"https:\\\/\\\/x.com\\\/KKomedija\",\"https:\\\/\\\/www.instagram.com\\\/kazaliste_komedija\\\/\",\"https:\\\/\\\/www.youtube.com\\\/channel\\\/UC1NcapMYUXJW3miW_oPxT5w\\\/videos\"]}]}<\/script>\n<!-- \/ Yoast SEO plugin. -->","yoast_head_json":{"title":"Bajadera - Kazali\u0161te Komedija","robots":{"index":"index","follow":"follow","max-snippet":"max-snippet:-1","max-image-preview":"max-image-preview:large","max-video-preview":"max-video-preview:-1"},"canonical":"https:\/\/www.komedija.hr\/www\/arhiva-predstava\/bajadera\/","og_locale":"hr_HR","og_type":"article","og_title":"Bajadera - Kazali\u0161te Komedija","og_description":"Operetna bombonijera Neobi\u010dan naslov za operetu? Da, i to ne slu\u010dajno. Pomalo slatkast s blagim okusom ironije. No, kad otvorite tu glazbenu kutiju i skinete celofan zablistat \u0107e krune kraljeva operete. Velika trojka po prvi puta u istoj opereti, libretu i partituri. Tu su njihove grofice, Kontese, Kneginje, Baruni, Cigani, Pjesnici, \u010carda\u0161 kavaliri, Primadone Bajadere, [&hellip;]","og_url":"https:\/\/www.komedija.hr\/www\/arhiva-predstava\/bajadera\/","og_site_name":"Kazali\u0161te Komedija","article_publisher":"https:\/\/www.facebook.com\/kazaliste.komedija\/","article_modified_time":"2013-05-16T07:13:09+00:00","twitter_card":"summary_large_image","twitter_site":"@KKomedija","twitter_misc":{"Procijenjeno vrijeme \u010ditanja":"2 minute"},"schema":{"@context":"https:\/\/schema.org","@graph":[{"@type":"WebPage","@id":"https:\/\/www.komedija.hr\/www\/arhiva-predstava\/bajadera\/","url":"https:\/\/www.komedija.hr\/www\/arhiva-predstava\/bajadera\/","name":"Bajadera - Kazali\u0161te Komedija","isPartOf":{"@id":"http:\/\/www.komedija.hr\/www\/#website"},"datePublished":"2012-03-21T07:30:46+00:00","dateModified":"2013-05-16T07:13:09+00:00","breadcrumb":{"@id":"https:\/\/www.komedija.hr\/www\/arhiva-predstava\/bajadera\/#breadcrumb"},"inLanguage":"hr","potentialAction":[{"@type":"ReadAction","target":["https:\/\/www.komedija.hr\/www\/arhiva-predstava\/bajadera\/"]}]},{"@type":"BreadcrumbList","@id":"https:\/\/www.komedija.hr\/www\/arhiva-predstava\/bajadera\/#breadcrumb","itemListElement":[{"@type":"ListItem","position":1,"name":"Po\u010detna stranica","item":"http:\/\/www.komedija.hr\/www\/"},{"@type":"ListItem","position":2,"name":"Arhiva predstava","item":"https:\/\/www.komedija.hr\/www\/arhiva-predstava\/"},{"@type":"ListItem","position":3,"name":"Bajadera"}]},{"@type":"WebSite","@id":"http:\/\/www.komedija.hr\/www\/#website","url":"http:\/\/www.komedija.hr\/www\/","name":"Kazali\u0161te Komedija","description":"","publisher":{"@id":"http:\/\/www.komedija.hr\/www\/#organization"},"potentialAction":[{"@type":"SearchAction","target":{"@type":"EntryPoint","urlTemplate":"http:\/\/www.komedija.hr\/www\/?s={search_term_string}"},"query-input":{"@type":"PropertyValueSpecification","valueRequired":true,"valueName":"search_term_string"}}],"inLanguage":"hr"},{"@type":"Organization","@id":"http:\/\/www.komedija.hr\/www\/#organization","name":"Zagreba\u010dko gradsko Kazali\u0161ta Komedija","url":"http:\/\/www.komedija.hr\/www\/","logo":{"@type":"ImageObject","inLanguage":"hr","@id":"http:\/\/www.komedija.hr\/www\/#\/schema\/logo\/image\/","url":"https:\/\/www.komedija.hr\/www\/wp-content\/uploads\/2020\/02\/cropped-Kazaliste_Komedija_logo_2.png","contentUrl":"https:\/\/www.komedija.hr\/www\/wp-content\/uploads\/2020\/02\/cropped-Kazaliste_Komedija_logo_2.png","width":512,"height":512,"caption":"Zagreba\u010dko gradsko Kazali\u0161ta Komedija"},"image":{"@id":"http:\/\/www.komedija.hr\/www\/#\/schema\/logo\/image\/"},"sameAs":["https:\/\/www.facebook.com\/kazaliste.komedija\/","https:\/\/x.com\/KKomedija","https:\/\/www.instagram.com\/kazaliste_komedija\/","https:\/\/www.youtube.com\/channel\/UC1NcapMYUXJW3miW_oPxT5w\/videos"]}]}},"_links":{"self":[{"href":"https:\/\/www.komedija.hr\/www\/wp-json\/wp\/v2\/pages\/2005","targetHints":{"allow":["GET"]}}],"collection":[{"href":"https:\/\/www.komedija.hr\/www\/wp-json\/wp\/v2\/pages"}],"about":[{"href":"https:\/\/www.komedija.hr\/www\/wp-json\/wp\/v2\/types\/page"}],"author":[{"embeddable":true,"href":"https:\/\/www.komedija.hr\/www\/wp-json\/wp\/v2\/users\/4"}],"replies":[{"embeddable":true,"href":"https:\/\/www.komedija.hr\/www\/wp-json\/wp\/v2\/comments?post=2005"}],"version-history":[{"count":0,"href":"https:\/\/www.komedija.hr\/www\/wp-json\/wp\/v2\/pages\/2005\/revisions"}],"up":[{"embeddable":true,"href":"https:\/\/www.komedija.hr\/www\/wp-json\/wp\/v2\/pages\/1659"}],"wp:attachment":[{"href":"https:\/\/www.komedija.hr\/www\/wp-json\/wp\/v2\/media?parent=2005"}],"curies":[{"name":"wp","href":"https:\/\/api.w.org\/{rel}","templated":true}]}}