{"id":20362,"date":"2025-03-11T16:10:45","date_gmt":"2025-03-11T15:10:45","guid":{"rendered":"https:\/\/www.komedija.hr\/www\/?page_id=20362"},"modified":"2025-06-04T22:13:03","modified_gmt":"2025-06-04T20:13:03","slug":"juha-brace-marx","status":"publish","type":"page","link":"https:\/\/www.komedija.hr\/www\/repertoar\/juha-brace-marx\/","title":{"rendered":"JUHA BRA\u0106E MARX"},"content":{"rendered":"<p>po motivima filma <em>Pa\u010dja juha<\/em> i filmskog opusa bra\u0107e Marx<\/p>\n<p>&nbsp;<\/p>\n<p>Redatelj: Kokan Mladenovi\u0107<\/p>\n<p>Autor teksta: Kokan Mladenovi\u0107&nbsp;<\/p>\n<p>Dramaturginja: Karla Leko<\/p>\n<p>Autorica glazbe: Irena Popovi\u0107 Dragovi\u0107<\/p>\n<p>Scenografkinja: Irena Kralji\u0107<\/p>\n<p>Kostimografkinja: Aleksandra Peci\u0107 Mladenovi\u0107<\/p>\n<p>Suradnik za scenski pokret: Pravdan Devlahovi\u0107<\/p>\n<p>Autor songova: Kokan Mladenovi\u0107<\/p>\n<p>Korepetitor: Tomislav Parma\u0107<\/p>\n<p>Asistentica redatelja: Mirta Miklou\u0161i\u0107<\/p>\n<p>Asistentica scenografkinje: Marta Dogan<\/p>\n<p><strong>&nbsp;<\/strong><\/p>\n<p>Uloge:<\/p>\n<p><strong>Groucho T. Firefly<\/strong>: <a href=\"https:\/\/www.komedija.hr\/www\/ansambl-2\/glumci\/goran-malus\/\">Goran Malus<\/a><\/p>\n<p><strong>Chico<\/strong>: <a href=\"https:\/\/www.komedija.hr\/www\/ansambl-2\/glumci\/davor-svedruzic\/\">Davor Svedru\u017ei\u0107<\/a><\/p>\n<p><strong>Harpo<\/strong>: <a href=\"https:\/\/www.komedija.hr\/www\/ansambl-2\/glumci\/ognjen-milovanovic\/\">Ognjen Milovanovi\u0107<\/a><\/p>\n<p><strong>Gospo\u0111a Teasdale<\/strong>: <a href=\"https:\/\/www.komedija.hr\/www\/ansambl-2\/glumci\/kaic-nina\/\">Nina Kai\u0107 Madi\u0107<\/a><\/p>\n<p><strong>Zeppo, sin gospo\u0111e Teasdale<\/strong>: <a href=\"https:\/\/www.komedija.hr\/www\/ansambl-2\/glumci\/jan-kovacic\/\">Jan Kova\u010di\u0107<\/a><\/p>\n<p><strong>Ambasador Trentino<\/strong>: <a href=\"https:\/\/www.komedija.hr\/www\/ansambl-2\/glumci\/buneta-sasa\/\">Sa\u0161a Buneta<\/a><\/p>\n<p><strong>Vera Marcal, glumica<\/strong>: <a href=\"https:\/\/www.komedija.hr\/www\/ansambl-2\/glumci\/nera-stipicevic\/\">Nera Stipi\u010devi\u0107<\/a><\/p>\n<p><strong>Frida, voditeljica Sestara Fridonije<\/strong>: <a href=\"https:\/\/www.komedija.hr\/www\/ansambl-2\/glumci\/bilusic-jasna\/\">Jasna Bilu\u0161i\u0107<\/a><\/p>\n<p><strong>Matica Majka Sjemenica broj 4<\/strong>: <a href=\"https:\/\/www.komedija.hr\/www\/ansambl-2\/glumci\/ivona-kundert\/\">Ivona Kundert<\/a><\/p>\n<p><strong>Novi vlasnik svega i Gruf, dvorski voza\u010d<\/strong>: <a href=\"https:\/\/www.komedija.hr\/www\/ansambl-2\/glumci\/ivan-magud\/\">Ivan Magud<\/a><\/p>\n<p><strong>Pjesmoslav Prvorje\u010di\u0107. dvorski pjesnik<\/strong>: <a href=\"https:\/\/www.komedija.hr\/www\/ansambl-2\/glumci\/ivan-glowatzky\/\">Ivan Glowatzky<\/a><\/p>\n<p><strong>Pijanist<\/strong>: Tomislav Parma\u0107<\/p>\n<p><strong>Ministri, visoko nacionalni savjet, radnici, gra\u0111ani, porotnici, vojnici<\/strong><\/p>\n<p>&nbsp;<\/p>\n<p>Inspicijent: Boris \u0160tefan\u010di\u0107<br \/>\n\u0160apta\u010dica: Stela \u017dingerlin<\/p>\n<p>Premijera: 2. lipnja 2025.<\/p>\n<p><span style=\"color: #000000;\">Trajanje: oko 100 minuta bez stanke<\/span><\/p>\n<p>Predstava <em>Juha bra\u0107e Marx<\/em>, koju namjeravamo realizirati kao kreativni projekt hvaljenog redatelja Kokana Mladenovi\u0107a, naslanjat \u0107e se na scenarij najuspe\u0161nijeg filma slavne bra\u0107e Marx, <em>Duck Soup <\/em>(<em>Pa\u010dja juha<\/em>) te \u0107e biti svojevrsni <em>hommage<\/em> toj genijalnoj kreativnoj skupini i njihovom ukupnom opusu. Bra\u0107a Marx revolucionirala su ranu filmsku komediju, uveli su elemente apsurda, burleske i verbalnog humora koji \u0107e, u briljantnoj&nbsp; izvedbi Groucha Marxa, postati inspiracija za novi oblik humora u teatru \u2013 od Ionesca do skupine Monty Python.&nbsp;<\/p>\n<p><em>Duck Soup<\/em>&nbsp;(&nbsp;<em>Pa\u010dja juha<\/em>) je&nbsp;ameri\u010dka&nbsp;filmska komedija&nbsp;snimljena 1933. godine u re\u017eiji&nbsp;Lea McCareya, koja se smatra najpoznatijim ostvarenjem u filmografiji&nbsp;bra\u0107e Marx, kao i jednim od klasika ameri\u010dke kinematografije i filmske komedije uop\u0107e. Radnja je smje\u0161tena u fiktivnu zemlju Slobodoniju (engleski:&nbsp;<em>Freedonia<\/em>), koja se nalazi pred bankrotom i koju spa\u0161ava bogata udovica Mrs. Teasdale, ali pod uvjetom da njezina velika (i neuzvra\u0107ena) ljubav Rufus T. Firefly postane njezin dr\u017eavni poglavar; on se, pak, na mjestu \u0161efa dr\u017eave vi\u0161e zabavlja nego \u0161to misli na dr\u017eavne poslove, \u0161to koristi ambasador susjedne Silvanije (engleski:&nbsp;<em>Sylvania<\/em>), koji \u0161alje dvojicu svojih agenata&nbsp; kako bi inscenirali povod za&nbsp;rat&nbsp;i njenu&nbsp;aneksiju. Kao i kod mnogih drugih komedija bra\u0107e Marx, zaplet filma <em>Duck Soup<\/em> je tek izgovor za niz gegova i muzi\u010dkih to\u010daka. Vjerujemo da je satiri\u010dki potencijal <em>Pa\u010dje juhe<\/em> i danas izuzetno velik, te da se i dana\u0161njica vrlo lako mo\u017ee propusti kroz nemilosrdnu komiku Bra\u0107e Marx.<\/p>\n","protected":false},"excerpt":{"rendered":"<p>po motivima filma Pa\u010dja juha i filmskog opusa bra\u0107e Marx &nbsp; Redatelj: Kokan Mladenovi\u0107 Autor teksta: Kokan Mladenovi\u0107&nbsp; Dramaturginja: Karla Leko Autorica glazbe: Irena Popovi\u0107 Dragovi\u0107 Scenografkinja: Irena Kralji\u0107 Kostimografkinja: Aleksandra Peci\u0107 Mladenovi\u0107 Suradnik za scenski pokret: Pravdan Devlahovi\u0107 Autor songova: Kokan Mladenovi\u0107 Korepetitor: Tomislav Parma\u0107 Asistentica redatelja: Mirta Miklou\u0161i\u0107 Asistentica scenografkinje: Marta Dogan &nbsp; [&hellip;]<\/p>\n","protected":false},"author":5,"featured_media":20819,"parent":10,"menu_order":0,"comment_status":"closed","ping_status":"closed","template":"","meta":{"ngg_post_thumbnail":0,"footnotes":""},"class_list":["post-20362","page","type-page","status-publish","has-post-thumbnail","hentry"],"yoast_head":"<!-- This site is optimized with the Yoast SEO plugin v27.5 - https:\/\/yoast.com\/product\/yoast-seo-wordpress\/ -->\n<title>JUHA BRA\u0106E MARX - Kazali\u0161te Komedija<\/title>\n<meta name=\"robots\" content=\"index, follow, max-snippet:-1, max-image-preview:large, max-video-preview:-1\" \/>\n<link rel=\"canonical\" href=\"https:\/\/www.komedija.hr\/www\/repertoar\/juha-brace-marx\/\" \/>\n<meta property=\"og:locale\" content=\"hr_HR\" \/>\n<meta property=\"og:type\" content=\"article\" \/>\n<meta property=\"og:title\" content=\"JUHA BRA\u0106E MARX - Kazali\u0161te Komedija\" \/>\n<meta property=\"og:description\" content=\"po motivima filma Pa\u010dja juha i filmskog opusa bra\u0107e Marx &nbsp; Redatelj: Kokan Mladenovi\u0107 Autor teksta: Kokan Mladenovi\u0107&nbsp; Dramaturginja: Karla Leko Autorica glazbe: Irena Popovi\u0107 Dragovi\u0107 Scenografkinja: Irena Kralji\u0107 Kostimografkinja: Aleksandra Peci\u0107 Mladenovi\u0107 Suradnik za scenski pokret: Pravdan Devlahovi\u0107 Autor songova: Kokan Mladenovi\u0107 Korepetitor: Tomislav Parma\u0107 Asistentica redatelja: Mirta Miklou\u0161i\u0107 Asistentica scenografkinje: Marta Dogan &nbsp; [&hellip;]\" \/>\n<meta property=\"og:url\" content=\"https:\/\/www.komedija.hr\/www\/repertoar\/juha-brace-marx\/\" \/>\n<meta property=\"og:site_name\" content=\"Kazali\u0161te Komedija\" \/>\n<meta property=\"article:publisher\" content=\"https:\/\/www.facebook.com\/kazaliste.komedija\/\" \/>\n<meta property=\"article:modified_time\" content=\"2025-06-04T20:13:03+00:00\" \/>\n<meta property=\"og:image\" content=\"https:\/\/www.komedija.hr\/www\/wp-content\/uploads\/2025\/05\/juha-brace-marx_WEB-clanak-2.png\" \/>\n\t<meta property=\"og:image:width\" content=\"700\" \/>\n\t<meta property=\"og:image:height\" content=\"490\" \/>\n\t<meta property=\"og:image:type\" content=\"image\/png\" \/>\n<meta name=\"twitter:card\" content=\"summary_large_image\" \/>\n<meta name=\"twitter:site\" content=\"@KKomedija\" \/>\n<meta name=\"twitter:label1\" content=\"Procijenjeno vrijeme \u010ditanja\" \/>\n\t<meta name=\"twitter:data1\" content=\"3 minute\" \/>\n<script type=\"application\/ld+json\" class=\"yoast-schema-graph\">{\"@context\":\"https:\\\/\\\/schema.org\",\"@graph\":[{\"@type\":\"WebPage\",\"@id\":\"https:\\\/\\\/www.komedija.hr\\\/www\\\/repertoar\\\/juha-brace-marx\\\/\",\"url\":\"https:\\\/\\\/www.komedija.hr\\\/www\\\/repertoar\\\/juha-brace-marx\\\/\",\"name\":\"JUHA BRA\u0106E MARX - Kazali\u0161te Komedija\",\"isPartOf\":{\"@id\":\"http:\\\/\\\/www.komedija.hr\\\/www\\\/#website\"},\"primaryImageOfPage\":{\"@id\":\"https:\\\/\\\/www.komedija.hr\\\/www\\\/repertoar\\\/juha-brace-marx\\\/#primaryimage\"},\"image\":{\"@id\":\"https:\\\/\\\/www.komedija.hr\\\/www\\\/repertoar\\\/juha-brace-marx\\\/#primaryimage\"},\"thumbnailUrl\":\"https:\\\/\\\/www.komedija.hr\\\/www\\\/wp-content\\\/uploads\\\/2025\\\/05\\\/juha-brace-marx_WEB-clanak-2.png\",\"datePublished\":\"2025-03-11T15:10:45+00:00\",\"dateModified\":\"2025-06-04T20:13:03+00:00\",\"breadcrumb\":{\"@id\":\"https:\\\/\\\/www.komedija.hr\\\/www\\\/repertoar\\\/juha-brace-marx\\\/#breadcrumb\"},\"inLanguage\":\"hr\",\"potentialAction\":[{\"@type\":\"ReadAction\",\"target\":[\"https:\\\/\\\/www.komedija.hr\\\/www\\\/repertoar\\\/juha-brace-marx\\\/\"]}]},{\"@type\":\"ImageObject\",\"inLanguage\":\"hr\",\"@id\":\"https:\\\/\\\/www.komedija.hr\\\/www\\\/repertoar\\\/juha-brace-marx\\\/#primaryimage\",\"url\":\"https:\\\/\\\/www.komedija.hr\\\/www\\\/wp-content\\\/uploads\\\/2025\\\/05\\\/juha-brace-marx_WEB-clanak-2.png\",\"contentUrl\":\"https:\\\/\\\/www.komedija.hr\\\/www\\\/wp-content\\\/uploads\\\/2025\\\/05\\\/juha-brace-marx_WEB-clanak-2.png\",\"width\":700,\"height\":490},{\"@type\":\"BreadcrumbList\",\"@id\":\"https:\\\/\\\/www.komedija.hr\\\/www\\\/repertoar\\\/juha-brace-marx\\\/#breadcrumb\",\"itemListElement\":[{\"@type\":\"ListItem\",\"position\":1,\"name\":\"Po\u010detna stranica\",\"item\":\"http:\\\/\\\/www.komedija.hr\\\/www\\\/\"},{\"@type\":\"ListItem\",\"position\":2,\"name\":\"Repertoar\",\"item\":\"https:\\\/\\\/www.komedija.hr\\\/www\\\/repertoar\\\/\"},{\"@type\":\"ListItem\",\"position\":3,\"name\":\"JUHA BRA\u0106E MARX\"}]},{\"@type\":\"WebSite\",\"@id\":\"http:\\\/\\\/www.komedija.hr\\\/www\\\/#website\",\"url\":\"http:\\\/\\\/www.komedija.hr\\\/www\\\/\",\"name\":\"Kazali\u0161te Komedija\",\"description\":\"\",\"publisher\":{\"@id\":\"http:\\\/\\\/www.komedija.hr\\\/www\\\/#organization\"},\"potentialAction\":[{\"@type\":\"SearchAction\",\"target\":{\"@type\":\"EntryPoint\",\"urlTemplate\":\"http:\\\/\\\/www.komedija.hr\\\/www\\\/?s={search_term_string}\"},\"query-input\":{\"@type\":\"PropertyValueSpecification\",\"valueRequired\":true,\"valueName\":\"search_term_string\"}}],\"inLanguage\":\"hr\"},{\"@type\":\"Organization\",\"@id\":\"http:\\\/\\\/www.komedija.hr\\\/www\\\/#organization\",\"name\":\"Zagreba\u010dko gradsko Kazali\u0161ta Komedija\",\"url\":\"http:\\\/\\\/www.komedija.hr\\\/www\\\/\",\"logo\":{\"@type\":\"ImageObject\",\"inLanguage\":\"hr\",\"@id\":\"http:\\\/\\\/www.komedija.hr\\\/www\\\/#\\\/schema\\\/logo\\\/image\\\/\",\"url\":\"https:\\\/\\\/www.komedija.hr\\\/www\\\/wp-content\\\/uploads\\\/2020\\\/02\\\/cropped-Kazaliste_Komedija_logo_2.png\",\"contentUrl\":\"https:\\\/\\\/www.komedija.hr\\\/www\\\/wp-content\\\/uploads\\\/2020\\\/02\\\/cropped-Kazaliste_Komedija_logo_2.png\",\"width\":512,\"height\":512,\"caption\":\"Zagreba\u010dko gradsko Kazali\u0161ta Komedija\"},\"image\":{\"@id\":\"http:\\\/\\\/www.komedija.hr\\\/www\\\/#\\\/schema\\\/logo\\\/image\\\/\"},\"sameAs\":[\"https:\\\/\\\/www.facebook.com\\\/kazaliste.komedija\\\/\",\"https:\\\/\\\/x.com\\\/KKomedija\",\"https:\\\/\\\/www.instagram.com\\\/kazaliste_komedija\\\/\",\"https:\\\/\\\/www.youtube.com\\\/channel\\\/UC1NcapMYUXJW3miW_oPxT5w\\\/videos\"]}]}<\/script>\n<!-- \/ Yoast SEO plugin. -->","yoast_head_json":{"title":"JUHA BRA\u0106E MARX - Kazali\u0161te Komedija","robots":{"index":"index","follow":"follow","max-snippet":"max-snippet:-1","max-image-preview":"max-image-preview:large","max-video-preview":"max-video-preview:-1"},"canonical":"https:\/\/www.komedija.hr\/www\/repertoar\/juha-brace-marx\/","og_locale":"hr_HR","og_type":"article","og_title":"JUHA BRA\u0106E MARX - Kazali\u0161te Komedija","og_description":"po motivima filma Pa\u010dja juha i filmskog opusa bra\u0107e Marx &nbsp; Redatelj: Kokan Mladenovi\u0107 Autor teksta: Kokan Mladenovi\u0107&nbsp; Dramaturginja: Karla Leko Autorica glazbe: Irena Popovi\u0107 Dragovi\u0107 Scenografkinja: Irena Kralji\u0107 Kostimografkinja: Aleksandra Peci\u0107 Mladenovi\u0107 Suradnik za scenski pokret: Pravdan Devlahovi\u0107 Autor songova: Kokan Mladenovi\u0107 Korepetitor: Tomislav Parma\u0107 Asistentica redatelja: Mirta Miklou\u0161i\u0107 Asistentica scenografkinje: Marta Dogan &nbsp; [&hellip;]","og_url":"https:\/\/www.komedija.hr\/www\/repertoar\/juha-brace-marx\/","og_site_name":"Kazali\u0161te Komedija","article_publisher":"https:\/\/www.facebook.com\/kazaliste.komedija\/","article_modified_time":"2025-06-04T20:13:03+00:00","og_image":[{"width":700,"height":490,"url":"https:\/\/www.komedija.hr\/www\/wp-content\/uploads\/2025\/05\/juha-brace-marx_WEB-clanak-2.png","type":"image\/png"}],"twitter_card":"summary_large_image","twitter_site":"@KKomedija","twitter_misc":{"Procijenjeno vrijeme \u010ditanja":"3 minute"},"schema":{"@context":"https:\/\/schema.org","@graph":[{"@type":"WebPage","@id":"https:\/\/www.komedija.hr\/www\/repertoar\/juha-brace-marx\/","url":"https:\/\/www.komedija.hr\/www\/repertoar\/juha-brace-marx\/","name":"JUHA BRA\u0106E MARX - Kazali\u0161te Komedija","isPartOf":{"@id":"http:\/\/www.komedija.hr\/www\/#website"},"primaryImageOfPage":{"@id":"https:\/\/www.komedija.hr\/www\/repertoar\/juha-brace-marx\/#primaryimage"},"image":{"@id":"https:\/\/www.komedija.hr\/www\/repertoar\/juha-brace-marx\/#primaryimage"},"thumbnailUrl":"https:\/\/www.komedija.hr\/www\/wp-content\/uploads\/2025\/05\/juha-brace-marx_WEB-clanak-2.png","datePublished":"2025-03-11T15:10:45+00:00","dateModified":"2025-06-04T20:13:03+00:00","breadcrumb":{"@id":"https:\/\/www.komedija.hr\/www\/repertoar\/juha-brace-marx\/#breadcrumb"},"inLanguage":"hr","potentialAction":[{"@type":"ReadAction","target":["https:\/\/www.komedija.hr\/www\/repertoar\/juha-brace-marx\/"]}]},{"@type":"ImageObject","inLanguage":"hr","@id":"https:\/\/www.komedija.hr\/www\/repertoar\/juha-brace-marx\/#primaryimage","url":"https:\/\/www.komedija.hr\/www\/wp-content\/uploads\/2025\/05\/juha-brace-marx_WEB-clanak-2.png","contentUrl":"https:\/\/www.komedija.hr\/www\/wp-content\/uploads\/2025\/05\/juha-brace-marx_WEB-clanak-2.png","width":700,"height":490},{"@type":"BreadcrumbList","@id":"https:\/\/www.komedija.hr\/www\/repertoar\/juha-brace-marx\/#breadcrumb","itemListElement":[{"@type":"ListItem","position":1,"name":"Po\u010detna stranica","item":"http:\/\/www.komedija.hr\/www\/"},{"@type":"ListItem","position":2,"name":"Repertoar","item":"https:\/\/www.komedija.hr\/www\/repertoar\/"},{"@type":"ListItem","position":3,"name":"JUHA BRA\u0106E MARX"}]},{"@type":"WebSite","@id":"http:\/\/www.komedija.hr\/www\/#website","url":"http:\/\/www.komedija.hr\/www\/","name":"Kazali\u0161te Komedija","description":"","publisher":{"@id":"http:\/\/www.komedija.hr\/www\/#organization"},"potentialAction":[{"@type":"SearchAction","target":{"@type":"EntryPoint","urlTemplate":"http:\/\/www.komedija.hr\/www\/?s={search_term_string}"},"query-input":{"@type":"PropertyValueSpecification","valueRequired":true,"valueName":"search_term_string"}}],"inLanguage":"hr"},{"@type":"Organization","@id":"http:\/\/www.komedija.hr\/www\/#organization","name":"Zagreba\u010dko gradsko Kazali\u0161ta Komedija","url":"http:\/\/www.komedija.hr\/www\/","logo":{"@type":"ImageObject","inLanguage":"hr","@id":"http:\/\/www.komedija.hr\/www\/#\/schema\/logo\/image\/","url":"https:\/\/www.komedija.hr\/www\/wp-content\/uploads\/2020\/02\/cropped-Kazaliste_Komedija_logo_2.png","contentUrl":"https:\/\/www.komedija.hr\/www\/wp-content\/uploads\/2020\/02\/cropped-Kazaliste_Komedija_logo_2.png","width":512,"height":512,"caption":"Zagreba\u010dko gradsko Kazali\u0161ta Komedija"},"image":{"@id":"http:\/\/www.komedija.hr\/www\/#\/schema\/logo\/image\/"},"sameAs":["https:\/\/www.facebook.com\/kazaliste.komedija\/","https:\/\/x.com\/KKomedija","https:\/\/www.instagram.com\/kazaliste_komedija\/","https:\/\/www.youtube.com\/channel\/UC1NcapMYUXJW3miW_oPxT5w\/videos"]}]}},"_links":{"self":[{"href":"https:\/\/www.komedija.hr\/www\/wp-json\/wp\/v2\/pages\/20362","targetHints":{"allow":["GET"]}}],"collection":[{"href":"https:\/\/www.komedija.hr\/www\/wp-json\/wp\/v2\/pages"}],"about":[{"href":"https:\/\/www.komedija.hr\/www\/wp-json\/wp\/v2\/types\/page"}],"author":[{"embeddable":true,"href":"https:\/\/www.komedija.hr\/www\/wp-json\/wp\/v2\/users\/5"}],"replies":[{"embeddable":true,"href":"https:\/\/www.komedija.hr\/www\/wp-json\/wp\/v2\/comments?post=20362"}],"version-history":[{"count":16,"href":"https:\/\/www.komedija.hr\/www\/wp-json\/wp\/v2\/pages\/20362\/revisions"}],"predecessor-version":[{"id":20841,"href":"https:\/\/www.komedija.hr\/www\/wp-json\/wp\/v2\/pages\/20362\/revisions\/20841"}],"up":[{"embeddable":true,"href":"https:\/\/www.komedija.hr\/www\/wp-json\/wp\/v2\/pages\/10"}],"wp:featuredmedia":[{"embeddable":true,"href":"https:\/\/www.komedija.hr\/www\/wp-json\/wp\/v2\/media\/20819"}],"wp:attachment":[{"href":"https:\/\/www.komedija.hr\/www\/wp-json\/wp\/v2\/media?parent=20362"}],"curies":[{"name":"wp","href":"https:\/\/api.w.org\/{rel}","templated":true}]}}