{"id":2047,"date":"2012-03-23T10:23:14","date_gmt":"2012-03-23T10:23:14","guid":{"rendered":"http:\/\/www.komedija.hr\/web\/?page_id=2047"},"modified":"2012-04-09T14:29:44","modified_gmt":"2012-04-09T14:29:44","slug":"caruga","status":"publish","type":"page","link":"https:\/\/www.komedija.hr\/www\/arhiva-predstava\/caruga\/","title":{"rendered":"\u010caruga"},"content":{"rendered":"<blockquote><p>Komedija<\/p><\/blockquote>\n<p>&#8220;Te\u0161ka ali vjerodostojna tragedija gospodina Jurja Ardonjaka iz Feri\u010danaca u Slavoniji koji je umoren u najneobi\u010dnijim okolnostima poradi ljubavi nevjerne mu i bludne supruge \u0161to ju je osje\u0107ala prema mjerniku Borisu Mo\u017eboltu te posredno unajmila lupe\u0161kog haramba\u0161u Jovu Stanisavljevi\u0107a zvanoga \u010caruga da ga ukine sa \u017eivota i u kojoj se vidi neizmjerna zlo\u0107a doti\u010dne i mnogih drugih, sljepilo pohlepe, pohote i ostalih poroka kao i sramotan kraj gotovo svih zlikovaca.&#8221;<\/p>\n<p>U ovoj crnoj komediji slavonskog razbojnika, \u017eenskara i be\u0107ara Jovu Stanisavljevi\u0107a, koji je dvadesetih godina harao Slavonijom, Ku\u0161an prikazuje kao kratkovidnoga \u0161eprtlju i smu\u0161enjaka, a ne opaka odmetnika. Pravi su razbojnici ugledni gra\u0111ani: svi od reda karijeristi, prevaranti, lihvari, licemjeri i ubojice. Koriste\u0107i se modelom &#8220;pu\u010dke komedije s pucanjem&#8221;, Ku\u0161an se poigrava stereotipima, situacije ispunjava briljantnim humorom, a komediju &#8220;za\u010dinja&#8221; so\u010dnim slavonskim dijalektom.<\/p>\n<p><code><code><div class='catablog-catalog'><div class=\"catablog-row catablog-gallery\">\r\n\t<a href=\"https:\/\/www.komedija.hr\/www\/wp-content\/uploads\/catablog\/originals\/carg3.jpg\" class=\"catablog-image\"  >\r\n\t\t<img decoding=\"async\" src=\"https:\/\/www.komedija.hr\/www\/wp-content\/uploads\/catablog\/thumbnails\/carg3.jpg\" alt=\"\" \/>\r\n\t\t<strong class=\"catablog-title\">carg3<\/strong>\t\r\n\t<\/a>\r\n\t<div class=\"catablog-description\"><\/div>\r\n<\/div><div class=\"catablog-row catablog-gallery\">\r\n\t<a href=\"https:\/\/www.komedija.hr\/www\/wp-content\/uploads\/catablog\/originals\/carg6a.jpg\" class=\"catablog-image\"  >\r\n\t\t<img decoding=\"async\" src=\"https:\/\/www.komedija.hr\/www\/wp-content\/uploads\/catablog\/thumbnails\/carg6a.jpg\" alt=\"\" \/>\r\n\t\t<strong class=\"catablog-title\">carg6a<\/strong>\t\r\n\t<\/a>\r\n\t<div class=\"catablog-description\"><\/div>\r\n<\/div><div class=\"catablog-row catablog-gallery\">\r\n\t<a href=\"https:\/\/www.komedija.hr\/www\/wp-content\/uploads\/catablog\/originals\/carg21.jpg\" class=\"catablog-image\"  >\r\n\t\t<img decoding=\"async\" src=\"https:\/\/www.komedija.hr\/www\/wp-content\/uploads\/catablog\/thumbnails\/carg21.jpg\" alt=\"\" \/>\r\n\t\t<strong class=\"catablog-title\">carg21<\/strong>\t\r\n\t<\/a>\r\n\t<div class=\"catablog-description\"><\/div>\r\n<\/div><\/div><div class='catablog-navigation'><span class='catablog-navigation-link catablog-first-page-link catablog-disabled'><\/span> <\/div><\/code><\/code><\/p>\n<p>&#8220;Ku\u0161anov tekst do\u017eivio je pravi preporod, kao da je ju\u010der napisan, konotacije na na\u0161u suvremenost upravo su nevjerojatne. No to nije povod ovoj predstavi. Njezin smisao je gluma\u010dka igra. (Glumci su) u\u017eivali (&#8230;) grade\u0107i s pravom mjerom igru i pjesmom na glazbu Ozrena Depola razgalili publiku. Damir Lon\u010dar nije se nadmetao grade\u0107i svoju ulogu, ve\u0107 je kao pravi, mudar redatelj, teret predstave rasporedio na sve likove. Rezultat je urnebesna predstava (&#8230;), suvremeno i duhovito djelo koje \u0107e zacijelo dugo biti na repertoaru.&#8221;<br \/>\n(\u017delimir Ciglar, Ve\u010dernji list, 18. 1. 2003.)<\/p>\n<p>&#8220;Glumac-redatelj Damir Lon\u010dar (&#8230;) zanatski vje\u0161to isprepli\u0107e konvenciju vodvilja s pu\u010dkom komedijom i gradi predstavu autenti\u010dne i dojmljive atmosfere, s puno patine i manira ranih dvadesetih godina pro\u0161loga stolje\u0107a. Pri tome veliku pomo\u0107 ima i u scenografu Ivi Knezovi\u0107u koji s jednostavno\u0161\u0107u i promi\u0161ljenom ilustrativno\u0161\u0107u dekorira razli\u010dite prostore igre (&#8230;) te posebno u kostimografkinji Mirjani Zagorec \u010diji su elegantni kostimi s filmi\u010dnom stilizacijom posredovali \u0161arm tog vremena. Osnovni gluma\u010dki ton predstavi svojom je kreacijom dao sam Damir Lon\u010dar. Upe\u010datljiva facijalna mimika, gotovo svaki pokret pretvoren u nenametljivi i efektni geg te dojmljivost reakcija na tu\u0111e postupke presudno su odredili njegov suptilno-karikaturalni portret tog lika. (&#8230;) S jednakim osje\u0107ajem za geg i komunikaciju s partnerima svoje su kreacije ostvarili Ivica Zadro i \u017deljko Duvnjak, dok je Mila Elegovi\u0107 Bali\u0107 spretno i slikovito, stalno balansiraju\u0107i na rubu iracionalnog, gradirala \u0107udljivosti, afektiranosti i zavodljivosti. Vrlo duhovitu ulogu ostvario je i Davor Svedru\u017ei\u0107&#8230;&#8221;<br \/>\n(Hrvoje Ivankovi\u0107, Jutarnji list, 19. 1. 2003.)<\/p>\n<p>&#8220;Lon\u010dar je scenski vrlo dobro uspio razigrati dinami\u010dnost Ku\u0161anova teksta koji je ve\u0107 sam po sebi izuzetno scenski podatan ne samo zbog dinami\u010dne radnje, ve\u0107 i zbog jezika kojim likovi govore (&#8230;), kao i zbog sjajno tipiziranih dramskih lica koja glumcima nude bogati materijal. (&#8230;) Desila se jedna od onih predstava koje, unato\u010d potpuno konvencionalnom gluma\u010dko-re\u017eijskom pristupu i poznavanju teksta, pratimo punom pa\u017enjom jer na sceni punokrvno \u017eive i di\u0161u punim plu\u0107ima. Gluma\u010dka je ekipa sjajno uigrana i svatko od glumaca pridonosi cjelokupnom mozaiku, no najvi\u0161e su odu\u0161evili \u017deljko Duvnjak (&#8230;), Davor Svedru\u017ei\u0107 (&#8230;), Damir Lon\u010dar (&#8230;) te \u017eenski dio ekipe &#8211; Mila Elegovi\u0107 Bali\u0107 (&#8230;) te Jasna Pali\u0107 Picukari\u0107. (&#8230;) Veseli \u010dinjenica da se nakon punih deset godina na hrvatskim daskama ponovno mo\u017ee vidjeti jedna od ponajboljih suvremenih doma\u0107ih komedija, naro\u010dito u ovako kvalitetnom izdanju.&#8221;<br \/>\n(Tajana Ga\u0161parovi\u0107, Slobodna Dalmacija, 20. 1. 2003.)<\/p>\n<hr align=\"left\" noshade=\"noshade\" size=\"1\" width=\"100%\" \/>\n<p><em><strong>Zlatni smijeh <\/strong><\/em>na Danima satire 2003. Davoru Svedru\u017ei\u0107u za ulogu Josipa Zelji\u0107a (jedna od pet ravnopravnih gluma\u010dkih nagrada).<\/p>\n<hr align=\"left\" noshade=\"noshade\" size=\"1\" width=\"100%\" \/>\n<p>Zahvaljujemo Vlatku Duli\u0107u &#8211; Lali na pomo\u0107i pri realizaciji produkcije.<\/p>\n<blockquote><p>autor: Ivan Ku\u0161an\u00a0<br \/>\nredatelj:\u00a0 <a title=\"Damir Lon\u010dar\" href=\"http:\/\/www.komedija.hr\/web\/?page_id=1004\">Damir Lon\u010dar\u00a0<br \/>\n<\/a>scenograf:\u00a0 Ivo Knezovi\u0107\u00a0<br \/>\nkostimografkinja: Mirjana Zagorec\u00a0<br \/>\nautor glazbe:\u00a0 Ozren Depolo\u00a0<\/p>\n<p>Nastupaju:\u00a0<br \/>\n<a title=\"Ivica Zadro\" href=\"http:\/\/www.komedija.hr\/web\/?page_id=1393\">Ivica Zadro <\/a>(Juraj Ardonjak),<br \/>\n<a title=\"Mila Elegovi\u0107\" href=\"http:\/\/www.komedija.hr\/web\/?page_id=948\">Mila Elegovi\u0107 Bali\u0107 <\/a>(Ankica),<br \/>\n<a title=\"Sa\u0161a Buneta\" href=\"http:\/\/www.komedija.hr\/web\/?page_id=930\">Sa\u0161a Buneta <\/a>\/ <a title=\"Adam Kon\u010di\u0107\" href=\"http:\/\/www.komedija.hr\/web\/?page_id=958\">Adam Kon\u010di\u0107 <\/a>(Boris Mo\u017ebolt),<br \/>\n<a title=\"Jasna Pali\u0107 Picukari\u0107\" href=\"http:\/\/www.komedija.hr\/web\/?page_id=1101\">Jasna Pali\u0107 Picukari\u0107 <\/a>(Tonka),<br \/>\n<a title=\"\u017deljko Duvnjak\" href=\"http:\/\/www.komedija.hr\/web\/?page_id=946\">\u017deljko Duvnjak <\/a>(Miroslav Franki\u0107),<br \/>\n<a title=\"Davor Svedru\u017ei\u0107\" href=\"http:\/\/www.komedija.hr\/web\/?page_id=1268\">Davor Svedru\u017ei\u0107 <\/a>(Josip Zelji\u0107),<br \/>\n<a title=\"Damir Lon\u010dar\" href=\"http:\/\/www.komedija.hr\/web\/?page_id=1004\">Damir Lon\u010dar <\/a>(Jovo Stanisavljevi\u0107 \u010caruga),<br \/>\n<a title=\"Zlatko O\u017ebolt\" href=\"http:\/\/www.komedija.hr\/web\/?page_id=1094\">Zlatko O\u017ebolt <\/a>(Nikola Giljeti\u0107),<br \/>\n<a title=\"Vid Balog\" href=\"http:\/\/www.komedija.hr\/web\/?page_id=921\">Vid Balog <\/a>(Adam \u017da\u017ei\u0107)<\/p>\n<p>Predstava je primjerena za sve uzraste.<br \/>\nPremijera: 17. sije\u010dnja 2003.<br \/>\nPune cijene ulaznica: 50, 40, 30 kuna.<br \/>\nTrajanje 150 minuta (stanka uklju\u010dena).\u00a0<\/p><\/blockquote>\n","protected":false},"excerpt":{"rendered":"<p>Komedija &#8220;Te\u0161ka ali vjerodostojna tragedija gospodina Jurja Ardonjaka iz Feri\u010danaca u Slavoniji koji je umoren u najneobi\u010dnijim okolnostima poradi ljubavi nevjerne mu i bludne supruge \u0161to ju je osje\u0107ala prema mjerniku Borisu Mo\u017eboltu te posredno unajmila lupe\u0161kog haramba\u0161u Jovu Stanisavljevi\u0107a zvanoga \u010caruga da ga ukine sa \u017eivota i u kojoj se vidi neizmjerna zlo\u0107a doti\u010dne [&hellip;]<\/p>\n","protected":false},"author":4,"featured_media":0,"parent":1659,"menu_order":0,"comment_status":"closed","ping_status":"open","template":"","meta":{"ngg_post_thumbnail":0,"footnotes":""},"class_list":["post-2047","page","type-page","status-publish","hentry"],"yoast_head":"<!-- This site is optimized with the Yoast SEO plugin v27.4 - https:\/\/yoast.com\/product\/yoast-seo-wordpress\/ -->\n<title>\u010caruga - Kazali\u0161te Komedija<\/title>\n<meta name=\"robots\" content=\"index, follow, max-snippet:-1, max-image-preview:large, max-video-preview:-1\" \/>\n<link rel=\"canonical\" href=\"https:\/\/www.komedija.hr\/www\/arhiva-predstava\/caruga\/\" \/>\n<meta property=\"og:locale\" content=\"hr_HR\" \/>\n<meta property=\"og:type\" content=\"article\" \/>\n<meta property=\"og:title\" content=\"\u010caruga - Kazali\u0161te Komedija\" \/>\n<meta property=\"og:description\" content=\"Komedija &#8220;Te\u0161ka ali vjerodostojna tragedija gospodina Jurja Ardonjaka iz Feri\u010danaca u Slavoniji koji je umoren u najneobi\u010dnijim okolnostima poradi ljubavi nevjerne mu i bludne supruge \u0161to ju je osje\u0107ala prema mjerniku Borisu Mo\u017eboltu te posredno unajmila lupe\u0161kog haramba\u0161u Jovu Stanisavljevi\u0107a zvanoga \u010caruga da ga ukine sa \u017eivota i u kojoj se vidi neizmjerna zlo\u0107a doti\u010dne [&hellip;]\" \/>\n<meta property=\"og:url\" content=\"https:\/\/www.komedija.hr\/www\/arhiva-predstava\/caruga\/\" \/>\n<meta property=\"og:site_name\" content=\"Kazali\u0161te Komedija\" \/>\n<meta property=\"article:publisher\" content=\"https:\/\/www.facebook.com\/kazaliste.komedija\/\" \/>\n<meta property=\"article:modified_time\" content=\"2012-04-09T14:29:44+00:00\" \/>\n<meta name=\"twitter:card\" content=\"summary_large_image\" \/>\n<meta name=\"twitter:site\" content=\"@KKomedija\" \/>\n<meta name=\"twitter:label1\" content=\"Procijenjeno vrijeme \u010ditanja\" \/>\n\t<meta name=\"twitter:data1\" content=\"3 minute\" \/>\n<script type=\"application\/ld+json\" class=\"yoast-schema-graph\">{\"@context\":\"https:\\\/\\\/schema.org\",\"@graph\":[{\"@type\":\"WebPage\",\"@id\":\"https:\\\/\\\/www.komedija.hr\\\/www\\\/arhiva-predstava\\\/caruga\\\/\",\"url\":\"https:\\\/\\\/www.komedija.hr\\\/www\\\/arhiva-predstava\\\/caruga\\\/\",\"name\":\"\u010caruga - Kazali\u0161te Komedija\",\"isPartOf\":{\"@id\":\"http:\\\/\\\/www.komedija.hr\\\/www\\\/#website\"},\"datePublished\":\"2012-03-23T10:23:14+00:00\",\"dateModified\":\"2012-04-09T14:29:44+00:00\",\"breadcrumb\":{\"@id\":\"https:\\\/\\\/www.komedija.hr\\\/www\\\/arhiva-predstava\\\/caruga\\\/#breadcrumb\"},\"inLanguage\":\"hr\",\"potentialAction\":[{\"@type\":\"ReadAction\",\"target\":[\"https:\\\/\\\/www.komedija.hr\\\/www\\\/arhiva-predstava\\\/caruga\\\/\"]}]},{\"@type\":\"BreadcrumbList\",\"@id\":\"https:\\\/\\\/www.komedija.hr\\\/www\\\/arhiva-predstava\\\/caruga\\\/#breadcrumb\",\"itemListElement\":[{\"@type\":\"ListItem\",\"position\":1,\"name\":\"Po\u010detna stranica\",\"item\":\"http:\\\/\\\/www.komedija.hr\\\/www\\\/\"},{\"@type\":\"ListItem\",\"position\":2,\"name\":\"Arhiva predstava\",\"item\":\"https:\\\/\\\/www.komedija.hr\\\/www\\\/arhiva-predstava\\\/\"},{\"@type\":\"ListItem\",\"position\":3,\"name\":\"\u010caruga\"}]},{\"@type\":\"WebSite\",\"@id\":\"http:\\\/\\\/www.komedija.hr\\\/www\\\/#website\",\"url\":\"http:\\\/\\\/www.komedija.hr\\\/www\\\/\",\"name\":\"Kazali\u0161te Komedija\",\"description\":\"\",\"publisher\":{\"@id\":\"http:\\\/\\\/www.komedija.hr\\\/www\\\/#organization\"},\"potentialAction\":[{\"@type\":\"SearchAction\",\"target\":{\"@type\":\"EntryPoint\",\"urlTemplate\":\"http:\\\/\\\/www.komedija.hr\\\/www\\\/?s={search_term_string}\"},\"query-input\":{\"@type\":\"PropertyValueSpecification\",\"valueRequired\":true,\"valueName\":\"search_term_string\"}}],\"inLanguage\":\"hr\"},{\"@type\":\"Organization\",\"@id\":\"http:\\\/\\\/www.komedija.hr\\\/www\\\/#organization\",\"name\":\"Zagreba\u010dko gradsko Kazali\u0161ta Komedija\",\"url\":\"http:\\\/\\\/www.komedija.hr\\\/www\\\/\",\"logo\":{\"@type\":\"ImageObject\",\"inLanguage\":\"hr\",\"@id\":\"http:\\\/\\\/www.komedija.hr\\\/www\\\/#\\\/schema\\\/logo\\\/image\\\/\",\"url\":\"https:\\\/\\\/www.komedija.hr\\\/www\\\/wp-content\\\/uploads\\\/2020\\\/02\\\/cropped-Kazaliste_Komedija_logo_2.png\",\"contentUrl\":\"https:\\\/\\\/www.komedija.hr\\\/www\\\/wp-content\\\/uploads\\\/2020\\\/02\\\/cropped-Kazaliste_Komedija_logo_2.png\",\"width\":512,\"height\":512,\"caption\":\"Zagreba\u010dko gradsko Kazali\u0161ta Komedija\"},\"image\":{\"@id\":\"http:\\\/\\\/www.komedija.hr\\\/www\\\/#\\\/schema\\\/logo\\\/image\\\/\"},\"sameAs\":[\"https:\\\/\\\/www.facebook.com\\\/kazaliste.komedija\\\/\",\"https:\\\/\\\/x.com\\\/KKomedija\",\"https:\\\/\\\/www.instagram.com\\\/kazaliste_komedija\\\/\",\"https:\\\/\\\/www.youtube.com\\\/channel\\\/UC1NcapMYUXJW3miW_oPxT5w\\\/videos\"]}]}<\/script>\n<!-- \/ Yoast SEO plugin. -->","yoast_head_json":{"title":"\u010caruga - Kazali\u0161te Komedija","robots":{"index":"index","follow":"follow","max-snippet":"max-snippet:-1","max-image-preview":"max-image-preview:large","max-video-preview":"max-video-preview:-1"},"canonical":"https:\/\/www.komedija.hr\/www\/arhiva-predstava\/caruga\/","og_locale":"hr_HR","og_type":"article","og_title":"\u010caruga - Kazali\u0161te Komedija","og_description":"Komedija &#8220;Te\u0161ka ali vjerodostojna tragedija gospodina Jurja Ardonjaka iz Feri\u010danaca u Slavoniji koji je umoren u najneobi\u010dnijim okolnostima poradi ljubavi nevjerne mu i bludne supruge \u0161to ju je osje\u0107ala prema mjerniku Borisu Mo\u017eboltu te posredno unajmila lupe\u0161kog haramba\u0161u Jovu Stanisavljevi\u0107a zvanoga \u010caruga da ga ukine sa \u017eivota i u kojoj se vidi neizmjerna zlo\u0107a doti\u010dne [&hellip;]","og_url":"https:\/\/www.komedija.hr\/www\/arhiva-predstava\/caruga\/","og_site_name":"Kazali\u0161te Komedija","article_publisher":"https:\/\/www.facebook.com\/kazaliste.komedija\/","article_modified_time":"2012-04-09T14:29:44+00:00","twitter_card":"summary_large_image","twitter_site":"@KKomedija","twitter_misc":{"Procijenjeno vrijeme \u010ditanja":"3 minute"},"schema":{"@context":"https:\/\/schema.org","@graph":[{"@type":"WebPage","@id":"https:\/\/www.komedija.hr\/www\/arhiva-predstava\/caruga\/","url":"https:\/\/www.komedija.hr\/www\/arhiva-predstava\/caruga\/","name":"\u010caruga - Kazali\u0161te Komedija","isPartOf":{"@id":"http:\/\/www.komedija.hr\/www\/#website"},"datePublished":"2012-03-23T10:23:14+00:00","dateModified":"2012-04-09T14:29:44+00:00","breadcrumb":{"@id":"https:\/\/www.komedija.hr\/www\/arhiva-predstava\/caruga\/#breadcrumb"},"inLanguage":"hr","potentialAction":[{"@type":"ReadAction","target":["https:\/\/www.komedija.hr\/www\/arhiva-predstava\/caruga\/"]}]},{"@type":"BreadcrumbList","@id":"https:\/\/www.komedija.hr\/www\/arhiva-predstava\/caruga\/#breadcrumb","itemListElement":[{"@type":"ListItem","position":1,"name":"Po\u010detna stranica","item":"http:\/\/www.komedija.hr\/www\/"},{"@type":"ListItem","position":2,"name":"Arhiva predstava","item":"https:\/\/www.komedija.hr\/www\/arhiva-predstava\/"},{"@type":"ListItem","position":3,"name":"\u010caruga"}]},{"@type":"WebSite","@id":"http:\/\/www.komedija.hr\/www\/#website","url":"http:\/\/www.komedija.hr\/www\/","name":"Kazali\u0161te Komedija","description":"","publisher":{"@id":"http:\/\/www.komedija.hr\/www\/#organization"},"potentialAction":[{"@type":"SearchAction","target":{"@type":"EntryPoint","urlTemplate":"http:\/\/www.komedija.hr\/www\/?s={search_term_string}"},"query-input":{"@type":"PropertyValueSpecification","valueRequired":true,"valueName":"search_term_string"}}],"inLanguage":"hr"},{"@type":"Organization","@id":"http:\/\/www.komedija.hr\/www\/#organization","name":"Zagreba\u010dko gradsko Kazali\u0161ta Komedija","url":"http:\/\/www.komedija.hr\/www\/","logo":{"@type":"ImageObject","inLanguage":"hr","@id":"http:\/\/www.komedija.hr\/www\/#\/schema\/logo\/image\/","url":"https:\/\/www.komedija.hr\/www\/wp-content\/uploads\/2020\/02\/cropped-Kazaliste_Komedija_logo_2.png","contentUrl":"https:\/\/www.komedija.hr\/www\/wp-content\/uploads\/2020\/02\/cropped-Kazaliste_Komedija_logo_2.png","width":512,"height":512,"caption":"Zagreba\u010dko gradsko Kazali\u0161ta Komedija"},"image":{"@id":"http:\/\/www.komedija.hr\/www\/#\/schema\/logo\/image\/"},"sameAs":["https:\/\/www.facebook.com\/kazaliste.komedija\/","https:\/\/x.com\/KKomedija","https:\/\/www.instagram.com\/kazaliste_komedija\/","https:\/\/www.youtube.com\/channel\/UC1NcapMYUXJW3miW_oPxT5w\/videos"]}]}},"_links":{"self":[{"href":"https:\/\/www.komedija.hr\/www\/wp-json\/wp\/v2\/pages\/2047","targetHints":{"allow":["GET"]}}],"collection":[{"href":"https:\/\/www.komedija.hr\/www\/wp-json\/wp\/v2\/pages"}],"about":[{"href":"https:\/\/www.komedija.hr\/www\/wp-json\/wp\/v2\/types\/page"}],"author":[{"embeddable":true,"href":"https:\/\/www.komedija.hr\/www\/wp-json\/wp\/v2\/users\/4"}],"replies":[{"embeddable":true,"href":"https:\/\/www.komedija.hr\/www\/wp-json\/wp\/v2\/comments?post=2047"}],"version-history":[{"count":0,"href":"https:\/\/www.komedija.hr\/www\/wp-json\/wp\/v2\/pages\/2047\/revisions"}],"up":[{"embeddable":true,"href":"https:\/\/www.komedija.hr\/www\/wp-json\/wp\/v2\/pages\/1659"}],"wp:attachment":[{"href":"https:\/\/www.komedija.hr\/www\/wp-json\/wp\/v2\/media?parent=2047"}],"curies":[{"name":"wp","href":"https:\/\/api.w.org\/{rel}","templated":true}]}}