{"id":20511,"date":"2025-04-03T06:52:30","date_gmt":"2025-04-03T04:52:30","guid":{"rendered":"https:\/\/www.komedija.hr\/www\/?page_id=20511"},"modified":"2026-04-08T13:48:26","modified_gmt":"2026-04-08T11:48:26","slug":"six","status":"publish","type":"page","link":"https:\/\/www.komedija.hr\/www\/repertoar\/six\/","title":{"rendered":"SIX"},"content":{"rendered":"<p>Autori: Toby Marlow i Lucy Moss<\/p>\n<p>Aran\u017emani vokala: Joe Beighton<\/p>\n<p>Orkestracija: Tom Curran<\/p>\n<p>&nbsp;<\/p>\n<p>Prevoditelj: Dra\u017een Bratuli\u0107<\/p>\n<p>&nbsp;<\/p>\n<p>Redatelj i koreograf: Igor Barberi\u0107<br \/>\nMuzi\u010dki voditelj: Davor Keli\u0107<br \/>\nScenograf i oblikovatelj svjetla: Sven Ku\u010dini\u0107<br \/>\nKostimogrfkinja: Emina Ku\u0161an<\/p>\n<p>Programiranje rasvjete i svjetlosnih efekata: LUMILAS<\/p>\n<p><strong>Catherine of Aragon:<\/strong><\/p>\n<p>&nbsp;&nbsp;&nbsp;&nbsp;&nbsp;&nbsp;&nbsp;&nbsp;&nbsp;&nbsp;&nbsp;&nbsp;&nbsp;&nbsp;&nbsp; <a href=\"#cmp-21841\">Franka Bateli\u0107<\/a><\/p>\n<p>&nbsp;&nbsp;&nbsp;&nbsp;&nbsp;&nbsp;&nbsp;&nbsp;&nbsp;&nbsp;&nbsp;&nbsp;&nbsp;&nbsp;&nbsp;<a href=\"#cmp-21840\"> Sara Voji\u010di\u0107<\/a><\/p>\n<p><strong>Anne Boleyn:<\/strong><\/p>\n<p>&nbsp;&nbsp;&nbsp;&nbsp;&nbsp;&nbsp;&nbsp;&nbsp;&nbsp;&nbsp;&nbsp;&nbsp;&nbsp;&nbsp;&nbsp; <a href=\"#cmp-20906\">Tara Thaller<\/a><\/p>\n<p>&nbsp;&nbsp;&nbsp;&nbsp;&nbsp;&nbsp;&nbsp;&nbsp;&nbsp;&nbsp;&nbsp;&nbsp;&nbsp;&nbsp;&nbsp;<a href=\"#cmp-21845\"> Nika Ivan\u010di\u0107<\/a><\/p>\n<p><strong>Jane Seymour:<\/strong><\/p>\n<p>&nbsp;&nbsp;&nbsp;&nbsp;&nbsp;&nbsp;&nbsp;&nbsp;&nbsp;&nbsp;&nbsp;&nbsp;&nbsp;&nbsp;&nbsp; <a href=\"#cmp-21842\">Vanda Winter<\/a><\/p>\n<p>&nbsp;&nbsp;&nbsp;&nbsp;&nbsp;&nbsp;&nbsp;&nbsp;&nbsp;&nbsp;&nbsp;&nbsp;&nbsp;&nbsp;&nbsp; <a href=\"#cmp-21846\">Irma Dragi\u010devi\u0107<\/a><\/p>\n<p>&nbsp;&nbsp;&nbsp;&nbsp;&nbsp;&nbsp;&nbsp;&nbsp;&nbsp;&nbsp;&nbsp;&nbsp;&nbsp;&nbsp;&nbsp; <a href=\"#cmp-21839\">Vlatka Kladari\u0107<\/a><\/p>\n<p><strong>Anna of Cleves:<\/strong><\/p>\n<p>&nbsp;&nbsp;&nbsp;&nbsp;&nbsp;&nbsp;&nbsp;&nbsp;&nbsp;&nbsp;&nbsp;&nbsp;&nbsp;&nbsp;&nbsp; <a href=\"#cmp-21845\">Nika Ivan\u010di\u0107&nbsp;&nbsp;<\/a>&nbsp;&nbsp;&nbsp;&nbsp;&nbsp;&nbsp;&nbsp;&nbsp;&nbsp;&nbsp;&nbsp;&nbsp;&nbsp;&nbsp;&nbsp;&nbsp;&nbsp;&nbsp;&nbsp;<\/p>\n<p>&nbsp;&nbsp;&nbsp;&nbsp;&nbsp;&nbsp;&nbsp;&nbsp;&nbsp;&nbsp;&nbsp;&nbsp;&nbsp;&nbsp;&nbsp;<a href=\"#cmp-21844\"> Gina Damjanovi\u0107<\/a><\/p>\n<p><strong>Katherine Howard:<\/strong><\/p>\n<p>&nbsp;&nbsp;&nbsp;&nbsp;&nbsp;&nbsp;&nbsp;&nbsp;&nbsp;&nbsp;&nbsp;&nbsp;&nbsp;&nbsp;&nbsp; <a href=\"#cmp-21843\">Dora Masle<\/a><\/p>\n<p>&nbsp;&nbsp;&nbsp;&nbsp;&nbsp;&nbsp;&nbsp;&nbsp;&nbsp;&nbsp;&nbsp;&nbsp;&nbsp;&nbsp;&nbsp; <a href=\"#cmp-20906\">Tara Thaller<\/a><\/p>\n<p><strong>Catherine Parr:<\/strong><\/p>\n<p>&nbsp;&nbsp;&nbsp;&nbsp;&nbsp;&nbsp;&nbsp;&nbsp;&nbsp;&nbsp;&nbsp;&nbsp;&nbsp;&nbsp;&nbsp; <a href=\"#cmp-21840\">Sara Voji\u010di\u0107<\/a><\/p>\n<p>&nbsp;&nbsp;&nbsp;&nbsp;&nbsp;&nbsp;&nbsp;&nbsp;&nbsp;&nbsp;&nbsp;&nbsp;&nbsp;&nbsp;&nbsp; <a href=\"#cmp-21842\">Vanda Winter<\/a><\/p>\n<p>&nbsp; &nbsp; &nbsp; &nbsp; &nbsp; &nbsp; &nbsp; &nbsp; <a href=\"#cmp-21839\">Vlatka Kladari\u0107<\/a><\/p>\n<p>&nbsp;<\/p>\n<p>Band:<\/p>\n<p>Klavijature: Elizabeta Marjanovi\u0107 i Ana Dadi\u0107<\/p>\n<p>Gitara: Matea Perkovi\u0107 Ciban i Linda Uran<\/p>\n<p>Bas gitara: Jelena Gali\u0107 i Helena Ernoi\u0107<\/p>\n<p>Bubnjevi: Bruna Mati\u0107 i Lucija Kova\u010di\u0107<\/p>\n<p>Prva izvedba: 15. svibnja 2025.<\/p>\n<p><span style=\"color: #ff0000;\">UPOZORENJE: U ovoj se predstavi koriste stroboskopska i jaka bljeskaju\u0107a svjetla koja mogu izazvati smetnje osobama osjetljivima na svjetlosne efekte, uklju\u010duju\u0107i osobe s fotosenzitivnom epilepsijom.<\/span><\/p>\n<p>&nbsp;<\/p>\n<p>&nbsp;<\/p>\n<p>SIX je britanski mjuzikl koji se nametnuo kao svojevrsni pop fenomen u posljednjih nekoliko godina. Ovaj mjuzikl napisalo je dvoje posve mladih ljudi (tek im je 30 godina) dok su studirali na umjetni\u010dkoj akademiji u Cambridgeu.<\/p>\n<p>Nakon \u0161to je izveden na Edinburgh Fringe Festivalu zapo\u010deo je trijumfalni put do velikih pozornica, preko West Enda do Broadwayja.<\/p>\n<p>Pri\u010da prati \u0161est \u017eena engleskog kralja Henrika Osmog koje se susre\u0107u kao pop pjeva\u010dice i natje\u010du za istaknutu solo poziciju, a kriterij po kome \u0107e biti izabrane odre\u0111uje se po tome koja je od njih imala najte\u017ei i najmu\u010dniji \u017eivot kao supruga \u010duvenog Tudora. Svi znamo da \u017eenama Henrika Osmog nije ba\u0161 i\u0161lo najbolje, a njihove sudbine izvrsno ilustrira popularna brojalica \u00abdivorced, beheded, died &#8211; divorced, beheded, survived\u00bb (rastavljena, smaknuta, umrla &#8211; rastavljena, smaknuta, pre\u017eivjela). Upravo te sudbine \u010dine okosnicu zabavne, duhovite fabule u kojoj se ove \u017eene i pjeva\u010dice nadme\u0107u kojoj je bilo najgore. Na kraju zaklju\u010de da to nije ni bitno i da svoj glazbeni put nastavljaju kao pop grupa.<\/p>\n<p>Kako se mladi autori kunu u utjecaj suvremene pop glazbe, posebno autora kao \u0161to su Lady Gaga i Beyonce (Toby Marlow ih u jednom interviewu naziva svojim \u00abmajkama\u00bb) glazbeni hitovi u ovom mjuziklu ogledalo su zapadnog komercijalnog pop\/rock izraza i kao takvi mogli bi biti izrazito privla\u010dni mladoj publici. U predstavi se nevjerojatnom brzinom izmjenjuju duhoviti dijalozi, monolozi, lako pamtljive pjesme i eksplozivne koreografije.<\/p>\n<p>Ovaj moderni glazbeno scenski spektakl poseban je i po tome \u0161to uvodi novi, sve popularniji \u017eanr komornog mjuzikla. Samo \u0161est izvo\u0111a\u010dica bez zbora, baleta ili potrebe za velikim orkestrom (izvodi se uz \u010detvero\u010dlani \u017eenski rock band) na sceni proizvodi ogromnu koli\u010dinu pozitivne energije i zabave pa se nadamo da bi i na Kaptol mogao privu\u0107i toliko \u017eeljene mla\u0111e nara\u0161taje publike.<\/p>\n<p>&nbsp;<\/p>\n<p>Glazbene brojeve iz originalnog mjuzikla mo\u017eete prona\u0107i na platformi <a href=\"https:\/\/open.spotify.com\/album\/1U5eiENtd8mXJeWCVPk50D\">Spotify<\/a>.<\/p>\n","protected":false},"excerpt":{"rendered":"<p>Autori: Toby Marlow i Lucy Moss Aran\u017emani vokala: Joe Beighton Orkestracija: Tom Curran &nbsp; Prevoditelj: Dra\u017een Bratuli\u0107 &nbsp; Redatelj i koreograf: Igor Barberi\u0107 Muzi\u010dki voditelj: Davor Keli\u0107 Scenograf i oblikovatelj svjetla: Sven Ku\u010dini\u0107 Kostimogrfkinja: Emina Ku\u0161an Programiranje rasvjete i svjetlosnih efekata: LUMILAS Catherine of Aragon: &nbsp;&nbsp;&nbsp;&nbsp;&nbsp;&nbsp;&nbsp;&nbsp;&nbsp;&nbsp;&nbsp;&nbsp;&nbsp;&nbsp;&nbsp; Franka Bateli\u0107 &nbsp;&nbsp;&nbsp;&nbsp;&nbsp;&nbsp;&nbsp;&nbsp;&nbsp;&nbsp;&nbsp;&nbsp;&nbsp;&nbsp;&nbsp; Sara Voji\u010di\u0107 Anne Boleyn: &nbsp;&nbsp;&nbsp;&nbsp;&nbsp;&nbsp;&nbsp;&nbsp;&nbsp;&nbsp;&nbsp;&nbsp;&nbsp;&nbsp;&nbsp; Tara [&hellip;]<\/p>\n","protected":false},"author":5,"featured_media":20771,"parent":10,"menu_order":0,"comment_status":"closed","ping_status":"closed","template":"","meta":{"ngg_post_thumbnail":0,"footnotes":""},"class_list":["post-20511","page","type-page","status-publish","has-post-thumbnail","hentry"],"yoast_head":"<!-- This site is optimized with the Yoast SEO plugin v27.4 - https:\/\/yoast.com\/product\/yoast-seo-wordpress\/ -->\n<title>SIX - Kazali\u0161te Komedija<\/title>\n<meta name=\"robots\" content=\"index, follow, max-snippet:-1, max-image-preview:large, max-video-preview:-1\" \/>\n<link rel=\"canonical\" href=\"https:\/\/www.komedija.hr\/www\/repertoar\/six\/\" \/>\n<meta property=\"og:locale\" content=\"hr_HR\" \/>\n<meta property=\"og:type\" content=\"article\" \/>\n<meta property=\"og:title\" content=\"SIX - Kazali\u0161te Komedija\" \/>\n<meta property=\"og:description\" content=\"Autori: Toby Marlow i Lucy Moss Aran\u017emani vokala: Joe Beighton Orkestracija: Tom Curran &nbsp; Prevoditelj: Dra\u017een Bratuli\u0107 &nbsp; Redatelj i koreograf: Igor Barberi\u0107 Muzi\u010dki voditelj: Davor Keli\u0107 Scenograf i oblikovatelj svjetla: Sven Ku\u010dini\u0107 Kostimogrfkinja: Emina Ku\u0161an Programiranje rasvjete i svjetlosnih efekata: LUMILAS Catherine of Aragon: &nbsp;&nbsp;&nbsp;&nbsp;&nbsp;&nbsp;&nbsp;&nbsp;&nbsp;&nbsp;&nbsp;&nbsp;&nbsp;&nbsp;&nbsp; Franka Bateli\u0107 &nbsp;&nbsp;&nbsp;&nbsp;&nbsp;&nbsp;&nbsp;&nbsp;&nbsp;&nbsp;&nbsp;&nbsp;&nbsp;&nbsp;&nbsp; Sara Voji\u010di\u0107 Anne Boleyn: &nbsp;&nbsp;&nbsp;&nbsp;&nbsp;&nbsp;&nbsp;&nbsp;&nbsp;&nbsp;&nbsp;&nbsp;&nbsp;&nbsp;&nbsp; Tara [&hellip;]\" \/>\n<meta property=\"og:url\" content=\"https:\/\/www.komedija.hr\/www\/repertoar\/six\/\" \/>\n<meta property=\"og:site_name\" content=\"Kazali\u0161te Komedija\" \/>\n<meta property=\"article:publisher\" content=\"https:\/\/www.facebook.com\/kazaliste.komedija\/\" \/>\n<meta property=\"article:modified_time\" content=\"2026-04-08T11:48:26+00:00\" \/>\n<meta property=\"og:image\" content=\"https:\/\/www.komedija.hr\/www\/wp-content\/uploads\/2025\/05\/six_1000x750px.jpg\" \/>\n\t<meta property=\"og:image:width\" content=\"1000\" \/>\n\t<meta property=\"og:image:height\" content=\"750\" \/>\n\t<meta property=\"og:image:type\" content=\"image\/jpeg\" \/>\n<meta name=\"twitter:card\" content=\"summary_large_image\" \/>\n<meta name=\"twitter:site\" content=\"@KKomedija\" \/>\n<meta name=\"twitter:label1\" content=\"Procijenjeno vrijeme \u010ditanja\" \/>\n\t<meta name=\"twitter:data1\" content=\"3 minute\" \/>\n<script type=\"application\/ld+json\" class=\"yoast-schema-graph\">{\"@context\":\"https:\\\/\\\/schema.org\",\"@graph\":[{\"@type\":\"WebPage\",\"@id\":\"https:\\\/\\\/www.komedija.hr\\\/www\\\/repertoar\\\/six\\\/\",\"url\":\"https:\\\/\\\/www.komedija.hr\\\/www\\\/repertoar\\\/six\\\/\",\"name\":\"SIX - Kazali\u0161te Komedija\",\"isPartOf\":{\"@id\":\"http:\\\/\\\/www.komedija.hr\\\/www\\\/#website\"},\"primaryImageOfPage\":{\"@id\":\"https:\\\/\\\/www.komedija.hr\\\/www\\\/repertoar\\\/six\\\/#primaryimage\"},\"image\":{\"@id\":\"https:\\\/\\\/www.komedija.hr\\\/www\\\/repertoar\\\/six\\\/#primaryimage\"},\"thumbnailUrl\":\"https:\\\/\\\/www.komedija.hr\\\/www\\\/wp-content\\\/uploads\\\/2025\\\/05\\\/six_1000x750px.jpg\",\"datePublished\":\"2025-04-03T04:52:30+00:00\",\"dateModified\":\"2026-04-08T11:48:26+00:00\",\"breadcrumb\":{\"@id\":\"https:\\\/\\\/www.komedija.hr\\\/www\\\/repertoar\\\/six\\\/#breadcrumb\"},\"inLanguage\":\"hr\",\"potentialAction\":[{\"@type\":\"ReadAction\",\"target\":[\"https:\\\/\\\/www.komedija.hr\\\/www\\\/repertoar\\\/six\\\/\"]}]},{\"@type\":\"ImageObject\",\"inLanguage\":\"hr\",\"@id\":\"https:\\\/\\\/www.komedija.hr\\\/www\\\/repertoar\\\/six\\\/#primaryimage\",\"url\":\"https:\\\/\\\/www.komedija.hr\\\/www\\\/wp-content\\\/uploads\\\/2025\\\/05\\\/six_1000x750px.jpg\",\"contentUrl\":\"https:\\\/\\\/www.komedija.hr\\\/www\\\/wp-content\\\/uploads\\\/2025\\\/05\\\/six_1000x750px.jpg\",\"width\":1000,\"height\":750},{\"@type\":\"BreadcrumbList\",\"@id\":\"https:\\\/\\\/www.komedija.hr\\\/www\\\/repertoar\\\/six\\\/#breadcrumb\",\"itemListElement\":[{\"@type\":\"ListItem\",\"position\":1,\"name\":\"Po\u010detna stranica\",\"item\":\"http:\\\/\\\/www.komedija.hr\\\/www\\\/\"},{\"@type\":\"ListItem\",\"position\":2,\"name\":\"Repertoar\",\"item\":\"https:\\\/\\\/www.komedija.hr\\\/www\\\/repertoar\\\/\"},{\"@type\":\"ListItem\",\"position\":3,\"name\":\"SIX\"}]},{\"@type\":\"WebSite\",\"@id\":\"http:\\\/\\\/www.komedija.hr\\\/www\\\/#website\",\"url\":\"http:\\\/\\\/www.komedija.hr\\\/www\\\/\",\"name\":\"Kazali\u0161te Komedija\",\"description\":\"\",\"publisher\":{\"@id\":\"http:\\\/\\\/www.komedija.hr\\\/www\\\/#organization\"},\"potentialAction\":[{\"@type\":\"SearchAction\",\"target\":{\"@type\":\"EntryPoint\",\"urlTemplate\":\"http:\\\/\\\/www.komedija.hr\\\/www\\\/?s={search_term_string}\"},\"query-input\":{\"@type\":\"PropertyValueSpecification\",\"valueRequired\":true,\"valueName\":\"search_term_string\"}}],\"inLanguage\":\"hr\"},{\"@type\":\"Organization\",\"@id\":\"http:\\\/\\\/www.komedija.hr\\\/www\\\/#organization\",\"name\":\"Zagreba\u010dko gradsko Kazali\u0161ta Komedija\",\"url\":\"http:\\\/\\\/www.komedija.hr\\\/www\\\/\",\"logo\":{\"@type\":\"ImageObject\",\"inLanguage\":\"hr\",\"@id\":\"http:\\\/\\\/www.komedija.hr\\\/www\\\/#\\\/schema\\\/logo\\\/image\\\/\",\"url\":\"https:\\\/\\\/www.komedija.hr\\\/www\\\/wp-content\\\/uploads\\\/2020\\\/02\\\/cropped-Kazaliste_Komedija_logo_2.png\",\"contentUrl\":\"https:\\\/\\\/www.komedija.hr\\\/www\\\/wp-content\\\/uploads\\\/2020\\\/02\\\/cropped-Kazaliste_Komedija_logo_2.png\",\"width\":512,\"height\":512,\"caption\":\"Zagreba\u010dko gradsko Kazali\u0161ta Komedija\"},\"image\":{\"@id\":\"http:\\\/\\\/www.komedija.hr\\\/www\\\/#\\\/schema\\\/logo\\\/image\\\/\"},\"sameAs\":[\"https:\\\/\\\/www.facebook.com\\\/kazaliste.komedija\\\/\",\"https:\\\/\\\/x.com\\\/KKomedija\",\"https:\\\/\\\/www.instagram.com\\\/kazaliste_komedija\\\/\",\"https:\\\/\\\/www.youtube.com\\\/channel\\\/UC1NcapMYUXJW3miW_oPxT5w\\\/videos\"]}]}<\/script>\n<!-- \/ Yoast SEO plugin. -->","yoast_head_json":{"title":"SIX - Kazali\u0161te Komedija","robots":{"index":"index","follow":"follow","max-snippet":"max-snippet:-1","max-image-preview":"max-image-preview:large","max-video-preview":"max-video-preview:-1"},"canonical":"https:\/\/www.komedija.hr\/www\/repertoar\/six\/","og_locale":"hr_HR","og_type":"article","og_title":"SIX - Kazali\u0161te Komedija","og_description":"Autori: Toby Marlow i Lucy Moss Aran\u017emani vokala: Joe Beighton Orkestracija: Tom Curran &nbsp; Prevoditelj: Dra\u017een Bratuli\u0107 &nbsp; Redatelj i koreograf: Igor Barberi\u0107 Muzi\u010dki voditelj: Davor Keli\u0107 Scenograf i oblikovatelj svjetla: Sven Ku\u010dini\u0107 Kostimogrfkinja: Emina Ku\u0161an Programiranje rasvjete i svjetlosnih efekata: LUMILAS Catherine of Aragon: &nbsp;&nbsp;&nbsp;&nbsp;&nbsp;&nbsp;&nbsp;&nbsp;&nbsp;&nbsp;&nbsp;&nbsp;&nbsp;&nbsp;&nbsp; Franka Bateli\u0107 &nbsp;&nbsp;&nbsp;&nbsp;&nbsp;&nbsp;&nbsp;&nbsp;&nbsp;&nbsp;&nbsp;&nbsp;&nbsp;&nbsp;&nbsp; Sara Voji\u010di\u0107 Anne Boleyn: &nbsp;&nbsp;&nbsp;&nbsp;&nbsp;&nbsp;&nbsp;&nbsp;&nbsp;&nbsp;&nbsp;&nbsp;&nbsp;&nbsp;&nbsp; Tara [&hellip;]","og_url":"https:\/\/www.komedija.hr\/www\/repertoar\/six\/","og_site_name":"Kazali\u0161te Komedija","article_publisher":"https:\/\/www.facebook.com\/kazaliste.komedija\/","article_modified_time":"2026-04-08T11:48:26+00:00","og_image":[{"width":1000,"height":750,"url":"https:\/\/www.komedija.hr\/www\/wp-content\/uploads\/2025\/05\/six_1000x750px.jpg","type":"image\/jpeg"}],"twitter_card":"summary_large_image","twitter_site":"@KKomedija","twitter_misc":{"Procijenjeno vrijeme \u010ditanja":"3 minute"},"schema":{"@context":"https:\/\/schema.org","@graph":[{"@type":"WebPage","@id":"https:\/\/www.komedija.hr\/www\/repertoar\/six\/","url":"https:\/\/www.komedija.hr\/www\/repertoar\/six\/","name":"SIX - Kazali\u0161te Komedija","isPartOf":{"@id":"http:\/\/www.komedija.hr\/www\/#website"},"primaryImageOfPage":{"@id":"https:\/\/www.komedija.hr\/www\/repertoar\/six\/#primaryimage"},"image":{"@id":"https:\/\/www.komedija.hr\/www\/repertoar\/six\/#primaryimage"},"thumbnailUrl":"https:\/\/www.komedija.hr\/www\/wp-content\/uploads\/2025\/05\/six_1000x750px.jpg","datePublished":"2025-04-03T04:52:30+00:00","dateModified":"2026-04-08T11:48:26+00:00","breadcrumb":{"@id":"https:\/\/www.komedija.hr\/www\/repertoar\/six\/#breadcrumb"},"inLanguage":"hr","potentialAction":[{"@type":"ReadAction","target":["https:\/\/www.komedija.hr\/www\/repertoar\/six\/"]}]},{"@type":"ImageObject","inLanguage":"hr","@id":"https:\/\/www.komedija.hr\/www\/repertoar\/six\/#primaryimage","url":"https:\/\/www.komedija.hr\/www\/wp-content\/uploads\/2025\/05\/six_1000x750px.jpg","contentUrl":"https:\/\/www.komedija.hr\/www\/wp-content\/uploads\/2025\/05\/six_1000x750px.jpg","width":1000,"height":750},{"@type":"BreadcrumbList","@id":"https:\/\/www.komedija.hr\/www\/repertoar\/six\/#breadcrumb","itemListElement":[{"@type":"ListItem","position":1,"name":"Po\u010detna stranica","item":"http:\/\/www.komedija.hr\/www\/"},{"@type":"ListItem","position":2,"name":"Repertoar","item":"https:\/\/www.komedija.hr\/www\/repertoar\/"},{"@type":"ListItem","position":3,"name":"SIX"}]},{"@type":"WebSite","@id":"http:\/\/www.komedija.hr\/www\/#website","url":"http:\/\/www.komedija.hr\/www\/","name":"Kazali\u0161te Komedija","description":"","publisher":{"@id":"http:\/\/www.komedija.hr\/www\/#organization"},"potentialAction":[{"@type":"SearchAction","target":{"@type":"EntryPoint","urlTemplate":"http:\/\/www.komedija.hr\/www\/?s={search_term_string}"},"query-input":{"@type":"PropertyValueSpecification","valueRequired":true,"valueName":"search_term_string"}}],"inLanguage":"hr"},{"@type":"Organization","@id":"http:\/\/www.komedija.hr\/www\/#organization","name":"Zagreba\u010dko gradsko Kazali\u0161ta Komedija","url":"http:\/\/www.komedija.hr\/www\/","logo":{"@type":"ImageObject","inLanguage":"hr","@id":"http:\/\/www.komedija.hr\/www\/#\/schema\/logo\/image\/","url":"https:\/\/www.komedija.hr\/www\/wp-content\/uploads\/2020\/02\/cropped-Kazaliste_Komedija_logo_2.png","contentUrl":"https:\/\/www.komedija.hr\/www\/wp-content\/uploads\/2020\/02\/cropped-Kazaliste_Komedija_logo_2.png","width":512,"height":512,"caption":"Zagreba\u010dko gradsko Kazali\u0161ta Komedija"},"image":{"@id":"http:\/\/www.komedija.hr\/www\/#\/schema\/logo\/image\/"},"sameAs":["https:\/\/www.facebook.com\/kazaliste.komedija\/","https:\/\/x.com\/KKomedija","https:\/\/www.instagram.com\/kazaliste_komedija\/","https:\/\/www.youtube.com\/channel\/UC1NcapMYUXJW3miW_oPxT5w\/videos"]}]}},"_links":{"self":[{"href":"https:\/\/www.komedija.hr\/www\/wp-json\/wp\/v2\/pages\/20511","targetHints":{"allow":["GET"]}}],"collection":[{"href":"https:\/\/www.komedija.hr\/www\/wp-json\/wp\/v2\/pages"}],"about":[{"href":"https:\/\/www.komedija.hr\/www\/wp-json\/wp\/v2\/types\/page"}],"author":[{"embeddable":true,"href":"https:\/\/www.komedija.hr\/www\/wp-json\/wp\/v2\/users\/5"}],"replies":[{"embeddable":true,"href":"https:\/\/www.komedija.hr\/www\/wp-json\/wp\/v2\/comments?post=20511"}],"version-history":[{"count":16,"href":"https:\/\/www.komedija.hr\/www\/wp-json\/wp\/v2\/pages\/20511\/revisions"}],"predecessor-version":[{"id":21848,"href":"https:\/\/www.komedija.hr\/www\/wp-json\/wp\/v2\/pages\/20511\/revisions\/21848"}],"up":[{"embeddable":true,"href":"https:\/\/www.komedija.hr\/www\/wp-json\/wp\/v2\/pages\/10"}],"wp:featuredmedia":[{"embeddable":true,"href":"https:\/\/www.komedija.hr\/www\/wp-json\/wp\/v2\/media\/20771"}],"wp:attachment":[{"href":"https:\/\/www.komedija.hr\/www\/wp-json\/wp\/v2\/media?parent=20511"}],"curies":[{"name":"wp","href":"https:\/\/api.w.org\/{rel}","templated":true}]}}