{"id":21230,"date":"2025-10-21T10:30:45","date_gmt":"2025-10-21T08:30:45","guid":{"rendered":"https:\/\/www.komedija.hr\/www\/?page_id=21230"},"modified":"2026-04-10T15:27:00","modified_gmt":"2026-04-10T13:27:00","slug":"radio-dubrava","status":"publish","type":"page","link":"https:\/\/www.komedija.hr\/www\/radio-dubrava\/","title":{"rendered":"RADIO DUBRAVA"},"content":{"rendered":"<p><img decoding=\"async\" class=\"alignnone size-medium wp-image-21726\" src=\"https:\/\/www.komedija.hr\/www\/wp-content\/uploads\/2026\/03\/radio-dubrava_WEB-clanak-300x210.png\" alt=\"\" width=\"300\" height=\"210\" srcset=\"https:\/\/www.komedija.hr\/www\/wp-content\/uploads\/2026\/03\/radio-dubrava_WEB-clanak-300x210.png 300w, https:\/\/www.komedija.hr\/www\/wp-content\/uploads\/2026\/03\/radio-dubrava_WEB-clanak-350x245.png 350w, https:\/\/www.komedija.hr\/www\/wp-content\/uploads\/2026\/03\/radio-dubrava_WEB-clanak.png 700w\" sizes=\"(max-width: 300px) 100vw, 300px\" \/><\/p>\n<p>Tekst: Ana Tonkovi\u0107<br \/>\nGlazba: Jasenko Houra, Ines Prajo, Arjana Kun\u0161tek<br \/>\nAran\u017emani: Fedor Boi\u0107<\/p>\n<p>Redatelj: Kre\u0161imir Dolen\u010di\u0107<\/p>\n<p>Scenograf: Ivan Lu\u0161i\u010di\u0107 Liik<br \/>\nKostimografkinja: \u017deljka Franulovi\u0107<br \/>\nKoreografkinja: Larisa Lipovac Navojec<br \/>\nGlazbeni savjetnik: TOMISLAV PARMA\u0106<br \/>\nKorepetitori: Tomislav Parma\u0107, Fedor Boi\u0107<br \/>\nOblikovatelj zvuka: IGOR PAUK<br \/>\nZborovo\u0111a: Davor Keli\u0107<br \/>\nAsistentica scenografa: Tena Palijan<br \/>\nAsistentica kostimografkinje: Ana Kala Kova\u010devi\u0107<\/p>\n<p>Uloge:<\/p>\n<p>SOKNA, zapravo Neven, ali tako ga samo mama zove: Damian Humski<\/p>\n<p>SANJA, Soknina djevojka, Hercova sestra: <a href=\"https:\/\/www.komedija.hr\/www\/ansambl-2\/glumci\/ruzica-maurus\/\">Ru\u017eica Maurus<\/a> \/ Dora Hasanec<\/p>\n<p>HERC, Soknin najbolji prijatelj i Sanjin brat, obitelj ga zove Braco: <a href=\"https:\/\/www.komedija.hr\/www\/ansambl-2\/glumci\/ognjen-milovanovic\/\">Ognjen Milovanovi\u0107<\/a><\/p>\n<p>MARINA, Soknina sestra: Nika Ivan\u010di\u0107<\/p>\n<p>RU\u017dICA, Soknina i Marinina mama: <a href=\"https:\/\/www.komedija.hr\/www\/ansambl-2\/glumci\/palic-picukaric-jasna\/\">Jasna Pali\u0107 Picukari\u0107<\/a><\/p>\n<p>BO\u017dO zvan FERARI, Ru\u017ein \u0161ti\u0107enik: <a href=\"https:\/\/www.komedija.hr\/www\/ansambl-2\/glumci\/goran-malus\/\">Goran Malus<\/a><\/p>\n<p>IVAN IVI\u0106,&nbsp; milicajac, civilna za\u0161tita pa kasnije vlasnik za\u0161titarske firme i gra\u0111evinski poduzetnik: <a href=\"https:\/\/www.komedija.hr\/www\/ansambl-2\/glumci\/ivan-glowatzky\/\">Ivan Glowatzky<\/a><\/p>\n<p>PETARDA: <a href=\"https:\/\/www.komedija.hr\/www\/ansambl-2\/glumci\/jan-kovacic\/\">Jan Kova\u010di\u0107<\/a><\/p>\n<p>Ovca: Matija \u0160kvorc<\/p>\n<p>STANKO: Filip Ri\u0111i\u010dki<\/p>\n<p>PALI\u0106, mafija\u0161: <a href=\"https:\/\/www.komedija.hr\/www\/ansambl-2\/glumci\/balog-vid\/\">Vid Balog<\/a> \/ <a href=\"https:\/\/www.komedija.hr\/www\/ansambl-2\/glumci\/ozbolt-zlatko\/\">Zlatko O\u017ebolt<\/a><\/p>\n<p>PALI\u0106KA, Marija, njegova k\u0107i: <a href=\"#cmp-20906\">Tara Thaller<\/a><\/p>\n<p>KOSTOBER, kvartovski razbija\u010d: <a href=\"https:\/\/www.komedija.hr\/www\/ansambl-2\/glumci\/ivan-magud\/\">Ivan Magud<\/a><\/p>\n<p>KUMPAR, kockar: <a href=\"https:\/\/www.komedija.hr\/www\/ansambl-2\/glumci\/davor-svedruzic\/\">Davor Svedru\u017ei\u0107<\/a><\/p>\n<p>MACA, konobarica u \u0106o\u0161ku: <a href=\"https:\/\/www.komedija.hr\/www\/ansambl-2\/glumci\/nera-stipicevic\/\">Nera Stipi\u010devi\u0107<\/a><\/p>\n<p>BIBA, Sanjina i Hercova mama: <a href=\"https:\/\/www.komedija.hr\/www\/ansambl-2\/glumci\/elegovic-mila\/\">Mila Elegovi\u0107<\/a><\/p>\n<p>DAVOR, Sanjin i Hercov otac: <a href=\"https:\/\/www.komedija.hr\/www\/ansambl-2\/glumci\/buneta-sasa\/\">Sa\u0161a Buneta<\/a><\/p>\n<p>SUSJED, VOJNIK, PRIJATELJ, BIRTIJA\u0160: Bo\u017eidar Peri\u010di\u0107<\/p>\n<p>Zbor Kazali\u0161ta Komedija (u offu): Aleta Arbanas, Lana Bla\u0107e, &nbsp;Jadranka Gospodneti\u0107, Rajka Grabar, Kristina Habu\u0161, Vlatka Kladari\u0107, Dora Masle, Irena Raduka, Dino Antoni\u0107, Boris Barberi\u0107, Dario Do\u0161li\u0107, Zoran Simiki\u0107, Neven Stip\u010di\u0107<\/p>\n<p>Band:<\/p>\n<p>Alan Dovi\u0107 &#8211; elektri\u010dna gitara<\/p>\n<p>Martin Petra\u010di\u0107 &#8211; bas gitara<\/p>\n<p>Marko Kukulj \/ Dubravko Sulik &#8211; gitare<\/p>\n<p>Borna \u0160ercar \/ Ivan Luk\u0161i\u0107 &#8211; bubnjevi<\/p>\n<p>Tomislav Parma\u0107 &#8211; klavir<\/p>\n<p>Mateo \u017dmak &#8211; klavijature<\/p>\n<p>&nbsp;<\/p>\n<p>Inspicijentica: Iva Oluji\u0107<\/p>\n<p>\u0160apta\u010d: Boris \u0160tefan\u010di\u0107<\/p>\n<p>&nbsp;<\/p>\n<p>Premijera: 18. 3.&nbsp; 2026. u Domu Hrvatske vojske &#8220;Zvonimir&#8221; (Ul. Marka Stan\u010di\u0107a 6)<br \/>\nTrajanje: oko 160 minuta; predstava ima jednu stanku<\/p>\n<p>&nbsp;<\/p>\n<p>Oslanjaju\u0107i se na repertoar, poetiku i tematiku pjesama Prljavog kazali\u0161ta, ova predstava u formi mjuzikla govori o Dubravi kao prizmi u kojoj se prelamaju sve silnice posljednjih nekoliko desetlje\u0107a novije hrvatske povijesti. Taj zagreba\u010dki kvart i sudbine njegovih stanovnika po mnogo \u010demu nose i jednu univerzalnu te\u017einu Hrvatske u malom. Tako na\u0161a predstava sa zagreba\u010dkim akcentom precizno zrcali i jedan \u0161iri dru\u0161tveno vremenski kontekst velikih promjena koje su zauvijek obilje\u017eile na\u0161e \u017eivote. Bez obzira na po\u0161tanski broj.<\/p>\n<p>Sadr\u017eaj se prote\u017ee tijekom 20-ak godina i prati skupinu mladih ljudi iz Dubrave od 1991. Glavni junak, Sokna, sa skupinom prijatelja, doslovno s plesnog podija, odlazi u rat. Iza sebe ostavlja djevojku Sanju, majku, sestru i Dubravu. Ratna zbivanja grubo prekidaju mladena\u010dke ideale i fantazije, a pogled na svijet tone u bespomo\u0107ni cinizam poslijeratnog razdoblja. Marginalci preuzimaju kontrolu nad kvartom, a mutan novac postaje valuta uspjeha. Na te\u017ei na\u010din na\u0161i junaci probijaju se do sretnoga kraja kakvog i sami kao autori i publika pri\u017eeljkujemo za svoju djecu.<\/p>\n<p>Struktura i narativna linija predstave ogleda se u kronolo\u0161kom kontinuitetu i tematici diskografije grupe Prljavo kazali\u0161te kao pri\u010da o odrastanju i potrazi za mirom. Rezultat je velika ansambl predstava obilje\u017eena s nekoliko hitova koje svi poznajemo, ali i ve\u0107inom novim pjesmama koju su nastale samo za ovaj mjuzikl. To predstavu \u201eRadio Dubrava\u201c \u010dini vrlo rijetkim i ozbiljnim autorskim projektom kakvog se ne vi\u0111a \u010desto na na\u0161im pozornicama.<\/p>\n<p>&nbsp;<\/p>\n","protected":false},"excerpt":{"rendered":"<p>Tekst: Ana Tonkovi\u0107 Glazba: Jasenko Houra, Ines Prajo, Arjana Kun\u0161tek Aran\u017emani: Fedor Boi\u0107 Redatelj: Kre\u0161imir Dolen\u010di\u0107 Scenograf: Ivan Lu\u0161i\u010di\u0107 Liik Kostimografkinja: \u017deljka Franulovi\u0107 Koreografkinja: Larisa Lipovac Navojec Glazbeni savjetnik: TOMISLAV PARMA\u0106 Korepetitori: Tomislav Parma\u0107, Fedor Boi\u0107 Oblikovatelj zvuka: IGOR PAUK Zborovo\u0111a: Davor Keli\u0107 Asistentica scenografa: Tena Palijan Asistentica kostimografkinje: Ana Kala Kova\u010devi\u0107 Uloge: SOKNA, zapravo [&hellip;]<\/p>\n","protected":false},"author":5,"featured_media":0,"parent":0,"menu_order":0,"comment_status":"closed","ping_status":"closed","template":"","meta":{"ngg_post_thumbnail":0,"footnotes":""},"class_list":["post-21230","page","type-page","status-publish","hentry"],"yoast_head":"<!-- This site is optimized with the Yoast SEO plugin v27.4 - https:\/\/yoast.com\/product\/yoast-seo-wordpress\/ -->\n<title>RADIO DUBRAVA - Kazali\u0161te Komedija<\/title>\n<meta name=\"robots\" content=\"index, follow, max-snippet:-1, max-image-preview:large, max-video-preview:-1\" \/>\n<link rel=\"canonical\" href=\"https:\/\/www.komedija.hr\/www\/radio-dubrava\/\" \/>\n<meta property=\"og:locale\" content=\"hr_HR\" \/>\n<meta property=\"og:type\" content=\"article\" \/>\n<meta property=\"og:title\" content=\"RADIO DUBRAVA - Kazali\u0161te Komedija\" \/>\n<meta property=\"og:description\" content=\"Tekst: Ana Tonkovi\u0107 Glazba: Jasenko Houra, Ines Prajo, Arjana Kun\u0161tek Aran\u017emani: Fedor Boi\u0107 Redatelj: Kre\u0161imir Dolen\u010di\u0107 Scenograf: Ivan Lu\u0161i\u010di\u0107 Liik Kostimografkinja: \u017deljka Franulovi\u0107 Koreografkinja: Larisa Lipovac Navojec Glazbeni savjetnik: TOMISLAV PARMA\u0106 Korepetitori: Tomislav Parma\u0107, Fedor Boi\u0107 Oblikovatelj zvuka: IGOR PAUK Zborovo\u0111a: Davor Keli\u0107 Asistentica scenografa: Tena Palijan Asistentica kostimografkinje: Ana Kala Kova\u010devi\u0107 Uloge: SOKNA, zapravo [&hellip;]\" \/>\n<meta property=\"og:url\" content=\"https:\/\/www.komedija.hr\/www\/radio-dubrava\/\" \/>\n<meta property=\"og:site_name\" content=\"Kazali\u0161te Komedija\" \/>\n<meta property=\"article:publisher\" content=\"https:\/\/www.facebook.com\/kazaliste.komedija\/\" \/>\n<meta property=\"article:modified_time\" content=\"2026-04-10T13:27:00+00:00\" \/>\n<meta property=\"og:image\" content=\"https:\/\/www.komedija.hr\/www\/wp-content\/uploads\/2026\/03\/radio-dubrava_WEB-clanak.png\" \/>\n\t<meta property=\"og:image:width\" content=\"700\" \/>\n\t<meta property=\"og:image:height\" content=\"490\" \/>\n\t<meta property=\"og:image:type\" content=\"image\/png\" \/>\n<meta name=\"twitter:card\" content=\"summary_large_image\" \/>\n<meta name=\"twitter:site\" content=\"@KKomedija\" \/>\n<meta name=\"twitter:label1\" content=\"Procijenjeno vrijeme \u010ditanja\" \/>\n\t<meta name=\"twitter:data1\" content=\"3 minute\" \/>\n<script type=\"application\/ld+json\" class=\"yoast-schema-graph\">{\"@context\":\"https:\\\/\\\/schema.org\",\"@graph\":[{\"@type\":\"WebPage\",\"@id\":\"https:\\\/\\\/www.komedija.hr\\\/www\\\/radio-dubrava\\\/\",\"url\":\"https:\\\/\\\/www.komedija.hr\\\/www\\\/radio-dubrava\\\/\",\"name\":\"RADIO DUBRAVA - Kazali\u0161te Komedija\",\"isPartOf\":{\"@id\":\"http:\\\/\\\/www.komedija.hr\\\/www\\\/#website\"},\"primaryImageOfPage\":{\"@id\":\"https:\\\/\\\/www.komedija.hr\\\/www\\\/radio-dubrava\\\/#primaryimage\"},\"image\":{\"@id\":\"https:\\\/\\\/www.komedija.hr\\\/www\\\/radio-dubrava\\\/#primaryimage\"},\"thumbnailUrl\":\"https:\\\/\\\/www.komedija.hr\\\/www\\\/wp-content\\\/uploads\\\/2026\\\/03\\\/radio-dubrava_WEB-clanak-300x210.png\",\"datePublished\":\"2025-10-21T08:30:45+00:00\",\"dateModified\":\"2026-04-10T13:27:00+00:00\",\"breadcrumb\":{\"@id\":\"https:\\\/\\\/www.komedija.hr\\\/www\\\/radio-dubrava\\\/#breadcrumb\"},\"inLanguage\":\"hr\",\"potentialAction\":[{\"@type\":\"ReadAction\",\"target\":[\"https:\\\/\\\/www.komedija.hr\\\/www\\\/radio-dubrava\\\/\"]}]},{\"@type\":\"ImageObject\",\"inLanguage\":\"hr\",\"@id\":\"https:\\\/\\\/www.komedija.hr\\\/www\\\/radio-dubrava\\\/#primaryimage\",\"url\":\"https:\\\/\\\/www.komedija.hr\\\/www\\\/wp-content\\\/uploads\\\/2026\\\/03\\\/radio-dubrava_WEB-clanak.png\",\"contentUrl\":\"https:\\\/\\\/www.komedija.hr\\\/www\\\/wp-content\\\/uploads\\\/2026\\\/03\\\/radio-dubrava_WEB-clanak.png\",\"width\":700,\"height\":490},{\"@type\":\"BreadcrumbList\",\"@id\":\"https:\\\/\\\/www.komedija.hr\\\/www\\\/radio-dubrava\\\/#breadcrumb\",\"itemListElement\":[{\"@type\":\"ListItem\",\"position\":1,\"name\":\"Po\u010detna stranica\",\"item\":\"http:\\\/\\\/www.komedija.hr\\\/www\\\/\"},{\"@type\":\"ListItem\",\"position\":2,\"name\":\"RADIO DUBRAVA\"}]},{\"@type\":\"WebSite\",\"@id\":\"http:\\\/\\\/www.komedija.hr\\\/www\\\/#website\",\"url\":\"http:\\\/\\\/www.komedija.hr\\\/www\\\/\",\"name\":\"Kazali\u0161te Komedija\",\"description\":\"\",\"publisher\":{\"@id\":\"http:\\\/\\\/www.komedija.hr\\\/www\\\/#organization\"},\"potentialAction\":[{\"@type\":\"SearchAction\",\"target\":{\"@type\":\"EntryPoint\",\"urlTemplate\":\"http:\\\/\\\/www.komedija.hr\\\/www\\\/?s={search_term_string}\"},\"query-input\":{\"@type\":\"PropertyValueSpecification\",\"valueRequired\":true,\"valueName\":\"search_term_string\"}}],\"inLanguage\":\"hr\"},{\"@type\":\"Organization\",\"@id\":\"http:\\\/\\\/www.komedija.hr\\\/www\\\/#organization\",\"name\":\"Zagreba\u010dko gradsko Kazali\u0161ta Komedija\",\"url\":\"http:\\\/\\\/www.komedija.hr\\\/www\\\/\",\"logo\":{\"@type\":\"ImageObject\",\"inLanguage\":\"hr\",\"@id\":\"http:\\\/\\\/www.komedija.hr\\\/www\\\/#\\\/schema\\\/logo\\\/image\\\/\",\"url\":\"https:\\\/\\\/www.komedija.hr\\\/www\\\/wp-content\\\/uploads\\\/2020\\\/02\\\/cropped-Kazaliste_Komedija_logo_2.png\",\"contentUrl\":\"https:\\\/\\\/www.komedija.hr\\\/www\\\/wp-content\\\/uploads\\\/2020\\\/02\\\/cropped-Kazaliste_Komedija_logo_2.png\",\"width\":512,\"height\":512,\"caption\":\"Zagreba\u010dko gradsko Kazali\u0161ta Komedija\"},\"image\":{\"@id\":\"http:\\\/\\\/www.komedija.hr\\\/www\\\/#\\\/schema\\\/logo\\\/image\\\/\"},\"sameAs\":[\"https:\\\/\\\/www.facebook.com\\\/kazaliste.komedija\\\/\",\"https:\\\/\\\/x.com\\\/KKomedija\",\"https:\\\/\\\/www.instagram.com\\\/kazaliste_komedija\\\/\",\"https:\\\/\\\/www.youtube.com\\\/channel\\\/UC1NcapMYUXJW3miW_oPxT5w\\\/videos\"]}]}<\/script>\n<!-- \/ Yoast SEO plugin. -->","yoast_head_json":{"title":"RADIO DUBRAVA - Kazali\u0161te Komedija","robots":{"index":"index","follow":"follow","max-snippet":"max-snippet:-1","max-image-preview":"max-image-preview:large","max-video-preview":"max-video-preview:-1"},"canonical":"https:\/\/www.komedija.hr\/www\/radio-dubrava\/","og_locale":"hr_HR","og_type":"article","og_title":"RADIO DUBRAVA - Kazali\u0161te Komedija","og_description":"Tekst: Ana Tonkovi\u0107 Glazba: Jasenko Houra, Ines Prajo, Arjana Kun\u0161tek Aran\u017emani: Fedor Boi\u0107 Redatelj: Kre\u0161imir Dolen\u010di\u0107 Scenograf: Ivan Lu\u0161i\u010di\u0107 Liik Kostimografkinja: \u017deljka Franulovi\u0107 Koreografkinja: Larisa Lipovac Navojec Glazbeni savjetnik: TOMISLAV PARMA\u0106 Korepetitori: Tomislav Parma\u0107, Fedor Boi\u0107 Oblikovatelj zvuka: IGOR PAUK Zborovo\u0111a: Davor Keli\u0107 Asistentica scenografa: Tena Palijan Asistentica kostimografkinje: Ana Kala Kova\u010devi\u0107 Uloge: SOKNA, zapravo [&hellip;]","og_url":"https:\/\/www.komedija.hr\/www\/radio-dubrava\/","og_site_name":"Kazali\u0161te Komedija","article_publisher":"https:\/\/www.facebook.com\/kazaliste.komedija\/","article_modified_time":"2026-04-10T13:27:00+00:00","og_image":[{"width":700,"height":490,"url":"https:\/\/www.komedija.hr\/www\/wp-content\/uploads\/2026\/03\/radio-dubrava_WEB-clanak.png","type":"image\/png"}],"twitter_card":"summary_large_image","twitter_site":"@KKomedija","twitter_misc":{"Procijenjeno vrijeme \u010ditanja":"3 minute"},"schema":{"@context":"https:\/\/schema.org","@graph":[{"@type":"WebPage","@id":"https:\/\/www.komedija.hr\/www\/radio-dubrava\/","url":"https:\/\/www.komedija.hr\/www\/radio-dubrava\/","name":"RADIO DUBRAVA - Kazali\u0161te Komedija","isPartOf":{"@id":"http:\/\/www.komedija.hr\/www\/#website"},"primaryImageOfPage":{"@id":"https:\/\/www.komedija.hr\/www\/radio-dubrava\/#primaryimage"},"image":{"@id":"https:\/\/www.komedija.hr\/www\/radio-dubrava\/#primaryimage"},"thumbnailUrl":"https:\/\/www.komedija.hr\/www\/wp-content\/uploads\/2026\/03\/radio-dubrava_WEB-clanak-300x210.png","datePublished":"2025-10-21T08:30:45+00:00","dateModified":"2026-04-10T13:27:00+00:00","breadcrumb":{"@id":"https:\/\/www.komedija.hr\/www\/radio-dubrava\/#breadcrumb"},"inLanguage":"hr","potentialAction":[{"@type":"ReadAction","target":["https:\/\/www.komedija.hr\/www\/radio-dubrava\/"]}]},{"@type":"ImageObject","inLanguage":"hr","@id":"https:\/\/www.komedija.hr\/www\/radio-dubrava\/#primaryimage","url":"https:\/\/www.komedija.hr\/www\/wp-content\/uploads\/2026\/03\/radio-dubrava_WEB-clanak.png","contentUrl":"https:\/\/www.komedija.hr\/www\/wp-content\/uploads\/2026\/03\/radio-dubrava_WEB-clanak.png","width":700,"height":490},{"@type":"BreadcrumbList","@id":"https:\/\/www.komedija.hr\/www\/radio-dubrava\/#breadcrumb","itemListElement":[{"@type":"ListItem","position":1,"name":"Po\u010detna stranica","item":"http:\/\/www.komedija.hr\/www\/"},{"@type":"ListItem","position":2,"name":"RADIO DUBRAVA"}]},{"@type":"WebSite","@id":"http:\/\/www.komedija.hr\/www\/#website","url":"http:\/\/www.komedija.hr\/www\/","name":"Kazali\u0161te Komedija","description":"","publisher":{"@id":"http:\/\/www.komedija.hr\/www\/#organization"},"potentialAction":[{"@type":"SearchAction","target":{"@type":"EntryPoint","urlTemplate":"http:\/\/www.komedija.hr\/www\/?s={search_term_string}"},"query-input":{"@type":"PropertyValueSpecification","valueRequired":true,"valueName":"search_term_string"}}],"inLanguage":"hr"},{"@type":"Organization","@id":"http:\/\/www.komedija.hr\/www\/#organization","name":"Zagreba\u010dko gradsko Kazali\u0161ta Komedija","url":"http:\/\/www.komedija.hr\/www\/","logo":{"@type":"ImageObject","inLanguage":"hr","@id":"http:\/\/www.komedija.hr\/www\/#\/schema\/logo\/image\/","url":"https:\/\/www.komedija.hr\/www\/wp-content\/uploads\/2020\/02\/cropped-Kazaliste_Komedija_logo_2.png","contentUrl":"https:\/\/www.komedija.hr\/www\/wp-content\/uploads\/2020\/02\/cropped-Kazaliste_Komedija_logo_2.png","width":512,"height":512,"caption":"Zagreba\u010dko gradsko Kazali\u0161ta Komedija"},"image":{"@id":"http:\/\/www.komedija.hr\/www\/#\/schema\/logo\/image\/"},"sameAs":["https:\/\/www.facebook.com\/kazaliste.komedija\/","https:\/\/x.com\/KKomedija","https:\/\/www.instagram.com\/kazaliste_komedija\/","https:\/\/www.youtube.com\/channel\/UC1NcapMYUXJW3miW_oPxT5w\/videos"]}]}},"_links":{"self":[{"href":"https:\/\/www.komedija.hr\/www\/wp-json\/wp\/v2\/pages\/21230","targetHints":{"allow":["GET"]}}],"collection":[{"href":"https:\/\/www.komedija.hr\/www\/wp-json\/wp\/v2\/pages"}],"about":[{"href":"https:\/\/www.komedija.hr\/www\/wp-json\/wp\/v2\/types\/page"}],"author":[{"embeddable":true,"href":"https:\/\/www.komedija.hr\/www\/wp-json\/wp\/v2\/users\/5"}],"replies":[{"embeddable":true,"href":"https:\/\/www.komedija.hr\/www\/wp-json\/wp\/v2\/comments?post=21230"}],"version-history":[{"count":26,"href":"https:\/\/www.komedija.hr\/www\/wp-json\/wp\/v2\/pages\/21230\/revisions"}],"predecessor-version":[{"id":21864,"href":"https:\/\/www.komedija.hr\/www\/wp-json\/wp\/v2\/pages\/21230\/revisions\/21864"}],"wp:attachment":[{"href":"https:\/\/www.komedija.hr\/www\/wp-json\/wp\/v2\/media?parent=21230"}],"curies":[{"name":"wp","href":"https:\/\/api.w.org\/{rel}","templated":true}]}}