{"id":2350,"date":"2012-04-06T16:58:48","date_gmt":"2012-04-06T16:58:48","guid":{"rendered":"http:\/\/www.komedija.hr\/web\/?page_id=2350"},"modified":"2013-05-15T10:59:33","modified_gmt":"2013-05-15T08:59:33","slug":"dobro-dosli-gospon-mjuzikl","status":"publish","type":"page","link":"https:\/\/www.komedija.hr\/www\/arhiva-predstava\/dobro-dosli-gospon-mjuzikl\/","title":{"rendered":"Dobro do\u0161li, gospon Mjuzikl!"},"content":{"rendered":"<blockquote><p>Glazbeno-scenska revija<\/p><\/blockquote>\n<p>&#8230; &#8220;Gospon&#8221; Mjuzikl se zapravo bez velika \u010du\u0111enja gledali\u0161ta &#8220;ufurao&#8221; na pozornicu vesele kaptolske dame, jer mu je opereta odavna pripremila publiku,a pripomogle su i ameri\u010dke filmske ekranizacije spektakularnih mjuzikala koje su imale u nas golemu mno\u017einu obo\u017eavatelja.Bio je on prijeko potrebna i va\u017ena novina u hrvatskome glumi\u0161tu. Ponajprije zato jer su stvorile nov i druk\u010diji nara\u0161taj izvo\u0111a\u010da, zaseban slog uprizorenja, a ponajvi\u0161e brojnu i vjernu publiku sviju dobi. Kada se pak dvojac Grgi\u0107 &#8211; Kabiljo pojavio s prvim &#8220;hrvatskim odgovorom&#8221; uvoznome mjuziklu (Velika trka,1969.), po\u010delo je dugo i bogato razdoblje tzv.glazbene komedije koje \u0107e ostaviti ba\u0161tini mnoga doma\u0107a scenska djela neprolazne vrijednosti te potaknuti nastanak jo\u0161 modernijega oblika-rock opere&#8230;<\/p>\n<p>Igor Mrdulja\u0161<\/p>\n<blockquote><p>scenarist redatelj:\u00a0 <a title=\"Portret umjetnika: Vlado \u0160tefan\u010di\u0107\" href=\"http:\/\/www.komedija.hr\/web\/?page_id=1177\">Vlado \u0160tefan\u010di\u0107\u00a0<\/a><br \/>\ndirigenti:\u00a0 Miljenko Prohaska, <a title=\"Veseljko Bare\u0161i\u0107\" href=\"http:\/\/www.komedija.hr\/web\/?page_id=1855\">Veseljko Bare\u0161i\u0107<\/a>, Tomislav Uhlik, <a title=\"Dinko Appelt\" href=\"http:\/\/www.komedija.hr\/web\/?page_id=906\">Dinko Appelt<\/a>, Josip Cvitanovi\u0107<br \/>\nkoreografkinje:\u00a0 Tihana \u0160krinjari\u0107, Branka Kolar, Larisa Lipovac, Tamara Curi\u0107, suzana Sliva<br \/>\nizbor kostima:\u00a0 Elvira Ulip\u00a0<\/p>\n<p>Sudjeluju solisti, zbor i orkestar Kazali\u0161ta &#8220;Komedija&#8221;.<br \/>\nKoncert majstor: Jo\u017ee Haluza; zborovo\u0111e: Branko Starc i Dario \u0160tuli\u0107; korepetitor: Du\u0161ko Zubalj<\/p>\n<p>Glazbeno-scenska revija &#8220;The Best of Komedija&#8221;.<\/p>\n<p>Prva izvedba: 22. 5. 2003.<br \/>\nPune cijene ulaznica: 70, 50, 30 kuna.<br \/>\nTrajanje oko 105 minuta.\u00a0<\/p><\/blockquote>\n","protected":false},"excerpt":{"rendered":"<p>Glazbeno-scenska revija &#8230; &#8220;Gospon&#8221; Mjuzikl se zapravo bez velika \u010du\u0111enja gledali\u0161ta &#8220;ufurao&#8221; na pozornicu vesele kaptolske dame, jer mu je opereta odavna pripremila publiku,a pripomogle su i ameri\u010dke filmske ekranizacije spektakularnih mjuzikala koje su imale u nas golemu mno\u017einu obo\u017eavatelja.Bio je on prijeko potrebna i va\u017ena novina u hrvatskome glumi\u0161tu. Ponajprije zato jer su stvorile [&hellip;]<\/p>\n","protected":false},"author":4,"featured_media":0,"parent":1659,"menu_order":0,"comment_status":"closed","ping_status":"open","template":"","meta":{"ngg_post_thumbnail":0,"footnotes":""},"class_list":["post-2350","page","type-page","status-publish","hentry"],"yoast_head":"<!-- This site is optimized with the Yoast SEO plugin v27.6 - https:\/\/yoast.com\/product\/yoast-seo-wordpress\/ -->\n<title>Dobro do\u0161li, gospon Mjuzikl! - Kazali\u0161te Komedija<\/title>\n<meta name=\"robots\" content=\"index, follow, max-snippet:-1, max-image-preview:large, max-video-preview:-1\" \/>\n<link rel=\"canonical\" href=\"https:\/\/www.komedija.hr\/www\/arhiva-predstava\/dobro-dosli-gospon-mjuzikl\/\" \/>\n<meta property=\"og:locale\" content=\"hr_HR\" \/>\n<meta property=\"og:type\" content=\"article\" \/>\n<meta property=\"og:title\" content=\"Dobro do\u0161li, gospon Mjuzikl! - Kazali\u0161te Komedija\" \/>\n<meta property=\"og:description\" content=\"Glazbeno-scenska revija &#8230; &#8220;Gospon&#8221; Mjuzikl se zapravo bez velika \u010du\u0111enja gledali\u0161ta &#8220;ufurao&#8221; na pozornicu vesele kaptolske dame, jer mu je opereta odavna pripremila publiku,a pripomogle su i ameri\u010dke filmske ekranizacije spektakularnih mjuzikala koje su imale u nas golemu mno\u017einu obo\u017eavatelja.Bio je on prijeko potrebna i va\u017ena novina u hrvatskome glumi\u0161tu. Ponajprije zato jer su stvorile [&hellip;]\" \/>\n<meta property=\"og:url\" content=\"https:\/\/www.komedija.hr\/www\/arhiva-predstava\/dobro-dosli-gospon-mjuzikl\/\" \/>\n<meta property=\"og:site_name\" content=\"Kazali\u0161te Komedija\" \/>\n<meta property=\"article:publisher\" content=\"https:\/\/www.facebook.com\/kazaliste.komedija\/\" \/>\n<meta property=\"article:modified_time\" content=\"2013-05-15T08:59:33+00:00\" \/>\n<meta name=\"twitter:card\" content=\"summary_large_image\" \/>\n<meta name=\"twitter:site\" content=\"@KKomedija\" \/>\n<meta name=\"twitter:label1\" content=\"Procijenjeno vrijeme \u010ditanja\" \/>\n\t<meta name=\"twitter:data1\" content=\"1 minuta\" \/>\n<script type=\"application\/ld+json\" class=\"yoast-schema-graph\">{\"@context\":\"https:\\\/\\\/schema.org\",\"@graph\":[{\"@type\":\"WebPage\",\"@id\":\"https:\\\/\\\/www.komedija.hr\\\/www\\\/arhiva-predstava\\\/dobro-dosli-gospon-mjuzikl\\\/\",\"url\":\"https:\\\/\\\/www.komedija.hr\\\/www\\\/arhiva-predstava\\\/dobro-dosli-gospon-mjuzikl\\\/\",\"name\":\"Dobro do\u0161li, gospon Mjuzikl! - Kazali\u0161te Komedija\",\"isPartOf\":{\"@id\":\"http:\\\/\\\/www.komedija.hr\\\/www\\\/#website\"},\"datePublished\":\"2012-04-06T16:58:48+00:00\",\"dateModified\":\"2013-05-15T08:59:33+00:00\",\"breadcrumb\":{\"@id\":\"https:\\\/\\\/www.komedija.hr\\\/www\\\/arhiva-predstava\\\/dobro-dosli-gospon-mjuzikl\\\/#breadcrumb\"},\"inLanguage\":\"hr\",\"potentialAction\":[{\"@type\":\"ReadAction\",\"target\":[\"https:\\\/\\\/www.komedija.hr\\\/www\\\/arhiva-predstava\\\/dobro-dosli-gospon-mjuzikl\\\/\"]}]},{\"@type\":\"BreadcrumbList\",\"@id\":\"https:\\\/\\\/www.komedija.hr\\\/www\\\/arhiva-predstava\\\/dobro-dosli-gospon-mjuzikl\\\/#breadcrumb\",\"itemListElement\":[{\"@type\":\"ListItem\",\"position\":1,\"name\":\"Po\u010detna stranica\",\"item\":\"http:\\\/\\\/www.komedija.hr\\\/www\\\/\"},{\"@type\":\"ListItem\",\"position\":2,\"name\":\"Arhiva predstava\",\"item\":\"https:\\\/\\\/www.komedija.hr\\\/www\\\/arhiva-predstava\\\/\"},{\"@type\":\"ListItem\",\"position\":3,\"name\":\"Dobro do\u0161li, gospon Mjuzikl!\"}]},{\"@type\":\"WebSite\",\"@id\":\"http:\\\/\\\/www.komedija.hr\\\/www\\\/#website\",\"url\":\"http:\\\/\\\/www.komedija.hr\\\/www\\\/\",\"name\":\"Kazali\u0161te Komedija\",\"description\":\"\",\"publisher\":{\"@id\":\"http:\\\/\\\/www.komedija.hr\\\/www\\\/#organization\"},\"potentialAction\":[{\"@type\":\"SearchAction\",\"target\":{\"@type\":\"EntryPoint\",\"urlTemplate\":\"http:\\\/\\\/www.komedija.hr\\\/www\\\/?s={search_term_string}\"},\"query-input\":{\"@type\":\"PropertyValueSpecification\",\"valueRequired\":true,\"valueName\":\"search_term_string\"}}],\"inLanguage\":\"hr\"},{\"@type\":\"Organization\",\"@id\":\"http:\\\/\\\/www.komedija.hr\\\/www\\\/#organization\",\"name\":\"Zagreba\u010dko gradsko Kazali\u0161ta Komedija\",\"url\":\"http:\\\/\\\/www.komedija.hr\\\/www\\\/\",\"logo\":{\"@type\":\"ImageObject\",\"inLanguage\":\"hr\",\"@id\":\"http:\\\/\\\/www.komedija.hr\\\/www\\\/#\\\/schema\\\/logo\\\/image\\\/\",\"url\":\"https:\\\/\\\/www.komedija.hr\\\/www\\\/wp-content\\\/uploads\\\/2020\\\/02\\\/cropped-Kazaliste_Komedija_logo_2.png\",\"contentUrl\":\"https:\\\/\\\/www.komedija.hr\\\/www\\\/wp-content\\\/uploads\\\/2020\\\/02\\\/cropped-Kazaliste_Komedija_logo_2.png\",\"width\":512,\"height\":512,\"caption\":\"Zagreba\u010dko gradsko Kazali\u0161ta Komedija\"},\"image\":{\"@id\":\"http:\\\/\\\/www.komedija.hr\\\/www\\\/#\\\/schema\\\/logo\\\/image\\\/\"},\"sameAs\":[\"https:\\\/\\\/www.facebook.com\\\/kazaliste.komedija\\\/\",\"https:\\\/\\\/x.com\\\/KKomedija\",\"https:\\\/\\\/www.instagram.com\\\/kazaliste_komedija\\\/\",\"https:\\\/\\\/www.youtube.com\\\/channel\\\/UC1NcapMYUXJW3miW_oPxT5w\\\/videos\"]}]}<\/script>\n<!-- \/ Yoast SEO plugin. -->","yoast_head_json":{"title":"Dobro do\u0161li, gospon Mjuzikl! - Kazali\u0161te Komedija","robots":{"index":"index","follow":"follow","max-snippet":"max-snippet:-1","max-image-preview":"max-image-preview:large","max-video-preview":"max-video-preview:-1"},"canonical":"https:\/\/www.komedija.hr\/www\/arhiva-predstava\/dobro-dosli-gospon-mjuzikl\/","og_locale":"hr_HR","og_type":"article","og_title":"Dobro do\u0161li, gospon Mjuzikl! - Kazali\u0161te Komedija","og_description":"Glazbeno-scenska revija &#8230; &#8220;Gospon&#8221; Mjuzikl se zapravo bez velika \u010du\u0111enja gledali\u0161ta &#8220;ufurao&#8221; na pozornicu vesele kaptolske dame, jer mu je opereta odavna pripremila publiku,a pripomogle su i ameri\u010dke filmske ekranizacije spektakularnih mjuzikala koje su imale u nas golemu mno\u017einu obo\u017eavatelja.Bio je on prijeko potrebna i va\u017ena novina u hrvatskome glumi\u0161tu. Ponajprije zato jer su stvorile [&hellip;]","og_url":"https:\/\/www.komedija.hr\/www\/arhiva-predstava\/dobro-dosli-gospon-mjuzikl\/","og_site_name":"Kazali\u0161te Komedija","article_publisher":"https:\/\/www.facebook.com\/kazaliste.komedija\/","article_modified_time":"2013-05-15T08:59:33+00:00","twitter_card":"summary_large_image","twitter_site":"@KKomedija","twitter_misc":{"Procijenjeno vrijeme \u010ditanja":"1 minuta"},"schema":{"@context":"https:\/\/schema.org","@graph":[{"@type":"WebPage","@id":"https:\/\/www.komedija.hr\/www\/arhiva-predstava\/dobro-dosli-gospon-mjuzikl\/","url":"https:\/\/www.komedija.hr\/www\/arhiva-predstava\/dobro-dosli-gospon-mjuzikl\/","name":"Dobro do\u0161li, gospon Mjuzikl! - Kazali\u0161te Komedija","isPartOf":{"@id":"http:\/\/www.komedija.hr\/www\/#website"},"datePublished":"2012-04-06T16:58:48+00:00","dateModified":"2013-05-15T08:59:33+00:00","breadcrumb":{"@id":"https:\/\/www.komedija.hr\/www\/arhiva-predstava\/dobro-dosli-gospon-mjuzikl\/#breadcrumb"},"inLanguage":"hr","potentialAction":[{"@type":"ReadAction","target":["https:\/\/www.komedija.hr\/www\/arhiva-predstava\/dobro-dosli-gospon-mjuzikl\/"]}]},{"@type":"BreadcrumbList","@id":"https:\/\/www.komedija.hr\/www\/arhiva-predstava\/dobro-dosli-gospon-mjuzikl\/#breadcrumb","itemListElement":[{"@type":"ListItem","position":1,"name":"Po\u010detna stranica","item":"http:\/\/www.komedija.hr\/www\/"},{"@type":"ListItem","position":2,"name":"Arhiva predstava","item":"https:\/\/www.komedija.hr\/www\/arhiva-predstava\/"},{"@type":"ListItem","position":3,"name":"Dobro do\u0161li, gospon Mjuzikl!"}]},{"@type":"WebSite","@id":"http:\/\/www.komedija.hr\/www\/#website","url":"http:\/\/www.komedija.hr\/www\/","name":"Kazali\u0161te Komedija","description":"","publisher":{"@id":"http:\/\/www.komedija.hr\/www\/#organization"},"potentialAction":[{"@type":"SearchAction","target":{"@type":"EntryPoint","urlTemplate":"http:\/\/www.komedija.hr\/www\/?s={search_term_string}"},"query-input":{"@type":"PropertyValueSpecification","valueRequired":true,"valueName":"search_term_string"}}],"inLanguage":"hr"},{"@type":"Organization","@id":"http:\/\/www.komedija.hr\/www\/#organization","name":"Zagreba\u010dko gradsko Kazali\u0161ta Komedija","url":"http:\/\/www.komedija.hr\/www\/","logo":{"@type":"ImageObject","inLanguage":"hr","@id":"http:\/\/www.komedija.hr\/www\/#\/schema\/logo\/image\/","url":"https:\/\/www.komedija.hr\/www\/wp-content\/uploads\/2020\/02\/cropped-Kazaliste_Komedija_logo_2.png","contentUrl":"https:\/\/www.komedija.hr\/www\/wp-content\/uploads\/2020\/02\/cropped-Kazaliste_Komedija_logo_2.png","width":512,"height":512,"caption":"Zagreba\u010dko gradsko Kazali\u0161ta Komedija"},"image":{"@id":"http:\/\/www.komedija.hr\/www\/#\/schema\/logo\/image\/"},"sameAs":["https:\/\/www.facebook.com\/kazaliste.komedija\/","https:\/\/x.com\/KKomedija","https:\/\/www.instagram.com\/kazaliste_komedija\/","https:\/\/www.youtube.com\/channel\/UC1NcapMYUXJW3miW_oPxT5w\/videos"]}]}},"_links":{"self":[{"href":"https:\/\/www.komedija.hr\/www\/wp-json\/wp\/v2\/pages\/2350","targetHints":{"allow":["GET"]}}],"collection":[{"href":"https:\/\/www.komedija.hr\/www\/wp-json\/wp\/v2\/pages"}],"about":[{"href":"https:\/\/www.komedija.hr\/www\/wp-json\/wp\/v2\/types\/page"}],"author":[{"embeddable":true,"href":"https:\/\/www.komedija.hr\/www\/wp-json\/wp\/v2\/users\/4"}],"replies":[{"embeddable":true,"href":"https:\/\/www.komedija.hr\/www\/wp-json\/wp\/v2\/comments?post=2350"}],"version-history":[{"count":0,"href":"https:\/\/www.komedija.hr\/www\/wp-json\/wp\/v2\/pages\/2350\/revisions"}],"up":[{"embeddable":true,"href":"https:\/\/www.komedija.hr\/www\/wp-json\/wp\/v2\/pages\/1659"}],"wp:attachment":[{"href":"https:\/\/www.komedija.hr\/www\/wp-json\/wp\/v2\/media?parent=2350"}],"curies":[{"name":"wp","href":"https:\/\/api.w.org\/{rel}","templated":true}]}}