{"id":2353,"date":"2012-04-06T17:02:54","date_gmt":"2012-04-06T17:02:54","guid":{"rendered":"http:\/\/www.komedija.hr\/web\/?page_id=2353"},"modified":"2012-04-06T20:27:12","modified_gmt":"2012-04-06T20:27:12","slug":"kneginja-cardasa","status":"publish","type":"page","link":"https:\/\/www.komedija.hr\/www\/arhiva-predstava\/kneginja-cardasa\/","title":{"rendered":"Kneginja \u010darda\u0161a"},"content":{"rendered":"<blockquote><p>Opereta<br \/>\n(Kazali\u0161te &#8220;Komedija&#8221; i Hrvatsko narodno kazali\u0161te u Osijeku)<\/p><\/blockquote>\n<p>Okosnicu libreta ove opere \u010dini ljubav slavne revijske pjeva\u010dice Silve i mladoga plemi\u0107a Edwina koji se unato\u010d svim predrasudama svoje obitelji ne \u017eeli odre\u0107i voljene \u017eene. Drugi par \u010dine duhoviti vjetrogonja Boni i ljupka Stasi koji, zajedno s predstavnikom &#8220;stare garde&#8221; Feri-bacsijem, unose u radnju za operetu toliko potrebnu komi\u010dnu notu.<\/p>\n<p><code><code><div class='catablog-catalog'><div class=\"catablog-row catablog-gallery\">\r\n\t<a href=\"https:\/\/www.komedija.hr\/www\/wp-content\/uploads\/catablog\/originals\/3aa.jpg\" class=\"catablog-image\"  >\r\n\t\t<img decoding=\"async\" src=\"https:\/\/www.komedija.hr\/www\/wp-content\/uploads\/catablog\/thumbnails\/3aa.jpg\" alt=\"\" \/>\r\n\t\t<strong class=\"catablog-title\">foto1<\/strong>\t\r\n\t<\/a>\r\n\t<div class=\"catablog-description\"><\/div>\r\n<\/div><div class=\"catablog-row catablog-gallery\">\r\n\t<a href=\"https:\/\/www.komedija.hr\/www\/wp-content\/uploads\/catablog\/originals\/1aa.jpg\" class=\"catablog-image\"  >\r\n\t\t<img decoding=\"async\" src=\"https:\/\/www.komedija.hr\/www\/wp-content\/uploads\/catablog\/thumbnails\/1aa.jpg\" alt=\"\" \/>\r\n\t\t<strong class=\"catablog-title\">foto2<\/strong>\t\r\n\t<\/a>\r\n\t<div class=\"catablog-description\"><\/div>\r\n<\/div><div class=\"catablog-row catablog-gallery\">\r\n\t<a href=\"https:\/\/www.komedija.hr\/www\/wp-content\/uploads\/catablog\/originals\/2aa.jpg\" class=\"catablog-image\"  >\r\n\t\t<img decoding=\"async\" src=\"https:\/\/www.komedija.hr\/www\/wp-content\/uploads\/catablog\/thumbnails\/2aa.jpg\" alt=\"\" \/>\r\n\t\t<strong class=\"catablog-title\">foto3<\/strong>\t\r\n\t<\/a>\r\n\t<div class=\"catablog-description\"><\/div>\r\n<\/div><\/div><div class='catablog-navigation'><span class='catablog-navigation-link catablog-first-page-link catablog-disabled'><\/span> <\/div><\/code><\/code><\/p>\n<p>&#8220;Kneginja \u010darda\u0161a&#8221; Emericha K\u00e1lm\u00e1na jedno je od najpoznatijih djela operetne pozornice, a od premijere 1951. godine u Zagreba\u010dkom gradskom kazali\u0161tu &#8220;Komedija&#8221; uz jednu obnovu 1954. (obje pod nazivom &#8220;Silva&#8221;) izvedena je vi\u0161e od 240 puta. Uz arije i duete skladane u taktu valcera te glazbene motive ma\u0111arskog folklora (osobito \u010darda\u0161 koji je podloga nekim glazbenim brojevima) ovo djelo i danas nudi posebnu dra\u017e i svje\u017einu ljubiteljima operete.<\/p>\n<blockquote><p>skladatelj: Emerich K\u00e1lm\u00e1n<br \/>\nnapisali: Leo Stein i Bela Jenbach<br \/>\nredatelj: Vlado \u0160tefan\u010di\u0107<br \/>\ndirigent:\u00a0 Tomislav Uhlik<br \/>\nscenograf:\u00a0 Aleksandar Zlatovi\u0107<br \/>\nkostimografkinja: Ljubica Wagner<br \/>\nkoreografkinja: Sonja Kastl\u00a0\u00a0<br \/>\n\u00a0<br \/>\nNastupaju:\u00a0<br \/>\nSandra Bagari\u0107 (Sylva),<br \/>\nMiljenko \u0110uran (Edwin),<br \/>\nDamir Lon\u010dar (grof Boni Kancsianu),<br \/>\nLarisa Marak (kontesa Stasi),<br \/>\nVlado \u0160tefan\u010di\u0107 (Feri),<br \/>\nLukrecija Bre\u0161kovi\u0107 (Anhilta),<br \/>\nVlado Kova\u010di\u0107 (Leopold Maria),<br \/>\nZlatko O\u017ebolt (Rohnsdorff),<br \/>\nVinko Kraljevi\u0107 (MacGrave),<br \/>\nJosip Fi\u0161er (Kiss),<br \/>\nGordana Major (Tscheppe),<br \/>\nZlatko Kelneri\u0107 (natkonobar),<br \/>\nBoris \u0160tefan\u010di\u0107 (Piccolo),<br \/>\nVanja \u017dingerlin (prima\u0161)<br \/>\n\u00a0<br \/>\nSudjeluju i orkestar, zbor i balet kazali\u0161ta &#8220;Komedija&#8221;.\u00a0<br \/>\n\u00a0<br \/>\nPredstava je primjerena za sve uzraste.<br \/>\nPremijera: 16. lipnja 1992.<br \/>\nPune cijene ulaznica: 70, 50, 30 kuna.<br \/>\nTrajanje: oko 155 minuta (stanka uklju\u010dena).\u00a0<\/p>\n<p>&nbsp;<\/p><\/blockquote>\n","protected":false},"excerpt":{"rendered":"<p>Opereta (Kazali\u0161te &#8220;Komedija&#8221; i Hrvatsko narodno kazali\u0161te u Osijeku) Okosnicu libreta ove opere \u010dini ljubav slavne revijske pjeva\u010dice Silve i mladoga plemi\u0107a Edwina koji se unato\u010d svim predrasudama svoje obitelji ne \u017eeli odre\u0107i voljene \u017eene. Drugi par \u010dine duhoviti vjetrogonja Boni i ljupka Stasi koji, zajedno s predstavnikom &#8220;stare garde&#8221; Feri-bacsijem, unose u radnju za [&hellip;]<\/p>\n","protected":false},"author":4,"featured_media":0,"parent":1659,"menu_order":0,"comment_status":"closed","ping_status":"open","template":"","meta":{"ngg_post_thumbnail":0,"footnotes":""},"class_list":["post-2353","page","type-page","status-publish","hentry"],"yoast_head":"<!-- This site is optimized with the Yoast SEO plugin v27.4 - https:\/\/yoast.com\/product\/yoast-seo-wordpress\/ -->\n<title>Kneginja \u010darda\u0161a - Kazali\u0161te Komedija<\/title>\n<meta name=\"robots\" content=\"index, follow, max-snippet:-1, max-image-preview:large, max-video-preview:-1\" \/>\n<link rel=\"canonical\" href=\"https:\/\/www.komedija.hr\/www\/arhiva-predstava\/kneginja-cardasa\/\" \/>\n<meta property=\"og:locale\" content=\"hr_HR\" \/>\n<meta property=\"og:type\" content=\"article\" \/>\n<meta property=\"og:title\" content=\"Kneginja \u010darda\u0161a - Kazali\u0161te Komedija\" \/>\n<meta property=\"og:description\" content=\"Opereta (Kazali\u0161te &#8220;Komedija&#8221; i Hrvatsko narodno kazali\u0161te u Osijeku) Okosnicu libreta ove opere \u010dini ljubav slavne revijske pjeva\u010dice Silve i mladoga plemi\u0107a Edwina koji se unato\u010d svim predrasudama svoje obitelji ne \u017eeli odre\u0107i voljene \u017eene. Drugi par \u010dine duhoviti vjetrogonja Boni i ljupka Stasi koji, zajedno s predstavnikom &#8220;stare garde&#8221; Feri-bacsijem, unose u radnju za [&hellip;]\" \/>\n<meta property=\"og:url\" content=\"https:\/\/www.komedija.hr\/www\/arhiva-predstava\/kneginja-cardasa\/\" \/>\n<meta property=\"og:site_name\" content=\"Kazali\u0161te Komedija\" \/>\n<meta property=\"article:publisher\" content=\"https:\/\/www.facebook.com\/kazaliste.komedija\/\" \/>\n<meta property=\"article:modified_time\" content=\"2012-04-06T20:27:12+00:00\" \/>\n<meta name=\"twitter:card\" content=\"summary_large_image\" \/>\n<meta name=\"twitter:site\" content=\"@KKomedija\" \/>\n<meta name=\"twitter:label1\" content=\"Procijenjeno vrijeme \u010ditanja\" \/>\n\t<meta name=\"twitter:data1\" content=\"1 minuta\" \/>\n<script type=\"application\/ld+json\" class=\"yoast-schema-graph\">{\"@context\":\"https:\\\/\\\/schema.org\",\"@graph\":[{\"@type\":\"WebPage\",\"@id\":\"https:\\\/\\\/www.komedija.hr\\\/www\\\/arhiva-predstava\\\/kneginja-cardasa\\\/\",\"url\":\"https:\\\/\\\/www.komedija.hr\\\/www\\\/arhiva-predstava\\\/kneginja-cardasa\\\/\",\"name\":\"Kneginja \u010darda\u0161a - Kazali\u0161te Komedija\",\"isPartOf\":{\"@id\":\"http:\\\/\\\/www.komedija.hr\\\/www\\\/#website\"},\"datePublished\":\"2012-04-06T17:02:54+00:00\",\"dateModified\":\"2012-04-06T20:27:12+00:00\",\"breadcrumb\":{\"@id\":\"https:\\\/\\\/www.komedija.hr\\\/www\\\/arhiva-predstava\\\/kneginja-cardasa\\\/#breadcrumb\"},\"inLanguage\":\"hr\",\"potentialAction\":[{\"@type\":\"ReadAction\",\"target\":[\"https:\\\/\\\/www.komedija.hr\\\/www\\\/arhiva-predstava\\\/kneginja-cardasa\\\/\"]}]},{\"@type\":\"BreadcrumbList\",\"@id\":\"https:\\\/\\\/www.komedija.hr\\\/www\\\/arhiva-predstava\\\/kneginja-cardasa\\\/#breadcrumb\",\"itemListElement\":[{\"@type\":\"ListItem\",\"position\":1,\"name\":\"Po\u010detna stranica\",\"item\":\"http:\\\/\\\/www.komedija.hr\\\/www\\\/\"},{\"@type\":\"ListItem\",\"position\":2,\"name\":\"Arhiva predstava\",\"item\":\"https:\\\/\\\/www.komedija.hr\\\/www\\\/arhiva-predstava\\\/\"},{\"@type\":\"ListItem\",\"position\":3,\"name\":\"Kneginja \u010darda\u0161a\"}]},{\"@type\":\"WebSite\",\"@id\":\"http:\\\/\\\/www.komedija.hr\\\/www\\\/#website\",\"url\":\"http:\\\/\\\/www.komedija.hr\\\/www\\\/\",\"name\":\"Kazali\u0161te Komedija\",\"description\":\"\",\"publisher\":{\"@id\":\"http:\\\/\\\/www.komedija.hr\\\/www\\\/#organization\"},\"potentialAction\":[{\"@type\":\"SearchAction\",\"target\":{\"@type\":\"EntryPoint\",\"urlTemplate\":\"http:\\\/\\\/www.komedija.hr\\\/www\\\/?s={search_term_string}\"},\"query-input\":{\"@type\":\"PropertyValueSpecification\",\"valueRequired\":true,\"valueName\":\"search_term_string\"}}],\"inLanguage\":\"hr\"},{\"@type\":\"Organization\",\"@id\":\"http:\\\/\\\/www.komedija.hr\\\/www\\\/#organization\",\"name\":\"Zagreba\u010dko gradsko Kazali\u0161ta Komedija\",\"url\":\"http:\\\/\\\/www.komedija.hr\\\/www\\\/\",\"logo\":{\"@type\":\"ImageObject\",\"inLanguage\":\"hr\",\"@id\":\"http:\\\/\\\/www.komedija.hr\\\/www\\\/#\\\/schema\\\/logo\\\/image\\\/\",\"url\":\"https:\\\/\\\/www.komedija.hr\\\/www\\\/wp-content\\\/uploads\\\/2020\\\/02\\\/cropped-Kazaliste_Komedija_logo_2.png\",\"contentUrl\":\"https:\\\/\\\/www.komedija.hr\\\/www\\\/wp-content\\\/uploads\\\/2020\\\/02\\\/cropped-Kazaliste_Komedija_logo_2.png\",\"width\":512,\"height\":512,\"caption\":\"Zagreba\u010dko gradsko Kazali\u0161ta Komedija\"},\"image\":{\"@id\":\"http:\\\/\\\/www.komedija.hr\\\/www\\\/#\\\/schema\\\/logo\\\/image\\\/\"},\"sameAs\":[\"https:\\\/\\\/www.facebook.com\\\/kazaliste.komedija\\\/\",\"https:\\\/\\\/x.com\\\/KKomedija\",\"https:\\\/\\\/www.instagram.com\\\/kazaliste_komedija\\\/\",\"https:\\\/\\\/www.youtube.com\\\/channel\\\/UC1NcapMYUXJW3miW_oPxT5w\\\/videos\"]}]}<\/script>\n<!-- \/ Yoast SEO plugin. -->","yoast_head_json":{"title":"Kneginja \u010darda\u0161a - Kazali\u0161te Komedija","robots":{"index":"index","follow":"follow","max-snippet":"max-snippet:-1","max-image-preview":"max-image-preview:large","max-video-preview":"max-video-preview:-1"},"canonical":"https:\/\/www.komedija.hr\/www\/arhiva-predstava\/kneginja-cardasa\/","og_locale":"hr_HR","og_type":"article","og_title":"Kneginja \u010darda\u0161a - Kazali\u0161te Komedija","og_description":"Opereta (Kazali\u0161te &#8220;Komedija&#8221; i Hrvatsko narodno kazali\u0161te u Osijeku) Okosnicu libreta ove opere \u010dini ljubav slavne revijske pjeva\u010dice Silve i mladoga plemi\u0107a Edwina koji se unato\u010d svim predrasudama svoje obitelji ne \u017eeli odre\u0107i voljene \u017eene. Drugi par \u010dine duhoviti vjetrogonja Boni i ljupka Stasi koji, zajedno s predstavnikom &#8220;stare garde&#8221; Feri-bacsijem, unose u radnju za [&hellip;]","og_url":"https:\/\/www.komedija.hr\/www\/arhiva-predstava\/kneginja-cardasa\/","og_site_name":"Kazali\u0161te Komedija","article_publisher":"https:\/\/www.facebook.com\/kazaliste.komedija\/","article_modified_time":"2012-04-06T20:27:12+00:00","twitter_card":"summary_large_image","twitter_site":"@KKomedija","twitter_misc":{"Procijenjeno vrijeme \u010ditanja":"1 minuta"},"schema":{"@context":"https:\/\/schema.org","@graph":[{"@type":"WebPage","@id":"https:\/\/www.komedija.hr\/www\/arhiva-predstava\/kneginja-cardasa\/","url":"https:\/\/www.komedija.hr\/www\/arhiva-predstava\/kneginja-cardasa\/","name":"Kneginja \u010darda\u0161a - Kazali\u0161te Komedija","isPartOf":{"@id":"http:\/\/www.komedija.hr\/www\/#website"},"datePublished":"2012-04-06T17:02:54+00:00","dateModified":"2012-04-06T20:27:12+00:00","breadcrumb":{"@id":"https:\/\/www.komedija.hr\/www\/arhiva-predstava\/kneginja-cardasa\/#breadcrumb"},"inLanguage":"hr","potentialAction":[{"@type":"ReadAction","target":["https:\/\/www.komedija.hr\/www\/arhiva-predstava\/kneginja-cardasa\/"]}]},{"@type":"BreadcrumbList","@id":"https:\/\/www.komedija.hr\/www\/arhiva-predstava\/kneginja-cardasa\/#breadcrumb","itemListElement":[{"@type":"ListItem","position":1,"name":"Po\u010detna stranica","item":"http:\/\/www.komedija.hr\/www\/"},{"@type":"ListItem","position":2,"name":"Arhiva predstava","item":"https:\/\/www.komedija.hr\/www\/arhiva-predstava\/"},{"@type":"ListItem","position":3,"name":"Kneginja \u010darda\u0161a"}]},{"@type":"WebSite","@id":"http:\/\/www.komedija.hr\/www\/#website","url":"http:\/\/www.komedija.hr\/www\/","name":"Kazali\u0161te Komedija","description":"","publisher":{"@id":"http:\/\/www.komedija.hr\/www\/#organization"},"potentialAction":[{"@type":"SearchAction","target":{"@type":"EntryPoint","urlTemplate":"http:\/\/www.komedija.hr\/www\/?s={search_term_string}"},"query-input":{"@type":"PropertyValueSpecification","valueRequired":true,"valueName":"search_term_string"}}],"inLanguage":"hr"},{"@type":"Organization","@id":"http:\/\/www.komedija.hr\/www\/#organization","name":"Zagreba\u010dko gradsko Kazali\u0161ta Komedija","url":"http:\/\/www.komedija.hr\/www\/","logo":{"@type":"ImageObject","inLanguage":"hr","@id":"http:\/\/www.komedija.hr\/www\/#\/schema\/logo\/image\/","url":"https:\/\/www.komedija.hr\/www\/wp-content\/uploads\/2020\/02\/cropped-Kazaliste_Komedija_logo_2.png","contentUrl":"https:\/\/www.komedija.hr\/www\/wp-content\/uploads\/2020\/02\/cropped-Kazaliste_Komedija_logo_2.png","width":512,"height":512,"caption":"Zagreba\u010dko gradsko Kazali\u0161ta Komedija"},"image":{"@id":"http:\/\/www.komedija.hr\/www\/#\/schema\/logo\/image\/"},"sameAs":["https:\/\/www.facebook.com\/kazaliste.komedija\/","https:\/\/x.com\/KKomedija","https:\/\/www.instagram.com\/kazaliste_komedija\/","https:\/\/www.youtube.com\/channel\/UC1NcapMYUXJW3miW_oPxT5w\/videos"]}]}},"_links":{"self":[{"href":"https:\/\/www.komedija.hr\/www\/wp-json\/wp\/v2\/pages\/2353","targetHints":{"allow":["GET"]}}],"collection":[{"href":"https:\/\/www.komedija.hr\/www\/wp-json\/wp\/v2\/pages"}],"about":[{"href":"https:\/\/www.komedija.hr\/www\/wp-json\/wp\/v2\/types\/page"}],"author":[{"embeddable":true,"href":"https:\/\/www.komedija.hr\/www\/wp-json\/wp\/v2\/users\/4"}],"replies":[{"embeddable":true,"href":"https:\/\/www.komedija.hr\/www\/wp-json\/wp\/v2\/comments?post=2353"}],"version-history":[{"count":0,"href":"https:\/\/www.komedija.hr\/www\/wp-json\/wp\/v2\/pages\/2353\/revisions"}],"up":[{"embeddable":true,"href":"https:\/\/www.komedija.hr\/www\/wp-json\/wp\/v2\/pages\/1659"}],"wp:attachment":[{"href":"https:\/\/www.komedija.hr\/www\/wp-json\/wp\/v2\/media?parent=2353"}],"curies":[{"name":"wp","href":"https:\/\/api.w.org\/{rel}","templated":true}]}}