{"id":2438,"date":"2012-04-09T06:56:40","date_gmt":"2012-04-09T06:56:40","guid":{"rendered":"http:\/\/www.komedija.hr\/web\/?page_id=2438"},"modified":"2012-04-09T14:18:05","modified_gmt":"2012-04-09T14:18:05","slug":"gospodsko-dijete","status":"publish","type":"page","link":"https:\/\/www.komedija.hr\/www\/arhiva-predstava\/gospodsko-dijete\/","title":{"rendered":"Gospodsko dijete"},"content":{"rendered":"<blockquote><p>Komedija<\/p><\/blockquote>\n<p>Vje\u010dno gladni &#8220;gospodi\u010di\u0107&#8221; Jo\u017eek iz obitelji Trpotec nije onaj koga Irma pl. Majur ima na umu kad razmi\u0161lja o pove\u0107anju svog i suprugovog javnog ugleda. Marica pak, iako ne \u017eeli postati gospodi\u010dnom, \u017eeli miraz za udaju. No \u0161to ako je upravo Jo\u017eek gospodsko dijete? Gospo\u0111a Majur pronalazi rje\u0161enje u svakoj nepredvi\u0111enoj situaciji!<\/p>\n<p><code><code><div class='catablog-catalog'><div class=\"catablog-row catablog-gallery\">\r\n\t<a href=\"https:\/\/www.komedija.hr\/www\/wp-content\/uploads\/catablog\/originals\/18slika.jpg\" class=\"catablog-image\"  >\r\n\t\t<img decoding=\"async\" src=\"https:\/\/www.komedija.hr\/www\/wp-content\/uploads\/catablog\/thumbnails\/18slika.jpg\" alt=\"\" \/>\r\n\t\t<strong class=\"catablog-title\">18slika<\/strong>\t\r\n\t<\/a>\r\n\t<div class=\"catablog-description\"><\/div>\r\n<\/div><div class=\"catablog-row catablog-gallery\">\r\n\t<a href=\"https:\/\/www.komedija.hr\/www\/wp-content\/uploads\/catablog\/originals\/scan1-2.jpg\" class=\"catablog-image\"  >\r\n\t\t<img decoding=\"async\" src=\"https:\/\/www.komedija.hr\/www\/wp-content\/uploads\/catablog\/thumbnails\/scan1-2.jpg\" alt=\"\" \/>\r\n\t\t<strong class=\"catablog-title\">scan1<\/strong>\t\r\n\t<\/a>\r\n\t<div class=\"catablog-description\"><\/div>\r\n<\/div><div class=\"catablog-row catablog-gallery\">\r\n\t<a href=\"https:\/\/www.komedija.hr\/www\/wp-content\/uploads\/catablog\/originals\/scan2.jpg\" class=\"catablog-image\"  >\r\n\t\t<img decoding=\"async\" src=\"https:\/\/www.komedija.hr\/www\/wp-content\/uploads\/catablog\/thumbnails\/scan2.jpg\" alt=\"\" \/>\r\n\t\t<strong class=\"catablog-title\">scan2<\/strong>\t\r\n\t<\/a>\r\n\t<div class=\"catablog-description\"><\/div>\r\n<\/div><\/div><div class='catablog-navigation'><span class='catablog-navigation-link catablog-first-page-link catablog-disabled'><\/span> <\/div><\/code><\/code><\/p>\n<p>Ljubavne nezgode, neprilago\u0111enost, sukob izvje\u0161ta\u010denosti i prirodnosti te vrlo vje\u0161ta dijalektalna igra izme\u0111u gradskog i seoskoga govora (izvorne \u0161estinske kajkav\u0161tine) osnove su ove neprijeporno ponajbolje hrvatske komedije izme\u0111u dva svjetska rata. Prema rije\u010dima Dubravka Jel\u010di\u0107a, ovo djelo stoji kao &#8220;jedinstveni puni pogodak, stilski pro\u010di\u0161\u0107ena, literarno i scenski izra\u017eajna, \u017eivotno istinita i zabavna komedija sa svim elementima na\u0161e emotivne posebnosti.&#8221;<\/p>\n<p><em>NAGRADA HRVATSKOG GLUMI\u0160TA godine 2000. Jasni Pali\u0107 Picukari\u0107 za ulogu Marice<\/em><\/p>\n<blockquote><p>autor: Kalman Mesari\u0107<br \/>\nredatelj: \u017delimir Mesari\u0107<br \/>\nscenograf:\u00a0 Zlatko Bourek<br \/>\nkostimografkinja: Dijana Bourek<br \/>\ndizajner rasvjete: Olivije Mare\u010di\u0107<br \/>\n\u00a0<br \/>\nPomo\u0107nik redatelja: <a title=\"\u017deljko Duvnjak\" href=\"http:\/\/www.komedija.hr\/web\/?page_id=946\">\u017deljko Duvnjak<\/a>; asistent scenografa: \u0110or\u0111e Jandri\u0107; lektor za \u0161estinski govor: <a title=\"Zlatko O\u017ebolt\" href=\"http:\/\/www.komedija.hr\/web\/?page_id=1094\">Zlatko O\u017ebolt\u00a0\u00a0<br \/>\n<\/a>\u00a0\u00a0<br \/>\nNastupaju:<br \/>\nLela Margiti\u0107 (Jaga Trpotec),<br \/>\n<a title=\"Jasna Pali\u0107 Picukari\u0107\" href=\"http:\/\/www.komedija.hr\/web\/?page_id=1101\">Jasna Pali\u0107 Picukari\u0107 <\/a>(Marica),<br \/>\nBoris Pavleni\u0107 (\u0160imun Trpotec),<br \/>\n<a title=\"Sanja Marin\" href=\"http:\/\/www.komedija.hr\/web\/?page_id=1381\">Sanja Marin<\/a> (Irma pl. Majur),<br \/>\n<a title=\"Zlatko O\u017ebolt\" href=\"http:\/\/www.komedija.hr\/web\/?page_id=1094\">Zlatko O\u017ebolt <\/a>(dr. Albin pl. Majur),<br \/>\n<a title=\"\u017deljko Duvnjak\" href=\"http:\/\/www.komedija.hr\/web\/?page_id=946\">\u017deljko Duvnjak <\/a>(Jo\u017eek),<br \/>\n<a title=\"Davor Svedru\u017ei\u0107\" href=\"http:\/\/www.komedija.hr\/web\/?page_id=1268\">Davor Svedru\u017ei\u0107 <\/a>(Mi\u0161ko Habulin),<br \/>\n<a title=\"Dra\u017een \u010cu\u010dek\" href=\"http:\/\/www.komedija.hr\/web\/?page_id=937\">Dra\u017een \u010cu\u010dek <\/a>(Valent Korpar)\u00a0<br \/>\n\u00a0\u00a0\u00a0<br \/>\nPredstava je primjerena za sve uzraste.<br \/>\nPremijera: 9. prosinca 1999.<br \/>\nPune cijene ulaznica: 50, 35, 20 kuna.<br \/>\nTrajanje: oko 135 minuta (stanka uklju\u010dena).<\/p>\n<p>&nbsp;<\/p><\/blockquote>\n","protected":false},"excerpt":{"rendered":"<p>Komedija Vje\u010dno gladni &#8220;gospodi\u010di\u0107&#8221; Jo\u017eek iz obitelji Trpotec nije onaj koga Irma pl. Majur ima na umu kad razmi\u0161lja o pove\u0107anju svog i suprugovog javnog ugleda. Marica pak, iako ne \u017eeli postati gospodi\u010dnom, \u017eeli miraz za udaju. No \u0161to ako je upravo Jo\u017eek gospodsko dijete? Gospo\u0111a Majur pronalazi rje\u0161enje u svakoj nepredvi\u0111enoj situaciji! Ljubavne nezgode, [&hellip;]<\/p>\n","protected":false},"author":4,"featured_media":0,"parent":1659,"menu_order":0,"comment_status":"closed","ping_status":"open","template":"","meta":{"ngg_post_thumbnail":0,"footnotes":""},"class_list":["post-2438","page","type-page","status-publish","hentry"],"yoast_head":"<!-- This site is optimized with the Yoast SEO plugin v27.4 - https:\/\/yoast.com\/product\/yoast-seo-wordpress\/ -->\n<title>Gospodsko dijete - Kazali\u0161te Komedija<\/title>\n<meta name=\"robots\" content=\"index, follow, max-snippet:-1, max-image-preview:large, max-video-preview:-1\" \/>\n<link rel=\"canonical\" href=\"https:\/\/www.komedija.hr\/www\/arhiva-predstava\/gospodsko-dijete\/\" \/>\n<meta property=\"og:locale\" content=\"hr_HR\" \/>\n<meta property=\"og:type\" content=\"article\" \/>\n<meta property=\"og:title\" content=\"Gospodsko dijete - Kazali\u0161te Komedija\" \/>\n<meta property=\"og:description\" content=\"Komedija Vje\u010dno gladni &#8220;gospodi\u010di\u0107&#8221; Jo\u017eek iz obitelji Trpotec nije onaj koga Irma pl. Majur ima na umu kad razmi\u0161lja o pove\u0107anju svog i suprugovog javnog ugleda. Marica pak, iako ne \u017eeli postati gospodi\u010dnom, \u017eeli miraz za udaju. No \u0161to ako je upravo Jo\u017eek gospodsko dijete? Gospo\u0111a Majur pronalazi rje\u0161enje u svakoj nepredvi\u0111enoj situaciji! Ljubavne nezgode, [&hellip;]\" \/>\n<meta property=\"og:url\" content=\"https:\/\/www.komedija.hr\/www\/arhiva-predstava\/gospodsko-dijete\/\" \/>\n<meta property=\"og:site_name\" content=\"Kazali\u0161te Komedija\" \/>\n<meta property=\"article:publisher\" content=\"https:\/\/www.facebook.com\/kazaliste.komedija\/\" \/>\n<meta property=\"article:modified_time\" content=\"2012-04-09T14:18:05+00:00\" \/>\n<meta name=\"twitter:card\" content=\"summary_large_image\" \/>\n<meta name=\"twitter:site\" content=\"@KKomedija\" \/>\n<meta name=\"twitter:label1\" content=\"Procijenjeno vrijeme \u010ditanja\" \/>\n\t<meta name=\"twitter:data1\" content=\"1 minuta\" \/>\n<script type=\"application\/ld+json\" class=\"yoast-schema-graph\">{\"@context\":\"https:\\\/\\\/schema.org\",\"@graph\":[{\"@type\":\"WebPage\",\"@id\":\"https:\\\/\\\/www.komedija.hr\\\/www\\\/arhiva-predstava\\\/gospodsko-dijete\\\/\",\"url\":\"https:\\\/\\\/www.komedija.hr\\\/www\\\/arhiva-predstava\\\/gospodsko-dijete\\\/\",\"name\":\"Gospodsko dijete - Kazali\u0161te Komedija\",\"isPartOf\":{\"@id\":\"http:\\\/\\\/www.komedija.hr\\\/www\\\/#website\"},\"datePublished\":\"2012-04-09T06:56:40+00:00\",\"dateModified\":\"2012-04-09T14:18:05+00:00\",\"breadcrumb\":{\"@id\":\"https:\\\/\\\/www.komedija.hr\\\/www\\\/arhiva-predstava\\\/gospodsko-dijete\\\/#breadcrumb\"},\"inLanguage\":\"hr\",\"potentialAction\":[{\"@type\":\"ReadAction\",\"target\":[\"https:\\\/\\\/www.komedija.hr\\\/www\\\/arhiva-predstava\\\/gospodsko-dijete\\\/\"]}]},{\"@type\":\"BreadcrumbList\",\"@id\":\"https:\\\/\\\/www.komedija.hr\\\/www\\\/arhiva-predstava\\\/gospodsko-dijete\\\/#breadcrumb\",\"itemListElement\":[{\"@type\":\"ListItem\",\"position\":1,\"name\":\"Po\u010detna stranica\",\"item\":\"http:\\\/\\\/www.komedija.hr\\\/www\\\/\"},{\"@type\":\"ListItem\",\"position\":2,\"name\":\"Arhiva predstava\",\"item\":\"https:\\\/\\\/www.komedija.hr\\\/www\\\/arhiva-predstava\\\/\"},{\"@type\":\"ListItem\",\"position\":3,\"name\":\"Gospodsko dijete\"}]},{\"@type\":\"WebSite\",\"@id\":\"http:\\\/\\\/www.komedija.hr\\\/www\\\/#website\",\"url\":\"http:\\\/\\\/www.komedija.hr\\\/www\\\/\",\"name\":\"Kazali\u0161te Komedija\",\"description\":\"\",\"publisher\":{\"@id\":\"http:\\\/\\\/www.komedija.hr\\\/www\\\/#organization\"},\"potentialAction\":[{\"@type\":\"SearchAction\",\"target\":{\"@type\":\"EntryPoint\",\"urlTemplate\":\"http:\\\/\\\/www.komedija.hr\\\/www\\\/?s={search_term_string}\"},\"query-input\":{\"@type\":\"PropertyValueSpecification\",\"valueRequired\":true,\"valueName\":\"search_term_string\"}}],\"inLanguage\":\"hr\"},{\"@type\":\"Organization\",\"@id\":\"http:\\\/\\\/www.komedija.hr\\\/www\\\/#organization\",\"name\":\"Zagreba\u010dko gradsko Kazali\u0161ta Komedija\",\"url\":\"http:\\\/\\\/www.komedija.hr\\\/www\\\/\",\"logo\":{\"@type\":\"ImageObject\",\"inLanguage\":\"hr\",\"@id\":\"http:\\\/\\\/www.komedija.hr\\\/www\\\/#\\\/schema\\\/logo\\\/image\\\/\",\"url\":\"https:\\\/\\\/www.komedija.hr\\\/www\\\/wp-content\\\/uploads\\\/2020\\\/02\\\/cropped-Kazaliste_Komedija_logo_2.png\",\"contentUrl\":\"https:\\\/\\\/www.komedija.hr\\\/www\\\/wp-content\\\/uploads\\\/2020\\\/02\\\/cropped-Kazaliste_Komedija_logo_2.png\",\"width\":512,\"height\":512,\"caption\":\"Zagreba\u010dko gradsko Kazali\u0161ta Komedija\"},\"image\":{\"@id\":\"http:\\\/\\\/www.komedija.hr\\\/www\\\/#\\\/schema\\\/logo\\\/image\\\/\"},\"sameAs\":[\"https:\\\/\\\/www.facebook.com\\\/kazaliste.komedija\\\/\",\"https:\\\/\\\/x.com\\\/KKomedija\",\"https:\\\/\\\/www.instagram.com\\\/kazaliste_komedija\\\/\",\"https:\\\/\\\/www.youtube.com\\\/channel\\\/UC1NcapMYUXJW3miW_oPxT5w\\\/videos\"]}]}<\/script>\n<!-- \/ Yoast SEO plugin. -->","yoast_head_json":{"title":"Gospodsko dijete - Kazali\u0161te Komedija","robots":{"index":"index","follow":"follow","max-snippet":"max-snippet:-1","max-image-preview":"max-image-preview:large","max-video-preview":"max-video-preview:-1"},"canonical":"https:\/\/www.komedija.hr\/www\/arhiva-predstava\/gospodsko-dijete\/","og_locale":"hr_HR","og_type":"article","og_title":"Gospodsko dijete - Kazali\u0161te Komedija","og_description":"Komedija Vje\u010dno gladni &#8220;gospodi\u010di\u0107&#8221; Jo\u017eek iz obitelji Trpotec nije onaj koga Irma pl. Majur ima na umu kad razmi\u0161lja o pove\u0107anju svog i suprugovog javnog ugleda. Marica pak, iako ne \u017eeli postati gospodi\u010dnom, \u017eeli miraz za udaju. No \u0161to ako je upravo Jo\u017eek gospodsko dijete? Gospo\u0111a Majur pronalazi rje\u0161enje u svakoj nepredvi\u0111enoj situaciji! Ljubavne nezgode, [&hellip;]","og_url":"https:\/\/www.komedija.hr\/www\/arhiva-predstava\/gospodsko-dijete\/","og_site_name":"Kazali\u0161te Komedija","article_publisher":"https:\/\/www.facebook.com\/kazaliste.komedija\/","article_modified_time":"2012-04-09T14:18:05+00:00","twitter_card":"summary_large_image","twitter_site":"@KKomedija","twitter_misc":{"Procijenjeno vrijeme \u010ditanja":"1 minuta"},"schema":{"@context":"https:\/\/schema.org","@graph":[{"@type":"WebPage","@id":"https:\/\/www.komedija.hr\/www\/arhiva-predstava\/gospodsko-dijete\/","url":"https:\/\/www.komedija.hr\/www\/arhiva-predstava\/gospodsko-dijete\/","name":"Gospodsko dijete - Kazali\u0161te Komedija","isPartOf":{"@id":"http:\/\/www.komedija.hr\/www\/#website"},"datePublished":"2012-04-09T06:56:40+00:00","dateModified":"2012-04-09T14:18:05+00:00","breadcrumb":{"@id":"https:\/\/www.komedija.hr\/www\/arhiva-predstava\/gospodsko-dijete\/#breadcrumb"},"inLanguage":"hr","potentialAction":[{"@type":"ReadAction","target":["https:\/\/www.komedija.hr\/www\/arhiva-predstava\/gospodsko-dijete\/"]}]},{"@type":"BreadcrumbList","@id":"https:\/\/www.komedija.hr\/www\/arhiva-predstava\/gospodsko-dijete\/#breadcrumb","itemListElement":[{"@type":"ListItem","position":1,"name":"Po\u010detna stranica","item":"http:\/\/www.komedija.hr\/www\/"},{"@type":"ListItem","position":2,"name":"Arhiva predstava","item":"https:\/\/www.komedija.hr\/www\/arhiva-predstava\/"},{"@type":"ListItem","position":3,"name":"Gospodsko dijete"}]},{"@type":"WebSite","@id":"http:\/\/www.komedija.hr\/www\/#website","url":"http:\/\/www.komedija.hr\/www\/","name":"Kazali\u0161te Komedija","description":"","publisher":{"@id":"http:\/\/www.komedija.hr\/www\/#organization"},"potentialAction":[{"@type":"SearchAction","target":{"@type":"EntryPoint","urlTemplate":"http:\/\/www.komedija.hr\/www\/?s={search_term_string}"},"query-input":{"@type":"PropertyValueSpecification","valueRequired":true,"valueName":"search_term_string"}}],"inLanguage":"hr"},{"@type":"Organization","@id":"http:\/\/www.komedija.hr\/www\/#organization","name":"Zagreba\u010dko gradsko Kazali\u0161ta Komedija","url":"http:\/\/www.komedija.hr\/www\/","logo":{"@type":"ImageObject","inLanguage":"hr","@id":"http:\/\/www.komedija.hr\/www\/#\/schema\/logo\/image\/","url":"https:\/\/www.komedija.hr\/www\/wp-content\/uploads\/2020\/02\/cropped-Kazaliste_Komedija_logo_2.png","contentUrl":"https:\/\/www.komedija.hr\/www\/wp-content\/uploads\/2020\/02\/cropped-Kazaliste_Komedija_logo_2.png","width":512,"height":512,"caption":"Zagreba\u010dko gradsko Kazali\u0161ta Komedija"},"image":{"@id":"http:\/\/www.komedija.hr\/www\/#\/schema\/logo\/image\/"},"sameAs":["https:\/\/www.facebook.com\/kazaliste.komedija\/","https:\/\/x.com\/KKomedija","https:\/\/www.instagram.com\/kazaliste_komedija\/","https:\/\/www.youtube.com\/channel\/UC1NcapMYUXJW3miW_oPxT5w\/videos"]}]}},"_links":{"self":[{"href":"https:\/\/www.komedija.hr\/www\/wp-json\/wp\/v2\/pages\/2438","targetHints":{"allow":["GET"]}}],"collection":[{"href":"https:\/\/www.komedija.hr\/www\/wp-json\/wp\/v2\/pages"}],"about":[{"href":"https:\/\/www.komedija.hr\/www\/wp-json\/wp\/v2\/types\/page"}],"author":[{"embeddable":true,"href":"https:\/\/www.komedija.hr\/www\/wp-json\/wp\/v2\/users\/4"}],"replies":[{"embeddable":true,"href":"https:\/\/www.komedija.hr\/www\/wp-json\/wp\/v2\/comments?post=2438"}],"version-history":[{"count":0,"href":"https:\/\/www.komedija.hr\/www\/wp-json\/wp\/v2\/pages\/2438\/revisions"}],"up":[{"embeddable":true,"href":"https:\/\/www.komedija.hr\/www\/wp-json\/wp\/v2\/pages\/1659"}],"wp:attachment":[{"href":"https:\/\/www.komedija.hr\/www\/wp-json\/wp\/v2\/media?parent=2438"}],"curies":[{"name":"wp","href":"https:\/\/api.w.org\/{rel}","templated":true}]}}