{"id":2504,"date":"2012-04-09T14:46:47","date_gmt":"2012-04-09T14:46:47","guid":{"rendered":"http:\/\/www.komedija.hr\/web\/?page_id=2504"},"modified":"2012-04-09T14:46:54","modified_gmt":"2012-04-09T14:46:54","slug":"noc-u-veneciji","status":"publish","type":"page","link":"https:\/\/www.komedija.hr\/www\/arhiva-predstava\/noc-u-veneciji\/","title":{"rendered":"No\u0107 u Veneciji"},"content":{"rendered":"<blockquote><p>Opereta<\/p><\/blockquote>\n<p>Serenade gondolijera, barkarole, kupleti, dueti i kvarteti vode nas kroz karnevalsku no\u0107 uskim venecijanskim ulicama i kanalima. Vojvoda, venecijanske ljepotice, prodava\u010di makarona, ribari, ostarjeli senatori, turisti, plesa\u010di, ma\u0161kare i jedan va\u017eni brija\u010d zapleteni su u korijandole, lampione i &#8211; venecijanske spletke. Kad maske padnu, sve zavr\u0161ava &#8211; dakako &#8211; zanosnim valcerom kralja tro\u010detvrtinskog takta Johanna Straussa.<\/p>\n<div class='catablog-catalog'><div class=\"catablog-row catablog-gallery\">\r\n\t<a href=\"https:\/\/www.komedija.hr\/www\/wp-content\/uploads\/catablog\/originals\/ven1a.jpg\" class=\"catablog-image\"  >\r\n\t\t<img decoding=\"async\" src=\"https:\/\/www.komedija.hr\/www\/wp-content\/uploads\/catablog\/thumbnails\/ven1a.jpg\" alt=\"\" \/>\r\n\t\t<strong class=\"catablog-title\">ven1a<\/strong>\t\r\n\t<\/a>\r\n\t<div class=\"catablog-description\"><\/div>\r\n<\/div><div class=\"catablog-row catablog-gallery\">\r\n\t<a href=\"https:\/\/www.komedija.hr\/www\/wp-content\/uploads\/catablog\/originals\/ven3a.jpg\" class=\"catablog-image\"  >\r\n\t\t<img decoding=\"async\" src=\"https:\/\/www.komedija.hr\/www\/wp-content\/uploads\/catablog\/thumbnails\/ven3a.jpg\" alt=\"\" \/>\r\n\t\t<strong class=\"catablog-title\">ven3a<\/strong>\t\r\n\t<\/a>\r\n\t<div class=\"catablog-description\"><\/div>\r\n<\/div><div class=\"catablog-row catablog-gallery\">\r\n\t<a href=\"https:\/\/www.komedija.hr\/www\/wp-content\/uploads\/catablog\/originals\/ven4a.jpg\" class=\"catablog-image\"  >\r\n\t\t<img decoding=\"async\" src=\"https:\/\/www.komedija.hr\/www\/wp-content\/uploads\/catablog\/thumbnails\/ven4a.jpg\" alt=\"\" \/>\r\n\t\t<strong class=\"catablog-title\">ven4a<\/strong>\t\r\n\t<\/a>\r\n\t<div class=\"catablog-description\"><\/div>\r\n<\/div><div class=\"catablog-row catablog-gallery\">\r\n\t<a href=\"https:\/\/www.komedija.hr\/www\/wp-content\/uploads\/catablog\/originals\/ven5a.jpg\" class=\"catablog-image\"  >\r\n\t\t<img decoding=\"async\" src=\"https:\/\/www.komedija.hr\/www\/wp-content\/uploads\/catablog\/thumbnails\/ven5a.jpg\" alt=\"\" \/>\r\n\t\t<strong class=\"catablog-title\">ven5a<\/strong>\t\r\n\t<\/a>\r\n\t<div class=\"catablog-description\"><\/div>\r\n<\/div><div class=\"catablog-row catablog-gallery\">\r\n\t<a href=\"https:\/\/www.komedija.hr\/www\/wp-content\/uploads\/catablog\/originals\/ven6a.jpg\" class=\"catablog-image\"  >\r\n\t\t<img decoding=\"async\" src=\"https:\/\/www.komedija.hr\/www\/wp-content\/uploads\/catablog\/thumbnails\/ven6a.jpg\" alt=\"\" \/>\r\n\t\t<strong class=\"catablog-title\">ven6a<\/strong>\t\r\n\t<\/a>\r\n\t<div class=\"catablog-description\"><\/div>\r\n<\/div><div class=\"catablog-row catablog-gallery\">\r\n\t<a href=\"https:\/\/www.komedija.hr\/www\/wp-content\/uploads\/catablog\/originals\/ven7a.jpg\" class=\"catablog-image\"  >\r\n\t\t<img decoding=\"async\" src=\"https:\/\/www.komedija.hr\/www\/wp-content\/uploads\/catablog\/thumbnails\/ven7a.jpg\" alt=\"\" \/>\r\n\t\t<strong class=\"catablog-title\">ven7a<\/strong>\t\r\n\t<\/a>\r\n\t<div class=\"catablog-description\"><\/div>\r\n<\/div><div class=\"catablog-row catablog-gallery\">\r\n\t<a href=\"https:\/\/www.komedija.hr\/www\/wp-content\/uploads\/catablog\/originals\/ven8a.jpg\" class=\"catablog-image\"  >\r\n\t\t<img decoding=\"async\" src=\"https:\/\/www.komedija.hr\/www\/wp-content\/uploads\/catablog\/thumbnails\/ven8a.jpg\" alt=\"\" \/>\r\n\t\t<strong class=\"catablog-title\">ven8a<\/strong>\t\r\n\t<\/a>\r\n\t<div class=\"catablog-description\"><\/div>\r\n<\/div><div class=\"catablog-row catablog-gallery\">\r\n\t<a href=\"https:\/\/www.komedija.hr\/www\/wp-content\/uploads\/catablog\/originals\/ven9a.jpg\" class=\"catablog-image\"  >\r\n\t\t<img decoding=\"async\" src=\"https:\/\/www.komedija.hr\/www\/wp-content\/uploads\/catablog\/thumbnails\/ven9a.jpg\" alt=\"\" \/>\r\n\t\t<strong class=\"catablog-title\">ven9a<\/strong>\t\r\n\t<\/a>\r\n\t<div class=\"catablog-description\"><\/div>\r\n<\/div><div class=\"catablog-row catablog-gallery\">\r\n\t<a href=\"https:\/\/www.komedija.hr\/www\/wp-content\/uploads\/catablog\/originals\/ven10a.jpg\" class=\"catablog-image\"  >\r\n\t\t<img decoding=\"async\" src=\"https:\/\/www.komedija.hr\/www\/wp-content\/uploads\/catablog\/thumbnails\/ven10a.jpg\" alt=\"\" \/>\r\n\t\t<strong class=\"catablog-title\">ven10a<\/strong>\t\r\n\t<\/a>\r\n\t<div class=\"catablog-description\"><\/div>\r\n<\/div><div class=\"catablog-row catablog-gallery\">\r\n\t<a href=\"https:\/\/www.komedija.hr\/www\/wp-content\/uploads\/catablog\/originals\/ven11a.jpg\" class=\"catablog-image\"  >\r\n\t\t<img decoding=\"async\" src=\"https:\/\/www.komedija.hr\/www\/wp-content\/uploads\/catablog\/thumbnails\/ven11a.jpg\" alt=\"\" \/>\r\n\t\t<strong class=\"catablog-title\">ven11a<\/strong>\t\r\n\t<\/a>\r\n\t<div class=\"catablog-description\"><\/div>\r\n<\/div><div class=\"catablog-row catablog-gallery\">\r\n\t<a href=\"https:\/\/www.komedija.hr\/www\/wp-content\/uploads\/catablog\/originals\/ven12a.jpg\" class=\"catablog-image\"  >\r\n\t\t<img decoding=\"async\" src=\"https:\/\/www.komedija.hr\/www\/wp-content\/uploads\/catablog\/thumbnails\/ven12a.jpg\" alt=\"\" \/>\r\n\t\t<strong class=\"catablog-title\">ven12a<\/strong>\t\r\n\t<\/a>\r\n\t<div class=\"catablog-description\"><\/div>\r\n<\/div><div class=\"catablog-row catablog-gallery\">\r\n\t<a href=\"https:\/\/www.komedija.hr\/www\/wp-content\/uploads\/catablog\/originals\/ven13a.jpg\" class=\"catablog-image\"  >\r\n\t\t<img decoding=\"async\" src=\"https:\/\/www.komedija.hr\/www\/wp-content\/uploads\/catablog\/thumbnails\/ven13a.jpg\" alt=\"\" \/>\r\n\t\t<strong class=\"catablog-title\">ven13a<\/strong>\t\r\n\t<\/a>\r\n\t<div class=\"catablog-description\"><\/div>\r\n<\/div><\/div><div class='catablog-navigation'><span class='catablog-navigation-link catablog-first-page-link catablog-disabled'><\/span> <\/div>\n<p>Glazbeno iznimno rasko\u0161na i mediteranski raspjevana opereta &#8220;No\u0107 u Veneciji&#8221; uz &#8220;\u0160i\u0161mi\u0161a&#8221; i &#8220;Baruna Ciganina&#8221; zauzima sam vrh velikog opusa Johanna Straussa mla\u0111eg. Od svih njegovih djela bez sumnje je &#8211; najspektakularnija!<\/p>\n<blockquote><p>skladatelj: Johann Strauss ml.<br \/>\nlibretto: F. Zell i R. Genee<br \/>\nprevodilac: Aleksandar Bini\u010dki\u00a0<br \/>\ndramaturg: Vlado \u0160tefan\u010di\u0107\u00a0<br \/>\nredatelj:\u00a0 Vlado \u0160tefan\u010di\u0107\u00a0<br \/>\ndirigent:\u00a0 Veseljko Bare\u0161i\u0107\u00a0<br \/>\nscenografkinja: Mirjana Koren\u00a0<br \/>\nkostimografkinja: Gordana Ga\u0161perin\u00a0<br \/>\nkoreografkinja: Sonja Kastl\u00a0<br \/>\nzborovo\u0111a: Branko Starc\u00a0<br \/>\nproducent: Niko Pavlovi\u0107\u00a0<\/p>\n<p>Pomo\u0107nik redatelja i inspicijent: Zlatko Kelneri\u0107; korepetitor: Du\u0161ko Zubalj; asistent zborovo\u0111e: Dario \u0160tuli\u0107<\/p>\n<p>Nastupaju:<br \/>\nMiljenko \u0110uran (Guido, vojvoda od Urbina),<br \/>\nMladen Katani\u0107 (Bartolomeo Delaqua),<br \/>\nVlado Kova\u010di\u0107 \/ Davor Svedru\u017ei\u0107 (Stefano Barbaruccio),<br \/>\nRanko Tihomirovi\u0107 (Giorgio Testaccio),<br \/>\nMila Elegovi\u0107 Bali\u0107 (Barbara Delaqua),<br \/>\nLukrecija Bre\u0161kovi\u0107 (Agricola Barbaruccio),<br \/>\nZorica Antoni\u0107\/Sandra Bagari\u0107 (Anina),<br \/>\nTvrtko Stipi\u0107 \/ Nik\u0161a Radovanovi\u0107 (Caramello),<br \/>\n\u0110ani Stipani\u010dev (Pappacoda),<br \/>\nLarisa Marak (Ciboletta),<br \/>\nGoran Malus (Enrico Piselli)<\/p>\n<p>Sudjeluju i orkestar, zbor i balet Kazali\u0161ta &#8220;Komedija&#8221;.<\/p>\n<p>Predstava je primjerena za sve uzraste.<br \/>\nPremijera: 4. srpnja 2002., Jarunfest.<br \/>\nPune cijene ulaznica za izvedbe u dvorani &#8220;Komedije&#8221; 50, 75, 30 kuna.<br \/>\nTrajanje: oko 120 minuta (stanka uklju\u010dena).<\/p><\/blockquote>\n","protected":false},"excerpt":{"rendered":"<p>Opereta Serenade gondolijera, barkarole, kupleti, dueti i kvarteti vode nas kroz karnevalsku no\u0107 uskim venecijanskim ulicama i kanalima. Vojvoda, venecijanske ljepotice, prodava\u010di makarona, ribari, ostarjeli senatori, turisti, plesa\u010di, ma\u0161kare i jedan va\u017eni brija\u010d zapleteni su u korijandole, lampione i &#8211; venecijanske spletke. Kad maske padnu, sve zavr\u0161ava &#8211; dakako &#8211; zanosnim valcerom kralja tro\u010detvrtinskog takta [&hellip;]<\/p>\n","protected":false},"author":4,"featured_media":0,"parent":1659,"menu_order":0,"comment_status":"closed","ping_status":"open","template":"","meta":{"ngg_post_thumbnail":0,"footnotes":""},"class_list":["post-2504","page","type-page","status-publish","hentry"],"yoast_head":"<!-- This site is optimized with the Yoast SEO plugin v27.5 - https:\/\/yoast.com\/product\/yoast-seo-wordpress\/ -->\n<title>No\u0107 u Veneciji - Kazali\u0161te Komedija<\/title>\n<meta name=\"robots\" content=\"index, follow, max-snippet:-1, max-image-preview:large, max-video-preview:-1\" \/>\n<link rel=\"canonical\" href=\"https:\/\/www.komedija.hr\/www\/arhiva-predstava\/noc-u-veneciji\/\" \/>\n<meta property=\"og:locale\" content=\"hr_HR\" \/>\n<meta property=\"og:type\" content=\"article\" \/>\n<meta property=\"og:title\" content=\"No\u0107 u Veneciji - Kazali\u0161te Komedija\" \/>\n<meta property=\"og:description\" content=\"Opereta Serenade gondolijera, barkarole, kupleti, dueti i kvarteti vode nas kroz karnevalsku no\u0107 uskim venecijanskim ulicama i kanalima. Vojvoda, venecijanske ljepotice, prodava\u010di makarona, ribari, ostarjeli senatori, turisti, plesa\u010di, ma\u0161kare i jedan va\u017eni brija\u010d zapleteni su u korijandole, lampione i &#8211; venecijanske spletke. Kad maske padnu, sve zavr\u0161ava &#8211; dakako &#8211; zanosnim valcerom kralja tro\u010detvrtinskog takta [&hellip;]\" \/>\n<meta property=\"og:url\" content=\"https:\/\/www.komedija.hr\/www\/arhiva-predstava\/noc-u-veneciji\/\" \/>\n<meta property=\"og:site_name\" content=\"Kazali\u0161te Komedija\" \/>\n<meta property=\"article:publisher\" content=\"https:\/\/www.facebook.com\/kazaliste.komedija\/\" \/>\n<meta property=\"article:modified_time\" content=\"2012-04-09T14:46:54+00:00\" \/>\n<meta name=\"twitter:card\" content=\"summary_large_image\" \/>\n<meta name=\"twitter:site\" content=\"@KKomedija\" \/>\n<meta name=\"twitter:label1\" content=\"Procijenjeno vrijeme \u010ditanja\" \/>\n\t<meta name=\"twitter:data1\" content=\"1 minuta\" \/>\n<script type=\"application\/ld+json\" class=\"yoast-schema-graph\">{\"@context\":\"https:\\\/\\\/schema.org\",\"@graph\":[{\"@type\":\"WebPage\",\"@id\":\"https:\\\/\\\/www.komedija.hr\\\/www\\\/arhiva-predstava\\\/noc-u-veneciji\\\/\",\"url\":\"https:\\\/\\\/www.komedija.hr\\\/www\\\/arhiva-predstava\\\/noc-u-veneciji\\\/\",\"name\":\"No\u0107 u Veneciji - Kazali\u0161te Komedija\",\"isPartOf\":{\"@id\":\"http:\\\/\\\/www.komedija.hr\\\/www\\\/#website\"},\"datePublished\":\"2012-04-09T14:46:47+00:00\",\"dateModified\":\"2012-04-09T14:46:54+00:00\",\"breadcrumb\":{\"@id\":\"https:\\\/\\\/www.komedija.hr\\\/www\\\/arhiva-predstava\\\/noc-u-veneciji\\\/#breadcrumb\"},\"inLanguage\":\"hr\",\"potentialAction\":[{\"@type\":\"ReadAction\",\"target\":[\"https:\\\/\\\/www.komedija.hr\\\/www\\\/arhiva-predstava\\\/noc-u-veneciji\\\/\"]}]},{\"@type\":\"BreadcrumbList\",\"@id\":\"https:\\\/\\\/www.komedija.hr\\\/www\\\/arhiva-predstava\\\/noc-u-veneciji\\\/#breadcrumb\",\"itemListElement\":[{\"@type\":\"ListItem\",\"position\":1,\"name\":\"Po\u010detna stranica\",\"item\":\"http:\\\/\\\/www.komedija.hr\\\/www\\\/\"},{\"@type\":\"ListItem\",\"position\":2,\"name\":\"Arhiva predstava\",\"item\":\"https:\\\/\\\/www.komedija.hr\\\/www\\\/arhiva-predstava\\\/\"},{\"@type\":\"ListItem\",\"position\":3,\"name\":\"No\u0107 u Veneciji\"}]},{\"@type\":\"WebSite\",\"@id\":\"http:\\\/\\\/www.komedija.hr\\\/www\\\/#website\",\"url\":\"http:\\\/\\\/www.komedija.hr\\\/www\\\/\",\"name\":\"Kazali\u0161te Komedija\",\"description\":\"\",\"publisher\":{\"@id\":\"http:\\\/\\\/www.komedija.hr\\\/www\\\/#organization\"},\"potentialAction\":[{\"@type\":\"SearchAction\",\"target\":{\"@type\":\"EntryPoint\",\"urlTemplate\":\"http:\\\/\\\/www.komedija.hr\\\/www\\\/?s={search_term_string}\"},\"query-input\":{\"@type\":\"PropertyValueSpecification\",\"valueRequired\":true,\"valueName\":\"search_term_string\"}}],\"inLanguage\":\"hr\"},{\"@type\":\"Organization\",\"@id\":\"http:\\\/\\\/www.komedija.hr\\\/www\\\/#organization\",\"name\":\"Zagreba\u010dko gradsko Kazali\u0161ta Komedija\",\"url\":\"http:\\\/\\\/www.komedija.hr\\\/www\\\/\",\"logo\":{\"@type\":\"ImageObject\",\"inLanguage\":\"hr\",\"@id\":\"http:\\\/\\\/www.komedija.hr\\\/www\\\/#\\\/schema\\\/logo\\\/image\\\/\",\"url\":\"https:\\\/\\\/www.komedija.hr\\\/www\\\/wp-content\\\/uploads\\\/2020\\\/02\\\/cropped-Kazaliste_Komedija_logo_2.png\",\"contentUrl\":\"https:\\\/\\\/www.komedija.hr\\\/www\\\/wp-content\\\/uploads\\\/2020\\\/02\\\/cropped-Kazaliste_Komedija_logo_2.png\",\"width\":512,\"height\":512,\"caption\":\"Zagreba\u010dko gradsko Kazali\u0161ta Komedija\"},\"image\":{\"@id\":\"http:\\\/\\\/www.komedija.hr\\\/www\\\/#\\\/schema\\\/logo\\\/image\\\/\"},\"sameAs\":[\"https:\\\/\\\/www.facebook.com\\\/kazaliste.komedija\\\/\",\"https:\\\/\\\/x.com\\\/KKomedija\",\"https:\\\/\\\/www.instagram.com\\\/kazaliste_komedija\\\/\",\"https:\\\/\\\/www.youtube.com\\\/channel\\\/UC1NcapMYUXJW3miW_oPxT5w\\\/videos\"]}]}<\/script>\n<!-- \/ Yoast SEO plugin. -->","yoast_head_json":{"title":"No\u0107 u Veneciji - Kazali\u0161te Komedija","robots":{"index":"index","follow":"follow","max-snippet":"max-snippet:-1","max-image-preview":"max-image-preview:large","max-video-preview":"max-video-preview:-1"},"canonical":"https:\/\/www.komedija.hr\/www\/arhiva-predstava\/noc-u-veneciji\/","og_locale":"hr_HR","og_type":"article","og_title":"No\u0107 u Veneciji - Kazali\u0161te Komedija","og_description":"Opereta Serenade gondolijera, barkarole, kupleti, dueti i kvarteti vode nas kroz karnevalsku no\u0107 uskim venecijanskim ulicama i kanalima. Vojvoda, venecijanske ljepotice, prodava\u010di makarona, ribari, ostarjeli senatori, turisti, plesa\u010di, ma\u0161kare i jedan va\u017eni brija\u010d zapleteni su u korijandole, lampione i &#8211; venecijanske spletke. Kad maske padnu, sve zavr\u0161ava &#8211; dakako &#8211; zanosnim valcerom kralja tro\u010detvrtinskog takta [&hellip;]","og_url":"https:\/\/www.komedija.hr\/www\/arhiva-predstava\/noc-u-veneciji\/","og_site_name":"Kazali\u0161te Komedija","article_publisher":"https:\/\/www.facebook.com\/kazaliste.komedija\/","article_modified_time":"2012-04-09T14:46:54+00:00","twitter_card":"summary_large_image","twitter_site":"@KKomedija","twitter_misc":{"Procijenjeno vrijeme \u010ditanja":"1 minuta"},"schema":{"@context":"https:\/\/schema.org","@graph":[{"@type":"WebPage","@id":"https:\/\/www.komedija.hr\/www\/arhiva-predstava\/noc-u-veneciji\/","url":"https:\/\/www.komedija.hr\/www\/arhiva-predstava\/noc-u-veneciji\/","name":"No\u0107 u Veneciji - Kazali\u0161te Komedija","isPartOf":{"@id":"http:\/\/www.komedija.hr\/www\/#website"},"datePublished":"2012-04-09T14:46:47+00:00","dateModified":"2012-04-09T14:46:54+00:00","breadcrumb":{"@id":"https:\/\/www.komedija.hr\/www\/arhiva-predstava\/noc-u-veneciji\/#breadcrumb"},"inLanguage":"hr","potentialAction":[{"@type":"ReadAction","target":["https:\/\/www.komedija.hr\/www\/arhiva-predstava\/noc-u-veneciji\/"]}]},{"@type":"BreadcrumbList","@id":"https:\/\/www.komedija.hr\/www\/arhiva-predstava\/noc-u-veneciji\/#breadcrumb","itemListElement":[{"@type":"ListItem","position":1,"name":"Po\u010detna stranica","item":"http:\/\/www.komedija.hr\/www\/"},{"@type":"ListItem","position":2,"name":"Arhiva predstava","item":"https:\/\/www.komedija.hr\/www\/arhiva-predstava\/"},{"@type":"ListItem","position":3,"name":"No\u0107 u Veneciji"}]},{"@type":"WebSite","@id":"http:\/\/www.komedija.hr\/www\/#website","url":"http:\/\/www.komedija.hr\/www\/","name":"Kazali\u0161te Komedija","description":"","publisher":{"@id":"http:\/\/www.komedija.hr\/www\/#organization"},"potentialAction":[{"@type":"SearchAction","target":{"@type":"EntryPoint","urlTemplate":"http:\/\/www.komedija.hr\/www\/?s={search_term_string}"},"query-input":{"@type":"PropertyValueSpecification","valueRequired":true,"valueName":"search_term_string"}}],"inLanguage":"hr"},{"@type":"Organization","@id":"http:\/\/www.komedija.hr\/www\/#organization","name":"Zagreba\u010dko gradsko Kazali\u0161ta Komedija","url":"http:\/\/www.komedija.hr\/www\/","logo":{"@type":"ImageObject","inLanguage":"hr","@id":"http:\/\/www.komedija.hr\/www\/#\/schema\/logo\/image\/","url":"https:\/\/www.komedija.hr\/www\/wp-content\/uploads\/2020\/02\/cropped-Kazaliste_Komedija_logo_2.png","contentUrl":"https:\/\/www.komedija.hr\/www\/wp-content\/uploads\/2020\/02\/cropped-Kazaliste_Komedija_logo_2.png","width":512,"height":512,"caption":"Zagreba\u010dko gradsko Kazali\u0161ta Komedija"},"image":{"@id":"http:\/\/www.komedija.hr\/www\/#\/schema\/logo\/image\/"},"sameAs":["https:\/\/www.facebook.com\/kazaliste.komedija\/","https:\/\/x.com\/KKomedija","https:\/\/www.instagram.com\/kazaliste_komedija\/","https:\/\/www.youtube.com\/channel\/UC1NcapMYUXJW3miW_oPxT5w\/videos"]}]}},"_links":{"self":[{"href":"https:\/\/www.komedija.hr\/www\/wp-json\/wp\/v2\/pages\/2504","targetHints":{"allow":["GET"]}}],"collection":[{"href":"https:\/\/www.komedija.hr\/www\/wp-json\/wp\/v2\/pages"}],"about":[{"href":"https:\/\/www.komedija.hr\/www\/wp-json\/wp\/v2\/types\/page"}],"author":[{"embeddable":true,"href":"https:\/\/www.komedija.hr\/www\/wp-json\/wp\/v2\/users\/4"}],"replies":[{"embeddable":true,"href":"https:\/\/www.komedija.hr\/www\/wp-json\/wp\/v2\/comments?post=2504"}],"version-history":[{"count":0,"href":"https:\/\/www.komedija.hr\/www\/wp-json\/wp\/v2\/pages\/2504\/revisions"}],"up":[{"embeddable":true,"href":"https:\/\/www.komedija.hr\/www\/wp-json\/wp\/v2\/pages\/1659"}],"wp:attachment":[{"href":"https:\/\/www.komedija.hr\/www\/wp-json\/wp\/v2\/media?parent=2504"}],"curies":[{"name":"wp","href":"https:\/\/api.w.org\/{rel}","templated":true}]}}