{"id":2534,"date":"2012-04-11T19:37:17","date_gmt":"2012-04-11T19:37:17","guid":{"rendered":"http:\/\/www.komedija.hr\/web\/?page_id=2534"},"modified":"2012-04-11T19:37:17","modified_gmt":"2012-04-11T19:37:17","slug":"kaos-u-kulisama","status":"publish","type":"page","link":"https:\/\/www.komedija.hr\/www\/arhiva-predstava\/kaos-u-kulisama\/","title":{"rendered":"Kaos u kulisama"},"content":{"rendered":"<blockquote><p>Komedija<\/p><\/blockquote>\n<p>Jeste li ikad zavirili iza kazali\u0161nih kulisa? Posjet predstavi &#8220;Ne mo\u017ee\u0161 biti tako gola&#8230; bez sardina&#8221; koju diljem Engleske uspje\u0161no prikazuje ansambl putuju\u0107eg kazali\u0161ta &#8220;By-Pass International&#8221; mo\u017eda je prava prilika za to! A mo\u017eda i nije, jer kad se ne zna to\u010dno tko je s kim a tko protiv koga, glumcima i ostalom kazali\u0161nom osoblju mo\u017eda nije ba\u0161 mudro stati na put!<\/p>\n<p>Neizrecivo smije\u0161na komedija &#8220;Kaos u kulisama&#8221; (Noises off) o kazali\u0161noj trupi koja svoje razmirice prenosi i na scenu nesumnjivo je najpopularnije djelo britanskog dramati\u010dara, kolumnista, reportera i prevoditelja Michaela Frayna. \u010cim je praizvedena, godine 1982. \u010dasopis Evening Standard u Londonu je progla\u0161ava komedijom godine, a istu je titulu osvojila i godinu dana kasnije u New Yorku. U suradnji s &#8220;Teatrom u gostima&#8221;, tako\u0111er u re\u017eiji Relje Ba\u0161i\u0107a, Kazali\u0161te &#8220;Komedija&#8221; ovo je djelo ve\u0107 uspje\u0161no prikazivalo od 1989. do 1991. &#8211; za njezino tada\u0161nje ostvarenje uloge mlade glumice Brooke Ashton Dubravki Ostoji\u0107 godine 1990. dodijeljena je Nagrada udru\u017eenja dramskih umjetnika Hrvatske.<\/p>\n<blockquote><p>autor: Michael Frayn\u00a0<br \/>\nredatelj:\u00a0 Relja Ba\u0161i\u0107\u00a0<br \/>\n\u00a0<br \/>\nPredstava je predvi\u0111ena za sezonu 2002.\/2003.<\/p><\/blockquote>\n","protected":false},"excerpt":{"rendered":"<p>Komedija Jeste li ikad zavirili iza kazali\u0161nih kulisa? Posjet predstavi &#8220;Ne mo\u017ee\u0161 biti tako gola&#8230; bez sardina&#8221; koju diljem Engleske uspje\u0161no prikazuje ansambl putuju\u0107eg kazali\u0161ta &#8220;By-Pass International&#8221; mo\u017eda je prava prilika za to! A mo\u017eda i nije, jer kad se ne zna to\u010dno tko je s kim a tko protiv koga, glumcima i ostalom kazali\u0161nom [&hellip;]<\/p>\n","protected":false},"author":4,"featured_media":0,"parent":1659,"menu_order":0,"comment_status":"closed","ping_status":"open","template":"","meta":{"ngg_post_thumbnail":0,"footnotes":""},"class_list":["post-2534","page","type-page","status-publish","hentry"],"yoast_head":"<!-- This site is optimized with the Yoast SEO plugin v27.5 - https:\/\/yoast.com\/product\/yoast-seo-wordpress\/ -->\n<title>Kaos u kulisama - Kazali\u0161te Komedija<\/title>\n<meta name=\"robots\" content=\"index, follow, max-snippet:-1, max-image-preview:large, max-video-preview:-1\" \/>\n<link rel=\"canonical\" href=\"https:\/\/www.komedija.hr\/www\/arhiva-predstava\/kaos-u-kulisama\/\" \/>\n<meta property=\"og:locale\" content=\"hr_HR\" \/>\n<meta property=\"og:type\" content=\"article\" \/>\n<meta property=\"og:title\" content=\"Kaos u kulisama - Kazali\u0161te Komedija\" \/>\n<meta property=\"og:description\" content=\"Komedija Jeste li ikad zavirili iza kazali\u0161nih kulisa? Posjet predstavi &#8220;Ne mo\u017ee\u0161 biti tako gola&#8230; bez sardina&#8221; koju diljem Engleske uspje\u0161no prikazuje ansambl putuju\u0107eg kazali\u0161ta &#8220;By-Pass International&#8221; mo\u017eda je prava prilika za to! A mo\u017eda i nije, jer kad se ne zna to\u010dno tko je s kim a tko protiv koga, glumcima i ostalom kazali\u0161nom [&hellip;]\" \/>\n<meta property=\"og:url\" content=\"https:\/\/www.komedija.hr\/www\/arhiva-predstava\/kaos-u-kulisama\/\" \/>\n<meta property=\"og:site_name\" content=\"Kazali\u0161te Komedija\" \/>\n<meta property=\"article:publisher\" content=\"https:\/\/www.facebook.com\/kazaliste.komedija\/\" \/>\n<meta name=\"twitter:card\" content=\"summary_large_image\" \/>\n<meta name=\"twitter:site\" content=\"@KKomedija\" \/>\n<meta name=\"twitter:label1\" content=\"Procijenjeno vrijeme \u010ditanja\" \/>\n\t<meta name=\"twitter:data1\" content=\"1 minuta\" \/>\n<script type=\"application\/ld+json\" class=\"yoast-schema-graph\">{\"@context\":\"https:\\\/\\\/schema.org\",\"@graph\":[{\"@type\":\"WebPage\",\"@id\":\"https:\\\/\\\/www.komedija.hr\\\/www\\\/arhiva-predstava\\\/kaos-u-kulisama\\\/\",\"url\":\"https:\\\/\\\/www.komedija.hr\\\/www\\\/arhiva-predstava\\\/kaos-u-kulisama\\\/\",\"name\":\"Kaos u kulisama - Kazali\u0161te Komedija\",\"isPartOf\":{\"@id\":\"http:\\\/\\\/www.komedija.hr\\\/www\\\/#website\"},\"datePublished\":\"2012-04-11T19:37:17+00:00\",\"breadcrumb\":{\"@id\":\"https:\\\/\\\/www.komedija.hr\\\/www\\\/arhiva-predstava\\\/kaos-u-kulisama\\\/#breadcrumb\"},\"inLanguage\":\"hr\",\"potentialAction\":[{\"@type\":\"ReadAction\",\"target\":[\"https:\\\/\\\/www.komedija.hr\\\/www\\\/arhiva-predstava\\\/kaos-u-kulisama\\\/\"]}]},{\"@type\":\"BreadcrumbList\",\"@id\":\"https:\\\/\\\/www.komedija.hr\\\/www\\\/arhiva-predstava\\\/kaos-u-kulisama\\\/#breadcrumb\",\"itemListElement\":[{\"@type\":\"ListItem\",\"position\":1,\"name\":\"Po\u010detna stranica\",\"item\":\"http:\\\/\\\/www.komedija.hr\\\/www\\\/\"},{\"@type\":\"ListItem\",\"position\":2,\"name\":\"Arhiva predstava\",\"item\":\"https:\\\/\\\/www.komedija.hr\\\/www\\\/arhiva-predstava\\\/\"},{\"@type\":\"ListItem\",\"position\":3,\"name\":\"Kaos u kulisama\"}]},{\"@type\":\"WebSite\",\"@id\":\"http:\\\/\\\/www.komedija.hr\\\/www\\\/#website\",\"url\":\"http:\\\/\\\/www.komedija.hr\\\/www\\\/\",\"name\":\"Kazali\u0161te Komedija\",\"description\":\"\",\"publisher\":{\"@id\":\"http:\\\/\\\/www.komedija.hr\\\/www\\\/#organization\"},\"potentialAction\":[{\"@type\":\"SearchAction\",\"target\":{\"@type\":\"EntryPoint\",\"urlTemplate\":\"http:\\\/\\\/www.komedija.hr\\\/www\\\/?s={search_term_string}\"},\"query-input\":{\"@type\":\"PropertyValueSpecification\",\"valueRequired\":true,\"valueName\":\"search_term_string\"}}],\"inLanguage\":\"hr\"},{\"@type\":\"Organization\",\"@id\":\"http:\\\/\\\/www.komedija.hr\\\/www\\\/#organization\",\"name\":\"Zagreba\u010dko gradsko Kazali\u0161ta Komedija\",\"url\":\"http:\\\/\\\/www.komedija.hr\\\/www\\\/\",\"logo\":{\"@type\":\"ImageObject\",\"inLanguage\":\"hr\",\"@id\":\"http:\\\/\\\/www.komedija.hr\\\/www\\\/#\\\/schema\\\/logo\\\/image\\\/\",\"url\":\"https:\\\/\\\/www.komedija.hr\\\/www\\\/wp-content\\\/uploads\\\/2020\\\/02\\\/cropped-Kazaliste_Komedija_logo_2.png\",\"contentUrl\":\"https:\\\/\\\/www.komedija.hr\\\/www\\\/wp-content\\\/uploads\\\/2020\\\/02\\\/cropped-Kazaliste_Komedija_logo_2.png\",\"width\":512,\"height\":512,\"caption\":\"Zagreba\u010dko gradsko Kazali\u0161ta Komedija\"},\"image\":{\"@id\":\"http:\\\/\\\/www.komedija.hr\\\/www\\\/#\\\/schema\\\/logo\\\/image\\\/\"},\"sameAs\":[\"https:\\\/\\\/www.facebook.com\\\/kazaliste.komedija\\\/\",\"https:\\\/\\\/x.com\\\/KKomedija\",\"https:\\\/\\\/www.instagram.com\\\/kazaliste_komedija\\\/\",\"https:\\\/\\\/www.youtube.com\\\/channel\\\/UC1NcapMYUXJW3miW_oPxT5w\\\/videos\"]}]}<\/script>\n<!-- \/ Yoast SEO plugin. -->","yoast_head_json":{"title":"Kaos u kulisama - Kazali\u0161te Komedija","robots":{"index":"index","follow":"follow","max-snippet":"max-snippet:-1","max-image-preview":"max-image-preview:large","max-video-preview":"max-video-preview:-1"},"canonical":"https:\/\/www.komedija.hr\/www\/arhiva-predstava\/kaos-u-kulisama\/","og_locale":"hr_HR","og_type":"article","og_title":"Kaos u kulisama - Kazali\u0161te Komedija","og_description":"Komedija Jeste li ikad zavirili iza kazali\u0161nih kulisa? Posjet predstavi &#8220;Ne mo\u017ee\u0161 biti tako gola&#8230; bez sardina&#8221; koju diljem Engleske uspje\u0161no prikazuje ansambl putuju\u0107eg kazali\u0161ta &#8220;By-Pass International&#8221; mo\u017eda je prava prilika za to! A mo\u017eda i nije, jer kad se ne zna to\u010dno tko je s kim a tko protiv koga, glumcima i ostalom kazali\u0161nom [&hellip;]","og_url":"https:\/\/www.komedija.hr\/www\/arhiva-predstava\/kaos-u-kulisama\/","og_site_name":"Kazali\u0161te Komedija","article_publisher":"https:\/\/www.facebook.com\/kazaliste.komedija\/","twitter_card":"summary_large_image","twitter_site":"@KKomedija","twitter_misc":{"Procijenjeno vrijeme \u010ditanja":"1 minuta"},"schema":{"@context":"https:\/\/schema.org","@graph":[{"@type":"WebPage","@id":"https:\/\/www.komedija.hr\/www\/arhiva-predstava\/kaos-u-kulisama\/","url":"https:\/\/www.komedija.hr\/www\/arhiva-predstava\/kaos-u-kulisama\/","name":"Kaos u kulisama - Kazali\u0161te Komedija","isPartOf":{"@id":"http:\/\/www.komedija.hr\/www\/#website"},"datePublished":"2012-04-11T19:37:17+00:00","breadcrumb":{"@id":"https:\/\/www.komedija.hr\/www\/arhiva-predstava\/kaos-u-kulisama\/#breadcrumb"},"inLanguage":"hr","potentialAction":[{"@type":"ReadAction","target":["https:\/\/www.komedija.hr\/www\/arhiva-predstava\/kaos-u-kulisama\/"]}]},{"@type":"BreadcrumbList","@id":"https:\/\/www.komedija.hr\/www\/arhiva-predstava\/kaos-u-kulisama\/#breadcrumb","itemListElement":[{"@type":"ListItem","position":1,"name":"Po\u010detna stranica","item":"http:\/\/www.komedija.hr\/www\/"},{"@type":"ListItem","position":2,"name":"Arhiva predstava","item":"https:\/\/www.komedija.hr\/www\/arhiva-predstava\/"},{"@type":"ListItem","position":3,"name":"Kaos u kulisama"}]},{"@type":"WebSite","@id":"http:\/\/www.komedija.hr\/www\/#website","url":"http:\/\/www.komedija.hr\/www\/","name":"Kazali\u0161te Komedija","description":"","publisher":{"@id":"http:\/\/www.komedija.hr\/www\/#organization"},"potentialAction":[{"@type":"SearchAction","target":{"@type":"EntryPoint","urlTemplate":"http:\/\/www.komedija.hr\/www\/?s={search_term_string}"},"query-input":{"@type":"PropertyValueSpecification","valueRequired":true,"valueName":"search_term_string"}}],"inLanguage":"hr"},{"@type":"Organization","@id":"http:\/\/www.komedija.hr\/www\/#organization","name":"Zagreba\u010dko gradsko Kazali\u0161ta Komedija","url":"http:\/\/www.komedija.hr\/www\/","logo":{"@type":"ImageObject","inLanguage":"hr","@id":"http:\/\/www.komedija.hr\/www\/#\/schema\/logo\/image\/","url":"https:\/\/www.komedija.hr\/www\/wp-content\/uploads\/2020\/02\/cropped-Kazaliste_Komedija_logo_2.png","contentUrl":"https:\/\/www.komedija.hr\/www\/wp-content\/uploads\/2020\/02\/cropped-Kazaliste_Komedija_logo_2.png","width":512,"height":512,"caption":"Zagreba\u010dko gradsko Kazali\u0161ta Komedija"},"image":{"@id":"http:\/\/www.komedija.hr\/www\/#\/schema\/logo\/image\/"},"sameAs":["https:\/\/www.facebook.com\/kazaliste.komedija\/","https:\/\/x.com\/KKomedija","https:\/\/www.instagram.com\/kazaliste_komedija\/","https:\/\/www.youtube.com\/channel\/UC1NcapMYUXJW3miW_oPxT5w\/videos"]}]}},"_links":{"self":[{"href":"https:\/\/www.komedija.hr\/www\/wp-json\/wp\/v2\/pages\/2534","targetHints":{"allow":["GET"]}}],"collection":[{"href":"https:\/\/www.komedija.hr\/www\/wp-json\/wp\/v2\/pages"}],"about":[{"href":"https:\/\/www.komedija.hr\/www\/wp-json\/wp\/v2\/types\/page"}],"author":[{"embeddable":true,"href":"https:\/\/www.komedija.hr\/www\/wp-json\/wp\/v2\/users\/4"}],"replies":[{"embeddable":true,"href":"https:\/\/www.komedija.hr\/www\/wp-json\/wp\/v2\/comments?post=2534"}],"version-history":[{"count":0,"href":"https:\/\/www.komedija.hr\/www\/wp-json\/wp\/v2\/pages\/2534\/revisions"}],"up":[{"embeddable":true,"href":"https:\/\/www.komedija.hr\/www\/wp-json\/wp\/v2\/pages\/1659"}],"wp:attachment":[{"href":"https:\/\/www.komedija.hr\/www\/wp-json\/wp\/v2\/media?parent=2534"}],"curies":[{"name":"wp","href":"https:\/\/api.w.org\/{rel}","templated":true}]}}