{"id":2549,"date":"2012-04-11T19:55:13","date_gmt":"2012-04-11T19:55:13","guid":{"rendered":"http:\/\/www.komedija.hr\/web\/?page_id=2549"},"modified":"2012-04-12T08:31:18","modified_gmt":"2012-04-12T08:31:18","slug":"opera-za-tri-grosa","status":"publish","type":"page","link":"https:\/\/www.komedija.hr\/www\/arhiva-predstava\/opera-za-tri-grosa\/","title":{"rendered":"Opera za tri gro\u0161a"},"content":{"rendered":"<blockquote><p>Drama s pjevanjem<\/p><\/blockquote>\n<p>Vrhovni \u0161ef londonske policije Tiger Brown u vrlo je velikoj neprilici: ho\u0107e li izdati vi\u0161egodi\u0161nje povjerenje staroga prijatelja i poslovnog partnera Captn Macheatha, kralja lopova, ili \u0107e poku\u0161ati izigrati prepredenog trgovca ljudskom samilo\u0161\u0107u gospodina Peachuma, kralja prosjaka. U okru\u017eenju bludnica, lopova, potkupljivih policajaca i la\u017enih prosjaka Tigeru Brownu \u0107e pomo\u0107i poruka s najvi\u0161eg dr\u017eavnog mjesta&#8230;<\/p>\n<p><code><code><div class='catablog-catalog'><div class=\"catablog-row catablog-gallery\">\r\n\t<a href=\"https:\/\/www.komedija.hr\/www\/wp-content\/uploads\/catablog\/originals\/110opera.jpg\" class=\"catablog-image\"  >\r\n\t\t<img decoding=\"async\" src=\"https:\/\/www.komedija.hr\/www\/wp-content\/uploads\/catablog\/thumbnails\/110opera.jpg\" alt=\"\" \/>\r\n\t\t<strong class=\"catablog-title\">1<\/strong>\t\r\n\t<\/a>\r\n\t<div class=\"catablog-description\"><\/div>\r\n<\/div><div class=\"catablog-row catablog-gallery\">\r\n\t<a href=\"https:\/\/www.komedija.hr\/www\/wp-content\/uploads\/catablog\/originals\/110operb.jpg\" class=\"catablog-image\"  >\r\n\t\t<img decoding=\"async\" src=\"https:\/\/www.komedija.hr\/www\/wp-content\/uploads\/catablog\/thumbnails\/110operb.jpg\" alt=\"\" \/>\r\n\t\t<strong class=\"catablog-title\">2<\/strong>\t\r\n\t<\/a>\r\n\t<div class=\"catablog-description\"><\/div>\r\n<\/div><div class=\"catablog-row catablog-gallery\">\r\n\t<a href=\"https:\/\/www.komedija.hr\/www\/wp-content\/uploads\/catablog\/originals\/110operc.jpg\" class=\"catablog-image\"  >\r\n\t\t<img decoding=\"async\" src=\"https:\/\/www.komedija.hr\/www\/wp-content\/uploads\/catablog\/thumbnails\/110operc.jpg\" alt=\"\" \/>\r\n\t\t<strong class=\"catablog-title\">3<\/strong>\t\r\n\t<\/a>\r\n\t<div class=\"catablog-description\"><\/div>\r\n<\/div><\/div><div class='catablog-navigation'><span class='catablog-navigation-link catablog-first-page-link catablog-disabled'><\/span> <\/div><\/code><\/code><\/p>\n<p>&#8220;Opera za tri gro\u0161a&#8221; Bertolta Brechta i Kurta Weilla obi\u0161la je sve svjetske pozornice, a samo u New Yorku je reprizirana 2.611 puta. Ova produkcija nastavlja dugogodi\u0161nju tradiciju &#8220;Opere za tri gro\u0161a&#8221; na Komedijinoj pozornici, gdje je postavljana kao &#8220;Prosja\u010dka opera&#8221; (1957.), &#8220;Opera za tri pare&#8221; (1984.) i, naposlijetku, kao &#8220;Opera za tri gro\u0161a&#8221;. Nastavlja se i Komedijina tradicija postavljanja raznorodnih djela iz opusa Bertolta Brechta: postavljeni su &#8220;Dobri \u010dovjek iz Se\u010duana&#8221; (1963.), &#8220;\u010covjek je \u010dovjek&#8221; (1972.) i &#8220;Uspon i pad grada Mahagonnyja&#8221; (1975.).<\/p>\n<blockquote><p>autor teksta: Bertolt Brecht<br \/>\nautor glazbe:\u00a0 Kurt Weill<br \/>\nprevodilac:\u00a0 Ivica Kraja\u010d<br \/>\nredatelj: Marin Cari\u0107<br \/>\ndirigent: <a title=\"Veseljko Bare\u0161i\u0107\" href=\"http:\/\/www.komedija.hr\/web\/?page_id=1855\">Veseljko Bare\u0161i\u0107<br \/>\n<\/a>scenograf: Darko Petrovi\u0107<br \/>\nkostimografkinja: Mirjana Zagorec<br \/>\nkoreografkinja: Jasna Franki\u0107 Brklja\u010di\u0107<br \/>\ndizajner rasvjete:\u00a0 Olivije Mare\u010di\u0107<br \/>\n\u00a0<br \/>\nAsistent redatelja: Aida Bukvi\u0107; asistent scenografa: Tomislav Ruszkowski\u00a0\u00a0<br \/>\n\u00a0<br \/>\nNastupaju:<br \/>\n<a title=\"Damir Lon\u010dar\" href=\"http:\/\/www.komedija.hr\/web\/?page_id=1004\">Damir Lon\u010dar <\/a>(J. J. Peachum),<br \/>\n<a title=\"Dubravka Ostoji\u0107\" href=\"http:\/\/www.komedija.hr\/web\/?page_id=1092\">Dubravka Ostoji\u0107 <\/a>(Celia Peachum),<br \/>\n<a title=\"Mila Elegovi\u0107\" href=\"http:\/\/www.komedija.hr\/web\/?page_id=948\">Mila Elegovi\u0107 Bali\u0107 <\/a>(Polly),<br \/>\n<a title=\"Igor Me\u0161in\" href=\"http:\/\/www.komedija.hr\/web\/?page_id=1086\">Igor Me\u0161in <\/a>(Macheath &#8211; Mackie-No\u017e),<br \/>\n<a title=\"Dra\u017een \u010cu\u010dek\" href=\"http:\/\/www.komedija.hr\/web\/?page_id=937\">Dra\u017een \u010cu\u010dek <\/a>(Brown),<br \/>\n<a title=\"Jasna Pali\u0107 Picukari\u0107\" href=\"http:\/\/www.komedija.hr\/web\/?page_id=1101\">Jasna Pali\u0107 Picukari\u0107 <\/a>(Lucy),<br \/>\nVladimir Krstulovi\u0107 (Kimball),<br \/>\n<a title=\"Vanja \u0106iri\u0107\" href=\"http:\/\/www.komedija.hr\/web\/?page_id=939\">Vanja Lumezi <\/a>(Jenny),<br \/>\n<a title=\"Sa\u0161a Buneta\" href=\"http:\/\/www.komedija.hr\/web\/?page_id=930\">Sa\u0161a Buneta <\/a>(Filch),<br \/>\nMaja Petrin (Betty),<br \/>\nTamara Garbajs (Vixen),<br \/>\nSr\u0111ana \u0160imunovi\u0107 (Dolly),<br \/>\nDaria Knez (Molly),<br \/>\n<a title=\"Vinko Kraljevi\u0107\" href=\"http:\/\/www.komedija.hr\/web\/?page_id=1002\">Vinko Kraljevi\u0107 <\/a>(Smith),<br \/>\n<a title=\"Goran Malus\" href=\"http:\/\/www.komedija.hr\/web\/?page_id=1072\">Goran Malus <\/a>(Matija Kinta),<br \/>\n<a title=\"Dra\u017een Bratuli\u0107\" href=\"http:\/\/www.komedija.hr\/web\/?page_id=1862\">Dra\u017een Bratuli\u0107 <\/a>(Jakov &#8211; Kuka),<br \/>\n<a title=\"Vid Balog\" href=\"http:\/\/www.komedija.hr\/web\/?page_id=921\">Vid Balog <\/a>(Robert &#8211; Pila),<br \/>\n<a title=\"Davor Svedru\u017ei\u0107\" href=\"http:\/\/www.komedija.hr\/web\/?page_id=1268\">Davor Svedru\u017ei\u0107 <\/a>(Walter &#8211; Tu\u017ena vrba)\u00a0<br \/>\n\u00a0<br \/>\nSudjeluje i orkestar Kazali\u0161ta &#8220;Komedija&#8221;.\u00a0<br \/>\n\u00a0\u00a0\u00a0<br \/>\nPredstava je primjerena za sve uzraste.<br \/>\nPremijera: 18. prosinca 1998.<br \/>\nPune cijene ulaznica: 75, 50, 30 kuna.<br \/>\nTrajanje: oko 135 minuta (stanka uklju\u010dena).<\/p><\/blockquote>\n<p>&nbsp;<\/p>\n<p>&nbsp;<\/p>\n","protected":false},"excerpt":{"rendered":"<p>Drama s pjevanjem Vrhovni \u0161ef londonske policije Tiger Brown u vrlo je velikoj neprilici: ho\u0107e li izdati vi\u0161egodi\u0161nje povjerenje staroga prijatelja i poslovnog partnera Captn Macheatha, kralja lopova, ili \u0107e poku\u0161ati izigrati prepredenog trgovca ljudskom samilo\u0161\u0107u gospodina Peachuma, kralja prosjaka. U okru\u017eenju bludnica, lopova, potkupljivih policajaca i la\u017enih prosjaka Tigeru Brownu \u0107e pomo\u0107i poruka s [&hellip;]<\/p>\n","protected":false},"author":4,"featured_media":0,"parent":1659,"menu_order":0,"comment_status":"closed","ping_status":"open","template":"","meta":{"ngg_post_thumbnail":0,"footnotes":""},"class_list":["post-2549","page","type-page","status-publish","hentry"],"yoast_head":"<!-- This site is optimized with the Yoast SEO plugin v27.6 - https:\/\/yoast.com\/product\/yoast-seo-wordpress\/ -->\n<title>Opera za tri gro\u0161a - Kazali\u0161te Komedija<\/title>\n<meta name=\"robots\" content=\"index, follow, max-snippet:-1, max-image-preview:large, max-video-preview:-1\" \/>\n<link rel=\"canonical\" href=\"https:\/\/www.komedija.hr\/www\/arhiva-predstava\/opera-za-tri-grosa\/\" \/>\n<meta property=\"og:locale\" content=\"hr_HR\" \/>\n<meta property=\"og:type\" content=\"article\" \/>\n<meta property=\"og:title\" content=\"Opera za tri gro\u0161a - Kazali\u0161te Komedija\" \/>\n<meta property=\"og:description\" content=\"Drama s pjevanjem Vrhovni \u0161ef londonske policije Tiger Brown u vrlo je velikoj neprilici: ho\u0107e li izdati vi\u0161egodi\u0161nje povjerenje staroga prijatelja i poslovnog partnera Captn Macheatha, kralja lopova, ili \u0107e poku\u0161ati izigrati prepredenog trgovca ljudskom samilo\u0161\u0107u gospodina Peachuma, kralja prosjaka. U okru\u017eenju bludnica, lopova, potkupljivih policajaca i la\u017enih prosjaka Tigeru Brownu \u0107e pomo\u0107i poruka s [&hellip;]\" \/>\n<meta property=\"og:url\" content=\"https:\/\/www.komedija.hr\/www\/arhiva-predstava\/opera-za-tri-grosa\/\" \/>\n<meta property=\"og:site_name\" content=\"Kazali\u0161te Komedija\" \/>\n<meta property=\"article:publisher\" content=\"https:\/\/www.facebook.com\/kazaliste.komedija\/\" \/>\n<meta property=\"article:modified_time\" content=\"2012-04-12T08:31:18+00:00\" \/>\n<meta name=\"twitter:card\" content=\"summary_large_image\" \/>\n<meta name=\"twitter:site\" content=\"@KKomedija\" \/>\n<meta name=\"twitter:label1\" content=\"Procijenjeno vrijeme \u010ditanja\" \/>\n\t<meta name=\"twitter:data1\" content=\"2 minute\" \/>\n<script type=\"application\/ld+json\" class=\"yoast-schema-graph\">{\"@context\":\"https:\\\/\\\/schema.org\",\"@graph\":[{\"@type\":\"WebPage\",\"@id\":\"https:\\\/\\\/www.komedija.hr\\\/www\\\/arhiva-predstava\\\/opera-za-tri-grosa\\\/\",\"url\":\"https:\\\/\\\/www.komedija.hr\\\/www\\\/arhiva-predstava\\\/opera-za-tri-grosa\\\/\",\"name\":\"Opera za tri gro\u0161a - Kazali\u0161te Komedija\",\"isPartOf\":{\"@id\":\"http:\\\/\\\/www.komedija.hr\\\/www\\\/#website\"},\"datePublished\":\"2012-04-11T19:55:13+00:00\",\"dateModified\":\"2012-04-12T08:31:18+00:00\",\"breadcrumb\":{\"@id\":\"https:\\\/\\\/www.komedija.hr\\\/www\\\/arhiva-predstava\\\/opera-za-tri-grosa\\\/#breadcrumb\"},\"inLanguage\":\"hr\",\"potentialAction\":[{\"@type\":\"ReadAction\",\"target\":[\"https:\\\/\\\/www.komedija.hr\\\/www\\\/arhiva-predstava\\\/opera-za-tri-grosa\\\/\"]}]},{\"@type\":\"BreadcrumbList\",\"@id\":\"https:\\\/\\\/www.komedija.hr\\\/www\\\/arhiva-predstava\\\/opera-za-tri-grosa\\\/#breadcrumb\",\"itemListElement\":[{\"@type\":\"ListItem\",\"position\":1,\"name\":\"Po\u010detna stranica\",\"item\":\"http:\\\/\\\/www.komedija.hr\\\/www\\\/\"},{\"@type\":\"ListItem\",\"position\":2,\"name\":\"Arhiva predstava\",\"item\":\"https:\\\/\\\/www.komedija.hr\\\/www\\\/arhiva-predstava\\\/\"},{\"@type\":\"ListItem\",\"position\":3,\"name\":\"Opera za tri gro\u0161a\"}]},{\"@type\":\"WebSite\",\"@id\":\"http:\\\/\\\/www.komedija.hr\\\/www\\\/#website\",\"url\":\"http:\\\/\\\/www.komedija.hr\\\/www\\\/\",\"name\":\"Kazali\u0161te Komedija\",\"description\":\"\",\"publisher\":{\"@id\":\"http:\\\/\\\/www.komedija.hr\\\/www\\\/#organization\"},\"potentialAction\":[{\"@type\":\"SearchAction\",\"target\":{\"@type\":\"EntryPoint\",\"urlTemplate\":\"http:\\\/\\\/www.komedija.hr\\\/www\\\/?s={search_term_string}\"},\"query-input\":{\"@type\":\"PropertyValueSpecification\",\"valueRequired\":true,\"valueName\":\"search_term_string\"}}],\"inLanguage\":\"hr\"},{\"@type\":\"Organization\",\"@id\":\"http:\\\/\\\/www.komedija.hr\\\/www\\\/#organization\",\"name\":\"Zagreba\u010dko gradsko Kazali\u0161ta Komedija\",\"url\":\"http:\\\/\\\/www.komedija.hr\\\/www\\\/\",\"logo\":{\"@type\":\"ImageObject\",\"inLanguage\":\"hr\",\"@id\":\"http:\\\/\\\/www.komedija.hr\\\/www\\\/#\\\/schema\\\/logo\\\/image\\\/\",\"url\":\"https:\\\/\\\/www.komedija.hr\\\/www\\\/wp-content\\\/uploads\\\/2020\\\/02\\\/cropped-Kazaliste_Komedija_logo_2.png\",\"contentUrl\":\"https:\\\/\\\/www.komedija.hr\\\/www\\\/wp-content\\\/uploads\\\/2020\\\/02\\\/cropped-Kazaliste_Komedija_logo_2.png\",\"width\":512,\"height\":512,\"caption\":\"Zagreba\u010dko gradsko Kazali\u0161ta Komedija\"},\"image\":{\"@id\":\"http:\\\/\\\/www.komedija.hr\\\/www\\\/#\\\/schema\\\/logo\\\/image\\\/\"},\"sameAs\":[\"https:\\\/\\\/www.facebook.com\\\/kazaliste.komedija\\\/\",\"https:\\\/\\\/x.com\\\/KKomedija\",\"https:\\\/\\\/www.instagram.com\\\/kazaliste_komedija\\\/\",\"https:\\\/\\\/www.youtube.com\\\/channel\\\/UC1NcapMYUXJW3miW_oPxT5w\\\/videos\"]}]}<\/script>\n<!-- \/ Yoast SEO plugin. -->","yoast_head_json":{"title":"Opera za tri gro\u0161a - Kazali\u0161te Komedija","robots":{"index":"index","follow":"follow","max-snippet":"max-snippet:-1","max-image-preview":"max-image-preview:large","max-video-preview":"max-video-preview:-1"},"canonical":"https:\/\/www.komedija.hr\/www\/arhiva-predstava\/opera-za-tri-grosa\/","og_locale":"hr_HR","og_type":"article","og_title":"Opera za tri gro\u0161a - Kazali\u0161te Komedija","og_description":"Drama s pjevanjem Vrhovni \u0161ef londonske policije Tiger Brown u vrlo je velikoj neprilici: ho\u0107e li izdati vi\u0161egodi\u0161nje povjerenje staroga prijatelja i poslovnog partnera Captn Macheatha, kralja lopova, ili \u0107e poku\u0161ati izigrati prepredenog trgovca ljudskom samilo\u0161\u0107u gospodina Peachuma, kralja prosjaka. U okru\u017eenju bludnica, lopova, potkupljivih policajaca i la\u017enih prosjaka Tigeru Brownu \u0107e pomo\u0107i poruka s [&hellip;]","og_url":"https:\/\/www.komedija.hr\/www\/arhiva-predstava\/opera-za-tri-grosa\/","og_site_name":"Kazali\u0161te Komedija","article_publisher":"https:\/\/www.facebook.com\/kazaliste.komedija\/","article_modified_time":"2012-04-12T08:31:18+00:00","twitter_card":"summary_large_image","twitter_site":"@KKomedija","twitter_misc":{"Procijenjeno vrijeme \u010ditanja":"2 minute"},"schema":{"@context":"https:\/\/schema.org","@graph":[{"@type":"WebPage","@id":"https:\/\/www.komedija.hr\/www\/arhiva-predstava\/opera-za-tri-grosa\/","url":"https:\/\/www.komedija.hr\/www\/arhiva-predstava\/opera-za-tri-grosa\/","name":"Opera za tri gro\u0161a - Kazali\u0161te Komedija","isPartOf":{"@id":"http:\/\/www.komedija.hr\/www\/#website"},"datePublished":"2012-04-11T19:55:13+00:00","dateModified":"2012-04-12T08:31:18+00:00","breadcrumb":{"@id":"https:\/\/www.komedija.hr\/www\/arhiva-predstava\/opera-za-tri-grosa\/#breadcrumb"},"inLanguage":"hr","potentialAction":[{"@type":"ReadAction","target":["https:\/\/www.komedija.hr\/www\/arhiva-predstava\/opera-za-tri-grosa\/"]}]},{"@type":"BreadcrumbList","@id":"https:\/\/www.komedija.hr\/www\/arhiva-predstava\/opera-za-tri-grosa\/#breadcrumb","itemListElement":[{"@type":"ListItem","position":1,"name":"Po\u010detna stranica","item":"http:\/\/www.komedija.hr\/www\/"},{"@type":"ListItem","position":2,"name":"Arhiva predstava","item":"https:\/\/www.komedija.hr\/www\/arhiva-predstava\/"},{"@type":"ListItem","position":3,"name":"Opera za tri gro\u0161a"}]},{"@type":"WebSite","@id":"http:\/\/www.komedija.hr\/www\/#website","url":"http:\/\/www.komedija.hr\/www\/","name":"Kazali\u0161te Komedija","description":"","publisher":{"@id":"http:\/\/www.komedija.hr\/www\/#organization"},"potentialAction":[{"@type":"SearchAction","target":{"@type":"EntryPoint","urlTemplate":"http:\/\/www.komedija.hr\/www\/?s={search_term_string}"},"query-input":{"@type":"PropertyValueSpecification","valueRequired":true,"valueName":"search_term_string"}}],"inLanguage":"hr"},{"@type":"Organization","@id":"http:\/\/www.komedija.hr\/www\/#organization","name":"Zagreba\u010dko gradsko Kazali\u0161ta Komedija","url":"http:\/\/www.komedija.hr\/www\/","logo":{"@type":"ImageObject","inLanguage":"hr","@id":"http:\/\/www.komedija.hr\/www\/#\/schema\/logo\/image\/","url":"https:\/\/www.komedija.hr\/www\/wp-content\/uploads\/2020\/02\/cropped-Kazaliste_Komedija_logo_2.png","contentUrl":"https:\/\/www.komedija.hr\/www\/wp-content\/uploads\/2020\/02\/cropped-Kazaliste_Komedija_logo_2.png","width":512,"height":512,"caption":"Zagreba\u010dko gradsko Kazali\u0161ta Komedija"},"image":{"@id":"http:\/\/www.komedija.hr\/www\/#\/schema\/logo\/image\/"},"sameAs":["https:\/\/www.facebook.com\/kazaliste.komedija\/","https:\/\/x.com\/KKomedija","https:\/\/www.instagram.com\/kazaliste_komedija\/","https:\/\/www.youtube.com\/channel\/UC1NcapMYUXJW3miW_oPxT5w\/videos"]}]}},"_links":{"self":[{"href":"https:\/\/www.komedija.hr\/www\/wp-json\/wp\/v2\/pages\/2549","targetHints":{"allow":["GET"]}}],"collection":[{"href":"https:\/\/www.komedija.hr\/www\/wp-json\/wp\/v2\/pages"}],"about":[{"href":"https:\/\/www.komedija.hr\/www\/wp-json\/wp\/v2\/types\/page"}],"author":[{"embeddable":true,"href":"https:\/\/www.komedija.hr\/www\/wp-json\/wp\/v2\/users\/4"}],"replies":[{"embeddable":true,"href":"https:\/\/www.komedija.hr\/www\/wp-json\/wp\/v2\/comments?post=2549"}],"version-history":[{"count":0,"href":"https:\/\/www.komedija.hr\/www\/wp-json\/wp\/v2\/pages\/2549\/revisions"}],"up":[{"embeddable":true,"href":"https:\/\/www.komedija.hr\/www\/wp-json\/wp\/v2\/pages\/1659"}],"wp:attachment":[{"href":"https:\/\/www.komedija.hr\/www\/wp-json\/wp\/v2\/media?parent=2549"}],"curies":[{"name":"wp","href":"https:\/\/api.w.org\/{rel}","templated":true}]}}