{"id":2635,"date":"2012-04-18T16:30:09","date_gmt":"2012-04-18T16:30:09","guid":{"rendered":"http:\/\/www.komedija.hr\/web\/?page_id=2635"},"modified":"2012-04-19T20:58:37","modified_gmt":"2012-04-19T20:58:37","slug":"grubijani","status":"publish","type":"page","link":"https:\/\/www.komedija.hr\/www\/arhiva-predstava\/grubijani\/","title":{"rendered":"Grubijani"},"content":{"rendered":"<blockquote><p>Komedija<\/p>\n<p>Kazali\u0161te &#8220;Komedija&#8221; i INK Pula u suradnji.<\/p><\/blockquote>\n<p>Jedan od \u010detvorice prijatelja, venecijanskih trgovaca, navodno moralista i \u010duvara tradicije a zapravo prepotentnih, nasilnih, samo\u017eivih i arogantnih grubijana, dogovori udaju svoje k\u0107eri za prijateljevog sina. Pritom k\u0107er i suprugu ne samo da za to nije pitao, nego ih o tome nije niti obavijestio. Dakako, sve \u0107e se \u010detiri supruge &#8220;grubijana&#8221; zajedni\u010dki pobuniti protiv svojih mu\u017eeva.<\/p>\n<p><code><code><div class='catablog-catalog'><div class=\"catablog-row catablog-gallery\">\r\n\t<a href=\"https:\/\/www.komedija.hr\/www\/wp-content\/uploads\/catablog\/originals\/grub2.jpg\" class=\"catablog-image\"  >\r\n\t\t<img decoding=\"async\" src=\"https:\/\/www.komedija.hr\/www\/wp-content\/uploads\/catablog\/thumbnails\/grub2.jpg\" alt=\"\" \/>\r\n\t\t<strong class=\"catablog-title\">grub2<\/strong>\t\r\n\t<\/a>\r\n\t<div class=\"catablog-description\"><\/div>\r\n<\/div><div class=\"catablog-row catablog-gallery\">\r\n\t<a href=\"https:\/\/www.komedija.hr\/www\/wp-content\/uploads\/catablog\/originals\/grub1.jpg\" class=\"catablog-image\"  >\r\n\t\t<img decoding=\"async\" src=\"https:\/\/www.komedija.hr\/www\/wp-content\/uploads\/catablog\/thumbnails\/grub1.jpg\" alt=\"\" \/>\r\n\t\t<strong class=\"catablog-title\">grub1<\/strong>\t\r\n\t<\/a>\r\n\t<div class=\"catablog-description\"><\/div>\r\n<\/div><\/div><div class='catablog-navigation'><span class='catablog-navigation-link catablog-first-page-link catablog-disabled'><\/span> <\/div><\/code><\/code><\/p>\n<p>Nakon vi\u0161esezonskog uspjeha &#8220;Gostioni\u010darke&#8221;, na &#8220;Komedijin&#8221; repertoar dolazi jo\u0161 jedno djelo Carla Goldonija, mleta\u010dkoga pravnika i europskoga komediografa: &#8220;Grubijani&#8221; (I Rusteghi). Evo \u0161to on sam poru\u010duje o tom djelu: &#8220;Mi u Veneciji ka\u017eemo &#8216;rustegho&#8217; za \u010dovjeka koji je grub, prostak, kojem se ne svi\u0111a biti u dru\u0161tvu niti razgovarati. Iz naslova mo\u017eemo vidjeti da je mnogo glavnih glumaca: \u010detvero ih je. Svi su istog karaktera, ali ocrtani raznim bojama. Mo\u017ee se \u010diniti da je komedija s \u010detiri lika istog karaktera vrlo dosadna. Ali uspjelo mi je posti\u0107i suprotno: publika se jako dobro zabavlja. Mogu re\u0107i da je ovo jedno od mojih najboljih djela, jer posti\u017ee uspjeh ne samo u Veneciji nego i svugdje gdje se izvodi.&#8221;<\/p>\n<p>Pro\u010ditajte i <a title=\"Grubijani (nastavak)\" href=\"http:\/\/www.komedija.hr\/web\/?page_id=2637\">KRATKU BILJE\u0160KU <\/a>Dragutina Lu\u010di\u0107a o jeziku kojim se govori u predstavi.<\/p>\n<blockquote><p>autor: Carlo Goldoni\u00a0<br \/>\nprevodilac i dramaturg: Boris B. Hrovat<br \/>\nprilagoditelj \u010dakavskome:\u00a0 Dragutin Lu\u010di\u0107 Luce<\/p>\n<p>redatelj:\u00a0 Jo\u0161ko Juvan\u010di\u0107\u00a0<br \/>\nscenograf: Darko Petrovi\u0107\u00a0<br \/>\nkostimografkinja:\u00a0 Marinela Jeromela\u00a0<br \/>\nautorica glazbe:\u00a0 Arinka \u0160egando\u00a0<br \/>\noblikovatelj svjetla:\u00a0 \u017deljko Koli\u0107\u00a0<br \/>\nasistent redatelja: Jo\u0161ko \u0160evo; asistent scenografa: Tomislav Ruszkowski<\/p>\n<p>Nastupaju:\u00a0<br \/>\n<a title=\"Dra\u017een \u010cu\u010dek\" href=\"http:\/\/www.komedija.hr\/web\/?page_id=937\">Dra\u017een \u010cu\u010dek <\/a>(Pepin),<br \/>\n<a title=\"Vanja \u0106iri\u0107\" href=\"http:\/\/www.komedija.hr\/web\/?page_id=939\">Vanja Lumezi <\/a>(Jolanda),<br \/>\n<a title=\"Dra\u017een Bratuli\u0107\" href=\"http:\/\/www.komedija.hr\/web\/?page_id=1862\">Dra\u017een Bratuli\u0107 <\/a>(Vittorio),<br \/>\n<a title=\"Ljubo Ze\u010devi\u0107\" href=\"http:\/\/www.komedija.hr\/web\/?page_id=1395\">Ljubo Ze\u010devi\u0107 <\/a>(Umberto),<br \/>\n<a title=\"Dubravka Ostoji\u0107\" href=\"http:\/\/www.komedija.hr\/web\/?page_id=1092\">Dubravka Ostoji\u0107 <\/a>(Margarita),<br \/>\nHelena Mini\u0107 (Lucietta),<br \/>\n<a title=\"Ranko Tihomirovi\u0107\" href=\"http:\/\/www.komedija.hr\/web\/?page_id=1391\">Ranko Tihomirovi\u0107 <\/a>(Poldo),<br \/>\n<a title=\"Mirela Brekalo Popovi\u0107\" href=\"http:\/\/www.komedija.hr\/web\/?page_id=923\">Mirela Brekalo Popovi\u0107 <\/a>(Maria),<br \/>\nJo\u0161ko \u0160evo (Marcello),<br \/>\nMajkl Mikoli\u0107 (Felippetto)<\/p>\n<p>Predstava je primjerena za sve uzraste.<br \/>\nPremijera: 1. (Pula) i 16. o\u017eujka 2003. (Zagreb).<br \/>\nPune cijene ulaznica: 50, 35, 20 kuna.<br \/>\nTrajanje oko 105 minuta (stanke nema).<\/p><\/blockquote>\n<p>&nbsp;<\/p>\n","protected":false},"excerpt":{"rendered":"<p>Komedija Kazali\u0161te &#8220;Komedija&#8221; i INK Pula u suradnji. Jedan od \u010detvorice prijatelja, venecijanskih trgovaca, navodno moralista i \u010duvara tradicije a zapravo prepotentnih, nasilnih, samo\u017eivih i arogantnih grubijana, dogovori udaju svoje k\u0107eri za prijateljevog sina. Pritom k\u0107er i suprugu ne samo da za to nije pitao, nego ih o tome nije niti obavijestio. Dakako, sve \u0107e [&hellip;]<\/p>\n","protected":false},"author":4,"featured_media":0,"parent":1659,"menu_order":0,"comment_status":"closed","ping_status":"open","template":"","meta":{"ngg_post_thumbnail":0,"footnotes":""},"class_list":["post-2635","page","type-page","status-publish","hentry"],"yoast_head":"<!-- This site is optimized with the Yoast SEO plugin v27.5 - https:\/\/yoast.com\/product\/yoast-seo-wordpress\/ -->\n<title>Grubijani - Kazali\u0161te Komedija<\/title>\n<meta name=\"robots\" content=\"index, follow, max-snippet:-1, max-image-preview:large, max-video-preview:-1\" \/>\n<link rel=\"canonical\" href=\"https:\/\/www.komedija.hr\/www\/arhiva-predstava\/grubijani\/\" \/>\n<meta property=\"og:locale\" content=\"hr_HR\" \/>\n<meta property=\"og:type\" content=\"article\" \/>\n<meta property=\"og:title\" content=\"Grubijani - Kazali\u0161te Komedija\" \/>\n<meta property=\"og:description\" content=\"Komedija Kazali\u0161te &#8220;Komedija&#8221; i INK Pula u suradnji. Jedan od \u010detvorice prijatelja, venecijanskih trgovaca, navodno moralista i \u010duvara tradicije a zapravo prepotentnih, nasilnih, samo\u017eivih i arogantnih grubijana, dogovori udaju svoje k\u0107eri za prijateljevog sina. Pritom k\u0107er i suprugu ne samo da za to nije pitao, nego ih o tome nije niti obavijestio. Dakako, sve \u0107e [&hellip;]\" \/>\n<meta property=\"og:url\" content=\"https:\/\/www.komedija.hr\/www\/arhiva-predstava\/grubijani\/\" \/>\n<meta property=\"og:site_name\" content=\"Kazali\u0161te Komedija\" \/>\n<meta property=\"article:publisher\" content=\"https:\/\/www.facebook.com\/kazaliste.komedija\/\" \/>\n<meta property=\"article:modified_time\" content=\"2012-04-19T20:58:37+00:00\" \/>\n<meta name=\"twitter:card\" content=\"summary_large_image\" \/>\n<meta name=\"twitter:site\" content=\"@KKomedija\" \/>\n<meta name=\"twitter:label1\" content=\"Procijenjeno vrijeme \u010ditanja\" \/>\n\t<meta name=\"twitter:data1\" content=\"2 minute\" \/>\n<script type=\"application\/ld+json\" class=\"yoast-schema-graph\">{\"@context\":\"https:\\\/\\\/schema.org\",\"@graph\":[{\"@type\":\"WebPage\",\"@id\":\"https:\\\/\\\/www.komedija.hr\\\/www\\\/arhiva-predstava\\\/grubijani\\\/\",\"url\":\"https:\\\/\\\/www.komedija.hr\\\/www\\\/arhiva-predstava\\\/grubijani\\\/\",\"name\":\"Grubijani - Kazali\u0161te Komedija\",\"isPartOf\":{\"@id\":\"http:\\\/\\\/www.komedija.hr\\\/www\\\/#website\"},\"datePublished\":\"2012-04-18T16:30:09+00:00\",\"dateModified\":\"2012-04-19T20:58:37+00:00\",\"breadcrumb\":{\"@id\":\"https:\\\/\\\/www.komedija.hr\\\/www\\\/arhiva-predstava\\\/grubijani\\\/#breadcrumb\"},\"inLanguage\":\"hr\",\"potentialAction\":[{\"@type\":\"ReadAction\",\"target\":[\"https:\\\/\\\/www.komedija.hr\\\/www\\\/arhiva-predstava\\\/grubijani\\\/\"]}]},{\"@type\":\"BreadcrumbList\",\"@id\":\"https:\\\/\\\/www.komedija.hr\\\/www\\\/arhiva-predstava\\\/grubijani\\\/#breadcrumb\",\"itemListElement\":[{\"@type\":\"ListItem\",\"position\":1,\"name\":\"Po\u010detna stranica\",\"item\":\"http:\\\/\\\/www.komedija.hr\\\/www\\\/\"},{\"@type\":\"ListItem\",\"position\":2,\"name\":\"Arhiva predstava\",\"item\":\"https:\\\/\\\/www.komedija.hr\\\/www\\\/arhiva-predstava\\\/\"},{\"@type\":\"ListItem\",\"position\":3,\"name\":\"Grubijani\"}]},{\"@type\":\"WebSite\",\"@id\":\"http:\\\/\\\/www.komedija.hr\\\/www\\\/#website\",\"url\":\"http:\\\/\\\/www.komedija.hr\\\/www\\\/\",\"name\":\"Kazali\u0161te Komedija\",\"description\":\"\",\"publisher\":{\"@id\":\"http:\\\/\\\/www.komedija.hr\\\/www\\\/#organization\"},\"potentialAction\":[{\"@type\":\"SearchAction\",\"target\":{\"@type\":\"EntryPoint\",\"urlTemplate\":\"http:\\\/\\\/www.komedija.hr\\\/www\\\/?s={search_term_string}\"},\"query-input\":{\"@type\":\"PropertyValueSpecification\",\"valueRequired\":true,\"valueName\":\"search_term_string\"}}],\"inLanguage\":\"hr\"},{\"@type\":\"Organization\",\"@id\":\"http:\\\/\\\/www.komedija.hr\\\/www\\\/#organization\",\"name\":\"Zagreba\u010dko gradsko Kazali\u0161ta Komedija\",\"url\":\"http:\\\/\\\/www.komedija.hr\\\/www\\\/\",\"logo\":{\"@type\":\"ImageObject\",\"inLanguage\":\"hr\",\"@id\":\"http:\\\/\\\/www.komedija.hr\\\/www\\\/#\\\/schema\\\/logo\\\/image\\\/\",\"url\":\"https:\\\/\\\/www.komedija.hr\\\/www\\\/wp-content\\\/uploads\\\/2020\\\/02\\\/cropped-Kazaliste_Komedija_logo_2.png\",\"contentUrl\":\"https:\\\/\\\/www.komedija.hr\\\/www\\\/wp-content\\\/uploads\\\/2020\\\/02\\\/cropped-Kazaliste_Komedija_logo_2.png\",\"width\":512,\"height\":512,\"caption\":\"Zagreba\u010dko gradsko Kazali\u0161ta Komedija\"},\"image\":{\"@id\":\"http:\\\/\\\/www.komedija.hr\\\/www\\\/#\\\/schema\\\/logo\\\/image\\\/\"},\"sameAs\":[\"https:\\\/\\\/www.facebook.com\\\/kazaliste.komedija\\\/\",\"https:\\\/\\\/x.com\\\/KKomedija\",\"https:\\\/\\\/www.instagram.com\\\/kazaliste_komedija\\\/\",\"https:\\\/\\\/www.youtube.com\\\/channel\\\/UC1NcapMYUXJW3miW_oPxT5w\\\/videos\"]}]}<\/script>\n<!-- \/ Yoast SEO plugin. -->","yoast_head_json":{"title":"Grubijani - Kazali\u0161te Komedija","robots":{"index":"index","follow":"follow","max-snippet":"max-snippet:-1","max-image-preview":"max-image-preview:large","max-video-preview":"max-video-preview:-1"},"canonical":"https:\/\/www.komedija.hr\/www\/arhiva-predstava\/grubijani\/","og_locale":"hr_HR","og_type":"article","og_title":"Grubijani - Kazali\u0161te Komedija","og_description":"Komedija Kazali\u0161te &#8220;Komedija&#8221; i INK Pula u suradnji. Jedan od \u010detvorice prijatelja, venecijanskih trgovaca, navodno moralista i \u010duvara tradicije a zapravo prepotentnih, nasilnih, samo\u017eivih i arogantnih grubijana, dogovori udaju svoje k\u0107eri za prijateljevog sina. Pritom k\u0107er i suprugu ne samo da za to nije pitao, nego ih o tome nije niti obavijestio. Dakako, sve \u0107e [&hellip;]","og_url":"https:\/\/www.komedija.hr\/www\/arhiva-predstava\/grubijani\/","og_site_name":"Kazali\u0161te Komedija","article_publisher":"https:\/\/www.facebook.com\/kazaliste.komedija\/","article_modified_time":"2012-04-19T20:58:37+00:00","twitter_card":"summary_large_image","twitter_site":"@KKomedija","twitter_misc":{"Procijenjeno vrijeme \u010ditanja":"2 minute"},"schema":{"@context":"https:\/\/schema.org","@graph":[{"@type":"WebPage","@id":"https:\/\/www.komedija.hr\/www\/arhiva-predstava\/grubijani\/","url":"https:\/\/www.komedija.hr\/www\/arhiva-predstava\/grubijani\/","name":"Grubijani - Kazali\u0161te Komedija","isPartOf":{"@id":"http:\/\/www.komedija.hr\/www\/#website"},"datePublished":"2012-04-18T16:30:09+00:00","dateModified":"2012-04-19T20:58:37+00:00","breadcrumb":{"@id":"https:\/\/www.komedija.hr\/www\/arhiva-predstava\/grubijani\/#breadcrumb"},"inLanguage":"hr","potentialAction":[{"@type":"ReadAction","target":["https:\/\/www.komedija.hr\/www\/arhiva-predstava\/grubijani\/"]}]},{"@type":"BreadcrumbList","@id":"https:\/\/www.komedija.hr\/www\/arhiva-predstava\/grubijani\/#breadcrumb","itemListElement":[{"@type":"ListItem","position":1,"name":"Po\u010detna stranica","item":"http:\/\/www.komedija.hr\/www\/"},{"@type":"ListItem","position":2,"name":"Arhiva predstava","item":"https:\/\/www.komedija.hr\/www\/arhiva-predstava\/"},{"@type":"ListItem","position":3,"name":"Grubijani"}]},{"@type":"WebSite","@id":"http:\/\/www.komedija.hr\/www\/#website","url":"http:\/\/www.komedija.hr\/www\/","name":"Kazali\u0161te Komedija","description":"","publisher":{"@id":"http:\/\/www.komedija.hr\/www\/#organization"},"potentialAction":[{"@type":"SearchAction","target":{"@type":"EntryPoint","urlTemplate":"http:\/\/www.komedija.hr\/www\/?s={search_term_string}"},"query-input":{"@type":"PropertyValueSpecification","valueRequired":true,"valueName":"search_term_string"}}],"inLanguage":"hr"},{"@type":"Organization","@id":"http:\/\/www.komedija.hr\/www\/#organization","name":"Zagreba\u010dko gradsko Kazali\u0161ta Komedija","url":"http:\/\/www.komedija.hr\/www\/","logo":{"@type":"ImageObject","inLanguage":"hr","@id":"http:\/\/www.komedija.hr\/www\/#\/schema\/logo\/image\/","url":"https:\/\/www.komedija.hr\/www\/wp-content\/uploads\/2020\/02\/cropped-Kazaliste_Komedija_logo_2.png","contentUrl":"https:\/\/www.komedija.hr\/www\/wp-content\/uploads\/2020\/02\/cropped-Kazaliste_Komedija_logo_2.png","width":512,"height":512,"caption":"Zagreba\u010dko gradsko Kazali\u0161ta Komedija"},"image":{"@id":"http:\/\/www.komedija.hr\/www\/#\/schema\/logo\/image\/"},"sameAs":["https:\/\/www.facebook.com\/kazaliste.komedija\/","https:\/\/x.com\/KKomedija","https:\/\/www.instagram.com\/kazaliste_komedija\/","https:\/\/www.youtube.com\/channel\/UC1NcapMYUXJW3miW_oPxT5w\/videos"]}]}},"_links":{"self":[{"href":"https:\/\/www.komedija.hr\/www\/wp-json\/wp\/v2\/pages\/2635","targetHints":{"allow":["GET"]}}],"collection":[{"href":"https:\/\/www.komedija.hr\/www\/wp-json\/wp\/v2\/pages"}],"about":[{"href":"https:\/\/www.komedija.hr\/www\/wp-json\/wp\/v2\/types\/page"}],"author":[{"embeddable":true,"href":"https:\/\/www.komedija.hr\/www\/wp-json\/wp\/v2\/users\/4"}],"replies":[{"embeddable":true,"href":"https:\/\/www.komedija.hr\/www\/wp-json\/wp\/v2\/comments?post=2635"}],"version-history":[{"count":0,"href":"https:\/\/www.komedija.hr\/www\/wp-json\/wp\/v2\/pages\/2635\/revisions"}],"up":[{"embeddable":true,"href":"https:\/\/www.komedija.hr\/www\/wp-json\/wp\/v2\/pages\/1659"}],"wp:attachment":[{"href":"https:\/\/www.komedija.hr\/www\/wp-json\/wp\/v2\/media?parent=2635"}],"curies":[{"name":"wp","href":"https:\/\/api.w.org\/{rel}","templated":true}]}}