{"id":2898,"date":"2012-05-14T10:18:08","date_gmt":"2012-05-14T10:18:08","guid":{"rendered":"http:\/\/www.komedija.hr\/web\/?page_id=2898"},"modified":"2012-05-14T10:20:40","modified_gmt":"2012-05-14T10:20:40","slug":"damir-poljicak","status":"publish","type":"page","link":"https:\/\/www.komedija.hr\/www\/ansambl-2\/damir-poljicak\/","title":{"rendered":"Damir Polji\u010dak"},"content":{"rendered":"<table width=\"100%\" border=\"0\">\n<tbody>\n<tr>\n<td valign=\"top\" width=\"18%\" height=\"72\">\u00a0<\/td>\n<td valign=\"center\" width=\"82%\" height=\"72\">\n<div align=\"left\">Damir Polji\u010dak, glumac<\/div>\n<\/td>\n<\/tr>\n<tr valign=\"top\">\n<td colspan=\"2\" height=\"20\">\u00a0<\/td>\n<\/tr>\n<tr>\n<td valign=\"top\" width=\"18%\" height=\"67\"><strong>ansambl<\/strong><\/td>\n<td valign=\"top\" width=\"82%\" height=\"67\">Kazali\u0161te &#8220;Komedija&#8221;, p.p. 428, Zagreb<br \/>\ntel.: +385 (0)1 48 13 200; fax: +385 (0)1 48 12 179<br \/>\nGSM: +385 (0)91 503 51 03<br \/>\ne-mail:<\/td>\n<\/tr>\n<tr>\n<td valign=\"top\" width=\"18%\" height=\"25\"><strong>OBRAZOVANJE<\/strong><\/td>\n<td valign=\"top\" width=\"82%\" height=\"25\"><strong>Akademija dramske umjetnosti Sveu\u010dili\u0161ta u Zagrebu <\/strong><\/td>\n<\/tr>\n<tr>\n<td colspan=\"2\" valign=\"top\">\u00a0<\/td>\n<\/tr>\n<tr>\n<td valign=\"top\" width=\"18%\" height=\"118\"><strong>KAZALI\u0160TE<\/strong><\/td>\n<td valign=\"top\" width=\"82%\" height=\"118\">Ro\u0111en u Splitu 1984. Diplomirao je na Akademiji dramske umjetnosti u Zagrebu. Nastupa u predstavama Gradskog kazali\u0161ta \u017dar Ptica, Satiri\u010dkog kazali\u0161ta Kerempuh, Kazali\u0161ta Komedija i Kazali\u0161ta Ulysess. Jo\u0161 za vrijeme studija ostvario je zna\u010dajne uloge u kazali\u0161tu, filmu i televiziji. U Komediji je igrao u predstavama <em>Odlazak<\/em>, <a title=\"Terapija, terapija!\" href=\"http:\/\/www.komedija.hr\/web\/?page_id=171\"><em>Terapija terapija<\/em> <\/a>i <em><a title=\"Jalta, Jalta\" href=\"http:\/\/www.komedija.hr\/web\/?page_id=370\">Jalta Jalta<\/a><\/em>. Tako\u0111er je igrao u predstavama <em>Kralj Lear<\/em>, <em>Romeo<\/em><em> i Julija &#8217;68<\/em>, <em>Pijana No\u0107 <\/em>i <em>Arturo Ui<\/em> Kazali\u0161ta Ulysess u re\u017eiji Lenke Udovi\u010dki, <em>Strah u\u00a0 Ulici Lipa<\/em> u re\u017eiji Olivera Frlji\u0107a, <em>Ljubav, struja, voda &amp; telefon<\/em> u re\u017eiji Vinka Bre\u0161ana i mnogim drugim.<\/td>\n<\/tr>\n<tr>\n<td colspan=\"2\" valign=\"top\">\u00a0<\/td>\n<\/tr>\n<tr>\n<td valign=\"top\" width=\"18%\" height=\"117\"><strong>NAGRADE I PRIZNANJA<\/strong><\/td>\n<td valign=\"top\" width=\"82%\" height=\"117\">Dva je puta nominiran za Nagradu hrvatskoga glumi\u0161ta.<\/td>\n<\/tr>\n<tr>\n<td colspan=\"2\" valign=\"top\" height=\"33\">\u00a0<\/td>\n<\/tr>\n<tr>\n<td valign=\"top\" width=\"18%\" height=\"35\">\u00a0<\/td>\n<td valign=\"top\" width=\"82%\" height=\"35\">\u00a0<\/td>\n<\/tr>\n<\/tbody>\n<\/table>\n","protected":false},"excerpt":{"rendered":"<p>\u00a0 Damir Polji\u010dak, glumac \u00a0 ansambl Kazali\u0161te &#8220;Komedija&#8221;, p.p. 428, Zagreb tel.: +385 (0)1 48 13 200; fax: +385 (0)1 48 12 179 GSM: +385 (0)91 503 51 03 e-mail: OBRAZOVANJE Akademija dramske umjetnosti Sveu\u010dili\u0161ta u Zagrebu \u00a0 KAZALI\u0160TE Ro\u0111en u Splitu 1984. Diplomirao je na Akademiji dramske umjetnosti u Zagrebu. Nastupa u predstavama Gradskog [&hellip;]<\/p>\n","protected":false},"author":4,"featured_media":0,"parent":1370,"menu_order":0,"comment_status":"closed","ping_status":"open","template":"","meta":{"ngg_post_thumbnail":0,"footnotes":""},"class_list":["post-2898","page","type-page","status-publish","hentry"],"yoast_head":"<!-- This site is optimized with the Yoast SEO plugin v27.6 - https:\/\/yoast.com\/product\/yoast-seo-wordpress\/ -->\n<title>Damir Polji\u010dak - Kazali\u0161te Komedija<\/title>\n<meta name=\"robots\" content=\"index, follow, max-snippet:-1, max-image-preview:large, max-video-preview:-1\" \/>\n<link rel=\"canonical\" href=\"https:\/\/www.komedija.hr\/www\/ansambl-2\/damir-poljicak\/\" \/>\n<meta property=\"og:locale\" content=\"hr_HR\" \/>\n<meta property=\"og:type\" content=\"article\" \/>\n<meta property=\"og:title\" content=\"Damir Polji\u010dak - Kazali\u0161te Komedija\" \/>\n<meta property=\"og:description\" content=\"\u00a0 Damir Polji\u010dak, glumac \u00a0 ansambl Kazali\u0161te &#8220;Komedija&#8221;, p.p. 428, Zagreb tel.: +385 (0)1 48 13 200; fax: +385 (0)1 48 12 179 GSM: +385 (0)91 503 51 03 e-mail: OBRAZOVANJE Akademija dramske umjetnosti Sveu\u010dili\u0161ta u Zagrebu \u00a0 KAZALI\u0160TE Ro\u0111en u Splitu 1984. Diplomirao je na Akademiji dramske umjetnosti u Zagrebu. Nastupa u predstavama Gradskog [&hellip;]\" \/>\n<meta property=\"og:url\" content=\"https:\/\/www.komedija.hr\/www\/ansambl-2\/damir-poljicak\/\" \/>\n<meta property=\"og:site_name\" content=\"Kazali\u0161te Komedija\" \/>\n<meta property=\"article:publisher\" content=\"https:\/\/www.facebook.com\/kazaliste.komedija\/\" \/>\n<meta property=\"article:modified_time\" content=\"2012-05-14T10:20:40+00:00\" \/>\n<meta name=\"twitter:card\" content=\"summary_large_image\" \/>\n<meta name=\"twitter:site\" content=\"@KKomedija\" \/>\n<meta name=\"twitter:label1\" content=\"Procijenjeno vrijeme \u010ditanja\" \/>\n\t<meta name=\"twitter:data1\" content=\"1 minuta\" \/>\n<script type=\"application\/ld+json\" class=\"yoast-schema-graph\">{\"@context\":\"https:\\\/\\\/schema.org\",\"@graph\":[{\"@type\":\"WebPage\",\"@id\":\"https:\\\/\\\/www.komedija.hr\\\/www\\\/ansambl-2\\\/damir-poljicak\\\/\",\"url\":\"https:\\\/\\\/www.komedija.hr\\\/www\\\/ansambl-2\\\/damir-poljicak\\\/\",\"name\":\"Damir Polji\u010dak - Kazali\u0161te Komedija\",\"isPartOf\":{\"@id\":\"http:\\\/\\\/www.komedija.hr\\\/www\\\/#website\"},\"datePublished\":\"2012-05-14T10:18:08+00:00\",\"dateModified\":\"2012-05-14T10:20:40+00:00\",\"breadcrumb\":{\"@id\":\"https:\\\/\\\/www.komedija.hr\\\/www\\\/ansambl-2\\\/damir-poljicak\\\/#breadcrumb\"},\"inLanguage\":\"hr\",\"potentialAction\":[{\"@type\":\"ReadAction\",\"target\":[\"https:\\\/\\\/www.komedija.hr\\\/www\\\/ansambl-2\\\/damir-poljicak\\\/\"]}]},{\"@type\":\"BreadcrumbList\",\"@id\":\"https:\\\/\\\/www.komedija.hr\\\/www\\\/ansambl-2\\\/damir-poljicak\\\/#breadcrumb\",\"itemListElement\":[{\"@type\":\"ListItem\",\"position\":1,\"name\":\"Po\u010detna stranica\",\"item\":\"http:\\\/\\\/www.komedija.hr\\\/www\\\/\"},{\"@type\":\"ListItem\",\"position\":2,\"name\":\"Ansambl\",\"item\":\"https:\\\/\\\/www.komedija.hr\\\/www\\\/ansambl-2\\\/\"},{\"@type\":\"ListItem\",\"position\":3,\"name\":\"Damir Polji\u010dak\"}]},{\"@type\":\"WebSite\",\"@id\":\"http:\\\/\\\/www.komedija.hr\\\/www\\\/#website\",\"url\":\"http:\\\/\\\/www.komedija.hr\\\/www\\\/\",\"name\":\"Kazali\u0161te Komedija\",\"description\":\"\",\"publisher\":{\"@id\":\"http:\\\/\\\/www.komedija.hr\\\/www\\\/#organization\"},\"potentialAction\":[{\"@type\":\"SearchAction\",\"target\":{\"@type\":\"EntryPoint\",\"urlTemplate\":\"http:\\\/\\\/www.komedija.hr\\\/www\\\/?s={search_term_string}\"},\"query-input\":{\"@type\":\"PropertyValueSpecification\",\"valueRequired\":true,\"valueName\":\"search_term_string\"}}],\"inLanguage\":\"hr\"},{\"@type\":\"Organization\",\"@id\":\"http:\\\/\\\/www.komedija.hr\\\/www\\\/#organization\",\"name\":\"Zagreba\u010dko gradsko Kazali\u0161ta Komedija\",\"url\":\"http:\\\/\\\/www.komedija.hr\\\/www\\\/\",\"logo\":{\"@type\":\"ImageObject\",\"inLanguage\":\"hr\",\"@id\":\"http:\\\/\\\/www.komedija.hr\\\/www\\\/#\\\/schema\\\/logo\\\/image\\\/\",\"url\":\"https:\\\/\\\/www.komedija.hr\\\/www\\\/wp-content\\\/uploads\\\/2020\\\/02\\\/cropped-Kazaliste_Komedija_logo_2.png\",\"contentUrl\":\"https:\\\/\\\/www.komedija.hr\\\/www\\\/wp-content\\\/uploads\\\/2020\\\/02\\\/cropped-Kazaliste_Komedija_logo_2.png\",\"width\":512,\"height\":512,\"caption\":\"Zagreba\u010dko gradsko Kazali\u0161ta Komedija\"},\"image\":{\"@id\":\"http:\\\/\\\/www.komedija.hr\\\/www\\\/#\\\/schema\\\/logo\\\/image\\\/\"},\"sameAs\":[\"https:\\\/\\\/www.facebook.com\\\/kazaliste.komedija\\\/\",\"https:\\\/\\\/x.com\\\/KKomedija\",\"https:\\\/\\\/www.instagram.com\\\/kazaliste_komedija\\\/\",\"https:\\\/\\\/www.youtube.com\\\/channel\\\/UC1NcapMYUXJW3miW_oPxT5w\\\/videos\"]}]}<\/script>\n<!-- \/ Yoast SEO plugin. -->","yoast_head_json":{"title":"Damir Polji\u010dak - Kazali\u0161te Komedija","robots":{"index":"index","follow":"follow","max-snippet":"max-snippet:-1","max-image-preview":"max-image-preview:large","max-video-preview":"max-video-preview:-1"},"canonical":"https:\/\/www.komedija.hr\/www\/ansambl-2\/damir-poljicak\/","og_locale":"hr_HR","og_type":"article","og_title":"Damir Polji\u010dak - Kazali\u0161te Komedija","og_description":"\u00a0 Damir Polji\u010dak, glumac \u00a0 ansambl Kazali\u0161te &#8220;Komedija&#8221;, p.p. 428, Zagreb tel.: +385 (0)1 48 13 200; fax: +385 (0)1 48 12 179 GSM: +385 (0)91 503 51 03 e-mail: OBRAZOVANJE Akademija dramske umjetnosti Sveu\u010dili\u0161ta u Zagrebu \u00a0 KAZALI\u0160TE Ro\u0111en u Splitu 1984. Diplomirao je na Akademiji dramske umjetnosti u Zagrebu. Nastupa u predstavama Gradskog [&hellip;]","og_url":"https:\/\/www.komedija.hr\/www\/ansambl-2\/damir-poljicak\/","og_site_name":"Kazali\u0161te Komedija","article_publisher":"https:\/\/www.facebook.com\/kazaliste.komedija\/","article_modified_time":"2012-05-14T10:20:40+00:00","twitter_card":"summary_large_image","twitter_site":"@KKomedija","twitter_misc":{"Procijenjeno vrijeme \u010ditanja":"1 minuta"},"schema":{"@context":"https:\/\/schema.org","@graph":[{"@type":"WebPage","@id":"https:\/\/www.komedija.hr\/www\/ansambl-2\/damir-poljicak\/","url":"https:\/\/www.komedija.hr\/www\/ansambl-2\/damir-poljicak\/","name":"Damir Polji\u010dak - Kazali\u0161te Komedija","isPartOf":{"@id":"http:\/\/www.komedija.hr\/www\/#website"},"datePublished":"2012-05-14T10:18:08+00:00","dateModified":"2012-05-14T10:20:40+00:00","breadcrumb":{"@id":"https:\/\/www.komedija.hr\/www\/ansambl-2\/damir-poljicak\/#breadcrumb"},"inLanguage":"hr","potentialAction":[{"@type":"ReadAction","target":["https:\/\/www.komedija.hr\/www\/ansambl-2\/damir-poljicak\/"]}]},{"@type":"BreadcrumbList","@id":"https:\/\/www.komedija.hr\/www\/ansambl-2\/damir-poljicak\/#breadcrumb","itemListElement":[{"@type":"ListItem","position":1,"name":"Po\u010detna stranica","item":"http:\/\/www.komedija.hr\/www\/"},{"@type":"ListItem","position":2,"name":"Ansambl","item":"https:\/\/www.komedija.hr\/www\/ansambl-2\/"},{"@type":"ListItem","position":3,"name":"Damir Polji\u010dak"}]},{"@type":"WebSite","@id":"http:\/\/www.komedija.hr\/www\/#website","url":"http:\/\/www.komedija.hr\/www\/","name":"Kazali\u0161te Komedija","description":"","publisher":{"@id":"http:\/\/www.komedija.hr\/www\/#organization"},"potentialAction":[{"@type":"SearchAction","target":{"@type":"EntryPoint","urlTemplate":"http:\/\/www.komedija.hr\/www\/?s={search_term_string}"},"query-input":{"@type":"PropertyValueSpecification","valueRequired":true,"valueName":"search_term_string"}}],"inLanguage":"hr"},{"@type":"Organization","@id":"http:\/\/www.komedija.hr\/www\/#organization","name":"Zagreba\u010dko gradsko Kazali\u0161ta Komedija","url":"http:\/\/www.komedija.hr\/www\/","logo":{"@type":"ImageObject","inLanguage":"hr","@id":"http:\/\/www.komedija.hr\/www\/#\/schema\/logo\/image\/","url":"https:\/\/www.komedija.hr\/www\/wp-content\/uploads\/2020\/02\/cropped-Kazaliste_Komedija_logo_2.png","contentUrl":"https:\/\/www.komedija.hr\/www\/wp-content\/uploads\/2020\/02\/cropped-Kazaliste_Komedija_logo_2.png","width":512,"height":512,"caption":"Zagreba\u010dko gradsko Kazali\u0161ta Komedija"},"image":{"@id":"http:\/\/www.komedija.hr\/www\/#\/schema\/logo\/image\/"},"sameAs":["https:\/\/www.facebook.com\/kazaliste.komedija\/","https:\/\/x.com\/KKomedija","https:\/\/www.instagram.com\/kazaliste_komedija\/","https:\/\/www.youtube.com\/channel\/UC1NcapMYUXJW3miW_oPxT5w\/videos"]}]}},"_links":{"self":[{"href":"https:\/\/www.komedija.hr\/www\/wp-json\/wp\/v2\/pages\/2898","targetHints":{"allow":["GET"]}}],"collection":[{"href":"https:\/\/www.komedija.hr\/www\/wp-json\/wp\/v2\/pages"}],"about":[{"href":"https:\/\/www.komedija.hr\/www\/wp-json\/wp\/v2\/types\/page"}],"author":[{"embeddable":true,"href":"https:\/\/www.komedija.hr\/www\/wp-json\/wp\/v2\/users\/4"}],"replies":[{"embeddable":true,"href":"https:\/\/www.komedija.hr\/www\/wp-json\/wp\/v2\/comments?post=2898"}],"version-history":[{"count":0,"href":"https:\/\/www.komedija.hr\/www\/wp-json\/wp\/v2\/pages\/2898\/revisions"}],"up":[{"embeddable":true,"href":"https:\/\/www.komedija.hr\/www\/wp-json\/wp\/v2\/pages\/1370"}],"wp:attachment":[{"href":"https:\/\/www.komedija.hr\/www\/wp-json\/wp\/v2\/media?parent=2898"}],"curies":[{"name":"wp","href":"https:\/\/api.w.org\/{rel}","templated":true}]}}