{"id":304,"date":"2011-07-28T09:02:49","date_gmt":"2011-07-28T07:02:49","guid":{"rendered":"http:\/\/www.komedija.hr\/web\/?page_id=304"},"modified":"2021-05-28T21:12:33","modified_gmt":"2021-05-28T19:12:33","slug":"briljantin","status":"publish","type":"page","link":"https:\/\/www.komedija.hr\/www\/arhiva-predstava\/briljantin\/","title":{"rendered":"Briljantin"},"content":{"rendered":"<blockquote><p><em>Mjuzikl <\/em><\/p><\/blockquote>\n<p>Sandy i Danny proveli su nezaboravno romanti\u010dno ljeto, ne znaju\u0107i da \u0107e se od jeseni sresti u istoj \u0161koli. A tada &#8211; nema \u0161anse da se romansa nastavi ili da uop\u0107e ikome poka\u017eu da se poznaju: pa \u0161to \u0107e Dannyju re\u0107i njegovo frajersko dru\u0161tvo kojem je ve\u0107 ispri\u010dao kojekakve bajke o svom ljetnom osvajanju. A niti Sandy nije znala kakav je &#8220;ma\u010do imid\u017e&#8221; Danny sagradio kod ku\u0107e&#8230;<\/p>\n<p>Ovaj nadasve zabavan i \u0161irom svijeta popularan mjuzikl prvi se put na pozornici pojavio 1971. godine kao amaterska produkcija u Chicagu. Godinu dana kasnije je preba\u010den najprije na off-Broadway, a kona\u010dno &#8211; nakon nekoliko mjeseci &#8211; i u brodvejski Broadhurst Theatre, gdje je do zatvaranja godine 1980. odigran vi\u0161e od 3300 puta. U prvoj londonskoj produkciji godine 1973. kao Danny je nastupio tada jo\u0161 nepoznat Richard Gere, a Elaine Paige bila je zamjena za Sandy. Kriti\u010dari najprije nisu dijelili mi\u0161ljenje publike koja je mjuzikl prihvatila s odu\u0161evljenjem, ali nema sumnje da su i pri\u010da i pjesme (me\u0111u kojima su Summer Nights, Beauty School Dropout, We Go Together, Greased Lightnin&#8217; &#8211; neke od njih uklju\u010dene i u trenuta\u010dno vrlo popularan &#8220;Grease mix&#8221;) ostali popularni i trideset i pet godina nakon prve izvedbe. Popularnosti Briljantina svakako je pridonio i hit film iz 1978. godine s Oliviom Newton-John i Johnom Travoltom u glavnim ulogama, za koji je dopisano i nekoliko dodatnih do danas voljenih melodija.<\/p>\n<p title=\"Igor Me\u0161in\">[supsystic-gallery id=18 position=center]<\/p>\n<p title=\"Igor Me\u0161in\">autori: Jim Jacobs i Warren Casey<br \/>\nprevoditeljica: Ivana Ani\u010di\u0107<\/p>\n<p>dirigent: Dinko Appelt<br \/>\nredatelj i koreograf: Igor Barberi\u0107<br \/>\nscenograf: Darko Petrovi\u0107<br \/>\nkostimografkinja: Mirjana Zagorec<br \/>\nasistentica re\u017eije: Hana Hegedu\u0161i\u0107; asistenti koreografa: Morana Pa\u0161kievi\u0107 i Bojan Valenti\u0107<br \/>\nuloge:<br \/>\n<a href=\"http:\/\/www.komedija.hr\/www\/ansambl-2\/glumci\/sabljak-renata\/\">Renata Sabljak<\/a> \/ <a href=\"http:\/\/www.komedija.hr\/www\/ansambl-2\/pjevaci\/pintaric-danijela\/\">Danijela Pintari\u0107<\/a> (Sandy Dumbrowski)<br \/>\n<a title=\"Ana Kraljevi\u0107\" href=\"http:\/\/www.komedija.hr\/web\/?page_id=974\">Ana Kraljevi\u0107 <\/a>(Betty Rizzo)<br \/>\n<a title=\"Mila Elegovi\u0107\" href=\"http:\/\/www.komedija.hr\/web\/?page_id=948\">Mila Elegovi\u0107 <\/a>(Marty)<br \/>\n<a title=\"Nina Kai\u0107 Madi\u0107\" href=\"http:\/\/www.komedija.hr\/web\/?page_id=956\">Nina Kai\u0107 Madi\u0107 <\/a>(Jan)<br \/>\nMorana Pa\u0161kievi\u0107 (Frenchy)<br \/>\nHrvoje Banaj (Miss Lynch)<br \/>\nTina Vrtar Stipi\u0107 (Patty Symcox)<br \/>\nIvana Mesec (Cha Cha Digregorio)<br \/>\nIgor Barberi\u0107 (Danny Zuko)<br \/>\nZoran Simiki\u0107 (Kenickie)<br \/>\nBranko Glad (Roger)<br \/>\nNikola Milat (Dody)<br \/>\nBoris Barberi\u0107 (Sonny)<br \/>\nAdalbert Turner (Vince Fontaine)<br \/>\n<a title=\"\u0110ani Stipani\u010dev\" href=\"http:\/\/www.komedija.hr\/web\/?page_id=1126\">\u0110ani Stipani\u010dev <\/a>\/ Ervin Bau\u010di\u0107 (Teen Angel, Johnny Casino)<br \/>\nMarinko Le\u0161 (Eugene)<\/p>\n<p>ansambl:<br \/>\nTamara Masnjak, Stela Sliva Gajski, Morana Pa\u0161kievi\u0107, Kristina \u0160kori\u0107, Ana Hani\u0107, Bojan Valenti\u0107, Emil Kuzminski, Dejan Jakovljevi\u0107<br \/>\nUz sudjelovanje orkestra Kazali\u0161ta &#8220;Komedija&#8221;.<\/p>\n<p>Predstava je primjerena za sve uzraste.<br \/>\nPremijera: 6. listopada 2006.<br \/>\nTrajanje: oko 135 minuta (stanka uklju\u010dena).<br \/>\nPune cijene ulaznica: 60, 100 i 120\u00a0 kn.<\/p>\n<p>&nbsp;<\/p>\n","protected":false},"excerpt":{"rendered":"<p>Mjuzikl Sandy i Danny proveli su nezaboravno romanti\u010dno ljeto, ne znaju\u0107i da \u0107e se od jeseni sresti u istoj \u0161koli. A tada &#8211; nema \u0161anse da se romansa nastavi ili da uop\u0107e ikome poka\u017eu da se poznaju: pa \u0161to \u0107e Dannyju re\u0107i njegovo frajersko dru\u0161tvo kojem je ve\u0107 ispri\u010dao kojekakve bajke o svom ljetnom osvajanju. [&hellip;]<\/p>\n","protected":false},"author":4,"featured_media":1806,"parent":1659,"menu_order":0,"comment_status":"closed","ping_status":"closed","template":"","meta":{"ngg_post_thumbnail":0,"footnotes":""},"class_list":["post-304","page","type-page","status-publish","has-post-thumbnail","hentry"],"yoast_head":"<!-- This site is optimized with the Yoast SEO plugin v27.5 - https:\/\/yoast.com\/product\/yoast-seo-wordpress\/ -->\n<title>Briljantin - Kazali\u0161te Komedija<\/title>\n<meta name=\"robots\" content=\"index, follow, max-snippet:-1, max-image-preview:large, max-video-preview:-1\" \/>\n<link rel=\"canonical\" href=\"https:\/\/www.komedija.hr\/www\/arhiva-predstava\/briljantin\/\" \/>\n<meta property=\"og:locale\" content=\"hr_HR\" \/>\n<meta property=\"og:type\" content=\"article\" \/>\n<meta property=\"og:title\" content=\"Briljantin - Kazali\u0161te Komedija\" \/>\n<meta property=\"og:description\" content=\"Mjuzikl Sandy i Danny proveli su nezaboravno romanti\u010dno ljeto, ne znaju\u0107i da \u0107e se od jeseni sresti u istoj \u0161koli. A tada &#8211; nema \u0161anse da se romansa nastavi ili da uop\u0107e ikome poka\u017eu da se poznaju: pa \u0161to \u0107e Dannyju re\u0107i njegovo frajersko dru\u0161tvo kojem je ve\u0107 ispri\u010dao kojekakve bajke o svom ljetnom osvajanju. [&hellip;]\" \/>\n<meta property=\"og:url\" content=\"https:\/\/www.komedija.hr\/www\/arhiva-predstava\/briljantin\/\" \/>\n<meta property=\"og:site_name\" content=\"Kazali\u0161te Komedija\" \/>\n<meta property=\"article:publisher\" content=\"https:\/\/www.facebook.com\/kazaliste.komedija\/\" \/>\n<meta property=\"article:modified_time\" content=\"2021-05-28T19:12:33+00:00\" \/>\n<meta property=\"og:image\" content=\"https:\/\/www.komedija.hr\/www\/wp-content\/uploads\/2011\/07\/briljantin1.jpg\" \/>\n\t<meta property=\"og:image:width\" content=\"448\" \/>\n\t<meta property=\"og:image:height\" content=\"240\" \/>\n\t<meta property=\"og:image:type\" content=\"image\/jpeg\" \/>\n<meta name=\"twitter:card\" content=\"summary_large_image\" \/>\n<meta name=\"twitter:site\" content=\"@KKomedija\" \/>\n<meta name=\"twitter:label1\" content=\"Procijenjeno vrijeme \u010ditanja\" \/>\n\t<meta name=\"twitter:data1\" content=\"2 minute\" \/>\n<script type=\"application\/ld+json\" class=\"yoast-schema-graph\">{\"@context\":\"https:\\\/\\\/schema.org\",\"@graph\":[{\"@type\":\"WebPage\",\"@id\":\"https:\\\/\\\/www.komedija.hr\\\/www\\\/arhiva-predstava\\\/briljantin\\\/\",\"url\":\"https:\\\/\\\/www.komedija.hr\\\/www\\\/arhiva-predstava\\\/briljantin\\\/\",\"name\":\"Briljantin - Kazali\u0161te Komedija\",\"isPartOf\":{\"@id\":\"http:\\\/\\\/www.komedija.hr\\\/www\\\/#website\"},\"primaryImageOfPage\":{\"@id\":\"https:\\\/\\\/www.komedija.hr\\\/www\\\/arhiva-predstava\\\/briljantin\\\/#primaryimage\"},\"image\":{\"@id\":\"https:\\\/\\\/www.komedija.hr\\\/www\\\/arhiva-predstava\\\/briljantin\\\/#primaryimage\"},\"thumbnailUrl\":\"https:\\\/\\\/www.komedija.hr\\\/www\\\/wp-content\\\/uploads\\\/2011\\\/07\\\/briljantin1.jpg\",\"datePublished\":\"2011-07-28T07:02:49+00:00\",\"dateModified\":\"2021-05-28T19:12:33+00:00\",\"breadcrumb\":{\"@id\":\"https:\\\/\\\/www.komedija.hr\\\/www\\\/arhiva-predstava\\\/briljantin\\\/#breadcrumb\"},\"inLanguage\":\"hr\",\"potentialAction\":[{\"@type\":\"ReadAction\",\"target\":[\"https:\\\/\\\/www.komedija.hr\\\/www\\\/arhiva-predstava\\\/briljantin\\\/\"]}]},{\"@type\":\"ImageObject\",\"inLanguage\":\"hr\",\"@id\":\"https:\\\/\\\/www.komedija.hr\\\/www\\\/arhiva-predstava\\\/briljantin\\\/#primaryimage\",\"url\":\"https:\\\/\\\/www.komedija.hr\\\/www\\\/wp-content\\\/uploads\\\/2011\\\/07\\\/briljantin1.jpg\",\"contentUrl\":\"https:\\\/\\\/www.komedija.hr\\\/www\\\/wp-content\\\/uploads\\\/2011\\\/07\\\/briljantin1.jpg\",\"width\":\"448\",\"height\":\"240\"},{\"@type\":\"BreadcrumbList\",\"@id\":\"https:\\\/\\\/www.komedija.hr\\\/www\\\/arhiva-predstava\\\/briljantin\\\/#breadcrumb\",\"itemListElement\":[{\"@type\":\"ListItem\",\"position\":1,\"name\":\"Po\u010detna stranica\",\"item\":\"http:\\\/\\\/www.komedija.hr\\\/www\\\/\"},{\"@type\":\"ListItem\",\"position\":2,\"name\":\"Arhiva predstava\",\"item\":\"https:\\\/\\\/www.komedija.hr\\\/www\\\/arhiva-predstava\\\/\"},{\"@type\":\"ListItem\",\"position\":3,\"name\":\"Briljantin\"}]},{\"@type\":\"WebSite\",\"@id\":\"http:\\\/\\\/www.komedija.hr\\\/www\\\/#website\",\"url\":\"http:\\\/\\\/www.komedija.hr\\\/www\\\/\",\"name\":\"Kazali\u0161te Komedija\",\"description\":\"\",\"publisher\":{\"@id\":\"http:\\\/\\\/www.komedija.hr\\\/www\\\/#organization\"},\"potentialAction\":[{\"@type\":\"SearchAction\",\"target\":{\"@type\":\"EntryPoint\",\"urlTemplate\":\"http:\\\/\\\/www.komedija.hr\\\/www\\\/?s={search_term_string}\"},\"query-input\":{\"@type\":\"PropertyValueSpecification\",\"valueRequired\":true,\"valueName\":\"search_term_string\"}}],\"inLanguage\":\"hr\"},{\"@type\":\"Organization\",\"@id\":\"http:\\\/\\\/www.komedija.hr\\\/www\\\/#organization\",\"name\":\"Zagreba\u010dko gradsko Kazali\u0161ta Komedija\",\"url\":\"http:\\\/\\\/www.komedija.hr\\\/www\\\/\",\"logo\":{\"@type\":\"ImageObject\",\"inLanguage\":\"hr\",\"@id\":\"http:\\\/\\\/www.komedija.hr\\\/www\\\/#\\\/schema\\\/logo\\\/image\\\/\",\"url\":\"https:\\\/\\\/www.komedija.hr\\\/www\\\/wp-content\\\/uploads\\\/2020\\\/02\\\/cropped-Kazaliste_Komedija_logo_2.png\",\"contentUrl\":\"https:\\\/\\\/www.komedija.hr\\\/www\\\/wp-content\\\/uploads\\\/2020\\\/02\\\/cropped-Kazaliste_Komedija_logo_2.png\",\"width\":512,\"height\":512,\"caption\":\"Zagreba\u010dko gradsko Kazali\u0161ta Komedija\"},\"image\":{\"@id\":\"http:\\\/\\\/www.komedija.hr\\\/www\\\/#\\\/schema\\\/logo\\\/image\\\/\"},\"sameAs\":[\"https:\\\/\\\/www.facebook.com\\\/kazaliste.komedija\\\/\",\"https:\\\/\\\/x.com\\\/KKomedija\",\"https:\\\/\\\/www.instagram.com\\\/kazaliste_komedija\\\/\",\"https:\\\/\\\/www.youtube.com\\\/channel\\\/UC1NcapMYUXJW3miW_oPxT5w\\\/videos\"]}]}<\/script>\n<!-- \/ Yoast SEO plugin. -->","yoast_head_json":{"title":"Briljantin - Kazali\u0161te Komedija","robots":{"index":"index","follow":"follow","max-snippet":"max-snippet:-1","max-image-preview":"max-image-preview:large","max-video-preview":"max-video-preview:-1"},"canonical":"https:\/\/www.komedija.hr\/www\/arhiva-predstava\/briljantin\/","og_locale":"hr_HR","og_type":"article","og_title":"Briljantin - Kazali\u0161te Komedija","og_description":"Mjuzikl Sandy i Danny proveli su nezaboravno romanti\u010dno ljeto, ne znaju\u0107i da \u0107e se od jeseni sresti u istoj \u0161koli. A tada &#8211; nema \u0161anse da se romansa nastavi ili da uop\u0107e ikome poka\u017eu da se poznaju: pa \u0161to \u0107e Dannyju re\u0107i njegovo frajersko dru\u0161tvo kojem je ve\u0107 ispri\u010dao kojekakve bajke o svom ljetnom osvajanju. [&hellip;]","og_url":"https:\/\/www.komedija.hr\/www\/arhiva-predstava\/briljantin\/","og_site_name":"Kazali\u0161te Komedija","article_publisher":"https:\/\/www.facebook.com\/kazaliste.komedija\/","article_modified_time":"2021-05-28T19:12:33+00:00","og_image":[{"width":448,"height":240,"url":"https:\/\/www.komedija.hr\/www\/wp-content\/uploads\/2011\/07\/briljantin1.jpg","type":"image\/jpeg"}],"twitter_card":"summary_large_image","twitter_site":"@KKomedija","twitter_misc":{"Procijenjeno vrijeme \u010ditanja":"2 minute"},"schema":{"@context":"https:\/\/schema.org","@graph":[{"@type":"WebPage","@id":"https:\/\/www.komedija.hr\/www\/arhiva-predstava\/briljantin\/","url":"https:\/\/www.komedija.hr\/www\/arhiva-predstava\/briljantin\/","name":"Briljantin - Kazali\u0161te Komedija","isPartOf":{"@id":"http:\/\/www.komedija.hr\/www\/#website"},"primaryImageOfPage":{"@id":"https:\/\/www.komedija.hr\/www\/arhiva-predstava\/briljantin\/#primaryimage"},"image":{"@id":"https:\/\/www.komedija.hr\/www\/arhiva-predstava\/briljantin\/#primaryimage"},"thumbnailUrl":"https:\/\/www.komedija.hr\/www\/wp-content\/uploads\/2011\/07\/briljantin1.jpg","datePublished":"2011-07-28T07:02:49+00:00","dateModified":"2021-05-28T19:12:33+00:00","breadcrumb":{"@id":"https:\/\/www.komedija.hr\/www\/arhiva-predstava\/briljantin\/#breadcrumb"},"inLanguage":"hr","potentialAction":[{"@type":"ReadAction","target":["https:\/\/www.komedija.hr\/www\/arhiva-predstava\/briljantin\/"]}]},{"@type":"ImageObject","inLanguage":"hr","@id":"https:\/\/www.komedija.hr\/www\/arhiva-predstava\/briljantin\/#primaryimage","url":"https:\/\/www.komedija.hr\/www\/wp-content\/uploads\/2011\/07\/briljantin1.jpg","contentUrl":"https:\/\/www.komedija.hr\/www\/wp-content\/uploads\/2011\/07\/briljantin1.jpg","width":"448","height":"240"},{"@type":"BreadcrumbList","@id":"https:\/\/www.komedija.hr\/www\/arhiva-predstava\/briljantin\/#breadcrumb","itemListElement":[{"@type":"ListItem","position":1,"name":"Po\u010detna stranica","item":"http:\/\/www.komedija.hr\/www\/"},{"@type":"ListItem","position":2,"name":"Arhiva predstava","item":"https:\/\/www.komedija.hr\/www\/arhiva-predstava\/"},{"@type":"ListItem","position":3,"name":"Briljantin"}]},{"@type":"WebSite","@id":"http:\/\/www.komedija.hr\/www\/#website","url":"http:\/\/www.komedija.hr\/www\/","name":"Kazali\u0161te Komedija","description":"","publisher":{"@id":"http:\/\/www.komedija.hr\/www\/#organization"},"potentialAction":[{"@type":"SearchAction","target":{"@type":"EntryPoint","urlTemplate":"http:\/\/www.komedija.hr\/www\/?s={search_term_string}"},"query-input":{"@type":"PropertyValueSpecification","valueRequired":true,"valueName":"search_term_string"}}],"inLanguage":"hr"},{"@type":"Organization","@id":"http:\/\/www.komedija.hr\/www\/#organization","name":"Zagreba\u010dko gradsko Kazali\u0161ta Komedija","url":"http:\/\/www.komedija.hr\/www\/","logo":{"@type":"ImageObject","inLanguage":"hr","@id":"http:\/\/www.komedija.hr\/www\/#\/schema\/logo\/image\/","url":"https:\/\/www.komedija.hr\/www\/wp-content\/uploads\/2020\/02\/cropped-Kazaliste_Komedija_logo_2.png","contentUrl":"https:\/\/www.komedija.hr\/www\/wp-content\/uploads\/2020\/02\/cropped-Kazaliste_Komedija_logo_2.png","width":512,"height":512,"caption":"Zagreba\u010dko gradsko Kazali\u0161ta Komedija"},"image":{"@id":"http:\/\/www.komedija.hr\/www\/#\/schema\/logo\/image\/"},"sameAs":["https:\/\/www.facebook.com\/kazaliste.komedija\/","https:\/\/x.com\/KKomedija","https:\/\/www.instagram.com\/kazaliste_komedija\/","https:\/\/www.youtube.com\/channel\/UC1NcapMYUXJW3miW_oPxT5w\/videos"]}]}},"_links":{"self":[{"href":"https:\/\/www.komedija.hr\/www\/wp-json\/wp\/v2\/pages\/304","targetHints":{"allow":["GET"]}}],"collection":[{"href":"https:\/\/www.komedija.hr\/www\/wp-json\/wp\/v2\/pages"}],"about":[{"href":"https:\/\/www.komedija.hr\/www\/wp-json\/wp\/v2\/types\/page"}],"author":[{"embeddable":true,"href":"https:\/\/www.komedija.hr\/www\/wp-json\/wp\/v2\/users\/4"}],"replies":[{"embeddable":true,"href":"https:\/\/www.komedija.hr\/www\/wp-json\/wp\/v2\/comments?post=304"}],"version-history":[{"count":0,"href":"https:\/\/www.komedija.hr\/www\/wp-json\/wp\/v2\/pages\/304\/revisions"}],"up":[{"embeddable":true,"href":"https:\/\/www.komedija.hr\/www\/wp-json\/wp\/v2\/pages\/1659"}],"wp:featuredmedia":[{"embeddable":true,"href":"https:\/\/www.komedija.hr\/www\/wp-json\/wp\/v2\/media\/1806"}],"wp:attachment":[{"href":"https:\/\/www.komedija.hr\/www\/wp-json\/wp\/v2\/media?parent=304"}],"curies":[{"name":"wp","href":"https:\/\/api.w.org\/{rel}","templated":true}]}}