{"id":3514,"date":"2013-02-06T08:39:19","date_gmt":"2013-02-06T07:39:19","guid":{"rendered":"http:\/\/www.komedija.hr\/web\/?page_id=3514"},"modified":"2018-01-04T11:16:55","modified_gmt":"2018-01-04T10:16:55","slug":"diplomac","status":"publish","type":"page","link":"https:\/\/www.komedija.hr\/www\/arhiva-predstava\/diplomac\/","title":{"rendered":"Diplomac"},"content":{"rendered":"<p style=\"text-align: left;\" align=\"center\"><em>Prilagodio Terry Johnson\u00a0prema romanu Charlesa Webba i filmskom scenariju Caldera Willinghama i Bucka Henryja na temelju posebnog sporazuma sa StudioCanal(om)<\/em><br \/>\n<em>Praizvedeno u produkciji Johna Reida i Sache Brooksa u Londonu i na Broadwayju.<\/em><\/p>\n<p><strong>DIPLOMAC<\/strong><\/p>\n<p>Ili rekvijem za snove<br \/>\nIli za\u0161to ovo nije samo duhovita pri\u010da o seksu<\/p>\n<p>On uskoro navr\u0161ava dvadeset i jednu godinu. Upravo su zavr\u0161ile \u010detiri mukotrpne godine \u0161kolovanja. \u010cetiri godine koje nisu slu\u017eile ni\u010demu. Roditelji od njega o\u010dekuju velike stvari, sjajnu karijeru i \u017eivotne uspjehe kojima \u0107e izazivati zavist prijatelja na domjencima i nedjeljnim ro\u0161tiljima. On to ne \u017eeli, \u0161tovi\u0161e, prezire isprazan \u017eivot kakav imaju njegovi roditelji. Uhva\u0107en u stupicu roditeljskih o\u010dekivanja pani\u010dno poku\u0161ava prona\u0107i izlaz.<\/p>\n<p>Ona je udana \u017eena, majka, gotovo dvostruko starija od njega. Na prvi pogled njezin je \u017eivot bajka, ima odgovornog supruga i poslu\u0161nu k\u0107er, lijepu ku\u0107u s bazenom, solidan bankovni ra\u010dun. Ipak, ona je duboko nesretna i razo\u010darana, biv\u0161a alkoholi\u010darka koja se ne boji sasuti istinu u lice. Prijatelji je smatraju ekscentri\u010dnom i nastoje ne primje\u0107ivati njezinu tugu. Koprcaju\u0107i se bespomo\u0107no u mre\u017ei ameri\u010dkog sna, ona \u0107e prona\u0107i utjehu u jedinoj iskrenoj osobi koju poznaje.<\/p>\n<p>Oboje pronalaze spas u prijevari, hrane\u0107i se me\u0111usobno bolnom iskreno\u0161\u0107u. I svjesni su da njihova veza nije ljubav, ve\u0107 potreba \u2013 jedino u tom odnosu osje\u0107aju se \u017eivi. I kao \u0161to je vrlo tanka linija izme\u0111u prijevare i iskrenosti, tako je tanka linija izme\u0111u ljubavi i mr\u017enje. Osobito kada se on neplanirano zaljubi u njezinu k\u0107er.<\/p>\n<p>U svakoj dobroj pri\u010di uvijek postoji to\u010dka iz koje vi\u0161e nema povratka na staro, trenutak kada postaje nemogu\u0107e zaustaviti plimni val koji prijeti potopiti la\u017enu sliku vlastitog \u017eivota. Vrlo \u010desto taj potop bude smije\u0161an, apsurdan, nespretan, pogotovo onima koji ga promatraju s vlastitog sigurnog bre\u017euljka. \u010camac za spa\u0161avanje obi\u010dno je premalen da bi prihvatio sve koji bespomo\u0107no mlate rukama. Netko \u0107e proplivati, netko \u0107e se do\u010depati \u010damca, a netko \u0107e se nasukati. I pritom biti smije\u0161an.<\/p>\n<p>Ali smijeh u ovoj pri\u010di ima pomalo gorak okus, iako na prvi pogled ljubav pobje\u0111uje. Ideali o boljem i iskrenijem \u017eivotu jo\u0161 nisu poru\u0161eni, iako rije\u010di gospo\u0111e Robinson djeluju pomalo proro\u010danski: \u201eNe treba\u0161 ga ti ubiti, Howarde. Pusti ih na miru i me\u0111usobno \u0107e se poubijati od dosade\u201c. Ba\u0161 kao \u0161to je to u\u010dinila njezina generacija.<\/p>\n<p>I zato ovo nije samo jo\u0161 jedna duhovita pri\u010da o ljubavi i seksu. Ovo je rekvijem za snove koje je jednom sanjala gospo\u0111a Robinson. I koje sanja svaka nova generacija. A samo rijetki uspiju do\u017eivjeti zrelost sanjaju\u0107i i dalje.<\/p>\n<p>[supsystic-gallery id=25 position=center]<\/p>\n<p>Charles Webb (1939) autor je nekoliko romana, no njegovo najpoznatije djelo svakako je <em>Diplomac<\/em>, napisan 1963. godine, kada je autor imao samo 24 godine. Prema nekim tvrdnjama, u odnosu mladog mu\u0161karca i lijepe, starije i udane \u017eene bilo je mnogo autobiografskih elemenata. Webb je roman napisao uz bazen hotelskog bara u Pasadeni i prikazuje dru\u0161tvene i socijalne odnose u \u0161ezdesetim godinama pro\u0161log stolje\u0107a. Kriti\u010dari prije svega isti\u010du odli\u010dne dijaloge i britak humor, dok je lik gospo\u0111e Robinson postao arhetip zavodnice u zrelijim godinama, \u010desto citiran u ameri\u010dkoj literaturi i filmskoj umjetnosti.<\/p>\n<p>Nekoliko godina kasnije (1967) redatelj Mike Nichols snimio je film koji je ubrzo stekao kultni status. Webb nije \u017eelio publicitet koji donosi hollywoodska ekranizacija, pa je prodao prava za film i povukao se, ne \u017eele\u0107i da mu publicitet oko filma naru\u0161ava status ozbiljnog umjetnika. Iskusni hollywoodski scenaristi Buck Henry i Calder Willingham napisali su scenarij i dobili brojne komplimente, iako je ve\u0107ina dijaloga doslovno preuzeta iz romana. Film je bio nominiran za nekoliko nagrada Oscar, Mike Nichols osvojio ga je za re\u017eiju, a ulogom Benjamina Braddocka Dustin Hoffman nametnuo se kao jedan od najve\u0107ih gluma\u010dkih talenata svoje generacije. Tako\u0111er, jednu od najboljih uloga u karijeri ostvarila je Ann Bancroft kao gospo\u0111a Robinson, a soundtrack Simona i Garfunkela, prepun divne poezije i melankolije, sjajno je naglasio tu\u017enu komiku ameri\u010dkog sna.<\/p>\n<p>Tridesetak godina kasnije (2000.), britanski dramati\u010dar i redatelj Terry Johnson napisao je kazali\u0161ni komad i to prema Webbovom romanu te scenariju Willinghama i Henryja. Svjetska praizvedba odr\u017eana je u travnju 2000. godine, u Gielgud Theatru u Londonu, s Kathleen Turner kao gospo\u0111om Robinson. U kazali\u0161nim inscenacijama koje su uslijedile, mnoge su se gluma\u010dke zvijezde oku\u0161ale kao gospo\u0111a Robinson, me\u0111u najpoznatijima su Kathleen Turner, Lorraine Bracco, Jerry Hall, Morgan Fairchild, Anne Archer, Linda Gray.<\/p>\n<p>Motiv neiskvarenog i zbunjenog mladog \u010dovjeka kojeg iskori\u0161tavaju stariji, zavode\u0107i ga figurativno, ali i doslovno, uni\u0161tavaju\u0107i mu ideale be\u0161\u0107utnom lako\u0107om, tema je koja se provla\u010di ovim djelom i koja ne prestaje biti aktualnom. Sukob generacija prikazan je kirur\u0161ki preciznom metodom u kojoj se vje\u0161to isprepli\u0107u smijeh i o\u010daj. Ljubav, seks, nesigurnost, odnosi u obitelji, razo\u010daranja, bespomo\u0107nost \u2013 samo su neki od motiva s kojima se poku\u0161avaju nositi junaci ove pri\u010de. I dok se smijemo duhovitim dijalozima, na povr\u0161inu polako izranja sva ispraznost i tuga starije generacije koja se tje\u0161i dobrim automobilima, velikim ku\u0107ama s bazenima i pronalazi stabilnost u &#8211; plastici. <em>Zinka Kiseljak<\/em><\/p>\n<p>&nbsp;<\/p>\n<blockquote><p>Redateljica: Aida Bukvi\u0107<br \/>\nPrijevod i dramaturgija: Zinka Kiseljak<br \/>\nScenograf i oblikovatelj svjetla: Ivo Knezovi\u0107<br \/>\nKostimografkinja: Mirjana Zagorec<br \/>\nKoreograf: Bojan Valenti\u0107<\/p>\n<p>OSOBE:<br \/>\nBenjamin Braddock &#8211; <a href=\"http:\/\/www.komedija.hr\/web\/ansambl-2\/ivan-magud\/\">Ivan Magud<\/a><br \/>\nGospo\u0111a Robinson &#8211; <a title=\"Sanja Marin\" href=\"http:\/\/www.komedija.hr\/web\/?page_id=1381\">Sanja Marin<\/a><br \/>\nGospodin Robinson &#8211; <a title=\"Davor Svedru\u017ei\u0107\" href=\"http:\/\/www.komedija.hr\/web\/?page_id=1268\">Davor Svedru\u017ei\u0107<\/a><br \/>\nElaine Robinson &#8211; <a href=\"http:\/\/www.komedija.hr\/web\/ansambl-2\/kraljevic-ana\/\">Ana Magud<\/a><br \/>\nTata, gospodin Braddock &#8211; <a title=\"Ivica Zadro\" href=\"http:\/\/www.komedija.hr\/web\/?page_id=1393\">Ivica Zadro<\/a><br \/>\nMama, gospo\u0111a Braddock &#8211; <a title=\"Vanja \u0106iri\u0107\" href=\"http:\/\/www.komedija.hr\/web\/?page_id=939\">Vanja \u0106iri\u0107<\/a><br \/>\nRecepcioner, Konobar,\u00a0Psihijatar,\u00a0Sve\u0107enik \u00a0&#8211; <a title=\"Dra\u017een Bratuli\u0107\" href=\"http:\/\/www.komedija.hr\/web\/?page_id=1862\">Dra\u017een Bratuli\u0107<\/a><br \/>\nStriptizeta &#8211; Morana Pa\u0161kievi\u0107<\/p>\n<p>Inspicijentica: Dijana Daj\u010di\u0107<br \/>\n\u0160apta\u010dica: Stela \u017dingerlin<\/p>\n<p>Producent: Niko Pavlovi\u0107<\/p><\/blockquote>\n<p>Cijena: 40, 50 i 60 kuna; Sve\u010dana premijera 13. 2. 2013.<br \/>\nPredstava se ne preporu\u010duje mla\u0111ima od 15 godina.<\/p>\n<p>Kritike:<\/p>\n<p><a href=\"http:\/\/dalje.com\/hr-scena\/diplomac-premijerno-izveden-u-komediji\/457437\">dalje.com<\/a><\/p>\n<p>&nbsp;<\/p>\n","protected":false},"excerpt":{"rendered":"<p>Prilagodio Terry Johnson\u00a0prema romanu Charlesa Webba i filmskom scenariju Caldera Willinghama i Bucka Henryja na temelju posebnog sporazuma sa StudioCanal(om) Praizvedeno u produkciji Johna Reida i Sache Brooksa u Londonu i na Broadwayju. DIPLOMAC Ili rekvijem za snove Ili za\u0161to ovo nije samo duhovita pri\u010da o seksu On uskoro navr\u0161ava dvadeset i jednu godinu. Upravo [&hellip;]<\/p>\n","protected":false},"author":4,"featured_media":3522,"parent":1659,"menu_order":0,"comment_status":"closed","ping_status":"closed","template":"","meta":{"ngg_post_thumbnail":0,"footnotes":""},"class_list":["post-3514","page","type-page","status-publish","has-post-thumbnail","hentry"],"yoast_head":"<!-- This site is optimized with the Yoast SEO plugin v27.4 - https:\/\/yoast.com\/product\/yoast-seo-wordpress\/ -->\n<title>Diplomac - Kazali\u0161te Komedija<\/title>\n<meta name=\"robots\" content=\"index, follow, max-snippet:-1, max-image-preview:large, max-video-preview:-1\" \/>\n<link rel=\"canonical\" href=\"https:\/\/www.komedija.hr\/www\/arhiva-predstava\/diplomac\/\" \/>\n<meta property=\"og:locale\" content=\"hr_HR\" \/>\n<meta property=\"og:type\" content=\"article\" \/>\n<meta property=\"og:title\" content=\"Diplomac - Kazali\u0161te Komedija\" \/>\n<meta property=\"og:description\" content=\"Prilagodio Terry Johnson\u00a0prema romanu Charlesa Webba i filmskom scenariju Caldera Willinghama i Bucka Henryja na temelju posebnog sporazuma sa StudioCanal(om) Praizvedeno u produkciji Johna Reida i Sache Brooksa u Londonu i na Broadwayju. DIPLOMAC Ili rekvijem za snove Ili za\u0161to ovo nije samo duhovita pri\u010da o seksu On uskoro navr\u0161ava dvadeset i jednu godinu. Upravo [&hellip;]\" \/>\n<meta property=\"og:url\" content=\"https:\/\/www.komedija.hr\/www\/arhiva-predstava\/diplomac\/\" \/>\n<meta property=\"og:site_name\" content=\"Kazali\u0161te Komedija\" \/>\n<meta property=\"article:publisher\" content=\"https:\/\/www.facebook.com\/kazaliste.komedija\/\" \/>\n<meta property=\"article:modified_time\" content=\"2018-01-04T10:16:55+00:00\" \/>\n<meta property=\"og:image\" content=\"https:\/\/www.komedija.hr\/www\/wp-content\/uploads\/2013\/02\/Diplomac_slika.jpg\" \/>\n\t<meta property=\"og:image:width\" content=\"448\" \/>\n\t<meta property=\"og:image:height\" content=\"240\" \/>\n\t<meta property=\"og:image:type\" content=\"image\/jpeg\" \/>\n<meta name=\"twitter:card\" content=\"summary_large_image\" \/>\n<meta name=\"twitter:site\" content=\"@KKomedija\" \/>\n<meta name=\"twitter:label1\" content=\"Procijenjeno vrijeme \u010ditanja\" \/>\n\t<meta name=\"twitter:data1\" content=\"5 minuta\" \/>\n<script type=\"application\/ld+json\" class=\"yoast-schema-graph\">{\"@context\":\"https:\\\/\\\/schema.org\",\"@graph\":[{\"@type\":\"WebPage\",\"@id\":\"https:\\\/\\\/www.komedija.hr\\\/www\\\/arhiva-predstava\\\/diplomac\\\/\",\"url\":\"https:\\\/\\\/www.komedija.hr\\\/www\\\/arhiva-predstava\\\/diplomac\\\/\",\"name\":\"Diplomac - Kazali\u0161te Komedija\",\"isPartOf\":{\"@id\":\"http:\\\/\\\/www.komedija.hr\\\/www\\\/#website\"},\"primaryImageOfPage\":{\"@id\":\"https:\\\/\\\/www.komedija.hr\\\/www\\\/arhiva-predstava\\\/diplomac\\\/#primaryimage\"},\"image\":{\"@id\":\"https:\\\/\\\/www.komedija.hr\\\/www\\\/arhiva-predstava\\\/diplomac\\\/#primaryimage\"},\"thumbnailUrl\":\"https:\\\/\\\/www.komedija.hr\\\/www\\\/wp-content\\\/uploads\\\/2013\\\/02\\\/Diplomac_slika.jpg\",\"datePublished\":\"2013-02-06T07:39:19+00:00\",\"dateModified\":\"2018-01-04T10:16:55+00:00\",\"breadcrumb\":{\"@id\":\"https:\\\/\\\/www.komedija.hr\\\/www\\\/arhiva-predstava\\\/diplomac\\\/#breadcrumb\"},\"inLanguage\":\"hr\",\"potentialAction\":[{\"@type\":\"ReadAction\",\"target\":[\"https:\\\/\\\/www.komedija.hr\\\/www\\\/arhiva-predstava\\\/diplomac\\\/\"]}]},{\"@type\":\"ImageObject\",\"inLanguage\":\"hr\",\"@id\":\"https:\\\/\\\/www.komedija.hr\\\/www\\\/arhiva-predstava\\\/diplomac\\\/#primaryimage\",\"url\":\"https:\\\/\\\/www.komedija.hr\\\/www\\\/wp-content\\\/uploads\\\/2013\\\/02\\\/Diplomac_slika.jpg\",\"contentUrl\":\"https:\\\/\\\/www.komedija.hr\\\/www\\\/wp-content\\\/uploads\\\/2013\\\/02\\\/Diplomac_slika.jpg\",\"width\":\"448\",\"height\":\"240\"},{\"@type\":\"BreadcrumbList\",\"@id\":\"https:\\\/\\\/www.komedija.hr\\\/www\\\/arhiva-predstava\\\/diplomac\\\/#breadcrumb\",\"itemListElement\":[{\"@type\":\"ListItem\",\"position\":1,\"name\":\"Po\u010detna stranica\",\"item\":\"http:\\\/\\\/www.komedija.hr\\\/www\\\/\"},{\"@type\":\"ListItem\",\"position\":2,\"name\":\"Arhiva predstava\",\"item\":\"https:\\\/\\\/www.komedija.hr\\\/www\\\/arhiva-predstava\\\/\"},{\"@type\":\"ListItem\",\"position\":3,\"name\":\"Diplomac\"}]},{\"@type\":\"WebSite\",\"@id\":\"http:\\\/\\\/www.komedija.hr\\\/www\\\/#website\",\"url\":\"http:\\\/\\\/www.komedija.hr\\\/www\\\/\",\"name\":\"Kazali\u0161te Komedija\",\"description\":\"\",\"publisher\":{\"@id\":\"http:\\\/\\\/www.komedija.hr\\\/www\\\/#organization\"},\"potentialAction\":[{\"@type\":\"SearchAction\",\"target\":{\"@type\":\"EntryPoint\",\"urlTemplate\":\"http:\\\/\\\/www.komedija.hr\\\/www\\\/?s={search_term_string}\"},\"query-input\":{\"@type\":\"PropertyValueSpecification\",\"valueRequired\":true,\"valueName\":\"search_term_string\"}}],\"inLanguage\":\"hr\"},{\"@type\":\"Organization\",\"@id\":\"http:\\\/\\\/www.komedija.hr\\\/www\\\/#organization\",\"name\":\"Zagreba\u010dko gradsko Kazali\u0161ta Komedija\",\"url\":\"http:\\\/\\\/www.komedija.hr\\\/www\\\/\",\"logo\":{\"@type\":\"ImageObject\",\"inLanguage\":\"hr\",\"@id\":\"http:\\\/\\\/www.komedija.hr\\\/www\\\/#\\\/schema\\\/logo\\\/image\\\/\",\"url\":\"https:\\\/\\\/www.komedija.hr\\\/www\\\/wp-content\\\/uploads\\\/2020\\\/02\\\/cropped-Kazaliste_Komedija_logo_2.png\",\"contentUrl\":\"https:\\\/\\\/www.komedija.hr\\\/www\\\/wp-content\\\/uploads\\\/2020\\\/02\\\/cropped-Kazaliste_Komedija_logo_2.png\",\"width\":512,\"height\":512,\"caption\":\"Zagreba\u010dko gradsko Kazali\u0161ta Komedija\"},\"image\":{\"@id\":\"http:\\\/\\\/www.komedija.hr\\\/www\\\/#\\\/schema\\\/logo\\\/image\\\/\"},\"sameAs\":[\"https:\\\/\\\/www.facebook.com\\\/kazaliste.komedija\\\/\",\"https:\\\/\\\/x.com\\\/KKomedija\",\"https:\\\/\\\/www.instagram.com\\\/kazaliste_komedija\\\/\",\"https:\\\/\\\/www.youtube.com\\\/channel\\\/UC1NcapMYUXJW3miW_oPxT5w\\\/videos\"]}]}<\/script>\n<!-- \/ Yoast SEO plugin. -->","yoast_head_json":{"title":"Diplomac - Kazali\u0161te Komedija","robots":{"index":"index","follow":"follow","max-snippet":"max-snippet:-1","max-image-preview":"max-image-preview:large","max-video-preview":"max-video-preview:-1"},"canonical":"https:\/\/www.komedija.hr\/www\/arhiva-predstava\/diplomac\/","og_locale":"hr_HR","og_type":"article","og_title":"Diplomac - Kazali\u0161te Komedija","og_description":"Prilagodio Terry Johnson\u00a0prema romanu Charlesa Webba i filmskom scenariju Caldera Willinghama i Bucka Henryja na temelju posebnog sporazuma sa StudioCanal(om) Praizvedeno u produkciji Johna Reida i Sache Brooksa u Londonu i na Broadwayju. DIPLOMAC Ili rekvijem za snove Ili za\u0161to ovo nije samo duhovita pri\u010da o seksu On uskoro navr\u0161ava dvadeset i jednu godinu. Upravo [&hellip;]","og_url":"https:\/\/www.komedija.hr\/www\/arhiva-predstava\/diplomac\/","og_site_name":"Kazali\u0161te Komedija","article_publisher":"https:\/\/www.facebook.com\/kazaliste.komedija\/","article_modified_time":"2018-01-04T10:16:55+00:00","og_image":[{"width":448,"height":240,"url":"https:\/\/www.komedija.hr\/www\/wp-content\/uploads\/2013\/02\/Diplomac_slika.jpg","type":"image\/jpeg"}],"twitter_card":"summary_large_image","twitter_site":"@KKomedija","twitter_misc":{"Procijenjeno vrijeme \u010ditanja":"5 minuta"},"schema":{"@context":"https:\/\/schema.org","@graph":[{"@type":"WebPage","@id":"https:\/\/www.komedija.hr\/www\/arhiva-predstava\/diplomac\/","url":"https:\/\/www.komedija.hr\/www\/arhiva-predstava\/diplomac\/","name":"Diplomac - Kazali\u0161te Komedija","isPartOf":{"@id":"http:\/\/www.komedija.hr\/www\/#website"},"primaryImageOfPage":{"@id":"https:\/\/www.komedija.hr\/www\/arhiva-predstava\/diplomac\/#primaryimage"},"image":{"@id":"https:\/\/www.komedija.hr\/www\/arhiva-predstava\/diplomac\/#primaryimage"},"thumbnailUrl":"https:\/\/www.komedija.hr\/www\/wp-content\/uploads\/2013\/02\/Diplomac_slika.jpg","datePublished":"2013-02-06T07:39:19+00:00","dateModified":"2018-01-04T10:16:55+00:00","breadcrumb":{"@id":"https:\/\/www.komedija.hr\/www\/arhiva-predstava\/diplomac\/#breadcrumb"},"inLanguage":"hr","potentialAction":[{"@type":"ReadAction","target":["https:\/\/www.komedija.hr\/www\/arhiva-predstava\/diplomac\/"]}]},{"@type":"ImageObject","inLanguage":"hr","@id":"https:\/\/www.komedija.hr\/www\/arhiva-predstava\/diplomac\/#primaryimage","url":"https:\/\/www.komedija.hr\/www\/wp-content\/uploads\/2013\/02\/Diplomac_slika.jpg","contentUrl":"https:\/\/www.komedija.hr\/www\/wp-content\/uploads\/2013\/02\/Diplomac_slika.jpg","width":"448","height":"240"},{"@type":"BreadcrumbList","@id":"https:\/\/www.komedija.hr\/www\/arhiva-predstava\/diplomac\/#breadcrumb","itemListElement":[{"@type":"ListItem","position":1,"name":"Po\u010detna stranica","item":"http:\/\/www.komedija.hr\/www\/"},{"@type":"ListItem","position":2,"name":"Arhiva predstava","item":"https:\/\/www.komedija.hr\/www\/arhiva-predstava\/"},{"@type":"ListItem","position":3,"name":"Diplomac"}]},{"@type":"WebSite","@id":"http:\/\/www.komedija.hr\/www\/#website","url":"http:\/\/www.komedija.hr\/www\/","name":"Kazali\u0161te Komedija","description":"","publisher":{"@id":"http:\/\/www.komedija.hr\/www\/#organization"},"potentialAction":[{"@type":"SearchAction","target":{"@type":"EntryPoint","urlTemplate":"http:\/\/www.komedija.hr\/www\/?s={search_term_string}"},"query-input":{"@type":"PropertyValueSpecification","valueRequired":true,"valueName":"search_term_string"}}],"inLanguage":"hr"},{"@type":"Organization","@id":"http:\/\/www.komedija.hr\/www\/#organization","name":"Zagreba\u010dko gradsko Kazali\u0161ta Komedija","url":"http:\/\/www.komedija.hr\/www\/","logo":{"@type":"ImageObject","inLanguage":"hr","@id":"http:\/\/www.komedija.hr\/www\/#\/schema\/logo\/image\/","url":"https:\/\/www.komedija.hr\/www\/wp-content\/uploads\/2020\/02\/cropped-Kazaliste_Komedija_logo_2.png","contentUrl":"https:\/\/www.komedija.hr\/www\/wp-content\/uploads\/2020\/02\/cropped-Kazaliste_Komedija_logo_2.png","width":512,"height":512,"caption":"Zagreba\u010dko gradsko Kazali\u0161ta Komedija"},"image":{"@id":"http:\/\/www.komedija.hr\/www\/#\/schema\/logo\/image\/"},"sameAs":["https:\/\/www.facebook.com\/kazaliste.komedija\/","https:\/\/x.com\/KKomedija","https:\/\/www.instagram.com\/kazaliste_komedija\/","https:\/\/www.youtube.com\/channel\/UC1NcapMYUXJW3miW_oPxT5w\/videos"]}]}},"_links":{"self":[{"href":"https:\/\/www.komedija.hr\/www\/wp-json\/wp\/v2\/pages\/3514","targetHints":{"allow":["GET"]}}],"collection":[{"href":"https:\/\/www.komedija.hr\/www\/wp-json\/wp\/v2\/pages"}],"about":[{"href":"https:\/\/www.komedija.hr\/www\/wp-json\/wp\/v2\/types\/page"}],"author":[{"embeddable":true,"href":"https:\/\/www.komedija.hr\/www\/wp-json\/wp\/v2\/users\/4"}],"replies":[{"embeddable":true,"href":"https:\/\/www.komedija.hr\/www\/wp-json\/wp\/v2\/comments?post=3514"}],"version-history":[{"count":0,"href":"https:\/\/www.komedija.hr\/www\/wp-json\/wp\/v2\/pages\/3514\/revisions"}],"up":[{"embeddable":true,"href":"https:\/\/www.komedija.hr\/www\/wp-json\/wp\/v2\/pages\/1659"}],"wp:featuredmedia":[{"embeddable":true,"href":"https:\/\/www.komedija.hr\/www\/wp-json\/wp\/v2\/media\/3522"}],"wp:attachment":[{"href":"https:\/\/www.komedija.hr\/www\/wp-json\/wp\/v2\/media?parent=3514"}],"curies":[{"name":"wp","href":"https:\/\/api.w.org\/{rel}","templated":true}]}}