{"id":366,"date":"2011-07-28T09:23:42","date_gmt":"2011-07-28T09:23:42","guid":{"rendered":"http:\/\/www.komedija.hr\/web\/?page_id=366"},"modified":"2016-09-15T12:16:59","modified_gmt":"2016-09-15T10:16:59","slug":"derdan-kronologija","status":"publish","type":"page","link":"https:\/\/www.komedija.hr\/www\/arhiva2\/derdan-kronologija\/","title":{"rendered":"\u0110erdan &#8211; kronologija"},"content":{"rendered":"<p><strong>Kronologija \u0110erdana<\/strong><br \/>\n(legenda: d \u2013 dirigent; r \u2013 redatelj; P \u2013 Petrica; I \u2013 Ivo)<\/p>\n<p>1955. \u2013 Zagreb, Komedija, 29. studenoga: praizvedba u povodu pete obljetnice osnutka Komedije (d: Milan Asi\u0107, r: Tito Strozzi, P: Jelka Asi\u0107-\u0160ok\u010devi\u0107, I: \u0110ani \u0160egina \u2013 32 izvedbe)<\/p>\n<p>1956. \u2013 Rijeka, Narodno kazali\u0161te &#8220;Ivan Zajc&#8221;, 11. listopada: premijera (d: Vinko Kala\u010di\u0107, r: Dinko Svoboda , P: Irma De Moris, I: Josip \u0160utej \u2013 12 izvedbi)<\/p>\n<p>1958. \u2013 Zagreb, Komedija, 2. srpnja: premijera na Ljetnoj pozornici Var\u0161avska (d: Zdenko Peharda, r: Tito Strozzi, P: Melita Kunc\/Mirjana Dan\u010duo, I: Slaven Smodlaka\/\u0110ani \u0160egina \u2013 28 izvedbi)<\/p>\n<p>1958. \u2013 Split, Hrvatsko narodno kazali\u0161te, 28. studenoga: premijera (d: Vid Kuzmani\u0107, r: Tomislav Kulji\u0161 , P: Alma Perani\u0107, I: Toni Jelaska \u2013 13 izvedbi)<\/p>\n<p>1961. \u2013 Mostar, Narodno kazali\u0161te, 1. o\u017eujka: premijera (d: Alfred Tu\u010dek, r: Josip Le\u0161i\u0107, P: Bla\u017eenka Mili\u0107, I: Bogdan Devi\u0107 \u2013 25 izvedaba)<\/p>\n<p>1966. \u2013 Zagreb, Komedija, 23. travnja: premijera (d: Boris Papandopulo\/Maks Mottl, r: Tito Strozzi, P: Melita Kunc\/Nevenka Petkovi\u0107-Sobjeslavski, I: Slaven Smodlaka\/\u0160ime Marde\u0161i\u0107 \u2013 53 izvedbe)<\/p>\n<p>1967. \u2013 Beograd, 2. prosinca: gostovanje Komedije<\/p>\n<p>1984. \u2013 Zagreb, Komedija, 27. travnja: premijera (d: Pero Gotovac\/Veseljko Bare\u0161i\u0107, r: Richard Simonelli, P: Lukrecija Bre\u0161kovi\u0107\/Nevenka Petkovi\u0107-Sobjeslavski, I: Zrinko So\u010do\/Damir Fatovi\u0107 \u2013 50 izvedbi)<\/p>\n<p>1984. \u2013 Zagreb, prosinac: Nagrada \u0110erdan Ivana Me\u0161trovi\u0107a Muzejskoga prostora na Jezuitskom trgu u Zagrebu kazali\u0161tu Komedija za 150. izvedbu \u0110erdana<\/p>\n<p>1985. \u2013 Zagreb, 9. svibnja: Vjesnikova godi\u0161nja nagrada za glazbu Josip Slavenski ansamblu kazali\u0161ta Komedija za produkciju \u0110erdana<\/p>\n<p>1985. \u2013 Ljubljana, 29. kolovoza: gostovanje Komedije na Festivalu Ljubljana<\/p>\n<p>1992. \u2013 Zagreb, Komedija, 12. travnja: premijera (d: Pero Gotovac, r: Richard Simonelli, P: Lidija Horvat\/Nevenka Petkovi\u0107-Sobjeslavski, I: Vitomir Marof\/Damir Fatovi\u0107 \u2013 30 izvedbi)<\/p>\n<p>1994. \u2013 M\u00fcnchen, 8. velja\u010de, Prinzregenten-Theater: gostovanje Komedije<\/p>\n<p>1995. \u2013 Zagreb, 9. studenoga: ukupno 193 izvedbe u Komediji i na njezinim gostovanjima<\/p>\n<p>D. Sch.<\/p>\n","protected":false},"excerpt":{"rendered":"<p>Kronologija \u0110erdana (legenda: d \u2013 dirigent; r \u2013 redatelj; P \u2013 Petrica; I \u2013 Ivo) 1955. \u2013 Zagreb, Komedija, 29. studenoga: praizvedba u povodu pete obljetnice osnutka Komedije (d: Milan Asi\u0107, r: Tito Strozzi, P: Jelka Asi\u0107-\u0160ok\u010devi\u0107, I: \u0110ani \u0160egina \u2013 32 izvedbe) 1956. \u2013 Rijeka, Narodno kazali\u0161te &#8220;Ivan Zajc&#8221;, 11. listopada: premijera (d: Vinko [&hellip;]<\/p>\n","protected":false},"author":4,"featured_media":0,"parent":7329,"menu_order":0,"comment_status":"closed","ping_status":"closed","template":"","meta":{"ngg_post_thumbnail":0,"footnotes":""},"class_list":["post-366","page","type-page","status-publish","hentry"],"yoast_head":"<!-- This site is optimized with the Yoast SEO plugin v27.4 - https:\/\/yoast.com\/product\/yoast-seo-wordpress\/ -->\n<title>\u0110erdan - kronologija - Kazali\u0161te Komedija<\/title>\n<meta name=\"robots\" content=\"index, follow, max-snippet:-1, max-image-preview:large, max-video-preview:-1\" \/>\n<link rel=\"canonical\" href=\"https:\/\/www.komedija.hr\/www\/arhiva2\/derdan-kronologija\/\" \/>\n<meta property=\"og:locale\" content=\"hr_HR\" \/>\n<meta property=\"og:type\" content=\"article\" \/>\n<meta property=\"og:title\" content=\"\u0110erdan - kronologija - Kazali\u0161te Komedija\" \/>\n<meta property=\"og:description\" content=\"Kronologija \u0110erdana (legenda: d \u2013 dirigent; r \u2013 redatelj; P \u2013 Petrica; I \u2013 Ivo) 1955. \u2013 Zagreb, Komedija, 29. studenoga: praizvedba u povodu pete obljetnice osnutka Komedije (d: Milan Asi\u0107, r: Tito Strozzi, P: Jelka Asi\u0107-\u0160ok\u010devi\u0107, I: \u0110ani \u0160egina \u2013 32 izvedbe) 1956. \u2013 Rijeka, Narodno kazali\u0161te &#8220;Ivan Zajc&#8221;, 11. listopada: premijera (d: Vinko [&hellip;]\" \/>\n<meta property=\"og:url\" content=\"https:\/\/www.komedija.hr\/www\/arhiva2\/derdan-kronologija\/\" \/>\n<meta property=\"og:site_name\" content=\"Kazali\u0161te Komedija\" \/>\n<meta property=\"article:publisher\" content=\"https:\/\/www.facebook.com\/kazaliste.komedija\/\" \/>\n<meta property=\"article:modified_time\" content=\"2016-09-15T10:16:59+00:00\" \/>\n<meta name=\"twitter:card\" content=\"summary_large_image\" \/>\n<meta name=\"twitter:site\" content=\"@KKomedija\" \/>\n<meta name=\"twitter:label1\" content=\"Procijenjeno vrijeme \u010ditanja\" \/>\n\t<meta name=\"twitter:data1\" content=\"1 minuta\" \/>\n<script type=\"application\/ld+json\" class=\"yoast-schema-graph\">{\"@context\":\"https:\\\/\\\/schema.org\",\"@graph\":[{\"@type\":\"WebPage\",\"@id\":\"https:\\\/\\\/www.komedija.hr\\\/www\\\/arhiva2\\\/derdan-kronologija\\\/\",\"url\":\"https:\\\/\\\/www.komedija.hr\\\/www\\\/arhiva2\\\/derdan-kronologija\\\/\",\"name\":\"\u0110erdan - kronologija - Kazali\u0161te Komedija\",\"isPartOf\":{\"@id\":\"http:\\\/\\\/www.komedija.hr\\\/www\\\/#website\"},\"datePublished\":\"2011-07-28T09:23:42+00:00\",\"dateModified\":\"2016-09-15T10:16:59+00:00\",\"breadcrumb\":{\"@id\":\"https:\\\/\\\/www.komedija.hr\\\/www\\\/arhiva2\\\/derdan-kronologija\\\/#breadcrumb\"},\"inLanguage\":\"hr\",\"potentialAction\":[{\"@type\":\"ReadAction\",\"target\":[\"https:\\\/\\\/www.komedija.hr\\\/www\\\/arhiva2\\\/derdan-kronologija\\\/\"]}]},{\"@type\":\"BreadcrumbList\",\"@id\":\"https:\\\/\\\/www.komedija.hr\\\/www\\\/arhiva2\\\/derdan-kronologija\\\/#breadcrumb\",\"itemListElement\":[{\"@type\":\"ListItem\",\"position\":1,\"name\":\"Po\u010detna stranica\",\"item\":\"http:\\\/\\\/www.komedija.hr\\\/www\\\/\"},{\"@type\":\"ListItem\",\"position\":2,\"name\":\"Arhiva2\",\"item\":\"https:\\\/\\\/www.komedija.hr\\\/www\\\/arhiva2\\\/\"},{\"@type\":\"ListItem\",\"position\":3,\"name\":\"\u0110erdan &#8211; kronologija\"}]},{\"@type\":\"WebSite\",\"@id\":\"http:\\\/\\\/www.komedija.hr\\\/www\\\/#website\",\"url\":\"http:\\\/\\\/www.komedija.hr\\\/www\\\/\",\"name\":\"Kazali\u0161te Komedija\",\"description\":\"\",\"publisher\":{\"@id\":\"http:\\\/\\\/www.komedija.hr\\\/www\\\/#organization\"},\"potentialAction\":[{\"@type\":\"SearchAction\",\"target\":{\"@type\":\"EntryPoint\",\"urlTemplate\":\"http:\\\/\\\/www.komedija.hr\\\/www\\\/?s={search_term_string}\"},\"query-input\":{\"@type\":\"PropertyValueSpecification\",\"valueRequired\":true,\"valueName\":\"search_term_string\"}}],\"inLanguage\":\"hr\"},{\"@type\":\"Organization\",\"@id\":\"http:\\\/\\\/www.komedija.hr\\\/www\\\/#organization\",\"name\":\"Zagreba\u010dko gradsko Kazali\u0161ta Komedija\",\"url\":\"http:\\\/\\\/www.komedija.hr\\\/www\\\/\",\"logo\":{\"@type\":\"ImageObject\",\"inLanguage\":\"hr\",\"@id\":\"http:\\\/\\\/www.komedija.hr\\\/www\\\/#\\\/schema\\\/logo\\\/image\\\/\",\"url\":\"https:\\\/\\\/www.komedija.hr\\\/www\\\/wp-content\\\/uploads\\\/2020\\\/02\\\/cropped-Kazaliste_Komedija_logo_2.png\",\"contentUrl\":\"https:\\\/\\\/www.komedija.hr\\\/www\\\/wp-content\\\/uploads\\\/2020\\\/02\\\/cropped-Kazaliste_Komedija_logo_2.png\",\"width\":512,\"height\":512,\"caption\":\"Zagreba\u010dko gradsko Kazali\u0161ta Komedija\"},\"image\":{\"@id\":\"http:\\\/\\\/www.komedija.hr\\\/www\\\/#\\\/schema\\\/logo\\\/image\\\/\"},\"sameAs\":[\"https:\\\/\\\/www.facebook.com\\\/kazaliste.komedija\\\/\",\"https:\\\/\\\/x.com\\\/KKomedija\",\"https:\\\/\\\/www.instagram.com\\\/kazaliste_komedija\\\/\",\"https:\\\/\\\/www.youtube.com\\\/channel\\\/UC1NcapMYUXJW3miW_oPxT5w\\\/videos\"]}]}<\/script>\n<!-- \/ Yoast SEO plugin. -->","yoast_head_json":{"title":"\u0110erdan - kronologija - Kazali\u0161te Komedija","robots":{"index":"index","follow":"follow","max-snippet":"max-snippet:-1","max-image-preview":"max-image-preview:large","max-video-preview":"max-video-preview:-1"},"canonical":"https:\/\/www.komedija.hr\/www\/arhiva2\/derdan-kronologija\/","og_locale":"hr_HR","og_type":"article","og_title":"\u0110erdan - kronologija - Kazali\u0161te Komedija","og_description":"Kronologija \u0110erdana (legenda: d \u2013 dirigent; r \u2013 redatelj; P \u2013 Petrica; I \u2013 Ivo) 1955. \u2013 Zagreb, Komedija, 29. studenoga: praizvedba u povodu pete obljetnice osnutka Komedije (d: Milan Asi\u0107, r: Tito Strozzi, P: Jelka Asi\u0107-\u0160ok\u010devi\u0107, I: \u0110ani \u0160egina \u2013 32 izvedbe) 1956. \u2013 Rijeka, Narodno kazali\u0161te &#8220;Ivan Zajc&#8221;, 11. listopada: premijera (d: Vinko [&hellip;]","og_url":"https:\/\/www.komedija.hr\/www\/arhiva2\/derdan-kronologija\/","og_site_name":"Kazali\u0161te Komedija","article_publisher":"https:\/\/www.facebook.com\/kazaliste.komedija\/","article_modified_time":"2016-09-15T10:16:59+00:00","twitter_card":"summary_large_image","twitter_site":"@KKomedija","twitter_misc":{"Procijenjeno vrijeme \u010ditanja":"1 minuta"},"schema":{"@context":"https:\/\/schema.org","@graph":[{"@type":"WebPage","@id":"https:\/\/www.komedija.hr\/www\/arhiva2\/derdan-kronologija\/","url":"https:\/\/www.komedija.hr\/www\/arhiva2\/derdan-kronologija\/","name":"\u0110erdan - kronologija - Kazali\u0161te Komedija","isPartOf":{"@id":"http:\/\/www.komedija.hr\/www\/#website"},"datePublished":"2011-07-28T09:23:42+00:00","dateModified":"2016-09-15T10:16:59+00:00","breadcrumb":{"@id":"https:\/\/www.komedija.hr\/www\/arhiva2\/derdan-kronologija\/#breadcrumb"},"inLanguage":"hr","potentialAction":[{"@type":"ReadAction","target":["https:\/\/www.komedija.hr\/www\/arhiva2\/derdan-kronologija\/"]}]},{"@type":"BreadcrumbList","@id":"https:\/\/www.komedija.hr\/www\/arhiva2\/derdan-kronologija\/#breadcrumb","itemListElement":[{"@type":"ListItem","position":1,"name":"Po\u010detna stranica","item":"http:\/\/www.komedija.hr\/www\/"},{"@type":"ListItem","position":2,"name":"Arhiva2","item":"https:\/\/www.komedija.hr\/www\/arhiva2\/"},{"@type":"ListItem","position":3,"name":"\u0110erdan &#8211; kronologija"}]},{"@type":"WebSite","@id":"http:\/\/www.komedija.hr\/www\/#website","url":"http:\/\/www.komedija.hr\/www\/","name":"Kazali\u0161te Komedija","description":"","publisher":{"@id":"http:\/\/www.komedija.hr\/www\/#organization"},"potentialAction":[{"@type":"SearchAction","target":{"@type":"EntryPoint","urlTemplate":"http:\/\/www.komedija.hr\/www\/?s={search_term_string}"},"query-input":{"@type":"PropertyValueSpecification","valueRequired":true,"valueName":"search_term_string"}}],"inLanguage":"hr"},{"@type":"Organization","@id":"http:\/\/www.komedija.hr\/www\/#organization","name":"Zagreba\u010dko gradsko Kazali\u0161ta Komedija","url":"http:\/\/www.komedija.hr\/www\/","logo":{"@type":"ImageObject","inLanguage":"hr","@id":"http:\/\/www.komedija.hr\/www\/#\/schema\/logo\/image\/","url":"https:\/\/www.komedija.hr\/www\/wp-content\/uploads\/2020\/02\/cropped-Kazaliste_Komedija_logo_2.png","contentUrl":"https:\/\/www.komedija.hr\/www\/wp-content\/uploads\/2020\/02\/cropped-Kazaliste_Komedija_logo_2.png","width":512,"height":512,"caption":"Zagreba\u010dko gradsko Kazali\u0161ta Komedija"},"image":{"@id":"http:\/\/www.komedija.hr\/www\/#\/schema\/logo\/image\/"},"sameAs":["https:\/\/www.facebook.com\/kazaliste.komedija\/","https:\/\/x.com\/KKomedija","https:\/\/www.instagram.com\/kazaliste_komedija\/","https:\/\/www.youtube.com\/channel\/UC1NcapMYUXJW3miW_oPxT5w\/videos"]}]}},"_links":{"self":[{"href":"https:\/\/www.komedija.hr\/www\/wp-json\/wp\/v2\/pages\/366","targetHints":{"allow":["GET"]}}],"collection":[{"href":"https:\/\/www.komedija.hr\/www\/wp-json\/wp\/v2\/pages"}],"about":[{"href":"https:\/\/www.komedija.hr\/www\/wp-json\/wp\/v2\/types\/page"}],"author":[{"embeddable":true,"href":"https:\/\/www.komedija.hr\/www\/wp-json\/wp\/v2\/users\/4"}],"replies":[{"embeddable":true,"href":"https:\/\/www.komedija.hr\/www\/wp-json\/wp\/v2\/comments?post=366"}],"version-history":[{"count":0,"href":"https:\/\/www.komedija.hr\/www\/wp-json\/wp\/v2\/pages\/366\/revisions"}],"up":[{"embeddable":true,"href":"https:\/\/www.komedija.hr\/www\/wp-json\/wp\/v2\/pages\/7329"}],"wp:attachment":[{"href":"https:\/\/www.komedija.hr\/www\/wp-json\/wp\/v2\/media?parent=366"}],"curies":[{"name":"wp","href":"https:\/\/api.w.org\/{rel}","templated":true}]}}