{"id":3823,"date":"2013-05-07T14:37:51","date_gmt":"2013-05-07T12:37:51","guid":{"rendered":"http:\/\/www.komedija.hr\/web\/?page_id=3823"},"modified":"2018-01-04T10:48:45","modified_gmt":"2018-01-04T09:48:45","slug":"broadway-u-komediji-inventura","status":"publish","type":"page","link":"https:\/\/www.komedija.hr\/www\/arhiva-predstava\/broadway-u-komediji-inventura\/","title":{"rendered":"Broadway u Komediji &#8211; Inventura"},"content":{"rendered":"<p>Za\u0161to <i>Inventura<\/i>? Prije formalnog ulaska u Europu svojevrsnom glazbenom <i>inventurom<\/i> \u017eelimo na\u0161u publiku podsjetiti na milenijsku 2000. godinu \u00a0i \u010ditav niz brodvejskih uspje\u0161nica, sve do dana\u0161njih dana, \u00a0te pokazati da \u201eKomedija\u201c na tom planu ve\u0107 dugo jest \u00a0i dio Europe, ali i svijeta.<\/p>\n<p>Vjerujemo da \u0107emo svi u\u017eivati u ovome \u0161to jesmo, \u0161to smo bili i \u0161to bismo \u017eeljeli biti.<\/p>\n<blockquote><p>Osmislili: Igor Me\u0161in, Davor Svedru\u017ei\u0107, Dra\u017een \u010cu\u010dek, Goran Malus i Dinko Appelt<\/p>\n<p>Dirigent: <a title=\"Dinko Appelt\" href=\"http:\/\/www.komedija.hr\/web\/?page_id=906\">Dinko Appelt<\/a><\/p>\n<p>Vizualno oblikovao i dekorirao: Ivo Knezovi\u0107<br \/>\nKostimi: Barbara Bourek, Matija Vujica, Mirjana Zagorec<br \/>\nIzbor kostima: Elvira Ulip<br \/>\nKoreografija: Igor Barberi\u0107, Petra Hra\u0161\u0107anec, Larisa Lipovac<br \/>\nKoreografije prenio: Dejan Jakovljevi\u0107<br \/>\nKoncert majstor: Melita \u0160afran<\/p><\/blockquote>\n<p><b>Broadway &#8211; <\/b>\u0161iroka avenija na Manhattanu, N.Y., SAD, koja se prote\u017ee cijelom svojom du\u017einom kroz Manhattan sve do Bronxa, a poznata je po mnogobrojnim glazbenim teatrima<\/p>\n<p><b>Inventura<\/b> \u2013 (po Bratoljubu Klai\u0107u): popisivanje imovine, popis robe u trgovini, skladi\u0161tu i sl. (pridjev. <i>inventurni<\/i>).<\/p>\n<p>[supsystic-gallery id=21 position=center]<\/p>\n<p>Sudjeluju: \u00a0<a title=\"Jasna Bilu\u0161i\u0107\" href=\"http:\/\/www.komedija.hr\/web\/?page_id=919\">Jasna Bilu\u0161i\u0107<\/a>, <a title=\"Mila Elegovi\u0107\" href=\"http:\/\/www.komedija.hr\/web\/?page_id=948\">Mila Elegovi\u0107<\/a>, <a title=\"Nina Kai\u0107 Madi\u0107\" href=\"http:\/\/www.komedija.hr\/web\/?page_id=956\">Nina Kai\u0107 Madi\u0107<\/a>,\u00a0<a title=\"Ana Kraljevi\u0107\" href=\"http:\/\/www.komedija.hr\/web\/?page_id=974\">Ana Kraljevi\u0107<\/a>, <a title=\"Danijela Pintari\u0107\" href=\"http:\/\/www.komedija.hr\/web\/?page_id=1105\">Danijela Pintari\u0107<\/a>, <a title=\"Renata Sabljak\" href=\"http:\/\/www.komedija.hr\/web\/?page_id=1122\">Renata Sabljak<\/a>, <a title=\"Vanda Winter\" href=\"http:\/\/www.komedija.hr\/web\/?page_id=1399\">Vanda Winter<\/a>, <a title=\"Ervin Bau\u010di\u0107\" href=\"http:\/\/www.komedija.hr\/web\/?page_id=1794\">Ervin Bau\u010di\u0107<\/a>, <a title=\"Dra\u017een Bratuli\u0107\" href=\"http:\/\/www.komedija.hr\/web\/?page_id=1862\">Dra\u017een Bratuli\u0107<\/a>, <a title=\"Dra\u017een \u010cu\u010dek\" href=\"http:\/\/www.komedija.hr\/web\/?page_id=937\">Dra\u017een \u010cu\u010dek<\/a>, <a title=\"Damir Lon\u010dar\" href=\"http:\/\/www.komedija.hr\/web\/?page_id=1004\">Damir Lon\u010dar<\/a> (glas),\u00a0<a title=\"Goran Malus\" href=\"http:\/\/www.komedija.hr\/web\/?page_id=1072\">Goran Malus<\/a>, <a title=\"Igor Me\u0161in\" href=\"http:\/\/www.komedija.hr\/web\/?page_id=1086\">Igor Me\u0161in<\/a>,\u00a0<a title=\"\u0110ani Stipani\u010dev\" href=\"http:\/\/www.komedija.hr\/web\/?page_id=1126\">\u0110ani Stipani\u010dev<\/a>, <a title=\"Davor Svedru\u017ei\u0107\" href=\"http:\/\/www.komedija.hr\/web\/?page_id=1268\">Davor Svedru\u017ei\u0107<\/a>, <a title=\"Adalbert Turner\" href=\"http:\/\/www.komedija.hr\/web\/?page_id=1879\">Adalbert Turner<\/a>, <a title=\"Ronald \u017dlabur\" href=\"http:\/\/www.komedija.hr\/web\/?page_id=1397\">Ronald \u017dlabur<\/a><\/p>\n<p>Ansambl: Lara Anti\u0107, Iva Bor\u0161i\u0107, Ana Klabu\u010dar, Irena Raduka, \u017deljka Veverec, Boris Barberi\u0107, Nikola Milat, Dragan Peka, Bo\u017eidar Peri\u010di\u0107, Matija \u0160kvorc<\/p>\n<p>Zbor, balet i orkestar Kazali\u0161ta \u201eKomedija\u201c<\/p>\n<p>&nbsp;<\/p>\n<p>&nbsp;<\/p>\n","protected":false},"excerpt":{"rendered":"<p>Za\u0161to Inventura? Prije formalnog ulaska u Europu svojevrsnom glazbenom inventurom \u017eelimo na\u0161u publiku podsjetiti na milenijsku 2000. godinu \u00a0i \u010ditav niz brodvejskih uspje\u0161nica, sve do dana\u0161njih dana, \u00a0te pokazati da \u201eKomedija\u201c na tom planu ve\u0107 dugo jest \u00a0i dio Europe, ali i svijeta. Vjerujemo da \u0107emo svi u\u017eivati u ovome \u0161to jesmo, \u0161to smo bili [&hellip;]<\/p>\n","protected":false},"author":4,"featured_media":3847,"parent":1659,"menu_order":0,"comment_status":"closed","ping_status":"closed","template":"","meta":{"ngg_post_thumbnail":0,"footnotes":""},"class_list":["post-3823","page","type-page","status-publish","has-post-thumbnail","hentry"],"yoast_head":"<!-- This site is optimized with the Yoast SEO plugin v27.5 - https:\/\/yoast.com\/product\/yoast-seo-wordpress\/ -->\n<title>Broadway u Komediji - Inventura - Kazali\u0161te Komedija<\/title>\n<meta name=\"robots\" content=\"index, follow, max-snippet:-1, max-image-preview:large, max-video-preview:-1\" \/>\n<link rel=\"canonical\" href=\"https:\/\/www.komedija.hr\/www\/arhiva-predstava\/broadway-u-komediji-inventura\/\" \/>\n<meta property=\"og:locale\" content=\"hr_HR\" \/>\n<meta property=\"og:type\" content=\"article\" \/>\n<meta property=\"og:title\" content=\"Broadway u Komediji - Inventura - Kazali\u0161te Komedija\" \/>\n<meta property=\"og:description\" content=\"Za\u0161to Inventura? Prije formalnog ulaska u Europu svojevrsnom glazbenom inventurom \u017eelimo na\u0161u publiku podsjetiti na milenijsku 2000. godinu \u00a0i \u010ditav niz brodvejskih uspje\u0161nica, sve do dana\u0161njih dana, \u00a0te pokazati da \u201eKomedija\u201c na tom planu ve\u0107 dugo jest \u00a0i dio Europe, ali i svijeta. Vjerujemo da \u0107emo svi u\u017eivati u ovome \u0161to jesmo, \u0161to smo bili [&hellip;]\" \/>\n<meta property=\"og:url\" content=\"https:\/\/www.komedija.hr\/www\/arhiva-predstava\/broadway-u-komediji-inventura\/\" \/>\n<meta property=\"og:site_name\" content=\"Kazali\u0161te Komedija\" \/>\n<meta property=\"article:publisher\" content=\"https:\/\/www.facebook.com\/kazaliste.komedija\/\" \/>\n<meta property=\"article:modified_time\" content=\"2018-01-04T09:48:45+00:00\" \/>\n<meta property=\"og:image\" content=\"https:\/\/www.komedija.hr\/www\/wp-content\/uploads\/2013\/05\/broadway448.jpg\" \/>\n\t<meta property=\"og:image:width\" content=\"448\" \/>\n\t<meta property=\"og:image:height\" content=\"240\" \/>\n\t<meta property=\"og:image:type\" content=\"image\/jpeg\" \/>\n<meta name=\"twitter:card\" content=\"summary_large_image\" \/>\n<meta name=\"twitter:site\" content=\"@KKomedija\" \/>\n<meta name=\"twitter:label1\" content=\"Procijenjeno vrijeme \u010ditanja\" \/>\n\t<meta name=\"twitter:data1\" content=\"1 minuta\" \/>\n<script type=\"application\/ld+json\" class=\"yoast-schema-graph\">{\"@context\":\"https:\\\/\\\/schema.org\",\"@graph\":[{\"@type\":\"WebPage\",\"@id\":\"https:\\\/\\\/www.komedija.hr\\\/www\\\/arhiva-predstava\\\/broadway-u-komediji-inventura\\\/\",\"url\":\"https:\\\/\\\/www.komedija.hr\\\/www\\\/arhiva-predstava\\\/broadway-u-komediji-inventura\\\/\",\"name\":\"Broadway u Komediji - Inventura - Kazali\u0161te Komedija\",\"isPartOf\":{\"@id\":\"http:\\\/\\\/www.komedija.hr\\\/www\\\/#website\"},\"primaryImageOfPage\":{\"@id\":\"https:\\\/\\\/www.komedija.hr\\\/www\\\/arhiva-predstava\\\/broadway-u-komediji-inventura\\\/#primaryimage\"},\"image\":{\"@id\":\"https:\\\/\\\/www.komedija.hr\\\/www\\\/arhiva-predstava\\\/broadway-u-komediji-inventura\\\/#primaryimage\"},\"thumbnailUrl\":\"https:\\\/\\\/www.komedija.hr\\\/www\\\/wp-content\\\/uploads\\\/2013\\\/05\\\/broadway448.jpg\",\"datePublished\":\"2013-05-07T12:37:51+00:00\",\"dateModified\":\"2018-01-04T09:48:45+00:00\",\"breadcrumb\":{\"@id\":\"https:\\\/\\\/www.komedija.hr\\\/www\\\/arhiva-predstava\\\/broadway-u-komediji-inventura\\\/#breadcrumb\"},\"inLanguage\":\"hr\",\"potentialAction\":[{\"@type\":\"ReadAction\",\"target\":[\"https:\\\/\\\/www.komedija.hr\\\/www\\\/arhiva-predstava\\\/broadway-u-komediji-inventura\\\/\"]}]},{\"@type\":\"ImageObject\",\"inLanguage\":\"hr\",\"@id\":\"https:\\\/\\\/www.komedija.hr\\\/www\\\/arhiva-predstava\\\/broadway-u-komediji-inventura\\\/#primaryimage\",\"url\":\"https:\\\/\\\/www.komedija.hr\\\/www\\\/wp-content\\\/uploads\\\/2013\\\/05\\\/broadway448.jpg\",\"contentUrl\":\"https:\\\/\\\/www.komedija.hr\\\/www\\\/wp-content\\\/uploads\\\/2013\\\/05\\\/broadway448.jpg\",\"width\":448,\"height\":240},{\"@type\":\"BreadcrumbList\",\"@id\":\"https:\\\/\\\/www.komedija.hr\\\/www\\\/arhiva-predstava\\\/broadway-u-komediji-inventura\\\/#breadcrumb\",\"itemListElement\":[{\"@type\":\"ListItem\",\"position\":1,\"name\":\"Po\u010detna stranica\",\"item\":\"http:\\\/\\\/www.komedija.hr\\\/www\\\/\"},{\"@type\":\"ListItem\",\"position\":2,\"name\":\"Arhiva predstava\",\"item\":\"https:\\\/\\\/www.komedija.hr\\\/www\\\/arhiva-predstava\\\/\"},{\"@type\":\"ListItem\",\"position\":3,\"name\":\"Broadway u Komediji &#8211; Inventura\"}]},{\"@type\":\"WebSite\",\"@id\":\"http:\\\/\\\/www.komedija.hr\\\/www\\\/#website\",\"url\":\"http:\\\/\\\/www.komedija.hr\\\/www\\\/\",\"name\":\"Kazali\u0161te Komedija\",\"description\":\"\",\"publisher\":{\"@id\":\"http:\\\/\\\/www.komedija.hr\\\/www\\\/#organization\"},\"potentialAction\":[{\"@type\":\"SearchAction\",\"target\":{\"@type\":\"EntryPoint\",\"urlTemplate\":\"http:\\\/\\\/www.komedija.hr\\\/www\\\/?s={search_term_string}\"},\"query-input\":{\"@type\":\"PropertyValueSpecification\",\"valueRequired\":true,\"valueName\":\"search_term_string\"}}],\"inLanguage\":\"hr\"},{\"@type\":\"Organization\",\"@id\":\"http:\\\/\\\/www.komedija.hr\\\/www\\\/#organization\",\"name\":\"Zagreba\u010dko gradsko Kazali\u0161ta Komedija\",\"url\":\"http:\\\/\\\/www.komedija.hr\\\/www\\\/\",\"logo\":{\"@type\":\"ImageObject\",\"inLanguage\":\"hr\",\"@id\":\"http:\\\/\\\/www.komedija.hr\\\/www\\\/#\\\/schema\\\/logo\\\/image\\\/\",\"url\":\"https:\\\/\\\/www.komedija.hr\\\/www\\\/wp-content\\\/uploads\\\/2020\\\/02\\\/cropped-Kazaliste_Komedija_logo_2.png\",\"contentUrl\":\"https:\\\/\\\/www.komedija.hr\\\/www\\\/wp-content\\\/uploads\\\/2020\\\/02\\\/cropped-Kazaliste_Komedija_logo_2.png\",\"width\":512,\"height\":512,\"caption\":\"Zagreba\u010dko gradsko Kazali\u0161ta Komedija\"},\"image\":{\"@id\":\"http:\\\/\\\/www.komedija.hr\\\/www\\\/#\\\/schema\\\/logo\\\/image\\\/\"},\"sameAs\":[\"https:\\\/\\\/www.facebook.com\\\/kazaliste.komedija\\\/\",\"https:\\\/\\\/x.com\\\/KKomedija\",\"https:\\\/\\\/www.instagram.com\\\/kazaliste_komedija\\\/\",\"https:\\\/\\\/www.youtube.com\\\/channel\\\/UC1NcapMYUXJW3miW_oPxT5w\\\/videos\"]}]}<\/script>\n<!-- \/ Yoast SEO plugin. -->","yoast_head_json":{"title":"Broadway u Komediji - Inventura - Kazali\u0161te Komedija","robots":{"index":"index","follow":"follow","max-snippet":"max-snippet:-1","max-image-preview":"max-image-preview:large","max-video-preview":"max-video-preview:-1"},"canonical":"https:\/\/www.komedija.hr\/www\/arhiva-predstava\/broadway-u-komediji-inventura\/","og_locale":"hr_HR","og_type":"article","og_title":"Broadway u Komediji - Inventura - Kazali\u0161te Komedija","og_description":"Za\u0161to Inventura? Prije formalnog ulaska u Europu svojevrsnom glazbenom inventurom \u017eelimo na\u0161u publiku podsjetiti na milenijsku 2000. godinu \u00a0i \u010ditav niz brodvejskih uspje\u0161nica, sve do dana\u0161njih dana, \u00a0te pokazati da \u201eKomedija\u201c na tom planu ve\u0107 dugo jest \u00a0i dio Europe, ali i svijeta. Vjerujemo da \u0107emo svi u\u017eivati u ovome \u0161to jesmo, \u0161to smo bili [&hellip;]","og_url":"https:\/\/www.komedija.hr\/www\/arhiva-predstava\/broadway-u-komediji-inventura\/","og_site_name":"Kazali\u0161te Komedija","article_publisher":"https:\/\/www.facebook.com\/kazaliste.komedija\/","article_modified_time":"2018-01-04T09:48:45+00:00","og_image":[{"width":448,"height":240,"url":"https:\/\/www.komedija.hr\/www\/wp-content\/uploads\/2013\/05\/broadway448.jpg","type":"image\/jpeg"}],"twitter_card":"summary_large_image","twitter_site":"@KKomedija","twitter_misc":{"Procijenjeno vrijeme \u010ditanja":"1 minuta"},"schema":{"@context":"https:\/\/schema.org","@graph":[{"@type":"WebPage","@id":"https:\/\/www.komedija.hr\/www\/arhiva-predstava\/broadway-u-komediji-inventura\/","url":"https:\/\/www.komedija.hr\/www\/arhiva-predstava\/broadway-u-komediji-inventura\/","name":"Broadway u Komediji - Inventura - Kazali\u0161te Komedija","isPartOf":{"@id":"http:\/\/www.komedija.hr\/www\/#website"},"primaryImageOfPage":{"@id":"https:\/\/www.komedija.hr\/www\/arhiva-predstava\/broadway-u-komediji-inventura\/#primaryimage"},"image":{"@id":"https:\/\/www.komedija.hr\/www\/arhiva-predstava\/broadway-u-komediji-inventura\/#primaryimage"},"thumbnailUrl":"https:\/\/www.komedija.hr\/www\/wp-content\/uploads\/2013\/05\/broadway448.jpg","datePublished":"2013-05-07T12:37:51+00:00","dateModified":"2018-01-04T09:48:45+00:00","breadcrumb":{"@id":"https:\/\/www.komedija.hr\/www\/arhiva-predstava\/broadway-u-komediji-inventura\/#breadcrumb"},"inLanguage":"hr","potentialAction":[{"@type":"ReadAction","target":["https:\/\/www.komedija.hr\/www\/arhiva-predstava\/broadway-u-komediji-inventura\/"]}]},{"@type":"ImageObject","inLanguage":"hr","@id":"https:\/\/www.komedija.hr\/www\/arhiva-predstava\/broadway-u-komediji-inventura\/#primaryimage","url":"https:\/\/www.komedija.hr\/www\/wp-content\/uploads\/2013\/05\/broadway448.jpg","contentUrl":"https:\/\/www.komedija.hr\/www\/wp-content\/uploads\/2013\/05\/broadway448.jpg","width":448,"height":240},{"@type":"BreadcrumbList","@id":"https:\/\/www.komedija.hr\/www\/arhiva-predstava\/broadway-u-komediji-inventura\/#breadcrumb","itemListElement":[{"@type":"ListItem","position":1,"name":"Po\u010detna stranica","item":"http:\/\/www.komedija.hr\/www\/"},{"@type":"ListItem","position":2,"name":"Arhiva predstava","item":"https:\/\/www.komedija.hr\/www\/arhiva-predstava\/"},{"@type":"ListItem","position":3,"name":"Broadway u Komediji &#8211; Inventura"}]},{"@type":"WebSite","@id":"http:\/\/www.komedija.hr\/www\/#website","url":"http:\/\/www.komedija.hr\/www\/","name":"Kazali\u0161te Komedija","description":"","publisher":{"@id":"http:\/\/www.komedija.hr\/www\/#organization"},"potentialAction":[{"@type":"SearchAction","target":{"@type":"EntryPoint","urlTemplate":"http:\/\/www.komedija.hr\/www\/?s={search_term_string}"},"query-input":{"@type":"PropertyValueSpecification","valueRequired":true,"valueName":"search_term_string"}}],"inLanguage":"hr"},{"@type":"Organization","@id":"http:\/\/www.komedija.hr\/www\/#organization","name":"Zagreba\u010dko gradsko Kazali\u0161ta Komedija","url":"http:\/\/www.komedija.hr\/www\/","logo":{"@type":"ImageObject","inLanguage":"hr","@id":"http:\/\/www.komedija.hr\/www\/#\/schema\/logo\/image\/","url":"https:\/\/www.komedija.hr\/www\/wp-content\/uploads\/2020\/02\/cropped-Kazaliste_Komedija_logo_2.png","contentUrl":"https:\/\/www.komedija.hr\/www\/wp-content\/uploads\/2020\/02\/cropped-Kazaliste_Komedija_logo_2.png","width":512,"height":512,"caption":"Zagreba\u010dko gradsko Kazali\u0161ta Komedija"},"image":{"@id":"http:\/\/www.komedija.hr\/www\/#\/schema\/logo\/image\/"},"sameAs":["https:\/\/www.facebook.com\/kazaliste.komedija\/","https:\/\/x.com\/KKomedija","https:\/\/www.instagram.com\/kazaliste_komedija\/","https:\/\/www.youtube.com\/channel\/UC1NcapMYUXJW3miW_oPxT5w\/videos"]}]}},"_links":{"self":[{"href":"https:\/\/www.komedija.hr\/www\/wp-json\/wp\/v2\/pages\/3823","targetHints":{"allow":["GET"]}}],"collection":[{"href":"https:\/\/www.komedija.hr\/www\/wp-json\/wp\/v2\/pages"}],"about":[{"href":"https:\/\/www.komedija.hr\/www\/wp-json\/wp\/v2\/types\/page"}],"author":[{"embeddable":true,"href":"https:\/\/www.komedija.hr\/www\/wp-json\/wp\/v2\/users\/4"}],"replies":[{"embeddable":true,"href":"https:\/\/www.komedija.hr\/www\/wp-json\/wp\/v2\/comments?post=3823"}],"version-history":[{"count":0,"href":"https:\/\/www.komedija.hr\/www\/wp-json\/wp\/v2\/pages\/3823\/revisions"}],"up":[{"embeddable":true,"href":"https:\/\/www.komedija.hr\/www\/wp-json\/wp\/v2\/pages\/1659"}],"wp:featuredmedia":[{"embeddable":true,"href":"https:\/\/www.komedija.hr\/www\/wp-json\/wp\/v2\/media\/3847"}],"wp:attachment":[{"href":"https:\/\/www.komedija.hr\/www\/wp-json\/wp\/v2\/media?parent=3823"}],"curies":[{"name":"wp","href":"https:\/\/api.w.org\/{rel}","templated":true}]}}