{"id":3987,"date":"2013-05-15T11:03:57","date_gmt":"2013-05-15T09:03:57","guid":{"rendered":"http:\/\/www.komedija.hr\/web\/?page_id=3987"},"modified":"2013-05-15T11:12:43","modified_gmt":"2013-05-15T09:12:43","slug":"jesus-christ-superstar","status":"publish","type":"page","link":"https:\/\/www.komedija.hr\/www\/arhiva-predstava\/jesus-christ-superstar\/","title":{"rendered":"Jesus Christ Superstar"},"content":{"rendered":"<blockquote><p>Kazali\u0161te &#8220;Komedija&#8221; u udru\u017eenoj produkciji i prema dogovoru s &#8220;Two Knights Rights Ltd.&#8221;<\/p>\n<p>Tekst: Tim Rice<br \/>\nGlazba: Andrew Lloyd Webber<\/p><\/blockquote>\n<p>&#8220;Jesus Christ Superstar&#8221; govori o posljednjih sedam dana \u017eivota Isusa iz Nazareta: osobita pozornost posve\u0107ena je odnosu obi\u010dnih ljudi prema Isusu i prema doga\u0111ajima oko njega, pri \u010demu su dva glavna predstavnika tih odnosa Juda (okre\u0107e se od svojega u\u010ditelja i postaje izdajnikom) i Marija Magdalena (obra\u0107ena gre\u0161nica koja u Isusa ima neograni\u010deno povjerenje). Tu su jo\u0161 i Pilat (ustuknut \u0107e pred svjetinom i osuditi Isusa, premda ne vidi nikakve njegove krivice), Petar (Isusa \u0107e tri puta zanijekati), kralj Herod (razo\u010daran i bijesan jer mu Isus nije pokazao ni jedno od \u010duda o kojima je slu\u0161ao) i drugi. Narod koji okru\u017euje Isusa, slavi ga, poziva ga da ga lije\u010di ili da mu bude vo\u0111a; kad ga ugleda uhi\u0107ena i pretu\u010dena, okrene se protiv njega, izruguje mu se i tra\u017ei da ga se raspne.<\/p>\n<p>Suvremeni Broadway ili londonski West End ne bi bili to \u0161to jesu bez skladatelja Andrewa Lloyda Webbera (&#8220;Evita&#8221;, &#8220;Ma\u010dke&#8221;, &#8220;Fantom u operi&#8221;, &#8220;Bulevar sumraka&#8221;, &#8220;Zvi\u017edanje niz vjetar&#8221;&#8230;) i tekstopisca Tima Ricea (&#8220;Evita&#8221;, &#8220;\u0160ah&#8221;, Disneyevi &#8220;Ljepotica i zvijer&#8221; i &#8220;Kralj lavova&#8221;&#8230;). Njihov &#8220;Jesus Christ Superstar&#8221; jedno je od najpoznatijih i najkvalitetnijih suvremenih glazbeno-scenskih djela, koje je dosad prikazano u vi\u0161e od dvadeset zemalja svijeta i vidjelo ga je vi\u0161e od pet milijuna ljudi.<\/p>\n<p><code><code><div class='catablog-catalog'><div class=\"catablog-row catablog-gallery\">\r\n\t<a href=\"https:\/\/www.komedija.hr\/www\/wp-content\/uploads\/catablog\/originals\/scan1-3.jpg\" class=\"catablog-image\"  >\r\n\t\t<img decoding=\"async\" src=\"https:\/\/www.komedija.hr\/www\/wp-content\/uploads\/catablog\/thumbnails\/scan1-3.jpg\" alt=\"\" \/>\r\n\t\t<strong class=\"catablog-title\">scan1<\/strong>\t\r\n\t<\/a>\r\n\t<div class=\"catablog-description\"><\/div>\r\n<\/div><div class=\"catablog-row catablog-gallery\">\r\n\t<a href=\"https:\/\/www.komedija.hr\/www\/wp-content\/uploads\/catablog\/originals\/scan2-2.jpg\" class=\"catablog-image\"  >\r\n\t\t<img decoding=\"async\" src=\"https:\/\/www.komedija.hr\/www\/wp-content\/uploads\/catablog\/thumbnails\/scan2-2.jpg\" alt=\"\" \/>\r\n\t\t<strong class=\"catablog-title\">scan2<\/strong>\t\r\n\t<\/a>\r\n\t<div class=\"catablog-description\"><\/div>\r\n<\/div><div class=\"catablog-row catablog-gallery\">\r\n\t<a href=\"https:\/\/www.komedija.hr\/www\/wp-content\/uploads\/catablog\/originals\/scan3.jpg\" class=\"catablog-image\"  >\r\n\t\t<img decoding=\"async\" src=\"https:\/\/www.komedija.hr\/www\/wp-content\/uploads\/catablog\/thumbnails\/scan3.jpg\" alt=\"\" \/>\r\n\t\t<strong class=\"catablog-title\">scan3<\/strong>\t\r\n\t<\/a>\r\n\t<div class=\"catablog-description\"><\/div>\r\n<\/div><div class=\"catablog-row catablog-gallery\">\r\n\t<a href=\"https:\/\/www.komedija.hr\/www\/wp-content\/uploads\/catablog\/originals\/scan5.jpg\" class=\"catablog-image\"  >\r\n\t\t<img decoding=\"async\" src=\"https:\/\/www.komedija.hr\/www\/wp-content\/uploads\/catablog\/thumbnails\/scan5.jpg\" alt=\"\" \/>\r\n\t\t<strong class=\"catablog-title\">scan5<\/strong>\t\r\n\t<\/a>\r\n\t<div class=\"catablog-description\"><\/div>\r\n<\/div><\/div><div class='catablog-navigation'><span class='catablog-navigation-link catablog-first-page-link catablog-disabled'><\/span> <\/div><\/code><\/code><\/p>\n<p>redatelj: <a title=\"Portret umjetnika: Vlado \u0160tefan\u010di\u0107\" href=\"http:\/\/www.komedija.hr\/web\/?page_id=1177\">Vlado \u0160tefan\u010di\u0107\u00a0<\/a><br \/>\ndirigent: <a title=\"Veseljko Bare\u0161i\u0107\" href=\"http:\/\/www.komedija.hr\/web\/?page_id=1855\">Veseljko Bare\u0161i\u0107<\/a><br \/>\nscenograf: Ivo Knezovi\u0107<br \/>\nkostimografkinja: Barbara Bourek<br \/>\nkoreografkinja: Tihana \u0160krinjari\u0107\u00a0<br \/>\ndizajner rasvjete: Ivo Knezovi\u0107<br \/>\ndizajner zvuka: Mario Mavrin<br \/>\nproducent: <a title=\"Niko Pavlovi\u0107\" href=\"http:\/\/www.komedija.hr\/web\/?page_id=3751\">Niko Pavlovi\u0107<\/a><br \/>\nizvr\u0161ni producent: J\u00e1nos R\u00f6mer<br \/>\nkoproducent: Sabina Ka\u0161telan\u010di\u0107\u00a0<br \/>\nAsistent dirigenta: <a title=\"Dinko Appelt\" href=\"http:\/\/www.komedija.hr\/web\/?page_id=906\">Dinko Appelt<\/a>; asistentica koreografa: Branka Kolar; pomo\u0107nik redatelja i inspicijent: Zlatko Kelneri\u0107\u00a0<\/p>\n<p>u glavnim ulogama: Giuliano \/ Ivan Mikuli\u0107 \/ <a title=\"\u0110ani Stipani\u010dev\" href=\"http:\/\/www.komedija.hr\/web\/?page_id=1126\">\u0110ani Stipani\u010dev <\/a>(Isus), <a title=\"Ervin Bau\u010di\u0107\" href=\"http:\/\/www.komedija.hr\/web\/?page_id=1794\">Ervin Bau\u010di\u0107 <\/a>\/ Neven Pale\u010dek &#8211; Papageno \/ Dejan Cvijeti\u0107 (Juda), <a title=\"Jasna Bilu\u0161i\u0107\" href=\"http:\/\/www.komedija.hr\/web\/?page_id=919\">Jasna Bilu\u0161i\u0107 <\/a>\/ Mila Elegovi\u0107 Bali\u0107 \/ Nikita (Marija Magdalena), <a title=\"Dra\u017een \u010cu\u010dek\" href=\"http:\/\/www.komedija.hr\/web\/?page_id=937\">Dra\u017een \u010cu\u010dek <\/a>\/ Dra\u017een Bratuli\u0107 (Poncije Pilat), Branko Bla\u0107e \/ Gordan Grnovi\u0107 (Kajfa, veliki sve\u0107enik), Dario \u0160tuli\u0107 \/ Filip Vukeli\u0107 (Ana), <a title=\"Vid Balog\" href=\"http:\/\/www.komedija.hr\/web\/?page_id=921\">Vid Balog <\/a>\/ Mladen Katani\u0107 (Kralj Herod), Robert Bo\u0161kovi\u0107 \/ Donald Kup\u010dinec (Petar), <a title=\"Adam Kon\u010di\u0107\" href=\"http:\/\/www.komedija.hr\/web\/?page_id=958\">Adam Kon\u010di\u0107 <\/a>\/ Dragan Peka (\u0160imun)\u00a0<br \/>\nSudjeluju i orkestar, zbor i balet Kazali\u0161ta &#8220;Komedija&#8221;, Mje\u0161oviti zbor IV. gimnazije, \u010dlanovi &#8220;Plesne skupine Tihane \u0160krinjari\u0107&#8221;, karatisti Karate kluba &#8220;Tempo&#8221;, bodibilderi Fitness centra &#8220;Jump&#8221;\u00a0<br \/>\n\u00a0\u00a0<br \/>\nPredstava se prikazuje u Koncertnoj dvorani &#8220;Vatroslava Lisinskog&#8221;, u izvorniku (na engleskom jeziku), uz osigurano razumijevanje teksta.<\/p>\n<p>Primjerena je za sve uzraste.<br \/>\nPremijera: 1. travnja 2000.<br \/>\nPune cijene ulaznica: 100, 80, 60 kuna (Jarunfest 2003.: pretprodaja 50, na dan predstave 60 kuna).<br \/>\nTrajanje: oko 120 minuta (stanka uklju\u010dena).<br \/>\nTo\u010dna podjela glavnih uloga objavljuje se za svaku pojedinu izvedbu.\u00a0<br \/>\n&#8212;&#8212;&#8212;&#8212;&#8212;&#8212;&#8212;&#8212;&#8212;&#8212;&#8212;&#8212;&#8212;&#8212;&#8212;&#8212;&#8212;&#8212;&#8212;&#8212;&#8212;&#8212;&#8212;&#8212;&#8212;&#8212;&#8211;<\/p>\n<p>NAGRADA HRVATSKOG GLUMI\u0160TA za najbolju glazbenu predstavu u sezoni 1999.\/2000.<\/p>\n<p>NOMINACIJA Ervina Bau\u010di\u0107a za Nagradu hrvatskog glumi\u0161ta u kategoriji najboljeg mladog izvo\u0111a\u010da<\/p>\n<p>PRVO MJESTO na ljestvici organiziranih turisti\u010dkih posjeta gradu Zagrebu u godini 2000.<\/p>\n<p>NAGRADA GRADA ZAGREBA kazali\u0161tu &#8220;Komedija&#8221;, dodijeljena me\u0111u ostalim i za &#8220;realizaciju svjetskog spektakla rock opere &#8216;Jesus Christ Superstar&#8217; Andrewa Lloyda Webbera i Tima Ricea&#8221;<\/p>\n","protected":false},"excerpt":{"rendered":"<p>Kazali\u0161te &#8220;Komedija&#8221; u udru\u017eenoj produkciji i prema dogovoru s &#8220;Two Knights Rights Ltd.&#8221; Tekst: Tim Rice Glazba: Andrew Lloyd Webber &#8220;Jesus Christ Superstar&#8221; govori o posljednjih sedam dana \u017eivota Isusa iz Nazareta: osobita pozornost posve\u0107ena je odnosu obi\u010dnih ljudi prema Isusu i prema doga\u0111ajima oko njega, pri \u010demu su dva glavna predstavnika tih odnosa Juda [&hellip;]<\/p>\n","protected":false},"author":4,"featured_media":0,"parent":1659,"menu_order":0,"comment_status":"closed","ping_status":"open","template":"","meta":{"ngg_post_thumbnail":0,"footnotes":""},"class_list":["post-3987","page","type-page","status-publish","hentry"],"yoast_head":"<!-- This site is optimized with the Yoast SEO plugin v27.5 - https:\/\/yoast.com\/product\/yoast-seo-wordpress\/ -->\n<title>Jesus Christ Superstar - Kazali\u0161te Komedija<\/title>\n<meta name=\"robots\" content=\"index, follow, max-snippet:-1, max-image-preview:large, max-video-preview:-1\" \/>\n<link rel=\"canonical\" href=\"https:\/\/www.komedija.hr\/www\/arhiva-predstava\/jesus-christ-superstar\/\" \/>\n<meta property=\"og:locale\" content=\"hr_HR\" \/>\n<meta property=\"og:type\" content=\"article\" \/>\n<meta property=\"og:title\" content=\"Jesus Christ Superstar - Kazali\u0161te Komedija\" \/>\n<meta property=\"og:description\" content=\"Kazali\u0161te &#8220;Komedija&#8221; u udru\u017eenoj produkciji i prema dogovoru s &#8220;Two Knights Rights Ltd.&#8221; Tekst: Tim Rice Glazba: Andrew Lloyd Webber &#8220;Jesus Christ Superstar&#8221; govori o posljednjih sedam dana \u017eivota Isusa iz Nazareta: osobita pozornost posve\u0107ena je odnosu obi\u010dnih ljudi prema Isusu i prema doga\u0111ajima oko njega, pri \u010demu su dva glavna predstavnika tih odnosa Juda [&hellip;]\" \/>\n<meta property=\"og:url\" content=\"https:\/\/www.komedija.hr\/www\/arhiva-predstava\/jesus-christ-superstar\/\" \/>\n<meta property=\"og:site_name\" content=\"Kazali\u0161te Komedija\" \/>\n<meta property=\"article:publisher\" content=\"https:\/\/www.facebook.com\/kazaliste.komedija\/\" \/>\n<meta property=\"article:modified_time\" content=\"2013-05-15T09:12:43+00:00\" \/>\n<meta name=\"twitter:card\" content=\"summary_large_image\" \/>\n<meta name=\"twitter:site\" content=\"@KKomedija\" \/>\n<meta name=\"twitter:label1\" content=\"Procijenjeno vrijeme \u010ditanja\" \/>\n\t<meta name=\"twitter:data1\" content=\"3 minute\" \/>\n<script type=\"application\/ld+json\" class=\"yoast-schema-graph\">{\"@context\":\"https:\\\/\\\/schema.org\",\"@graph\":[{\"@type\":\"WebPage\",\"@id\":\"https:\\\/\\\/www.komedija.hr\\\/www\\\/arhiva-predstava\\\/jesus-christ-superstar\\\/\",\"url\":\"https:\\\/\\\/www.komedija.hr\\\/www\\\/arhiva-predstava\\\/jesus-christ-superstar\\\/\",\"name\":\"Jesus Christ Superstar - Kazali\u0161te Komedija\",\"isPartOf\":{\"@id\":\"http:\\\/\\\/www.komedija.hr\\\/www\\\/#website\"},\"datePublished\":\"2013-05-15T09:03:57+00:00\",\"dateModified\":\"2013-05-15T09:12:43+00:00\",\"breadcrumb\":{\"@id\":\"https:\\\/\\\/www.komedija.hr\\\/www\\\/arhiva-predstava\\\/jesus-christ-superstar\\\/#breadcrumb\"},\"inLanguage\":\"hr\",\"potentialAction\":[{\"@type\":\"ReadAction\",\"target\":[\"https:\\\/\\\/www.komedija.hr\\\/www\\\/arhiva-predstava\\\/jesus-christ-superstar\\\/\"]}]},{\"@type\":\"BreadcrumbList\",\"@id\":\"https:\\\/\\\/www.komedija.hr\\\/www\\\/arhiva-predstava\\\/jesus-christ-superstar\\\/#breadcrumb\",\"itemListElement\":[{\"@type\":\"ListItem\",\"position\":1,\"name\":\"Po\u010detna stranica\",\"item\":\"http:\\\/\\\/www.komedija.hr\\\/www\\\/\"},{\"@type\":\"ListItem\",\"position\":2,\"name\":\"Arhiva predstava\",\"item\":\"https:\\\/\\\/www.komedija.hr\\\/www\\\/arhiva-predstava\\\/\"},{\"@type\":\"ListItem\",\"position\":3,\"name\":\"Jesus Christ Superstar\"}]},{\"@type\":\"WebSite\",\"@id\":\"http:\\\/\\\/www.komedija.hr\\\/www\\\/#website\",\"url\":\"http:\\\/\\\/www.komedija.hr\\\/www\\\/\",\"name\":\"Kazali\u0161te Komedija\",\"description\":\"\",\"publisher\":{\"@id\":\"http:\\\/\\\/www.komedija.hr\\\/www\\\/#organization\"},\"potentialAction\":[{\"@type\":\"SearchAction\",\"target\":{\"@type\":\"EntryPoint\",\"urlTemplate\":\"http:\\\/\\\/www.komedija.hr\\\/www\\\/?s={search_term_string}\"},\"query-input\":{\"@type\":\"PropertyValueSpecification\",\"valueRequired\":true,\"valueName\":\"search_term_string\"}}],\"inLanguage\":\"hr\"},{\"@type\":\"Organization\",\"@id\":\"http:\\\/\\\/www.komedija.hr\\\/www\\\/#organization\",\"name\":\"Zagreba\u010dko gradsko Kazali\u0161ta Komedija\",\"url\":\"http:\\\/\\\/www.komedija.hr\\\/www\\\/\",\"logo\":{\"@type\":\"ImageObject\",\"inLanguage\":\"hr\",\"@id\":\"http:\\\/\\\/www.komedija.hr\\\/www\\\/#\\\/schema\\\/logo\\\/image\\\/\",\"url\":\"https:\\\/\\\/www.komedija.hr\\\/www\\\/wp-content\\\/uploads\\\/2020\\\/02\\\/cropped-Kazaliste_Komedija_logo_2.png\",\"contentUrl\":\"https:\\\/\\\/www.komedija.hr\\\/www\\\/wp-content\\\/uploads\\\/2020\\\/02\\\/cropped-Kazaliste_Komedija_logo_2.png\",\"width\":512,\"height\":512,\"caption\":\"Zagreba\u010dko gradsko Kazali\u0161ta Komedija\"},\"image\":{\"@id\":\"http:\\\/\\\/www.komedija.hr\\\/www\\\/#\\\/schema\\\/logo\\\/image\\\/\"},\"sameAs\":[\"https:\\\/\\\/www.facebook.com\\\/kazaliste.komedija\\\/\",\"https:\\\/\\\/x.com\\\/KKomedija\",\"https:\\\/\\\/www.instagram.com\\\/kazaliste_komedija\\\/\",\"https:\\\/\\\/www.youtube.com\\\/channel\\\/UC1NcapMYUXJW3miW_oPxT5w\\\/videos\"]}]}<\/script>\n<!-- \/ Yoast SEO plugin. -->","yoast_head_json":{"title":"Jesus Christ Superstar - Kazali\u0161te Komedija","robots":{"index":"index","follow":"follow","max-snippet":"max-snippet:-1","max-image-preview":"max-image-preview:large","max-video-preview":"max-video-preview:-1"},"canonical":"https:\/\/www.komedija.hr\/www\/arhiva-predstava\/jesus-christ-superstar\/","og_locale":"hr_HR","og_type":"article","og_title":"Jesus Christ Superstar - Kazali\u0161te Komedija","og_description":"Kazali\u0161te &#8220;Komedija&#8221; u udru\u017eenoj produkciji i prema dogovoru s &#8220;Two Knights Rights Ltd.&#8221; Tekst: Tim Rice Glazba: Andrew Lloyd Webber &#8220;Jesus Christ Superstar&#8221; govori o posljednjih sedam dana \u017eivota Isusa iz Nazareta: osobita pozornost posve\u0107ena je odnosu obi\u010dnih ljudi prema Isusu i prema doga\u0111ajima oko njega, pri \u010demu su dva glavna predstavnika tih odnosa Juda [&hellip;]","og_url":"https:\/\/www.komedija.hr\/www\/arhiva-predstava\/jesus-christ-superstar\/","og_site_name":"Kazali\u0161te Komedija","article_publisher":"https:\/\/www.facebook.com\/kazaliste.komedija\/","article_modified_time":"2013-05-15T09:12:43+00:00","twitter_card":"summary_large_image","twitter_site":"@KKomedija","twitter_misc":{"Procijenjeno vrijeme \u010ditanja":"3 minute"},"schema":{"@context":"https:\/\/schema.org","@graph":[{"@type":"WebPage","@id":"https:\/\/www.komedija.hr\/www\/arhiva-predstava\/jesus-christ-superstar\/","url":"https:\/\/www.komedija.hr\/www\/arhiva-predstava\/jesus-christ-superstar\/","name":"Jesus Christ Superstar - Kazali\u0161te Komedija","isPartOf":{"@id":"http:\/\/www.komedija.hr\/www\/#website"},"datePublished":"2013-05-15T09:03:57+00:00","dateModified":"2013-05-15T09:12:43+00:00","breadcrumb":{"@id":"https:\/\/www.komedija.hr\/www\/arhiva-predstava\/jesus-christ-superstar\/#breadcrumb"},"inLanguage":"hr","potentialAction":[{"@type":"ReadAction","target":["https:\/\/www.komedija.hr\/www\/arhiva-predstava\/jesus-christ-superstar\/"]}]},{"@type":"BreadcrumbList","@id":"https:\/\/www.komedija.hr\/www\/arhiva-predstava\/jesus-christ-superstar\/#breadcrumb","itemListElement":[{"@type":"ListItem","position":1,"name":"Po\u010detna stranica","item":"http:\/\/www.komedija.hr\/www\/"},{"@type":"ListItem","position":2,"name":"Arhiva predstava","item":"https:\/\/www.komedija.hr\/www\/arhiva-predstava\/"},{"@type":"ListItem","position":3,"name":"Jesus Christ Superstar"}]},{"@type":"WebSite","@id":"http:\/\/www.komedija.hr\/www\/#website","url":"http:\/\/www.komedija.hr\/www\/","name":"Kazali\u0161te Komedija","description":"","publisher":{"@id":"http:\/\/www.komedija.hr\/www\/#organization"},"potentialAction":[{"@type":"SearchAction","target":{"@type":"EntryPoint","urlTemplate":"http:\/\/www.komedija.hr\/www\/?s={search_term_string}"},"query-input":{"@type":"PropertyValueSpecification","valueRequired":true,"valueName":"search_term_string"}}],"inLanguage":"hr"},{"@type":"Organization","@id":"http:\/\/www.komedija.hr\/www\/#organization","name":"Zagreba\u010dko gradsko Kazali\u0161ta Komedija","url":"http:\/\/www.komedija.hr\/www\/","logo":{"@type":"ImageObject","inLanguage":"hr","@id":"http:\/\/www.komedija.hr\/www\/#\/schema\/logo\/image\/","url":"https:\/\/www.komedija.hr\/www\/wp-content\/uploads\/2020\/02\/cropped-Kazaliste_Komedija_logo_2.png","contentUrl":"https:\/\/www.komedija.hr\/www\/wp-content\/uploads\/2020\/02\/cropped-Kazaliste_Komedija_logo_2.png","width":512,"height":512,"caption":"Zagreba\u010dko gradsko Kazali\u0161ta Komedija"},"image":{"@id":"http:\/\/www.komedija.hr\/www\/#\/schema\/logo\/image\/"},"sameAs":["https:\/\/www.facebook.com\/kazaliste.komedija\/","https:\/\/x.com\/KKomedija","https:\/\/www.instagram.com\/kazaliste_komedija\/","https:\/\/www.youtube.com\/channel\/UC1NcapMYUXJW3miW_oPxT5w\/videos"]}]}},"_links":{"self":[{"href":"https:\/\/www.komedija.hr\/www\/wp-json\/wp\/v2\/pages\/3987","targetHints":{"allow":["GET"]}}],"collection":[{"href":"https:\/\/www.komedija.hr\/www\/wp-json\/wp\/v2\/pages"}],"about":[{"href":"https:\/\/www.komedija.hr\/www\/wp-json\/wp\/v2\/types\/page"}],"author":[{"embeddable":true,"href":"https:\/\/www.komedija.hr\/www\/wp-json\/wp\/v2\/users\/4"}],"replies":[{"embeddable":true,"href":"https:\/\/www.komedija.hr\/www\/wp-json\/wp\/v2\/comments?post=3987"}],"version-history":[{"count":0,"href":"https:\/\/www.komedija.hr\/www\/wp-json\/wp\/v2\/pages\/3987\/revisions"}],"up":[{"embeddable":true,"href":"https:\/\/www.komedija.hr\/www\/wp-json\/wp\/v2\/pages\/1659"}],"wp:attachment":[{"href":"https:\/\/www.komedija.hr\/www\/wp-json\/wp\/v2\/media?parent=3987"}],"curies":[{"name":"wp","href":"https:\/\/api.w.org\/{rel}","templated":true}]}}