{"id":4068,"date":"2013-05-15T12:34:01","date_gmt":"2013-05-15T10:34:01","guid":{"rendered":"http:\/\/www.komedija.hr\/web\/?page_id=4068"},"modified":"2021-05-28T20:52:18","modified_gmt":"2021-05-28T18:52:18","slug":"kosa","status":"publish","type":"page","link":"https:\/\/www.komedija.hr\/www\/arhiva-predstava\/kosa\/","title":{"rendered":"Kosa"},"content":{"rendered":"<blockquote><p>LEGENDARNI LJUBAVNO-PLEMENSKI ROCK MUSICAL<\/p>\n<p>Glazba: Galt MacDermot<br \/>\nLibreto: Gerome Ragni i James Rado<\/p>\n<p>Za Broadway producirao: Michael Butler<br \/>\nOriginalna produkcija: New York Shakespeare Festival<\/p><\/blockquote>\n<p>U osvit doba Vodenjaka sklad i razumijevanje, tolerancija i sloboda sukobljavaju se s u\u017easom i tragedijom rata i uni\u0161tavanja. Pleme hipija u njujor\u0161kom parku koristi se seksom i drogom, ali i duhom zajedni\u0161tva, radosti i ljubavi, kao sredstvom za bijeg od surove stvarnosti koju \u010dine vojni pozivi za posjet vijetnamskoj pra\u0161umi i susret sa strahom i smr\u0107u. Mladena\u010dkim buntovni\u0161tvom, protestom protiv besmisla institucija i autoriteta kao la\u017enih i opasnih bo\u017eanstava, jo\u0161 jedna generacija ulazi u povijest tra\u017ee\u0107i svoje mjesto pod suncem.<\/p>\n<p>Jo\u0161 jedan od kultnih svjetskih naslova na repertoaru Kazali\u0161ta &#8220;Komedija&#8221;. Od praizvedbe 29. travnja 1968. (na Broadwayu je repriziran vi\u0161e od 1700 puta) pa sve do danas, ovaj &#8220;ljubavno-plemenski rok mjuzikl&#8221; svojim su\u010deljavanjem generacija i mi\u0161ljenja uvijek nanovo sna\u017eno protresa emocije publike diljem svijeta. Predstavljaju\u0107i filozofiju &#8220;djece cvije\u0107a&#8221; iz \u0161ezdesetih godina pro\u0161loga stolje\u0107a, Kosa propituje i osnovne dru\u0161tvene odnose na\u0161ega vremena. S druge strane, kao prvi rock-mjuzikl (\u010dije su brojne pjesme iznimno popularne i izvan kruga kazali\u0161ne publike, a slavna je i filmska ina\u010dica Milo\u0161a Formana iz godine 1979.), ovo je djelo usmjerilo razvoj suvremenog glazbenog kazali\u0161ta.<\/p>\n<h5>Kazali\u0161te &#8220;Komedija&#8221; Kosu prikazuje prema dogovoru s TAMS-WITMARK MUSIC LIBRARY, INC., 560 Lexington Avenue, New York, New York 10022, SAD<\/h5>\n<blockquote><p>dirigent: Dinko Appelt<br \/>\nredatelj: Vlado \u0160tefan\u010di\u0107<br \/>\nscenograf: Dragutin Broz<br \/>\nkostimografkinja: Matija Vuica<br \/>\nkoreografkinja: Suzana Sliva<br \/>\ndizajner zvuka: Mario Mavrin<br \/>\ndizajnerica svjetla: Ana Mati\u010devi\u0107<br \/>\nvoditelj zbora: Dario \u0160tuli\u0107<br \/>\nproducent: Niko Pavlovi\u0107<br \/>\nizvr\u0161ni producent: J\u00e1nos R\u00f6mer<br \/>\nPomo\u0107nik izvr\u0161nog producenta: Boris \u0160tefan\u010di\u0107; pomo\u0107nica redatelja: Maria Jurjevich; pomo\u0107nik dirigenta: Du\u0161ko Zubalj; asistentica kostimografkinje: Dijana \u0160vertfajer; savjetnica za engleski jezik: Lana \u0160imuni\u0107-Skori\u0107; savjetnik za hrvatski jezik: Mihovil Dul\u010di\u0107<\/p>\n<p>solisti: <a title=\"\u0110ani Stipani\u010dev\" href=\"http:\/\/www.komedija.hr\/web\/?page_id=1126\">\u0110ani Stipani\u010dev <\/a>\/ Tomislav Lu\u010di\u0107 (Claude), Dubravko Laco \/ Sini\u0161a Magdaleni\u0107 \/ Maksim Hozi\u0107 (Berger), Vesna Pisarovi\u0107 \/ <a title=\"Vanda Winter\" href=\"http:\/\/www.komedija.hr\/web\/?page_id=1399\">Vanda Winter <\/a>\/ <a title=\"Danijela Pintari\u0107\" href=\"http:\/\/www.komedija.hr\/web\/?page_id=1105\">Danijela Pintari\u0107 <\/a>(Sheila), Boris Barberi\u0107 \/ Maksim Hozi\u0107 (Woof), Nikita \/ Christiana Uichita (Dionne), Tina Rup\u010di\u0107 \/ \u017deljka Veverec (Crissy), <a title=\"Adalbert Turner\" href=\"http:\/\/www.komedija.hr\/web\/?page_id=1879\">Adalbert Turner<\/a>\/ Mario Alajbeg (Hud), <a title=\"Larisa Marak\" href=\"http:\/\/www.komedija.hr\/web\/?page_id=1074\">Larisa Marak <\/a>\/ Suzana Ani\u0107-Anti\u0107 (Jeannie), Nikola Milat \/ Dragan Peka (Margaret, Ronnie), Branimir Gospodneti\u0107 (Hubert, Tata), Iva Gluhak \/ Slavena \u0160palj (Mama), Matko Amuli\u0107 \/ Dragan Peka \/ Boris Barberi\u0107 (Direktor)<\/p>\n<p>Uz sudjelovanje orkestra, zbora i baleta Kazali\u0161ta &#8220;Komedija&#8221; te Ansambla apsolutnog pokreta<\/p>\n<p>Premijera: 12. srpnja 2003. u sklopu Jarunfesta 2003.<br \/>\nIzvodi se u Koncertnoj dvorani Vatroslava Lisinskog.<br \/>\nPjesme se izvode na engleskom jeziku, a dijalozi na hrvatsko &#8211; engleskom \u017eargonu.<\/p>\n<p>Predstava nije primjerena mla\u0111ima od 16 godina.<br \/>\nTo\u010dna podjela glavnih uloga bit \u0107e objavljena za svaku pojedinu izvedbu.<br \/>\nCijene ulaznica (Jarunfest 2005.): 50 kn u pretprodaji, 60 kn na dan predstave.<\/p>\n<p>&nbsp;<\/p><\/blockquote>\n","protected":false},"excerpt":{"rendered":"<p>LEGENDARNI LJUBAVNO-PLEMENSKI ROCK MUSICAL Glazba: Galt MacDermot Libreto: Gerome Ragni i James Rado Za Broadway producirao: Michael Butler Originalna produkcija: New York Shakespeare Festival U osvit doba Vodenjaka sklad i razumijevanje, tolerancija i sloboda sukobljavaju se s u\u017easom i tragedijom rata i uni\u0161tavanja. Pleme hipija u njujor\u0161kom parku koristi se seksom i drogom, ali i [&hellip;]<\/p>\n","protected":false},"author":4,"featured_media":0,"parent":1659,"menu_order":0,"comment_status":"closed","ping_status":"open","template":"","meta":{"ngg_post_thumbnail":0,"footnotes":""},"class_list":["post-4068","page","type-page","status-publish","hentry"],"yoast_head":"<!-- This site is optimized with the Yoast SEO plugin v27.6 - https:\/\/yoast.com\/product\/yoast-seo-wordpress\/ -->\n<title>Kosa - Kazali\u0161te Komedija<\/title>\n<meta name=\"robots\" content=\"index, follow, max-snippet:-1, max-image-preview:large, max-video-preview:-1\" \/>\n<link rel=\"canonical\" href=\"https:\/\/www.komedija.hr\/www\/arhiva-predstava\/kosa\/\" \/>\n<meta property=\"og:locale\" content=\"hr_HR\" \/>\n<meta property=\"og:type\" content=\"article\" \/>\n<meta property=\"og:title\" content=\"Kosa - Kazali\u0161te Komedija\" \/>\n<meta property=\"og:description\" content=\"LEGENDARNI LJUBAVNO-PLEMENSKI ROCK MUSICAL Glazba: Galt MacDermot Libreto: Gerome Ragni i James Rado Za Broadway producirao: Michael Butler Originalna produkcija: New York Shakespeare Festival U osvit doba Vodenjaka sklad i razumijevanje, tolerancija i sloboda sukobljavaju se s u\u017easom i tragedijom rata i uni\u0161tavanja. Pleme hipija u njujor\u0161kom parku koristi se seksom i drogom, ali i [&hellip;]\" \/>\n<meta property=\"og:url\" content=\"https:\/\/www.komedija.hr\/www\/arhiva-predstava\/kosa\/\" \/>\n<meta property=\"og:site_name\" content=\"Kazali\u0161te Komedija\" \/>\n<meta property=\"article:publisher\" content=\"https:\/\/www.facebook.com\/kazaliste.komedija\/\" \/>\n<meta property=\"article:modified_time\" content=\"2021-05-28T18:52:18+00:00\" \/>\n<meta name=\"twitter:card\" content=\"summary_large_image\" \/>\n<meta name=\"twitter:site\" content=\"@KKomedija\" \/>\n<meta name=\"twitter:label1\" content=\"Procijenjeno vrijeme \u010ditanja\" \/>\n\t<meta name=\"twitter:data1\" content=\"2 minute\" \/>\n<script type=\"application\/ld+json\" class=\"yoast-schema-graph\">{\"@context\":\"https:\\\/\\\/schema.org\",\"@graph\":[{\"@type\":\"WebPage\",\"@id\":\"https:\\\/\\\/www.komedija.hr\\\/www\\\/arhiva-predstava\\\/kosa\\\/\",\"url\":\"https:\\\/\\\/www.komedija.hr\\\/www\\\/arhiva-predstava\\\/kosa\\\/\",\"name\":\"Kosa - Kazali\u0161te Komedija\",\"isPartOf\":{\"@id\":\"http:\\\/\\\/www.komedija.hr\\\/www\\\/#website\"},\"datePublished\":\"2013-05-15T10:34:01+00:00\",\"dateModified\":\"2021-05-28T18:52:18+00:00\",\"breadcrumb\":{\"@id\":\"https:\\\/\\\/www.komedija.hr\\\/www\\\/arhiva-predstava\\\/kosa\\\/#breadcrumb\"},\"inLanguage\":\"hr\",\"potentialAction\":[{\"@type\":\"ReadAction\",\"target\":[\"https:\\\/\\\/www.komedija.hr\\\/www\\\/arhiva-predstava\\\/kosa\\\/\"]}]},{\"@type\":\"BreadcrumbList\",\"@id\":\"https:\\\/\\\/www.komedija.hr\\\/www\\\/arhiva-predstava\\\/kosa\\\/#breadcrumb\",\"itemListElement\":[{\"@type\":\"ListItem\",\"position\":1,\"name\":\"Po\u010detna stranica\",\"item\":\"http:\\\/\\\/www.komedija.hr\\\/www\\\/\"},{\"@type\":\"ListItem\",\"position\":2,\"name\":\"Arhiva predstava\",\"item\":\"https:\\\/\\\/www.komedija.hr\\\/www\\\/arhiva-predstava\\\/\"},{\"@type\":\"ListItem\",\"position\":3,\"name\":\"Kosa\"}]},{\"@type\":\"WebSite\",\"@id\":\"http:\\\/\\\/www.komedija.hr\\\/www\\\/#website\",\"url\":\"http:\\\/\\\/www.komedija.hr\\\/www\\\/\",\"name\":\"Kazali\u0161te Komedija\",\"description\":\"\",\"publisher\":{\"@id\":\"http:\\\/\\\/www.komedija.hr\\\/www\\\/#organization\"},\"potentialAction\":[{\"@type\":\"SearchAction\",\"target\":{\"@type\":\"EntryPoint\",\"urlTemplate\":\"http:\\\/\\\/www.komedija.hr\\\/www\\\/?s={search_term_string}\"},\"query-input\":{\"@type\":\"PropertyValueSpecification\",\"valueRequired\":true,\"valueName\":\"search_term_string\"}}],\"inLanguage\":\"hr\"},{\"@type\":\"Organization\",\"@id\":\"http:\\\/\\\/www.komedija.hr\\\/www\\\/#organization\",\"name\":\"Zagreba\u010dko gradsko Kazali\u0161ta Komedija\",\"url\":\"http:\\\/\\\/www.komedija.hr\\\/www\\\/\",\"logo\":{\"@type\":\"ImageObject\",\"inLanguage\":\"hr\",\"@id\":\"http:\\\/\\\/www.komedija.hr\\\/www\\\/#\\\/schema\\\/logo\\\/image\\\/\",\"url\":\"https:\\\/\\\/www.komedija.hr\\\/www\\\/wp-content\\\/uploads\\\/2020\\\/02\\\/cropped-Kazaliste_Komedija_logo_2.png\",\"contentUrl\":\"https:\\\/\\\/www.komedija.hr\\\/www\\\/wp-content\\\/uploads\\\/2020\\\/02\\\/cropped-Kazaliste_Komedija_logo_2.png\",\"width\":512,\"height\":512,\"caption\":\"Zagreba\u010dko gradsko Kazali\u0161ta Komedija\"},\"image\":{\"@id\":\"http:\\\/\\\/www.komedija.hr\\\/www\\\/#\\\/schema\\\/logo\\\/image\\\/\"},\"sameAs\":[\"https:\\\/\\\/www.facebook.com\\\/kazaliste.komedija\\\/\",\"https:\\\/\\\/x.com\\\/KKomedija\",\"https:\\\/\\\/www.instagram.com\\\/kazaliste_komedija\\\/\",\"https:\\\/\\\/www.youtube.com\\\/channel\\\/UC1NcapMYUXJW3miW_oPxT5w\\\/videos\"]}]}<\/script>\n<!-- \/ Yoast SEO plugin. -->","yoast_head_json":{"title":"Kosa - Kazali\u0161te Komedija","robots":{"index":"index","follow":"follow","max-snippet":"max-snippet:-1","max-image-preview":"max-image-preview:large","max-video-preview":"max-video-preview:-1"},"canonical":"https:\/\/www.komedija.hr\/www\/arhiva-predstava\/kosa\/","og_locale":"hr_HR","og_type":"article","og_title":"Kosa - Kazali\u0161te Komedija","og_description":"LEGENDARNI LJUBAVNO-PLEMENSKI ROCK MUSICAL Glazba: Galt MacDermot Libreto: Gerome Ragni i James Rado Za Broadway producirao: Michael Butler Originalna produkcija: New York Shakespeare Festival U osvit doba Vodenjaka sklad i razumijevanje, tolerancija i sloboda sukobljavaju se s u\u017easom i tragedijom rata i uni\u0161tavanja. Pleme hipija u njujor\u0161kom parku koristi se seksom i drogom, ali i [&hellip;]","og_url":"https:\/\/www.komedija.hr\/www\/arhiva-predstava\/kosa\/","og_site_name":"Kazali\u0161te Komedija","article_publisher":"https:\/\/www.facebook.com\/kazaliste.komedija\/","article_modified_time":"2021-05-28T18:52:18+00:00","twitter_card":"summary_large_image","twitter_site":"@KKomedija","twitter_misc":{"Procijenjeno vrijeme \u010ditanja":"2 minute"},"schema":{"@context":"https:\/\/schema.org","@graph":[{"@type":"WebPage","@id":"https:\/\/www.komedija.hr\/www\/arhiva-predstava\/kosa\/","url":"https:\/\/www.komedija.hr\/www\/arhiva-predstava\/kosa\/","name":"Kosa - Kazali\u0161te Komedija","isPartOf":{"@id":"http:\/\/www.komedija.hr\/www\/#website"},"datePublished":"2013-05-15T10:34:01+00:00","dateModified":"2021-05-28T18:52:18+00:00","breadcrumb":{"@id":"https:\/\/www.komedija.hr\/www\/arhiva-predstava\/kosa\/#breadcrumb"},"inLanguage":"hr","potentialAction":[{"@type":"ReadAction","target":["https:\/\/www.komedija.hr\/www\/arhiva-predstava\/kosa\/"]}]},{"@type":"BreadcrumbList","@id":"https:\/\/www.komedija.hr\/www\/arhiva-predstava\/kosa\/#breadcrumb","itemListElement":[{"@type":"ListItem","position":1,"name":"Po\u010detna stranica","item":"http:\/\/www.komedija.hr\/www\/"},{"@type":"ListItem","position":2,"name":"Arhiva predstava","item":"https:\/\/www.komedija.hr\/www\/arhiva-predstava\/"},{"@type":"ListItem","position":3,"name":"Kosa"}]},{"@type":"WebSite","@id":"http:\/\/www.komedija.hr\/www\/#website","url":"http:\/\/www.komedija.hr\/www\/","name":"Kazali\u0161te Komedija","description":"","publisher":{"@id":"http:\/\/www.komedija.hr\/www\/#organization"},"potentialAction":[{"@type":"SearchAction","target":{"@type":"EntryPoint","urlTemplate":"http:\/\/www.komedija.hr\/www\/?s={search_term_string}"},"query-input":{"@type":"PropertyValueSpecification","valueRequired":true,"valueName":"search_term_string"}}],"inLanguage":"hr"},{"@type":"Organization","@id":"http:\/\/www.komedija.hr\/www\/#organization","name":"Zagreba\u010dko gradsko Kazali\u0161ta Komedija","url":"http:\/\/www.komedija.hr\/www\/","logo":{"@type":"ImageObject","inLanguage":"hr","@id":"http:\/\/www.komedija.hr\/www\/#\/schema\/logo\/image\/","url":"https:\/\/www.komedija.hr\/www\/wp-content\/uploads\/2020\/02\/cropped-Kazaliste_Komedija_logo_2.png","contentUrl":"https:\/\/www.komedija.hr\/www\/wp-content\/uploads\/2020\/02\/cropped-Kazaliste_Komedija_logo_2.png","width":512,"height":512,"caption":"Zagreba\u010dko gradsko Kazali\u0161ta Komedija"},"image":{"@id":"http:\/\/www.komedija.hr\/www\/#\/schema\/logo\/image\/"},"sameAs":["https:\/\/www.facebook.com\/kazaliste.komedija\/","https:\/\/x.com\/KKomedija","https:\/\/www.instagram.com\/kazaliste_komedija\/","https:\/\/www.youtube.com\/channel\/UC1NcapMYUXJW3miW_oPxT5w\/videos"]}]}},"_links":{"self":[{"href":"https:\/\/www.komedija.hr\/www\/wp-json\/wp\/v2\/pages\/4068","targetHints":{"allow":["GET"]}}],"collection":[{"href":"https:\/\/www.komedija.hr\/www\/wp-json\/wp\/v2\/pages"}],"about":[{"href":"https:\/\/www.komedija.hr\/www\/wp-json\/wp\/v2\/types\/page"}],"author":[{"embeddable":true,"href":"https:\/\/www.komedija.hr\/www\/wp-json\/wp\/v2\/users\/4"}],"replies":[{"embeddable":true,"href":"https:\/\/www.komedija.hr\/www\/wp-json\/wp\/v2\/comments?post=4068"}],"version-history":[{"count":0,"href":"https:\/\/www.komedija.hr\/www\/wp-json\/wp\/v2\/pages\/4068\/revisions"}],"up":[{"embeddable":true,"href":"https:\/\/www.komedija.hr\/www\/wp-json\/wp\/v2\/pages\/1659"}],"wp:attachment":[{"href":"https:\/\/www.komedija.hr\/www\/wp-json\/wp\/v2\/media?parent=4068"}],"curies":[{"name":"wp","href":"https:\/\/api.w.org\/{rel}","templated":true}]}}