{"id":4076,"date":"2013-05-16T09:00:23","date_gmt":"2013-05-16T07:00:23","guid":{"rendered":"http:\/\/www.komedija.hr\/web\/?page_id=4076"},"modified":"2013-05-16T09:34:12","modified_gmt":"2013-05-16T07:34:12","slug":"jalta-jalta-197172","status":"publish","type":"page","link":"https:\/\/www.komedija.hr\/www\/arhiva-predstava\/jalta-jalta-197172\/","title":{"rendered":"Jalta, Jalta (1971\/72.)"},"content":{"rendered":"<blockquote><p><strong>Praizvedba i premijera produkcije:<\/strong> 28. prosinca 1971.<br \/>\n<strong>Posljednja izvedba produkcije:<\/strong> 11. velja\u010de 1994.<br \/>\n<strong>Produkcija ukupno:<\/strong> 534 predstave, 320.413 gledatelja<\/p><\/blockquote>\n<p>Jalta, velja\u010da 1945. Ona glasovita konferencije na kojoj su Staljin, Churchill i Roosevelt dijelili svijet. S dr\u017eavnicima na Jaltu stigla su tri njihova sobara: Rus Gri\u0161a, Englez Stanley i amerikanac Larry. Oni su zadu\u017eeni da \u010duvaju i zra\u010de rublje \u0161efova triju svjetskih velesila.Sobari su smje\u0161teni u staroj vili Aramovski u kojoj domarka Nina Filipovna vodi brigu da se \u017eivi u slozi i prijateljstvu. Me\u0111utim, jednako kao i njihovi \u0161efovi, i sobari nemaju jedan u drugog povjerenja. Oni, naime, tako\u0111er dijele svijet i mo\u017eda bi ga nekako uspjeli &#8220;podijeliti&#8221; kad ne bi bilo &#8220;zelene livade&#8221;, malog komadi\u0107a zemaljske kugle koji se nalazi na Antarktiku i o kojem \u0161efovi velikih sila ne znaju ni\u0161ta. Nina izmiruje sobare: sve dijeli na tri dijela, pa \u010dak i granu na kojoj se vje\u0161a rublje. No, ba\u0161 zbog te grane dolazi do otvorenog sukoba. Naime, Gri\u0161a kriomice vje\u0161a rublje po cijeloj grani. Njegove kolege uhvate ga na djelu i dolazi do velike gu\u017eve. Prijeti opasnost da sobari napuste vilu Aramovski. Nina intervenira. Odlu\u010di se da bude nje\u017ena sa svakim od njih. Otkrije se da je Nina bila nje\u017ena samo prema Englezu i Amrikancu. Gri\u0161a pobjesni. Dolazi do otvorenog obra\u010duna me\u0111u sobarima. Dvoboj.<br \/>\nI dok traje gu\u017eva i tu\u010da, jedna bomba koja se nalazila u vrtu vile, aktivira se. Po\u010dinje se okretati, pi\u0161tati, dimiti&#8230; Agenti i generali \u017eele znati sve o &#8220;zelenoj livadi&#8221;. Sobari \u0161ute. Generali ih uvjeravaju da nemaju namjeru dijeliti livadu, sretni \u0161to postoji komadi\u0107 zemlje koji nikome ne pripada i kojega nitko ne\u0107e dijeliti. Nina se sa sobarima dogovara da \u0107e jednoga dana svi zajedno oti\u0107i na &#8220;zelenu livadu&#8221;. A mo\u017eda jednoga dana cijeli svijet postane zelena livada\u2026<\/p>\n<p><code><code><div class='catablog-catalog'><div class=\"catablog-row catablog-gallery\">\r\n\t<a href=\"https:\/\/www.komedija.hr\/www\/wp-content\/uploads\/catablog\/originals\/arhjalta2.jpg\" class=\"catablog-image\"  >\r\n\t\t<img decoding=\"async\" src=\"https:\/\/www.komedija.hr\/www\/wp-content\/uploads\/catablog\/thumbnails\/arhjalta2.jpg\" alt=\"\" \/>\r\n\t\t<strong class=\"catablog-title\">arhjalta2<\/strong>\t\r\n\t<\/a>\r\n\t<div class=\"catablog-description\"><\/div>\r\n<\/div><div class=\"catablog-row catablog-gallery\">\r\n\t<a href=\"https:\/\/www.komedija.hr\/www\/wp-content\/uploads\/catablog\/originals\/arhjalta3.jpg\" class=\"catablog-image\"  >\r\n\t\t<img decoding=\"async\" src=\"https:\/\/www.komedija.hr\/www\/wp-content\/uploads\/catablog\/thumbnails\/arhjalta3.jpg\" alt=\"\" \/>\r\n\t\t<strong class=\"catablog-title\">arhjalta3<\/strong>\t\r\n\t<\/a>\r\n\t<div class=\"catablog-description\"><\/div>\r\n<\/div><div class=\"catablog-row catablog-gallery\">\r\n\t<a href=\"https:\/\/www.komedija.hr\/www\/wp-content\/uploads\/catablog\/originals\/arhjalta4.jpg\" class=\"catablog-image\"  >\r\n\t\t<img decoding=\"async\" src=\"https:\/\/www.komedija.hr\/www\/wp-content\/uploads\/catablog\/thumbnails\/arhjalta4.jpg\" alt=\"\" \/>\r\n\t\t<strong class=\"catablog-title\">arhjalta4<\/strong>\t\r\n\t<\/a>\r\n\t<div class=\"catablog-description\"><\/div>\r\n<\/div><div class=\"catablog-row catablog-gallery\">\r\n\t<a href=\"https:\/\/www.komedija.hr\/www\/wp-content\/uploads\/catablog\/originals\/arhjalta6.jpg\" class=\"catablog-image\"  >\r\n\t\t<img decoding=\"async\" src=\"https:\/\/www.komedija.hr\/www\/wp-content\/uploads\/catablog\/thumbnails\/arhjalta6.jpg\" alt=\"\" \/>\r\n\t\t<strong class=\"catablog-title\">arhjalta6<\/strong>\t\r\n\t<\/a>\r\n\t<div class=\"catablog-description\"><\/div>\r\n<\/div><div class=\"catablog-row catablog-gallery\">\r\n\t<a href=\"https:\/\/www.komedija.hr\/www\/wp-content\/uploads\/catablog\/originals\/arhjalta.jpg\" class=\"catablog-image\"  >\r\n\t\t<img decoding=\"async\" src=\"https:\/\/www.komedija.hr\/www\/wp-content\/uploads\/catablog\/thumbnails\/arhjalta.jpg\" alt=\"\" \/>\r\n\t\t<strong class=\"catablog-title\">arhjalta<\/strong>\t\r\n\t<\/a>\r\n\t<div class=\"catablog-description\"><\/div>\r\n<\/div><div class=\"catablog-row catablog-gallery\">\r\n\t<a href=\"https:\/\/www.komedija.hr\/www\/wp-content\/uploads\/catablog\/originals\/arhjaltansl.jpg\" class=\"catablog-image\"  >\r\n\t\t<img decoding=\"async\" src=\"https:\/\/www.komedija.hr\/www\/wp-content\/uploads\/catablog\/thumbnails\/arhjaltansl.jpg\" alt=\"\" \/>\r\n\t\t<strong class=\"catablog-title\">arhjaltansl<\/strong>\t\r\n\t<\/a>\r\n\t<div class=\"catablog-description\"><\/div>\r\n<\/div><div class=\"catablog-row catablog-gallery\">\r\n\t<a href=\"https:\/\/www.komedija.hr\/www\/wp-content\/uploads\/catablog\/originals\/jalta.jpg\" class=\"catablog-image\"  >\r\n\t\t<img decoding=\"async\" src=\"https:\/\/www.komedija.hr\/www\/wp-content\/uploads\/catablog\/thumbnails\/jalta.jpg\" alt=\"\" \/>\r\n\t\t<strong class=\"catablog-title\">jalta<\/strong>\t\r\n\t<\/a>\r\n\t<div class=\"catablog-description\"><\/div>\r\n<\/div><\/div><div class='catablog-navigation'><span class='catablog-navigation-link catablog-first-page-link catablog-disabled'><\/span> <\/div><\/code><\/code><\/p>\n<blockquote><p>libreto: Milan Grgi\u0107\u00a0<br \/>\nglazba: Alfi Kabiljo\u00a0<br \/>\nredatelj: <a title=\"Portret umjetnika: Vlado \u0160tefan\u010di\u0107\" href=\"http:\/\/www.komedija.hr\/web\/?page_id=1177\">Vlado \u0160tefan\u010di\u0107\u00a0 <\/a><br \/>\ndirigenti: Alfi Kabiljo i Ferdo Pomykalo\u00a0<br \/>\nscenograf: Du\u0161ko Jeri\u010devi\u0107\u00a0<br \/>\nkostimograf: Ksenija Jeri\u010devi\u0107\u00a0<br \/>\nkoreograf: Tihana \u0160krinjari\u0107\u00a0<br \/>\nkorepetitor: prof. Stanko \u0160imuni\u0107, lektor za ruski jezik prof. Marija Mileti\u0107, lektor za engleski jezik Peter Robinson<\/p>\n<p>igrali su: <span style=\"text-decoration: underline;\">Sanda Langerholz<\/span> (Nina Filipovna, domarka vile Aramovski), <span style=\"text-decoration: underline;\">Boris Pavleni\u0107<\/span> (Gri\u0161a, ruski sobar), <span style=\"text-decoration: underline;\">Richard Simonelli<\/span> (Larry, ameri\u010dki sobar), <span style=\"text-decoration: underline;\">Vlado Krstulovi\u0107<\/span> (Stanley, engleski sobar), <span style=\"text-decoration: underline;\">Ivona Gruenbaum\/Marija Geml\/Smiljka Bencet <\/span>(Marfa, slu\u0161kinja u vili Aramovski), <span style=\"text-decoration: underline;\">Lukrecija Bre\u0161kovi\u0107<\/span> Opalk (brigadirka), <span style=\"text-decoration: underline;\">Josip Fi\u0161er<\/span> (Samuel, sluga u vili Aramovski), <span style=\"text-decoration: underline;\">Mato Jeli\u0107<\/span> (Ruski general), <span style=\"text-decoration: underline;\">Tedy Soto\u0161ek\/Branko Kubik\/Vlado Kova\u010di\u0107<\/span> (Ameri\u010dki general), <span style=\"text-decoration: underline;\">Vladimir Leib\/Vladimir Puhalo\/Eugen Franjkovi\u0107<\/span> (Engleski general), <span style=\"text-decoration: underline;\">Aleksandar Gruenbaum\/<a title=\"Ljubo Ze\u010devi\u0107\" href=\"http:\/\/www.komedija.hr\/web\/?page_id=1395\">Ljubo Ze\u010devi\u0107<\/a><\/span> (Tomakejev, \u0161ef ruskih generala), <span style=\"text-decoration: underline;\">Ivica Kunej\/Vladimir Puhalo\/Darko Sri\u0107a<\/span> (Macky, \u0161ef ameri\u010dkih agenata), <span style=\"text-decoration: underline;\">Martin Sagner\/<a title=\"Nedim Prohi\u0107\" href=\"http:\/\/www.komedija.hr\/web\/?page_id=1118\">Nedim Prohi\u0107<\/a><\/span> (Petronius, \u0161ef engleskih agenata)\u00a0Uz sudjelovanje Zbora i orkestra Kazali\u0161ta &#8220;Komedija&#8221;, Studija za suvremeni ples i instrumentalnog sastava L.P.&amp;S.<\/p><\/blockquote>\n<p>Redatelju <a title=\"Portret umjetnika: Vlado \u0160tefan\u010di\u0107\" href=\"http:\/\/www.komedija.hr\/web\/?page_id=1177\">VLADI \u0160TEFAN\u010cI\u0106U <\/a>godine 1973. dodijeljena je Nagrada Grada Zagreba za re\u017eije prvih doma\u0107ih mjuzikla &#8220;Jalta, Jalta&#8221; i &#8220;Dundo Maroje 72&#8221;<\/p>\n<p>U sezoni 1980.\/1981. obnovljeni su scena i kostimi. Autorski tim obnove: redatelj <a title=\"Portret umjetnika: Vlado \u0160tefan\u010di\u0107\" href=\"http:\/\/www.komedija.hr\/web\/?page_id=1177\">Vlado \u0160tefan\u010di\u0107<\/a>, dirigenti Alfi Kabiljo i <a title=\"Veseljko Bare\u0161i\u0107\" href=\"http:\/\/www.komedija.hr\/web\/?page_id=1855\">Veseljko Bare\u0161i\u0107<\/a>, scenograf Zvonko \u0160uler, kostimografi Ksenija Jeri\u010devi\u0107 i Doris Kristi\u0107, koreografkinja Tihana \u0160krinjari\u0107, zborovo\u0111a Branko Starc<\/p>\n<hr noshade=\"noshade\" size=\"1\" \/>\n<p><strong>MP3 DOWNLOAD:<\/strong><br \/>\n<a href=\"http:\/\/www.komedija.hr\/mp3\/jalta_svijet-rekl.mp3\" target=\"_blank\">NEKA CIJELI SVIJET <\/a>(reklamni isje\u010dak 1&#8217;04&#8221;, 1.106 kB) S. Miladinov &#8211; Langerholz, zbor ZGK &#8220;Komedija&#8221; i Revijski orkestar HRT-a. Dirigent A. Kabiljo.<br \/>\n<a href=\"http:\/\/www.komedija.hr\/mp3\/jalta_sutra-rekl.mp3\" target=\"_blank\">\u0160TO \u0106E BITI SUTRA <\/a>(reklamni isje\u010dak 1&#8217;06&#8221;, 1.180 kB) S. Miladinov &#8211; Langerholz, zbor ZGK &#8220;Komedija&#8221; i Revijski orkestar<\/p>\n<hr noshade=\"noshade\" size=\"1\" \/>\n<p><span style=\"font-family: Arial, Helvetica, sans-serif; color: #808080; font-size: x-small;\">NAPOMENA: Stranice ove predstave pripadaju arhivi &#8211; podaci su zadnji put a\u017eurirani kad je predstava bila na repertoaru Kazali\u0161ta. (Iznimka su linkovi na biografije trenutno aktivnih \u010dlanova Komedijinog ansambla.) Molimo da nas obavijestite ako primijetite neki neispravni link. Hvala! <\/span><\/p>\n<p>&nbsp;<\/p>\n<p>&nbsp;<\/p>\n","protected":false},"excerpt":{"rendered":"<p>Praizvedba i premijera produkcije: 28. prosinca 1971. Posljednja izvedba produkcije: 11. velja\u010de 1994. Produkcija ukupno: 534 predstave, 320.413 gledatelja Jalta, velja\u010da 1945. Ona glasovita konferencije na kojoj su Staljin, Churchill i Roosevelt dijelili svijet. S dr\u017eavnicima na Jaltu stigla su tri njihova sobara: Rus Gri\u0161a, Englez Stanley i amerikanac Larry. Oni su zadu\u017eeni da \u010duvaju [&hellip;]<\/p>\n","protected":false},"author":4,"featured_media":0,"parent":1659,"menu_order":0,"comment_status":"closed","ping_status":"open","template":"","meta":{"ngg_post_thumbnail":0,"footnotes":""},"class_list":["post-4076","page","type-page","status-publish","hentry"],"yoast_head":"<!-- This site is optimized with the Yoast SEO plugin v27.4 - https:\/\/yoast.com\/product\/yoast-seo-wordpress\/ -->\n<title>Jalta, Jalta (1971\/72.) - Kazali\u0161te Komedija<\/title>\n<meta name=\"robots\" content=\"index, follow, max-snippet:-1, max-image-preview:large, max-video-preview:-1\" \/>\n<link rel=\"canonical\" href=\"https:\/\/www.komedija.hr\/www\/arhiva-predstava\/jalta-jalta-197172\/\" \/>\n<meta property=\"og:locale\" content=\"hr_HR\" \/>\n<meta property=\"og:type\" content=\"article\" \/>\n<meta property=\"og:title\" content=\"Jalta, Jalta (1971\/72.) - Kazali\u0161te Komedija\" \/>\n<meta property=\"og:description\" content=\"Praizvedba i premijera produkcije: 28. prosinca 1971. Posljednja izvedba produkcije: 11. velja\u010de 1994. Produkcija ukupno: 534 predstave, 320.413 gledatelja Jalta, velja\u010da 1945. Ona glasovita konferencije na kojoj su Staljin, Churchill i Roosevelt dijelili svijet. S dr\u017eavnicima na Jaltu stigla su tri njihova sobara: Rus Gri\u0161a, Englez Stanley i amerikanac Larry. Oni su zadu\u017eeni da \u010duvaju [&hellip;]\" \/>\n<meta property=\"og:url\" content=\"https:\/\/www.komedija.hr\/www\/arhiva-predstava\/jalta-jalta-197172\/\" \/>\n<meta property=\"og:site_name\" content=\"Kazali\u0161te Komedija\" \/>\n<meta property=\"article:publisher\" content=\"https:\/\/www.facebook.com\/kazaliste.komedija\/\" \/>\n<meta property=\"article:modified_time\" content=\"2013-05-16T07:34:12+00:00\" \/>\n<meta name=\"twitter:card\" content=\"summary_large_image\" \/>\n<meta name=\"twitter:site\" content=\"@KKomedija\" \/>\n<meta name=\"twitter:label1\" content=\"Procijenjeno vrijeme \u010ditanja\" \/>\n\t<meta name=\"twitter:data1\" content=\"3 minute\" \/>\n<script type=\"application\/ld+json\" class=\"yoast-schema-graph\">{\"@context\":\"https:\\\/\\\/schema.org\",\"@graph\":[{\"@type\":\"WebPage\",\"@id\":\"https:\\\/\\\/www.komedija.hr\\\/www\\\/arhiva-predstava\\\/jalta-jalta-197172\\\/\",\"url\":\"https:\\\/\\\/www.komedija.hr\\\/www\\\/arhiva-predstava\\\/jalta-jalta-197172\\\/\",\"name\":\"Jalta, Jalta (1971\\\/72.) - Kazali\u0161te Komedija\",\"isPartOf\":{\"@id\":\"http:\\\/\\\/www.komedija.hr\\\/www\\\/#website\"},\"datePublished\":\"2013-05-16T07:00:23+00:00\",\"dateModified\":\"2013-05-16T07:34:12+00:00\",\"breadcrumb\":{\"@id\":\"https:\\\/\\\/www.komedija.hr\\\/www\\\/arhiva-predstava\\\/jalta-jalta-197172\\\/#breadcrumb\"},\"inLanguage\":\"hr\",\"potentialAction\":[{\"@type\":\"ReadAction\",\"target\":[\"https:\\\/\\\/www.komedija.hr\\\/www\\\/arhiva-predstava\\\/jalta-jalta-197172\\\/\"]}]},{\"@type\":\"BreadcrumbList\",\"@id\":\"https:\\\/\\\/www.komedija.hr\\\/www\\\/arhiva-predstava\\\/jalta-jalta-197172\\\/#breadcrumb\",\"itemListElement\":[{\"@type\":\"ListItem\",\"position\":1,\"name\":\"Po\u010detna stranica\",\"item\":\"http:\\\/\\\/www.komedija.hr\\\/www\\\/\"},{\"@type\":\"ListItem\",\"position\":2,\"name\":\"Arhiva predstava\",\"item\":\"https:\\\/\\\/www.komedija.hr\\\/www\\\/arhiva-predstava\\\/\"},{\"@type\":\"ListItem\",\"position\":3,\"name\":\"Jalta, Jalta (1971\\\/72.)\"}]},{\"@type\":\"WebSite\",\"@id\":\"http:\\\/\\\/www.komedija.hr\\\/www\\\/#website\",\"url\":\"http:\\\/\\\/www.komedija.hr\\\/www\\\/\",\"name\":\"Kazali\u0161te Komedija\",\"description\":\"\",\"publisher\":{\"@id\":\"http:\\\/\\\/www.komedija.hr\\\/www\\\/#organization\"},\"potentialAction\":[{\"@type\":\"SearchAction\",\"target\":{\"@type\":\"EntryPoint\",\"urlTemplate\":\"http:\\\/\\\/www.komedija.hr\\\/www\\\/?s={search_term_string}\"},\"query-input\":{\"@type\":\"PropertyValueSpecification\",\"valueRequired\":true,\"valueName\":\"search_term_string\"}}],\"inLanguage\":\"hr\"},{\"@type\":\"Organization\",\"@id\":\"http:\\\/\\\/www.komedija.hr\\\/www\\\/#organization\",\"name\":\"Zagreba\u010dko gradsko Kazali\u0161ta Komedija\",\"url\":\"http:\\\/\\\/www.komedija.hr\\\/www\\\/\",\"logo\":{\"@type\":\"ImageObject\",\"inLanguage\":\"hr\",\"@id\":\"http:\\\/\\\/www.komedija.hr\\\/www\\\/#\\\/schema\\\/logo\\\/image\\\/\",\"url\":\"https:\\\/\\\/www.komedija.hr\\\/www\\\/wp-content\\\/uploads\\\/2020\\\/02\\\/cropped-Kazaliste_Komedija_logo_2.png\",\"contentUrl\":\"https:\\\/\\\/www.komedija.hr\\\/www\\\/wp-content\\\/uploads\\\/2020\\\/02\\\/cropped-Kazaliste_Komedija_logo_2.png\",\"width\":512,\"height\":512,\"caption\":\"Zagreba\u010dko gradsko Kazali\u0161ta Komedija\"},\"image\":{\"@id\":\"http:\\\/\\\/www.komedija.hr\\\/www\\\/#\\\/schema\\\/logo\\\/image\\\/\"},\"sameAs\":[\"https:\\\/\\\/www.facebook.com\\\/kazaliste.komedija\\\/\",\"https:\\\/\\\/x.com\\\/KKomedija\",\"https:\\\/\\\/www.instagram.com\\\/kazaliste_komedija\\\/\",\"https:\\\/\\\/www.youtube.com\\\/channel\\\/UC1NcapMYUXJW3miW_oPxT5w\\\/videos\"]}]}<\/script>\n<!-- \/ Yoast SEO plugin. -->","yoast_head_json":{"title":"Jalta, Jalta (1971\/72.) - Kazali\u0161te Komedija","robots":{"index":"index","follow":"follow","max-snippet":"max-snippet:-1","max-image-preview":"max-image-preview:large","max-video-preview":"max-video-preview:-1"},"canonical":"https:\/\/www.komedija.hr\/www\/arhiva-predstava\/jalta-jalta-197172\/","og_locale":"hr_HR","og_type":"article","og_title":"Jalta, Jalta (1971\/72.) - Kazali\u0161te Komedija","og_description":"Praizvedba i premijera produkcije: 28. prosinca 1971. Posljednja izvedba produkcije: 11. velja\u010de 1994. Produkcija ukupno: 534 predstave, 320.413 gledatelja Jalta, velja\u010da 1945. Ona glasovita konferencije na kojoj su Staljin, Churchill i Roosevelt dijelili svijet. S dr\u017eavnicima na Jaltu stigla su tri njihova sobara: Rus Gri\u0161a, Englez Stanley i amerikanac Larry. Oni su zadu\u017eeni da \u010duvaju [&hellip;]","og_url":"https:\/\/www.komedija.hr\/www\/arhiva-predstava\/jalta-jalta-197172\/","og_site_name":"Kazali\u0161te Komedija","article_publisher":"https:\/\/www.facebook.com\/kazaliste.komedija\/","article_modified_time":"2013-05-16T07:34:12+00:00","twitter_card":"summary_large_image","twitter_site":"@KKomedija","twitter_misc":{"Procijenjeno vrijeme \u010ditanja":"3 minute"},"schema":{"@context":"https:\/\/schema.org","@graph":[{"@type":"WebPage","@id":"https:\/\/www.komedija.hr\/www\/arhiva-predstava\/jalta-jalta-197172\/","url":"https:\/\/www.komedija.hr\/www\/arhiva-predstava\/jalta-jalta-197172\/","name":"Jalta, Jalta (1971\/72.) - Kazali\u0161te Komedija","isPartOf":{"@id":"http:\/\/www.komedija.hr\/www\/#website"},"datePublished":"2013-05-16T07:00:23+00:00","dateModified":"2013-05-16T07:34:12+00:00","breadcrumb":{"@id":"https:\/\/www.komedija.hr\/www\/arhiva-predstava\/jalta-jalta-197172\/#breadcrumb"},"inLanguage":"hr","potentialAction":[{"@type":"ReadAction","target":["https:\/\/www.komedija.hr\/www\/arhiva-predstava\/jalta-jalta-197172\/"]}]},{"@type":"BreadcrumbList","@id":"https:\/\/www.komedija.hr\/www\/arhiva-predstava\/jalta-jalta-197172\/#breadcrumb","itemListElement":[{"@type":"ListItem","position":1,"name":"Po\u010detna stranica","item":"http:\/\/www.komedija.hr\/www\/"},{"@type":"ListItem","position":2,"name":"Arhiva predstava","item":"https:\/\/www.komedija.hr\/www\/arhiva-predstava\/"},{"@type":"ListItem","position":3,"name":"Jalta, Jalta (1971\/72.)"}]},{"@type":"WebSite","@id":"http:\/\/www.komedija.hr\/www\/#website","url":"http:\/\/www.komedija.hr\/www\/","name":"Kazali\u0161te Komedija","description":"","publisher":{"@id":"http:\/\/www.komedija.hr\/www\/#organization"},"potentialAction":[{"@type":"SearchAction","target":{"@type":"EntryPoint","urlTemplate":"http:\/\/www.komedija.hr\/www\/?s={search_term_string}"},"query-input":{"@type":"PropertyValueSpecification","valueRequired":true,"valueName":"search_term_string"}}],"inLanguage":"hr"},{"@type":"Organization","@id":"http:\/\/www.komedija.hr\/www\/#organization","name":"Zagreba\u010dko gradsko Kazali\u0161ta Komedija","url":"http:\/\/www.komedija.hr\/www\/","logo":{"@type":"ImageObject","inLanguage":"hr","@id":"http:\/\/www.komedija.hr\/www\/#\/schema\/logo\/image\/","url":"https:\/\/www.komedija.hr\/www\/wp-content\/uploads\/2020\/02\/cropped-Kazaliste_Komedija_logo_2.png","contentUrl":"https:\/\/www.komedija.hr\/www\/wp-content\/uploads\/2020\/02\/cropped-Kazaliste_Komedija_logo_2.png","width":512,"height":512,"caption":"Zagreba\u010dko gradsko Kazali\u0161ta Komedija"},"image":{"@id":"http:\/\/www.komedija.hr\/www\/#\/schema\/logo\/image\/"},"sameAs":["https:\/\/www.facebook.com\/kazaliste.komedija\/","https:\/\/x.com\/KKomedija","https:\/\/www.instagram.com\/kazaliste_komedija\/","https:\/\/www.youtube.com\/channel\/UC1NcapMYUXJW3miW_oPxT5w\/videos"]}]}},"_links":{"self":[{"href":"https:\/\/www.komedija.hr\/www\/wp-json\/wp\/v2\/pages\/4076","targetHints":{"allow":["GET"]}}],"collection":[{"href":"https:\/\/www.komedija.hr\/www\/wp-json\/wp\/v2\/pages"}],"about":[{"href":"https:\/\/www.komedija.hr\/www\/wp-json\/wp\/v2\/types\/page"}],"author":[{"embeddable":true,"href":"https:\/\/www.komedija.hr\/www\/wp-json\/wp\/v2\/users\/4"}],"replies":[{"embeddable":true,"href":"https:\/\/www.komedija.hr\/www\/wp-json\/wp\/v2\/comments?post=4076"}],"version-history":[{"count":0,"href":"https:\/\/www.komedija.hr\/www\/wp-json\/wp\/v2\/pages\/4076\/revisions"}],"up":[{"embeddable":true,"href":"https:\/\/www.komedija.hr\/www\/wp-json\/wp\/v2\/pages\/1659"}],"wp:attachment":[{"href":"https:\/\/www.komedija.hr\/www\/wp-json\/wp\/v2\/media?parent=4076"}],"curies":[{"name":"wp","href":"https:\/\/api.w.org\/{rel}","templated":true}]}}