{"id":4298,"date":"2013-05-22T13:57:54","date_gmt":"2013-05-22T11:57:54","guid":{"rendered":"http:\/\/www.komedija.hr\/web\/?page_id=4298"},"modified":"2016-09-11T22:01:04","modified_gmt":"2016-09-11T20:01:04","slug":"4298-2","status":"publish","type":"page","link":"https:\/\/www.komedija.hr\/www\/arhiva2\/4298-2\/","title":{"rendered":"Piaf &#8211; \u010cEMU SLU\u017dI LJUBAV?"},"content":{"rendered":"<p style=\"text-align: center;\"><span style=\"font-family: Arial, Helvetica, sans-serif; font-size: small;\"><b>10. \u010cEMU SLU\u017dI LJUBAV?<br \/>\n<\/b><\/span><span style=\"font-family: Arial, Helvetica, sans-serif; font-size: xx-small;\"><b>A quoi ca sert l&#8217;amour? (M. Emer)<\/b><\/span><\/p>\n<p style=\"text-align: center;\"><b><span style=\"font-family: Arial, Helvetica, sans-serif; font-size: small;\">(prevela: Lada Kos) <\/span><\/b><\/p>\n<p style=\"text-align: center;\">\u00a0<span style=\"font-family: Arial, Helvetica, sans-serif; font-size: small;\">\u010cemu slu\u017ei ljubav?<br \/>\nO tome se uvijek<br \/>\nbesmisleno pri\u010da.<br \/>\n\u010cemu slu\u017ei ljubav? <\/span><\/p>\n<p style=\"text-align: center;\"><span style=\"font-family: Arial, Helvetica, sans-serif; font-size: small;\">Ljubav se ne obja\u0161njava.<br \/>\nTo je jednostavno tako!<br \/>\nDolazi niotkuda<br \/>\ni odjednom te zgrabi. <\/span><\/p>\n<p style=\"text-align: center;\"><span style=\"font-family: Arial, Helvetica, sans-serif; font-size: small;\">Ja sam slu\u0161ala, ka\u017eu:<br \/>\nzbog ljubavi se pati,<br \/>\nzbog ljubavi se pla\u010de,<br \/>\npa \u010demu ljubiti onda? <\/span><\/p>\n<p style=\"text-align: center;\"><span style=\"font-family: Arial, Helvetica, sans-serif; font-size: small;\">Ljubav, \u010demu slu\u017ei?<br \/>\nda nam da veselje<br \/>\nsa suzama u o\u010dima&#8230;<br \/>\nTu\u017eno je to i veli\u010danstveno! <\/span><\/p>\n<p style=\"text-align: center;\"><span style=\"font-family: Arial, Helvetica, sans-serif; font-size: small;\">Ipak \u010desto ka\u017eu<br \/>\nda je ljubav obmana,<br \/>\nona je uvijek za dvoje<br \/>\nkojima nikada dosta nije. <\/span><\/p>\n<p style=\"text-align: center;\"><span style=\"font-family: Arial, Helvetica, sans-serif; font-size: small;\">I kad se izgubi<br \/>\nljubav koju smo znali<br \/>\n<\/span><span style=\"font-family: Arial, Helvetica, sans-serif; font-size: small;\">ostaje vam okus meda<br \/>\njer je ljubav vje\u010dna. <\/span><\/p>\n<p style=\"text-align: center;\"><span style=\"font-family: Arial, Helvetica, sans-serif; font-size: small;\">Sve je to jako zgodno,<br \/>\nali kad sve zavr\u0161i<br \/>\nosim prevelike tuge<br \/>\nne ostaje vam ni\u0161ta. <\/span><\/p>\n<p style=\"text-align: center;\"><span style=\"font-family: Arial, Helvetica, sans-serif; font-size: small;\">Sve \u0161to te sada razdire<br \/>\nsutra \u0107e ti radosna uspomena biti. <\/span><\/p>\n<p style=\"text-align: center;\"><span style=\"font-family: Arial, Helvetica, sans-serif; font-size: small;\">Na kraju, ako sam razumjela<br \/>\nbez ljubavi, radosti,<br \/>\nbez tuge u \u017eivotu<br \/>\n\u017eivjelo se niza\u0161to. <\/span><\/p>\n<p style=\"text-align: center;\"><span style=\"font-family: Arial, Helvetica, sans-serif; font-size: small;\">Ali, pogledaj me!<br \/>\nSvaki puta ja sam vjerovala<br \/>\ni vjerovat \u0107u uvijek u nju.<br \/>\nTome i slu\u017ei ljubav.<\/span><\/p>\n<p style=\"text-align: center;\"><span style=\"font-family: Arial, Helvetica, sans-serif; font-size: small;\">Ali ti, ti si zadnji.<br \/>\nAli ti, ti si prvi.<br \/>\nPrije tebe ni\u0161ta nije bilo.<br \/>\nS tobom mi je dobro. <\/span><\/p>\n<p style=\"text-align: center;\"><span style=\"font-family: Arial, Helvetica, sans-serif; font-size: small;\">Tebe sam \u017eeljela,<br \/>\nTi si mi nedostajao.<br \/>\nTi koga \u0107u uvijek voljeti.<br \/>\nTome i slu\u017ei ljubav. <\/span><\/p>\n<p><span style=\"font-family: Arial, Helvetica, sans-serif; font-size: xx-small;\">NAPOMENA: Prijevode objavljujemo samo za privatnu uporabu posjetitelja stranica. Sva prava pridr\u017eana. \u017delite li se javno koristiti prijevodom ili nekim njegovim dijelom, molimo zatra\u017eite pismeno odobrenje u propagandnoj slu\u017ebi Kazali\u0161ta (<a href=\"mailto:propaganda@komedija.hr\">propaganda@komedija.hr<\/a>).<\/span><\/p>\n","protected":false},"excerpt":{"rendered":"<p>10. \u010cEMU SLU\u017dI LJUBAV? A quoi ca sert l&#8217;amour? (M. Emer) (prevela: Lada Kos) \u00a0\u010cemu slu\u017ei ljubav? O tome se uvijek besmisleno pri\u010da. \u010cemu slu\u017ei ljubav? Ljubav se ne obja\u0161njava. To je jednostavno tako! Dolazi niotkuda i odjednom te zgrabi. Ja sam slu\u0161ala, ka\u017eu: zbog ljubavi se pati, zbog ljubavi se pla\u010de, pa \u010demu ljubiti [&hellip;]<\/p>\n","protected":false},"author":4,"featured_media":0,"parent":7329,"menu_order":0,"comment_status":"closed","ping_status":"open","template":"","meta":{"ngg_post_thumbnail":0,"footnotes":""},"class_list":["post-4298","page","type-page","status-publish","hentry"],"yoast_head":"<!-- This site is optimized with the Yoast SEO plugin v27.6 - https:\/\/yoast.com\/product\/yoast-seo-wordpress\/ -->\n<title>Piaf - \u010cEMU SLU\u017dI LJUBAV? - Kazali\u0161te Komedija<\/title>\n<meta name=\"robots\" content=\"index, follow, max-snippet:-1, max-image-preview:large, max-video-preview:-1\" \/>\n<link rel=\"canonical\" href=\"https:\/\/www.komedija.hr\/www\/arhiva2\/4298-2\/\" \/>\n<meta property=\"og:locale\" content=\"hr_HR\" \/>\n<meta property=\"og:type\" content=\"article\" \/>\n<meta property=\"og:title\" content=\"Piaf - \u010cEMU SLU\u017dI LJUBAV? - Kazali\u0161te Komedija\" \/>\n<meta property=\"og:description\" content=\"10. \u010cEMU SLU\u017dI LJUBAV? A quoi ca sert l&#8217;amour? (M. Emer) (prevela: Lada Kos) \u00a0\u010cemu slu\u017ei ljubav? O tome se uvijek besmisleno pri\u010da. \u010cemu slu\u017ei ljubav? Ljubav se ne obja\u0161njava. To je jednostavno tako! Dolazi niotkuda i odjednom te zgrabi. Ja sam slu\u0161ala, ka\u017eu: zbog ljubavi se pati, zbog ljubavi se pla\u010de, pa \u010demu ljubiti [&hellip;]\" \/>\n<meta property=\"og:url\" content=\"https:\/\/www.komedija.hr\/www\/arhiva2\/4298-2\/\" \/>\n<meta property=\"og:site_name\" content=\"Kazali\u0161te Komedija\" \/>\n<meta property=\"article:publisher\" content=\"https:\/\/www.facebook.com\/kazaliste.komedija\/\" \/>\n<meta property=\"article:modified_time\" content=\"2016-09-11T20:01:04+00:00\" \/>\n<meta name=\"twitter:card\" content=\"summary_large_image\" \/>\n<meta name=\"twitter:site\" content=\"@KKomedija\" \/>\n<meta name=\"twitter:label1\" content=\"Procijenjeno vrijeme \u010ditanja\" \/>\n\t<meta name=\"twitter:data1\" content=\"1 minuta\" \/>\n<script type=\"application\/ld+json\" class=\"yoast-schema-graph\">{\"@context\":\"https:\\\/\\\/schema.org\",\"@graph\":[{\"@type\":\"WebPage\",\"@id\":\"https:\\\/\\\/www.komedija.hr\\\/www\\\/arhiva2\\\/4298-2\\\/\",\"url\":\"https:\\\/\\\/www.komedija.hr\\\/www\\\/arhiva2\\\/4298-2\\\/\",\"name\":\"Piaf - \u010cEMU SLU\u017dI LJUBAV? - Kazali\u0161te Komedija\",\"isPartOf\":{\"@id\":\"http:\\\/\\\/www.komedija.hr\\\/www\\\/#website\"},\"datePublished\":\"2013-05-22T11:57:54+00:00\",\"dateModified\":\"2016-09-11T20:01:04+00:00\",\"breadcrumb\":{\"@id\":\"https:\\\/\\\/www.komedija.hr\\\/www\\\/arhiva2\\\/4298-2\\\/#breadcrumb\"},\"inLanguage\":\"hr\",\"potentialAction\":[{\"@type\":\"ReadAction\",\"target\":[\"https:\\\/\\\/www.komedija.hr\\\/www\\\/arhiva2\\\/4298-2\\\/\"]}]},{\"@type\":\"BreadcrumbList\",\"@id\":\"https:\\\/\\\/www.komedija.hr\\\/www\\\/arhiva2\\\/4298-2\\\/#breadcrumb\",\"itemListElement\":[{\"@type\":\"ListItem\",\"position\":1,\"name\":\"Po\u010detna stranica\",\"item\":\"http:\\\/\\\/www.komedija.hr\\\/www\\\/\"},{\"@type\":\"ListItem\",\"position\":2,\"name\":\"Arhiva2\",\"item\":\"https:\\\/\\\/www.komedija.hr\\\/www\\\/arhiva2\\\/\"},{\"@type\":\"ListItem\",\"position\":3,\"name\":\"Piaf &#8211; \u010cEMU SLU\u017dI LJUBAV?\"}]},{\"@type\":\"WebSite\",\"@id\":\"http:\\\/\\\/www.komedija.hr\\\/www\\\/#website\",\"url\":\"http:\\\/\\\/www.komedija.hr\\\/www\\\/\",\"name\":\"Kazali\u0161te Komedija\",\"description\":\"\",\"publisher\":{\"@id\":\"http:\\\/\\\/www.komedija.hr\\\/www\\\/#organization\"},\"potentialAction\":[{\"@type\":\"SearchAction\",\"target\":{\"@type\":\"EntryPoint\",\"urlTemplate\":\"http:\\\/\\\/www.komedija.hr\\\/www\\\/?s={search_term_string}\"},\"query-input\":{\"@type\":\"PropertyValueSpecification\",\"valueRequired\":true,\"valueName\":\"search_term_string\"}}],\"inLanguage\":\"hr\"},{\"@type\":\"Organization\",\"@id\":\"http:\\\/\\\/www.komedija.hr\\\/www\\\/#organization\",\"name\":\"Zagreba\u010dko gradsko Kazali\u0161ta Komedija\",\"url\":\"http:\\\/\\\/www.komedija.hr\\\/www\\\/\",\"logo\":{\"@type\":\"ImageObject\",\"inLanguage\":\"hr\",\"@id\":\"http:\\\/\\\/www.komedija.hr\\\/www\\\/#\\\/schema\\\/logo\\\/image\\\/\",\"url\":\"https:\\\/\\\/www.komedija.hr\\\/www\\\/wp-content\\\/uploads\\\/2020\\\/02\\\/cropped-Kazaliste_Komedija_logo_2.png\",\"contentUrl\":\"https:\\\/\\\/www.komedija.hr\\\/www\\\/wp-content\\\/uploads\\\/2020\\\/02\\\/cropped-Kazaliste_Komedija_logo_2.png\",\"width\":512,\"height\":512,\"caption\":\"Zagreba\u010dko gradsko Kazali\u0161ta Komedija\"},\"image\":{\"@id\":\"http:\\\/\\\/www.komedija.hr\\\/www\\\/#\\\/schema\\\/logo\\\/image\\\/\"},\"sameAs\":[\"https:\\\/\\\/www.facebook.com\\\/kazaliste.komedija\\\/\",\"https:\\\/\\\/x.com\\\/KKomedija\",\"https:\\\/\\\/www.instagram.com\\\/kazaliste_komedija\\\/\",\"https:\\\/\\\/www.youtube.com\\\/channel\\\/UC1NcapMYUXJW3miW_oPxT5w\\\/videos\"]}]}<\/script>\n<!-- \/ Yoast SEO plugin. -->","yoast_head_json":{"title":"Piaf - \u010cEMU SLU\u017dI LJUBAV? - Kazali\u0161te Komedija","robots":{"index":"index","follow":"follow","max-snippet":"max-snippet:-1","max-image-preview":"max-image-preview:large","max-video-preview":"max-video-preview:-1"},"canonical":"https:\/\/www.komedija.hr\/www\/arhiva2\/4298-2\/","og_locale":"hr_HR","og_type":"article","og_title":"Piaf - \u010cEMU SLU\u017dI LJUBAV? - Kazali\u0161te Komedija","og_description":"10. \u010cEMU SLU\u017dI LJUBAV? A quoi ca sert l&#8217;amour? (M. Emer) (prevela: Lada Kos) \u00a0\u010cemu slu\u017ei ljubav? O tome se uvijek besmisleno pri\u010da. \u010cemu slu\u017ei ljubav? Ljubav se ne obja\u0161njava. To je jednostavno tako! Dolazi niotkuda i odjednom te zgrabi. Ja sam slu\u0161ala, ka\u017eu: zbog ljubavi se pati, zbog ljubavi se pla\u010de, pa \u010demu ljubiti [&hellip;]","og_url":"https:\/\/www.komedija.hr\/www\/arhiva2\/4298-2\/","og_site_name":"Kazali\u0161te Komedija","article_publisher":"https:\/\/www.facebook.com\/kazaliste.komedija\/","article_modified_time":"2016-09-11T20:01:04+00:00","twitter_card":"summary_large_image","twitter_site":"@KKomedija","twitter_misc":{"Procijenjeno vrijeme \u010ditanja":"1 minuta"},"schema":{"@context":"https:\/\/schema.org","@graph":[{"@type":"WebPage","@id":"https:\/\/www.komedija.hr\/www\/arhiva2\/4298-2\/","url":"https:\/\/www.komedija.hr\/www\/arhiva2\/4298-2\/","name":"Piaf - \u010cEMU SLU\u017dI LJUBAV? - Kazali\u0161te Komedija","isPartOf":{"@id":"http:\/\/www.komedija.hr\/www\/#website"},"datePublished":"2013-05-22T11:57:54+00:00","dateModified":"2016-09-11T20:01:04+00:00","breadcrumb":{"@id":"https:\/\/www.komedija.hr\/www\/arhiva2\/4298-2\/#breadcrumb"},"inLanguage":"hr","potentialAction":[{"@type":"ReadAction","target":["https:\/\/www.komedija.hr\/www\/arhiva2\/4298-2\/"]}]},{"@type":"BreadcrumbList","@id":"https:\/\/www.komedija.hr\/www\/arhiva2\/4298-2\/#breadcrumb","itemListElement":[{"@type":"ListItem","position":1,"name":"Po\u010detna stranica","item":"http:\/\/www.komedija.hr\/www\/"},{"@type":"ListItem","position":2,"name":"Arhiva2","item":"https:\/\/www.komedija.hr\/www\/arhiva2\/"},{"@type":"ListItem","position":3,"name":"Piaf &#8211; \u010cEMU SLU\u017dI LJUBAV?"}]},{"@type":"WebSite","@id":"http:\/\/www.komedija.hr\/www\/#website","url":"http:\/\/www.komedija.hr\/www\/","name":"Kazali\u0161te Komedija","description":"","publisher":{"@id":"http:\/\/www.komedija.hr\/www\/#organization"},"potentialAction":[{"@type":"SearchAction","target":{"@type":"EntryPoint","urlTemplate":"http:\/\/www.komedija.hr\/www\/?s={search_term_string}"},"query-input":{"@type":"PropertyValueSpecification","valueRequired":true,"valueName":"search_term_string"}}],"inLanguage":"hr"},{"@type":"Organization","@id":"http:\/\/www.komedija.hr\/www\/#organization","name":"Zagreba\u010dko gradsko Kazali\u0161ta Komedija","url":"http:\/\/www.komedija.hr\/www\/","logo":{"@type":"ImageObject","inLanguage":"hr","@id":"http:\/\/www.komedija.hr\/www\/#\/schema\/logo\/image\/","url":"https:\/\/www.komedija.hr\/www\/wp-content\/uploads\/2020\/02\/cropped-Kazaliste_Komedija_logo_2.png","contentUrl":"https:\/\/www.komedija.hr\/www\/wp-content\/uploads\/2020\/02\/cropped-Kazaliste_Komedija_logo_2.png","width":512,"height":512,"caption":"Zagreba\u010dko gradsko Kazali\u0161ta Komedija"},"image":{"@id":"http:\/\/www.komedija.hr\/www\/#\/schema\/logo\/image\/"},"sameAs":["https:\/\/www.facebook.com\/kazaliste.komedija\/","https:\/\/x.com\/KKomedija","https:\/\/www.instagram.com\/kazaliste_komedija\/","https:\/\/www.youtube.com\/channel\/UC1NcapMYUXJW3miW_oPxT5w\/videos"]}]}},"_links":{"self":[{"href":"https:\/\/www.komedija.hr\/www\/wp-json\/wp\/v2\/pages\/4298","targetHints":{"allow":["GET"]}}],"collection":[{"href":"https:\/\/www.komedija.hr\/www\/wp-json\/wp\/v2\/pages"}],"about":[{"href":"https:\/\/www.komedija.hr\/www\/wp-json\/wp\/v2\/types\/page"}],"author":[{"embeddable":true,"href":"https:\/\/www.komedija.hr\/www\/wp-json\/wp\/v2\/users\/4"}],"replies":[{"embeddable":true,"href":"https:\/\/www.komedija.hr\/www\/wp-json\/wp\/v2\/comments?post=4298"}],"version-history":[{"count":0,"href":"https:\/\/www.komedija.hr\/www\/wp-json\/wp\/v2\/pages\/4298\/revisions"}],"up":[{"embeddable":true,"href":"https:\/\/www.komedija.hr\/www\/wp-json\/wp\/v2\/pages\/7329"}],"wp:attachment":[{"href":"https:\/\/www.komedija.hr\/www\/wp-json\/wp\/v2\/media?parent=4298"}],"curies":[{"name":"wp","href":"https:\/\/api.w.org\/{rel}","templated":true}]}}