{"id":5131,"date":"2014-05-27T09:40:26","date_gmt":"2014-05-27T07:40:26","guid":{"rendered":"http:\/\/www.komedija.hr\/web\/?page_id=5131"},"modified":"2025-06-11T12:21:41","modified_gmt":"2025-06-11T10:21:41","slug":"filip-juricic","status":"publish","type":"page","link":"https:\/\/www.komedija.hr\/www\/ansambl-2\/glumci\/filip-juricic\/","title":{"rendered":"Filip Juri\u010di\u0107"},"content":{"rendered":"<p>&nbsp;<\/p>\n<table border=\"0\" width=\"100%\">\n<tbody>\n<tr>\n<td><img decoding=\"async\" class=\"alignnone size-medium wp-image-18503\" src=\"https:\/\/www.komedija.hr\/www\/wp-content\/uploads\/2024\/02\/Filip-Juricic-200x300.jpg\" alt=\"\" width=\"200\" height=\"300\" srcset=\"https:\/\/www.komedija.hr\/www\/wp-content\/uploads\/2024\/02\/Filip-Juricic-200x300.jpg 200w, https:\/\/www.komedija.hr\/www\/wp-content\/uploads\/2024\/02\/Filip-Juricic-683x1024.jpg 683w, https:\/\/www.komedija.hr\/www\/wp-content\/uploads\/2024\/02\/Filip-Juricic-768x1152.jpg 768w, https:\/\/www.komedija.hr\/www\/wp-content\/uploads\/2024\/02\/Filip-Juricic-1024x1536.jpg 1024w, https:\/\/www.komedija.hr\/www\/wp-content\/uploads\/2024\/02\/Filip-Juricic-1365x2048.jpg 1365w, https:\/\/www.komedija.hr\/www\/wp-content\/uploads\/2024\/02\/Filip-Juricic-1320x1980.jpg 1320w, https:\/\/www.komedija.hr\/www\/wp-content\/uploads\/2024\/02\/Filip-Juricic-scaled.jpg 1707w\" sizes=\"(max-width: 200px) 100vw, 200px\" \/><\/td>\n<td>Glumac<\/td>\n<\/tr>\n<tr>\n<td valign=\"top\" width=\"18%\" height=\"25\"><strong>DATUM I MJESTO RO\u0110ENJA <\/strong><\/td>\n<td valign=\"top\" width=\"82%\" height=\"25\">\n<div align=\"left\">\n<p>18. travnja 1981., Zagreb<\/p>\n<\/div>\n<\/td>\n<\/tr>\n<tr>\n<td valign=\"top\" width=\"18%\" height=\"25\"><strong>KONTAKT<\/strong><\/td>\n<td valign=\"top\" width=\"82%\" height=\"25\"><a href=\"mailto:propaganda@komedija.hr\">propaganda@komedija.hr<\/a><\/td>\n<\/tr>\n<tr>\n<td valign=\"top\" width=\"18%\" height=\"25\"><strong>OBRAZOVANJE<\/strong><\/td>\n<td valign=\"top\" width=\"82%\" height=\"25\">Akademija za kazali\u0161te, film i televiziju<\/td>\n<\/tr>\n<tr>\n<td valign=\"top\" width=\"18%\" height=\"153\"><strong>KAZALI\u0160TE<\/strong><\/td>\n<td valign=\"top\" width=\"82%\" height=\"153\">ZGK \u201eKomedija\u201c: <strong>Svoga tela gospodar, Opasne veze, Ukro\u0107ena goropadnica, Dobra du\u0161a iz Se\u010duana, Mala kavana, Bljesak zlatnog zuba, Gospo\u0111ica iz Maksima, Talijanski slamnati \u0161e\u0161ir, Revizor, Opet on; Legenda o svetom Muhli, Zaljubljeni Shakespeare, <span style=\"color: #000000;\">Ludnica s tenorima, Mnogo vike niza\u0161to; Velo misto, Va\u017eno je zvati se Ernest; Peripetije sa psihijatrije; Ponos i predrasude<\/span><br \/>\n<\/strong>HNK Zagreb: <strong>Don Huan ili ljubav prema geometriji, <\/strong>Klub kulture Agram: <strong>Zubi\u0107 Zupko, <\/strong>Kazali\u0161na dru\u017eina Kufer: <strong>U no\u0107i, <\/strong>Kazali\u0161te \u017dar-ptica: <strong>Vilinska svirala, <\/strong>HNK Rijeka: <strong>Prokleti ne idu na Bali, <\/strong>Kazali\u0161te Virovitica: <strong>Vi\u0161njik, <\/strong>DLJI : <strong>Ondine, Spa\u0161eni, <\/strong>Kazali\u0161te KNAPP: <strong>Kositreni vojnik, \u0160to \u0107emo sad, <\/strong>Teatar ITD: <strong>\u017daba, Idiot, <\/strong>Teatar EXIT: <strong>Kako misli\u0161 mene nema, <\/strong>GD \u201eHistrion\u201c: <strong>Fal\u0161tofijada, Legenda o sv. Muhli, <\/strong>Kazali\u0161te u Velikoj Gorici: <strong>\u0160uma Striborova, <\/strong>Kazali\u0161te Kerempuh: <strong>Jebote kol&#8217;ko nas ima, <\/strong>Planet Art: <strong>Ze\u010dja rupa, <\/strong>Ludens teatar: <strong>Nemre\u0161 pobje\u0107 od nedjelje, 39 stepenica, <\/strong>ZKL: <strong>pri\u010da o konju, \u017divot u kazali\u0161tu<\/strong><\/td>\n<\/tr>\n<tr>\n<td valign=\"top\" width=\"18%\"><strong>FILM<\/strong><\/td>\n<td valign=\"top\" width=\"82%\">Zrinko Ogresta: <strong>Tu<\/strong> , Boris T. Mati\u0107: <strong>Seks, pi\u0107e i krvoproli\u0107e, <\/strong>Nevio Marasovi\u0107: <strong>The Show Must Go On<\/strong><\/td>\n<\/tr>\n<tr>\n<td valign=\"top\" width=\"18%\"><strong>TELEVIZIJA<\/strong><\/td>\n<td valign=\"top\" width=\"82%\">HTV: <strong>Kad zvoni, Ljubav u zale\u0111u, <\/strong>NOVA TV: <strong>Na\u0161a mala klinika, Larin izbor, <\/strong>RTL: <strong>Tajne<\/strong><\/td>\n<\/tr>\n<tr>\n<td valign=\"top\" width=\"18%\"><strong>RADIO <\/strong><\/td>\n<td valign=\"top\" width=\"82%\">Brojne radio-drame<\/td>\n<\/tr>\n<tr>\n<td valign=\"top\" width=\"18%\"><strong>OSTALO<\/strong><\/td>\n<td valign=\"top\" width=\"82%\">Brojne sinkronizacije<\/td>\n<\/tr>\n<tr>\n<td valign=\"top\" width=\"18%\" height=\"33\"><strong>NAGRADE I PRIZNANJA<\/strong><\/td>\n<td valign=\"top\" width=\"82%\" height=\"33\"><strong>Nagrada hrvatskoga glumi\u0161ta<\/strong> za najboljeg mladog glumca u kategoriji do 28 godina za ulogu u predstavi <i>U no\u0107i<\/i>;<strong>Nagrada na 31. danima satire<\/strong> 2007., <strong>Nagrada \u201eZlatni lav\u201c<\/strong> u Umagu 2007., <strong>Nagrada \u201eIvo Fici\u201c<\/strong> na 15. Festivalu glumca u Vinkovcima 2008., <strong>Nagrada \u201eMostarska liska\u201c<\/strong> u Mostaru i <strong>Nagrada na Festivalu mladoga glumca<\/strong> u Banjoj Luci \u2013 za ulogu Nineka u predstavi teatra EXIT <i>Kako misli\u0161 mene; <strong>Nagrada Fabijan \u0160ovagovi\u0107<\/strong> na 21. Festivalu glumca (2014.) za ulogu Petruccija u predstavi <strong>Ukro\u0107ena goropadnica<\/strong><\/i><\/td>\n<\/tr>\n<tr>\n<td valign=\"top\" width=\"18%\" height=\"42\"><strong>STATUSI U &#8220;KOMEDIJI&#8221;<\/strong><\/td>\n<td valign=\"top\" width=\"82%\" height=\"42\">Prva premijera: Svoga tela gospodar, 19. 3. 2004.<br \/>\nZaposlen u Komediji od 18. 4. 2014.<\/td>\n<\/tr>\n<\/tbody>\n<\/table>\n","protected":false},"excerpt":{"rendered":"<p>&nbsp; Glumac DATUM I MJESTO RO\u0110ENJA 18. travnja 1981., Zagreb KONTAKT propaganda@komedija.hr OBRAZOVANJE Akademija za kazali\u0161te, film i televiziju KAZALI\u0160TE ZGK \u201eKomedija\u201c: Svoga tela gospodar, Opasne veze, Ukro\u0107ena goropadnica, Dobra du\u0161a iz Se\u010duana, Mala kavana, Bljesak zlatnog zuba, Gospo\u0111ica iz Maksima, Talijanski slamnati \u0161e\u0161ir, Revizor, Opet on; Legenda o svetom Muhli, Zaljubljeni Shakespeare, Ludnica s [&hellip;]<\/p>\n","protected":false},"author":4,"featured_media":0,"parent":6992,"menu_order":0,"comment_status":"closed","ping_status":"closed","template":"","meta":{"ngg_post_thumbnail":0,"footnotes":""},"class_list":["post-5131","page","type-page","status-publish","hentry"],"yoast_head":"<!-- This site is optimized with the Yoast SEO plugin v27.4 - https:\/\/yoast.com\/product\/yoast-seo-wordpress\/ -->\n<title>Filip Juri\u010di\u0107 - Kazali\u0161te Komedija<\/title>\n<meta name=\"robots\" content=\"index, follow, max-snippet:-1, max-image-preview:large, max-video-preview:-1\" \/>\n<link rel=\"canonical\" href=\"https:\/\/www.komedija.hr\/www\/ansambl-2\/glumci\/filip-juricic\/\" \/>\n<meta property=\"og:locale\" content=\"hr_HR\" \/>\n<meta property=\"og:type\" content=\"article\" \/>\n<meta property=\"og:title\" content=\"Filip Juri\u010di\u0107 - Kazali\u0161te Komedija\" \/>\n<meta property=\"og:description\" content=\"&nbsp; Glumac DATUM I MJESTO RO\u0110ENJA 18. travnja 1981., Zagreb KONTAKT propaganda@komedija.hr OBRAZOVANJE Akademija za kazali\u0161te, film i televiziju KAZALI\u0160TE ZGK \u201eKomedija\u201c: Svoga tela gospodar, Opasne veze, Ukro\u0107ena goropadnica, Dobra du\u0161a iz Se\u010duana, Mala kavana, Bljesak zlatnog zuba, Gospo\u0111ica iz Maksima, Talijanski slamnati \u0161e\u0161ir, Revizor, Opet on; Legenda o svetom Muhli, Zaljubljeni Shakespeare, Ludnica s [&hellip;]\" \/>\n<meta property=\"og:url\" content=\"https:\/\/www.komedija.hr\/www\/ansambl-2\/glumci\/filip-juricic\/\" \/>\n<meta property=\"og:site_name\" content=\"Kazali\u0161te Komedija\" \/>\n<meta property=\"article:publisher\" content=\"https:\/\/www.facebook.com\/kazaliste.komedija\/\" \/>\n<meta property=\"article:modified_time\" content=\"2025-06-11T10:21:41+00:00\" \/>\n<meta property=\"og:image\" content=\"https:\/\/www.komedija.hr\/www\/wp-content\/uploads\/2024\/02\/Filip-Juricic-scaled.jpg\" \/>\n\t<meta property=\"og:image:width\" content=\"1707\" \/>\n\t<meta property=\"og:image:height\" content=\"2560\" \/>\n\t<meta property=\"og:image:type\" content=\"image\/jpeg\" \/>\n<meta name=\"twitter:card\" content=\"summary_large_image\" \/>\n<meta name=\"twitter:site\" content=\"@KKomedija\" \/>\n<meta name=\"twitter:label1\" content=\"Procijenjeno vrijeme \u010ditanja\" \/>\n\t<meta name=\"twitter:data1\" content=\"2 minute\" \/>\n<script type=\"application\/ld+json\" class=\"yoast-schema-graph\">{\"@context\":\"https:\\\/\\\/schema.org\",\"@graph\":[{\"@type\":\"WebPage\",\"@id\":\"https:\\\/\\\/www.komedija.hr\\\/www\\\/ansambl-2\\\/glumci\\\/filip-juricic\\\/\",\"url\":\"https:\\\/\\\/www.komedija.hr\\\/www\\\/ansambl-2\\\/glumci\\\/filip-juricic\\\/\",\"name\":\"Filip Juri\u010di\u0107 - Kazali\u0161te Komedija\",\"isPartOf\":{\"@id\":\"http:\\\/\\\/www.komedija.hr\\\/www\\\/#website\"},\"primaryImageOfPage\":{\"@id\":\"https:\\\/\\\/www.komedija.hr\\\/www\\\/ansambl-2\\\/glumci\\\/filip-juricic\\\/#primaryimage\"},\"image\":{\"@id\":\"https:\\\/\\\/www.komedija.hr\\\/www\\\/ansambl-2\\\/glumci\\\/filip-juricic\\\/#primaryimage\"},\"thumbnailUrl\":\"https:\\\/\\\/www.komedija.hr\\\/www\\\/wp-content\\\/uploads\\\/2024\\\/02\\\/Filip-Juricic-200x300.jpg\",\"datePublished\":\"2014-05-27T07:40:26+00:00\",\"dateModified\":\"2025-06-11T10:21:41+00:00\",\"breadcrumb\":{\"@id\":\"https:\\\/\\\/www.komedija.hr\\\/www\\\/ansambl-2\\\/glumci\\\/filip-juricic\\\/#breadcrumb\"},\"inLanguage\":\"hr\",\"potentialAction\":[{\"@type\":\"ReadAction\",\"target\":[\"https:\\\/\\\/www.komedija.hr\\\/www\\\/ansambl-2\\\/glumci\\\/filip-juricic\\\/\"]}]},{\"@type\":\"ImageObject\",\"inLanguage\":\"hr\",\"@id\":\"https:\\\/\\\/www.komedija.hr\\\/www\\\/ansambl-2\\\/glumci\\\/filip-juricic\\\/#primaryimage\",\"url\":\"https:\\\/\\\/www.komedija.hr\\\/www\\\/wp-content\\\/uploads\\\/2024\\\/02\\\/Filip-Juricic-scaled.jpg\",\"contentUrl\":\"https:\\\/\\\/www.komedija.hr\\\/www\\\/wp-content\\\/uploads\\\/2024\\\/02\\\/Filip-Juricic-scaled.jpg\",\"width\":1707,\"height\":2560},{\"@type\":\"BreadcrumbList\",\"@id\":\"https:\\\/\\\/www.komedija.hr\\\/www\\\/ansambl-2\\\/glumci\\\/filip-juricic\\\/#breadcrumb\",\"itemListElement\":[{\"@type\":\"ListItem\",\"position\":1,\"name\":\"Po\u010detna stranica\",\"item\":\"http:\\\/\\\/www.komedija.hr\\\/www\\\/\"},{\"@type\":\"ListItem\",\"position\":2,\"name\":\"Ansambl\",\"item\":\"https:\\\/\\\/www.komedija.hr\\\/www\\\/ansambl-2\\\/\"},{\"@type\":\"ListItem\",\"position\":3,\"name\":\"Glumci\",\"item\":\"https:\\\/\\\/www.komedija.hr\\\/www\\\/ansambl-2\\\/glumci\\\/\"},{\"@type\":\"ListItem\",\"position\":4,\"name\":\"Filip Juri\u010di\u0107\"}]},{\"@type\":\"WebSite\",\"@id\":\"http:\\\/\\\/www.komedija.hr\\\/www\\\/#website\",\"url\":\"http:\\\/\\\/www.komedija.hr\\\/www\\\/\",\"name\":\"Kazali\u0161te Komedija\",\"description\":\"\",\"publisher\":{\"@id\":\"http:\\\/\\\/www.komedija.hr\\\/www\\\/#organization\"},\"potentialAction\":[{\"@type\":\"SearchAction\",\"target\":{\"@type\":\"EntryPoint\",\"urlTemplate\":\"http:\\\/\\\/www.komedija.hr\\\/www\\\/?s={search_term_string}\"},\"query-input\":{\"@type\":\"PropertyValueSpecification\",\"valueRequired\":true,\"valueName\":\"search_term_string\"}}],\"inLanguage\":\"hr\"},{\"@type\":\"Organization\",\"@id\":\"http:\\\/\\\/www.komedija.hr\\\/www\\\/#organization\",\"name\":\"Zagreba\u010dko gradsko Kazali\u0161ta Komedija\",\"url\":\"http:\\\/\\\/www.komedija.hr\\\/www\\\/\",\"logo\":{\"@type\":\"ImageObject\",\"inLanguage\":\"hr\",\"@id\":\"http:\\\/\\\/www.komedija.hr\\\/www\\\/#\\\/schema\\\/logo\\\/image\\\/\",\"url\":\"https:\\\/\\\/www.komedija.hr\\\/www\\\/wp-content\\\/uploads\\\/2020\\\/02\\\/cropped-Kazaliste_Komedija_logo_2.png\",\"contentUrl\":\"https:\\\/\\\/www.komedija.hr\\\/www\\\/wp-content\\\/uploads\\\/2020\\\/02\\\/cropped-Kazaliste_Komedija_logo_2.png\",\"width\":512,\"height\":512,\"caption\":\"Zagreba\u010dko gradsko Kazali\u0161ta Komedija\"},\"image\":{\"@id\":\"http:\\\/\\\/www.komedija.hr\\\/www\\\/#\\\/schema\\\/logo\\\/image\\\/\"},\"sameAs\":[\"https:\\\/\\\/www.facebook.com\\\/kazaliste.komedija\\\/\",\"https:\\\/\\\/x.com\\\/KKomedija\",\"https:\\\/\\\/www.instagram.com\\\/kazaliste_komedija\\\/\",\"https:\\\/\\\/www.youtube.com\\\/channel\\\/UC1NcapMYUXJW3miW_oPxT5w\\\/videos\"]}]}<\/script>\n<!-- \/ Yoast SEO plugin. -->","yoast_head_json":{"title":"Filip Juri\u010di\u0107 - Kazali\u0161te Komedija","robots":{"index":"index","follow":"follow","max-snippet":"max-snippet:-1","max-image-preview":"max-image-preview:large","max-video-preview":"max-video-preview:-1"},"canonical":"https:\/\/www.komedija.hr\/www\/ansambl-2\/glumci\/filip-juricic\/","og_locale":"hr_HR","og_type":"article","og_title":"Filip Juri\u010di\u0107 - Kazali\u0161te Komedija","og_description":"&nbsp; Glumac DATUM I MJESTO RO\u0110ENJA 18. travnja 1981., Zagreb KONTAKT propaganda@komedija.hr OBRAZOVANJE Akademija za kazali\u0161te, film i televiziju KAZALI\u0160TE ZGK \u201eKomedija\u201c: Svoga tela gospodar, Opasne veze, Ukro\u0107ena goropadnica, Dobra du\u0161a iz Se\u010duana, Mala kavana, Bljesak zlatnog zuba, Gospo\u0111ica iz Maksima, Talijanski slamnati \u0161e\u0161ir, Revizor, Opet on; Legenda o svetom Muhli, Zaljubljeni Shakespeare, Ludnica s [&hellip;]","og_url":"https:\/\/www.komedija.hr\/www\/ansambl-2\/glumci\/filip-juricic\/","og_site_name":"Kazali\u0161te Komedija","article_publisher":"https:\/\/www.facebook.com\/kazaliste.komedija\/","article_modified_time":"2025-06-11T10:21:41+00:00","og_image":[{"width":1707,"height":2560,"url":"https:\/\/www.komedija.hr\/www\/wp-content\/uploads\/2024\/02\/Filip-Juricic-scaled.jpg","type":"image\/jpeg"}],"twitter_card":"summary_large_image","twitter_site":"@KKomedija","twitter_misc":{"Procijenjeno vrijeme \u010ditanja":"2 minute"},"schema":{"@context":"https:\/\/schema.org","@graph":[{"@type":"WebPage","@id":"https:\/\/www.komedija.hr\/www\/ansambl-2\/glumci\/filip-juricic\/","url":"https:\/\/www.komedija.hr\/www\/ansambl-2\/glumci\/filip-juricic\/","name":"Filip Juri\u010di\u0107 - Kazali\u0161te Komedija","isPartOf":{"@id":"http:\/\/www.komedija.hr\/www\/#website"},"primaryImageOfPage":{"@id":"https:\/\/www.komedija.hr\/www\/ansambl-2\/glumci\/filip-juricic\/#primaryimage"},"image":{"@id":"https:\/\/www.komedija.hr\/www\/ansambl-2\/glumci\/filip-juricic\/#primaryimage"},"thumbnailUrl":"https:\/\/www.komedija.hr\/www\/wp-content\/uploads\/2024\/02\/Filip-Juricic-200x300.jpg","datePublished":"2014-05-27T07:40:26+00:00","dateModified":"2025-06-11T10:21:41+00:00","breadcrumb":{"@id":"https:\/\/www.komedija.hr\/www\/ansambl-2\/glumci\/filip-juricic\/#breadcrumb"},"inLanguage":"hr","potentialAction":[{"@type":"ReadAction","target":["https:\/\/www.komedija.hr\/www\/ansambl-2\/glumci\/filip-juricic\/"]}]},{"@type":"ImageObject","inLanguage":"hr","@id":"https:\/\/www.komedija.hr\/www\/ansambl-2\/glumci\/filip-juricic\/#primaryimage","url":"https:\/\/www.komedija.hr\/www\/wp-content\/uploads\/2024\/02\/Filip-Juricic-scaled.jpg","contentUrl":"https:\/\/www.komedija.hr\/www\/wp-content\/uploads\/2024\/02\/Filip-Juricic-scaled.jpg","width":1707,"height":2560},{"@type":"BreadcrumbList","@id":"https:\/\/www.komedija.hr\/www\/ansambl-2\/glumci\/filip-juricic\/#breadcrumb","itemListElement":[{"@type":"ListItem","position":1,"name":"Po\u010detna stranica","item":"http:\/\/www.komedija.hr\/www\/"},{"@type":"ListItem","position":2,"name":"Ansambl","item":"https:\/\/www.komedija.hr\/www\/ansambl-2\/"},{"@type":"ListItem","position":3,"name":"Glumci","item":"https:\/\/www.komedija.hr\/www\/ansambl-2\/glumci\/"},{"@type":"ListItem","position":4,"name":"Filip Juri\u010di\u0107"}]},{"@type":"WebSite","@id":"http:\/\/www.komedija.hr\/www\/#website","url":"http:\/\/www.komedija.hr\/www\/","name":"Kazali\u0161te Komedija","description":"","publisher":{"@id":"http:\/\/www.komedija.hr\/www\/#organization"},"potentialAction":[{"@type":"SearchAction","target":{"@type":"EntryPoint","urlTemplate":"http:\/\/www.komedija.hr\/www\/?s={search_term_string}"},"query-input":{"@type":"PropertyValueSpecification","valueRequired":true,"valueName":"search_term_string"}}],"inLanguage":"hr"},{"@type":"Organization","@id":"http:\/\/www.komedija.hr\/www\/#organization","name":"Zagreba\u010dko gradsko Kazali\u0161ta Komedija","url":"http:\/\/www.komedija.hr\/www\/","logo":{"@type":"ImageObject","inLanguage":"hr","@id":"http:\/\/www.komedija.hr\/www\/#\/schema\/logo\/image\/","url":"https:\/\/www.komedija.hr\/www\/wp-content\/uploads\/2020\/02\/cropped-Kazaliste_Komedija_logo_2.png","contentUrl":"https:\/\/www.komedija.hr\/www\/wp-content\/uploads\/2020\/02\/cropped-Kazaliste_Komedija_logo_2.png","width":512,"height":512,"caption":"Zagreba\u010dko gradsko Kazali\u0161ta Komedija"},"image":{"@id":"http:\/\/www.komedija.hr\/www\/#\/schema\/logo\/image\/"},"sameAs":["https:\/\/www.facebook.com\/kazaliste.komedija\/","https:\/\/x.com\/KKomedija","https:\/\/www.instagram.com\/kazaliste_komedija\/","https:\/\/www.youtube.com\/channel\/UC1NcapMYUXJW3miW_oPxT5w\/videos"]}]}},"_links":{"self":[{"href":"https:\/\/www.komedija.hr\/www\/wp-json\/wp\/v2\/pages\/5131","targetHints":{"allow":["GET"]}}],"collection":[{"href":"https:\/\/www.komedija.hr\/www\/wp-json\/wp\/v2\/pages"}],"about":[{"href":"https:\/\/www.komedija.hr\/www\/wp-json\/wp\/v2\/types\/page"}],"author":[{"embeddable":true,"href":"https:\/\/www.komedija.hr\/www\/wp-json\/wp\/v2\/users\/4"}],"replies":[{"embeddable":true,"href":"https:\/\/www.komedija.hr\/www\/wp-json\/wp\/v2\/comments?post=5131"}],"version-history":[{"count":4,"href":"https:\/\/www.komedija.hr\/www\/wp-json\/wp\/v2\/pages\/5131\/revisions"}],"predecessor-version":[{"id":20878,"href":"https:\/\/www.komedija.hr\/www\/wp-json\/wp\/v2\/pages\/5131\/revisions\/20878"}],"up":[{"embeddable":true,"href":"https:\/\/www.komedija.hr\/www\/wp-json\/wp\/v2\/pages\/6992"}],"wp:attachment":[{"href":"https:\/\/www.komedija.hr\/www\/wp-json\/wp\/v2\/media?parent=5131"}],"curies":[{"name":"wp","href":"https:\/\/api.w.org\/{rel}","templated":true}]}}