{"id":5452,"date":"2014-11-10T13:14:58","date_gmt":"2014-11-10T12:14:58","guid":{"rendered":"http:\/\/www.komedija.hr\/web\/?page_id=5452"},"modified":"2019-09-04T12:53:07","modified_gmt":"2019-09-04T10:53:07","slug":"uskrsli","status":"publish","type":"page","link":"https:\/\/www.komedija.hr\/www\/arhiva-predstava\/uskrsli\/","title":{"rendered":"Uskrsli (koprodukcija)"},"content":{"rendered":"<p><em><a href=\"http:\/\/www.ulaznice.hr\/web\/ctl_evt.jsp?act=priredbe&amp;p=t&amp;t=8\"><img decoding=\"async\" src=\"http:\/\/www.komedija.hr\/www\/images\/button_kupi.gif\" \/><\/a><\/em><\/p>\n<p>Daniele Ricci: USKRSLI, mjuzikl<br \/>\nKoprodukcija \u017dupe sv. Antuna Padovanskog, glasnika sv. Antuna Padovanskog &#8220;Veritas&#8221; i Kazali\u0161ta &#8220;Komedija&#8221;<\/p>\n<p><code><div style=\"text-algn:left\"><span style=\"display:inline-block;text-align:center;\"><iframe allow=\"autoplay\" class=\"youtube_embed_iframe\"    allowFullScreen=\"true\" style=\"width:640px; height:360px\" src=\"https:\/\/www.youtube.com\/embed\/ZZlUPjHntYs?autoplay=0&theme=dark&loop=0&fs=1&showinfo=1&modestbranding=0&iv_load_policy=3&color=red&autohide=1&disablekb=0&enablejsapi=1&version=3\"><\/iframe><\/span><\/div><\/code><\/p>\n<p>Redatelji: Robert Bo\u0161kovi\u0107 i Marko Cindri\u0107<br \/>\nPrijevod s talijanskog: Aleksandra M. Chvalowsky<br \/>\nPrepjev na hrvatski jezik i adaptacija: Sanja i Branko Bardun<br \/>\nScenograf: Davor Prah<br \/>\nZa mjuzikl Uskrsli Ana Tri\u0161ler izradila kostime:\u00a0veliki an\u0111eo, mali an\u0111eli, zmije, velika haljina majke Marije i Isus \u2013 finale.<br \/>\nOstali kostimi kori\u0161teni iz fundusa predstave Jesus Christ Superstar autorice Barbare Bourek.<br \/>\nKoreograf i autor scenskog pokreta: Andrea Solomun<br \/>\nPrijevod s talijanskog: Aleksandra M. Chwalowsky<br \/>\nPrepjev na hrvatski jezik i adaptacija: Sanja Bardun i Branko Bardun<br \/>\nPartiture\/Voditelj zbora: Iva Bardun<br \/>\nOblikovanje svjetla: Branimir Vorberger Vidovi\u0107<br \/>\nVideo projekcije i mapping: Nina Klari\u0107<br \/>\nMajstor tona:\u00a0Mario Stanin<br \/>\nPomo\u0107nik majstora tona:\u00a0Dominik Milanovi\u0107 \/ Domagoj Markovi\u0107<br \/>\nGlazbeni producenti: Sanja Bardun, Iva Bardun i Branko Bardun<br \/>\nOslikavanje Veronikinog rupca: Tea Stra\u017ei\u010di\u0107<br \/>\nDizajn vizuala: Rea Br\u010di\u0107<br \/>\nInspicijent: Zlatko Kelneri\u0107<br \/>\n\u0160minka:\u00a0Bosiljka Horvat<br \/>\nFrizure:\u00a0Ana Posavec<br \/>\nVlasuljar i maska: Merima \u0110ikoli i Irena Ru\u017ei\u0107<br \/>\nPR manager: Ivan Lotar<br \/>\nEvent manager: Robert Jan\u0111el<br \/>\nProducent: Josip Bla\u017eevi\u0107<br \/>\nProducent: Niko Pavlovi\u0107<br \/>\nULOGE:<br \/>\nIsus \u2013\u00a0Stjepan Lach<br \/>\nMarija (majka Isusova) \u2013 Sanja Bardun<br \/>\nMarija Magdalena \u2013 Maja Blagdan<br \/>\nToma \u2013 Ivan Mikuli\u0107<br \/>\nPetar \u2013 Valent Slonje<br \/>\nKajfa \u2013 Ivan M. Lotar<br \/>\nPilat \u2013 Igor Drvenkar<br \/>\nMarija (majka Jakovljeva) \u2013 Lucija Maltar<br \/>\nSaloma (majka Ivanova) \u2013 Nives Holajn<br \/>\nKlaudija (\u017eena Pilatova) \u2013 Matea Bardun<br \/>\nAn\u0111eo s groba \u2013 Vedrana Coli\u0107<br \/>\nJuda \u2013 Ante Lu\u010di\u0107<br \/>\nIvan \u2013 Filip Pa\u0161ali\u0107<br \/>\nSinedristi (Kajfini sljedbenici) \u2013 \u010clanovi zbora<br \/>\nU\u010denici iz Emausa \u2013 Pavao Pulji\u0107 i Zvonimir Kali\u0107<br \/>\nHodo\u010dasnici iz Gr\u010dke \u2013 Fra Robert M. Jan\u0111el i Antun \u0160telma<br \/>\nSluga Malho \u2013\u00a0Martin Golik<br \/>\nKajfina stra\u017ea i rimski vojnici:\u00a0Nikola Dega\u010d,\u00a0Jozo Mijatovi\u0107, Ivan Milardovi\u0107, Josip Vrbani\u0107,\u00a0Slavomir Travica, Andrej Kliki\u0107<\/p>\n<p>\u010cLANOVI ZBORA (Zbor Kolbe):<br \/>\nSoprani:\u00a0Ana Bali\u0107, Andreja Kotnik,\u00a0Lucija Maltar, Dora Franka Zeli\u0107, Vedrana Coli\u0107<br \/>\nAlti:Matea Bardun, Sanja Bardun, Anabela \u010cerneli, Nives Holajn,\u00a0Kana Kova\u010d-Mihalj\u010devi\u0107, Brigita Lekaj, Dominika Rojkovi\u0107, Karla Marjanovi\u0107<br \/>\nTenori:\u00a0\u00a0fra Robert M. Jan\u0111el, Valent Slonje, Antun \u0160telma, Zvonimir Kali\u0107<br \/>\nBasi:\u00a0Igor Drvenkar, fra Ivan M. Lotar,\u00a0Filip Pa\u0161ali\u0107, Pavao Pulji\u0107, Adam \u0160eb, Ante Lu\u010di\u0107<\/p>\n<p>PLESNI ANSAMBL:<br \/>\nAndrea Solomun \u2013 koreograf i voditelj,\u00a0Iva \u010cevizovi\u0107, Jasna Perin,\u00a0Manuela Svorcan, Matea Bogdan, Marta Borovec, Andreja \u010condor, Mia Kova\u010devi\u0107,\u00a0Ela Kupres \u0110or\u0111evi\u0107, Ana \u017dulec,\u00a0Marko Herceg, Mario Juki\u0107,\u00a0Zdravko Petek,\u00a0Anteo Ukusi\u0107, Aleksandar Vidovi\u0107, Vjekoslav Coli\u0107<\/p>\n<p>\u010cLANOVI ORKESTRA (Band Novo svitanje):<br \/>\nBranko Bardun (voditelj banda, klavijature), Iva Bardun (klavijature),<br \/>\nVlado Volenec (gitara), fra Michael Pavi\u0107 (bas gitara),<br \/>\nTomislav \u0160nidari\u0107 (akusti\u010dna gitara), G. Marki\u0107 (bubnjevi)<\/p>\n<p>&nbsp;<\/p>\n<p><strong>ONKRAJ BOLI I KRI\u017dA<\/strong><\/p>\n<p>Mjuzikl \u201eUskrsli\u201c glazbeno-scenski uprizoruje Veliki tjedan, sve od sve\u010danoga ulaska u Jeruzalem do Kristova uskrsnu\u0107a. Upravo s naglaskom na uskrsnu\u0107e. Autor je sam to obrazlo\u017eio: \u201eSvi poznajemo svjetski uspje\u0161an mjuzikl \u201eJesus Christ superstar\u201c \u010dije nam gledanje na kraju ostavi neki gorak okus i sumnju. Ja sam mojim mjuziklom \u017eelio staviti naglasak na uskrsnu\u0107e Kristovo, \u0161to je centar na\u0161e vjere, ro\u0111enje ljubavi i \u017eivota za sve nas\u201c.<\/p>\n<p>&nbsp;<\/p>\n<p>Svi\u0107e zora novoga jutra nakon Kri\u017ea, nakon muke, trpljenja i smrti Isusove. Navije\u0161taj \u017eivota dan je \u017eenama, gotovo kao poslanje duhovnoga maj\u010dinstva nad Crkvom koja se upravo ra\u0111a. Upravo je ta otajstvena novost, koju je to jutro dalo naslutiti, nadahnulo ovo glazbeno djelo Daniele Riccija. \u201eUskrsli\u201c se ne svodi samo na uobi\u010dajenu pri\u010du o prizorima muke: ide onkraj doga\u0111aj\u00e2 vezanih uz trpljenje, \u017ertvu i smrt, donosi pripovijest o spasenju, kako bi iznio glavni trenutak uskrsnu\u0107a, pobjedu svjetla nad tamom, radosti nad tugom, po\u010detak duga puta koji se\u017ee sve do nas.<\/p>\n<p>Rezultat svega toga dojmljivo je glazbeno putovanje u spomen na temeljni doga\u0111aj kr\u0161\u0107anske vjere, zabilje\u017een i ponovno pro\u017eivljen na sna\u017ean i dirljiv na\u010din. Od Isusova ulaska u Jeruzalem, pa do an\u0111elova navje\u0161taja \u017eenama pred Grobom, i ukazanja u\u010denicima na putu za Emaus, kao i Tomi, doga\u0111aji, likovi, dijalozi, i misli, odvijaju se kroz pjesme, u posve glazbenu slijedu epizoda i osje\u0107aja, iz kojih, na posve izvoran na\u010din, izranjaju glavni \u017eenski likovi Evan\u0111elja.<\/p>\n<p>Posrijedi je mjuzikl koji \u201eosloba\u0111a srce\u201c slave\u0107i \u017eivot te, kroz glazbu i scenski prikaz, donosi \u010dudo koje je uvijek novo.<\/p>\n","protected":false},"excerpt":{"rendered":"<p>Daniele Ricci: USKRSLI, mjuzikl Koprodukcija \u017dupe sv. Antuna Padovanskog, glasnika sv. Antuna Padovanskog &#8220;Veritas&#8221; i Kazali\u0161ta &#8220;Komedija&#8221; Redatelji: Robert Bo\u0161kovi\u0107 i Marko Cindri\u0107 Prijevod s talijanskog: Aleksandra M. Chvalowsky Prepjev na hrvatski jezik i adaptacija: Sanja i Branko Bardun Scenograf: Davor Prah Za mjuzikl Uskrsli Ana Tri\u0161ler izradila kostime:\u00a0veliki an\u0111eo, mali an\u0111eli, zmije, velika haljina [&hellip;]<\/p>\n","protected":false},"author":3,"featured_media":8588,"parent":1659,"menu_order":0,"comment_status":"closed","ping_status":"open","template":"","meta":{"ngg_post_thumbnail":0,"footnotes":""},"class_list":["post-5452","page","type-page","status-publish","has-post-thumbnail","hentry"],"yoast_head":"<!-- This site is optimized with the Yoast SEO plugin v27.5 - https:\/\/yoast.com\/product\/yoast-seo-wordpress\/ -->\n<title>Uskrsli (koprodukcija) - Kazali\u0161te Komedija<\/title>\n<meta name=\"robots\" content=\"index, follow, max-snippet:-1, max-image-preview:large, max-video-preview:-1\" \/>\n<link rel=\"canonical\" href=\"https:\/\/www.komedija.hr\/www\/arhiva-predstava\/uskrsli\/\" \/>\n<meta property=\"og:locale\" content=\"hr_HR\" \/>\n<meta property=\"og:type\" content=\"article\" \/>\n<meta property=\"og:title\" content=\"Uskrsli (koprodukcija) - Kazali\u0161te Komedija\" \/>\n<meta property=\"og:description\" content=\"Daniele Ricci: USKRSLI, mjuzikl Koprodukcija \u017dupe sv. Antuna Padovanskog, glasnika sv. Antuna Padovanskog &#8220;Veritas&#8221; i Kazali\u0161ta &#8220;Komedija&#8221; Redatelji: Robert Bo\u0161kovi\u0107 i Marko Cindri\u0107 Prijevod s talijanskog: Aleksandra M. Chvalowsky Prepjev na hrvatski jezik i adaptacija: Sanja i Branko Bardun Scenograf: Davor Prah Za mjuzikl Uskrsli Ana Tri\u0161ler izradila kostime:\u00a0veliki an\u0111eo, mali an\u0111eli, zmije, velika haljina [&hellip;]\" \/>\n<meta property=\"og:url\" content=\"https:\/\/www.komedija.hr\/www\/arhiva-predstava\/uskrsli\/\" \/>\n<meta property=\"og:site_name\" content=\"Kazali\u0161te Komedija\" \/>\n<meta property=\"article:publisher\" content=\"https:\/\/www.facebook.com\/kazaliste.komedija\/\" \/>\n<meta property=\"article:modified_time\" content=\"2019-09-04T10:53:07+00:00\" \/>\n<meta property=\"og:image\" content=\"https:\/\/www.komedija.hr\/www\/wp-content\/uploads\/2014\/11\/uskrsli.jpg\" \/>\n\t<meta property=\"og:image:width\" content=\"787\" \/>\n\t<meta property=\"og:image:height\" content=\"450\" \/>\n\t<meta property=\"og:image:type\" content=\"image\/jpeg\" \/>\n<meta name=\"twitter:card\" content=\"summary_large_image\" \/>\n<meta name=\"twitter:site\" content=\"@KKomedija\" \/>\n<meta name=\"twitter:label1\" content=\"Procijenjeno vrijeme \u010ditanja\" \/>\n\t<meta name=\"twitter:data1\" content=\"4 minute\" \/>\n<script type=\"application\/ld+json\" class=\"yoast-schema-graph\">{\"@context\":\"https:\\\/\\\/schema.org\",\"@graph\":[{\"@type\":\"WebPage\",\"@id\":\"https:\\\/\\\/www.komedija.hr\\\/www\\\/arhiva-predstava\\\/uskrsli\\\/\",\"url\":\"https:\\\/\\\/www.komedija.hr\\\/www\\\/arhiva-predstava\\\/uskrsli\\\/\",\"name\":\"Uskrsli (koprodukcija) - Kazali\u0161te Komedija\",\"isPartOf\":{\"@id\":\"http:\\\/\\\/www.komedija.hr\\\/www\\\/#website\"},\"primaryImageOfPage\":{\"@id\":\"https:\\\/\\\/www.komedija.hr\\\/www\\\/arhiva-predstava\\\/uskrsli\\\/#primaryimage\"},\"image\":{\"@id\":\"https:\\\/\\\/www.komedija.hr\\\/www\\\/arhiva-predstava\\\/uskrsli\\\/#primaryimage\"},\"thumbnailUrl\":\"https:\\\/\\\/www.komedija.hr\\\/www\\\/wp-content\\\/uploads\\\/2014\\\/11\\\/uskrsli.jpg\",\"datePublished\":\"2014-11-10T12:14:58+00:00\",\"dateModified\":\"2019-09-04T10:53:07+00:00\",\"breadcrumb\":{\"@id\":\"https:\\\/\\\/www.komedija.hr\\\/www\\\/arhiva-predstava\\\/uskrsli\\\/#breadcrumb\"},\"inLanguage\":\"hr\",\"potentialAction\":[{\"@type\":\"ReadAction\",\"target\":[\"https:\\\/\\\/www.komedija.hr\\\/www\\\/arhiva-predstava\\\/uskrsli\\\/\"]}]},{\"@type\":\"ImageObject\",\"inLanguage\":\"hr\",\"@id\":\"https:\\\/\\\/www.komedija.hr\\\/www\\\/arhiva-predstava\\\/uskrsli\\\/#primaryimage\",\"url\":\"https:\\\/\\\/www.komedija.hr\\\/www\\\/wp-content\\\/uploads\\\/2014\\\/11\\\/uskrsli.jpg\",\"contentUrl\":\"https:\\\/\\\/www.komedija.hr\\\/www\\\/wp-content\\\/uploads\\\/2014\\\/11\\\/uskrsli.jpg\",\"width\":787,\"height\":450},{\"@type\":\"BreadcrumbList\",\"@id\":\"https:\\\/\\\/www.komedija.hr\\\/www\\\/arhiva-predstava\\\/uskrsli\\\/#breadcrumb\",\"itemListElement\":[{\"@type\":\"ListItem\",\"position\":1,\"name\":\"Po\u010detna stranica\",\"item\":\"http:\\\/\\\/www.komedija.hr\\\/www\\\/\"},{\"@type\":\"ListItem\",\"position\":2,\"name\":\"Arhiva predstava\",\"item\":\"https:\\\/\\\/www.komedija.hr\\\/www\\\/arhiva-predstava\\\/\"},{\"@type\":\"ListItem\",\"position\":3,\"name\":\"Uskrsli (koprodukcija)\"}]},{\"@type\":\"WebSite\",\"@id\":\"http:\\\/\\\/www.komedija.hr\\\/www\\\/#website\",\"url\":\"http:\\\/\\\/www.komedija.hr\\\/www\\\/\",\"name\":\"Kazali\u0161te Komedija\",\"description\":\"\",\"publisher\":{\"@id\":\"http:\\\/\\\/www.komedija.hr\\\/www\\\/#organization\"},\"potentialAction\":[{\"@type\":\"SearchAction\",\"target\":{\"@type\":\"EntryPoint\",\"urlTemplate\":\"http:\\\/\\\/www.komedija.hr\\\/www\\\/?s={search_term_string}\"},\"query-input\":{\"@type\":\"PropertyValueSpecification\",\"valueRequired\":true,\"valueName\":\"search_term_string\"}}],\"inLanguage\":\"hr\"},{\"@type\":\"Organization\",\"@id\":\"http:\\\/\\\/www.komedija.hr\\\/www\\\/#organization\",\"name\":\"Zagreba\u010dko gradsko Kazali\u0161ta Komedija\",\"url\":\"http:\\\/\\\/www.komedija.hr\\\/www\\\/\",\"logo\":{\"@type\":\"ImageObject\",\"inLanguage\":\"hr\",\"@id\":\"http:\\\/\\\/www.komedija.hr\\\/www\\\/#\\\/schema\\\/logo\\\/image\\\/\",\"url\":\"https:\\\/\\\/www.komedija.hr\\\/www\\\/wp-content\\\/uploads\\\/2020\\\/02\\\/cropped-Kazaliste_Komedija_logo_2.png\",\"contentUrl\":\"https:\\\/\\\/www.komedija.hr\\\/www\\\/wp-content\\\/uploads\\\/2020\\\/02\\\/cropped-Kazaliste_Komedija_logo_2.png\",\"width\":512,\"height\":512,\"caption\":\"Zagreba\u010dko gradsko Kazali\u0161ta Komedija\"},\"image\":{\"@id\":\"http:\\\/\\\/www.komedija.hr\\\/www\\\/#\\\/schema\\\/logo\\\/image\\\/\"},\"sameAs\":[\"https:\\\/\\\/www.facebook.com\\\/kazaliste.komedija\\\/\",\"https:\\\/\\\/x.com\\\/KKomedija\",\"https:\\\/\\\/www.instagram.com\\\/kazaliste_komedija\\\/\",\"https:\\\/\\\/www.youtube.com\\\/channel\\\/UC1NcapMYUXJW3miW_oPxT5w\\\/videos\"]}]}<\/script>\n<!-- \/ Yoast SEO plugin. -->","yoast_head_json":{"title":"Uskrsli (koprodukcija) - Kazali\u0161te Komedija","robots":{"index":"index","follow":"follow","max-snippet":"max-snippet:-1","max-image-preview":"max-image-preview:large","max-video-preview":"max-video-preview:-1"},"canonical":"https:\/\/www.komedija.hr\/www\/arhiva-predstava\/uskrsli\/","og_locale":"hr_HR","og_type":"article","og_title":"Uskrsli (koprodukcija) - Kazali\u0161te Komedija","og_description":"Daniele Ricci: USKRSLI, mjuzikl Koprodukcija \u017dupe sv. Antuna Padovanskog, glasnika sv. Antuna Padovanskog &#8220;Veritas&#8221; i Kazali\u0161ta &#8220;Komedija&#8221; Redatelji: Robert Bo\u0161kovi\u0107 i Marko Cindri\u0107 Prijevod s talijanskog: Aleksandra M. Chvalowsky Prepjev na hrvatski jezik i adaptacija: Sanja i Branko Bardun Scenograf: Davor Prah Za mjuzikl Uskrsli Ana Tri\u0161ler izradila kostime:\u00a0veliki an\u0111eo, mali an\u0111eli, zmije, velika haljina [&hellip;]","og_url":"https:\/\/www.komedija.hr\/www\/arhiva-predstava\/uskrsli\/","og_site_name":"Kazali\u0161te Komedija","article_publisher":"https:\/\/www.facebook.com\/kazaliste.komedija\/","article_modified_time":"2019-09-04T10:53:07+00:00","og_image":[{"width":787,"height":450,"url":"https:\/\/www.komedija.hr\/www\/wp-content\/uploads\/2014\/11\/uskrsli.jpg","type":"image\/jpeg"}],"twitter_card":"summary_large_image","twitter_site":"@KKomedija","twitter_misc":{"Procijenjeno vrijeme \u010ditanja":"4 minute"},"schema":{"@context":"https:\/\/schema.org","@graph":[{"@type":"WebPage","@id":"https:\/\/www.komedija.hr\/www\/arhiva-predstava\/uskrsli\/","url":"https:\/\/www.komedija.hr\/www\/arhiva-predstava\/uskrsli\/","name":"Uskrsli (koprodukcija) - Kazali\u0161te Komedija","isPartOf":{"@id":"http:\/\/www.komedija.hr\/www\/#website"},"primaryImageOfPage":{"@id":"https:\/\/www.komedija.hr\/www\/arhiva-predstava\/uskrsli\/#primaryimage"},"image":{"@id":"https:\/\/www.komedija.hr\/www\/arhiva-predstava\/uskrsli\/#primaryimage"},"thumbnailUrl":"https:\/\/www.komedija.hr\/www\/wp-content\/uploads\/2014\/11\/uskrsli.jpg","datePublished":"2014-11-10T12:14:58+00:00","dateModified":"2019-09-04T10:53:07+00:00","breadcrumb":{"@id":"https:\/\/www.komedija.hr\/www\/arhiva-predstava\/uskrsli\/#breadcrumb"},"inLanguage":"hr","potentialAction":[{"@type":"ReadAction","target":["https:\/\/www.komedija.hr\/www\/arhiva-predstava\/uskrsli\/"]}]},{"@type":"ImageObject","inLanguage":"hr","@id":"https:\/\/www.komedija.hr\/www\/arhiva-predstava\/uskrsli\/#primaryimage","url":"https:\/\/www.komedija.hr\/www\/wp-content\/uploads\/2014\/11\/uskrsli.jpg","contentUrl":"https:\/\/www.komedija.hr\/www\/wp-content\/uploads\/2014\/11\/uskrsli.jpg","width":787,"height":450},{"@type":"BreadcrumbList","@id":"https:\/\/www.komedija.hr\/www\/arhiva-predstava\/uskrsli\/#breadcrumb","itemListElement":[{"@type":"ListItem","position":1,"name":"Po\u010detna stranica","item":"http:\/\/www.komedija.hr\/www\/"},{"@type":"ListItem","position":2,"name":"Arhiva predstava","item":"https:\/\/www.komedija.hr\/www\/arhiva-predstava\/"},{"@type":"ListItem","position":3,"name":"Uskrsli (koprodukcija)"}]},{"@type":"WebSite","@id":"http:\/\/www.komedija.hr\/www\/#website","url":"http:\/\/www.komedija.hr\/www\/","name":"Kazali\u0161te Komedija","description":"","publisher":{"@id":"http:\/\/www.komedija.hr\/www\/#organization"},"potentialAction":[{"@type":"SearchAction","target":{"@type":"EntryPoint","urlTemplate":"http:\/\/www.komedija.hr\/www\/?s={search_term_string}"},"query-input":{"@type":"PropertyValueSpecification","valueRequired":true,"valueName":"search_term_string"}}],"inLanguage":"hr"},{"@type":"Organization","@id":"http:\/\/www.komedija.hr\/www\/#organization","name":"Zagreba\u010dko gradsko Kazali\u0161ta Komedija","url":"http:\/\/www.komedija.hr\/www\/","logo":{"@type":"ImageObject","inLanguage":"hr","@id":"http:\/\/www.komedija.hr\/www\/#\/schema\/logo\/image\/","url":"https:\/\/www.komedija.hr\/www\/wp-content\/uploads\/2020\/02\/cropped-Kazaliste_Komedija_logo_2.png","contentUrl":"https:\/\/www.komedija.hr\/www\/wp-content\/uploads\/2020\/02\/cropped-Kazaliste_Komedija_logo_2.png","width":512,"height":512,"caption":"Zagreba\u010dko gradsko Kazali\u0161ta Komedija"},"image":{"@id":"http:\/\/www.komedija.hr\/www\/#\/schema\/logo\/image\/"},"sameAs":["https:\/\/www.facebook.com\/kazaliste.komedija\/","https:\/\/x.com\/KKomedija","https:\/\/www.instagram.com\/kazaliste_komedija\/","https:\/\/www.youtube.com\/channel\/UC1NcapMYUXJW3miW_oPxT5w\/videos"]}]}},"_links":{"self":[{"href":"https:\/\/www.komedija.hr\/www\/wp-json\/wp\/v2\/pages\/5452","targetHints":{"allow":["GET"]}}],"collection":[{"href":"https:\/\/www.komedija.hr\/www\/wp-json\/wp\/v2\/pages"}],"about":[{"href":"https:\/\/www.komedija.hr\/www\/wp-json\/wp\/v2\/types\/page"}],"author":[{"embeddable":true,"href":"https:\/\/www.komedija.hr\/www\/wp-json\/wp\/v2\/users\/3"}],"replies":[{"embeddable":true,"href":"https:\/\/www.komedija.hr\/www\/wp-json\/wp\/v2\/comments?post=5452"}],"version-history":[{"count":0,"href":"https:\/\/www.komedija.hr\/www\/wp-json\/wp\/v2\/pages\/5452\/revisions"}],"up":[{"embeddable":true,"href":"https:\/\/www.komedija.hr\/www\/wp-json\/wp\/v2\/pages\/1659"}],"wp:featuredmedia":[{"embeddable":true,"href":"https:\/\/www.komedija.hr\/www\/wp-json\/wp\/v2\/media\/8588"}],"wp:attachment":[{"href":"https:\/\/www.komedija.hr\/www\/wp-json\/wp\/v2\/media?parent=5452"}],"curies":[{"name":"wp","href":"https:\/\/api.w.org\/{rel}","templated":true}]}}