{"id":5889,"date":"2015-05-27T14:39:26","date_gmt":"2015-05-27T12:39:26","guid":{"rendered":"http:\/\/www.komedija.hr\/web\/?page_id=5889"},"modified":"2025-06-24T10:52:20","modified_gmt":"2025-06-24T08:52:20","slug":"mamma-mia","status":"publish","type":"page","link":"https:\/\/www.komedija.hr\/www\/arhiva-predstava\/mamma-mia\/","title":{"rendered":"MAMMA MIA!"},"content":{"rendered":"<p><em><a href=\"http:\/\/www.ulaznice.hr\/web\/ctl_evt.jsp?act=priredbe&amp;p=t&amp;t=8\"><img decoding=\"async\" src=\"http:\/\/www.komedija.hr\/www\/images\/button_kupi.gif\"><\/a><\/em><\/p>\n<p><em>Glazba i stihovi<\/em><br \/>\n<em> Benny Andersson<\/em><br \/>\n<em> Bj\u00f6rn Ulvaeus<\/em><br \/>\n<em> neke pjesme u suradnji sa Stigom Andersonom<\/em><\/p>\n<p>Koprodukcija Zagreba\u010dkog gradskog kazali\u0161ta \u201cKomedija\u201d i Prospot d.o.o.<\/p>\n<p>tekst: Catherine Johnson<\/p>\n<p>Adaptacija na hrvatski: <a title=\"Dra\u017een Bratuli\u0107\" href=\"http:\/\/www.komedija.hr\/www\/ansambl-2\/drazen-bratulic\/\">Dra\u017een Bratuli\u0107<br \/>\n<\/a><br \/>\nMjuzikl Mamma Mia! izvorno su za Litterstar, u suradnji sa studijem Universal u Londonu producirali Judy Cramer, Richard East i Bj\u00f6rn Ulvaeus.<\/p>\n<p>Dodatni materijal i aran\u017emani: Martin Koch<\/p>\n<p>Glazbu objavio Universal Music Publishing Group<\/p>\n<p>&nbsp;<\/p>\n<div style=\"text-algn:left\"><span style=\"display:inline-block;text-align:center;\"><iframe allow=\"autoplay\" class=\"youtube_embed_iframe\"    allowFullScreen=\"true\" style=\"width:640px; height:360px\" src=\"https:\/\/www.youtube.com\/embed\/NHqrQ7V6vc8?autoplay=0&theme=dark&loop=0&fs=1&showinfo=1&modestbranding=0&iv_load_policy=3&color=red&autohide=1&disablekb=0&enablejsapi=1&version=3\"><\/iframe><\/span><\/div>\n<p>&nbsp;<\/p>\n<p>Dirigenti: <a href=\"http:\/\/www.komedija.hr\/www\/ansambl-2\/dirigenti\/appelt-dinko\/\">Dinko Appelt<\/a> \/ Davor Keli\u0107<br \/>\nRedatelj i koreograf: Igor Barberi\u0107<br \/>\nScenografkinja: Dinka Jeri\u010devi\u0107<br \/>\nKostimografkinja: Mirjana Zagorec<br \/>\nOblikovatelj tona: Mario Stanin<br \/>\nDizajner svjetla: Miljenko Bengez<\/p>\n<p>Asistentica redatelja: Petra Jagu\u0161i\u0107<br \/>\nAsistentica koreografa: Tihana Strme\u010dki<br \/>\nKorepetitor: Kre\u0161imir Batini\u0107<br \/>\nPlesni voditelj: Bojan Valenti\u0107<br \/>\nSuradnica scenografkinje: Marta Crnobrnja<br \/>\nAsistentica kostimografkinje: Emilija \u0160u\u0161kovi\u0107 Jakopac<\/p>\n<p>Osobe:<br \/>\n<strong>Donna Sheridan<\/strong>: <a title=\"Renata Sabljak\" href=\"http:\/\/www.komedija.hr\/www\/ansambl-2\/sabljak-renata\/\">Renata Sabljak<\/a><br \/>\n<strong>Sophie Sheridan<\/strong>: <a title=\"Vanda Winter\" href=\"http:\/\/www.komedija.hr\/www\/ansambl-2\/vanda-winter\/\">Vanda Winter<\/a>, <a href=\"http:\/\/www.komedija.hr\/www\/ansambl-2\/kraljevic-ana\/\">Ana Magud<\/a>, Elena Brumini (od 1.12.2015.)<br \/>\n<strong>Sam Carmichael<\/strong>: <a title=\"\u0110ani Stipani\u010dev\" href=\"http:\/\/www.komedija.hr\/www\/ansambl-2\/stipanicev-dani\/\">\u0110ani Stipani\u010dev<\/a>, <a title=\"Dra\u017een Bratuli\u0107\" href=\"http:\/\/www.komedija.hr\/www\/ansambl-2\/drazen-bratulic\/\">Dra\u017een Bratuli\u0107<\/a><br \/>\n<strong>Harry Bright<\/strong>: <a title=\"Ronald \u017dlabur\" href=\"http:\/\/www.komedija.hr\/www\/ansambl-2\/ronald-zlabur\/\">Ronald \u017dlabur<\/a>, Matko Kne\u0161aurek<br \/>\n<strong>Bill Austin<\/strong>: <a title=\"Ervin Bau\u010di\u0107\" href=\"http:\/\/www.komedija.hr\/www\/ansambl-2\/ervin-baucic\/\">Ervin Bau\u010di\u0107<\/a>, <a title=\"Adalbert Turner\" href=\"http:\/\/www.komedija.hr\/www\/ansambl-2\/adalbert-turner\/\">Adalbert Turner<\/a><br \/>\n<strong>Sky<\/strong>: Ivan \u010cui\u0107, Damir Ked\u017eo, Luka Ni\u017eeti\u0107, <a href=\"http:\/\/www.komedija.hr\/www\/ansambl-2\/glumci\/fabijan-pavao-medvesek\/\">Fabijan Pavao Medve\u0161ek<\/a> (od 16.10.2019.)<br \/>\n<strong>Tanya<\/strong>: <a title=\"Mila Elegovi\u0107\" href=\"http:\/\/www.komedija.hr\/www\/ansambl-2\/elegovic-mila\/\">Mila Elegovi\u0107<\/a>, <a title=\"Danijela Pintari\u0107\" href=\"http:\/\/www.komedija.hr\/www\/ansambl-2\/pintaric-danijela\/\">Danijela Pintari\u0107<\/a><br \/>\n<strong>Rosie<\/strong>: <a title=\"Nina Kai\u0107 Madi\u0107\" href=\"http:\/\/www.komedija.hr\/www\/ansambl-2\/kaic-nina\/\">Nina Kai\u0107 Madi\u0107<\/a>, Elena Brumini<br \/>\n<strong>Lisa<\/strong>: Martina Ivankovi\u0107<br \/>\n<strong>Ali<\/strong>: Sara Duvnjak \/ Morana Pa\u0161kievi\u0107 (od 9.12.2015.)<br \/>\n<strong>Pepper<\/strong>: Matija \u0160kvorc<br \/>\n<strong>Eddie<\/strong>: Zoran Simiki\u0107<br \/>\n<strong>Sve\u0107enik<\/strong>: Boris Barberi\u0107<\/p>\n<p>Ansambl: Ana Serti\u0107, Sofija \u0160iroka, Ivana Mesec, Tamara Masnjak, Stela Gajski, Ana Hani\u0107, Morana Pa\u0161kievi\u0107, Kristina \u0160kori\u0107, Dragan Peka, Stjepan Lach, Bo\u017eidar Peri\u010di\u0107, Boris Barberi\u0107, Emil Kuzminski, Dejan Jakovljevi\u0107, Mario Juki\u0107, Marko Herceg<\/p>\n<p>Lana Bla\u0107e, Larisa Marak, Jadranka Gospodneti\u0107 (off)<\/p>\n<p>Orkestar:<br \/>\nKlavijature: Du\u0161ko Zubalj, Berislav Antica, Zlatan Do\u0161li\u0107, Dinko Appelt<br \/>\nGitare: Ante Ma\u017euran, Marko Kukulj<br \/>\nBass gitare: Mladen Barakovi\u0107, Martin Petra\u010di\u0107<br \/>\nBubnjevi: Borna \u0160ercar, Ivica Luk\u0161i\u0107<br \/>\nUdaraljke: Hrvoje Rup\u010di\u0107, Bo\u017eo Rebi\u0107<br \/>\nOrganizator orkestra: Branko Knotek<\/p>\n<p>Programiranje zvukova:<br \/>\nKlavijature: Du\u0161ko Zubalj, Jaroslav Kubi\u010dek, Dinko Appelt<br \/>\nGitare: Marko Kukolj<br \/>\nBubanj: Borna \u0160ercar<\/p>\n<p>Cjelokupni ansambl glazbeno uvje\u017ebao Dinko Appelt<\/p>\n<p>Inspicijent: Zlatko Kelneri\u0107<\/p>\n<p>&nbsp;<\/p>\n<p>Sve\u010dane premijere: 18. i 19. lipnja 2015.<\/p>\n<p>Trajanje: oko 2 sata i 30 minuta<\/p>\n<p>&nbsp;<\/p>\n<p>[supsystic-gallery id=12 position=center]<\/p>\n<p>&nbsp;<\/p>\n<p>\u201eMAMMA MIA\u201c:<\/p>\n<p>OD DERUTNOG KOMBIJA \u201eNIRVANE\u201c DO LONDONSKOG TEATRA \u201ePRINC EDWARD\u201c I KAZALI\u0160TA \u201eKOMEDIJA\u201c NA ZAGREBA\u010cKOM KAPTOLU<\/p>\n<p>U kakvoj je to vezi jedna od najve\u0107ih rock-grupa u povijesti i to onih alternativnih i grunge rock grupa i musical Mamma Mia?<br \/>\nI zar bi Nirvana mogla imati ikakve veze s jednom i vi\u0161e uspje\u0161nica ABBA-e?<br \/>\nPa tako i sa musicalom utemeljenim na cijelom nizu zimzelenih hitova \u0161vedske grupe koja je katapultno lansirana 1974. na Pjesmi Eurovizije s pjesmomWaterloo?<br \/>\nABBA je u svega nekoliko godina iznjedrila toliko savr\u0161enih pop-pjesama da su je u tom umije\u0107u usporedjivali s \u201eBeatlesima\u201c.<br \/>\nPretjerano?<br \/>\nO, ne!<br \/>\nABBA &#8211; savr\u0161ena produkcija savr\u0161enih pop-pjesma, odreda hitova, postala je eto i nadahnu\u0107em za jednu \u201eNirvanu\u201c \u010diji su siroma\u0161ni \u010dlanovi u po\u010detku karijere u svom derutnom kombiju uz ve\u010deru od pola konzerve sardina slu\u0161ali The Stooges ali i ABBU.<br \/>\nPosljedice toga itekako su jasne i vidljive u prebogatom opusu pjesama \u201eNirvane\u201c od kojih su mnoge imale klasi\u010dno umije\u0107e strukturiranja savr\u0161ene pop-pjesme samo \u0161to su bile naravno Nirvana-Rock.<\/p>\n<p>\u201eNirvana\u201c je bila sa sjeverozapada SAD-a iz Seattlea, njegove neugodne i neprijatne okolice u svakom pogledu, klimatskom naro\u010dito.<br \/>\nNa drugom kraju svijeta i drugu vrst nadahnu\u0107a od ABBA-e imala je Catherine Johnson.<br \/>\nVoljela je slu\u0161ati ABBA- u ko i milijuni britanaca ali je u nje to bilo i kreativno, ne samo pasivno u\u017eivanje u hitovima svjetlucavog \u0161vedskog kvarteta.<\/p>\n<p>Catherine Johnson napisala je cijeli, pravi musical , u tradiciji majstorskih djela londonskog West Enda , imenovala ga po hitu Mamma Mia, a utemeljila na jo\u0161 nizu hitova ABBA-e.<\/p>\n<p>Mudra Catherine nije se puno mislila i svoju ideju predo\u010dila je u za\u010detku autorima svih pjesama ABBA-e Bennyiju Andersonu i Bjornu Ulvaeusu koji su odmah bili involvirani u cijeli projekt..<br \/>\nO\u010dito ne zbog love jer ve\u0107 su je dovoljno bili zaradili i zaradjuju nego kvalitete projekta.<br \/>\nJedna od one lijep\u0161e polovice kvarteta Anni-Frid Lynstadt toliko je bila odu\u0161evljena projektom jo\u0161 u za\u010decima da je i vlastitim financijama sudjelovala u pokretanju projekta a kasnije kad je Mamma Mia postao svjetski hit veoma \u010desto je nazo\u010dila na premijerama u pojedinim zemljama s velikim ponosom i rado\u0161\u0107u.<br \/>\nSve je za musical MAMMA MIA zapo\u010delo na legendarnom i vje\u010dnom za musical londonskom West Endu u teatru Prince Edward na sve\u010danoj premijeri i svjetskoj praizvedbi 6.travnja 1999.<\/p>\n<p>Koliko je od tada vode Temzom pro\u0161lo!<br \/>\nMAMMA MIA je prikazivana od tada pa do danas u vi\u0161e od \u010detrdeset zemalja \u2013 ne smije se naravno zaobi\u0107i nego ista\u010di i Broadway na Manhhattanu \u2013 a svakim danom broj zemalja se uve\u0107ava. Do danas je MAMMA MIA vidjelo vi\u0161e od 54 milijuna ljudi i nije onda ni \u010dudo \u0161to je musical imao presti\u017enu brzinu prermijera, br\u017eu nego i jedan musical u povijesti.<br \/>\nMAMMA MIA bila je najdugovje\u010dniji musical West End\/Broadway u Las Vegasu.!<br \/>\nU Njema\u010dkoj je na primjer MAMMA MIA dugo igrana istodobno \u010dak u tri grada:Essenu, Hamburgu i Suttgartu!<br \/>\nSli\u010dno je bilo ili jest i u Rusiji i Kini.<br \/>\nNa cijelome svijetu o svakom trenutku je najmanje \u0161est izvedbi musicala MAMMA MIA!<\/p>\n<p>Zavodljiva i tako zavodljivo ispri\u010dana pri\u010da Catherine Johnson o mladoj koja pred vjen\u010danje \u017eeli otkriti koji joj je od tri mu\u0161karca otac uz glazbu ABBA-e naravno da nije mogla mimoi\u0107i ni Gradsko kazali\u0161te Komedija na zagreba\u010dkom Kaptolu. A i za\u0161to bi?<br \/>\nKomedija ima predugu tradiciju stvaranja tako posebno te\u0161kog,zahtjevnog \u017eanra teatra \u2013 musical!<br \/>\nDa ne bi u svoj repertoar uvrstila i MAMMA MIA i izvela ga vlastitim snagama kao \u0161to je imala uvijek snage i umije\u0107a kreirati vlastiti doma\u0107i musical i izvesti ga vlastitim snagama.<br \/>\nUostalom MAMMA MIA ima sve odlike savr\u0161enoga musicala.<br \/>\nSjajan je kao komedija.<br \/>\nSjajan kao obiteljska vrijednost<br \/>\nKao prijateljska vrlina<br \/>\nI kao klasi\u010dni teatarski glazbeni show!<br \/>\nA to sve ima i imala je i ima<br \/>\nI imat \u0107e KOMEDIJA!<br \/>\nPa tako i sa MAMMA MIA!<\/p>\n<p>Ante Batinovi\u0107<\/p>\n","protected":false},"excerpt":{"rendered":"<p>Glazba i stihovi Benny Andersson Bj\u00f6rn Ulvaeus neke pjesme u suradnji sa Stigom Andersonom Koprodukcija Zagreba\u010dkog gradskog kazali\u0161ta \u201cKomedija\u201d i Prospot d.o.o. tekst: Catherine Johnson Adaptacija na hrvatski: Dra\u017een Bratuli\u0107 Mjuzikl Mamma Mia! izvorno su za Litterstar, u suradnji sa studijem Universal u Londonu producirali Judy Cramer, Richard East i Bj\u00f6rn Ulvaeus. Dodatni materijal i [&hellip;]<\/p>\n","protected":false},"author":3,"featured_media":7683,"parent":1659,"menu_order":0,"comment_status":"closed","ping_status":"closed","template":"","meta":{"ngg_post_thumbnail":0,"footnotes":""},"class_list":["post-5889","page","type-page","status-publish","has-post-thumbnail","hentry"],"yoast_head":"<!-- This site is optimized with the Yoast SEO plugin v27.4 - https:\/\/yoast.com\/product\/yoast-seo-wordpress\/ -->\n<title>MAMMA MIA! - Kazali\u0161te Komedija<\/title>\n<meta name=\"robots\" content=\"index, follow, max-snippet:-1, max-image-preview:large, max-video-preview:-1\" \/>\n<link rel=\"canonical\" href=\"https:\/\/www.komedija.hr\/www\/arhiva-predstava\/mamma-mia\/\" \/>\n<meta property=\"og:locale\" content=\"hr_HR\" \/>\n<meta property=\"og:type\" content=\"article\" \/>\n<meta property=\"og:title\" content=\"MAMMA MIA! - Kazali\u0161te Komedija\" \/>\n<meta property=\"og:description\" content=\"Glazba i stihovi Benny Andersson Bj\u00f6rn Ulvaeus neke pjesme u suradnji sa Stigom Andersonom Koprodukcija Zagreba\u010dkog gradskog kazali\u0161ta \u201cKomedija\u201d i Prospot d.o.o. tekst: Catherine Johnson Adaptacija na hrvatski: Dra\u017een Bratuli\u0107 Mjuzikl Mamma Mia! izvorno su za Litterstar, u suradnji sa studijem Universal u Londonu producirali Judy Cramer, Richard East i Bj\u00f6rn Ulvaeus. Dodatni materijal i [&hellip;]\" \/>\n<meta property=\"og:url\" content=\"https:\/\/www.komedija.hr\/www\/arhiva-predstava\/mamma-mia\/\" \/>\n<meta property=\"og:site_name\" content=\"Kazali\u0161te Komedija\" \/>\n<meta property=\"article:publisher\" content=\"https:\/\/www.facebook.com\/kazaliste.komedija\/\" \/>\n<meta property=\"article:modified_time\" content=\"2025-06-24T08:52:20+00:00\" \/>\n<meta property=\"og:image\" content=\"https:\/\/www.komedija.hr\/www\/wp-content\/uploads\/2015\/05\/mammamia.jpg\" \/>\n\t<meta property=\"og:image:width\" content=\"900\" \/>\n\t<meta property=\"og:image:height\" content=\"500\" \/>\n\t<meta property=\"og:image:type\" content=\"image\/jpeg\" \/>\n<meta name=\"twitter:card\" content=\"summary_large_image\" \/>\n<meta name=\"twitter:site\" content=\"@KKomedija\" \/>\n<meta name=\"twitter:label1\" content=\"Procijenjeno vrijeme \u010ditanja\" \/>\n\t<meta name=\"twitter:data1\" content=\"6 minuta\" \/>\n<script type=\"application\/ld+json\" class=\"yoast-schema-graph\">{\"@context\":\"https:\\\/\\\/schema.org\",\"@graph\":[{\"@type\":\"WebPage\",\"@id\":\"https:\\\/\\\/www.komedija.hr\\\/www\\\/arhiva-predstava\\\/mamma-mia\\\/\",\"url\":\"https:\\\/\\\/www.komedija.hr\\\/www\\\/arhiva-predstava\\\/mamma-mia\\\/\",\"name\":\"MAMMA MIA! - Kazali\u0161te Komedija\",\"isPartOf\":{\"@id\":\"http:\\\/\\\/www.komedija.hr\\\/www\\\/#website\"},\"primaryImageOfPage\":{\"@id\":\"https:\\\/\\\/www.komedija.hr\\\/www\\\/arhiva-predstava\\\/mamma-mia\\\/#primaryimage\"},\"image\":{\"@id\":\"https:\\\/\\\/www.komedija.hr\\\/www\\\/arhiva-predstava\\\/mamma-mia\\\/#primaryimage\"},\"thumbnailUrl\":\"https:\\\/\\\/www.komedija.hr\\\/www\\\/wp-content\\\/uploads\\\/2015\\\/05\\\/mammamia.jpg\",\"datePublished\":\"2015-05-27T12:39:26+00:00\",\"dateModified\":\"2025-06-24T08:52:20+00:00\",\"breadcrumb\":{\"@id\":\"https:\\\/\\\/www.komedija.hr\\\/www\\\/arhiva-predstava\\\/mamma-mia\\\/#breadcrumb\"},\"inLanguage\":\"hr\",\"potentialAction\":[{\"@type\":\"ReadAction\",\"target\":[\"https:\\\/\\\/www.komedija.hr\\\/www\\\/arhiva-predstava\\\/mamma-mia\\\/\"]}]},{\"@type\":\"ImageObject\",\"inLanguage\":\"hr\",\"@id\":\"https:\\\/\\\/www.komedija.hr\\\/www\\\/arhiva-predstava\\\/mamma-mia\\\/#primaryimage\",\"url\":\"https:\\\/\\\/www.komedija.hr\\\/www\\\/wp-content\\\/uploads\\\/2015\\\/05\\\/mammamia.jpg\",\"contentUrl\":\"https:\\\/\\\/www.komedija.hr\\\/www\\\/wp-content\\\/uploads\\\/2015\\\/05\\\/mammamia.jpg\",\"width\":900,\"height\":500},{\"@type\":\"BreadcrumbList\",\"@id\":\"https:\\\/\\\/www.komedija.hr\\\/www\\\/arhiva-predstava\\\/mamma-mia\\\/#breadcrumb\",\"itemListElement\":[{\"@type\":\"ListItem\",\"position\":1,\"name\":\"Po\u010detna stranica\",\"item\":\"http:\\\/\\\/www.komedija.hr\\\/www\\\/\"},{\"@type\":\"ListItem\",\"position\":2,\"name\":\"Arhiva predstava\",\"item\":\"https:\\\/\\\/www.komedija.hr\\\/www\\\/arhiva-predstava\\\/\"},{\"@type\":\"ListItem\",\"position\":3,\"name\":\"MAMMA MIA!\"}]},{\"@type\":\"WebSite\",\"@id\":\"http:\\\/\\\/www.komedija.hr\\\/www\\\/#website\",\"url\":\"http:\\\/\\\/www.komedija.hr\\\/www\\\/\",\"name\":\"Kazali\u0161te Komedija\",\"description\":\"\",\"publisher\":{\"@id\":\"http:\\\/\\\/www.komedija.hr\\\/www\\\/#organization\"},\"potentialAction\":[{\"@type\":\"SearchAction\",\"target\":{\"@type\":\"EntryPoint\",\"urlTemplate\":\"http:\\\/\\\/www.komedija.hr\\\/www\\\/?s={search_term_string}\"},\"query-input\":{\"@type\":\"PropertyValueSpecification\",\"valueRequired\":true,\"valueName\":\"search_term_string\"}}],\"inLanguage\":\"hr\"},{\"@type\":\"Organization\",\"@id\":\"http:\\\/\\\/www.komedija.hr\\\/www\\\/#organization\",\"name\":\"Zagreba\u010dko gradsko Kazali\u0161ta Komedija\",\"url\":\"http:\\\/\\\/www.komedija.hr\\\/www\\\/\",\"logo\":{\"@type\":\"ImageObject\",\"inLanguage\":\"hr\",\"@id\":\"http:\\\/\\\/www.komedija.hr\\\/www\\\/#\\\/schema\\\/logo\\\/image\\\/\",\"url\":\"https:\\\/\\\/www.komedija.hr\\\/www\\\/wp-content\\\/uploads\\\/2020\\\/02\\\/cropped-Kazaliste_Komedija_logo_2.png\",\"contentUrl\":\"https:\\\/\\\/www.komedija.hr\\\/www\\\/wp-content\\\/uploads\\\/2020\\\/02\\\/cropped-Kazaliste_Komedija_logo_2.png\",\"width\":512,\"height\":512,\"caption\":\"Zagreba\u010dko gradsko Kazali\u0161ta Komedija\"},\"image\":{\"@id\":\"http:\\\/\\\/www.komedija.hr\\\/www\\\/#\\\/schema\\\/logo\\\/image\\\/\"},\"sameAs\":[\"https:\\\/\\\/www.facebook.com\\\/kazaliste.komedija\\\/\",\"https:\\\/\\\/x.com\\\/KKomedija\",\"https:\\\/\\\/www.instagram.com\\\/kazaliste_komedija\\\/\",\"https:\\\/\\\/www.youtube.com\\\/channel\\\/UC1NcapMYUXJW3miW_oPxT5w\\\/videos\"]}]}<\/script>\n<!-- \/ Yoast SEO plugin. -->","yoast_head_json":{"title":"MAMMA MIA! - Kazali\u0161te Komedija","robots":{"index":"index","follow":"follow","max-snippet":"max-snippet:-1","max-image-preview":"max-image-preview:large","max-video-preview":"max-video-preview:-1"},"canonical":"https:\/\/www.komedija.hr\/www\/arhiva-predstava\/mamma-mia\/","og_locale":"hr_HR","og_type":"article","og_title":"MAMMA MIA! - Kazali\u0161te Komedija","og_description":"Glazba i stihovi Benny Andersson Bj\u00f6rn Ulvaeus neke pjesme u suradnji sa Stigom Andersonom Koprodukcija Zagreba\u010dkog gradskog kazali\u0161ta \u201cKomedija\u201d i Prospot d.o.o. tekst: Catherine Johnson Adaptacija na hrvatski: Dra\u017een Bratuli\u0107 Mjuzikl Mamma Mia! izvorno su za Litterstar, u suradnji sa studijem Universal u Londonu producirali Judy Cramer, Richard East i Bj\u00f6rn Ulvaeus. Dodatni materijal i [&hellip;]","og_url":"https:\/\/www.komedija.hr\/www\/arhiva-predstava\/mamma-mia\/","og_site_name":"Kazali\u0161te Komedija","article_publisher":"https:\/\/www.facebook.com\/kazaliste.komedija\/","article_modified_time":"2025-06-24T08:52:20+00:00","og_image":[{"width":900,"height":500,"url":"https:\/\/www.komedija.hr\/www\/wp-content\/uploads\/2015\/05\/mammamia.jpg","type":"image\/jpeg"}],"twitter_card":"summary_large_image","twitter_site":"@KKomedija","twitter_misc":{"Procijenjeno vrijeme \u010ditanja":"6 minuta"},"schema":{"@context":"https:\/\/schema.org","@graph":[{"@type":"WebPage","@id":"https:\/\/www.komedija.hr\/www\/arhiva-predstava\/mamma-mia\/","url":"https:\/\/www.komedija.hr\/www\/arhiva-predstava\/mamma-mia\/","name":"MAMMA MIA! - Kazali\u0161te Komedija","isPartOf":{"@id":"http:\/\/www.komedija.hr\/www\/#website"},"primaryImageOfPage":{"@id":"https:\/\/www.komedija.hr\/www\/arhiva-predstava\/mamma-mia\/#primaryimage"},"image":{"@id":"https:\/\/www.komedija.hr\/www\/arhiva-predstava\/mamma-mia\/#primaryimage"},"thumbnailUrl":"https:\/\/www.komedija.hr\/www\/wp-content\/uploads\/2015\/05\/mammamia.jpg","datePublished":"2015-05-27T12:39:26+00:00","dateModified":"2025-06-24T08:52:20+00:00","breadcrumb":{"@id":"https:\/\/www.komedija.hr\/www\/arhiva-predstava\/mamma-mia\/#breadcrumb"},"inLanguage":"hr","potentialAction":[{"@type":"ReadAction","target":["https:\/\/www.komedija.hr\/www\/arhiva-predstava\/mamma-mia\/"]}]},{"@type":"ImageObject","inLanguage":"hr","@id":"https:\/\/www.komedija.hr\/www\/arhiva-predstava\/mamma-mia\/#primaryimage","url":"https:\/\/www.komedija.hr\/www\/wp-content\/uploads\/2015\/05\/mammamia.jpg","contentUrl":"https:\/\/www.komedija.hr\/www\/wp-content\/uploads\/2015\/05\/mammamia.jpg","width":900,"height":500},{"@type":"BreadcrumbList","@id":"https:\/\/www.komedija.hr\/www\/arhiva-predstava\/mamma-mia\/#breadcrumb","itemListElement":[{"@type":"ListItem","position":1,"name":"Po\u010detna stranica","item":"http:\/\/www.komedija.hr\/www\/"},{"@type":"ListItem","position":2,"name":"Arhiva predstava","item":"https:\/\/www.komedija.hr\/www\/arhiva-predstava\/"},{"@type":"ListItem","position":3,"name":"MAMMA MIA!"}]},{"@type":"WebSite","@id":"http:\/\/www.komedija.hr\/www\/#website","url":"http:\/\/www.komedija.hr\/www\/","name":"Kazali\u0161te Komedija","description":"","publisher":{"@id":"http:\/\/www.komedija.hr\/www\/#organization"},"potentialAction":[{"@type":"SearchAction","target":{"@type":"EntryPoint","urlTemplate":"http:\/\/www.komedija.hr\/www\/?s={search_term_string}"},"query-input":{"@type":"PropertyValueSpecification","valueRequired":true,"valueName":"search_term_string"}}],"inLanguage":"hr"},{"@type":"Organization","@id":"http:\/\/www.komedija.hr\/www\/#organization","name":"Zagreba\u010dko gradsko Kazali\u0161ta Komedija","url":"http:\/\/www.komedija.hr\/www\/","logo":{"@type":"ImageObject","inLanguage":"hr","@id":"http:\/\/www.komedija.hr\/www\/#\/schema\/logo\/image\/","url":"https:\/\/www.komedija.hr\/www\/wp-content\/uploads\/2020\/02\/cropped-Kazaliste_Komedija_logo_2.png","contentUrl":"https:\/\/www.komedija.hr\/www\/wp-content\/uploads\/2020\/02\/cropped-Kazaliste_Komedija_logo_2.png","width":512,"height":512,"caption":"Zagreba\u010dko gradsko Kazali\u0161ta Komedija"},"image":{"@id":"http:\/\/www.komedija.hr\/www\/#\/schema\/logo\/image\/"},"sameAs":["https:\/\/www.facebook.com\/kazaliste.komedija\/","https:\/\/x.com\/KKomedija","https:\/\/www.instagram.com\/kazaliste_komedija\/","https:\/\/www.youtube.com\/channel\/UC1NcapMYUXJW3miW_oPxT5w\/videos"]}]}},"_links":{"self":[{"href":"https:\/\/www.komedija.hr\/www\/wp-json\/wp\/v2\/pages\/5889","targetHints":{"allow":["GET"]}}],"collection":[{"href":"https:\/\/www.komedija.hr\/www\/wp-json\/wp\/v2\/pages"}],"about":[{"href":"https:\/\/www.komedija.hr\/www\/wp-json\/wp\/v2\/types\/page"}],"author":[{"embeddable":true,"href":"https:\/\/www.komedija.hr\/www\/wp-json\/wp\/v2\/users\/3"}],"replies":[{"embeddable":true,"href":"https:\/\/www.komedija.hr\/www\/wp-json\/wp\/v2\/comments?post=5889"}],"version-history":[{"count":3,"href":"https:\/\/www.komedija.hr\/www\/wp-json\/wp\/v2\/pages\/5889\/revisions"}],"predecessor-version":[{"id":20293,"href":"https:\/\/www.komedija.hr\/www\/wp-json\/wp\/v2\/pages\/5889\/revisions\/20293"}],"up":[{"embeddable":true,"href":"https:\/\/www.komedija.hr\/www\/wp-json\/wp\/v2\/pages\/1659"}],"wp:featuredmedia":[{"embeddable":true,"href":"https:\/\/www.komedija.hr\/www\/wp-json\/wp\/v2\/media\/7683"}],"wp:attachment":[{"href":"https:\/\/www.komedija.hr\/www\/wp-json\/wp\/v2\/media?parent=5889"}],"curies":[{"name":"wp","href":"https:\/\/api.w.org\/{rel}","templated":true}]}}