{"id":6030,"date":"2015-09-22T14:01:57","date_gmt":"2015-09-22T12:01:57","guid":{"rendered":"http:\/\/www.komedija.hr\/web\/?page_id=6030"},"modified":"2018-10-01T14:04:52","modified_gmt":"2018-10-01T12:04:52","slug":"bljesak-zlatnog-zuba","status":"publish","type":"page","link":"https:\/\/www.komedija.hr\/www\/arhiva-predstava\/bljesak-zlatnog-zuba\/","title":{"rendered":"BLJESAK ZLATNOG ZUBA"},"content":{"rendered":"<p><a href=\"http:\/\/www.ulaznice.hr\/web\/ctl_evt.jsp?act=priredbe&amp;p=t&amp;t=8\"><img decoding=\"async\" src=\"http:\/\/www.komedija.hr\/www\/images\/button_kupi.gif\" \/><\/a><br \/>\nMate Mati\u0161i\u0107: BLJESAK ZLATNOG ZUBA, gastarbajterska kronika<br \/>\nRedatelj: <strong>Zoran Mu\u017ei\u0107<\/strong><br \/>\nScenograf: <strong>Darko Bakli\u017ea<\/strong><br \/>\nKostimografkinja: <strong>Elvira Ulip<\/strong><br \/>\nGlazba: <strong>\u0160imun Mati\u0161i\u0107 i Mate Mati\u0161i\u0107<\/strong><br \/>\nJezi\u010dni savjetnik: <strong>Damir Lon\u010dar<\/strong><br \/>\nAsistentica scenografa: <strong>Marijana Grade\u010dak<\/strong><\/p>\n<p><strong>OSOBE:<\/strong><br \/>\nStipe, gastarbajter: <a href=\"http:\/\/www.komedija.hr\/www\/ansambl-2\/loncar-damir\/\"><strong>Damir Lon\u010dar<\/strong><br \/>\n<\/a>Trusa, njegova \u017eena: <strong><a href=\"http:\/\/www.komedija.hr\/www\/ansambl-2\/kaic-nina\/\">Nina Kai\u0107 Madi\u0107<\/a><\/strong><br \/>\nZlata, njihova k\u0107i: <strong><a href=\"http:\/\/www.komedija.hr\/www\/ansambl-2\/glumci\/vanda-winter\/\">Vanda Winter<\/a> \/ Franka Klari\u0107 (od 3. 10. 2016.)<\/strong><a href=\"http:\/\/www.komedija.hr\/www\/ansambl-2\/vanda-winter\/\"><br \/>\n<\/a>Ante, gastarbajter: <a href=\"http:\/\/www.komedija.hr\/www\/ansambl-2\/davor-svedruzic\/\"><strong>Davor Svedru\u017ei\u0107<\/strong><br \/>\n<\/a>Joka, njegova \u017eena: <a href=\"http:\/\/www.komedija.hr\/www\/ansambl-2\/abrus-nada\/\"><strong>Nada Abrus<\/strong><br \/>\n<\/a>Mijo, gastarbajter: <a href=\"http:\/\/www.komedija.hr\/www\/ansambl-2\/ronald-zlabur\/\"><strong>Ronald \u017dlabur<\/strong><br \/>\n<\/a>Mara, njegova \u017eena:<strong> Nera Stipi\u010devi\u0107<\/strong><br \/>\nIko, njihov sin: <strong>Jan Juri\u010di\u0107<\/strong><br \/>\nNine, Mijin otac: <a href=\"http:\/\/www.komedija.hr\/www\/ansambl-2\/kraljevic-vinko\/\"><strong>Vinko Kraljevi\u0107<\/strong><br \/>\n<\/a>Marin, gastarbajter: <a href=\"http:\/\/www.komedija.hr\/www\/ansambl-2\/buneta-sasa\/\"><strong>Sa\u0161a Buneta<\/strong><br \/>\n<\/a>Karlo, gostioni\u010dar: <a href=\"http:\/\/www.komedija.hr\/www\/ansambl-2\/ivica-zadro\/\"><strong>Ivica Zadro<\/strong><br \/>\n<\/a>Sveto, njegov sin: <a href=\"http:\/\/www.komedija.hr\/www\/ansambl-2\/filip-juricic\/\"><strong>Filip Juri\u010di\u0107<\/strong><br \/>\n<\/a>U\u010ditelj: <a href=\"http:\/\/www.komedija.hr\/www\/ansambl-2\/mesin-igor\/\"><strong>Igor Me\u0161in<\/strong><br \/>\n<\/a>Doktor: <a href=\"http:\/\/www.komedija.hr\/www\/ansambl-2\/ljubo-zecevic\/\"><strong>Ljubo Ze\u010devi\u0107<\/strong><br \/>\n<\/a>Udvara\u010d (Zlatnozubi): <a href=\"http:\/\/www.komedija.hr\/www\/ansambl-2\/goran-malus\/\"><strong>Goran Malus<\/strong><br \/>\n<\/a>Baba I: <a href=\"http:\/\/www.komedija.hr\/www\/ansambl-2\/ciric-vanja\/\"><strong>Vanja \u0106iri\u0107<\/strong><br \/>\n<\/a>Baba II: <a href=\"http:\/\/www.komedija.hr\/www\/ansambl-2\/palic-picukaric-jasna\/\"><strong>Jasna Pali\u0107 Picukari\u0107<\/strong><br \/>\n<\/a>Baba III: <a href=\"http:\/\/www.komedija.hr\/www\/ansambl-2\/marija-boric\/\"><strong>Marija Bori\u0107<\/strong><br \/>\n<\/a>Gazdarica Hilda: <strong><a href=\"http:\/\/www.komedija.hr\/www\/ansambl-2\/abrus-nada\/\">Nada Abrus<\/a><\/strong><\/p>\n<p><span style=\"text-decoration: underline;\">Pretpremijere: 28. i 29. listopada 2015.<\/span><br \/>\n<span style=\"text-decoration: underline;\"> Sve\u010dana premijera: 30. listopada 2015.<\/span><\/p>\n<p>Cijena ulaznica: 50,00 i 70,00 kuna<\/p>\n<p>Na repertoar Kazali\u0161ta Komedija ovaj mjesec dolazi nam \u201eBljesak zlatnog zuba\u201c, gastarbajterska kronika Mate Mati\u0161i\u0107a. Rije\u010d je o jednom od najboljih kazali\u0161nih komada u novijoj hrvatskoj dramskoj knji\u017eevnosti. Ova mentalitetna komedija smje\u0161tena je u mjesto Ri\u010dice pokraj Imotskog, \u010dije stanovnike o\u010dekuju velike zajedni\u010dke i osobne promjene. Te\u017eak im je \u017eivot u selu, mukotrpan je mu\u0161karcima rad u Njema\u010dkoj, ali oni sve neda\u0107e lome \u017eivotnom borbom i optimizmom, oporim humorom i neuni\u0161tivim duhom. Sjajno napisani karakteri i prepoznatljive \u017eivotne situacije sa tvrdog kamenjara zabavit \u0107e vas, ali i postaviti pred pitanje: koliko snage imamo da postanemo stvarni, autenti\u010dni ljudi? Jer stanovnici ovog komada istinski izgaraju za ljubav, za domovinu, za obitelj, za prave velike vrijednosti. Samo ih \u017eivot u tome stalno onemogu\u0107ava. Smijeh kojim \u0107ete ih ispratiti, sakrit \u0107e suzu za velikim vrijednostima.<\/p>\n<p>[supsystic-gallery id=3 position=center]<\/p>\n","protected":false},"excerpt":{"rendered":"<p>Mate Mati\u0161i\u0107: BLJESAK ZLATNOG ZUBA, gastarbajterska kronika Redatelj: Zoran Mu\u017ei\u0107 Scenograf: Darko Bakli\u017ea Kostimografkinja: Elvira Ulip Glazba: \u0160imun Mati\u0161i\u0107 i Mate Mati\u0161i\u0107 Jezi\u010dni savjetnik: Damir Lon\u010dar Asistentica scenografa: Marijana Grade\u010dak OSOBE: Stipe, gastarbajter: Damir Lon\u010dar Trusa, njegova \u017eena: Nina Kai\u0107 Madi\u0107 Zlata, njihova k\u0107i: Vanda Winter \/ Franka Klari\u0107 (od 3. 10. 2016.) Ante, gastarbajter: [&hellip;]<\/p>\n","protected":false},"author":3,"featured_media":8583,"parent":1659,"menu_order":0,"comment_status":"closed","ping_status":"closed","template":"","meta":{"ngg_post_thumbnail":0,"footnotes":""},"class_list":["post-6030","page","type-page","status-publish","has-post-thumbnail","hentry"],"yoast_head":"<!-- This site is optimized with the Yoast SEO plugin v27.4 - https:\/\/yoast.com\/product\/yoast-seo-wordpress\/ -->\n<title>BLJESAK ZLATNOG ZUBA - Kazali\u0161te Komedija<\/title>\n<meta name=\"robots\" content=\"index, follow, max-snippet:-1, max-image-preview:large, max-video-preview:-1\" \/>\n<link rel=\"canonical\" href=\"https:\/\/www.komedija.hr\/www\/arhiva-predstava\/bljesak-zlatnog-zuba\/\" \/>\n<meta property=\"og:locale\" content=\"hr_HR\" \/>\n<meta property=\"og:type\" content=\"article\" \/>\n<meta property=\"og:title\" content=\"BLJESAK ZLATNOG ZUBA - Kazali\u0161te Komedija\" \/>\n<meta property=\"og:description\" content=\"Mate Mati\u0161i\u0107: BLJESAK ZLATNOG ZUBA, gastarbajterska kronika Redatelj: Zoran Mu\u017ei\u0107 Scenograf: Darko Bakli\u017ea Kostimografkinja: Elvira Ulip Glazba: \u0160imun Mati\u0161i\u0107 i Mate Mati\u0161i\u0107 Jezi\u010dni savjetnik: Damir Lon\u010dar Asistentica scenografa: Marijana Grade\u010dak OSOBE: Stipe, gastarbajter: Damir Lon\u010dar Trusa, njegova \u017eena: Nina Kai\u0107 Madi\u0107 Zlata, njihova k\u0107i: Vanda Winter \/ Franka Klari\u0107 (od 3. 10. 2016.) Ante, gastarbajter: [&hellip;]\" \/>\n<meta property=\"og:url\" content=\"https:\/\/www.komedija.hr\/www\/arhiva-predstava\/bljesak-zlatnog-zuba\/\" \/>\n<meta property=\"og:site_name\" content=\"Kazali\u0161te Komedija\" \/>\n<meta property=\"article:publisher\" content=\"https:\/\/www.facebook.com\/kazaliste.komedija\/\" \/>\n<meta property=\"article:modified_time\" content=\"2018-10-01T12:04:52+00:00\" \/>\n<meta property=\"og:image\" content=\"https:\/\/www.komedija.hr\/www\/wp-content\/uploads\/2017\/04\/bljesak.jpg\" \/>\n\t<meta property=\"og:image:width\" content=\"338\" \/>\n\t<meta property=\"og:image:height\" content=\"450\" \/>\n\t<meta property=\"og:image:type\" content=\"image\/jpeg\" \/>\n<meta name=\"twitter:card\" content=\"summary_large_image\" \/>\n<meta name=\"twitter:site\" content=\"@KKomedija\" \/>\n<meta name=\"twitter:label1\" content=\"Procijenjeno vrijeme \u010ditanja\" \/>\n\t<meta name=\"twitter:data1\" content=\"1 minuta\" \/>\n<script type=\"application\/ld+json\" class=\"yoast-schema-graph\">{\"@context\":\"https:\\\/\\\/schema.org\",\"@graph\":[{\"@type\":\"WebPage\",\"@id\":\"https:\\\/\\\/www.komedija.hr\\\/www\\\/arhiva-predstava\\\/bljesak-zlatnog-zuba\\\/\",\"url\":\"https:\\\/\\\/www.komedija.hr\\\/www\\\/arhiva-predstava\\\/bljesak-zlatnog-zuba\\\/\",\"name\":\"BLJESAK ZLATNOG ZUBA - Kazali\u0161te Komedija\",\"isPartOf\":{\"@id\":\"http:\\\/\\\/www.komedija.hr\\\/www\\\/#website\"},\"primaryImageOfPage\":{\"@id\":\"https:\\\/\\\/www.komedija.hr\\\/www\\\/arhiva-predstava\\\/bljesak-zlatnog-zuba\\\/#primaryimage\"},\"image\":{\"@id\":\"https:\\\/\\\/www.komedija.hr\\\/www\\\/arhiva-predstava\\\/bljesak-zlatnog-zuba\\\/#primaryimage\"},\"thumbnailUrl\":\"https:\\\/\\\/www.komedija.hr\\\/www\\\/wp-content\\\/uploads\\\/2017\\\/04\\\/bljesak.jpg\",\"datePublished\":\"2015-09-22T12:01:57+00:00\",\"dateModified\":\"2018-10-01T12:04:52+00:00\",\"breadcrumb\":{\"@id\":\"https:\\\/\\\/www.komedija.hr\\\/www\\\/arhiva-predstava\\\/bljesak-zlatnog-zuba\\\/#breadcrumb\"},\"inLanguage\":\"hr\",\"potentialAction\":[{\"@type\":\"ReadAction\",\"target\":[\"https:\\\/\\\/www.komedija.hr\\\/www\\\/arhiva-predstava\\\/bljesak-zlatnog-zuba\\\/\"]}]},{\"@type\":\"ImageObject\",\"inLanguage\":\"hr\",\"@id\":\"https:\\\/\\\/www.komedija.hr\\\/www\\\/arhiva-predstava\\\/bljesak-zlatnog-zuba\\\/#primaryimage\",\"url\":\"https:\\\/\\\/www.komedija.hr\\\/www\\\/wp-content\\\/uploads\\\/2017\\\/04\\\/bljesak.jpg\",\"contentUrl\":\"https:\\\/\\\/www.komedija.hr\\\/www\\\/wp-content\\\/uploads\\\/2017\\\/04\\\/bljesak.jpg\",\"width\":338,\"height\":450},{\"@type\":\"BreadcrumbList\",\"@id\":\"https:\\\/\\\/www.komedija.hr\\\/www\\\/arhiva-predstava\\\/bljesak-zlatnog-zuba\\\/#breadcrumb\",\"itemListElement\":[{\"@type\":\"ListItem\",\"position\":1,\"name\":\"Po\u010detna stranica\",\"item\":\"http:\\\/\\\/www.komedija.hr\\\/www\\\/\"},{\"@type\":\"ListItem\",\"position\":2,\"name\":\"Arhiva predstava\",\"item\":\"https:\\\/\\\/www.komedija.hr\\\/www\\\/arhiva-predstava\\\/\"},{\"@type\":\"ListItem\",\"position\":3,\"name\":\"BLJESAK ZLATNOG ZUBA\"}]},{\"@type\":\"WebSite\",\"@id\":\"http:\\\/\\\/www.komedija.hr\\\/www\\\/#website\",\"url\":\"http:\\\/\\\/www.komedija.hr\\\/www\\\/\",\"name\":\"Kazali\u0161te Komedija\",\"description\":\"\",\"publisher\":{\"@id\":\"http:\\\/\\\/www.komedija.hr\\\/www\\\/#organization\"},\"potentialAction\":[{\"@type\":\"SearchAction\",\"target\":{\"@type\":\"EntryPoint\",\"urlTemplate\":\"http:\\\/\\\/www.komedija.hr\\\/www\\\/?s={search_term_string}\"},\"query-input\":{\"@type\":\"PropertyValueSpecification\",\"valueRequired\":true,\"valueName\":\"search_term_string\"}}],\"inLanguage\":\"hr\"},{\"@type\":\"Organization\",\"@id\":\"http:\\\/\\\/www.komedija.hr\\\/www\\\/#organization\",\"name\":\"Zagreba\u010dko gradsko Kazali\u0161ta Komedija\",\"url\":\"http:\\\/\\\/www.komedija.hr\\\/www\\\/\",\"logo\":{\"@type\":\"ImageObject\",\"inLanguage\":\"hr\",\"@id\":\"http:\\\/\\\/www.komedija.hr\\\/www\\\/#\\\/schema\\\/logo\\\/image\\\/\",\"url\":\"https:\\\/\\\/www.komedija.hr\\\/www\\\/wp-content\\\/uploads\\\/2020\\\/02\\\/cropped-Kazaliste_Komedija_logo_2.png\",\"contentUrl\":\"https:\\\/\\\/www.komedija.hr\\\/www\\\/wp-content\\\/uploads\\\/2020\\\/02\\\/cropped-Kazaliste_Komedija_logo_2.png\",\"width\":512,\"height\":512,\"caption\":\"Zagreba\u010dko gradsko Kazali\u0161ta Komedija\"},\"image\":{\"@id\":\"http:\\\/\\\/www.komedija.hr\\\/www\\\/#\\\/schema\\\/logo\\\/image\\\/\"},\"sameAs\":[\"https:\\\/\\\/www.facebook.com\\\/kazaliste.komedija\\\/\",\"https:\\\/\\\/x.com\\\/KKomedija\",\"https:\\\/\\\/www.instagram.com\\\/kazaliste_komedija\\\/\",\"https:\\\/\\\/www.youtube.com\\\/channel\\\/UC1NcapMYUXJW3miW_oPxT5w\\\/videos\"]}]}<\/script>\n<!-- \/ Yoast SEO plugin. -->","yoast_head_json":{"title":"BLJESAK ZLATNOG ZUBA - Kazali\u0161te Komedija","robots":{"index":"index","follow":"follow","max-snippet":"max-snippet:-1","max-image-preview":"max-image-preview:large","max-video-preview":"max-video-preview:-1"},"canonical":"https:\/\/www.komedija.hr\/www\/arhiva-predstava\/bljesak-zlatnog-zuba\/","og_locale":"hr_HR","og_type":"article","og_title":"BLJESAK ZLATNOG ZUBA - Kazali\u0161te Komedija","og_description":"Mate Mati\u0161i\u0107: BLJESAK ZLATNOG ZUBA, gastarbajterska kronika Redatelj: Zoran Mu\u017ei\u0107 Scenograf: Darko Bakli\u017ea Kostimografkinja: Elvira Ulip Glazba: \u0160imun Mati\u0161i\u0107 i Mate Mati\u0161i\u0107 Jezi\u010dni savjetnik: Damir Lon\u010dar Asistentica scenografa: Marijana Grade\u010dak OSOBE: Stipe, gastarbajter: Damir Lon\u010dar Trusa, njegova \u017eena: Nina Kai\u0107 Madi\u0107 Zlata, njihova k\u0107i: Vanda Winter \/ Franka Klari\u0107 (od 3. 10. 2016.) Ante, gastarbajter: [&hellip;]","og_url":"https:\/\/www.komedija.hr\/www\/arhiva-predstava\/bljesak-zlatnog-zuba\/","og_site_name":"Kazali\u0161te Komedija","article_publisher":"https:\/\/www.facebook.com\/kazaliste.komedija\/","article_modified_time":"2018-10-01T12:04:52+00:00","og_image":[{"width":338,"height":450,"url":"https:\/\/www.komedija.hr\/www\/wp-content\/uploads\/2017\/04\/bljesak.jpg","type":"image\/jpeg"}],"twitter_card":"summary_large_image","twitter_site":"@KKomedija","twitter_misc":{"Procijenjeno vrijeme \u010ditanja":"1 minuta"},"schema":{"@context":"https:\/\/schema.org","@graph":[{"@type":"WebPage","@id":"https:\/\/www.komedija.hr\/www\/arhiva-predstava\/bljesak-zlatnog-zuba\/","url":"https:\/\/www.komedija.hr\/www\/arhiva-predstava\/bljesak-zlatnog-zuba\/","name":"BLJESAK ZLATNOG ZUBA - Kazali\u0161te Komedija","isPartOf":{"@id":"http:\/\/www.komedija.hr\/www\/#website"},"primaryImageOfPage":{"@id":"https:\/\/www.komedija.hr\/www\/arhiva-predstava\/bljesak-zlatnog-zuba\/#primaryimage"},"image":{"@id":"https:\/\/www.komedija.hr\/www\/arhiva-predstava\/bljesak-zlatnog-zuba\/#primaryimage"},"thumbnailUrl":"https:\/\/www.komedija.hr\/www\/wp-content\/uploads\/2017\/04\/bljesak.jpg","datePublished":"2015-09-22T12:01:57+00:00","dateModified":"2018-10-01T12:04:52+00:00","breadcrumb":{"@id":"https:\/\/www.komedija.hr\/www\/arhiva-predstava\/bljesak-zlatnog-zuba\/#breadcrumb"},"inLanguage":"hr","potentialAction":[{"@type":"ReadAction","target":["https:\/\/www.komedija.hr\/www\/arhiva-predstava\/bljesak-zlatnog-zuba\/"]}]},{"@type":"ImageObject","inLanguage":"hr","@id":"https:\/\/www.komedija.hr\/www\/arhiva-predstava\/bljesak-zlatnog-zuba\/#primaryimage","url":"https:\/\/www.komedija.hr\/www\/wp-content\/uploads\/2017\/04\/bljesak.jpg","contentUrl":"https:\/\/www.komedija.hr\/www\/wp-content\/uploads\/2017\/04\/bljesak.jpg","width":338,"height":450},{"@type":"BreadcrumbList","@id":"https:\/\/www.komedija.hr\/www\/arhiva-predstava\/bljesak-zlatnog-zuba\/#breadcrumb","itemListElement":[{"@type":"ListItem","position":1,"name":"Po\u010detna stranica","item":"http:\/\/www.komedija.hr\/www\/"},{"@type":"ListItem","position":2,"name":"Arhiva predstava","item":"https:\/\/www.komedija.hr\/www\/arhiva-predstava\/"},{"@type":"ListItem","position":3,"name":"BLJESAK ZLATNOG ZUBA"}]},{"@type":"WebSite","@id":"http:\/\/www.komedija.hr\/www\/#website","url":"http:\/\/www.komedija.hr\/www\/","name":"Kazali\u0161te Komedija","description":"","publisher":{"@id":"http:\/\/www.komedija.hr\/www\/#organization"},"potentialAction":[{"@type":"SearchAction","target":{"@type":"EntryPoint","urlTemplate":"http:\/\/www.komedija.hr\/www\/?s={search_term_string}"},"query-input":{"@type":"PropertyValueSpecification","valueRequired":true,"valueName":"search_term_string"}}],"inLanguage":"hr"},{"@type":"Organization","@id":"http:\/\/www.komedija.hr\/www\/#organization","name":"Zagreba\u010dko gradsko Kazali\u0161ta Komedija","url":"http:\/\/www.komedija.hr\/www\/","logo":{"@type":"ImageObject","inLanguage":"hr","@id":"http:\/\/www.komedija.hr\/www\/#\/schema\/logo\/image\/","url":"https:\/\/www.komedija.hr\/www\/wp-content\/uploads\/2020\/02\/cropped-Kazaliste_Komedija_logo_2.png","contentUrl":"https:\/\/www.komedija.hr\/www\/wp-content\/uploads\/2020\/02\/cropped-Kazaliste_Komedija_logo_2.png","width":512,"height":512,"caption":"Zagreba\u010dko gradsko Kazali\u0161ta Komedija"},"image":{"@id":"http:\/\/www.komedija.hr\/www\/#\/schema\/logo\/image\/"},"sameAs":["https:\/\/www.facebook.com\/kazaliste.komedija\/","https:\/\/x.com\/KKomedija","https:\/\/www.instagram.com\/kazaliste_komedija\/","https:\/\/www.youtube.com\/channel\/UC1NcapMYUXJW3miW_oPxT5w\/videos"]}]}},"_links":{"self":[{"href":"https:\/\/www.komedija.hr\/www\/wp-json\/wp\/v2\/pages\/6030","targetHints":{"allow":["GET"]}}],"collection":[{"href":"https:\/\/www.komedija.hr\/www\/wp-json\/wp\/v2\/pages"}],"about":[{"href":"https:\/\/www.komedija.hr\/www\/wp-json\/wp\/v2\/types\/page"}],"author":[{"embeddable":true,"href":"https:\/\/www.komedija.hr\/www\/wp-json\/wp\/v2\/users\/3"}],"replies":[{"embeddable":true,"href":"https:\/\/www.komedija.hr\/www\/wp-json\/wp\/v2\/comments?post=6030"}],"version-history":[{"count":0,"href":"https:\/\/www.komedija.hr\/www\/wp-json\/wp\/v2\/pages\/6030\/revisions"}],"up":[{"embeddable":true,"href":"https:\/\/www.komedija.hr\/www\/wp-json\/wp\/v2\/pages\/1659"}],"wp:featuredmedia":[{"embeddable":true,"href":"https:\/\/www.komedija.hr\/www\/wp-json\/wp\/v2\/media\/8583"}],"wp:attachment":[{"href":"https:\/\/www.komedija.hr\/www\/wp-json\/wp\/v2\/media?parent=6030"}],"curies":[{"name":"wp","href":"https:\/\/api.w.org\/{rel}","templated":true}]}}