{"id":6352,"date":"2016-01-12T16:58:10","date_gmt":"2016-01-12T15:58:10","guid":{"rendered":"http:\/\/www.komedija.hr\/web\/?page_id=6352"},"modified":"2017-10-23T13:51:53","modified_gmt":"2017-10-23T11:51:53","slug":"loptice","status":"publish","type":"page","link":"https:\/\/www.komedija.hr\/www\/arhiva-predstava\/loptice\/","title":{"rendered":"Loptice (koprodukcija)"},"content":{"rendered":"<p><em><a href=\"http:\/\/www.ulaznice.hr\/web\/ctl_evt.jsp?act=priredbe&amp;p=t&amp;t=8\"><img decoding=\"async\" src=\"http:\/\/www.komedija.hr\/www\/images\/button_kupi.gif\" \/><\/a><\/em><\/p>\n<p>Autor: Igor Weidlich<\/p>\n<p>Redatelj: Igor Barberi\u0107<\/p>\n<p>Produkcija: B GLAD Produkcija u suradnji\u00a0sa Zagreba\u010dkim gradskim kazali\u0161tem Komedija<\/p>\n<p>Igraju: Petra Kurtela, <a href=\"http:\/\/www.komedija.hr\/web\/ansambl-2\/slaven-spanovic\/\">Slaven \u0160panovi\u0107<\/a>, Dunja Fajdi\u0107, Igor Baksa<\/p>\n<p>Trajanje: 1 sat i 20 minuta<\/p>\n<p>Sve\u010dana premijera: 21. sije\u010dnja 2016.<\/p>\n<p>&nbsp;<\/p>\n<p>Ljubav je, kako bi Vladimir Ani\u0107 rekao, osje\u0107aj socijalne privr\u017eenosti, duhovna i\/ili spolna privla\u010dnost jednog bi\u0107a prema drugome.<\/p>\n<p>A \u0161to sad ljubav ima s tim?<\/p>\n<p>Mo\u017ee li jedna zagorska Julija \u0161armirati komesara JNA kako bi joj dopustio da posjeti svog voljenog Romea i mogu li jedna \u201eobi\u010dna\u201c trudno\u0107a i brdo praksitena stati na put karijeri mlade TV voditeljice? Kakve veze imaju jedan torzo s Pantov\u010daka, gay avantura i potencijalne zaruke? I kakva sudbina \u010deka Nju i Njega, koji su svoj put zapo\u010deli seksom i usta\u0161kim pjesmama, a zavr\u0161ili na \u010daju od mente?<\/p>\n<p>Odgovore na sva ova pitanja potra\u017eite u novoj <strong>urnebesnoj komediji \u201eLoptice\u201c<\/strong>, autora <strong>Igora Weidlicha<\/strong> (Crna ku\u0107a, Ru\u017ea na asfaltu), u re\u017eiji <strong>svjetski poznatog Igora Barberi\u0107a<\/strong> (Mamma Mia!, Footloose, Chicago, Crna ku\u0107a, Briljantin, TLZP\u2026), i u koprodukciji <strong>B GLAD Produkcije<\/strong> (Footloose, Crna ku\u0107a) i <strong>Zagreba\u010dkog gradskog kazali\u0161ta Komedija<\/strong>, koji ve\u0107 desetlje\u0107ima na kazali\u0161ne daske donosi hit za hitom!<\/p>\n<p>Omnibus sa\u010dinjen od <strong>pet isprepletenih pri\u010da, ispri\u010dan dinamikom i humorom koji \u0107e publiku dr\u017eati bez daha<\/strong>, okre\u0107e se oko pitanja ljubavi te pru\u017ea svima zanimljiv komad koji nudi s jedne strane zabavu i okida\u010d za zarazne salve smijeha, a s druge strane scensko preispitivanje pitanja me\u0111uljudskih odnosa kroz brojne realne, ali i nerealne situacije.<\/p>\n<p>Karakteri koji plijene svojom pojavom, osebujan stil i urbani humor, osnovica su za ovaj novi hit sezonekoji bez mistificiranja istra\u017euje mu\u0161ko-\u017eenske odnose, ne \u0161tede\u0107i ni tabu teme.<\/p>\n<p><strong>Slaven \u0160panovi\u0107, Petra Kurtela, Dunja Fajdi\u0107 i Igor Baksa<\/strong> nadaleko su poznati na na\u0161oj sceni, a bit \u0107e mamac na ovu dinami\u010dnu predstavu koja \u0107e obarati s nogu, u ulogama u kakvima ih jo\u0161 nitko nije imao priliku vidjeti.<\/p>\n<p>Loptice \u2013 jer je ljubav ubojito smije\u0161na!<\/p>\n<p>Vi\u0161e na <a href=\"http:\/\/www.loptice.com\/\">www.loptice.com<\/a><\/p>\n","protected":false},"excerpt":{"rendered":"<p>Autor: Igor Weidlich Redatelj: Igor Barberi\u0107 Produkcija: B GLAD Produkcija u suradnji\u00a0sa Zagreba\u010dkim gradskim kazali\u0161tem Komedija Igraju: Petra Kurtela, Slaven \u0160panovi\u0107, Dunja Fajdi\u0107, Igor Baksa Trajanje: 1 sat i 20 minuta Sve\u010dana premijera: 21. sije\u010dnja 2016. &nbsp; Ljubav je, kako bi Vladimir Ani\u0107 rekao, osje\u0107aj socijalne privr\u017eenosti, duhovna i\/ili spolna privla\u010dnost jednog bi\u0107a prema drugome. [&hellip;]<\/p>\n","protected":false},"author":3,"featured_media":7109,"parent":1659,"menu_order":0,"comment_status":"closed","ping_status":"closed","template":"","meta":{"ngg_post_thumbnail":0,"footnotes":""},"class_list":["post-6352","page","type-page","status-publish","has-post-thumbnail","hentry"],"yoast_head":"<!-- This site is optimized with the Yoast SEO plugin v27.5 - https:\/\/yoast.com\/product\/yoast-seo-wordpress\/ -->\n<title>Loptice (koprodukcija) - Kazali\u0161te Komedija<\/title>\n<meta name=\"robots\" content=\"index, follow, max-snippet:-1, max-image-preview:large, max-video-preview:-1\" \/>\n<link rel=\"canonical\" href=\"https:\/\/www.komedija.hr\/www\/arhiva-predstava\/loptice\/\" \/>\n<meta property=\"og:locale\" content=\"hr_HR\" \/>\n<meta property=\"og:type\" content=\"article\" \/>\n<meta property=\"og:title\" content=\"Loptice (koprodukcija) - Kazali\u0161te Komedija\" \/>\n<meta property=\"og:description\" content=\"Autor: Igor Weidlich Redatelj: Igor Barberi\u0107 Produkcija: B GLAD Produkcija u suradnji\u00a0sa Zagreba\u010dkim gradskim kazali\u0161tem Komedija Igraju: Petra Kurtela, Slaven \u0160panovi\u0107, Dunja Fajdi\u0107, Igor Baksa Trajanje: 1 sat i 20 minuta Sve\u010dana premijera: 21. sije\u010dnja 2016. &nbsp; Ljubav je, kako bi Vladimir Ani\u0107 rekao, osje\u0107aj socijalne privr\u017eenosti, duhovna i\/ili spolna privla\u010dnost jednog bi\u0107a prema drugome. [&hellip;]\" \/>\n<meta property=\"og:url\" content=\"https:\/\/www.komedija.hr\/www\/arhiva-predstava\/loptice\/\" \/>\n<meta property=\"og:site_name\" content=\"Kazali\u0161te Komedija\" \/>\n<meta property=\"article:publisher\" content=\"https:\/\/www.facebook.com\/kazaliste.komedija\/\" \/>\n<meta property=\"article:modified_time\" content=\"2017-10-23T11:51:53+00:00\" \/>\n<meta property=\"og:image\" content=\"https:\/\/www.komedija.hr\/www\/wp-content\/uploads\/2016\/01\/loptice-1.jpg\" \/>\n\t<meta property=\"og:image:width\" content=\"900\" \/>\n\t<meta property=\"og:image:height\" content=\"487\" \/>\n\t<meta property=\"og:image:type\" content=\"image\/jpeg\" \/>\n<meta name=\"twitter:card\" content=\"summary_large_image\" \/>\n<meta name=\"twitter:site\" content=\"@KKomedija\" \/>\n<meta name=\"twitter:label1\" content=\"Procijenjeno vrijeme \u010ditanja\" \/>\n\t<meta name=\"twitter:data1\" content=\"2 minute\" \/>\n<script type=\"application\/ld+json\" class=\"yoast-schema-graph\">{\"@context\":\"https:\\\/\\\/schema.org\",\"@graph\":[{\"@type\":\"WebPage\",\"@id\":\"https:\\\/\\\/www.komedija.hr\\\/www\\\/arhiva-predstava\\\/loptice\\\/\",\"url\":\"https:\\\/\\\/www.komedija.hr\\\/www\\\/arhiva-predstava\\\/loptice\\\/\",\"name\":\"Loptice (koprodukcija) - Kazali\u0161te Komedija\",\"isPartOf\":{\"@id\":\"http:\\\/\\\/www.komedija.hr\\\/www\\\/#website\"},\"primaryImageOfPage\":{\"@id\":\"https:\\\/\\\/www.komedija.hr\\\/www\\\/arhiva-predstava\\\/loptice\\\/#primaryimage\"},\"image\":{\"@id\":\"https:\\\/\\\/www.komedija.hr\\\/www\\\/arhiva-predstava\\\/loptice\\\/#primaryimage\"},\"thumbnailUrl\":\"https:\\\/\\\/www.komedija.hr\\\/www\\\/wp-content\\\/uploads\\\/2016\\\/01\\\/loptice-1.jpg\",\"datePublished\":\"2016-01-12T15:58:10+00:00\",\"dateModified\":\"2017-10-23T11:51:53+00:00\",\"breadcrumb\":{\"@id\":\"https:\\\/\\\/www.komedija.hr\\\/www\\\/arhiva-predstava\\\/loptice\\\/#breadcrumb\"},\"inLanguage\":\"hr\",\"potentialAction\":[{\"@type\":\"ReadAction\",\"target\":[\"https:\\\/\\\/www.komedija.hr\\\/www\\\/arhiva-predstava\\\/loptice\\\/\"]}]},{\"@type\":\"ImageObject\",\"inLanguage\":\"hr\",\"@id\":\"https:\\\/\\\/www.komedija.hr\\\/www\\\/arhiva-predstava\\\/loptice\\\/#primaryimage\",\"url\":\"https:\\\/\\\/www.komedija.hr\\\/www\\\/wp-content\\\/uploads\\\/2016\\\/01\\\/loptice-1.jpg\",\"contentUrl\":\"https:\\\/\\\/www.komedija.hr\\\/www\\\/wp-content\\\/uploads\\\/2016\\\/01\\\/loptice-1.jpg\",\"width\":900,\"height\":487},{\"@type\":\"BreadcrumbList\",\"@id\":\"https:\\\/\\\/www.komedija.hr\\\/www\\\/arhiva-predstava\\\/loptice\\\/#breadcrumb\",\"itemListElement\":[{\"@type\":\"ListItem\",\"position\":1,\"name\":\"Po\u010detna stranica\",\"item\":\"http:\\\/\\\/www.komedija.hr\\\/www\\\/\"},{\"@type\":\"ListItem\",\"position\":2,\"name\":\"Arhiva predstava\",\"item\":\"https:\\\/\\\/www.komedija.hr\\\/www\\\/arhiva-predstava\\\/\"},{\"@type\":\"ListItem\",\"position\":3,\"name\":\"Loptice (koprodukcija)\"}]},{\"@type\":\"WebSite\",\"@id\":\"http:\\\/\\\/www.komedija.hr\\\/www\\\/#website\",\"url\":\"http:\\\/\\\/www.komedija.hr\\\/www\\\/\",\"name\":\"Kazali\u0161te Komedija\",\"description\":\"\",\"publisher\":{\"@id\":\"http:\\\/\\\/www.komedija.hr\\\/www\\\/#organization\"},\"potentialAction\":[{\"@type\":\"SearchAction\",\"target\":{\"@type\":\"EntryPoint\",\"urlTemplate\":\"http:\\\/\\\/www.komedija.hr\\\/www\\\/?s={search_term_string}\"},\"query-input\":{\"@type\":\"PropertyValueSpecification\",\"valueRequired\":true,\"valueName\":\"search_term_string\"}}],\"inLanguage\":\"hr\"},{\"@type\":\"Organization\",\"@id\":\"http:\\\/\\\/www.komedija.hr\\\/www\\\/#organization\",\"name\":\"Zagreba\u010dko gradsko Kazali\u0161ta Komedija\",\"url\":\"http:\\\/\\\/www.komedija.hr\\\/www\\\/\",\"logo\":{\"@type\":\"ImageObject\",\"inLanguage\":\"hr\",\"@id\":\"http:\\\/\\\/www.komedija.hr\\\/www\\\/#\\\/schema\\\/logo\\\/image\\\/\",\"url\":\"https:\\\/\\\/www.komedija.hr\\\/www\\\/wp-content\\\/uploads\\\/2020\\\/02\\\/cropped-Kazaliste_Komedija_logo_2.png\",\"contentUrl\":\"https:\\\/\\\/www.komedija.hr\\\/www\\\/wp-content\\\/uploads\\\/2020\\\/02\\\/cropped-Kazaliste_Komedija_logo_2.png\",\"width\":512,\"height\":512,\"caption\":\"Zagreba\u010dko gradsko Kazali\u0161ta Komedija\"},\"image\":{\"@id\":\"http:\\\/\\\/www.komedija.hr\\\/www\\\/#\\\/schema\\\/logo\\\/image\\\/\"},\"sameAs\":[\"https:\\\/\\\/www.facebook.com\\\/kazaliste.komedija\\\/\",\"https:\\\/\\\/x.com\\\/KKomedija\",\"https:\\\/\\\/www.instagram.com\\\/kazaliste_komedija\\\/\",\"https:\\\/\\\/www.youtube.com\\\/channel\\\/UC1NcapMYUXJW3miW_oPxT5w\\\/videos\"]}]}<\/script>\n<!-- \/ Yoast SEO plugin. -->","yoast_head_json":{"title":"Loptice (koprodukcija) - Kazali\u0161te Komedija","robots":{"index":"index","follow":"follow","max-snippet":"max-snippet:-1","max-image-preview":"max-image-preview:large","max-video-preview":"max-video-preview:-1"},"canonical":"https:\/\/www.komedija.hr\/www\/arhiva-predstava\/loptice\/","og_locale":"hr_HR","og_type":"article","og_title":"Loptice (koprodukcija) - Kazali\u0161te Komedija","og_description":"Autor: Igor Weidlich Redatelj: Igor Barberi\u0107 Produkcija: B GLAD Produkcija u suradnji\u00a0sa Zagreba\u010dkim gradskim kazali\u0161tem Komedija Igraju: Petra Kurtela, Slaven \u0160panovi\u0107, Dunja Fajdi\u0107, Igor Baksa Trajanje: 1 sat i 20 minuta Sve\u010dana premijera: 21. sije\u010dnja 2016. &nbsp; Ljubav je, kako bi Vladimir Ani\u0107 rekao, osje\u0107aj socijalne privr\u017eenosti, duhovna i\/ili spolna privla\u010dnost jednog bi\u0107a prema drugome. [&hellip;]","og_url":"https:\/\/www.komedija.hr\/www\/arhiva-predstava\/loptice\/","og_site_name":"Kazali\u0161te Komedija","article_publisher":"https:\/\/www.facebook.com\/kazaliste.komedija\/","article_modified_time":"2017-10-23T11:51:53+00:00","og_image":[{"width":900,"height":487,"url":"https:\/\/www.komedija.hr\/www\/wp-content\/uploads\/2016\/01\/loptice-1.jpg","type":"image\/jpeg"}],"twitter_card":"summary_large_image","twitter_site":"@KKomedija","twitter_misc":{"Procijenjeno vrijeme \u010ditanja":"2 minute"},"schema":{"@context":"https:\/\/schema.org","@graph":[{"@type":"WebPage","@id":"https:\/\/www.komedija.hr\/www\/arhiva-predstava\/loptice\/","url":"https:\/\/www.komedija.hr\/www\/arhiva-predstava\/loptice\/","name":"Loptice (koprodukcija) - Kazali\u0161te Komedija","isPartOf":{"@id":"http:\/\/www.komedija.hr\/www\/#website"},"primaryImageOfPage":{"@id":"https:\/\/www.komedija.hr\/www\/arhiva-predstava\/loptice\/#primaryimage"},"image":{"@id":"https:\/\/www.komedija.hr\/www\/arhiva-predstava\/loptice\/#primaryimage"},"thumbnailUrl":"https:\/\/www.komedija.hr\/www\/wp-content\/uploads\/2016\/01\/loptice-1.jpg","datePublished":"2016-01-12T15:58:10+00:00","dateModified":"2017-10-23T11:51:53+00:00","breadcrumb":{"@id":"https:\/\/www.komedija.hr\/www\/arhiva-predstava\/loptice\/#breadcrumb"},"inLanguage":"hr","potentialAction":[{"@type":"ReadAction","target":["https:\/\/www.komedija.hr\/www\/arhiva-predstava\/loptice\/"]}]},{"@type":"ImageObject","inLanguage":"hr","@id":"https:\/\/www.komedija.hr\/www\/arhiva-predstava\/loptice\/#primaryimage","url":"https:\/\/www.komedija.hr\/www\/wp-content\/uploads\/2016\/01\/loptice-1.jpg","contentUrl":"https:\/\/www.komedija.hr\/www\/wp-content\/uploads\/2016\/01\/loptice-1.jpg","width":900,"height":487},{"@type":"BreadcrumbList","@id":"https:\/\/www.komedija.hr\/www\/arhiva-predstava\/loptice\/#breadcrumb","itemListElement":[{"@type":"ListItem","position":1,"name":"Po\u010detna stranica","item":"http:\/\/www.komedija.hr\/www\/"},{"@type":"ListItem","position":2,"name":"Arhiva predstava","item":"https:\/\/www.komedija.hr\/www\/arhiva-predstava\/"},{"@type":"ListItem","position":3,"name":"Loptice (koprodukcija)"}]},{"@type":"WebSite","@id":"http:\/\/www.komedija.hr\/www\/#website","url":"http:\/\/www.komedija.hr\/www\/","name":"Kazali\u0161te Komedija","description":"","publisher":{"@id":"http:\/\/www.komedija.hr\/www\/#organization"},"potentialAction":[{"@type":"SearchAction","target":{"@type":"EntryPoint","urlTemplate":"http:\/\/www.komedija.hr\/www\/?s={search_term_string}"},"query-input":{"@type":"PropertyValueSpecification","valueRequired":true,"valueName":"search_term_string"}}],"inLanguage":"hr"},{"@type":"Organization","@id":"http:\/\/www.komedija.hr\/www\/#organization","name":"Zagreba\u010dko gradsko Kazali\u0161ta Komedija","url":"http:\/\/www.komedija.hr\/www\/","logo":{"@type":"ImageObject","inLanguage":"hr","@id":"http:\/\/www.komedija.hr\/www\/#\/schema\/logo\/image\/","url":"https:\/\/www.komedija.hr\/www\/wp-content\/uploads\/2020\/02\/cropped-Kazaliste_Komedija_logo_2.png","contentUrl":"https:\/\/www.komedija.hr\/www\/wp-content\/uploads\/2020\/02\/cropped-Kazaliste_Komedija_logo_2.png","width":512,"height":512,"caption":"Zagreba\u010dko gradsko Kazali\u0161ta Komedija"},"image":{"@id":"http:\/\/www.komedija.hr\/www\/#\/schema\/logo\/image\/"},"sameAs":["https:\/\/www.facebook.com\/kazaliste.komedija\/","https:\/\/x.com\/KKomedija","https:\/\/www.instagram.com\/kazaliste_komedija\/","https:\/\/www.youtube.com\/channel\/UC1NcapMYUXJW3miW_oPxT5w\/videos"]}]}},"_links":{"self":[{"href":"https:\/\/www.komedija.hr\/www\/wp-json\/wp\/v2\/pages\/6352","targetHints":{"allow":["GET"]}}],"collection":[{"href":"https:\/\/www.komedija.hr\/www\/wp-json\/wp\/v2\/pages"}],"about":[{"href":"https:\/\/www.komedija.hr\/www\/wp-json\/wp\/v2\/types\/page"}],"author":[{"embeddable":true,"href":"https:\/\/www.komedija.hr\/www\/wp-json\/wp\/v2\/users\/3"}],"replies":[{"embeddable":true,"href":"https:\/\/www.komedija.hr\/www\/wp-json\/wp\/v2\/comments?post=6352"}],"version-history":[{"count":0,"href":"https:\/\/www.komedija.hr\/www\/wp-json\/wp\/v2\/pages\/6352\/revisions"}],"up":[{"embeddable":true,"href":"https:\/\/www.komedija.hr\/www\/wp-json\/wp\/v2\/pages\/1659"}],"wp:featuredmedia":[{"embeddable":true,"href":"https:\/\/www.komedija.hr\/www\/wp-json\/wp\/v2\/media\/7109"}],"wp:attachment":[{"href":"https:\/\/www.komedija.hr\/www\/wp-json\/wp\/v2\/media?parent=6352"}],"curies":[{"name":"wp","href":"https:\/\/api.w.org\/{rel}","templated":true}]}}