{"id":6582,"date":"2016-04-25T08:58:37","date_gmt":"2016-04-25T06:58:37","guid":{"rendered":"http:\/\/www.komedija.hr\/web\/?page_id=6582"},"modified":"2016-09-11T22:23:10","modified_gmt":"2016-09-11T20:23:10","slug":"travanj-2016","status":"publish","type":"page","link":"https:\/\/www.komedija.hr\/www\/raspored-predstava\/travanj-2016\/","title":{"rendered":"travanj-srpanj 2016"},"content":{"rendered":"<table>\n<tbody>\n<tr>\n<td style=\"background-color: #993366;\" colspan=\"4\" width=\"815\"><span style=\"color: #ffffff;\"><strong>TRAVANJ \/ SVIBANJ \/ LIPANJ \/ SRPANJ 2016.<br \/>\n<\/strong><\/span><\/td>\n<\/tr>\n<\/tbody>\n<\/table>\n<table>\n<tbody>\n<tr>\n<td width=\"96\">Subota<\/td>\n<td width=\"93\"><strong>23. 4. u 19:30<\/strong><\/td>\n<td width=\"229\">B. Andersson \u2013 B. Ulvaeus &#8211; C. Johnson: <a href=\"http:\/\/www.komedija.hr\/web\/mamma-mia\/\"><strong>MAMMA MIA!<\/strong><\/a><\/td>\n<td width=\"176\"><\/td>\n<\/tr>\n<tr>\n<td width=\"96\">\u010cetvrtak<\/td>\n<td width=\"93\"><strong>28. 4. u 19:30<\/strong><\/td>\n<td width=\"229\">G. Feydeau: <strong><a href=\"http:\/\/www.komedija.hr\/web\/gospodica-iz-maxima\/\">GOSPO\u0110ICA IZ MAXIMA<\/a><\/strong><\/td>\n<td width=\"176\"><span style=\"color: #ff0000;\">PRETPREMIJERA<\/span><\/td>\n<\/tr>\n<tr>\n<td width=\"96\">Petak<\/td>\n<td width=\"93\"><strong>29. 4. u 19:30<\/strong><\/td>\n<td width=\"229\">G. Feydeau: <strong><a href=\"http:\/\/www.komedija.hr\/web\/gospodica-iz-maxima\/\">GOSPO\u0110ICA IZ MAXIMA<\/a><\/strong><\/td>\n<td width=\"176\"><span style=\"color: #ff0000;\">SVE\u010cANA PREMIJERA<\/span><\/td>\n<\/tr>\n<tr>\n<td width=\"96\">Subota<\/td>\n<td width=\"93\"><strong>30. 4. u 19:30<\/strong><\/td>\n<td width=\"229\">G. Feydeau: <strong><a href=\"http:\/\/www.komedija.hr\/web\/gospodica-iz-maxima\/\">GOSPO\u0110ICA IZ MAXIMA<\/a><\/strong><\/td>\n<td width=\"176\"><\/td>\n<\/tr>\n<\/tbody>\n<\/table>\n<table>\n<tbody>\n<tr>\n<td width=\"96\">Ponedjeljak<\/td>\n<td width=\"93\"><strong>2. 5. u 19:30<\/strong><\/td>\n<td width=\"229\">G. Feydeau: <strong><a href=\"http:\/\/www.komedija.hr\/web\/gospodica-iz-maxima\/\">GOSPO\u0110ICA IZ MAXIMA<\/a><\/strong><\/td>\n<td width=\"176\"><\/td>\n<\/tr>\n<tr>\n<td width=\"96\">Utorak<\/td>\n<td width=\"93\"><strong>3. 5. u 19:30<\/strong><\/td>\n<td width=\"229\">G. Feydeau: <strong><a href=\"http:\/\/www.komedija.hr\/web\/gospodica-iz-maxima\/\">GOSPO\u0110ICA IZ MAXIMA<\/a><\/strong><\/td>\n<td width=\"176\"><\/td>\n<\/tr>\n<tr>\n<td width=\"96\">Srijeda<\/td>\n<td width=\"93\"><strong>4. 5. u 11:00<\/strong><\/td>\n<td width=\"229\">G. Feydeau: <strong><a href=\"http:\/\/www.komedija.hr\/web\/gospodica-iz-maxima\/\">GOSPO\u0110ICA IZ MAXIMA<\/a><\/strong><\/td>\n<td width=\"176\"><span style=\"color: #ff0000;\">Ulaznice nisu u slobodnoj prodaji<\/span><\/td>\n<\/tr>\n<tr>\n<td width=\"96\"><\/td>\n<td width=\"93\"><strong>4. 5. u 19:30<\/strong><\/td>\n<td width=\"229\">G. Feydeau: <strong><a href=\"http:\/\/www.komedija.hr\/web\/gospodica-iz-maxima\/\">GOSPO\u0110ICA IZ MAXIMA<\/a><\/strong><\/td>\n<td width=\"176\"><\/td>\n<\/tr>\n<tr>\n<td width=\"96\">\u010cetvrtak<\/td>\n<td width=\"93\"><strong>5. 5. u 19:30<\/strong><\/td>\n<td width=\"229\">C. Durang: <a href=\"http:\/\/www.komedija.hr\/web\/vanja-i-sonja-i-masa-i-jos-jedan\/\"><strong>VANJA I SONJA I MA\u0160A I PICKO<\/strong><\/a><\/td>\n<td width=\"176\"><\/td>\n<\/tr>\n<tr>\n<td width=\"96\">Petak<\/td>\n<td width=\"93\"><strong>6. 5. u 19:30<\/strong><\/td>\n<td width=\"229\">B. Andersson \u2013 B. Ulvaeus &#8211; C. Johnson: <a href=\"http:\/\/www.komedija.hr\/web\/mamma-mia\/\"><strong>MAMMA MIA!<\/strong><\/a><\/td>\n<td width=\"176\"><\/td>\n<\/tr>\n<tr>\n<td width=\"96\">Subota<\/td>\n<td width=\"93\"><strong>7. 5. u 19:30<\/strong><\/td>\n<td width=\"229\">B. Andersson \u2013 B. Ulvaeus &#8211; C. Johnson: <a href=\"http:\/\/www.komedija.hr\/web\/mamma-mia\/\"><strong>MAMMA MIA!<\/strong><\/a><\/td>\n<td width=\"176\"><\/td>\n<\/tr>\n<tr>\n<td width=\"96\">Ponedjeljak<\/td>\n<td width=\"93\"><strong>9. 5. u 19:30<\/strong><\/td>\n<td width=\"229\">C. Durang: <a href=\"http:\/\/www.komedija.hr\/web\/vanja-i-sonja-i-masa-i-jos-jedan\/\"><strong>VANJA I SONJA I MA\u0160A I PICKO<\/strong><\/a><\/td>\n<td width=\"176\"><\/td>\n<\/tr>\n<tr>\n<td width=\"96\">Utorak<\/td>\n<td width=\"93\"><strong>10. 5. u 19:30<\/strong><\/td>\n<td width=\"229\">B. Andersson \u2013 B. Ulvaeus &#8211; C. Johnson: <a href=\"http:\/\/www.komedija.hr\/web\/mamma-mia\/\"><strong>MAMMA MIA!<\/strong><\/a><\/td>\n<td width=\"176\"><\/td>\n<\/tr>\n<tr>\n<td width=\"96\">Srijeda<\/td>\n<td width=\"93\"><strong>11. 5. u 19:30<\/strong><\/td>\n<td width=\"229\">B. Andersson \u2013 B. Ulvaeus &#8211; C. Johnson: <a href=\"http:\/\/www.komedija.hr\/web\/mamma-mia\/\"><strong>MAMMA MIA!<\/strong><\/a><\/td>\n<td width=\"176\"><\/td>\n<\/tr>\n<tr>\n<td width=\"96\">\u010cetvrtak<\/td>\n<td width=\"93\"><strong>12. 5. u 19:30<\/strong><\/td>\n<td width=\"229\">B. Andersson \u2013 B. Ulvaeus &#8211; C. Johnson: <a href=\"http:\/\/www.komedija.hr\/web\/mamma-mia\/\"><strong>MAMMA MIA!<\/strong><\/a><\/td>\n<td width=\"176\"><\/td>\n<\/tr>\n<tr>\n<td width=\"96\">Petak<\/td>\n<td width=\"93\"><strong>13. 5. u 19:30<\/strong><\/td>\n<td width=\"229\">B. Andersson \u2013 B. Ulvaeus &#8211; C. Johnson: <a href=\"http:\/\/www.komedija.hr\/web\/mamma-mia\/\"><strong>MAMMA MIA!<\/strong><\/a><\/td>\n<td width=\"176\"><span style=\"color: #ff0000;\">Ulaznice nisu u slobodnoj prodaji<\/span><\/td>\n<\/tr>\n<tr>\n<td width=\"96\">Subota<\/td>\n<td width=\"93\"><strong>14. 5. u 19:30<\/strong><\/td>\n<td width=\"229\">B. Andersson \u2013 B. Ulvaeus &#8211; C. Johnson: <a href=\"http:\/\/www.komedija.hr\/web\/mamma-mia\/\"><strong>MAMMA MIA!<\/strong><\/a><\/td>\n<td width=\"176\"><\/td>\n<\/tr>\n<tr>\n<td width=\"96\">Ponedjeljak<\/td>\n<td width=\"93\"><strong>16. 5. u 19:30<\/strong><\/td>\n<td width=\"229\">G. Feydeau: <strong><a href=\"http:\/\/www.komedija.hr\/web\/gospodica-iz-maxima\/\">GOSPO\u0110ICA IZ MAXIMA<\/a><\/strong><\/td>\n<td width=\"176\"><\/td>\n<\/tr>\n<tr>\n<td width=\"96\">Utorak<\/td>\n<td width=\"93\"><strong>17. 5. u 19:30<\/strong><\/td>\n<td width=\"229\">M Mati\u0161i\u0107: <a href=\"http:\/\/www.komedija.hr\/web\/bljesak-zlatnog-zuba\/\"><strong>BLJESAK ZLATNOG ZUBA<\/strong><\/a><\/td>\n<td width=\"176\"><\/td>\n<\/tr>\n<tr>\n<td width=\"96\">Srijeda<\/td>\n<td width=\"93\"><strong>18. 5. u 19:30<\/strong><\/td>\n<td width=\"229\">M Mati\u0161i\u0107: <a href=\"http:\/\/www.komedija.hr\/web\/bljesak-zlatnog-zuba\/\"><strong>BLJESAK ZLATNOG ZUBA<\/strong><\/a><\/td>\n<td width=\"176\"><span style=\"color: #ff0000;\">Gostovanje na Festivalu glumca u Vinkovcima<\/span><\/td>\n<\/tr>\n<tr>\n<td width=\"96\">\u010cetvrtak<\/td>\n<td width=\"93\"><strong>19. 5. u 19:30<\/strong><\/td>\n<td width=\"229\">B. Andersson \u2013 B. Ulvaeus &#8211; C. Johnson: <a href=\"http:\/\/www.komedija.hr\/web\/mamma-mia\/\"><strong>MAMMA MIA!<\/strong><\/a><\/td>\n<td width=\"176\"><\/td>\n<\/tr>\n<tr>\n<td width=\"96\">Petak<\/td>\n<td width=\"93\"><strong>20. 5. u 19:30 <\/strong><\/td>\n<td width=\"229\">B. Andersson \u2013 B. Ulvaeus &#8211; C. Johnson: <a href=\"http:\/\/www.komedija.hr\/web\/mamma-mia\/\"><strong>MAMMA MIA!<\/strong><\/a><\/td>\n<td width=\"176\"><span style=\"color: #ff0000;\">Ulaznice nisu u slobodnoj prodaji<\/span><\/td>\n<\/tr>\n<tr>\n<td width=\"96\">Subota<\/td>\n<td width=\"93\"><strong>21. 5. u 19:30<\/strong><\/td>\n<td width=\"229\">B. Andersson \u2013 B. Ulvaeus &#8211; C. Johnson: <a href=\"http:\/\/www.komedija.hr\/web\/mamma-mia\/\"><strong>MAMMA MIA!<\/strong><\/a><\/td>\n<td width=\"176\"><\/td>\n<\/tr>\n<tr>\n<td width=\"96\">Ponedjeljak<\/td>\n<td width=\"93\"><strong>23. 5. u 19:30<\/strong><\/td>\n<td width=\"229\">M. Grgi\u0107 \u2013 A. Kabiljo: <a href=\"http:\/\/www.komedija.hr\/web\/repertoar\/jalta-jalta\/\"><strong>JALTA, JALTA<\/strong><\/a><\/td>\n<td width=\"176\"><\/td>\n<\/tr>\n<tr>\n<td width=\"96\">Utorak<\/td>\n<td width=\"93\"><strong>24. 5. u 19:30<\/strong><\/td>\n<td width=\"229\">M. Grgi\u0107 \u2013 A. Kabiljo: <a href=\"http:\/\/www.komedija.hr\/web\/repertoar\/jalta-jalta\/\"><strong>JALTA, JALTA<\/strong><\/a><\/td>\n<td width=\"176\"><\/td>\n<\/tr>\n<tr>\n<td width=\"96\">Srijeda<\/td>\n<td width=\"93\"><strong>25. 5. u 19:30<\/strong><\/td>\n<td width=\"229\">M Mati\u0161i\u0107: <a href=\"http:\/\/www.komedija.hr\/web\/bljesak-zlatnog-zuba\/\"><strong>BLJESAK ZLATNOG ZUBA<\/strong><\/a><\/td>\n<td width=\"176\"><span style=\"color: #ff0000;\">PRETPLATA 1 i slobodna prodaja<\/span><\/td>\n<\/tr>\n<tr>\n<td width=\"96\">Petak<\/td>\n<td width=\"93\"><strong>27. 5. u 19:30<\/strong><\/td>\n<td width=\"229\">M Mati\u0161i\u0107: <a href=\"http:\/\/www.komedija.hr\/web\/bljesak-zlatnog-zuba\/\"><strong>BLJESAK ZLATNOG ZUBA<\/strong><\/a><\/td>\n<td width=\"176\"><span style=\"color: #ff0000;\">PRETPLATA 2 i slobodna prodaja<\/span><\/td>\n<\/tr>\n<tr>\n<td width=\"96\">Subota<\/td>\n<td width=\"93\"><strong>28. 5. u 19:30<\/strong><\/td>\n<td width=\"229\">M Mati\u0161i\u0107: <a href=\"http:\/\/www.komedija.hr\/web\/bljesak-zlatnog-zuba\/\"><strong>BLJESAK ZLATNOG ZUBA<\/strong><\/a><\/td>\n<td width=\"176\"><span style=\"color: #ff0000;\">PRETPLATA 3 i slobodna prodaja<\/span><\/td>\n<\/tr>\n<tr>\n<td width=\"96\">Ponedjeljak<\/td>\n<td width=\"93\"><strong>30. 5. u 19:30<\/strong><\/td>\n<td width=\"229\">G. Feydeau: <strong><a href=\"http:\/\/www.komedija.hr\/web\/gospodica-iz-maxima\/\">GOSPO\u0110ICA IZ MAXIMA<\/a><\/strong><\/td>\n<td width=\"176\"><\/td>\n<\/tr>\n<tr>\n<td width=\"96\">Utorak<\/td>\n<td width=\"93\"><strong>31. 5. u 19:30<\/strong><\/td>\n<td width=\"229\">G. Feydeau: <strong><a href=\"http:\/\/www.komedija.hr\/web\/gospodica-iz-maxima\/\">GOSPO\u0110ICA IZ MAXIMA<\/a><\/strong><\/td>\n<td width=\"176\"><\/td>\n<\/tr>\n<tr>\n<td width=\"96\">Srijeda<\/td>\n<td width=\"93\"><strong>1.6. u 19:30<\/strong><\/td>\n<td width=\"229\">M. Grgi\u0107 \u2013 A. Kabiljo: <a href=\"http:\/\/www.komedija.hr\/web\/repertoar\/jalta-jalta\/\"><strong>JALTA, JALTA<\/strong><\/a><\/td>\n<td width=\"176\"><\/td>\n<\/tr>\n<tr>\n<td width=\"96\">\u010cetvrtak<\/td>\n<td width=\"93\"><strong>2. 6. u 19:30<\/strong><\/td>\n<td width=\"229\">M. Grgi\u0107 \u2013 A. Kabiljo: <a href=\"http:\/\/www.komedija.hr\/web\/repertoar\/jalta-jalta\/\"><strong>JALTA, JALTA<\/strong><\/a><\/td>\n<td width=\"176\"><\/td>\n<\/tr>\n<tr>\n<td width=\"96\">Subota<\/td>\n<td width=\"93\"><strong>4. 6. u 17:00 i u 20:00 sati<\/strong><\/td>\n<td width=\"229\"><strong><a href=\"http:\/\/www.husar-tomcic.com\/\">HUSAR &amp; TOM\u010cI\u0106: MJUZIKL X 2<\/a><\/strong><\/td>\n<td width=\"176\"><\/td>\n<\/tr>\n<tr>\n<td width=\"96\">Utorak<\/td>\n<td width=\"93\"><strong>7. 6. U 19:30<\/strong><\/td>\n<td width=\"229\">B. Andersson \u2013 B. Ulvaeus &#8211; C. Johnson: <a href=\"http:\/\/www.komedija.hr\/web\/mamma-mia\/\"><strong>MAMMA MIA!<\/strong><\/a><\/td>\n<td width=\"176\"><span style=\"color: #ff0000;\">Gostovanje u Slavonskom Brodu<\/span><\/td>\n<\/tr>\n<tr>\n<td width=\"96\">Srijeda<\/td>\n<td width=\"93\"><strong>8. 6. u 19:30 <\/strong><\/td>\n<td width=\"229\">G. Feydeau: <strong><a href=\"http:\/\/www.komedija.hr\/web\/gospodica-iz-maxima\/\">GOSPO\u0110ICA IZ MAXIMA<\/a><\/strong><\/td>\n<td width=\"176\"><\/td>\n<\/tr>\n<tr>\n<td width=\"96\">\u010cetvrtak<\/td>\n<td width=\"93\"><strong>9. 6. u 19:30<\/strong><\/td>\n<td width=\"229\">G. Feydeau: <strong><a href=\"http:\/\/www.komedija.hr\/web\/gospodica-iz-maxima\/\">GOSPO\u0110ICA IZ MAXIMA<\/a><\/strong><\/td>\n<td width=\"176\"><\/td>\n<\/tr>\n<tr>\n<td width=\"96\">Petak<\/td>\n<td width=\"93\"><strong>10. 6. u 19:30<\/strong><\/td>\n<td width=\"229\">M Mati\u0161i\u0107: <a href=\"http:\/\/www.komedija.hr\/web\/bljesak-zlatnog-zuba\/\"><strong>BLJESAK ZLATNOG ZUBA<\/strong><\/a><\/td>\n<td width=\"176\"><\/td>\n<\/tr>\n<tr>\n<td width=\"96\">Subota<\/td>\n<td width=\"93\"><strong>11. 6. u 19:30<\/strong><\/td>\n<td width=\"229\">M Mati\u0161i\u0107: <a href=\"http:\/\/www.komedija.hr\/web\/bljesak-zlatnog-zuba\/\"><strong>BLJESAK ZLATNOG ZUBA<\/strong><\/a><\/td>\n<td width=\"176\"><\/td>\n<\/tr>\n<tr>\n<td width=\"96\">Ponedjeljak<\/td>\n<td width=\"93\"><strong>13. 6. u 19:30<\/strong><\/td>\n<td width=\"229\">C. Durang: <a href=\"http:\/\/www.komedija.hr\/web\/vanja-i-sonja-i-masa-i-jos-jedan\/\"><strong>VANJA I SONJA I MA\u0160A I PICKO<\/strong><\/a><\/td>\n<td width=\"176\"><\/td>\n<\/tr>\n<tr>\n<td width=\"96\">Utorak<\/td>\n<td width=\"93\"><strong>14. 6. u 19:30<\/strong><\/td>\n<td width=\"229\">C. Durang: <a href=\"http:\/\/www.komedija.hr\/web\/vanja-i-sonja-i-masa-i-jos-jedan\/\"><strong>VANJA I SONJA I MA\u0160A I PICKO<\/strong><\/a><\/td>\n<td width=\"176\"><\/td>\n<\/tr>\n<tr>\n<td width=\"96\">Srijeda<\/td>\n<td width=\"93\"><strong>15. 6. u 19:30<\/strong><\/td>\n<td width=\"229\">G. Feydeau: <strong><a href=\"http:\/\/www.komedija.hr\/web\/gospodica-iz-maxima\/\">GOSPO\u0110ICA IZ MAXIMA<\/a><\/strong><\/td>\n<td width=\"176\"><\/td>\n<\/tr>\n<tr>\n<td width=\"96\">\u010cetvrtak<\/td>\n<td width=\"93\"><strong>16. 6. u 19:30<\/strong><\/td>\n<td width=\"229\">G. Feydeau: <strong><a href=\"http:\/\/www.komedija.hr\/web\/gospodica-iz-maxima\/\">GOSPO\u0110ICA IZ MAXIMA<\/a><\/strong><\/td>\n<td width=\"176\"><\/td>\n<\/tr>\n<tr>\n<td width=\"96\">Petak<\/td>\n<td width=\"93\"><strong>17. 6. u 19:30<\/strong><\/td>\n<td width=\"229\">B. Andersson \u2013 B. Ulvaeus &#8211; C. Johnson: <a href=\"http:\/\/www.komedija.hr\/web\/mamma-mia\/\"><strong>MAMMA MIA!<\/strong><\/a><\/td>\n<td width=\"176\"><\/td>\n<\/tr>\n<tr>\n<td width=\"96\">Subota<\/td>\n<td width=\"93\"><strong>18. 6. u 19:30<\/strong><\/td>\n<td width=\"229\">B. Andersson \u2013 B. Ulvaeus &#8211; C. Johnson: <a href=\"http:\/\/www.komedija.hr\/web\/mamma-mia\/\"><strong>MAMMA MIA!<\/strong><\/a><\/td>\n<td width=\"176\"><\/td>\n<\/tr>\n<tr>\n<td width=\"96\">Nedjelja<\/td>\n<td width=\"93\"><strong>19. 6. u 20:00<\/strong><\/td>\n<td width=\"229\">FA Zagreb Markovac:<br \/>\n<strong>Cjelove\u010dernji godi\u0161nji koncert u \u010dast dr. Ivana Ivan\u010dana<\/strong><\/td>\n<td width=\"176\"><\/td>\n<\/tr>\n<tr>\n<td width=\"96\">Ponedjeljak<\/td>\n<td width=\"93\"><strong>20. 6. u 19:30<\/strong><\/td>\n<td width=\"229\">B. Andersson \u2013 B. Ulvaeus &#8211; C. Johnson: <a href=\"http:\/\/www.komedija.hr\/web\/mamma-mia\/\"><strong>MAMMA MIA!<\/strong><\/a><\/td>\n<td width=\"176\"><\/td>\n<\/tr>\n<tr>\n<td width=\"96\">Utorak<\/td>\n<td width=\"93\"><strong>21. 6. u 19:30<\/strong><\/td>\n<td width=\"229\">B. Andersson \u2013 B. Ulvaeus &#8211; C. Johnson: <a href=\"http:\/\/www.komedija.hr\/web\/mamma-mia\/\"><strong>MAMMA MIA!<\/strong><\/a><\/td>\n<td width=\"176\"><\/td>\n<\/tr>\n<tr>\n<td width=\"96\">\u010cetvrtak<\/td>\n<td width=\"93\"><strong>23. 6. u 19:30<\/strong><\/td>\n<td width=\"229\">B. Andersson \u2013 B. Ulvaeus &#8211; C. Johnson: <a href=\"http:\/\/www.komedija.hr\/web\/mamma-mia\/\"><strong>MAMMA MIA!<\/strong><\/a><\/td>\n<td width=\"176\"><\/td>\n<\/tr>\n<tr>\n<td width=\"96\">Petak<\/td>\n<td width=\"93\"><strong>24. 6. u 19:30<\/strong><\/td>\n<td width=\"229\">B. Andersson \u2013 B. Ulvaeus &#8211; C. Johnson: <a href=\"http:\/\/www.komedija.hr\/web\/mamma-mia\/\"><strong>MAMMA MIA!<\/strong><\/a><\/td>\n<td width=\"176\"><\/td>\n<\/tr>\n<tr>\n<td width=\"96\">Ponedjeljak<\/td>\n<td width=\"93\"><strong>27. 6. u 19:30<\/strong><\/td>\n<td width=\"229\">G. Feydeau: <strong><a href=\"http:\/\/www.komedija.hr\/web\/gospodica-iz-maxima\/\">GOSPO\u0110ICA IZ MAXIMA<\/a><\/strong><\/td>\n<td width=\"176\"><\/td>\n<\/tr>\n<tr>\n<td width=\"96\">Utorak<\/td>\n<td width=\"93\"><strong>28. 6. u 19:30<\/strong><\/td>\n<td width=\"229\">C. Durang: <a href=\"http:\/\/www.komedija.hr\/web\/vanja-i-sonja-i-masa-i-jos-jedan\/\"><strong>VANJA I SONJA I MA\u0160A I PICKO<\/strong><\/a><\/td>\n<td width=\"176\"><\/td>\n<\/tr>\n<tr>\n<td width=\"96\">Srijeda<\/td>\n<td width=\"93\"><strong>29. 6. u 19:30<\/strong><\/td>\n<td width=\"229\">G. Feydeau: <strong><a href=\"http:\/\/www.komedija.hr\/web\/gospodica-iz-maxima\/\">GOSPO\u0110ICA IZ MAXIMA<\/a><\/strong><\/td>\n<td width=\"176\"><\/td>\n<\/tr>\n<tr>\n<td width=\"96\">\u010cetvrtak<\/td>\n<td width=\"93\"><strong>30. 6. u 19:30<\/strong><\/td>\n<td width=\"229\">M Mati\u0161i\u0107: <a href=\"http:\/\/www.komedija.hr\/web\/bljesak-zlatnog-zuba\/\"><strong>BLJESAK ZLATNOG ZUBA<\/strong><\/a><\/td>\n<td width=\"176\"><\/td>\n<\/tr>\n<tr>\n<td width=\"96\">Petak<\/td>\n<td width=\"93\"><strong>1.7. u 19:30<\/strong><\/td>\n<td width=\"229\">M Mati\u0161i\u0107: <a href=\"http:\/\/www.komedija.hr\/web\/bljesak-zlatnog-zuba\/\"><strong>BLJESAK ZLATNOG ZUBA<\/strong><\/a><\/td>\n<td width=\"176\"><\/td>\n<\/tr>\n<tr>\n<td width=\"96\">Subota<\/td>\n<td width=\"93\"><strong>2. 7. u 19:30<\/strong><\/td>\n<td width=\"229\">M Mati\u0161i\u0107: <a href=\"http:\/\/www.komedija.hr\/web\/bljesak-zlatnog-zuba\/\"><strong>BLJESAK ZLATNOG ZUBA<\/strong><\/a><\/td>\n<td width=\"176\"><span style=\"color: #ff0000;\">Gostovanje u Zagvozdu<\/span><\/td>\n<\/tr>\n<\/tbody>\n<\/table>\n","protected":false},"excerpt":{"rendered":"<p>TRAVANJ \/ SVIBANJ \/ LIPANJ \/ SRPANJ 2016. Subota 23. 4. u 19:30 B. Andersson \u2013 B. Ulvaeus &#8211; C. Johnson: MAMMA MIA! \u010cetvrtak 28. 4. u 19:30 G. Feydeau: GOSPO\u0110ICA IZ MAXIMA PRETPREMIJERA Petak 29. 4. u 19:30 G. Feydeau: GOSPO\u0110ICA IZ MAXIMA SVE\u010cANA PREMIJERA Subota 30. 4. u 19:30 G. Feydeau: GOSPO\u0110ICA IZ [&hellip;]<\/p>\n","protected":false},"author":4,"featured_media":0,"parent":8,"menu_order":0,"comment_status":"closed","ping_status":"closed","template":"","meta":{"ngg_post_thumbnail":0,"footnotes":""},"class_list":["post-6582","page","type-page","status-publish","hentry"],"yoast_head":"<!-- This site is optimized with the Yoast SEO plugin v27.6 - https:\/\/yoast.com\/product\/yoast-seo-wordpress\/ -->\n<title>travanj-srpanj 2016 - Kazali\u0161te Komedija<\/title>\n<meta name=\"robots\" content=\"index, follow, max-snippet:-1, max-image-preview:large, max-video-preview:-1\" \/>\n<link rel=\"canonical\" href=\"https:\/\/www.komedija.hr\/www\/raspored-predstava\/travanj-2016\/\" \/>\n<meta property=\"og:locale\" content=\"hr_HR\" \/>\n<meta property=\"og:type\" content=\"article\" \/>\n<meta property=\"og:title\" content=\"travanj-srpanj 2016 - Kazali\u0161te Komedija\" \/>\n<meta property=\"og:description\" content=\"TRAVANJ \/ SVIBANJ \/ LIPANJ \/ SRPANJ 2016. Subota 23. 4. u 19:30 B. Andersson \u2013 B. Ulvaeus &#8211; C. Johnson: MAMMA MIA! \u010cetvrtak 28. 4. u 19:30 G. Feydeau: GOSPO\u0110ICA IZ MAXIMA PRETPREMIJERA Petak 29. 4. u 19:30 G. Feydeau: GOSPO\u0110ICA IZ MAXIMA SVE\u010cANA PREMIJERA Subota 30. 4. u 19:30 G. Feydeau: GOSPO\u0110ICA IZ [&hellip;]\" \/>\n<meta property=\"og:url\" content=\"https:\/\/www.komedija.hr\/www\/raspored-predstava\/travanj-2016\/\" \/>\n<meta property=\"og:site_name\" content=\"Kazali\u0161te Komedija\" \/>\n<meta property=\"article:publisher\" content=\"https:\/\/www.facebook.com\/kazaliste.komedija\/\" \/>\n<meta property=\"article:modified_time\" content=\"2016-09-11T20:23:10+00:00\" \/>\n<meta name=\"twitter:card\" content=\"summary_large_image\" \/>\n<meta name=\"twitter:site\" content=\"@KKomedija\" \/>\n<meta name=\"twitter:label1\" content=\"Procijenjeno vrijeme \u010ditanja\" \/>\n\t<meta name=\"twitter:data1\" content=\"3 minute\" \/>\n<script type=\"application\/ld+json\" class=\"yoast-schema-graph\">{\"@context\":\"https:\\\/\\\/schema.org\",\"@graph\":[{\"@type\":\"WebPage\",\"@id\":\"https:\\\/\\\/www.komedija.hr\\\/www\\\/raspored-predstava\\\/travanj-2016\\\/\",\"url\":\"https:\\\/\\\/www.komedija.hr\\\/www\\\/raspored-predstava\\\/travanj-2016\\\/\",\"name\":\"travanj-srpanj 2016 - Kazali\u0161te Komedija\",\"isPartOf\":{\"@id\":\"http:\\\/\\\/www.komedija.hr\\\/www\\\/#website\"},\"datePublished\":\"2016-04-25T06:58:37+00:00\",\"dateModified\":\"2016-09-11T20:23:10+00:00\",\"breadcrumb\":{\"@id\":\"https:\\\/\\\/www.komedija.hr\\\/www\\\/raspored-predstava\\\/travanj-2016\\\/#breadcrumb\"},\"inLanguage\":\"hr\",\"potentialAction\":[{\"@type\":\"ReadAction\",\"target\":[\"https:\\\/\\\/www.komedija.hr\\\/www\\\/raspored-predstava\\\/travanj-2016\\\/\"]}]},{\"@type\":\"BreadcrumbList\",\"@id\":\"https:\\\/\\\/www.komedija.hr\\\/www\\\/raspored-predstava\\\/travanj-2016\\\/#breadcrumb\",\"itemListElement\":[{\"@type\":\"ListItem\",\"position\":1,\"name\":\"Po\u010detna stranica\",\"item\":\"http:\\\/\\\/www.komedija.hr\\\/www\\\/\"},{\"@type\":\"ListItem\",\"position\":2,\"name\":\"Raspored predstava\",\"item\":\"https:\\\/\\\/www.komedija.hr\\\/www\\\/raspored-predstava\\\/\"},{\"@type\":\"ListItem\",\"position\":3,\"name\":\"travanj-srpanj 2016\"}]},{\"@type\":\"WebSite\",\"@id\":\"http:\\\/\\\/www.komedija.hr\\\/www\\\/#website\",\"url\":\"http:\\\/\\\/www.komedija.hr\\\/www\\\/\",\"name\":\"Kazali\u0161te Komedija\",\"description\":\"\",\"publisher\":{\"@id\":\"http:\\\/\\\/www.komedija.hr\\\/www\\\/#organization\"},\"potentialAction\":[{\"@type\":\"SearchAction\",\"target\":{\"@type\":\"EntryPoint\",\"urlTemplate\":\"http:\\\/\\\/www.komedija.hr\\\/www\\\/?s={search_term_string}\"},\"query-input\":{\"@type\":\"PropertyValueSpecification\",\"valueRequired\":true,\"valueName\":\"search_term_string\"}}],\"inLanguage\":\"hr\"},{\"@type\":\"Organization\",\"@id\":\"http:\\\/\\\/www.komedija.hr\\\/www\\\/#organization\",\"name\":\"Zagreba\u010dko gradsko Kazali\u0161ta Komedija\",\"url\":\"http:\\\/\\\/www.komedija.hr\\\/www\\\/\",\"logo\":{\"@type\":\"ImageObject\",\"inLanguage\":\"hr\",\"@id\":\"http:\\\/\\\/www.komedija.hr\\\/www\\\/#\\\/schema\\\/logo\\\/image\\\/\",\"url\":\"https:\\\/\\\/www.komedija.hr\\\/www\\\/wp-content\\\/uploads\\\/2020\\\/02\\\/cropped-Kazaliste_Komedija_logo_2.png\",\"contentUrl\":\"https:\\\/\\\/www.komedija.hr\\\/www\\\/wp-content\\\/uploads\\\/2020\\\/02\\\/cropped-Kazaliste_Komedija_logo_2.png\",\"width\":512,\"height\":512,\"caption\":\"Zagreba\u010dko gradsko Kazali\u0161ta Komedija\"},\"image\":{\"@id\":\"http:\\\/\\\/www.komedija.hr\\\/www\\\/#\\\/schema\\\/logo\\\/image\\\/\"},\"sameAs\":[\"https:\\\/\\\/www.facebook.com\\\/kazaliste.komedija\\\/\",\"https:\\\/\\\/x.com\\\/KKomedija\",\"https:\\\/\\\/www.instagram.com\\\/kazaliste_komedija\\\/\",\"https:\\\/\\\/www.youtube.com\\\/channel\\\/UC1NcapMYUXJW3miW_oPxT5w\\\/videos\"]}]}<\/script>\n<!-- \/ Yoast SEO plugin. -->","yoast_head_json":{"title":"travanj-srpanj 2016 - Kazali\u0161te Komedija","robots":{"index":"index","follow":"follow","max-snippet":"max-snippet:-1","max-image-preview":"max-image-preview:large","max-video-preview":"max-video-preview:-1"},"canonical":"https:\/\/www.komedija.hr\/www\/raspored-predstava\/travanj-2016\/","og_locale":"hr_HR","og_type":"article","og_title":"travanj-srpanj 2016 - Kazali\u0161te Komedija","og_description":"TRAVANJ \/ SVIBANJ \/ LIPANJ \/ SRPANJ 2016. Subota 23. 4. u 19:30 B. Andersson \u2013 B. Ulvaeus &#8211; C. Johnson: MAMMA MIA! \u010cetvrtak 28. 4. u 19:30 G. Feydeau: GOSPO\u0110ICA IZ MAXIMA PRETPREMIJERA Petak 29. 4. u 19:30 G. Feydeau: GOSPO\u0110ICA IZ MAXIMA SVE\u010cANA PREMIJERA Subota 30. 4. u 19:30 G. Feydeau: GOSPO\u0110ICA IZ [&hellip;]","og_url":"https:\/\/www.komedija.hr\/www\/raspored-predstava\/travanj-2016\/","og_site_name":"Kazali\u0161te Komedija","article_publisher":"https:\/\/www.facebook.com\/kazaliste.komedija\/","article_modified_time":"2016-09-11T20:23:10+00:00","twitter_card":"summary_large_image","twitter_site":"@KKomedija","twitter_misc":{"Procijenjeno vrijeme \u010ditanja":"3 minute"},"schema":{"@context":"https:\/\/schema.org","@graph":[{"@type":"WebPage","@id":"https:\/\/www.komedija.hr\/www\/raspored-predstava\/travanj-2016\/","url":"https:\/\/www.komedija.hr\/www\/raspored-predstava\/travanj-2016\/","name":"travanj-srpanj 2016 - Kazali\u0161te Komedija","isPartOf":{"@id":"http:\/\/www.komedija.hr\/www\/#website"},"datePublished":"2016-04-25T06:58:37+00:00","dateModified":"2016-09-11T20:23:10+00:00","breadcrumb":{"@id":"https:\/\/www.komedija.hr\/www\/raspored-predstava\/travanj-2016\/#breadcrumb"},"inLanguage":"hr","potentialAction":[{"@type":"ReadAction","target":["https:\/\/www.komedija.hr\/www\/raspored-predstava\/travanj-2016\/"]}]},{"@type":"BreadcrumbList","@id":"https:\/\/www.komedija.hr\/www\/raspored-predstava\/travanj-2016\/#breadcrumb","itemListElement":[{"@type":"ListItem","position":1,"name":"Po\u010detna stranica","item":"http:\/\/www.komedija.hr\/www\/"},{"@type":"ListItem","position":2,"name":"Raspored predstava","item":"https:\/\/www.komedija.hr\/www\/raspored-predstava\/"},{"@type":"ListItem","position":3,"name":"travanj-srpanj 2016"}]},{"@type":"WebSite","@id":"http:\/\/www.komedija.hr\/www\/#website","url":"http:\/\/www.komedija.hr\/www\/","name":"Kazali\u0161te Komedija","description":"","publisher":{"@id":"http:\/\/www.komedija.hr\/www\/#organization"},"potentialAction":[{"@type":"SearchAction","target":{"@type":"EntryPoint","urlTemplate":"http:\/\/www.komedija.hr\/www\/?s={search_term_string}"},"query-input":{"@type":"PropertyValueSpecification","valueRequired":true,"valueName":"search_term_string"}}],"inLanguage":"hr"},{"@type":"Organization","@id":"http:\/\/www.komedija.hr\/www\/#organization","name":"Zagreba\u010dko gradsko Kazali\u0161ta Komedija","url":"http:\/\/www.komedija.hr\/www\/","logo":{"@type":"ImageObject","inLanguage":"hr","@id":"http:\/\/www.komedija.hr\/www\/#\/schema\/logo\/image\/","url":"https:\/\/www.komedija.hr\/www\/wp-content\/uploads\/2020\/02\/cropped-Kazaliste_Komedija_logo_2.png","contentUrl":"https:\/\/www.komedija.hr\/www\/wp-content\/uploads\/2020\/02\/cropped-Kazaliste_Komedija_logo_2.png","width":512,"height":512,"caption":"Zagreba\u010dko gradsko Kazali\u0161ta Komedija"},"image":{"@id":"http:\/\/www.komedija.hr\/www\/#\/schema\/logo\/image\/"},"sameAs":["https:\/\/www.facebook.com\/kazaliste.komedija\/","https:\/\/x.com\/KKomedija","https:\/\/www.instagram.com\/kazaliste_komedija\/","https:\/\/www.youtube.com\/channel\/UC1NcapMYUXJW3miW_oPxT5w\/videos"]}]}},"_links":{"self":[{"href":"https:\/\/www.komedija.hr\/www\/wp-json\/wp\/v2\/pages\/6582","targetHints":{"allow":["GET"]}}],"collection":[{"href":"https:\/\/www.komedija.hr\/www\/wp-json\/wp\/v2\/pages"}],"about":[{"href":"https:\/\/www.komedija.hr\/www\/wp-json\/wp\/v2\/types\/page"}],"author":[{"embeddable":true,"href":"https:\/\/www.komedija.hr\/www\/wp-json\/wp\/v2\/users\/4"}],"replies":[{"embeddable":true,"href":"https:\/\/www.komedija.hr\/www\/wp-json\/wp\/v2\/comments?post=6582"}],"version-history":[{"count":0,"href":"https:\/\/www.komedija.hr\/www\/wp-json\/wp\/v2\/pages\/6582\/revisions"}],"up":[{"embeddable":true,"href":"https:\/\/www.komedija.hr\/www\/wp-json\/wp\/v2\/pages\/8"}],"wp:attachment":[{"href":"https:\/\/www.komedija.hr\/www\/wp-json\/wp\/v2\/media?parent=6582"}],"curies":[{"name":"wp","href":"https:\/\/api.w.org\/{rel}","templated":true}]}}