{"id":6909,"date":"2016-08-10T11:14:55","date_gmt":"2016-08-10T09:14:55","guid":{"rendered":"http:\/\/www.komedija.hr\/www\/?page_id=6909"},"modified":"2023-09-06T13:58:47","modified_gmt":"2023-09-06T11:58:47","slug":"bila-je-deveta","status":"publish","type":"page","link":"https:\/\/www.komedija.hr\/www\/arhiva-predstava\/bila-je-deveta\/","title":{"rendered":"NIJE BILA PETA, BILA JE DEVETA"},"content":{"rendered":"<p><em><a href=\"http:\/\/www.ulaznice.hr\/web\/ctl_evt.jsp?act=priredbe&amp;p=t&amp;t=8\"><img decoding=\"async\" src=\"http:\/\/www.komedija.hr\/www\/images\/button_kupi.gif\"><\/a><\/em><\/p>\n<p><em>Aldo Nicolaj: NIJE BILA PETA, BILA JE DEVETA, komedija<br \/>\n(Naslov originala: Non era la quinta, era la nona)<\/em><\/p>\n<div style=\"text-algn:left\"><span style=\"display:inline-block;text-align:center;\"><iframe allow=\"autoplay\" class=\"youtube_embed_iframe\"    allowFullScreen=\"true\" style=\"width:640px; height:360px\" src=\"https:\/\/www.youtube.com\/embed\/sSV3tG_d9og?autoplay=0&theme=dark&loop=0&fs=1&showinfo=1&modestbranding=0&iv_load_policy=3&color=red&autohide=1&disablekb=0&enablejsapi=1&version=3\"><\/iframe><\/span><\/div>\n<p>Prijevod: Ivo Juri\u0161a<br \/>\nRedatelj: Damir Ma\u0111ari\u0107<br \/>\nScenografkinja: Marta Crnobrnja<br \/>\nKostimografkinja: Marija \u0160ari\u0107 Ban<br \/>\nAutor glazbe: <a href=\"http:\/\/www.komedija.hr\/www\/ansambl-2\/dirigenti\/appelt-dinko\/\">Dinko Appelt<\/a><\/p>\n<p>Uloge:<br \/>\nEva: <a href=\"http:\/\/www.komedija.hr\/www\/ansambl-2\/glumci\/elegovic-mila\/\"><strong>Mila Elegovi\u0107<\/strong><br \/>\n<\/a>Bruno: <a href=\"http:\/\/www.komedija.hr\/www\/ansambl-2\/glumci\/mesin-igor\/\"><strong>Igor Me\u0161in<\/strong><br \/>\n<\/a>Mario: <a href=\"http:\/\/www.komedija.hr\/www\/ansambl-2\/glumci\/ozbolt-zlatko\/\"><strong>Zlatko O\u017ebolt<\/strong><\/a><\/p>\n<p>Komedija premijerno postavlja tekst suvremenog talijanskog dramati\u010dara rumunjskog porijekla Alde Nicolaja, autora tridesetak kazali\u0161nih i televizijskih djela podjednako rado igranih u autorovoj domovini kao i drugim europskim zemljama. Rije\u010d je o jednoj od njegovih najuspje\u0161nijih komedija \u2013 dinami\u010dnoj ljubavnoj zavrzlami s ljubavnim trokutom i zlo\u010dinom u sredi\u0161tu u kojoj do izra\u017eaja dolazi autorov smisao za crni humor, grotesku i brojne paradoksalne komi\u010dne situacije.<\/p>\n<p>ngg_shortcode_0_placeholder<em>Gdjegod se pojavi \u201cljupka a\u017edaja\u201d Eva, mu\u0161karci zaboravljaju na svoju pamet i postaju nemo\u0107ne marionete.To iskustvo prolazi i Bruno, ambiciozni prevoditelj koji je svoju slobodu volio sve do dana kada mu na pla\u017ei pri\u0111e atraktivna Eva. Jedan poljubac dovoljan je da Bruno postane zaslijepljen od ljubavi prema toj \u017eeni. Ona je razorna prirodna pojava, kada voli,voli apsolutno. Nakon \u0161to je Eva na glavu okrene Brunin stan, u\u010dini to i sa njegovim \u017eivotom, tra\u017ee\u0107i novi dokaz ljubavi\u2026<\/em><\/p>\n<p>Sve\u010dana premijera: 11. studenog 2016.<\/p>\n<p>Trajanje: oko sat i pol; nema glumci<\/p>\n","protected":false},"excerpt":{"rendered":"<p>Aldo Nicolaj: NIJE BILA PETA, BILA JE DEVETA, komedija (Naslov originala: Non era la quinta, era la nona) Prijevod: Ivo Juri\u0161a Redatelj: Damir Ma\u0111ari\u0107 Scenografkinja: Marta Crnobrnja Kostimografkinja: Marija \u0160ari\u0107 Ban Autor glazbe: Dinko Appelt Uloge: Eva: Mila Elegovi\u0107 Bruno: Igor Me\u0161in Mario: Zlatko O\u017ebolt Komedija premijerno postavlja tekst suvremenog talijanskog dramati\u010dara rumunjskog porijekla Alde [&hellip;]<\/p>\n","protected":false},"author":4,"featured_media":8587,"parent":1659,"menu_order":0,"comment_status":"closed","ping_status":"closed","template":"","meta":{"ngg_post_thumbnail":0,"footnotes":""},"class_list":["post-6909","page","type-page","status-publish","has-post-thumbnail","hentry"],"yoast_head":"<!-- This site is optimized with the Yoast SEO plugin v27.4 - https:\/\/yoast.com\/product\/yoast-seo-wordpress\/ -->\n<title>NIJE BILA PETA, BILA JE DEVETA - Kazali\u0161te Komedija<\/title>\n<meta name=\"robots\" content=\"index, follow, max-snippet:-1, max-image-preview:large, max-video-preview:-1\" \/>\n<link rel=\"canonical\" href=\"https:\/\/www.komedija.hr\/www\/arhiva-predstava\/bila-je-deveta\/\" \/>\n<meta property=\"og:locale\" content=\"hr_HR\" \/>\n<meta property=\"og:type\" content=\"article\" \/>\n<meta property=\"og:title\" content=\"NIJE BILA PETA, BILA JE DEVETA - Kazali\u0161te Komedija\" \/>\n<meta property=\"og:description\" content=\"Aldo Nicolaj: NIJE BILA PETA, BILA JE DEVETA, komedija (Naslov originala: Non era la quinta, era la nona) Prijevod: Ivo Juri\u0161a Redatelj: Damir Ma\u0111ari\u0107 Scenografkinja: Marta Crnobrnja Kostimografkinja: Marija \u0160ari\u0107 Ban Autor glazbe: Dinko Appelt Uloge: Eva: Mila Elegovi\u0107 Bruno: Igor Me\u0161in Mario: Zlatko O\u017ebolt Komedija premijerno postavlja tekst suvremenog talijanskog dramati\u010dara rumunjskog porijekla Alde [&hellip;]\" \/>\n<meta property=\"og:url\" content=\"https:\/\/www.komedija.hr\/www\/arhiva-predstava\/bila-je-deveta\/\" \/>\n<meta property=\"og:site_name\" content=\"Kazali\u0161te Komedija\" \/>\n<meta property=\"article:publisher\" content=\"https:\/\/www.facebook.com\/kazaliste.komedija\/\" \/>\n<meta property=\"article:modified_time\" content=\"2023-09-06T11:58:47+00:00\" \/>\n<meta property=\"og:image\" content=\"https:\/\/www.komedija.hr\/www\/wp-content\/uploads\/2016\/08\/peta.jpg\" \/>\n\t<meta property=\"og:image:width\" content=\"334\" \/>\n\t<meta property=\"og:image:height\" content=\"450\" \/>\n\t<meta property=\"og:image:type\" content=\"image\/jpeg\" \/>\n<meta name=\"twitter:card\" content=\"summary_large_image\" \/>\n<meta name=\"twitter:site\" content=\"@KKomedija\" \/>\n<meta name=\"twitter:label1\" content=\"Procijenjeno vrijeme \u010ditanja\" \/>\n\t<meta name=\"twitter:data1\" content=\"2 minute\" \/>\n<script type=\"application\/ld+json\" class=\"yoast-schema-graph\">{\"@context\":\"https:\\\/\\\/schema.org\",\"@graph\":[{\"@type\":\"WebPage\",\"@id\":\"https:\\\/\\\/www.komedija.hr\\\/www\\\/arhiva-predstava\\\/bila-je-deveta\\\/\",\"url\":\"https:\\\/\\\/www.komedija.hr\\\/www\\\/arhiva-predstava\\\/bila-je-deveta\\\/\",\"name\":\"NIJE BILA PETA, BILA JE DEVETA - Kazali\u0161te Komedija\",\"isPartOf\":{\"@id\":\"http:\\\/\\\/www.komedija.hr\\\/www\\\/#website\"},\"primaryImageOfPage\":{\"@id\":\"https:\\\/\\\/www.komedija.hr\\\/www\\\/arhiva-predstava\\\/bila-je-deveta\\\/#primaryimage\"},\"image\":{\"@id\":\"https:\\\/\\\/www.komedija.hr\\\/www\\\/arhiva-predstava\\\/bila-je-deveta\\\/#primaryimage\"},\"thumbnailUrl\":\"https:\\\/\\\/www.komedija.hr\\\/www\\\/wp-content\\\/uploads\\\/2016\\\/08\\\/peta.jpg\",\"datePublished\":\"2016-08-10T09:14:55+00:00\",\"dateModified\":\"2023-09-06T11:58:47+00:00\",\"breadcrumb\":{\"@id\":\"https:\\\/\\\/www.komedija.hr\\\/www\\\/arhiva-predstava\\\/bila-je-deveta\\\/#breadcrumb\"},\"inLanguage\":\"hr\",\"potentialAction\":[{\"@type\":\"ReadAction\",\"target\":[\"https:\\\/\\\/www.komedija.hr\\\/www\\\/arhiva-predstava\\\/bila-je-deveta\\\/\"]}]},{\"@type\":\"ImageObject\",\"inLanguage\":\"hr\",\"@id\":\"https:\\\/\\\/www.komedija.hr\\\/www\\\/arhiva-predstava\\\/bila-je-deveta\\\/#primaryimage\",\"url\":\"https:\\\/\\\/www.komedija.hr\\\/www\\\/wp-content\\\/uploads\\\/2016\\\/08\\\/peta.jpg\",\"contentUrl\":\"https:\\\/\\\/www.komedija.hr\\\/www\\\/wp-content\\\/uploads\\\/2016\\\/08\\\/peta.jpg\",\"width\":334,\"height\":450},{\"@type\":\"BreadcrumbList\",\"@id\":\"https:\\\/\\\/www.komedija.hr\\\/www\\\/arhiva-predstava\\\/bila-je-deveta\\\/#breadcrumb\",\"itemListElement\":[{\"@type\":\"ListItem\",\"position\":1,\"name\":\"Po\u010detna stranica\",\"item\":\"http:\\\/\\\/www.komedija.hr\\\/www\\\/\"},{\"@type\":\"ListItem\",\"position\":2,\"name\":\"Arhiva predstava\",\"item\":\"https:\\\/\\\/www.komedija.hr\\\/www\\\/arhiva-predstava\\\/\"},{\"@type\":\"ListItem\",\"position\":3,\"name\":\"NIJE BILA PETA, BILA JE DEVETA\"}]},{\"@type\":\"WebSite\",\"@id\":\"http:\\\/\\\/www.komedija.hr\\\/www\\\/#website\",\"url\":\"http:\\\/\\\/www.komedija.hr\\\/www\\\/\",\"name\":\"Kazali\u0161te Komedija\",\"description\":\"\",\"publisher\":{\"@id\":\"http:\\\/\\\/www.komedija.hr\\\/www\\\/#organization\"},\"potentialAction\":[{\"@type\":\"SearchAction\",\"target\":{\"@type\":\"EntryPoint\",\"urlTemplate\":\"http:\\\/\\\/www.komedija.hr\\\/www\\\/?s={search_term_string}\"},\"query-input\":{\"@type\":\"PropertyValueSpecification\",\"valueRequired\":true,\"valueName\":\"search_term_string\"}}],\"inLanguage\":\"hr\"},{\"@type\":\"Organization\",\"@id\":\"http:\\\/\\\/www.komedija.hr\\\/www\\\/#organization\",\"name\":\"Zagreba\u010dko gradsko Kazali\u0161ta Komedija\",\"url\":\"http:\\\/\\\/www.komedija.hr\\\/www\\\/\",\"logo\":{\"@type\":\"ImageObject\",\"inLanguage\":\"hr\",\"@id\":\"http:\\\/\\\/www.komedija.hr\\\/www\\\/#\\\/schema\\\/logo\\\/image\\\/\",\"url\":\"https:\\\/\\\/www.komedija.hr\\\/www\\\/wp-content\\\/uploads\\\/2020\\\/02\\\/cropped-Kazaliste_Komedija_logo_2.png\",\"contentUrl\":\"https:\\\/\\\/www.komedija.hr\\\/www\\\/wp-content\\\/uploads\\\/2020\\\/02\\\/cropped-Kazaliste_Komedija_logo_2.png\",\"width\":512,\"height\":512,\"caption\":\"Zagreba\u010dko gradsko Kazali\u0161ta Komedija\"},\"image\":{\"@id\":\"http:\\\/\\\/www.komedija.hr\\\/www\\\/#\\\/schema\\\/logo\\\/image\\\/\"},\"sameAs\":[\"https:\\\/\\\/www.facebook.com\\\/kazaliste.komedija\\\/\",\"https:\\\/\\\/x.com\\\/KKomedija\",\"https:\\\/\\\/www.instagram.com\\\/kazaliste_komedija\\\/\",\"https:\\\/\\\/www.youtube.com\\\/channel\\\/UC1NcapMYUXJW3miW_oPxT5w\\\/videos\"]}]}<\/script>\n<!-- \/ Yoast SEO plugin. -->","yoast_head_json":{"title":"NIJE BILA PETA, BILA JE DEVETA - Kazali\u0161te Komedija","robots":{"index":"index","follow":"follow","max-snippet":"max-snippet:-1","max-image-preview":"max-image-preview:large","max-video-preview":"max-video-preview:-1"},"canonical":"https:\/\/www.komedija.hr\/www\/arhiva-predstava\/bila-je-deveta\/","og_locale":"hr_HR","og_type":"article","og_title":"NIJE BILA PETA, BILA JE DEVETA - Kazali\u0161te Komedija","og_description":"Aldo Nicolaj: NIJE BILA PETA, BILA JE DEVETA, komedija (Naslov originala: Non era la quinta, era la nona) Prijevod: Ivo Juri\u0161a Redatelj: Damir Ma\u0111ari\u0107 Scenografkinja: Marta Crnobrnja Kostimografkinja: Marija \u0160ari\u0107 Ban Autor glazbe: Dinko Appelt Uloge: Eva: Mila Elegovi\u0107 Bruno: Igor Me\u0161in Mario: Zlatko O\u017ebolt Komedija premijerno postavlja tekst suvremenog talijanskog dramati\u010dara rumunjskog porijekla Alde [&hellip;]","og_url":"https:\/\/www.komedija.hr\/www\/arhiva-predstava\/bila-je-deveta\/","og_site_name":"Kazali\u0161te Komedija","article_publisher":"https:\/\/www.facebook.com\/kazaliste.komedija\/","article_modified_time":"2023-09-06T11:58:47+00:00","og_image":[{"width":334,"height":450,"url":"https:\/\/www.komedija.hr\/www\/wp-content\/uploads\/2016\/08\/peta.jpg","type":"image\/jpeg"}],"twitter_card":"summary_large_image","twitter_site":"@KKomedija","twitter_misc":{"Procijenjeno vrijeme \u010ditanja":"2 minute"},"schema":{"@context":"https:\/\/schema.org","@graph":[{"@type":"WebPage","@id":"https:\/\/www.komedija.hr\/www\/arhiva-predstava\/bila-je-deveta\/","url":"https:\/\/www.komedija.hr\/www\/arhiva-predstava\/bila-je-deveta\/","name":"NIJE BILA PETA, BILA JE DEVETA - Kazali\u0161te Komedija","isPartOf":{"@id":"http:\/\/www.komedija.hr\/www\/#website"},"primaryImageOfPage":{"@id":"https:\/\/www.komedija.hr\/www\/arhiva-predstava\/bila-je-deveta\/#primaryimage"},"image":{"@id":"https:\/\/www.komedija.hr\/www\/arhiva-predstava\/bila-je-deveta\/#primaryimage"},"thumbnailUrl":"https:\/\/www.komedija.hr\/www\/wp-content\/uploads\/2016\/08\/peta.jpg","datePublished":"2016-08-10T09:14:55+00:00","dateModified":"2023-09-06T11:58:47+00:00","breadcrumb":{"@id":"https:\/\/www.komedija.hr\/www\/arhiva-predstava\/bila-je-deveta\/#breadcrumb"},"inLanguage":"hr","potentialAction":[{"@type":"ReadAction","target":["https:\/\/www.komedija.hr\/www\/arhiva-predstava\/bila-je-deveta\/"]}]},{"@type":"ImageObject","inLanguage":"hr","@id":"https:\/\/www.komedija.hr\/www\/arhiva-predstava\/bila-je-deveta\/#primaryimage","url":"https:\/\/www.komedija.hr\/www\/wp-content\/uploads\/2016\/08\/peta.jpg","contentUrl":"https:\/\/www.komedija.hr\/www\/wp-content\/uploads\/2016\/08\/peta.jpg","width":334,"height":450},{"@type":"BreadcrumbList","@id":"https:\/\/www.komedija.hr\/www\/arhiva-predstava\/bila-je-deveta\/#breadcrumb","itemListElement":[{"@type":"ListItem","position":1,"name":"Po\u010detna stranica","item":"http:\/\/www.komedija.hr\/www\/"},{"@type":"ListItem","position":2,"name":"Arhiva predstava","item":"https:\/\/www.komedija.hr\/www\/arhiva-predstava\/"},{"@type":"ListItem","position":3,"name":"NIJE BILA PETA, BILA JE DEVETA"}]},{"@type":"WebSite","@id":"http:\/\/www.komedija.hr\/www\/#website","url":"http:\/\/www.komedija.hr\/www\/","name":"Kazali\u0161te Komedija","description":"","publisher":{"@id":"http:\/\/www.komedija.hr\/www\/#organization"},"potentialAction":[{"@type":"SearchAction","target":{"@type":"EntryPoint","urlTemplate":"http:\/\/www.komedija.hr\/www\/?s={search_term_string}"},"query-input":{"@type":"PropertyValueSpecification","valueRequired":true,"valueName":"search_term_string"}}],"inLanguage":"hr"},{"@type":"Organization","@id":"http:\/\/www.komedija.hr\/www\/#organization","name":"Zagreba\u010dko gradsko Kazali\u0161ta Komedija","url":"http:\/\/www.komedija.hr\/www\/","logo":{"@type":"ImageObject","inLanguage":"hr","@id":"http:\/\/www.komedija.hr\/www\/#\/schema\/logo\/image\/","url":"https:\/\/www.komedija.hr\/www\/wp-content\/uploads\/2020\/02\/cropped-Kazaliste_Komedija_logo_2.png","contentUrl":"https:\/\/www.komedija.hr\/www\/wp-content\/uploads\/2020\/02\/cropped-Kazaliste_Komedija_logo_2.png","width":512,"height":512,"caption":"Zagreba\u010dko gradsko Kazali\u0161ta Komedija"},"image":{"@id":"http:\/\/www.komedija.hr\/www\/#\/schema\/logo\/image\/"},"sameAs":["https:\/\/www.facebook.com\/kazaliste.komedija\/","https:\/\/x.com\/KKomedija","https:\/\/www.instagram.com\/kazaliste_komedija\/","https:\/\/www.youtube.com\/channel\/UC1NcapMYUXJW3miW_oPxT5w\/videos"]}]}},"_links":{"self":[{"href":"https:\/\/www.komedija.hr\/www\/wp-json\/wp\/v2\/pages\/6909","targetHints":{"allow":["GET"]}}],"collection":[{"href":"https:\/\/www.komedija.hr\/www\/wp-json\/wp\/v2\/pages"}],"about":[{"href":"https:\/\/www.komedija.hr\/www\/wp-json\/wp\/v2\/types\/page"}],"author":[{"embeddable":true,"href":"https:\/\/www.komedija.hr\/www\/wp-json\/wp\/v2\/users\/4"}],"replies":[{"embeddable":true,"href":"https:\/\/www.komedija.hr\/www\/wp-json\/wp\/v2\/comments?post=6909"}],"version-history":[{"count":0,"href":"https:\/\/www.komedija.hr\/www\/wp-json\/wp\/v2\/pages\/6909\/revisions"}],"up":[{"embeddable":true,"href":"https:\/\/www.komedija.hr\/www\/wp-json\/wp\/v2\/pages\/1659"}],"wp:featuredmedia":[{"embeddable":true,"href":"https:\/\/www.komedija.hr\/www\/wp-json\/wp\/v2\/media\/8587"}],"wp:attachment":[{"href":"https:\/\/www.komedija.hr\/www\/wp-json\/wp\/v2\/media?parent=6909"}],"curies":[{"name":"wp","href":"https:\/\/api.w.org\/{rel}","templated":true}]}}